{"id":19399,"date":"2023-07-28T22:21:27","date_gmt":"2023-07-28T19:21:27","guid":{"rendered":"https:\/\/mountainguides.pro\/?post_type=product&#038;p=19399"},"modified":"2026-02-03T13:35:04","modified_gmt":"2026-02-03T10:35:04","slug":"trekking-to-annapurna-bc","status":"publish","type":"product","link":"https:\/\/mountainguides.pro\/pt\/tours\/trekking\/trekking-to-annapurna-bc\/","title":{"rendered":"Trekking no acampamento base de Annapurna"},"content":{"rendered":"","protected":false},"excerpt":{"rendered":"<ul>\n<li class=\"p1\">Oferecemos voo para Pokhara, nada de cansativos trajetos de \u00f4nibus de 9 horas!<\/li>\n<li class=\"p1\">Veremos Annapurna I (8\u202f091 metros), a montanha com a maior taxa de mortalidade<\/li>\n<li class=\"p1\">Conheceremos a cultura das casas de ch\u00e1 do Nepal<\/li>\n<li class=\"p1\">Admiraremos Machapuchare, a famosa montanha com cume em forma de cauda de peixe<\/li>\n<li class=\"p1\">Assistiremos ao nascer do sol com vista para todo o maci\u00e7o de Annapurna no mirante Poon Hill<\/li>\n<li class=\"p1\">Tomaremos banho nas fontes termais em Jhinu<\/li>\n<li class=\"p1\">Observaremos como os locais domesticam abelhas selvagens para coletar mel alucin\u00f3geno<\/li>\n<li class=\"p1\">Passaremos uma inesquec\u00edvel noite rom\u00e2ntica em Pokhara, no lago Phewa<\/li>\n<\/ul>\n<p class=\"p1\">**Ao contr\u00e1rio de outras empresas, o voo interno est\u00e1 inclu\u00eddo<\/p>\n<p class=\"p1\"><strong>Informa\u00e7\u00f5es importantes:<\/strong><\/p>\n<ul>\n<li class=\"p1\">O hor\u00e1rio de check-in e check-out \u00e9 regulado pelo hotel: check-in a partir das 15h, check-out at\u00e9 11-12h. A bagagem pode ser deixada na recep\u00e7\u00e3o do hotel para passear pela cidade, ou, se houver possibilidade t\u00e9cnica, pagar por check-in antecipado\/check-out tardio.<\/li>\n<li class=\"p1\">No Nepal, h\u00e1 dificuldades com a troca de notas pequenas, gastas ou antigas (emitidas at\u00e9 2009), fique atento. Em alguns lugares h\u00e1 taxas extras, em outros a troca \u00e9 recusada.<\/li>\n<\/ul>\n<p>Atente que nossa empresa n\u00e3o oferece servi\u00e7os de compra ou venda de passagens a\u00e9reas e de obten\u00e7\u00e3o de vistos, portanto n\u00e3o se responsabiliza por casos de for\u00e7a maior relacionados a voos ou passagem de fronteiras.<\/p>\n","protected":false},"featured_media":21448,"comment_status":"closed","ping_status":"closed","template":"","meta":{"_acf_changed":false,"footnotes":""},"product_cat":[321],"product_tag":[],"class_list":{"0":"post-19399","1":"product","2":"type-product","3":"status-publish","4":"has-post-thumbnail","6":"product_cat-trekking","8":"first","9":"instock","10":"shipping-taxable","11":"purchasable","12":"product-type-simple"},"acf":[],"yoast_head":"<!-- This site is optimized with the Yoast SEO Premium plugin v26.5 (Yoast SEO v27.3) - https:\/\/yoast.com\/product\/yoast-seo-premium-wordpress\/ -->\n<title>Trekking to Annapurna BC<\/title>\n<meta name=\"robots\" content=\"index, follow, max-snippet:-1, max-image-preview:large, max-video-preview:-1\" \/>\n<link rel=\"canonical\" href=\"https:\/\/mountainguides.pro\/pt\/tours\/trekking\/trekking-to-annapurna-bc\/\" \/>\n<meta property=\"og:locale\" content=\"pt_PT\" \/>\n<meta property=\"og:locale:alternate\" content=\"en_US\" \/>\n<meta property=\"og:locale:alternate\" content=\"ru_RU\" \/>\n<meta property=\"og:locale:alternate\" content=\"de\" \/>\n<meta property=\"og:locale:alternate\" content=\"es\" \/>\n<meta property=\"og:locale:alternate\" content=\"zh\" \/>\n<meta property=\"og:locale:alternate\" content=\"ko\" \/>\n<meta property=\"og:locale:alternate\" content=\"ja\" \/>\n<meta property=\"og:locale:alternate\" content=\"hi\" \/>\n<meta property=\"og:locale:alternate\" content=\"ar\" \/>\n<meta property=\"og:type\" content=\"article\" \/>\n<meta property=\"og:title\" content=\"Trekking no acampamento base de Annapurna\" \/>\n<meta property=\"og:description\" content=\"Oferecemos voo para Pokhara, nada de cansativos trajetos de \u00f4nibus de 9 horas!  Veremos Annapurna I (8\u202f091 metros), a montanha com a maior taxa de mortalidade  Conheceremos a cultura das casas de ch\u00e1 do Nepal  Admiraremos Machapuchare, a famosa montanha com cume em forma de cauda de peixe  Assistiremos ao nascer do sol com vista para todo o maci\u00e7o de Annapurna no mirante Poon Hill  Tomaremos banho nas fontes termais em Jhinu  Observaremos como os locais domesticam abelhas selvagens para coletar mel alucin\u00f3geno  Passaremos uma inesquec\u00edvel noite rom\u00e2ntica em Pokhara, no lago Phewa  **Ao contr\u00e1rio de outras empresas, o voo interno est\u00e1 inclu\u00eddo Informa\u00e7\u00f5es importantes:    O hor\u00e1rio de check-in e check-out \u00e9 regulado pelo hotel: check-in a partir das 15h, check-out at\u00e9 11-12h. A bagagem pode ser deixada na recep\u00e7\u00e3o do hotel para passear pela cidade, ou, se houver possibilidade t\u00e9cnica, pagar por check-in antecipado\/check-out tardio.  No Nepal, h\u00e1 dificuldades com a troca de notas pequenas, gastas ou antigas (emitidas at\u00e9 2009), fique atento. Em alguns lugares h\u00e1 taxas extras, em outros a troca \u00e9 recusada.  Atente que nossa empresa n\u00e3o oferece servi\u00e7os de compra ou venda de passagens a\u00e9reas e de obten\u00e7\u00e3o de vistos, portanto n\u00e3o se responsabiliza por casos de for\u00e7a maior relacionados a voos ou passagem de fronteiras.\" \/>\n<meta property=\"og:url\" content=\"https:\/\/mountainguides.pro\/pt\/tours\/trekking\/trekking-to-annapurna-bc\/\" \/>\n<meta property=\"og:site_name\" content=\"Mountain Guide\" \/>\n<meta property=\"article:publisher\" content=\"https:\/\/www.facebook.com\/Mountainguide-232956566756831\/\" \/>\n<meta property=\"article:modified_time\" content=\"2026-02-03T10:35:04+00:00\" \/>\n<meta property=\"og:image\" content=\"https:\/\/mountainguides.pro\/wp-content\/uploads\/2023\/07\/trekking-k-bazovomu-lageryu-annapurny-31.jpeg\" \/>\n\t<meta property=\"og:image:width\" content=\"1800\" \/>\n\t<meta property=\"og:image:height\" content=\"1350\" \/>\n\t<meta property=\"og:image:type\" content=\"image\/jpeg\" \/>\n<meta name=\"twitter:card\" content=\"summary_large_image\" \/>\n<meta name=\"twitter:site\" content=\"@Wintercyclone\" \/>\n<meta name=\"twitter:label1\" content=\"Tempo estimado de leitura\" \/>\n\t<meta name=\"twitter:data1\" content=\"1 minuto\" \/>\n<script type=\"application\/ld+json\" class=\"yoast-schema-graph\">{\"@context\":\"https:\\\/\\\/schema.org\",\"@graph\":[{\"@type\":\"WebPage\",\"@id\":\"https:\\\/\\\/mountainguides.pro\\\/ar\\\/tours\\\/trekking\\\/trekking-to-annapurna-bc\\\/\",\"url\":\"https:\\\/\\\/mountainguides.pro\\\/ar\\\/tours\\\/trekking\\\/trekking-to-annapurna-bc\\\/\",\"name\":\"Trekking to Annapurna BC\",\"isPartOf\":{\"@id\":\"https:\\\/\\\/mountainguides.pro\\\/#website\"},\"primaryImageOfPage\":{\"@id\":\"https:\\\/\\\/mountainguides.pro\\\/ar\\\/tours\\\/trekking\\\/trekking-to-annapurna-bc\\\/#primaryimage\"},\"image\":{\"@id\":\"https:\\\/\\\/mountainguides.pro\\\/ar\\\/tours\\\/trekking\\\/trekking-to-annapurna-bc\\\/#primaryimage\"},\"thumbnailUrl\":\"https:\\\/\\\/mountainguides.pro\\\/wp-content\\\/uploads\\\/2023\\\/07\\\/trekking-k-bazovomu-lageryu-annapurny-31.jpeg\",\"datePublished\":\"2023-07-28T19:21:27+00:00\",\"dateModified\":\"2026-02-03T10:35:04+00:00\",\"breadcrumb\":{\"@id\":\"https:\\\/\\\/mountainguides.pro\\\/ar\\\/tours\\\/trekking\\\/trekking-to-annapurna-bc\\\/#breadcrumb\"},\"inLanguage\":\"pt\",\"potentialAction\":[{\"@type\":\"ReadAction\",\"target\":[\"https:\\\/\\\/mountainguides.pro\\\/ar\\\/tours\\\/trekking\\\/trekking-to-annapurna-bc\\\/\"]}]},{\"@type\":\"ImageObject\",\"inLanguage\":\"pt\",\"@id\":\"https:\\\/\\\/mountainguides.pro\\\/ar\\\/tours\\\/trekking\\\/trekking-to-annapurna-bc\\\/#primaryimage\",\"url\":\"https:\\\/\\\/mountainguides.pro\\\/wp-content\\\/uploads\\\/2023\\\/07\\\/trekking-k-bazovomu-lageryu-annapurny-31.jpeg\",\"contentUrl\":\"https:\\\/\\\/mountainguides.pro\\\/wp-content\\\/uploads\\\/2023\\\/07\\\/trekking-k-bazovomu-lageryu-annapurny-31.jpeg\",\"width\":1800,\"height\":1350},{\"@type\":\"BreadcrumbList\",\"@id\":\"https:\\\/\\\/mountainguides.pro\\\/ar\\\/tours\\\/trekking\\\/trekking-to-annapurna-bc\\\/#breadcrumb\",\"itemListElement\":[{\"@type\":\"ListItem\",\"position\":1,\"name\":\"Home\",\"item\":\"https:\\\/\\\/mountainguides.pro\\\/de\\\/\"},{\"@type\":\"ListItem\",\"position\":2,\"name\":\"\u0623\u0646\u0627\u0628\u0648\u0631\u0646\u0627 \u0642\u0627\u0639\u062f\u0629 \u0645\u062e\u064a\u0645 \u0627\u0644\u0631\u062d\u0644\u0627\u062a\"}]},{\"@type\":\"WebSite\",\"@id\":\"https:\\\/\\\/mountainguides.pro\\\/#website\",\"url\":\"https:\\\/\\\/mountainguides.pro\\\/\",\"name\":\"Mountain Guide\",\"description\":\"We aspire to be the first in everything!\",\"publisher\":{\"@id\":\"https:\\\/\\\/mountainguides.pro\\\/#organization\"},\"potentialAction\":[{\"@type\":\"SearchAction\",\"target\":{\"@type\":\"EntryPoint\",\"urlTemplate\":\"https:\\\/\\\/mountainguides.pro\\\/?s={search_term_string}\"},\"query-input\":{\"@type\":\"PropertyValueSpecification\",\"valueRequired\":true,\"valueName\":\"search_term_string\"}}],\"inLanguage\":\"pt\"},{\"@type\":\"Organization\",\"@id\":\"https:\\\/\\\/mountainguides.pro\\\/#organization\",\"name\":\"Mountain Guide\",\"url\":\"https:\\\/\\\/mountainguides.pro\\\/\",\"logo\":{\"@type\":\"ImageObject\",\"inLanguage\":\"pt\",\"@id\":\"https:\\\/\\\/mountainguides.pro\\\/#\\\/schema\\\/logo\\\/image\\\/\",\"url\":\"https:\\\/\\\/mountainguides.pro\\\/wp-content\\\/uploads\\\/2018\\\/01\\\/mglogo.jpg\",\"contentUrl\":\"https:\\\/\\\/mountainguides.pro\\\/wp-content\\\/uploads\\\/2018\\\/01\\\/mglogo.jpg\",\"width\":1200,\"height\":630,\"caption\":\"Mountain Guide\"},\"image\":{\"@id\":\"https:\\\/\\\/mountainguides.pro\\\/#\\\/schema\\\/logo\\\/image\\\/\"},\"sameAs\":[\"https:\\\/\\\/www.facebook.com\\\/Mountainguide-232956566756831\\\/\",\"https:\\\/\\\/x.com\\\/Wintercyclone\",\"http:\\\/\\\/instagram.com\\\/mountainguide\",\"http:\\\/\\\/www.youtube.com\\\/mountainguide\"]}]}<\/script>\n<!-- \/ Yoast SEO Premium plugin. -->","yoast_head_json":{"title":"Trekking to Annapurna BC","robots":{"index":"index","follow":"follow","max-snippet":"max-snippet:-1","max-image-preview":"max-image-preview:large","max-video-preview":"max-video-preview:-1"},"canonical":"https:\/\/mountainguides.pro\/pt\/tours\/trekking\/trekking-to-annapurna-bc\/","og_locale":"pt_PT","og_type":"article","og_title":"[:en]Trekking to Annapurna BC[:de]Trekking zum Basislager von Annapurna[:es]Trekking al campamento base de Annapurna[:pt]Trekking no acampamento base de Annapurna[:zh]\u5f92\u6b65\u524d\u5f80\u5b89\u7eb3\u5e03\u5c14\u7eb3\u5cf0\u5927\u672c\u8425[:ko]\uc548\ub098\ud478\ub974\ub098 \ubca0\uc774\uc2a4 \ucea0\ud504 \ud2b8\ub808\ud0b9[:ja]\u30a2\u30f3\u30ca\u30d7\u30eb\u30ca\u30d9\u30fc\u30b9\u30ad\u30e3\u30f3\u30d7\u30c8\u30ec\u30c3\u30ad\u30f3\u30b0[:hi]\u0905\u0928\u094d\u0928\u092a\u0942\u0930\u094d\u0923\u093e \u0906\u0927\u093e\u0930 \u0936\u093f\u0935\u093f\u0930 \u091f\u094d\u0930\u0947\u0915\u093f\u0902\u0917[:ar]\u0623\u0646\u0627\u0628\u0648\u0631\u0646\u0627 \u0642\u0627\u0639\u062f\u0629 \u0645\u062e\u064a\u0645 \u0627\u0644\u0631\u062d\u0644\u0627\u062a[:]","og_description":"Oferecemos voo para Pokhara, nada de cansativos trajetos de \u00f4nibus de 9 horas!  Veremos Annapurna I (8\u202f091 metros), a montanha com a maior taxa de mortalidade  Conheceremos a cultura das casas de ch\u00e1 do Nepal  Admiraremos Machapuchare, a famosa montanha com cume em forma de cauda de peixe  Assistiremos ao nascer do sol com vista para todo o maci\u00e7o de Annapurna no mirante Poon Hill  Tomaremos banho nas fontes termais em Jhinu  Observaremos como os locais domesticam abelhas selvagens para coletar mel alucin\u00f3geno  Passaremos uma inesquec\u00edvel noite rom\u00e2ntica em Pokhara, no lago Phewa  **Ao contr\u00e1rio de outras empresas, o voo interno est\u00e1 inclu\u00eddo Informa\u00e7\u00f5es importantes:    O hor\u00e1rio de check-in e check-out \u00e9 regulado pelo hotel: check-in a partir das 15h, check-out at\u00e9 11-12h. A bagagem pode ser deixada na recep\u00e7\u00e3o do hotel para passear pela cidade, ou, se houver possibilidade t\u00e9cnica, pagar por check-in antecipado\/check-out tardio.  No Nepal, h\u00e1 dificuldades com a troca de notas pequenas, gastas ou antigas (emitidas at\u00e9 2009), fique atento. Em alguns lugares h\u00e1 taxas extras, em outros a troca \u00e9 recusada.  Atente que nossa empresa n\u00e3o oferece servi\u00e7os de compra ou venda de passagens a\u00e9reas e de obten\u00e7\u00e3o de vistos, portanto n\u00e3o se responsabiliza por casos de for\u00e7a maior relacionados a voos ou passagem de fronteiras.","og_url":"https:\/\/mountainguides.pro\/pt\/tours\/trekking\/trekking-to-annapurna-bc\/","og_site_name":"Mountain Guide","article_publisher":"https:\/\/www.facebook.com\/Mountainguide-232956566756831\/","article_modified_time":"2026-02-03T10:35:04+00:00","og_image":[{"width":1800,"height":1350,"url":"https:\/\/mountainguides.pro\/wp-content\/uploads\/2023\/07\/trekking-k-bazovomu-lageryu-annapurny-31.jpeg","type":"image\/jpeg"}],"twitter_card":"summary_large_image","twitter_site":"@Wintercyclone","twitter_misc":{"Tempo estimado de leitura":"1 minuto"},"schema":{"@context":"https:\/\/schema.org","@graph":[{"@type":"WebPage","@id":"https:\/\/mountainguides.pro\/ar\/tours\/trekking\/trekking-to-annapurna-bc\/","url":"https:\/\/mountainguides.pro\/ar\/tours\/trekking\/trekking-to-annapurna-bc\/","name":"Trekking to Annapurna BC","isPartOf":{"@id":"https:\/\/mountainguides.pro\/#website"},"primaryImageOfPage":{"@id":"https:\/\/mountainguides.pro\/ar\/tours\/trekking\/trekking-to-annapurna-bc\/#primaryimage"},"image":{"@id":"https:\/\/mountainguides.pro\/ar\/tours\/trekking\/trekking-to-annapurna-bc\/#primaryimage"},"thumbnailUrl":"https:\/\/mountainguides.pro\/wp-content\/uploads\/2023\/07\/trekking-k-bazovomu-lageryu-annapurny-31.jpeg","datePublished":"2023-07-28T19:21:27+00:00","dateModified":"2026-02-03T10:35:04+00:00","breadcrumb":{"@id":"https:\/\/mountainguides.pro\/ar\/tours\/trekking\/trekking-to-annapurna-bc\/#breadcrumb"},"inLanguage":"pt","potentialAction":[{"@type":"ReadAction","target":["https:\/\/mountainguides.pro\/ar\/tours\/trekking\/trekking-to-annapurna-bc\/"]}]},{"@type":"ImageObject","inLanguage":"pt","@id":"https:\/\/mountainguides.pro\/ar\/tours\/trekking\/trekking-to-annapurna-bc\/#primaryimage","url":"https:\/\/mountainguides.pro\/wp-content\/uploads\/2023\/07\/trekking-k-bazovomu-lageryu-annapurny-31.jpeg","contentUrl":"https:\/\/mountainguides.pro\/wp-content\/uploads\/2023\/07\/trekking-k-bazovomu-lageryu-annapurny-31.jpeg","width":1800,"height":1350},{"@type":"BreadcrumbList","@id":"https:\/\/mountainguides.pro\/ar\/tours\/trekking\/trekking-to-annapurna-bc\/#breadcrumb","itemListElement":[{"@type":"ListItem","position":1,"name":"Home","item":"https:\/\/mountainguides.pro\/de\/"},{"@type":"ListItem","position":2,"name":"\u0623\u0646\u0627\u0628\u0648\u0631\u0646\u0627 \u0642\u0627\u0639\u062f\u0629 \u0645\u062e\u064a\u0645 \u0627\u0644\u0631\u062d\u0644\u0627\u062a"}]},{"@type":"WebSite","@id":"https:\/\/mountainguides.pro\/#website","url":"https:\/\/mountainguides.pro\/","name":"Mountain Guide","description":"We aspire to be the first in everything!","publisher":{"@id":"https:\/\/mountainguides.pro\/#organization"},"potentialAction":[{"@type":"SearchAction","target":{"@type":"EntryPoint","urlTemplate":"https:\/\/mountainguides.pro\/?s={search_term_string}"},"query-input":{"@type":"PropertyValueSpecification","valueRequired":true,"valueName":"search_term_string"}}],"inLanguage":"pt"},{"@type":"Organization","@id":"https:\/\/mountainguides.pro\/#organization","name":"Mountain Guide","url":"https:\/\/mountainguides.pro\/","logo":{"@type":"ImageObject","inLanguage":"pt","@id":"https:\/\/mountainguides.pro\/#\/schema\/logo\/image\/","url":"https:\/\/mountainguides.pro\/wp-content\/uploads\/2018\/01\/mglogo.jpg","contentUrl":"https:\/\/mountainguides.pro\/wp-content\/uploads\/2018\/01\/mglogo.jpg","width":1200,"height":630,"caption":"Mountain Guide"},"image":{"@id":"https:\/\/mountainguides.pro\/#\/schema\/logo\/image\/"},"sameAs":["https:\/\/www.facebook.com\/Mountainguide-232956566756831\/","https:\/\/x.com\/Wintercyclone","http:\/\/instagram.com\/mountainguide","http:\/\/www.youtube.com\/mountainguide"]}]}},"_links":{"self":[{"href":"https:\/\/mountainguides.pro\/pt\/wp-json\/wp\/v2\/product\/19399","targetHints":{"allow":["GET"]}}],"collection":[{"href":"https:\/\/mountainguides.pro\/pt\/wp-json\/wp\/v2\/product"}],"about":[{"href":"https:\/\/mountainguides.pro\/pt\/wp-json\/wp\/v2\/types\/product"}],"replies":[{"embeddable":true,"href":"https:\/\/mountainguides.pro\/pt\/wp-json\/wp\/v2\/comments?post=19399"}],"version-history":[{"count":13,"href":"https:\/\/mountainguides.pro\/pt\/wp-json\/wp\/v2\/product\/19399\/revisions"}],"predecessor-version":[{"id":32707,"href":"https:\/\/mountainguides.pro\/pt\/wp-json\/wp\/v2\/product\/19399\/revisions\/32707"}],"wp:featuredmedia":[{"embeddable":true,"href":"https:\/\/mountainguides.pro\/pt\/wp-json\/wp\/v2\/media\/21448"}],"wp:attachment":[{"href":"https:\/\/mountainguides.pro\/pt\/wp-json\/wp\/v2\/media?parent=19399"}],"wp:term":[{"taxonomy":"product_cat","embeddable":true,"href":"https:\/\/mountainguides.pro\/pt\/wp-json\/wp\/v2\/product_cat?post=19399"},{"taxonomy":"product_tag","embeddable":true,"href":"https:\/\/mountainguides.pro\/pt\/wp-json\/wp\/v2\/product_tag?post=19399"}],"curies":[{"name":"wp","href":"https:\/\/api.w.org\/{rel}","templated":true}]}}