{"id":19476,"date":"2023-07-29T03:00:26","date_gmt":"2023-07-29T00:00:26","guid":{"rendered":"https:\/\/mountainguides.pro\/?post_type=product&#038;p=19476"},"modified":"2026-04-06T16:08:42","modified_gmt":"2026-04-06T13:08:42","slug":"climb-amadablam","status":"publish","type":"product","link":"https:\/\/mountainguides.pro\/pt\/tours\/climbing\/climb-amadablam\/","title":{"rendered":"Escalada Amadablam"},"content":{"rendered":"","protected":false},"excerpt":{"rendered":"<ul>\n<li class=\"p1\">Dois famosos picos acima de seis mil metros em uma \u00fanica viagem \u2013 n\u00e3o h\u00e1 programas semelhantes no mercado com o mesmo n\u00edvel de servi\u00e7o.<\/li>\n<li class=\"p1\">Excelente aclimata\u00e7\u00e3o no Acampamento Base do Everest (5350 m) e em Kala Patthar (5644 m)<\/li>\n<li class=\"p1\">Alguns de nossos toques exclusivos permitem chegar a um pico de 6000 m quase garantidamente<\/li>\n<li class=\"p1\">N\u00e3o economizamos com nossos clientes: como sempre, os melhores lodges da rota e um excelente hotel em Catmandu<\/li>\n<li class=\"p1\">Vista fant\u00e1stica do Everest, Lhotse, Nuptse, Makalu, Cho Oyu<\/li>\n<li class=\"p1\">Equipe local confi\u00e1vel de carregadores e guias, garantindo que as subidas e a travessia do passo Ampho-Laptse sejam confort\u00e1veis e seguras<\/li>\n<\/ul>\n<p class=\"p1\"><strong>*Aten\u00e7\u00e3o: nossa empresa n\u00e3o atua na compra e venda de passagens a\u00e9reas nem na emiss\u00e3o de vistos, portanto n\u00e3o se responsabiliza por imprevistos relacionados a voos e passagem de fronteiras.<\/strong><\/p>\n<p class=\"p1\"><strong>Informa\u00e7\u00f5es importantes:<\/strong><\/p>\n<ul>\n<li class=\"p1\">O hor\u00e1rio de check-in e check-out \u00e9 definido pelo hotel: check-in a partir das 15h, check-out at\u00e9 11-12h. \u00c9 poss\u00edvel deixar a bagagem na recep\u00e7\u00e3o do hotel para passear pela cidade ou, se houver possibilidade t\u00e9cnica, pagar pelo check-in antecipado\/check-out tardio.<\/li>\n<li class=\"p1\">No Nepal, h\u00e1 dificuldades com a troca de c\u00e9dulas pequenas, desgastadas ou antigas (emitidas at\u00e9 2009). Em alguns lugares, h\u00e1 taxas extras, em outros, recusa na troca.<\/li>\n<li class=\"p1\">Os voos de\/para Lukla frequentemente sofrem atrasos de at\u00e9 um dia, planeje os voos de retorno considerando essa possibilidade.<\/li>\n<\/ul>\n","protected":false},"featured_media":21438,"comment_status":"closed","ping_status":"closed","template":"","meta":{"_acf_changed":false,"footnotes":""},"product_cat":[320],"product_tag":[],"class_list":{"0":"post-19476","1":"product","2":"type-product","3":"status-publish","4":"has-post-thumbnail","6":"product_cat-climbing","8":"first","9":"instock","10":"shipping-taxable","11":"purchasable","12":"product-type-simple"},"acf":[],"yoast_head":"<!-- This site is optimized with the Yoast SEO Premium plugin v26.5 (Yoast SEO v27.3) - https:\/\/yoast.com\/product\/yoast-seo-premium-wordpress\/ -->\n<title>Climb Amadablam<\/title>\n<meta name=\"robots\" content=\"index, follow, max-snippet:-1, max-image-preview:large, max-video-preview:-1\" \/>\n<link rel=\"canonical\" href=\"https:\/\/mountainguides.pro\/pt\/tours\/climbing\/climb-amadablam\/\" \/>\n<meta property=\"og:locale\" content=\"pt_PT\" \/>\n<meta property=\"og:locale:alternate\" content=\"en_US\" \/>\n<meta property=\"og:locale:alternate\" content=\"ru_RU\" \/>\n<meta property=\"og:locale:alternate\" content=\"de\" \/>\n<meta property=\"og:locale:alternate\" content=\"es\" \/>\n<meta property=\"og:locale:alternate\" content=\"zh\" \/>\n<meta property=\"og:locale:alternate\" content=\"ko\" \/>\n<meta property=\"og:locale:alternate\" content=\"ja\" \/>\n<meta property=\"og:locale:alternate\" content=\"hi\" \/>\n<meta property=\"og:locale:alternate\" content=\"ar\" \/>\n<meta property=\"og:type\" content=\"article\" \/>\n<meta property=\"og:title\" content=\"Escalada Amadablam\" \/>\n<meta property=\"og:description\" content=\"Dois famosos picos acima de seis mil metros em uma \u00fanica viagem \u2013 n\u00e3o h\u00e1 programas semelhantes no mercado com o mesmo n\u00edvel de servi\u00e7o.  Excelente aclimata\u00e7\u00e3o no Acampamento Base do Everest (5350 m) e em Kala Patthar (5644 m)  Alguns de nossos toques exclusivos permitem chegar a um pico de 6000 m quase garantidamente  N\u00e3o economizamos com nossos clientes: como sempre, os melhores lodges da rota e um excelente hotel em Catmandu  Vista fant\u00e1stica do Everest, Lhotse, Nuptse, Makalu, Cho Oyu  Equipe local confi\u00e1vel de carregadores e guias, garantindo que as subidas e a travessia do passo Ampho-Laptse sejam confort\u00e1veis e seguras  *Aten\u00e7\u00e3o: nossa empresa n\u00e3o atua na compra e venda de passagens a\u00e9reas nem na emiss\u00e3o de vistos, portanto n\u00e3o se responsabiliza por imprevistos relacionados a voos e passagem de fronteiras. Informa\u00e7\u00f5es importantes:    O hor\u00e1rio de check-in e check-out \u00e9 definido pelo hotel: check-in a partir das 15h, check-out at\u00e9 11-12h. \u00c9 poss\u00edvel deixar a bagagem na recep\u00e7\u00e3o do hotel para passear pela cidade ou, se houver possibilidade t\u00e9cnica, pagar pelo check-in antecipado\/check-out tardio.  No Nepal, h\u00e1 dificuldades com a troca de c\u00e9dulas pequenas, desgastadas ou antigas (emitidas at\u00e9 2009). Em alguns lugares, h\u00e1 taxas extras, em outros, recusa na troca.  Os voos de\/para Lukla frequentemente sofrem atrasos de at\u00e9 um dia, planeje os voos de retorno considerando essa possibilidade.\" \/>\n<meta property=\"og:url\" content=\"https:\/\/mountainguides.pro\/pt\/tours\/climbing\/climb-amadablam\/\" \/>\n<meta property=\"og:site_name\" content=\"Mountain Guide\" \/>\n<meta property=\"article:publisher\" content=\"https:\/\/www.facebook.com\/Mountainguide-232956566756831\/\" \/>\n<meta property=\"article:modified_time\" content=\"2026-04-06T13:08:42+00:00\" \/>\n<meta property=\"og:image\" content=\"https:\/\/mountainguides.pro\/wp-content\/uploads\/2023\/07\/voshozhdenie-na-ajlend-pik-i-mera-pik.jpg\" \/>\n\t<meta property=\"og:image:width\" content=\"1600\" \/>\n\t<meta property=\"og:image:height\" content=\"1200\" \/>\n\t<meta property=\"og:image:type\" content=\"image\/jpeg\" \/>\n<meta name=\"twitter:card\" content=\"summary_large_image\" \/>\n<meta name=\"twitter:site\" content=\"@Wintercyclone\" \/>\n<meta name=\"twitter:label1\" content=\"Tempo estimado de leitura\" \/>\n\t<meta name=\"twitter:data1\" content=\"1 minuto\" \/>\n<script type=\"application\/ld+json\" class=\"yoast-schema-graph\">{\"@context\":\"https:\\\/\\\/schema.org\",\"@graph\":[{\"@type\":\"WebPage\",\"@id\":\"https:\\\/\\\/mountainguides.pro\\\/tours\\\/climbing\\\/climb-amadablam\\\/\",\"url\":\"https:\\\/\\\/mountainguides.pro\\\/tours\\\/climbing\\\/climb-amadablam\\\/\",\"name\":\"Climb Amadablam\",\"isPartOf\":{\"@id\":\"https:\\\/\\\/mountainguides.pro\\\/#website\"},\"primaryImageOfPage\":{\"@id\":\"https:\\\/\\\/mountainguides.pro\\\/tours\\\/climbing\\\/climb-amadablam\\\/#primaryimage\"},\"image\":{\"@id\":\"https:\\\/\\\/mountainguides.pro\\\/tours\\\/climbing\\\/climb-amadablam\\\/#primaryimage\"},\"thumbnailUrl\":\"https:\\\/\\\/mountainguides.pro\\\/wp-content\\\/uploads\\\/2023\\\/07\\\/voshozhdenie-na-ajlend-pik-i-mera-pik.jpg\",\"datePublished\":\"2023-07-29T00:00:26+00:00\",\"dateModified\":\"2026-04-06T13:08:42+00:00\",\"breadcrumb\":{\"@id\":\"https:\\\/\\\/mountainguides.pro\\\/tours\\\/climbing\\\/climb-amadablam\\\/#breadcrumb\"},\"inLanguage\":\"pt\",\"potentialAction\":[{\"@type\":\"ReadAction\",\"target\":[\"https:\\\/\\\/mountainguides.pro\\\/tours\\\/climbing\\\/climb-amadablam\\\/\"]}]},{\"@type\":\"ImageObject\",\"inLanguage\":\"pt\",\"@id\":\"https:\\\/\\\/mountainguides.pro\\\/tours\\\/climbing\\\/climb-amadablam\\\/#primaryimage\",\"url\":\"https:\\\/\\\/mountainguides.pro\\\/wp-content\\\/uploads\\\/2023\\\/07\\\/voshozhdenie-na-ajlend-pik-i-mera-pik.jpg\",\"contentUrl\":\"https:\\\/\\\/mountainguides.pro\\\/wp-content\\\/uploads\\\/2023\\\/07\\\/voshozhdenie-na-ajlend-pik-i-mera-pik.jpg\",\"width\":1600,\"height\":1200},{\"@type\":\"BreadcrumbList\",\"@id\":\"https:\\\/\\\/mountainguides.pro\\\/tours\\\/climbing\\\/climb-amadablam\\\/#breadcrumb\",\"itemListElement\":[{\"@type\":\"ListItem\",\"position\":1,\"name\":\"Home\",\"item\":\"https:\\\/\\\/mountainguides.pro\\\/de\\\/\"},{\"@type\":\"ListItem\",\"position\":2,\"name\":\"Climb Amadablam\"}]},{\"@type\":\"WebSite\",\"@id\":\"https:\\\/\\\/mountainguides.pro\\\/#website\",\"url\":\"https:\\\/\\\/mountainguides.pro\\\/\",\"name\":\"Mountain Guide\",\"description\":\"We aspire to be the first in everything!\",\"publisher\":{\"@id\":\"https:\\\/\\\/mountainguides.pro\\\/#organization\"},\"potentialAction\":[{\"@type\":\"SearchAction\",\"target\":{\"@type\":\"EntryPoint\",\"urlTemplate\":\"https:\\\/\\\/mountainguides.pro\\\/?s={search_term_string}\"},\"query-input\":{\"@type\":\"PropertyValueSpecification\",\"valueRequired\":true,\"valueName\":\"search_term_string\"}}],\"inLanguage\":\"pt\"},{\"@type\":\"Organization\",\"@id\":\"https:\\\/\\\/mountainguides.pro\\\/#organization\",\"name\":\"Mountain Guide\",\"url\":\"https:\\\/\\\/mountainguides.pro\\\/\",\"logo\":{\"@type\":\"ImageObject\",\"inLanguage\":\"pt\",\"@id\":\"https:\\\/\\\/mountainguides.pro\\\/#\\\/schema\\\/logo\\\/image\\\/\",\"url\":\"https:\\\/\\\/mountainguides.pro\\\/wp-content\\\/uploads\\\/2018\\\/01\\\/mglogo.jpg\",\"contentUrl\":\"https:\\\/\\\/mountainguides.pro\\\/wp-content\\\/uploads\\\/2018\\\/01\\\/mglogo.jpg\",\"width\":1200,\"height\":630,\"caption\":\"Mountain Guide\"},\"image\":{\"@id\":\"https:\\\/\\\/mountainguides.pro\\\/#\\\/schema\\\/logo\\\/image\\\/\"},\"sameAs\":[\"https:\\\/\\\/www.facebook.com\\\/Mountainguide-232956566756831\\\/\",\"https:\\\/\\\/x.com\\\/Wintercyclone\",\"http:\\\/\\\/instagram.com\\\/mountainguide\",\"http:\\\/\\\/www.youtube.com\\\/mountainguide\"]}]}<\/script>\n<!-- \/ Yoast SEO Premium plugin. -->","yoast_head_json":{"title":"Climb Amadablam","robots":{"index":"index","follow":"follow","max-snippet":"max-snippet:-1","max-image-preview":"max-image-preview:large","max-video-preview":"max-video-preview:-1"},"canonical":"https:\/\/mountainguides.pro\/pt\/tours\/climbing\/climb-amadablam\/","og_locale":"pt_PT","og_type":"article","og_title":"[:en]Climb Amadablam[:de]Amadablam besteigen[:es]Escalada Amadablam[:pt]Escalada Amadablam[:zh]\u6500\u767b\u963f\u739b\u8fbe\u5e03\u62c9\u59c6[:ko]\uc544\ub9c8\ub2e4\ube14\ub78c \ub4f1\ubc18[:ja]\u30a2\u30de\u30fb\u30c0\u30d6\u30e9\u30e0\u767b\u9802[:hi]\u0905\u092e\u093e\u0926\u092c\u0932\u092e \u092a\u0930 \u091a\u0922\u093c\u0928\u093e[:ar]\u062a\u0633\u0644\u0642 \u0623\u0645\u0627\u062f\u0627\u0628\u0644\u0627\u0645[:]","og_description":"Dois famosos picos acima de seis mil metros em uma \u00fanica viagem \u2013 n\u00e3o h\u00e1 programas semelhantes no mercado com o mesmo n\u00edvel de servi\u00e7o.  Excelente aclimata\u00e7\u00e3o no Acampamento Base do Everest (5350 m) e em Kala Patthar (5644 m)  Alguns de nossos toques exclusivos permitem chegar a um pico de 6000 m quase garantidamente  N\u00e3o economizamos com nossos clientes: como sempre, os melhores lodges da rota e um excelente hotel em Catmandu  Vista fant\u00e1stica do Everest, Lhotse, Nuptse, Makalu, Cho Oyu  Equipe local confi\u00e1vel de carregadores e guias, garantindo que as subidas e a travessia do passo Ampho-Laptse sejam confort\u00e1veis e seguras  *Aten\u00e7\u00e3o: nossa empresa n\u00e3o atua na compra e venda de passagens a\u00e9reas nem na emiss\u00e3o de vistos, portanto n\u00e3o se responsabiliza por imprevistos relacionados a voos e passagem de fronteiras. Informa\u00e7\u00f5es importantes:    O hor\u00e1rio de check-in e check-out \u00e9 definido pelo hotel: check-in a partir das 15h, check-out at\u00e9 11-12h. \u00c9 poss\u00edvel deixar a bagagem na recep\u00e7\u00e3o do hotel para passear pela cidade ou, se houver possibilidade t\u00e9cnica, pagar pelo check-in antecipado\/check-out tardio.  No Nepal, h\u00e1 dificuldades com a troca de c\u00e9dulas pequenas, desgastadas ou antigas (emitidas at\u00e9 2009). Em alguns lugares, h\u00e1 taxas extras, em outros, recusa na troca.  Os voos de\/para Lukla frequentemente sofrem atrasos de at\u00e9 um dia, planeje os voos de retorno considerando essa possibilidade.","og_url":"https:\/\/mountainguides.pro\/pt\/tours\/climbing\/climb-amadablam\/","og_site_name":"Mountain Guide","article_publisher":"https:\/\/www.facebook.com\/Mountainguide-232956566756831\/","article_modified_time":"2026-04-06T13:08:42+00:00","og_image":[{"width":1600,"height":1200,"url":"https:\/\/mountainguides.pro\/wp-content\/uploads\/2023\/07\/voshozhdenie-na-ajlend-pik-i-mera-pik.jpg","type":"image\/jpeg"}],"twitter_card":"summary_large_image","twitter_site":"@Wintercyclone","twitter_misc":{"Tempo estimado de leitura":"1 minuto"},"schema":{"@context":"https:\/\/schema.org","@graph":[{"@type":"WebPage","@id":"https:\/\/mountainguides.pro\/tours\/climbing\/climb-amadablam\/","url":"https:\/\/mountainguides.pro\/tours\/climbing\/climb-amadablam\/","name":"Climb Amadablam","isPartOf":{"@id":"https:\/\/mountainguides.pro\/#website"},"primaryImageOfPage":{"@id":"https:\/\/mountainguides.pro\/tours\/climbing\/climb-amadablam\/#primaryimage"},"image":{"@id":"https:\/\/mountainguides.pro\/tours\/climbing\/climb-amadablam\/#primaryimage"},"thumbnailUrl":"https:\/\/mountainguides.pro\/wp-content\/uploads\/2023\/07\/voshozhdenie-na-ajlend-pik-i-mera-pik.jpg","datePublished":"2023-07-29T00:00:26+00:00","dateModified":"2026-04-06T13:08:42+00:00","breadcrumb":{"@id":"https:\/\/mountainguides.pro\/tours\/climbing\/climb-amadablam\/#breadcrumb"},"inLanguage":"pt","potentialAction":[{"@type":"ReadAction","target":["https:\/\/mountainguides.pro\/tours\/climbing\/climb-amadablam\/"]}]},{"@type":"ImageObject","inLanguage":"pt","@id":"https:\/\/mountainguides.pro\/tours\/climbing\/climb-amadablam\/#primaryimage","url":"https:\/\/mountainguides.pro\/wp-content\/uploads\/2023\/07\/voshozhdenie-na-ajlend-pik-i-mera-pik.jpg","contentUrl":"https:\/\/mountainguides.pro\/wp-content\/uploads\/2023\/07\/voshozhdenie-na-ajlend-pik-i-mera-pik.jpg","width":1600,"height":1200},{"@type":"BreadcrumbList","@id":"https:\/\/mountainguides.pro\/tours\/climbing\/climb-amadablam\/#breadcrumb","itemListElement":[{"@type":"ListItem","position":1,"name":"Home","item":"https:\/\/mountainguides.pro\/de\/"},{"@type":"ListItem","position":2,"name":"Climb Amadablam"}]},{"@type":"WebSite","@id":"https:\/\/mountainguides.pro\/#website","url":"https:\/\/mountainguides.pro\/","name":"Mountain Guide","description":"We aspire to be the first in everything!","publisher":{"@id":"https:\/\/mountainguides.pro\/#organization"},"potentialAction":[{"@type":"SearchAction","target":{"@type":"EntryPoint","urlTemplate":"https:\/\/mountainguides.pro\/?s={search_term_string}"},"query-input":{"@type":"PropertyValueSpecification","valueRequired":true,"valueName":"search_term_string"}}],"inLanguage":"pt"},{"@type":"Organization","@id":"https:\/\/mountainguides.pro\/#organization","name":"Mountain Guide","url":"https:\/\/mountainguides.pro\/","logo":{"@type":"ImageObject","inLanguage":"pt","@id":"https:\/\/mountainguides.pro\/#\/schema\/logo\/image\/","url":"https:\/\/mountainguides.pro\/wp-content\/uploads\/2018\/01\/mglogo.jpg","contentUrl":"https:\/\/mountainguides.pro\/wp-content\/uploads\/2018\/01\/mglogo.jpg","width":1200,"height":630,"caption":"Mountain Guide"},"image":{"@id":"https:\/\/mountainguides.pro\/#\/schema\/logo\/image\/"},"sameAs":["https:\/\/www.facebook.com\/Mountainguide-232956566756831\/","https:\/\/x.com\/Wintercyclone","http:\/\/instagram.com\/mountainguide","http:\/\/www.youtube.com\/mountainguide"]}]}},"_links":{"self":[{"href":"https:\/\/mountainguides.pro\/pt\/wp-json\/wp\/v2\/product\/19476","targetHints":{"allow":["GET"]}}],"collection":[{"href":"https:\/\/mountainguides.pro\/pt\/wp-json\/wp\/v2\/product"}],"about":[{"href":"https:\/\/mountainguides.pro\/pt\/wp-json\/wp\/v2\/types\/product"}],"replies":[{"embeddable":true,"href":"https:\/\/mountainguides.pro\/pt\/wp-json\/wp\/v2\/comments?post=19476"}],"version-history":[{"count":15,"href":"https:\/\/mountainguides.pro\/pt\/wp-json\/wp\/v2\/product\/19476\/revisions"}],"predecessor-version":[{"id":33340,"href":"https:\/\/mountainguides.pro\/pt\/wp-json\/wp\/v2\/product\/19476\/revisions\/33340"}],"wp:featuredmedia":[{"embeddable":true,"href":"https:\/\/mountainguides.pro\/pt\/wp-json\/wp\/v2\/media\/21438"}],"wp:attachment":[{"href":"https:\/\/mountainguides.pro\/pt\/wp-json\/wp\/v2\/media?parent=19476"}],"wp:term":[{"taxonomy":"product_cat","embeddable":true,"href":"https:\/\/mountainguides.pro\/pt\/wp-json\/wp\/v2\/product_cat?post=19476"},{"taxonomy":"product_tag","embeddable":true,"href":"https:\/\/mountainguides.pro\/pt\/wp-json\/wp\/v2\/product_tag?post=19476"}],"curies":[{"name":"wp","href":"https:\/\/api.w.org\/{rel}","templated":true}]}}