{"id":19559,"date":"2024-12-28T14:52:23","date_gmt":"2024-12-28T11:52:23","guid":{"rendered":"https:\/\/mountainguides.pro\/?post_type=product&#038;p=19559"},"modified":"2026-01-29T14:47:26","modified_gmt":"2026-01-29T11:47:26","slug":"ethiopia","status":"publish","type":"product","link":"https:\/\/mountainguides.pro\/pt\/tours\/adventure\/ethiopia\/","title":{"rendered":"Excurs\u00e3o \u00e0 Eti\u00f3pia: paisagens espaciais e tribos do Vale do Omo"},"content":{"rendered":"","protected":false},"excerpt":{"rendered":"<ul>\n<li class=\"p1\"><span class=\"s1\">Tribos mais antigas da Eti\u00f3pia:<\/span> Dorze, Conso, Hamer, Karo, Dasenech, Arbore, Ari, Mursi<\/li>\n<li class=\"p2\">Tradi\u00e7\u00f5es centen\u00e1rias e rituais \u00fanicos<\/li>\n<li class=\"p1\"><span class=\"s1\">Cronograma confort\u00e1vel da viagem<\/span> \u2013 tempo suficiente para interagir com os habitantes locais<\/li>\n<li class=\"p1\"><span class=\"s1\">Cidade fantasma Dallol<\/span> e pernoite em acampamento no meio da \u00e1rida Depress\u00e3o Afar<\/li>\n<li class=\"p1\"><span class=\"s1\">Plan\u00edcies de sal<\/span> e banho no lago salgado de Karum<\/li>\n<li class=\"p1\"><span class=\"s1\">Paisagem extraterrestre da Depress\u00e3o de Danakil<\/span>, piquenique em uma caverna sob o vulc\u00e3o e lagos \u00e1cidos mortais<\/li>\n<li class=\"p1\"><span class=\"s1\">Subida ao cume do vulc\u00e3o ativo \u00fanico Erta Ale<\/span>, com dois lagos de lava borbulhante e fontes de fogo<\/li>\n<li class=\"p1\"><span class=\"s1\">Lago salgado Afdera<\/span> e extra\u00e7\u00e3o do \u201couro branco\u201d da Eti\u00f3pia<\/li>\n<\/ul>\n<p class=\"p1\"><strong>Observa\u00e7\u00e3o: Nossa empresa n\u00e3o atua na compra ou venda de passagens a\u00e9reas nem na emiss\u00e3o de vistos, portanto n\u00e3o se responsabiliza por imprevistos relacionados a voos e passagem de fronteiras.<\/strong><i><\/i><\/p>\n<p class=\"p2\"><b>Informa\u00e7\u00f5es importantes:<\/b><b><\/b><\/p>\n<p class=\"p4\">\n<ul>\n<li>\n<p class=\"p1\">O hor\u00e1rio de check-in e check-out \u00e9 definido pelo hotel: check-in a partir das 15h, check-out at\u00e9 11-12h. A bagagem pode ser deixada na recep\u00e7\u00e3o do hotel enquanto voc\u00ea explora a cidade, ou, se dispon\u00edvel, pagar por early check-in \/ late check-out.<\/p>\n<\/li>\n<li>\n<p class=\"p1\">Na Eti\u00f3pia, podem ocorrer dificuldades na troca de notas pequenas, desgastadas ou antigas (emitidas at\u00e9 2009). Em alguns locais, h\u00e1 comiss\u00e3o extra, e em outros, a troca pode ser recusada.<\/p>\n<\/li>\n<\/ul>\n<p>&nbsp;<\/p>\n","protected":false},"featured_media":21457,"comment_status":"closed","ping_status":"closed","template":"","meta":{"_acf_changed":false,"footnotes":""},"product_cat":[337],"product_tag":[],"class_list":{"0":"post-19559","1":"product","2":"type-product","3":"status-publish","4":"has-post-thumbnail","6":"product_cat-adventure","8":"first","9":"instock","10":"shipping-taxable","11":"purchasable","12":"product-type-simple"},"acf":[],"yoast_head":"<!-- This site is optimized with the Yoast SEO Premium plugin v26.5 (Yoast SEO v27.3) - https:\/\/yoast.com\/product\/yoast-seo-premium-wordpress\/ -->\n<title>Adventure Ethiopia<\/title>\n<meta name=\"robots\" content=\"index, follow, max-snippet:-1, max-image-preview:large, max-video-preview:-1\" \/>\n<link rel=\"canonical\" href=\"https:\/\/mountainguides.pro\/pt\/tours\/adventure\/ethiopia\/\" \/>\n<meta property=\"og:locale\" content=\"pt_PT\" \/>\n<meta property=\"og:locale:alternate\" content=\"en_US\" \/>\n<meta property=\"og:locale:alternate\" content=\"ru_RU\" \/>\n<meta property=\"og:locale:alternate\" content=\"de\" \/>\n<meta property=\"og:locale:alternate\" content=\"es\" \/>\n<meta property=\"og:locale:alternate\" content=\"zh\" \/>\n<meta property=\"og:locale:alternate\" content=\"ko\" \/>\n<meta property=\"og:locale:alternate\" content=\"ja\" \/>\n<meta property=\"og:locale:alternate\" content=\"hi\" \/>\n<meta property=\"og:locale:alternate\" content=\"ar\" \/>\n<meta property=\"og:type\" content=\"article\" \/>\n<meta property=\"og:title\" content=\"Excurs\u00e3o \u00e0 Eti\u00f3pia: paisagens espaciais e tribos do Vale do Omo\" \/>\n<meta property=\"og:description\" content=\"Tribos mais antigas da Eti\u00f3pia: Dorze, Conso, Hamer, Karo, Dasenech, Arbore, Ari, Mursi  Tradi\u00e7\u00f5es centen\u00e1rias e rituais \u00fanicos  Cronograma confort\u00e1vel da viagem \u2013 tempo suficiente para interagir com os habitantes locais  Cidade fantasma Dallol e pernoite em acampamento no meio da \u00e1rida Depress\u00e3o Afar  Plan\u00edcies de sal e banho no lago salgado de Karum  Paisagem extraterrestre da Depress\u00e3o de Danakil, piquenique em uma caverna sob o vulc\u00e3o e lagos \u00e1cidos mortais  Subida ao cume do vulc\u00e3o ativo \u00fanico Erta Ale, com dois lagos de lava borbulhante e fontes de fogo  Lago salgado Afdera e extra\u00e7\u00e3o do \u201couro branco\u201d da Eti\u00f3pia  Observa\u00e7\u00e3o: Nossa empresa n\u00e3o atua na compra ou venda de passagens a\u00e9reas nem na emiss\u00e3o de vistos, portanto n\u00e3o se responsabiliza por imprevistos relacionados a voos e passagem de fronteiras. Informa\u00e7\u00f5es importantes:      O hor\u00e1rio de check-in e check-out \u00e9 definido pelo hotel: check-in a partir das 15h, check-out at\u00e9 11-12h. A bagagem pode ser deixada na recep\u00e7\u00e3o do hotel enquanto voc\u00ea explora a cidade, ou, se dispon\u00edvel, pagar por early check-in \/ late check-out.    Na Eti\u00f3pia, podem ocorrer dificuldades na troca de notas pequenas, desgastadas ou antigas (emitidas at\u00e9 2009). Em alguns locais, h\u00e1 comiss\u00e3o extra, e em outros, a troca pode ser recusada.   &nbsp;\" \/>\n<meta property=\"og:url\" content=\"https:\/\/mountainguides.pro\/pt\/tours\/adventure\/ethiopia\/\" \/>\n<meta property=\"og:site_name\" content=\"Mountain Guide\" \/>\n<meta property=\"article:publisher\" content=\"https:\/\/www.facebook.com\/Mountainguide-232956566756831\/\" \/>\n<meta property=\"article:modified_time\" content=\"2026-01-29T11:47:26+00:00\" \/>\n<meta property=\"og:image\" content=\"https:\/\/mountainguides.pro\/wp-content\/uploads\/2024\/12\/tur-efiopiya-dolina-omo.jpeg\" \/>\n\t<meta property=\"og:image:width\" content=\"1800\" \/>\n\t<meta property=\"og:image:height\" content=\"1350\" \/>\n\t<meta property=\"og:image:type\" content=\"image\/jpeg\" \/>\n<meta name=\"twitter:card\" content=\"summary_large_image\" \/>\n<meta name=\"twitter:site\" content=\"@Wintercyclone\" \/>\n<meta name=\"twitter:label1\" content=\"Tempo estimado de leitura\" \/>\n\t<meta name=\"twitter:data1\" content=\"1 minuto\" \/>\n<script type=\"application\/ld+json\" class=\"yoast-schema-graph\">{\"@context\":\"https:\\\/\\\/schema.org\",\"@graph\":[{\"@type\":\"WebPage\",\"@id\":\"https:\\\/\\\/mountainguides.pro\\\/ar\\\/tours\\\/adventure\\\/ethiopia\\\/\",\"url\":\"https:\\\/\\\/mountainguides.pro\\\/ar\\\/tours\\\/adventure\\\/ethiopia\\\/\",\"name\":\"Adventure Ethiopia\",\"isPartOf\":{\"@id\":\"https:\\\/\\\/mountainguides.pro\\\/#website\"},\"primaryImageOfPage\":{\"@id\":\"https:\\\/\\\/mountainguides.pro\\\/ar\\\/tours\\\/adventure\\\/ethiopia\\\/#primaryimage\"},\"image\":{\"@id\":\"https:\\\/\\\/mountainguides.pro\\\/ar\\\/tours\\\/adventure\\\/ethiopia\\\/#primaryimage\"},\"thumbnailUrl\":\"https:\\\/\\\/mountainguides.pro\\\/wp-content\\\/uploads\\\/2024\\\/12\\\/tur-efiopiya-dolina-omo.jpeg\",\"datePublished\":\"2024-12-28T11:52:23+00:00\",\"dateModified\":\"2026-01-29T11:47:26+00:00\",\"breadcrumb\":{\"@id\":\"https:\\\/\\\/mountainguides.pro\\\/ar\\\/tours\\\/adventure\\\/ethiopia\\\/#breadcrumb\"},\"inLanguage\":\"pt\",\"potentialAction\":[{\"@type\":\"ReadAction\",\"target\":[\"https:\\\/\\\/mountainguides.pro\\\/ar\\\/tours\\\/adventure\\\/ethiopia\\\/\"]}]},{\"@type\":\"ImageObject\",\"inLanguage\":\"pt\",\"@id\":\"https:\\\/\\\/mountainguides.pro\\\/ar\\\/tours\\\/adventure\\\/ethiopia\\\/#primaryimage\",\"url\":\"https:\\\/\\\/mountainguides.pro\\\/wp-content\\\/uploads\\\/2024\\\/12\\\/tur-efiopiya-dolina-omo.jpeg\",\"contentUrl\":\"https:\\\/\\\/mountainguides.pro\\\/wp-content\\\/uploads\\\/2024\\\/12\\\/tur-efiopiya-dolina-omo.jpeg\",\"width\":1800,\"height\":1350},{\"@type\":\"BreadcrumbList\",\"@id\":\"https:\\\/\\\/mountainguides.pro\\\/ar\\\/tours\\\/adventure\\\/ethiopia\\\/#breadcrumb\",\"itemListElement\":[{\"@type\":\"ListItem\",\"position\":1,\"name\":\"Home\",\"item\":\"https:\\\/\\\/mountainguides.pro\\\/de\\\/\"},{\"@type\":\"ListItem\",\"position\":2,\"name\":\"\u062c\u0648\u0644\u0629 \u0625\u062b\u064a\u0648\u0628\u064a\u0627: \u0627\u0644\u0645\u0646\u0627\u0638\u0631 \u0627\u0644\u0637\u0628\u064a\u0639\u064a\u0629 \u0627\u0644\u0643\u0648\u0646\u064a\u0629 \u0648\u0642\u0628\u0627\u0626\u0644 \u0648\u0627\u062f\u064a \u0623\u0648\u0645\u0648\"}]},{\"@type\":\"WebSite\",\"@id\":\"https:\\\/\\\/mountainguides.pro\\\/#website\",\"url\":\"https:\\\/\\\/mountainguides.pro\\\/\",\"name\":\"Mountain Guide\",\"description\":\"We aspire to be the first in everything!\",\"publisher\":{\"@id\":\"https:\\\/\\\/mountainguides.pro\\\/#organization\"},\"potentialAction\":[{\"@type\":\"SearchAction\",\"target\":{\"@type\":\"EntryPoint\",\"urlTemplate\":\"https:\\\/\\\/mountainguides.pro\\\/?s={search_term_string}\"},\"query-input\":{\"@type\":\"PropertyValueSpecification\",\"valueRequired\":true,\"valueName\":\"search_term_string\"}}],\"inLanguage\":\"pt\"},{\"@type\":\"Organization\",\"@id\":\"https:\\\/\\\/mountainguides.pro\\\/#organization\",\"name\":\"Mountain Guide\",\"url\":\"https:\\\/\\\/mountainguides.pro\\\/\",\"logo\":{\"@type\":\"ImageObject\",\"inLanguage\":\"pt\",\"@id\":\"https:\\\/\\\/mountainguides.pro\\\/#\\\/schema\\\/logo\\\/image\\\/\",\"url\":\"https:\\\/\\\/mountainguides.pro\\\/wp-content\\\/uploads\\\/2018\\\/01\\\/mglogo.jpg\",\"contentUrl\":\"https:\\\/\\\/mountainguides.pro\\\/wp-content\\\/uploads\\\/2018\\\/01\\\/mglogo.jpg\",\"width\":1200,\"height\":630,\"caption\":\"Mountain Guide\"},\"image\":{\"@id\":\"https:\\\/\\\/mountainguides.pro\\\/#\\\/schema\\\/logo\\\/image\\\/\"},\"sameAs\":[\"https:\\\/\\\/www.facebook.com\\\/Mountainguide-232956566756831\\\/\",\"https:\\\/\\\/x.com\\\/Wintercyclone\",\"http:\\\/\\\/instagram.com\\\/mountainguide\",\"http:\\\/\\\/www.youtube.com\\\/mountainguide\"]}]}<\/script>\n<!-- \/ Yoast SEO Premium plugin. -->","yoast_head_json":{"title":"Adventure Ethiopia","robots":{"index":"index","follow":"follow","max-snippet":"max-snippet:-1","max-image-preview":"max-image-preview:large","max-video-preview":"max-video-preview:-1"},"canonical":"https:\/\/mountainguides.pro\/pt\/tours\/adventure\/ethiopia\/","og_locale":"pt_PT","og_type":"article","og_title":"[:en]Ethiopia[:de]Tour nach \u00c4thiopien: kosmische Landschaften und die St\u00e4mme des Omo-Tals[:es]Tour a Etiop\u00eda: paisajes espaciales y tribus del valle de Omo[:pt]Excurs\u00e3o \u00e0 Eti\u00f3pia: paisagens espaciais e tribos do Vale do Omo[:zh]\u57c3\u585e\u4fc4\u6bd4\u4e9a\u4e4b\u65c5\uff1a\u5b87\u5b99\u666f\u89c2\u548c\u5965\u83ab\u5c71\u8c37\u90e8\u843d[:ko]\uc5d0\ud2f0\uc624\ud53c\uc544 \ud22c\uc5b4:\uc6b0\uc8fc \ud48d\uacbd\uacfc \uc624\ubaa8 \uacc4\uace1 \ubd80\uc871[:ja]\u30a8\u30c1\u30aa\u30d4\u30a2\u30c4\u30a2\u30fc\uff1a\u5b87\u5b99\u306e\u98a8\u666f\u3068\u30aa\u30e2\u6e13\u8c37\u306e\u90e8\u65cf[:hi]\u0907\u0925\u093f\u092f\u094b\u092a\u093f\u092f\u093e \u091f\u0942\u0930: \u0915\u0949\u0938\u094d\u092e\u093f\u0915 \u0932\u0948\u0902\u0921\u0938\u094d\u0915\u0947\u092a \u0914\u0930 \u0913\u092e\u094b \u0935\u0948\u0932\u0940 \u091f\u094d\u0930\u093e\u0907\u092c\u094d\u0938[:ar]\u062c\u0648\u0644\u0629 \u0625\u062b\u064a\u0648\u0628\u064a\u0627: \u0627\u0644\u0645\u0646\u0627\u0638\u0631 \u0627\u0644\u0637\u0628\u064a\u0639\u064a\u0629 \u0627\u0644\u0643\u0648\u0646\u064a\u0629 \u0648\u0642\u0628\u0627\u0626\u0644 \u0648\u0627\u062f\u064a \u0623\u0648\u0645\u0648[:]","og_description":"Tribos mais antigas da Eti\u00f3pia: Dorze, Conso, Hamer, Karo, Dasenech, Arbore, Ari, Mursi  Tradi\u00e7\u00f5es centen\u00e1rias e rituais \u00fanicos  Cronograma confort\u00e1vel da viagem \u2013 tempo suficiente para interagir com os habitantes locais  Cidade fantasma Dallol e pernoite em acampamento no meio da \u00e1rida Depress\u00e3o Afar  Plan\u00edcies de sal e banho no lago salgado de Karum  Paisagem extraterrestre da Depress\u00e3o de Danakil, piquenique em uma caverna sob o vulc\u00e3o e lagos \u00e1cidos mortais  Subida ao cume do vulc\u00e3o ativo \u00fanico Erta Ale, com dois lagos de lava borbulhante e fontes de fogo  Lago salgado Afdera e extra\u00e7\u00e3o do \u201couro branco\u201d da Eti\u00f3pia  Observa\u00e7\u00e3o: Nossa empresa n\u00e3o atua na compra ou venda de passagens a\u00e9reas nem na emiss\u00e3o de vistos, portanto n\u00e3o se responsabiliza por imprevistos relacionados a voos e passagem de fronteiras. Informa\u00e7\u00f5es importantes:      O hor\u00e1rio de check-in e check-out \u00e9 definido pelo hotel: check-in a partir das 15h, check-out at\u00e9 11-12h. A bagagem pode ser deixada na recep\u00e7\u00e3o do hotel enquanto voc\u00ea explora a cidade, ou, se dispon\u00edvel, pagar por early check-in \/ late check-out.    Na Eti\u00f3pia, podem ocorrer dificuldades na troca de notas pequenas, desgastadas ou antigas (emitidas at\u00e9 2009). Em alguns locais, h\u00e1 comiss\u00e3o extra, e em outros, a troca pode ser recusada.   &nbsp;","og_url":"https:\/\/mountainguides.pro\/pt\/tours\/adventure\/ethiopia\/","og_site_name":"Mountain Guide","article_publisher":"https:\/\/www.facebook.com\/Mountainguide-232956566756831\/","article_modified_time":"2026-01-29T11:47:26+00:00","og_image":[{"width":1800,"height":1350,"url":"https:\/\/mountainguides.pro\/wp-content\/uploads\/2024\/12\/tur-efiopiya-dolina-omo.jpeg","type":"image\/jpeg"}],"twitter_card":"summary_large_image","twitter_site":"@Wintercyclone","twitter_misc":{"Tempo estimado de leitura":"1 minuto"},"schema":{"@context":"https:\/\/schema.org","@graph":[{"@type":"WebPage","@id":"https:\/\/mountainguides.pro\/ar\/tours\/adventure\/ethiopia\/","url":"https:\/\/mountainguides.pro\/ar\/tours\/adventure\/ethiopia\/","name":"Adventure Ethiopia","isPartOf":{"@id":"https:\/\/mountainguides.pro\/#website"},"primaryImageOfPage":{"@id":"https:\/\/mountainguides.pro\/ar\/tours\/adventure\/ethiopia\/#primaryimage"},"image":{"@id":"https:\/\/mountainguides.pro\/ar\/tours\/adventure\/ethiopia\/#primaryimage"},"thumbnailUrl":"https:\/\/mountainguides.pro\/wp-content\/uploads\/2024\/12\/tur-efiopiya-dolina-omo.jpeg","datePublished":"2024-12-28T11:52:23+00:00","dateModified":"2026-01-29T11:47:26+00:00","breadcrumb":{"@id":"https:\/\/mountainguides.pro\/ar\/tours\/adventure\/ethiopia\/#breadcrumb"},"inLanguage":"pt","potentialAction":[{"@type":"ReadAction","target":["https:\/\/mountainguides.pro\/ar\/tours\/adventure\/ethiopia\/"]}]},{"@type":"ImageObject","inLanguage":"pt","@id":"https:\/\/mountainguides.pro\/ar\/tours\/adventure\/ethiopia\/#primaryimage","url":"https:\/\/mountainguides.pro\/wp-content\/uploads\/2024\/12\/tur-efiopiya-dolina-omo.jpeg","contentUrl":"https:\/\/mountainguides.pro\/wp-content\/uploads\/2024\/12\/tur-efiopiya-dolina-omo.jpeg","width":1800,"height":1350},{"@type":"BreadcrumbList","@id":"https:\/\/mountainguides.pro\/ar\/tours\/adventure\/ethiopia\/#breadcrumb","itemListElement":[{"@type":"ListItem","position":1,"name":"Home","item":"https:\/\/mountainguides.pro\/de\/"},{"@type":"ListItem","position":2,"name":"\u062c\u0648\u0644\u0629 \u0625\u062b\u064a\u0648\u0628\u064a\u0627: \u0627\u0644\u0645\u0646\u0627\u0638\u0631 \u0627\u0644\u0637\u0628\u064a\u0639\u064a\u0629 \u0627\u0644\u0643\u0648\u0646\u064a\u0629 \u0648\u0642\u0628\u0627\u0626\u0644 \u0648\u0627\u062f\u064a \u0623\u0648\u0645\u0648"}]},{"@type":"WebSite","@id":"https:\/\/mountainguides.pro\/#website","url":"https:\/\/mountainguides.pro\/","name":"Mountain Guide","description":"We aspire to be the first in everything!","publisher":{"@id":"https:\/\/mountainguides.pro\/#organization"},"potentialAction":[{"@type":"SearchAction","target":{"@type":"EntryPoint","urlTemplate":"https:\/\/mountainguides.pro\/?s={search_term_string}"},"query-input":{"@type":"PropertyValueSpecification","valueRequired":true,"valueName":"search_term_string"}}],"inLanguage":"pt"},{"@type":"Organization","@id":"https:\/\/mountainguides.pro\/#organization","name":"Mountain Guide","url":"https:\/\/mountainguides.pro\/","logo":{"@type":"ImageObject","inLanguage":"pt","@id":"https:\/\/mountainguides.pro\/#\/schema\/logo\/image\/","url":"https:\/\/mountainguides.pro\/wp-content\/uploads\/2018\/01\/mglogo.jpg","contentUrl":"https:\/\/mountainguides.pro\/wp-content\/uploads\/2018\/01\/mglogo.jpg","width":1200,"height":630,"caption":"Mountain Guide"},"image":{"@id":"https:\/\/mountainguides.pro\/#\/schema\/logo\/image\/"},"sameAs":["https:\/\/www.facebook.com\/Mountainguide-232956566756831\/","https:\/\/x.com\/Wintercyclone","http:\/\/instagram.com\/mountainguide","http:\/\/www.youtube.com\/mountainguide"]}]}},"_links":{"self":[{"href":"https:\/\/mountainguides.pro\/pt\/wp-json\/wp\/v2\/product\/19559","targetHints":{"allow":["GET"]}}],"collection":[{"href":"https:\/\/mountainguides.pro\/pt\/wp-json\/wp\/v2\/product"}],"about":[{"href":"https:\/\/mountainguides.pro\/pt\/wp-json\/wp\/v2\/types\/product"}],"replies":[{"embeddable":true,"href":"https:\/\/mountainguides.pro\/pt\/wp-json\/wp\/v2\/comments?post=19559"}],"version-history":[{"count":12,"href":"https:\/\/mountainguides.pro\/pt\/wp-json\/wp\/v2\/product\/19559\/revisions"}],"predecessor-version":[{"id":32678,"href":"https:\/\/mountainguides.pro\/pt\/wp-json\/wp\/v2\/product\/19559\/revisions\/32678"}],"wp:featuredmedia":[{"embeddable":true,"href":"https:\/\/mountainguides.pro\/pt\/wp-json\/wp\/v2\/media\/21457"}],"wp:attachment":[{"href":"https:\/\/mountainguides.pro\/pt\/wp-json\/wp\/v2\/media?parent=19559"}],"wp:term":[{"taxonomy":"product_cat","embeddable":true,"href":"https:\/\/mountainguides.pro\/pt\/wp-json\/wp\/v2\/product_cat?post=19559"},{"taxonomy":"product_tag","embeddable":true,"href":"https:\/\/mountainguides.pro\/pt\/wp-json\/wp\/v2\/product_tag?post=19559"}],"curies":[{"name":"wp","href":"https:\/\/api.w.org\/{rel}","templated":true}]}}