{"id":19672,"date":"2023-10-17T12:00:40","date_gmt":"2023-10-17T09:00:40","guid":{"rendered":"https:\/\/mountainguides.pro\/?post_type=product&#038;p=19672"},"modified":"2026-04-06T17:21:31","modified_gmt":"2026-04-06T14:21:31","slug":"bhutan-the-tour-of-dragon-trails-druk-path-trek","status":"publish","type":"product","link":"https:\/\/mountainguides.pro\/pt\/tours\/trekking\/bhutan-the-tour-of-dragon-trails-druk-path-trek\/","title":{"rendered":"Excurs\u00e3o ao But\u00e3o: trilha do Drag\u00e3o"},"content":{"rendered":"","protected":false},"excerpt":{"rendered":"<ul>\n<li class=\"p1\">Trekking em um dos pa\u00edses mais fechados do mundo, onde o bem-estar do pa\u00eds \u00e9 medido pela felicidade dos habitantes<\/li>\n<li class=\"p1\">Fant\u00e1stico mosteiro Tiger\u2019s Nest, como se flutuasse na rocha<\/li>\n<li class=\"p1\">Veremos a montanha mais alta e inexplorada do planeta, Kanchenjunga-Punsum<\/li>\n<li class=\"p1\">Templos budistas antigos cercados de lendas e os famosos dzongs<\/li>\n<li class=\"p1\">Lagos de montanha cristalinos com trutas saltando<\/li>\n<li class=\"p1\">Takins em seu habitat natural no Santu\u00e1rio Motithang<\/li>\n<li class=\"p1\">A maior est\u00e1tua de Buda do mundo localizada em altitude<\/li>\n<li class=\"p1\">Dificuldade moderada da rota nos declives mais acess\u00edveis da cordilheira do Himalaia<\/li>\n<\/ul>\n<p class=\"p1\"><strong>Observa\u00e7\u00e3o: Nossa empresa n\u00e3o atua na compra ou venda de passagens a\u00e9reas nem na emiss\u00e3o de vistos, portanto n\u00e3o se responsabiliza por imprevistos relacionados a voos e controle de fronteiras. <\/strong><\/p>\n<p class=\"p1\"><strong>Informa\u00e7\u00e3o importante:<\/strong><i><\/i><\/p>\n<ul>\n<li class=\"p1\">O hor\u00e1rio de check-in e check-out \u00e9 determinado pelo hotel: check-in a partir das 15h, check-out at\u00e9 11-12h. A bagagem pode ser deixada na recep\u00e7\u00e3o do hotel para passeio pela cidade ou, se houver possibilidade t\u00e9cnica, pagar por early check-in \/ late check-out.<\/li>\n<li class=\"p1\">No But\u00e3o, podem ocorrer dificuldades na troca de notas pequenas, desgastadas ou antigas (emitidas antes de 2009), esteja ciente. Em alguns locais, h\u00e1 cobran\u00e7a extra; em outros, a troca pode ser recusada.<\/li>\n<li class=\"p1\">O tour tamb\u00e9m pode ser realizado para pequenos grupos com guia local falante de ingl\u00eas; para mais informa\u00e7\u00f5es, entre em contato conosco.<\/li>\n<\/ul>\n","protected":false},"featured_media":19675,"comment_status":"closed","ping_status":"closed","template":"","meta":{"_acf_changed":false,"footnotes":""},"product_cat":[337,321],"product_tag":[],"class_list":{"0":"post-19672","1":"product","2":"type-product","3":"status-publish","4":"has-post-thumbnail","6":"product_cat-adventure","7":"product_cat-trekking","9":"first","10":"instock","11":"shipping-taxable","12":"purchasable","13":"product-type-simple"},"acf":[],"yoast_head":"<!-- This site is optimized with the Yoast SEO Premium plugin v26.5 (Yoast SEO v27.3) - https:\/\/yoast.com\/product\/yoast-seo-premium-wordpress\/ -->\n<title>Trekking Bhutan<\/title>\n<meta name=\"robots\" content=\"index, follow, max-snippet:-1, max-image-preview:large, max-video-preview:-1\" \/>\n<link rel=\"canonical\" href=\"https:\/\/mountainguides.pro\/pt\/tours\/trekking\/bhutan-the-tour-of-dragon-trails-druk-path-trek\/\" \/>\n<meta property=\"og:locale\" content=\"pt_PT\" \/>\n<meta property=\"og:locale:alternate\" content=\"en_US\" \/>\n<meta property=\"og:locale:alternate\" content=\"ru_RU\" \/>\n<meta property=\"og:locale:alternate\" content=\"de\" \/>\n<meta property=\"og:locale:alternate\" content=\"es\" \/>\n<meta property=\"og:locale:alternate\" content=\"zh\" \/>\n<meta property=\"og:locale:alternate\" content=\"ko\" \/>\n<meta property=\"og:locale:alternate\" content=\"ja\" \/>\n<meta property=\"og:locale:alternate\" content=\"hi\" \/>\n<meta property=\"og:locale:alternate\" content=\"ar\" \/>\n<meta property=\"og:type\" content=\"article\" \/>\n<meta property=\"og:title\" content=\"Excurs\u00e3o ao But\u00e3o: trilha do Drag\u00e3o\" \/>\n<meta property=\"og:description\" content=\"Trekking em um dos pa\u00edses mais fechados do mundo, onde o bem-estar do pa\u00eds \u00e9 medido pela felicidade dos habitantes  Fant\u00e1stico mosteiro Tiger\u2019s Nest, como se flutuasse na rocha  Veremos a montanha mais alta e inexplorada do planeta, Kanchenjunga-Punsum  Templos budistas antigos cercados de lendas e os famosos dzongs  Lagos de montanha cristalinos com trutas saltando  Takins em seu habitat natural no Santu\u00e1rio Motithang  A maior est\u00e1tua de Buda do mundo localizada em altitude  Dificuldade moderada da rota nos declives mais acess\u00edveis da cordilheira do Himalaia  Observa\u00e7\u00e3o: Nossa empresa n\u00e3o atua na compra ou venda de passagens a\u00e9reas nem na emiss\u00e3o de vistos, portanto n\u00e3o se responsabiliza por imprevistos relacionados a voos e controle de fronteiras.  Informa\u00e7\u00e3o importante:    O hor\u00e1rio de check-in e check-out \u00e9 determinado pelo hotel: check-in a partir das 15h, check-out at\u00e9 11-12h. A bagagem pode ser deixada na recep\u00e7\u00e3o do hotel para passeio pela cidade ou, se houver possibilidade t\u00e9cnica, pagar por early check-in \/ late check-out.  No But\u00e3o, podem ocorrer dificuldades na troca de notas pequenas, desgastadas ou antigas (emitidas antes de 2009), esteja ciente. Em alguns locais, h\u00e1 cobran\u00e7a extra; em outros, a troca pode ser recusada.  O tour tamb\u00e9m pode ser realizado para pequenos grupos com guia local falante de ingl\u00eas; para mais informa\u00e7\u00f5es, entre em contato conosco.\" \/>\n<meta property=\"og:url\" content=\"https:\/\/mountainguides.pro\/pt\/tours\/trekking\/bhutan-the-tour-of-dragon-trails-druk-path-trek\/\" \/>\n<meta property=\"og:site_name\" content=\"Mountain Guide\" \/>\n<meta property=\"article:publisher\" content=\"https:\/\/www.facebook.com\/Mountainguide-232956566756831\/\" \/>\n<meta property=\"article:modified_time\" content=\"2026-04-06T14:21:31+00:00\" \/>\n<meta property=\"og:image\" content=\"https:\/\/mountainguides.pro\/wp-content\/uploads\/2023\/10\/Bhutan-11.jpg\" \/>\n\t<meta property=\"og:image:width\" content=\"2023\" \/>\n\t<meta property=\"og:image:height\" content=\"1200\" \/>\n\t<meta property=\"og:image:type\" content=\"image\/jpeg\" \/>\n<meta name=\"twitter:card\" content=\"summary_large_image\" \/>\n<meta name=\"twitter:site\" content=\"@Wintercyclone\" \/>\n<meta name=\"twitter:label1\" content=\"Tempo estimado de leitura\" \/>\n\t<meta name=\"twitter:data1\" content=\"1 minuto\" \/>\n<script type=\"application\/ld+json\" class=\"yoast-schema-graph\">{\"@context\":\"https:\\\/\\\/schema.org\",\"@graph\":[{\"@type\":\"WebPage\",\"@id\":\"https:\\\/\\\/mountainguides.pro\\\/tours\\\/trekking\\\/bhutan-the-tour-of-dragon-trails-druk-path-trek\\\/\",\"url\":\"https:\\\/\\\/mountainguides.pro\\\/tours\\\/trekking\\\/bhutan-the-tour-of-dragon-trails-druk-path-trek\\\/\",\"name\":\"Trekking Bhutan\",\"isPartOf\":{\"@id\":\"https:\\\/\\\/mountainguides.pro\\\/#website\"},\"primaryImageOfPage\":{\"@id\":\"https:\\\/\\\/mountainguides.pro\\\/tours\\\/trekking\\\/bhutan-the-tour-of-dragon-trails-druk-path-trek\\\/#primaryimage\"},\"image\":{\"@id\":\"https:\\\/\\\/mountainguides.pro\\\/tours\\\/trekking\\\/bhutan-the-tour-of-dragon-trails-druk-path-trek\\\/#primaryimage\"},\"thumbnailUrl\":\"https:\\\/\\\/mountainguides.pro\\\/wp-content\\\/uploads\\\/2023\\\/10\\\/Bhutan-11.jpg\",\"datePublished\":\"2023-10-17T09:00:40+00:00\",\"dateModified\":\"2026-04-06T14:21:31+00:00\",\"breadcrumb\":{\"@id\":\"https:\\\/\\\/mountainguides.pro\\\/tours\\\/trekking\\\/bhutan-the-tour-of-dragon-trails-druk-path-trek\\\/#breadcrumb\"},\"inLanguage\":\"pt\",\"potentialAction\":[{\"@type\":\"ReadAction\",\"target\":[\"https:\\\/\\\/mountainguides.pro\\\/tours\\\/trekking\\\/bhutan-the-tour-of-dragon-trails-druk-path-trek\\\/\"]}]},{\"@type\":\"ImageObject\",\"inLanguage\":\"pt\",\"@id\":\"https:\\\/\\\/mountainguides.pro\\\/tours\\\/trekking\\\/bhutan-the-tour-of-dragon-trails-druk-path-trek\\\/#primaryimage\",\"url\":\"https:\\\/\\\/mountainguides.pro\\\/wp-content\\\/uploads\\\/2023\\\/10\\\/Bhutan-11.jpg\",\"contentUrl\":\"https:\\\/\\\/mountainguides.pro\\\/wp-content\\\/uploads\\\/2023\\\/10\\\/Bhutan-11.jpg\",\"width\":2023,\"height\":1200},{\"@type\":\"BreadcrumbList\",\"@id\":\"https:\\\/\\\/mountainguides.pro\\\/tours\\\/trekking\\\/bhutan-the-tour-of-dragon-trails-druk-path-trek\\\/#breadcrumb\",\"itemListElement\":[{\"@type\":\"ListItem\",\"position\":1,\"name\":\"Home\",\"item\":\"https:\\\/\\\/mountainguides.pro\\\/de\\\/\"},{\"@type\":\"ListItem\",\"position\":2,\"name\":\"Bhutan. The Tour of Dragon Trails (Druk-Path Trek)\"}]},{\"@type\":\"WebSite\",\"@id\":\"https:\\\/\\\/mountainguides.pro\\\/#website\",\"url\":\"https:\\\/\\\/mountainguides.pro\\\/\",\"name\":\"Mountain Guide\",\"description\":\"We aspire to be the first in everything!\",\"publisher\":{\"@id\":\"https:\\\/\\\/mountainguides.pro\\\/#organization\"},\"potentialAction\":[{\"@type\":\"SearchAction\",\"target\":{\"@type\":\"EntryPoint\",\"urlTemplate\":\"https:\\\/\\\/mountainguides.pro\\\/?s={search_term_string}\"},\"query-input\":{\"@type\":\"PropertyValueSpecification\",\"valueRequired\":true,\"valueName\":\"search_term_string\"}}],\"inLanguage\":\"pt\"},{\"@type\":\"Organization\",\"@id\":\"https:\\\/\\\/mountainguides.pro\\\/#organization\",\"name\":\"Mountain Guide\",\"url\":\"https:\\\/\\\/mountainguides.pro\\\/\",\"logo\":{\"@type\":\"ImageObject\",\"inLanguage\":\"pt\",\"@id\":\"https:\\\/\\\/mountainguides.pro\\\/#\\\/schema\\\/logo\\\/image\\\/\",\"url\":\"https:\\\/\\\/mountainguides.pro\\\/wp-content\\\/uploads\\\/2018\\\/01\\\/mglogo.jpg\",\"contentUrl\":\"https:\\\/\\\/mountainguides.pro\\\/wp-content\\\/uploads\\\/2018\\\/01\\\/mglogo.jpg\",\"width\":1200,\"height\":630,\"caption\":\"Mountain Guide\"},\"image\":{\"@id\":\"https:\\\/\\\/mountainguides.pro\\\/#\\\/schema\\\/logo\\\/image\\\/\"},\"sameAs\":[\"https:\\\/\\\/www.facebook.com\\\/Mountainguide-232956566756831\\\/\",\"https:\\\/\\\/x.com\\\/Wintercyclone\",\"http:\\\/\\\/instagram.com\\\/mountainguide\",\"http:\\\/\\\/www.youtube.com\\\/mountainguide\"]}]}<\/script>\n<!-- \/ Yoast SEO Premium plugin. -->","yoast_head_json":{"title":"Trekking Bhutan","robots":{"index":"index","follow":"follow","max-snippet":"max-snippet:-1","max-image-preview":"max-image-preview:large","max-video-preview":"max-video-preview:-1"},"canonical":"https:\/\/mountainguides.pro\/pt\/tours\/trekking\/bhutan-the-tour-of-dragon-trails-druk-path-trek\/","og_locale":"pt_PT","og_type":"article","og_title":"[:en]Bhutan. The Tour of Dragon Trails (Druk-Path Trek)[:de]Tour nach Bhutan: Der Drachenweg[:es]Tour de But\u00e1n: el sendero del Drag\u00f3n[:pt]Excurs\u00e3o ao But\u00e3o: trilha do Drag\u00e3o[:zh]\u4e0d\u4e39\u4e4b\u65c5\uff1a\u9f99\u7684\u8e2a\u8ff9[:ko]\ubd80\ud0c4 \ud22c\uc5b4:\ub4dc\ub798\uace4 \ud2b8\ub808\uc77c[:ja]\u30d6\u30fc\u30bf\u30f3\u30c4\u30a2\u30fc\uff1a\u30c9\u30e9\u30b4\u30f3\u30c8\u30ec\u30a4\u30eb[:hi]\u092d\u0942\u091f\u093e\u0928 \u092f\u093e\u0924\u094d\u0930\u093e: \u0921\u094d\u0930\u0948\u0917\u0928 \u091f\u094d\u0930\u0947\u0932[:ar]\u062c\u0648\u0644\u0629 \u0628\u0648\u062a\u0627\u0646: \u0645\u0633\u0627\u0631 \u0627\u0644\u062a\u0646\u064a\u0646[:]","og_description":"Trekking em um dos pa\u00edses mais fechados do mundo, onde o bem-estar do pa\u00eds \u00e9 medido pela felicidade dos habitantes  Fant\u00e1stico mosteiro Tiger\u2019s Nest, como se flutuasse na rocha  Veremos a montanha mais alta e inexplorada do planeta, Kanchenjunga-Punsum  Templos budistas antigos cercados de lendas e os famosos dzongs  Lagos de montanha cristalinos com trutas saltando  Takins em seu habitat natural no Santu\u00e1rio Motithang  A maior est\u00e1tua de Buda do mundo localizada em altitude  Dificuldade moderada da rota nos declives mais acess\u00edveis da cordilheira do Himalaia  Observa\u00e7\u00e3o: Nossa empresa n\u00e3o atua na compra ou venda de passagens a\u00e9reas nem na emiss\u00e3o de vistos, portanto n\u00e3o se responsabiliza por imprevistos relacionados a voos e controle de fronteiras.  Informa\u00e7\u00e3o importante:    O hor\u00e1rio de check-in e check-out \u00e9 determinado pelo hotel: check-in a partir das 15h, check-out at\u00e9 11-12h. A bagagem pode ser deixada na recep\u00e7\u00e3o do hotel para passeio pela cidade ou, se houver possibilidade t\u00e9cnica, pagar por early check-in \/ late check-out.  No But\u00e3o, podem ocorrer dificuldades na troca de notas pequenas, desgastadas ou antigas (emitidas antes de 2009), esteja ciente. Em alguns locais, h\u00e1 cobran\u00e7a extra; em outros, a troca pode ser recusada.  O tour tamb\u00e9m pode ser realizado para pequenos grupos com guia local falante de ingl\u00eas; para mais informa\u00e7\u00f5es, entre em contato conosco.","og_url":"https:\/\/mountainguides.pro\/pt\/tours\/trekking\/bhutan-the-tour-of-dragon-trails-druk-path-trek\/","og_site_name":"Mountain Guide","article_publisher":"https:\/\/www.facebook.com\/Mountainguide-232956566756831\/","article_modified_time":"2026-04-06T14:21:31+00:00","og_image":[{"width":2023,"height":1200,"url":"https:\/\/mountainguides.pro\/wp-content\/uploads\/2023\/10\/Bhutan-11.jpg","type":"image\/jpeg"}],"twitter_card":"summary_large_image","twitter_site":"@Wintercyclone","twitter_misc":{"Tempo estimado de leitura":"1 minuto"},"schema":{"@context":"https:\/\/schema.org","@graph":[{"@type":"WebPage","@id":"https:\/\/mountainguides.pro\/tours\/trekking\/bhutan-the-tour-of-dragon-trails-druk-path-trek\/","url":"https:\/\/mountainguides.pro\/tours\/trekking\/bhutan-the-tour-of-dragon-trails-druk-path-trek\/","name":"Trekking Bhutan","isPartOf":{"@id":"https:\/\/mountainguides.pro\/#website"},"primaryImageOfPage":{"@id":"https:\/\/mountainguides.pro\/tours\/trekking\/bhutan-the-tour-of-dragon-trails-druk-path-trek\/#primaryimage"},"image":{"@id":"https:\/\/mountainguides.pro\/tours\/trekking\/bhutan-the-tour-of-dragon-trails-druk-path-trek\/#primaryimage"},"thumbnailUrl":"https:\/\/mountainguides.pro\/wp-content\/uploads\/2023\/10\/Bhutan-11.jpg","datePublished":"2023-10-17T09:00:40+00:00","dateModified":"2026-04-06T14:21:31+00:00","breadcrumb":{"@id":"https:\/\/mountainguides.pro\/tours\/trekking\/bhutan-the-tour-of-dragon-trails-druk-path-trek\/#breadcrumb"},"inLanguage":"pt","potentialAction":[{"@type":"ReadAction","target":["https:\/\/mountainguides.pro\/tours\/trekking\/bhutan-the-tour-of-dragon-trails-druk-path-trek\/"]}]},{"@type":"ImageObject","inLanguage":"pt","@id":"https:\/\/mountainguides.pro\/tours\/trekking\/bhutan-the-tour-of-dragon-trails-druk-path-trek\/#primaryimage","url":"https:\/\/mountainguides.pro\/wp-content\/uploads\/2023\/10\/Bhutan-11.jpg","contentUrl":"https:\/\/mountainguides.pro\/wp-content\/uploads\/2023\/10\/Bhutan-11.jpg","width":2023,"height":1200},{"@type":"BreadcrumbList","@id":"https:\/\/mountainguides.pro\/tours\/trekking\/bhutan-the-tour-of-dragon-trails-druk-path-trek\/#breadcrumb","itemListElement":[{"@type":"ListItem","position":1,"name":"Home","item":"https:\/\/mountainguides.pro\/de\/"},{"@type":"ListItem","position":2,"name":"Bhutan. The Tour of Dragon Trails (Druk-Path Trek)"}]},{"@type":"WebSite","@id":"https:\/\/mountainguides.pro\/#website","url":"https:\/\/mountainguides.pro\/","name":"Mountain Guide","description":"We aspire to be the first in everything!","publisher":{"@id":"https:\/\/mountainguides.pro\/#organization"},"potentialAction":[{"@type":"SearchAction","target":{"@type":"EntryPoint","urlTemplate":"https:\/\/mountainguides.pro\/?s={search_term_string}"},"query-input":{"@type":"PropertyValueSpecification","valueRequired":true,"valueName":"search_term_string"}}],"inLanguage":"pt"},{"@type":"Organization","@id":"https:\/\/mountainguides.pro\/#organization","name":"Mountain Guide","url":"https:\/\/mountainguides.pro\/","logo":{"@type":"ImageObject","inLanguage":"pt","@id":"https:\/\/mountainguides.pro\/#\/schema\/logo\/image\/","url":"https:\/\/mountainguides.pro\/wp-content\/uploads\/2018\/01\/mglogo.jpg","contentUrl":"https:\/\/mountainguides.pro\/wp-content\/uploads\/2018\/01\/mglogo.jpg","width":1200,"height":630,"caption":"Mountain Guide"},"image":{"@id":"https:\/\/mountainguides.pro\/#\/schema\/logo\/image\/"},"sameAs":["https:\/\/www.facebook.com\/Mountainguide-232956566756831\/","https:\/\/x.com\/Wintercyclone","http:\/\/instagram.com\/mountainguide","http:\/\/www.youtube.com\/mountainguide"]}]}},"_links":{"self":[{"href":"https:\/\/mountainguides.pro\/pt\/wp-json\/wp\/v2\/product\/19672","targetHints":{"allow":["GET"]}}],"collection":[{"href":"https:\/\/mountainguides.pro\/pt\/wp-json\/wp\/v2\/product"}],"about":[{"href":"https:\/\/mountainguides.pro\/pt\/wp-json\/wp\/v2\/types\/product"}],"replies":[{"embeddable":true,"href":"https:\/\/mountainguides.pro\/pt\/wp-json\/wp\/v2\/comments?post=19672"}],"version-history":[{"count":21,"href":"https:\/\/mountainguides.pro\/pt\/wp-json\/wp\/v2\/product\/19672\/revisions"}],"predecessor-version":[{"id":33369,"href":"https:\/\/mountainguides.pro\/pt\/wp-json\/wp\/v2\/product\/19672\/revisions\/33369"}],"wp:featuredmedia":[{"embeddable":true,"href":"https:\/\/mountainguides.pro\/pt\/wp-json\/wp\/v2\/media\/19675"}],"wp:attachment":[{"href":"https:\/\/mountainguides.pro\/pt\/wp-json\/wp\/v2\/media?parent=19672"}],"wp:term":[{"taxonomy":"product_cat","embeddable":true,"href":"https:\/\/mountainguides.pro\/pt\/wp-json\/wp\/v2\/product_cat?post=19672"},{"taxonomy":"product_tag","embeddable":true,"href":"https:\/\/mountainguides.pro\/pt\/wp-json\/wp\/v2\/product_tag?post=19672"}],"curies":[{"name":"wp","href":"https:\/\/api.w.org\/{rel}","templated":true}]}}