{"id":19792,"date":"2023-11-02T12:39:55","date_gmt":"2023-11-02T09:39:55","guid":{"rendered":"https:\/\/mountainguides.pro\/?post_type=product&#038;p=19792"},"modified":"2026-04-06T17:41:49","modified_gmt":"2026-04-06T14:41:49","slug":"brazil-pantanal-iguassu-rio","status":"publish","type":"product","link":"https:\/\/mountainguides.pro\/pt\/tours\/adventure\/brazil-pantanal-iguassu-rio\/","title":{"rendered":"Tour no Brasil: Pantanal, Igua\u00e7u, Rio"},"content":{"rendered":"","protected":false},"excerpt":{"rendered":"<p class=\"p1\"><strong>Chamamos sua aten\u00e7\u00e3o para o fato de que nossa empresa n\u00e3o atua na compra ou venda de passagens a\u00e9reas e na emiss\u00e3o de vistos, portanto n\u00e3o se responsabiliza por situa\u00e7\u00f5es de for\u00e7a maior relacionadas a voos e \u00e0 passagem de fronteiras.<\/strong><i><\/i><\/p>\n<ul>\n<li class=\"p1\">Veremos uma das 7 maravilhas do mundo \u2013 as Cataratas do Igua\u00e7u, que s\u00e3o mais altas e mais largas do que as famosas Cataratas do Ni\u00e1gara<\/li>\n<li class=\"p1\">Desceremos por uma corda suspensa livremente em uma caverna de quase 100 metros, considerada uma das mais bonitas da Am\u00e9rica do Sul<\/li>\n<li class=\"p1\">Praticaremos mergulho entre esp\u00e9cies \u00fanicas de peixes, que vivem h\u00e1 mais de 2 milh\u00f5es de anos em completa isola\u00e7\u00e3o<\/li>\n<li class=\"p1\">Sobrevoaremos o Pantanal, uma das zonas naturais mais \u00fanicas do planeta<\/li>\n<li class=\"p1\">Veremos animais que s\u00f3 vivem aqui: on\u00e7as-pintadas do Pantanal, tamandu\u00e1s gigantes, jaguatiricas, macacos, sucuris, bem como o maior roedor do mundo \u2013 a capivara<\/li>\n<li class=\"p1\">Pescaremos e prepararemos piranhas para o almo\u00e7o<\/li>\n<li class=\"p1\">Aprenderemos a lan\u00e7ar la\u00e7o, como nos antigos filmes de faroeste americanos<\/li>\n<li class=\"p1\">Dividiremos nosso sandu\u00edche com jacar\u00e9s em um piquenique<\/li>\n<li class=\"p1\">Aprenderemos a andar a cavalo e faremos uma verdadeira viagem pela selva<\/li>\n<li class=\"p1\">Remaremos de caiaque pelo Rio Negro, afluente da Amaz\u00f4nia, o misterioso rio negro da Am\u00e9rica do Sul<\/li>\n<li class=\"p1\">Veremos manadas de gado da melhor qualidade do mundo, e talvez at\u00e9 uma on\u00e7a ca\u00e7ando-os<\/li>\n<\/ul>\n","protected":false},"featured_media":21462,"comment_status":"closed","ping_status":"closed","template":"","meta":{"_acf_changed":false,"footnotes":""},"product_cat":[337],"product_tag":[],"class_list":{"0":"post-19792","1":"product","2":"type-product","3":"status-publish","4":"has-post-thumbnail","6":"product_cat-adventure","8":"first","9":"instock","10":"shipping-taxable","11":"purchasable","12":"product-type-simple"},"acf":[],"yoast_head":"<!-- This site is optimized with the Yoast SEO Premium plugin v26.5 (Yoast SEO v27.3) - https:\/\/yoast.com\/product\/yoast-seo-premium-wordpress\/ -->\n<title>Adventure Brazil Pantanal<\/title>\n<meta name=\"robots\" content=\"index, follow, max-snippet:-1, max-image-preview:large, max-video-preview:-1\" \/>\n<link rel=\"canonical\" href=\"https:\/\/mountainguides.pro\/pt\/tours\/adventure\/brazil-pantanal-iguassu-rio\/\" \/>\n<meta property=\"og:locale\" content=\"pt_PT\" \/>\n<meta property=\"og:locale:alternate\" content=\"en_US\" \/>\n<meta property=\"og:locale:alternate\" content=\"ru_RU\" \/>\n<meta property=\"og:locale:alternate\" content=\"de\" \/>\n<meta property=\"og:locale:alternate\" content=\"es\" \/>\n<meta property=\"og:locale:alternate\" content=\"zh\" \/>\n<meta property=\"og:locale:alternate\" content=\"ko\" \/>\n<meta property=\"og:locale:alternate\" content=\"ja\" \/>\n<meta property=\"og:locale:alternate\" content=\"hi\" \/>\n<meta property=\"og:locale:alternate\" content=\"ar\" \/>\n<meta property=\"og:type\" content=\"article\" \/>\n<meta property=\"og:title\" content=\"Tour no Brasil: Pantanal, Igua\u00e7u, Rio\" \/>\n<meta property=\"og:description\" content=\"Chamamos sua aten\u00e7\u00e3o para o fato de que nossa empresa n\u00e3o atua na compra ou venda de passagens a\u00e9reas e na emiss\u00e3o de vistos, portanto n\u00e3o se responsabiliza por situa\u00e7\u00f5es de for\u00e7a maior relacionadas a voos e \u00e0 passagem de fronteiras.    Veremos uma das 7 maravilhas do mundo \u2013 as Cataratas do Igua\u00e7u, que s\u00e3o mais altas e mais largas do que as famosas Cataratas do Ni\u00e1gara  Desceremos por uma corda suspensa livremente em uma caverna de quase 100 metros, considerada uma das mais bonitas da Am\u00e9rica do Sul  Praticaremos mergulho entre esp\u00e9cies \u00fanicas de peixes, que vivem h\u00e1 mais de 2 milh\u00f5es de anos em completa isola\u00e7\u00e3o  Sobrevoaremos o Pantanal, uma das zonas naturais mais \u00fanicas do planeta  Veremos animais que s\u00f3 vivem aqui: on\u00e7as-pintadas do Pantanal, tamandu\u00e1s gigantes, jaguatiricas, macacos, sucuris, bem como o maior roedor do mundo \u2013 a capivara  Pescaremos e prepararemos piranhas para o almo\u00e7o  Aprenderemos a lan\u00e7ar la\u00e7o, como nos antigos filmes de faroeste americanos  Dividiremos nosso sandu\u00edche com jacar\u00e9s em um piquenique  Aprenderemos a andar a cavalo e faremos uma verdadeira viagem pela selva  Remaremos de caiaque pelo Rio Negro, afluente da Amaz\u00f4nia, o misterioso rio negro da Am\u00e9rica do Sul  Veremos manadas de gado da melhor qualidade do mundo, e talvez at\u00e9 uma on\u00e7a ca\u00e7ando-os\" \/>\n<meta property=\"og:url\" content=\"https:\/\/mountainguides.pro\/pt\/tours\/adventure\/brazil-pantanal-iguassu-rio\/\" \/>\n<meta property=\"og:site_name\" content=\"Mountain Guide\" \/>\n<meta property=\"article:publisher\" content=\"https:\/\/www.facebook.com\/Mountainguide-232956566756831\/\" \/>\n<meta property=\"article:modified_time\" content=\"2026-04-06T14:41:49+00:00\" \/>\n<meta property=\"og:image\" content=\"https:\/\/mountainguides.pro\/wp-content\/uploads\/2023\/11\/pantanal-braziliya-iguasu-i-rio.jpg\" \/>\n\t<meta property=\"og:image:width\" content=\"1600\" \/>\n\t<meta property=\"og:image:height\" content=\"1200\" \/>\n\t<meta property=\"og:image:type\" content=\"image\/jpeg\" \/>\n<meta name=\"twitter:card\" content=\"summary_large_image\" \/>\n<meta name=\"twitter:site\" content=\"@Wintercyclone\" \/>\n<meta name=\"twitter:label1\" content=\"Tempo estimado de leitura\" \/>\n\t<meta name=\"twitter:data1\" content=\"1 minuto\" \/>\n<script type=\"application\/ld+json\" class=\"yoast-schema-graph\">{\"@context\":\"https:\\\/\\\/schema.org\",\"@graph\":[{\"@type\":\"WebPage\",\"@id\":\"https:\\\/\\\/mountainguides.pro\\\/tours\\\/adventure\\\/brazil-pantanal-iguassu-rio\\\/\",\"url\":\"https:\\\/\\\/mountainguides.pro\\\/tours\\\/adventure\\\/brazil-pantanal-iguassu-rio\\\/\",\"name\":\"Adventure Brazil Pantanal\",\"isPartOf\":{\"@id\":\"https:\\\/\\\/mountainguides.pro\\\/#website\"},\"primaryImageOfPage\":{\"@id\":\"https:\\\/\\\/mountainguides.pro\\\/tours\\\/adventure\\\/brazil-pantanal-iguassu-rio\\\/#primaryimage\"},\"image\":{\"@id\":\"https:\\\/\\\/mountainguides.pro\\\/tours\\\/adventure\\\/brazil-pantanal-iguassu-rio\\\/#primaryimage\"},\"thumbnailUrl\":\"https:\\\/\\\/mountainguides.pro\\\/wp-content\\\/uploads\\\/2023\\\/11\\\/pantanal-braziliya-iguasu-i-rio.jpg\",\"datePublished\":\"2023-11-02T09:39:55+00:00\",\"dateModified\":\"2026-04-06T14:41:49+00:00\",\"breadcrumb\":{\"@id\":\"https:\\\/\\\/mountainguides.pro\\\/tours\\\/adventure\\\/brazil-pantanal-iguassu-rio\\\/#breadcrumb\"},\"inLanguage\":\"pt\",\"potentialAction\":[{\"@type\":\"ReadAction\",\"target\":[\"https:\\\/\\\/mountainguides.pro\\\/tours\\\/adventure\\\/brazil-pantanal-iguassu-rio\\\/\"]}]},{\"@type\":\"ImageObject\",\"inLanguage\":\"pt\",\"@id\":\"https:\\\/\\\/mountainguides.pro\\\/tours\\\/adventure\\\/brazil-pantanal-iguassu-rio\\\/#primaryimage\",\"url\":\"https:\\\/\\\/mountainguides.pro\\\/wp-content\\\/uploads\\\/2023\\\/11\\\/pantanal-braziliya-iguasu-i-rio.jpg\",\"contentUrl\":\"https:\\\/\\\/mountainguides.pro\\\/wp-content\\\/uploads\\\/2023\\\/11\\\/pantanal-braziliya-iguasu-i-rio.jpg\",\"width\":1600,\"height\":1200},{\"@type\":\"BreadcrumbList\",\"@id\":\"https:\\\/\\\/mountainguides.pro\\\/tours\\\/adventure\\\/brazil-pantanal-iguassu-rio\\\/#breadcrumb\",\"itemListElement\":[{\"@type\":\"ListItem\",\"position\":1,\"name\":\"Home\",\"item\":\"https:\\\/\\\/mountainguides.pro\\\/de\\\/\"},{\"@type\":\"ListItem\",\"position\":2,\"name\":\"Brazil: Pantanal, Iguassu, Rio\"}]},{\"@type\":\"WebSite\",\"@id\":\"https:\\\/\\\/mountainguides.pro\\\/#website\",\"url\":\"https:\\\/\\\/mountainguides.pro\\\/\",\"name\":\"Mountain Guide\",\"description\":\"We aspire to be the first in everything!\",\"publisher\":{\"@id\":\"https:\\\/\\\/mountainguides.pro\\\/#organization\"},\"potentialAction\":[{\"@type\":\"SearchAction\",\"target\":{\"@type\":\"EntryPoint\",\"urlTemplate\":\"https:\\\/\\\/mountainguides.pro\\\/?s={search_term_string}\"},\"query-input\":{\"@type\":\"PropertyValueSpecification\",\"valueRequired\":true,\"valueName\":\"search_term_string\"}}],\"inLanguage\":\"pt\"},{\"@type\":\"Organization\",\"@id\":\"https:\\\/\\\/mountainguides.pro\\\/#organization\",\"name\":\"Mountain Guide\",\"url\":\"https:\\\/\\\/mountainguides.pro\\\/\",\"logo\":{\"@type\":\"ImageObject\",\"inLanguage\":\"pt\",\"@id\":\"https:\\\/\\\/mountainguides.pro\\\/#\\\/schema\\\/logo\\\/image\\\/\",\"url\":\"https:\\\/\\\/mountainguides.pro\\\/wp-content\\\/uploads\\\/2018\\\/01\\\/mglogo.jpg\",\"contentUrl\":\"https:\\\/\\\/mountainguides.pro\\\/wp-content\\\/uploads\\\/2018\\\/01\\\/mglogo.jpg\",\"width\":1200,\"height\":630,\"caption\":\"Mountain Guide\"},\"image\":{\"@id\":\"https:\\\/\\\/mountainguides.pro\\\/#\\\/schema\\\/logo\\\/image\\\/\"},\"sameAs\":[\"https:\\\/\\\/www.facebook.com\\\/Mountainguide-232956566756831\\\/\",\"https:\\\/\\\/x.com\\\/Wintercyclone\",\"http:\\\/\\\/instagram.com\\\/mountainguide\",\"http:\\\/\\\/www.youtube.com\\\/mountainguide\"]}]}<\/script>\n<!-- \/ Yoast SEO Premium plugin. -->","yoast_head_json":{"title":"Adventure Brazil Pantanal","robots":{"index":"index","follow":"follow","max-snippet":"max-snippet:-1","max-image-preview":"max-image-preview:large","max-video-preview":"max-video-preview:-1"},"canonical":"https:\/\/mountainguides.pro\/pt\/tours\/adventure\/brazil-pantanal-iguassu-rio\/","og_locale":"pt_PT","og_type":"article","og_title":"[:en]Brazil: Pantanal, Iguassu, Rio[:de]Tour nach Brasilien: Pantanal, Igua\u00e7u, Rio[:es]Tour a Brasil: Pantanal, Iguaz\u00fa, r\u00edo[:pt]Tour no Brasil: Pantanal, Igua\u00e7u, Rio[:zh]\u5df4\u897f\u4e4b\u65c5\uff1a\u6f58\u5854\u7eb3\u5c14\u6e7f\u5730\u3001\u4f0a\u74dc\u82cf\u3001\u91cc\u7ea6[:ko]\ube0c\ub77c\uc9c8 \ud22c\uc5b4:\ud310\ud0c0\ub0a0,\uc774\uacfc\uc218,\ub9ac\uc624[:ja]\u30d6\u30e9\u30b8\u30eb\u30c4\u30a2\u30fc\uff1a\u30d1\u30f3\u30bf\u30ca\u30fc\u30eb\u3001\u30a4\u30b0\u30a2\u30b9\u3001\u30ea\u30aa[:hi]\u092c\u094d\u0930\u093e\u091c\u0940\u0932 \u091f\u0942\u0930: \u092a\u0948\u0902\u091f\u093e\u0928\u0932, \u0907\u0917\u093e\u091c\u093c\u0941, \u0930\u093f\u092f\u094b[:ar]\u062c\u0648\u0644\u0629 \u0627\u0644\u0628\u0631\u0627\u0632\u064a\u0644: \u0628\u0627\u0646\u062a\u0627\u0646\u0627\u0644 \u060c \u0625\u062c\u0648\u0627\u0632\u0648 \u060c \u0631\u064a\u0648[:]","og_description":"Chamamos sua aten\u00e7\u00e3o para o fato de que nossa empresa n\u00e3o atua na compra ou venda de passagens a\u00e9reas e na emiss\u00e3o de vistos, portanto n\u00e3o se responsabiliza por situa\u00e7\u00f5es de for\u00e7a maior relacionadas a voos e \u00e0 passagem de fronteiras.    Veremos uma das 7 maravilhas do mundo \u2013 as Cataratas do Igua\u00e7u, que s\u00e3o mais altas e mais largas do que as famosas Cataratas do Ni\u00e1gara  Desceremos por uma corda suspensa livremente em uma caverna de quase 100 metros, considerada uma das mais bonitas da Am\u00e9rica do Sul  Praticaremos mergulho entre esp\u00e9cies \u00fanicas de peixes, que vivem h\u00e1 mais de 2 milh\u00f5es de anos em completa isola\u00e7\u00e3o  Sobrevoaremos o Pantanal, uma das zonas naturais mais \u00fanicas do planeta  Veremos animais que s\u00f3 vivem aqui: on\u00e7as-pintadas do Pantanal, tamandu\u00e1s gigantes, jaguatiricas, macacos, sucuris, bem como o maior roedor do mundo \u2013 a capivara  Pescaremos e prepararemos piranhas para o almo\u00e7o  Aprenderemos a lan\u00e7ar la\u00e7o, como nos antigos filmes de faroeste americanos  Dividiremos nosso sandu\u00edche com jacar\u00e9s em um piquenique  Aprenderemos a andar a cavalo e faremos uma verdadeira viagem pela selva  Remaremos de caiaque pelo Rio Negro, afluente da Amaz\u00f4nia, o misterioso rio negro da Am\u00e9rica do Sul  Veremos manadas de gado da melhor qualidade do mundo, e talvez at\u00e9 uma on\u00e7a ca\u00e7ando-os","og_url":"https:\/\/mountainguides.pro\/pt\/tours\/adventure\/brazil-pantanal-iguassu-rio\/","og_site_name":"Mountain Guide","article_publisher":"https:\/\/www.facebook.com\/Mountainguide-232956566756831\/","article_modified_time":"2026-04-06T14:41:49+00:00","og_image":[{"width":1600,"height":1200,"url":"https:\/\/mountainguides.pro\/wp-content\/uploads\/2023\/11\/pantanal-braziliya-iguasu-i-rio.jpg","type":"image\/jpeg"}],"twitter_card":"summary_large_image","twitter_site":"@Wintercyclone","twitter_misc":{"Tempo estimado de leitura":"1 minuto"},"schema":{"@context":"https:\/\/schema.org","@graph":[{"@type":"WebPage","@id":"https:\/\/mountainguides.pro\/tours\/adventure\/brazil-pantanal-iguassu-rio\/","url":"https:\/\/mountainguides.pro\/tours\/adventure\/brazil-pantanal-iguassu-rio\/","name":"Adventure Brazil Pantanal","isPartOf":{"@id":"https:\/\/mountainguides.pro\/#website"},"primaryImageOfPage":{"@id":"https:\/\/mountainguides.pro\/tours\/adventure\/brazil-pantanal-iguassu-rio\/#primaryimage"},"image":{"@id":"https:\/\/mountainguides.pro\/tours\/adventure\/brazil-pantanal-iguassu-rio\/#primaryimage"},"thumbnailUrl":"https:\/\/mountainguides.pro\/wp-content\/uploads\/2023\/11\/pantanal-braziliya-iguasu-i-rio.jpg","datePublished":"2023-11-02T09:39:55+00:00","dateModified":"2026-04-06T14:41:49+00:00","breadcrumb":{"@id":"https:\/\/mountainguides.pro\/tours\/adventure\/brazil-pantanal-iguassu-rio\/#breadcrumb"},"inLanguage":"pt","potentialAction":[{"@type":"ReadAction","target":["https:\/\/mountainguides.pro\/tours\/adventure\/brazil-pantanal-iguassu-rio\/"]}]},{"@type":"ImageObject","inLanguage":"pt","@id":"https:\/\/mountainguides.pro\/tours\/adventure\/brazil-pantanal-iguassu-rio\/#primaryimage","url":"https:\/\/mountainguides.pro\/wp-content\/uploads\/2023\/11\/pantanal-braziliya-iguasu-i-rio.jpg","contentUrl":"https:\/\/mountainguides.pro\/wp-content\/uploads\/2023\/11\/pantanal-braziliya-iguasu-i-rio.jpg","width":1600,"height":1200},{"@type":"BreadcrumbList","@id":"https:\/\/mountainguides.pro\/tours\/adventure\/brazil-pantanal-iguassu-rio\/#breadcrumb","itemListElement":[{"@type":"ListItem","position":1,"name":"Home","item":"https:\/\/mountainguides.pro\/de\/"},{"@type":"ListItem","position":2,"name":"Brazil: Pantanal, Iguassu, Rio"}]},{"@type":"WebSite","@id":"https:\/\/mountainguides.pro\/#website","url":"https:\/\/mountainguides.pro\/","name":"Mountain Guide","description":"We aspire to be the first in everything!","publisher":{"@id":"https:\/\/mountainguides.pro\/#organization"},"potentialAction":[{"@type":"SearchAction","target":{"@type":"EntryPoint","urlTemplate":"https:\/\/mountainguides.pro\/?s={search_term_string}"},"query-input":{"@type":"PropertyValueSpecification","valueRequired":true,"valueName":"search_term_string"}}],"inLanguage":"pt"},{"@type":"Organization","@id":"https:\/\/mountainguides.pro\/#organization","name":"Mountain Guide","url":"https:\/\/mountainguides.pro\/","logo":{"@type":"ImageObject","inLanguage":"pt","@id":"https:\/\/mountainguides.pro\/#\/schema\/logo\/image\/","url":"https:\/\/mountainguides.pro\/wp-content\/uploads\/2018\/01\/mglogo.jpg","contentUrl":"https:\/\/mountainguides.pro\/wp-content\/uploads\/2018\/01\/mglogo.jpg","width":1200,"height":630,"caption":"Mountain Guide"},"image":{"@id":"https:\/\/mountainguides.pro\/#\/schema\/logo\/image\/"},"sameAs":["https:\/\/www.facebook.com\/Mountainguide-232956566756831\/","https:\/\/x.com\/Wintercyclone","http:\/\/instagram.com\/mountainguide","http:\/\/www.youtube.com\/mountainguide"]}]}},"_links":{"self":[{"href":"https:\/\/mountainguides.pro\/pt\/wp-json\/wp\/v2\/product\/19792","targetHints":{"allow":["GET"]}}],"collection":[{"href":"https:\/\/mountainguides.pro\/pt\/wp-json\/wp\/v2\/product"}],"about":[{"href":"https:\/\/mountainguides.pro\/pt\/wp-json\/wp\/v2\/types\/product"}],"replies":[{"embeddable":true,"href":"https:\/\/mountainguides.pro\/pt\/wp-json\/wp\/v2\/comments?post=19792"}],"version-history":[{"count":13,"href":"https:\/\/mountainguides.pro\/pt\/wp-json\/wp\/v2\/product\/19792\/revisions"}],"predecessor-version":[{"id":33385,"href":"https:\/\/mountainguides.pro\/pt\/wp-json\/wp\/v2\/product\/19792\/revisions\/33385"}],"wp:featuredmedia":[{"embeddable":true,"href":"https:\/\/mountainguides.pro\/pt\/wp-json\/wp\/v2\/media\/21462"}],"wp:attachment":[{"href":"https:\/\/mountainguides.pro\/pt\/wp-json\/wp\/v2\/media?parent=19792"}],"wp:term":[{"taxonomy":"product_cat","embeddable":true,"href":"https:\/\/mountainguides.pro\/pt\/wp-json\/wp\/v2\/product_cat?post=19792"},{"taxonomy":"product_tag","embeddable":true,"href":"https:\/\/mountainguides.pro\/pt\/wp-json\/wp\/v2\/product_tag?post=19792"}],"curies":[{"name":"wp","href":"https:\/\/api.w.org\/{rel}","templated":true}]}}