{"id":19795,"date":"2023-11-02T13:34:06","date_gmt":"2023-11-02T10:34:06","guid":{"rendered":"https:\/\/mountainguides.pro\/?post_type=product&#038;p=19795"},"modified":"2026-01-29T16:10:55","modified_gmt":"2026-01-29T13:10:55","slug":"chile-from-the-atacama-to-tierra-del-fuego","status":"publish","type":"product","link":"https:\/\/mountainguides.pro\/pt\/tours\/adventure\/chile-from-the-atacama-to-tierra-del-fuego\/","title":{"rendered":"Tour no Chile: do Atacama \u00e0 terra do fogo"},"content":{"rendered":"","protected":false},"excerpt":{"rendered":"<p class=\"p1\"><strong>Chamamos sua aten\u00e7\u00e3o para o fato de que nossa empresa n\u00e3o atua na compra, venda de passagens a\u00e9reas e na emiss\u00e3o de vistos, portanto n\u00e3o se responsabiliza por imprevistos relacionados a voos ou passagem de fronteiras.<\/strong><\/p>\n<ul>\n<li>\n<p class=\"p1\">Deserto do Atacama \u2013 o lugar mais seco da Terra, com \u00e1reas onde nunca choveu<\/p>\n<\/li>\n<li>\n<p class=\"p1\">Um lugar misterioso, que atrai milhares de turistas anualmente para \u201cvisitar a lua\u201d<\/p>\n<\/li>\n<li>\n<p class=\"p1\">Sentir-se como uma \u201crolha \u00e0 deriva\u201d na Laguna Chaxa, no maior salar da Am\u00e9rica do Sul<\/p>\n<\/li>\n<li>\n<p class=\"p1\">Ilha de P\u00e1scoa, lar das majestosas est\u00e1tuas moai<\/p>\n<\/li>\n<li>\n<p class=\"p1\">Provar o piment\u00e3o mais picante do Chile, degustar o famoso asado e, claro, pratos de frutos do mar acompanhados de um copo de Chardonnay local<\/p>\n<\/li>\n<li>\n<p class=\"p1\">Passeio pela ilha, onde vivem as maiores col\u00f4nias de pinguins de Magalh\u00e3es e de Papua<\/p>\n<\/li>\n<li>\n<p class=\"p1\">O verdadeiro fim do mundo \u2014 cidade de Ushuaia, na Terra do Fogo<\/p>\n<\/li>\n<li>\n<p class=\"p1\">O parque nacional mais famoso da Am\u00e9rica Latina: Torres del Paine<\/p>\n<\/li>\n<li>\n<p class=\"p1\">Glaciar Perito Moreno, que concentra a terceira maior reserva de \u00e1gua doce da Terra<\/p>\n<\/li>\n<\/ul>\n<p>&nbsp;<\/p>\n","protected":false},"featured_media":19796,"comment_status":"closed","ping_status":"closed","template":"","meta":{"_acf_changed":false,"footnotes":""},"product_cat":[337],"product_tag":[],"class_list":{"0":"post-19795","1":"product","2":"type-product","3":"status-publish","4":"has-post-thumbnail","6":"product_cat-adventure","8":"first","9":"instock","10":"shipping-taxable","11":"purchasable","12":"product-type-simple"},"acf":[],"yoast_head":"<!-- This site is optimized with the Yoast SEO Premium plugin v26.5 (Yoast SEO v27.3) - https:\/\/yoast.com\/product\/yoast-seo-premium-wordpress\/ -->\n<title>Adventure Chile<\/title>\n<meta name=\"robots\" content=\"index, follow, max-snippet:-1, max-image-preview:large, max-video-preview:-1\" \/>\n<link rel=\"canonical\" href=\"https:\/\/mountainguides.pro\/pt\/tours\/adventure\/chile-from-the-atacama-to-tierra-del-fuego\/\" \/>\n<meta property=\"og:locale\" content=\"pt_PT\" \/>\n<meta property=\"og:locale:alternate\" content=\"en_US\" \/>\n<meta property=\"og:locale:alternate\" content=\"ru_RU\" \/>\n<meta property=\"og:locale:alternate\" content=\"de\" \/>\n<meta property=\"og:locale:alternate\" content=\"es\" \/>\n<meta property=\"og:locale:alternate\" content=\"zh\" \/>\n<meta property=\"og:locale:alternate\" content=\"ko\" \/>\n<meta property=\"og:locale:alternate\" content=\"ja\" \/>\n<meta property=\"og:locale:alternate\" content=\"hi\" \/>\n<meta property=\"og:locale:alternate\" content=\"ar\" \/>\n<meta property=\"og:type\" content=\"article\" \/>\n<meta property=\"og:title\" content=\"Tour no Chile: do Atacama \u00e0 terra do fogo\" \/>\n<meta property=\"og:description\" content=\"Chamamos sua aten\u00e7\u00e3o para o fato de que nossa empresa n\u00e3o atua na compra, venda de passagens a\u00e9reas e na emiss\u00e3o de vistos, portanto n\u00e3o se responsabiliza por imprevistos relacionados a voos ou passagem de fronteiras.     Deserto do Atacama \u2013 o lugar mais seco da Terra, com \u00e1reas onde nunca choveu    Um lugar misterioso, que atrai milhares de turistas anualmente para \u201cvisitar a lua\u201d    Sentir-se como uma \u201crolha \u00e0 deriva\u201d na Laguna Chaxa, no maior salar da Am\u00e9rica do Sul    Ilha de P\u00e1scoa, lar das majestosas est\u00e1tuas moai    Provar o piment\u00e3o mais picante do Chile, degustar o famoso asado e, claro, pratos de frutos do mar acompanhados de um copo de Chardonnay local    Passeio pela ilha, onde vivem as maiores col\u00f4nias de pinguins de Magalh\u00e3es e de Papua    O verdadeiro fim do mundo \u2014 cidade de Ushuaia, na Terra do Fogo    O parque nacional mais famoso da Am\u00e9rica Latina: Torres del Paine    Glaciar Perito Moreno, que concentra a terceira maior reserva de \u00e1gua doce da Terra   &nbsp;\" \/>\n<meta property=\"og:url\" content=\"https:\/\/mountainguides.pro\/pt\/tours\/adventure\/chile-from-the-atacama-to-tierra-del-fuego\/\" \/>\n<meta property=\"og:site_name\" content=\"Mountain Guide\" \/>\n<meta property=\"article:publisher\" content=\"https:\/\/www.facebook.com\/Mountainguide-232956566756831\/\" \/>\n<meta property=\"article:modified_time\" content=\"2026-01-29T13:10:55+00:00\" \/>\n<meta property=\"og:image\" content=\"https:\/\/mountainguides.pro\/wp-content\/uploads\/2023\/11\/Chili.jpeg\" \/>\n\t<meta property=\"og:image:width\" content=\"1600\" \/>\n\t<meta property=\"og:image:height\" content=\"1200\" \/>\n\t<meta property=\"og:image:type\" content=\"image\/jpeg\" \/>\n<meta name=\"twitter:card\" content=\"summary_large_image\" \/>\n<meta name=\"twitter:site\" content=\"@Wintercyclone\" \/>\n<meta name=\"twitter:label1\" content=\"Tempo estimado de leitura\" \/>\n\t<meta name=\"twitter:data1\" content=\"1 minuto\" \/>\n<script type=\"application\/ld+json\" class=\"yoast-schema-graph\">{\"@context\":\"https:\\\/\\\/schema.org\",\"@graph\":[{\"@type\":\"WebPage\",\"@id\":\"https:\\\/\\\/mountainguides.pro\\\/ar\\\/tours\\\/adventure\\\/chile-from-the-atacama-to-tierra-del-fuego\\\/\",\"url\":\"https:\\\/\\\/mountainguides.pro\\\/ar\\\/tours\\\/adventure\\\/chile-from-the-atacama-to-tierra-del-fuego\\\/\",\"name\":\"Adventure Chile\",\"isPartOf\":{\"@id\":\"https:\\\/\\\/mountainguides.pro\\\/#website\"},\"primaryImageOfPage\":{\"@id\":\"https:\\\/\\\/mountainguides.pro\\\/ar\\\/tours\\\/adventure\\\/chile-from-the-atacama-to-tierra-del-fuego\\\/#primaryimage\"},\"image\":{\"@id\":\"https:\\\/\\\/mountainguides.pro\\\/ar\\\/tours\\\/adventure\\\/chile-from-the-atacama-to-tierra-del-fuego\\\/#primaryimage\"},\"thumbnailUrl\":\"https:\\\/\\\/mountainguides.pro\\\/wp-content\\\/uploads\\\/2023\\\/11\\\/Chili.jpeg\",\"datePublished\":\"2023-11-02T10:34:06+00:00\",\"dateModified\":\"2026-01-29T13:10:55+00:00\",\"breadcrumb\":{\"@id\":\"https:\\\/\\\/mountainguides.pro\\\/ar\\\/tours\\\/adventure\\\/chile-from-the-atacama-to-tierra-del-fuego\\\/#breadcrumb\"},\"inLanguage\":\"pt\",\"potentialAction\":[{\"@type\":\"ReadAction\",\"target\":[\"https:\\\/\\\/mountainguides.pro\\\/ar\\\/tours\\\/adventure\\\/chile-from-the-atacama-to-tierra-del-fuego\\\/\"]}]},{\"@type\":\"ImageObject\",\"inLanguage\":\"pt\",\"@id\":\"https:\\\/\\\/mountainguides.pro\\\/ar\\\/tours\\\/adventure\\\/chile-from-the-atacama-to-tierra-del-fuego\\\/#primaryimage\",\"url\":\"https:\\\/\\\/mountainguides.pro\\\/wp-content\\\/uploads\\\/2023\\\/11\\\/Chili.jpeg\",\"contentUrl\":\"https:\\\/\\\/mountainguides.pro\\\/wp-content\\\/uploads\\\/2023\\\/11\\\/Chili.jpeg\",\"width\":1600,\"height\":1200},{\"@type\":\"BreadcrumbList\",\"@id\":\"https:\\\/\\\/mountainguides.pro\\\/ar\\\/tours\\\/adventure\\\/chile-from-the-atacama-to-tierra-del-fuego\\\/#breadcrumb\",\"itemListElement\":[{\"@type\":\"ListItem\",\"position\":1,\"name\":\"Home\",\"item\":\"https:\\\/\\\/mountainguides.pro\\\/de\\\/\"},{\"@type\":\"ListItem\",\"position\":2,\"name\":\"\u062c\u0648\u0644\u0629 \u062a\u0634\u064a\u0644\u064a: \u0645\u0646 \u0623\u062a\u0627\u0643\u0627\u0645\u0627 \u0625\u0644\u0649 \u062a\u064a\u064a\u0631\u0627 \u062f\u064a\u0644 \u0641\u0648\u064a\u063a\u0648\"}]},{\"@type\":\"WebSite\",\"@id\":\"https:\\\/\\\/mountainguides.pro\\\/#website\",\"url\":\"https:\\\/\\\/mountainguides.pro\\\/\",\"name\":\"Mountain Guide\",\"description\":\"We aspire to be the first in everything!\",\"publisher\":{\"@id\":\"https:\\\/\\\/mountainguides.pro\\\/#organization\"},\"potentialAction\":[{\"@type\":\"SearchAction\",\"target\":{\"@type\":\"EntryPoint\",\"urlTemplate\":\"https:\\\/\\\/mountainguides.pro\\\/?s={search_term_string}\"},\"query-input\":{\"@type\":\"PropertyValueSpecification\",\"valueRequired\":true,\"valueName\":\"search_term_string\"}}],\"inLanguage\":\"pt\"},{\"@type\":\"Organization\",\"@id\":\"https:\\\/\\\/mountainguides.pro\\\/#organization\",\"name\":\"Mountain Guide\",\"url\":\"https:\\\/\\\/mountainguides.pro\\\/\",\"logo\":{\"@type\":\"ImageObject\",\"inLanguage\":\"pt\",\"@id\":\"https:\\\/\\\/mountainguides.pro\\\/#\\\/schema\\\/logo\\\/image\\\/\",\"url\":\"https:\\\/\\\/mountainguides.pro\\\/wp-content\\\/uploads\\\/2018\\\/01\\\/mglogo.jpg\",\"contentUrl\":\"https:\\\/\\\/mountainguides.pro\\\/wp-content\\\/uploads\\\/2018\\\/01\\\/mglogo.jpg\",\"width\":1200,\"height\":630,\"caption\":\"Mountain Guide\"},\"image\":{\"@id\":\"https:\\\/\\\/mountainguides.pro\\\/#\\\/schema\\\/logo\\\/image\\\/\"},\"sameAs\":[\"https:\\\/\\\/www.facebook.com\\\/Mountainguide-232956566756831\\\/\",\"https:\\\/\\\/x.com\\\/Wintercyclone\",\"http:\\\/\\\/instagram.com\\\/mountainguide\",\"http:\\\/\\\/www.youtube.com\\\/mountainguide\"]}]}<\/script>\n<!-- \/ Yoast SEO Premium plugin. -->","yoast_head_json":{"title":"Adventure Chile","robots":{"index":"index","follow":"follow","max-snippet":"max-snippet:-1","max-image-preview":"max-image-preview:large","max-video-preview":"max-video-preview:-1"},"canonical":"https:\/\/mountainguides.pro\/pt\/tours\/adventure\/chile-from-the-atacama-to-tierra-del-fuego\/","og_locale":"pt_PT","og_type":"article","og_title":"[:en]Chile: from the Atacama to Tierra del Fuego[:de]Chile-Tour: Von Atacama ins feurige Land[:es]Gira por Chile: de Atacama a tierra del Fuego[:pt]Tour no Chile: do Atacama \u00e0 terra do fogo[:zh]\u667a\u5229\u4e4b\u65c5\uff1a\u4ece\u963f\u5854\u5361\u9a6c\u5230\u706b\u5730\u5c9b[:ko]\uce60\ub808 \ud22c\uc5b4:\uc544\ud0c0 \uce74\ub9c8\uc5d0\uc11c \ud2f0\uc5d0\ub77c \ub378 \ud478 \uc5d0\uace0\uae4c\uc9c0[:ja]\u30c1\u30ea\u30c4\u30a2\u30fc\uff1a\u30a2\u30bf\u30ab\u30de\u304b\u3089\u30c6\u30a3\u30a8\u30e9\u30c7\u30eb\u30d5\u30a8\u30b4\u3078[:hi]\u091a\u093f\u0932\u0940 \u091f\u0942\u0930: \u0905\u091f\u093e\u0915\u093e\u092e\u093e \u0938\u0947 \u091f\u093f\u090f\u0930\u093e \u0921\u0947\u0932 \u092b\u0941\u090f\u0917\u094b \u0924\u0915[:ar]\u062c\u0648\u0644\u0629 \u062a\u0634\u064a\u0644\u064a: \u0645\u0646 \u0623\u062a\u0627\u0643\u0627\u0645\u0627 \u0625\u0644\u0649 \u062a\u064a\u064a\u0631\u0627 \u062f\u064a\u0644 \u0641\u0648\u064a\u063a\u0648[:]","og_description":"Chamamos sua aten\u00e7\u00e3o para o fato de que nossa empresa n\u00e3o atua na compra, venda de passagens a\u00e9reas e na emiss\u00e3o de vistos, portanto n\u00e3o se responsabiliza por imprevistos relacionados a voos ou passagem de fronteiras.     Deserto do Atacama \u2013 o lugar mais seco da Terra, com \u00e1reas onde nunca choveu    Um lugar misterioso, que atrai milhares de turistas anualmente para \u201cvisitar a lua\u201d    Sentir-se como uma \u201crolha \u00e0 deriva\u201d na Laguna Chaxa, no maior salar da Am\u00e9rica do Sul    Ilha de P\u00e1scoa, lar das majestosas est\u00e1tuas moai    Provar o piment\u00e3o mais picante do Chile, degustar o famoso asado e, claro, pratos de frutos do mar acompanhados de um copo de Chardonnay local    Passeio pela ilha, onde vivem as maiores col\u00f4nias de pinguins de Magalh\u00e3es e de Papua    O verdadeiro fim do mundo \u2014 cidade de Ushuaia, na Terra do Fogo    O parque nacional mais famoso da Am\u00e9rica Latina: Torres del Paine    Glaciar Perito Moreno, que concentra a terceira maior reserva de \u00e1gua doce da Terra   &nbsp;","og_url":"https:\/\/mountainguides.pro\/pt\/tours\/adventure\/chile-from-the-atacama-to-tierra-del-fuego\/","og_site_name":"Mountain Guide","article_publisher":"https:\/\/www.facebook.com\/Mountainguide-232956566756831\/","article_modified_time":"2026-01-29T13:10:55+00:00","og_image":[{"width":1600,"height":1200,"url":"https:\/\/mountainguides.pro\/wp-content\/uploads\/2023\/11\/Chili.jpeg","type":"image\/jpeg"}],"twitter_card":"summary_large_image","twitter_site":"@Wintercyclone","twitter_misc":{"Tempo estimado de leitura":"1 minuto"},"schema":{"@context":"https:\/\/schema.org","@graph":[{"@type":"WebPage","@id":"https:\/\/mountainguides.pro\/ar\/tours\/adventure\/chile-from-the-atacama-to-tierra-del-fuego\/","url":"https:\/\/mountainguides.pro\/ar\/tours\/adventure\/chile-from-the-atacama-to-tierra-del-fuego\/","name":"Adventure Chile","isPartOf":{"@id":"https:\/\/mountainguides.pro\/#website"},"primaryImageOfPage":{"@id":"https:\/\/mountainguides.pro\/ar\/tours\/adventure\/chile-from-the-atacama-to-tierra-del-fuego\/#primaryimage"},"image":{"@id":"https:\/\/mountainguides.pro\/ar\/tours\/adventure\/chile-from-the-atacama-to-tierra-del-fuego\/#primaryimage"},"thumbnailUrl":"https:\/\/mountainguides.pro\/wp-content\/uploads\/2023\/11\/Chili.jpeg","datePublished":"2023-11-02T10:34:06+00:00","dateModified":"2026-01-29T13:10:55+00:00","breadcrumb":{"@id":"https:\/\/mountainguides.pro\/ar\/tours\/adventure\/chile-from-the-atacama-to-tierra-del-fuego\/#breadcrumb"},"inLanguage":"pt","potentialAction":[{"@type":"ReadAction","target":["https:\/\/mountainguides.pro\/ar\/tours\/adventure\/chile-from-the-atacama-to-tierra-del-fuego\/"]}]},{"@type":"ImageObject","inLanguage":"pt","@id":"https:\/\/mountainguides.pro\/ar\/tours\/adventure\/chile-from-the-atacama-to-tierra-del-fuego\/#primaryimage","url":"https:\/\/mountainguides.pro\/wp-content\/uploads\/2023\/11\/Chili.jpeg","contentUrl":"https:\/\/mountainguides.pro\/wp-content\/uploads\/2023\/11\/Chili.jpeg","width":1600,"height":1200},{"@type":"BreadcrumbList","@id":"https:\/\/mountainguides.pro\/ar\/tours\/adventure\/chile-from-the-atacama-to-tierra-del-fuego\/#breadcrumb","itemListElement":[{"@type":"ListItem","position":1,"name":"Home","item":"https:\/\/mountainguides.pro\/de\/"},{"@type":"ListItem","position":2,"name":"\u062c\u0648\u0644\u0629 \u062a\u0634\u064a\u0644\u064a: \u0645\u0646 \u0623\u062a\u0627\u0643\u0627\u0645\u0627 \u0625\u0644\u0649 \u062a\u064a\u064a\u0631\u0627 \u062f\u064a\u0644 \u0641\u0648\u064a\u063a\u0648"}]},{"@type":"WebSite","@id":"https:\/\/mountainguides.pro\/#website","url":"https:\/\/mountainguides.pro\/","name":"Mountain Guide","description":"We aspire to be the first in everything!","publisher":{"@id":"https:\/\/mountainguides.pro\/#organization"},"potentialAction":[{"@type":"SearchAction","target":{"@type":"EntryPoint","urlTemplate":"https:\/\/mountainguides.pro\/?s={search_term_string}"},"query-input":{"@type":"PropertyValueSpecification","valueRequired":true,"valueName":"search_term_string"}}],"inLanguage":"pt"},{"@type":"Organization","@id":"https:\/\/mountainguides.pro\/#organization","name":"Mountain Guide","url":"https:\/\/mountainguides.pro\/","logo":{"@type":"ImageObject","inLanguage":"pt","@id":"https:\/\/mountainguides.pro\/#\/schema\/logo\/image\/","url":"https:\/\/mountainguides.pro\/wp-content\/uploads\/2018\/01\/mglogo.jpg","contentUrl":"https:\/\/mountainguides.pro\/wp-content\/uploads\/2018\/01\/mglogo.jpg","width":1200,"height":630,"caption":"Mountain Guide"},"image":{"@id":"https:\/\/mountainguides.pro\/#\/schema\/logo\/image\/"},"sameAs":["https:\/\/www.facebook.com\/Mountainguide-232956566756831\/","https:\/\/x.com\/Wintercyclone","http:\/\/instagram.com\/mountainguide","http:\/\/www.youtube.com\/mountainguide"]}]}},"_links":{"self":[{"href":"https:\/\/mountainguides.pro\/pt\/wp-json\/wp\/v2\/product\/19795","targetHints":{"allow":["GET"]}}],"collection":[{"href":"https:\/\/mountainguides.pro\/pt\/wp-json\/wp\/v2\/product"}],"about":[{"href":"https:\/\/mountainguides.pro\/pt\/wp-json\/wp\/v2\/types\/product"}],"replies":[{"embeddable":true,"href":"https:\/\/mountainguides.pro\/pt\/wp-json\/wp\/v2\/comments?post=19795"}],"version-history":[{"count":11,"href":"https:\/\/mountainguides.pro\/pt\/wp-json\/wp\/v2\/product\/19795\/revisions"}],"predecessor-version":[{"id":32686,"href":"https:\/\/mountainguides.pro\/pt\/wp-json\/wp\/v2\/product\/19795\/revisions\/32686"}],"wp:featuredmedia":[{"embeddable":true,"href":"https:\/\/mountainguides.pro\/pt\/wp-json\/wp\/v2\/media\/19796"}],"wp:attachment":[{"href":"https:\/\/mountainguides.pro\/pt\/wp-json\/wp\/v2\/media?parent=19795"}],"wp:term":[{"taxonomy":"product_cat","embeddable":true,"href":"https:\/\/mountainguides.pro\/pt\/wp-json\/wp\/v2\/product_cat?post=19795"},{"taxonomy":"product_tag","embeddable":true,"href":"https:\/\/mountainguides.pro\/pt\/wp-json\/wp\/v2\/product_tag?post=19795"}],"curies":[{"name":"wp","href":"https:\/\/api.w.org\/{rel}","templated":true}]}}