{"id":19934,"date":"2024-02-07T09:13:52","date_gmt":"2024-02-07T06:13:52","guid":{"rendered":"https:\/\/mountainguides.pro\/?post_type=product&#038;p=19934"},"modified":"2026-04-06T15:54:35","modified_gmt":"2026-04-06T12:54:35","slug":"climb-kilimanjaro-lemosho","status":"publish","type":"product","link":"https:\/\/mountainguides.pro\/pt\/tours\/climbing\/climb-kilimanjaro-lemosho\/","title":{"rendered":"Escalando o Kilimanjaro pela Rota Lemosho"},"content":{"rendered":"","protected":false},"excerpt":{"rendered":"<ul>\n<li class=\"p1\">Suba ao verdadeiro \u201cTeto da \u00c1frica\u201d, o ponto mais alto do continente africano<\/li>\n<li class=\"p1\">A subida mais f\u00e1cil do projeto \u201cSete Cumes do Mundo\u201d<\/li>\n<li class=\"p1\">Aclimata\u00e7\u00e3o gradual, permitindo subir sem dores de cabe\u00e7a ou mal-estar<\/li>\n<li class=\"p1\">Guias com experi\u00eancia em altitudes de 8000 metros \u2013 sua garantia de seguran\u00e7a<\/li>\n<li class=\"p1\">Acomoda\u00e7\u00e3o confort\u00e1vel durante toda a subida<\/li>\n<li class=\"p1\">Alimenta\u00e7\u00e3o saborosa e variada em todo o percurso<\/li>\n<li class=\"p1\">Bom hotel antes e depois da subida<\/li>\n<li class=\"p1\">Possibilidade de recompensar-se com um saf\u00e1ri nos melhores parques da Tanz\u00e2nia ap\u00f3s a subida<\/li>\n<\/ul>\n<p class=\"p3\"><b>Observe que nossa empresa n\u00e3o atua na compra ou venda de passagens a\u00e9reas nem na emiss\u00e3o de vistos, portanto n\u00e3o se responsabiliza por imprevistos relacionados a voos e passagem de fronteiras.<\/b><b><\/b><\/p>\n<p class=\"p1\"><strong>Na \u00c1frica, h\u00e1 dificuldades com a troca de c\u00e9dulas pequenas, desgastadas ou antigas (emitidas antes de 2009). Tenha isso em mente: em alguns lugares haver\u00e1 cobran\u00e7a de taxa extra, em outros podem recusar a troca.<\/strong><\/p>\n<p class=\"p1\"><strong>Recomendamos fortemente obter o visto da Tanz\u00e2nia online e t\u00ea-lo em m\u00e3os antes do embarque, pois \u00e0s vezes n\u00e3o permitem embarcar sem ele.<\/strong><\/p>\n","protected":false},"featured_media":19940,"comment_status":"closed","ping_status":"closed","template":"","meta":{"_acf_changed":false,"footnotes":""},"product_cat":[320],"product_tag":[],"class_list":{"0":"post-19934","1":"product","2":"type-product","3":"status-publish","4":"has-post-thumbnail","6":"product_cat-climbing","8":"first","9":"instock","10":"shipping-taxable","11":"purchasable","12":"product-type-simple"},"acf":[],"yoast_head":"<!-- This site is optimized with the Yoast SEO Premium plugin v26.5 (Yoast SEO v27.5) - https:\/\/yoast.com\/product\/yoast-seo-premium-wordpress\/ -->\n<title>Climb Kilimanjaro Lemosho<\/title>\n<meta name=\"robots\" content=\"index, follow, max-snippet:-1, max-image-preview:large, max-video-preview:-1\" \/>\n<link rel=\"canonical\" href=\"https:\/\/mountainguides.pro\/pt\/tours\/climbing\/climb-kilimanjaro-lemosho\/\" \/>\n<meta property=\"og:locale\" content=\"pt_PT\" \/>\n<meta property=\"og:locale:alternate\" content=\"en_US\" \/>\n<meta property=\"og:locale:alternate\" content=\"ru_RU\" \/>\n<meta property=\"og:locale:alternate\" content=\"de\" \/>\n<meta property=\"og:locale:alternate\" content=\"es\" \/>\n<meta property=\"og:locale:alternate\" content=\"zh\" \/>\n<meta property=\"og:locale:alternate\" content=\"ko\" \/>\n<meta property=\"og:locale:alternate\" content=\"ja\" \/>\n<meta property=\"og:locale:alternate\" content=\"hi\" \/>\n<meta property=\"og:locale:alternate\" content=\"ar\" \/>\n<meta property=\"og:type\" content=\"article\" \/>\n<meta property=\"og:title\" content=\"Escalando o Kilimanjaro pela Rota Lemosho\" \/>\n<meta property=\"og:description\" content=\"Suba ao verdadeiro \u201cTeto da \u00c1frica\u201d, o ponto mais alto do continente africano  A subida mais f\u00e1cil do projeto \u201cSete Cumes do Mundo\u201d  Aclimata\u00e7\u00e3o gradual, permitindo subir sem dores de cabe\u00e7a ou mal-estar  Guias com experi\u00eancia em altitudes de 8000 metros \u2013 sua garantia de seguran\u00e7a  Acomoda\u00e7\u00e3o confort\u00e1vel durante toda a subida  Alimenta\u00e7\u00e3o saborosa e variada em todo o percurso  Bom hotel antes e depois da subida  Possibilidade de recompensar-se com um saf\u00e1ri nos melhores parques da Tanz\u00e2nia ap\u00f3s a subida  Observe que nossa empresa n\u00e3o atua na compra ou venda de passagens a\u00e9reas nem na emiss\u00e3o de vistos, portanto n\u00e3o se responsabiliza por imprevistos relacionados a voos e passagem de fronteiras. Na \u00c1frica, h\u00e1 dificuldades com a troca de c\u00e9dulas pequenas, desgastadas ou antigas (emitidas antes de 2009). Tenha isso em mente: em alguns lugares haver\u00e1 cobran\u00e7a de taxa extra, em outros podem recusar a troca. Recomendamos fortemente obter o visto da Tanz\u00e2nia online e t\u00ea-lo em m\u00e3os antes do embarque, pois \u00e0s vezes n\u00e3o permitem embarcar sem ele.\" \/>\n<meta property=\"og:url\" content=\"https:\/\/mountainguides.pro\/pt\/tours\/climbing\/climb-kilimanjaro-lemosho\/\" \/>\n<meta property=\"og:site_name\" content=\"Mountain Guide\" \/>\n<meta property=\"article:publisher\" content=\"https:\/\/www.facebook.com\/Mountainguide-232956566756831\/\" \/>\n<meta property=\"article:modified_time\" content=\"2026-04-06T12:54:35+00:00\" \/>\n<meta property=\"og:image\" content=\"https:\/\/mountainguides.pro\/wp-content\/uploads\/2024\/02\/voshozhdenie-na-kilimandzharo-tanzaniya.jpg\" \/>\n\t<meta property=\"og:image:width\" content=\"1600\" \/>\n\t<meta property=\"og:image:height\" content=\"1200\" \/>\n\t<meta property=\"og:image:type\" content=\"image\/jpeg\" \/>\n<meta name=\"twitter:card\" content=\"summary_large_image\" \/>\n<meta name=\"twitter:site\" content=\"@Wintercyclone\" \/>\n<meta name=\"twitter:label1\" content=\"Tempo estimado de leitura\" \/>\n\t<meta name=\"twitter:data1\" content=\"1 minuto\" \/>\n<script type=\"application\/ld+json\" class=\"yoast-schema-graph\">{\"@context\":\"https:\\\/\\\/schema.org\",\"@graph\":[{\"@type\":\"WebPage\",\"@id\":\"https:\\\/\\\/mountainguides.pro\\\/tours\\\/climbing\\\/climb-kilimanjaro-lemosho\\\/\",\"url\":\"https:\\\/\\\/mountainguides.pro\\\/tours\\\/climbing\\\/climb-kilimanjaro-lemosho\\\/\",\"name\":\"Climb Kilimanjaro Lemosho\",\"isPartOf\":{\"@id\":\"https:\\\/\\\/mountainguides.pro\\\/#website\"},\"primaryImageOfPage\":{\"@id\":\"https:\\\/\\\/mountainguides.pro\\\/tours\\\/climbing\\\/climb-kilimanjaro-lemosho\\\/#primaryimage\"},\"image\":{\"@id\":\"https:\\\/\\\/mountainguides.pro\\\/tours\\\/climbing\\\/climb-kilimanjaro-lemosho\\\/#primaryimage\"},\"thumbnailUrl\":\"https:\\\/\\\/mountainguides.pro\\\/wp-content\\\/uploads\\\/2024\\\/02\\\/voshozhdenie-na-kilimandzharo-tanzaniya.jpg\",\"datePublished\":\"2024-02-07T06:13:52+00:00\",\"dateModified\":\"2026-04-06T12:54:35+00:00\",\"breadcrumb\":{\"@id\":\"https:\\\/\\\/mountainguides.pro\\\/tours\\\/climbing\\\/climb-kilimanjaro-lemosho\\\/#breadcrumb\"},\"inLanguage\":\"pt\",\"potentialAction\":[{\"@type\":\"ReadAction\",\"target\":[\"https:\\\/\\\/mountainguides.pro\\\/tours\\\/climbing\\\/climb-kilimanjaro-lemosho\\\/\"]}]},{\"@type\":\"ImageObject\",\"inLanguage\":\"pt\",\"@id\":\"https:\\\/\\\/mountainguides.pro\\\/tours\\\/climbing\\\/climb-kilimanjaro-lemosho\\\/#primaryimage\",\"url\":\"https:\\\/\\\/mountainguides.pro\\\/wp-content\\\/uploads\\\/2024\\\/02\\\/voshozhdenie-na-kilimandzharo-tanzaniya.jpg\",\"contentUrl\":\"https:\\\/\\\/mountainguides.pro\\\/wp-content\\\/uploads\\\/2024\\\/02\\\/voshozhdenie-na-kilimandzharo-tanzaniya.jpg\",\"width\":1600,\"height\":1200},{\"@type\":\"BreadcrumbList\",\"@id\":\"https:\\\/\\\/mountainguides.pro\\\/tours\\\/climbing\\\/climb-kilimanjaro-lemosho\\\/#breadcrumb\",\"itemListElement\":[{\"@type\":\"ListItem\",\"position\":1,\"name\":\"Home\",\"item\":\"https:\\\/\\\/mountainguides.pro\\\/de\\\/\"},{\"@type\":\"ListItem\",\"position\":2,\"name\":\"Climb Kilimanjaro, Lemosho\"}]},{\"@type\":\"WebSite\",\"@id\":\"https:\\\/\\\/mountainguides.pro\\\/#website\",\"url\":\"https:\\\/\\\/mountainguides.pro\\\/\",\"name\":\"Mountain Guide\",\"description\":\"We aspire to be the first in everything!\",\"publisher\":{\"@id\":\"https:\\\/\\\/mountainguides.pro\\\/#organization\"},\"potentialAction\":[{\"@type\":\"SearchAction\",\"target\":{\"@type\":\"EntryPoint\",\"urlTemplate\":\"https:\\\/\\\/mountainguides.pro\\\/?s={search_term_string}\"},\"query-input\":{\"@type\":\"PropertyValueSpecification\",\"valueRequired\":true,\"valueName\":\"search_term_string\"}}],\"inLanguage\":\"pt\"},{\"@type\":\"Organization\",\"@id\":\"https:\\\/\\\/mountainguides.pro\\\/#organization\",\"name\":\"Mountain Guide\",\"url\":\"https:\\\/\\\/mountainguides.pro\\\/\",\"logo\":{\"@type\":\"ImageObject\",\"inLanguage\":\"pt\",\"@id\":\"https:\\\/\\\/mountainguides.pro\\\/#\\\/schema\\\/logo\\\/image\\\/\",\"url\":\"https:\\\/\\\/mountainguides.pro\\\/wp-content\\\/uploads\\\/2018\\\/01\\\/mglogo.jpg\",\"contentUrl\":\"https:\\\/\\\/mountainguides.pro\\\/wp-content\\\/uploads\\\/2018\\\/01\\\/mglogo.jpg\",\"width\":1200,\"height\":630,\"caption\":\"Mountain Guide\"},\"image\":{\"@id\":\"https:\\\/\\\/mountainguides.pro\\\/#\\\/schema\\\/logo\\\/image\\\/\"},\"sameAs\":[\"https:\\\/\\\/www.facebook.com\\\/Mountainguide-232956566756831\\\/\",\"https:\\\/\\\/x.com\\\/Wintercyclone\",\"http:\\\/\\\/instagram.com\\\/mountainguide\",\"http:\\\/\\\/www.youtube.com\\\/mountainguide\"]}]}<\/script>\n<!-- \/ Yoast SEO Premium plugin. -->","yoast_head_json":{"title":"Climb Kilimanjaro Lemosho","robots":{"index":"index","follow":"follow","max-snippet":"max-snippet:-1","max-image-preview":"max-image-preview:large","max-video-preview":"max-video-preview:-1"},"canonical":"https:\/\/mountainguides.pro\/pt\/tours\/climbing\/climb-kilimanjaro-lemosho\/","og_locale":"pt_PT","og_type":"article","og_title":"[:en]Climb Kilimanjaro, Lemosho[:de]Aufstieg zum Kilimanjaro entlang der Lemosho-Route[:es]Escalada del Kilimanjaro por la ruta Lemosho[:pt]Escalando o Kilimanjaro pela Rota Lemosho[:zh]\u901a\u8fc7 Lemosho \u8def\u7ebf\u6500\u767b\u4e5e\u529b\u9a6c\u624e\u7f57\u5c71[:ko]\ud0ac\ub9ac\ub9cc\uc790\ub85c\ub97c \ub4f1\ubc18\ud558\ub294 \ub808\ubaa8\uc1fc[:ja]\u30ec\u30e2\u30b7\u30e7\u30af\u30e9\u30a4\u30df\u30f3\u30b0\u30ad\u30ea\u30de\u30f3\u30b8\u30e3\u30ed[:hi]\u0932\u0947\u092e\u094b\u0936\u094b \u091a\u0922\u093c\u093e\u0908 \u0915\u093f\u0932\u093f\u092e\u0902\u091c\u093e\u0930\u094b[:ar]\u0644\u064a\u0645\u0648\u0634\u0648 \u062a\u0633\u0644\u0642 \u0643\u0644\u064a\u0645\u0646\u062c\u0627\u0631\u0648[:]","og_description":"Suba ao verdadeiro \u201cTeto da \u00c1frica\u201d, o ponto mais alto do continente africano  A subida mais f\u00e1cil do projeto \u201cSete Cumes do Mundo\u201d  Aclimata\u00e7\u00e3o gradual, permitindo subir sem dores de cabe\u00e7a ou mal-estar  Guias com experi\u00eancia em altitudes de 8000 metros \u2013 sua garantia de seguran\u00e7a  Acomoda\u00e7\u00e3o confort\u00e1vel durante toda a subida  Alimenta\u00e7\u00e3o saborosa e variada em todo o percurso  Bom hotel antes e depois da subida  Possibilidade de recompensar-se com um saf\u00e1ri nos melhores parques da Tanz\u00e2nia ap\u00f3s a subida  Observe que nossa empresa n\u00e3o atua na compra ou venda de passagens a\u00e9reas nem na emiss\u00e3o de vistos, portanto n\u00e3o se responsabiliza por imprevistos relacionados a voos e passagem de fronteiras. Na \u00c1frica, h\u00e1 dificuldades com a troca de c\u00e9dulas pequenas, desgastadas ou antigas (emitidas antes de 2009). Tenha isso em mente: em alguns lugares haver\u00e1 cobran\u00e7a de taxa extra, em outros podem recusar a troca. Recomendamos fortemente obter o visto da Tanz\u00e2nia online e t\u00ea-lo em m\u00e3os antes do embarque, pois \u00e0s vezes n\u00e3o permitem embarcar sem ele.","og_url":"https:\/\/mountainguides.pro\/pt\/tours\/climbing\/climb-kilimanjaro-lemosho\/","og_site_name":"Mountain Guide","article_publisher":"https:\/\/www.facebook.com\/Mountainguide-232956566756831\/","article_modified_time":"2026-04-06T12:54:35+00:00","og_image":[{"width":1600,"height":1200,"url":"https:\/\/mountainguides.pro\/wp-content\/uploads\/2024\/02\/voshozhdenie-na-kilimandzharo-tanzaniya.jpg","type":"image\/jpeg"}],"twitter_card":"summary_large_image","twitter_site":"@Wintercyclone","twitter_misc":{"Tempo estimado de leitura":"1 minuto"},"schema":{"@context":"https:\/\/schema.org","@graph":[{"@type":"WebPage","@id":"https:\/\/mountainguides.pro\/tours\/climbing\/climb-kilimanjaro-lemosho\/","url":"https:\/\/mountainguides.pro\/tours\/climbing\/climb-kilimanjaro-lemosho\/","name":"Climb Kilimanjaro Lemosho","isPartOf":{"@id":"https:\/\/mountainguides.pro\/#website"},"primaryImageOfPage":{"@id":"https:\/\/mountainguides.pro\/tours\/climbing\/climb-kilimanjaro-lemosho\/#primaryimage"},"image":{"@id":"https:\/\/mountainguides.pro\/tours\/climbing\/climb-kilimanjaro-lemosho\/#primaryimage"},"thumbnailUrl":"https:\/\/mountainguides.pro\/wp-content\/uploads\/2024\/02\/voshozhdenie-na-kilimandzharo-tanzaniya.jpg","datePublished":"2024-02-07T06:13:52+00:00","dateModified":"2026-04-06T12:54:35+00:00","breadcrumb":{"@id":"https:\/\/mountainguides.pro\/tours\/climbing\/climb-kilimanjaro-lemosho\/#breadcrumb"},"inLanguage":"pt","potentialAction":[{"@type":"ReadAction","target":["https:\/\/mountainguides.pro\/tours\/climbing\/climb-kilimanjaro-lemosho\/"]}]},{"@type":"ImageObject","inLanguage":"pt","@id":"https:\/\/mountainguides.pro\/tours\/climbing\/climb-kilimanjaro-lemosho\/#primaryimage","url":"https:\/\/mountainguides.pro\/wp-content\/uploads\/2024\/02\/voshozhdenie-na-kilimandzharo-tanzaniya.jpg","contentUrl":"https:\/\/mountainguides.pro\/wp-content\/uploads\/2024\/02\/voshozhdenie-na-kilimandzharo-tanzaniya.jpg","width":1600,"height":1200},{"@type":"BreadcrumbList","@id":"https:\/\/mountainguides.pro\/tours\/climbing\/climb-kilimanjaro-lemosho\/#breadcrumb","itemListElement":[{"@type":"ListItem","position":1,"name":"Home","item":"https:\/\/mountainguides.pro\/de\/"},{"@type":"ListItem","position":2,"name":"Climb Kilimanjaro, Lemosho"}]},{"@type":"WebSite","@id":"https:\/\/mountainguides.pro\/#website","url":"https:\/\/mountainguides.pro\/","name":"Mountain Guide","description":"We aspire to be the first in everything!","publisher":{"@id":"https:\/\/mountainguides.pro\/#organization"},"potentialAction":[{"@type":"SearchAction","target":{"@type":"EntryPoint","urlTemplate":"https:\/\/mountainguides.pro\/?s={search_term_string}"},"query-input":{"@type":"PropertyValueSpecification","valueRequired":true,"valueName":"search_term_string"}}],"inLanguage":"pt"},{"@type":"Organization","@id":"https:\/\/mountainguides.pro\/#organization","name":"Mountain Guide","url":"https:\/\/mountainguides.pro\/","logo":{"@type":"ImageObject","inLanguage":"pt","@id":"https:\/\/mountainguides.pro\/#\/schema\/logo\/image\/","url":"https:\/\/mountainguides.pro\/wp-content\/uploads\/2018\/01\/mglogo.jpg","contentUrl":"https:\/\/mountainguides.pro\/wp-content\/uploads\/2018\/01\/mglogo.jpg","width":1200,"height":630,"caption":"Mountain Guide"},"image":{"@id":"https:\/\/mountainguides.pro\/#\/schema\/logo\/image\/"},"sameAs":["https:\/\/www.facebook.com\/Mountainguide-232956566756831\/","https:\/\/x.com\/Wintercyclone","http:\/\/instagram.com\/mountainguide","http:\/\/www.youtube.com\/mountainguide"]}]}},"_links":{"self":[{"href":"https:\/\/mountainguides.pro\/pt\/wp-json\/wp\/v2\/product\/19934","targetHints":{"allow":["GET"]}}],"collection":[{"href":"https:\/\/mountainguides.pro\/pt\/wp-json\/wp\/v2\/product"}],"about":[{"href":"https:\/\/mountainguides.pro\/pt\/wp-json\/wp\/v2\/types\/product"}],"replies":[{"embeddable":true,"href":"https:\/\/mountainguides.pro\/pt\/wp-json\/wp\/v2\/comments?post=19934"}],"version-history":[{"count":23,"href":"https:\/\/mountainguides.pro\/pt\/wp-json\/wp\/v2\/product\/19934\/revisions"}],"predecessor-version":[{"id":33328,"href":"https:\/\/mountainguides.pro\/pt\/wp-json\/wp\/v2\/product\/19934\/revisions\/33328"}],"wp:featuredmedia":[{"embeddable":true,"href":"https:\/\/mountainguides.pro\/pt\/wp-json\/wp\/v2\/media\/19940"}],"wp:attachment":[{"href":"https:\/\/mountainguides.pro\/pt\/wp-json\/wp\/v2\/media?parent=19934"}],"wp:term":[{"taxonomy":"product_cat","embeddable":true,"href":"https:\/\/mountainguides.pro\/pt\/wp-json\/wp\/v2\/product_cat?post=19934"},{"taxonomy":"product_tag","embeddable":true,"href":"https:\/\/mountainguides.pro\/pt\/wp-json\/wp\/v2\/product_tag?post=19934"}],"curies":[{"name":"wp","href":"https:\/\/api.w.org\/{rel}","templated":true}]}}