{"id":21091,"date":"2025-01-08T16:49:12","date_gmt":"2025-01-08T13:49:12","guid":{"rendered":"https:\/\/mountainguides.pro\/?post_type=product&#038;p=21091"},"modified":"2026-03-16T10:41:42","modified_gmt":"2026-03-16T07:41:42","slug":"trekking-to-kanchenjunga-base-camp-short","status":"publish","type":"product","link":"https:\/\/mountainguides.pro\/pt\/tours\/trekking\/trekking-to-kanchenjunga-base-camp-short\/","title":{"rendered":"Trekking no acampamento base Kanchenjunga (curto)"},"content":{"rendered":"","protected":false},"excerpt":{"rendered":"<ul>\n<li class=\"p1\">Ver a terceira montanha mais alta do mundo \u2013 Kanchenjunga, provavelmente a mais pitoresca<\/li>\n<li class=\"p1\">Chegar, segundo a lenda, ao portal para o mundo dos imortais<\/li>\n<li class=\"p1\">\u00c9 nesta regi\u00e3o que, em 1925, uma expedi\u00e7\u00e3o brit\u00e2nica encontrou o Yeti, chamado pelos hindus de \u201cdem\u00f4nio de Kanchenjunga\u201d<\/li>\n<li class=\"p1\">O trekking ocorre em uma regi\u00e3o selvagem do Nepal, praticamente sem turistas, diferente das rotas mais populares<\/li>\n<li class=\"p1\">Para quem tem tempo limitado, h\u00e1 a possibilidade de reduzir o programa via helic\u00f3ptero em tr\u00eas dias, completando em duas semanas \u00fateis<\/li>\n<\/ul>\n<p class=\"p1\"><strong>*Atente que nossa empresa n\u00e3o realiza compra, venda de passagens a\u00e9reas nem emiss\u00e3o de vistos, portanto n\u00e3o se responsabiliza por casos de for\u00e7a maior relacionados a voos ou passagem de fronteiras.<\/strong><\/p>\n<p class=\"p1\"><strong>Informa\u00e7\u00f5es importantes:<\/strong><\/p>\n<ul>\n<li class=\"p1\">O hor\u00e1rio de check-in e check-out \u00e9 regulamentado pelo hotel: check-in a partir das 15h, check-out at\u00e9 11-12h. A bagagem pode ser deixada na recep\u00e7\u00e3o do hotel para passeios pela cidade ou, se houver possibilidade t\u00e9cnica, pagar a mais pelo check-in antecipado\/check-out tardio.<\/li>\n<li class=\"p1\">No Nepal, h\u00e1 algumas dificuldades para trocar notas de d\u00f3lar pequenas, gastas ou antigas (emitidas at\u00e9 2009), portanto esteja atento. Em alguns lugares, h\u00e1 comiss\u00e3o extra; em outros, recusa na troca.<\/li>\n<\/ul>\n","protected":false},"featured_media":21445,"comment_status":"closed","ping_status":"closed","template":"","meta":{"_acf_changed":false,"footnotes":""},"product_cat":[321],"product_tag":[],"class_list":{"0":"post-21091","1":"product","2":"type-product","3":"status-publish","4":"has-post-thumbnail","6":"product_cat-trekking","8":"first","9":"instock","10":"shipping-taxable","11":"purchasable","12":"product-type-simple"},"acf":[],"yoast_head":"<!-- This site is optimized with the Yoast SEO Premium plugin v26.5 (Yoast SEO v27.3) - https:\/\/yoast.com\/product\/yoast-seo-premium-wordpress\/ -->\n<title>Trekking to Kanchenjunga BC Short<\/title>\n<meta name=\"robots\" content=\"index, follow, max-snippet:-1, max-image-preview:large, max-video-preview:-1\" \/>\n<link rel=\"canonical\" href=\"https:\/\/mountainguides.pro\/pt\/tours\/trekking\/trekking-to-kanchenjunga-base-camp-short\/\" \/>\n<meta property=\"og:locale\" content=\"pt_PT\" \/>\n<meta property=\"og:locale:alternate\" content=\"en_US\" \/>\n<meta property=\"og:locale:alternate\" content=\"ru_RU\" \/>\n<meta property=\"og:locale:alternate\" content=\"de\" \/>\n<meta property=\"og:locale:alternate\" content=\"es\" \/>\n<meta property=\"og:locale:alternate\" content=\"zh\" \/>\n<meta property=\"og:locale:alternate\" content=\"ko\" \/>\n<meta property=\"og:locale:alternate\" content=\"ja\" \/>\n<meta property=\"og:locale:alternate\" content=\"hi\" \/>\n<meta property=\"og:locale:alternate\" content=\"ar\" \/>\n<meta property=\"og:type\" content=\"article\" \/>\n<meta property=\"og:title\" content=\"Trekking no acampamento base Kanchenjunga (curto)\" \/>\n<meta property=\"og:description\" content=\"Ver a terceira montanha mais alta do mundo \u2013 Kanchenjunga, provavelmente a mais pitoresca  Chegar, segundo a lenda, ao portal para o mundo dos imortais  \u00c9 nesta regi\u00e3o que, em 1925, uma expedi\u00e7\u00e3o brit\u00e2nica encontrou o Yeti, chamado pelos hindus de \u201cdem\u00f4nio de Kanchenjunga\u201d  O trekking ocorre em uma regi\u00e3o selvagem do Nepal, praticamente sem turistas, diferente das rotas mais populares  Para quem tem tempo limitado, h\u00e1 a possibilidade de reduzir o programa via helic\u00f3ptero em tr\u00eas dias, completando em duas semanas \u00fateis  *Atente que nossa empresa n\u00e3o realiza compra, venda de passagens a\u00e9reas nem emiss\u00e3o de vistos, portanto n\u00e3o se responsabiliza por casos de for\u00e7a maior relacionados a voos ou passagem de fronteiras. Informa\u00e7\u00f5es importantes:    O hor\u00e1rio de check-in e check-out \u00e9 regulamentado pelo hotel: check-in a partir das 15h, check-out at\u00e9 11-12h. A bagagem pode ser deixada na recep\u00e7\u00e3o do hotel para passeios pela cidade ou, se houver possibilidade t\u00e9cnica, pagar a mais pelo check-in antecipado\/check-out tardio.  No Nepal, h\u00e1 algumas dificuldades para trocar notas de d\u00f3lar pequenas, gastas ou antigas (emitidas at\u00e9 2009), portanto esteja atento. Em alguns lugares, h\u00e1 comiss\u00e3o extra; em outros, recusa na troca.\" \/>\n<meta property=\"og:url\" content=\"https:\/\/mountainguides.pro\/pt\/tours\/trekking\/trekking-to-kanchenjunga-base-camp-short\/\" \/>\n<meta property=\"og:site_name\" content=\"Mountain Guide\" \/>\n<meta property=\"article:publisher\" content=\"https:\/\/www.facebook.com\/Mountainguide-232956566756831\/\" \/>\n<meta property=\"article:modified_time\" content=\"2026-03-16T07:41:42+00:00\" \/>\n<meta property=\"og:image\" content=\"https:\/\/mountainguides.pro\/wp-content\/uploads\/2025\/01\/trekking-vokrug-kanchendzhangi.jpg\" \/>\n\t<meta property=\"og:image:width\" content=\"1800\" \/>\n\t<meta property=\"og:image:height\" content=\"1350\" \/>\n\t<meta property=\"og:image:type\" content=\"image\/jpeg\" \/>\n<meta name=\"twitter:card\" content=\"summary_large_image\" \/>\n<meta name=\"twitter:site\" content=\"@Wintercyclone\" \/>\n<meta name=\"twitter:label1\" content=\"Tempo estimado de leitura\" \/>\n\t<meta name=\"twitter:data1\" content=\"1 minuto\" \/>\n<script type=\"application\/ld+json\" class=\"yoast-schema-graph\">{\"@context\":\"https:\\\/\\\/schema.org\",\"@graph\":[{\"@type\":\"WebPage\",\"@id\":\"https:\\\/\\\/mountainguides.pro\\\/tours\\\/trekking\\\/trekking-to-kanchenjunga-base-camp-short\\\/\",\"url\":\"https:\\\/\\\/mountainguides.pro\\\/tours\\\/trekking\\\/trekking-to-kanchenjunga-base-camp-short\\\/\",\"name\":\"Trekking to Kanchenjunga BC Short\",\"isPartOf\":{\"@id\":\"https:\\\/\\\/mountainguides.pro\\\/#website\"},\"primaryImageOfPage\":{\"@id\":\"https:\\\/\\\/mountainguides.pro\\\/tours\\\/trekking\\\/trekking-to-kanchenjunga-base-camp-short\\\/#primaryimage\"},\"image\":{\"@id\":\"https:\\\/\\\/mountainguides.pro\\\/tours\\\/trekking\\\/trekking-to-kanchenjunga-base-camp-short\\\/#primaryimage\"},\"thumbnailUrl\":\"https:\\\/\\\/mountainguides.pro\\\/wp-content\\\/uploads\\\/2025\\\/01\\\/trekking-vokrug-kanchendzhangi.jpg\",\"datePublished\":\"2025-01-08T13:49:12+00:00\",\"dateModified\":\"2026-03-16T07:41:42+00:00\",\"breadcrumb\":{\"@id\":\"https:\\\/\\\/mountainguides.pro\\\/tours\\\/trekking\\\/trekking-to-kanchenjunga-base-camp-short\\\/#breadcrumb\"},\"inLanguage\":\"pt\",\"potentialAction\":[{\"@type\":\"ReadAction\",\"target\":[\"https:\\\/\\\/mountainguides.pro\\\/tours\\\/trekking\\\/trekking-to-kanchenjunga-base-camp-short\\\/\"]}]},{\"@type\":\"ImageObject\",\"inLanguage\":\"pt\",\"@id\":\"https:\\\/\\\/mountainguides.pro\\\/tours\\\/trekking\\\/trekking-to-kanchenjunga-base-camp-short\\\/#primaryimage\",\"url\":\"https:\\\/\\\/mountainguides.pro\\\/wp-content\\\/uploads\\\/2025\\\/01\\\/trekking-vokrug-kanchendzhangi.jpg\",\"contentUrl\":\"https:\\\/\\\/mountainguides.pro\\\/wp-content\\\/uploads\\\/2025\\\/01\\\/trekking-vokrug-kanchendzhangi.jpg\",\"width\":1800,\"height\":1350},{\"@type\":\"BreadcrumbList\",\"@id\":\"https:\\\/\\\/mountainguides.pro\\\/tours\\\/trekking\\\/trekking-to-kanchenjunga-base-camp-short\\\/#breadcrumb\",\"itemListElement\":[{\"@type\":\"ListItem\",\"position\":1,\"name\":\"Home\",\"item\":\"https:\\\/\\\/mountainguides.pro\\\/de\\\/\"},{\"@type\":\"ListItem\",\"position\":2,\"name\":\"Trekking to Kanchenjunga Base Camp (Short)\"}]},{\"@type\":\"WebSite\",\"@id\":\"https:\\\/\\\/mountainguides.pro\\\/#website\",\"url\":\"https:\\\/\\\/mountainguides.pro\\\/\",\"name\":\"Mountain Guide\",\"description\":\"We aspire to be the first in everything!\",\"publisher\":{\"@id\":\"https:\\\/\\\/mountainguides.pro\\\/#organization\"},\"potentialAction\":[{\"@type\":\"SearchAction\",\"target\":{\"@type\":\"EntryPoint\",\"urlTemplate\":\"https:\\\/\\\/mountainguides.pro\\\/?s={search_term_string}\"},\"query-input\":{\"@type\":\"PropertyValueSpecification\",\"valueRequired\":true,\"valueName\":\"search_term_string\"}}],\"inLanguage\":\"pt\"},{\"@type\":\"Organization\",\"@id\":\"https:\\\/\\\/mountainguides.pro\\\/#organization\",\"name\":\"Mountain Guide\",\"url\":\"https:\\\/\\\/mountainguides.pro\\\/\",\"logo\":{\"@type\":\"ImageObject\",\"inLanguage\":\"pt\",\"@id\":\"https:\\\/\\\/mountainguides.pro\\\/#\\\/schema\\\/logo\\\/image\\\/\",\"url\":\"https:\\\/\\\/mountainguides.pro\\\/wp-content\\\/uploads\\\/2018\\\/01\\\/mglogo.jpg\",\"contentUrl\":\"https:\\\/\\\/mountainguides.pro\\\/wp-content\\\/uploads\\\/2018\\\/01\\\/mglogo.jpg\",\"width\":1200,\"height\":630,\"caption\":\"Mountain Guide\"},\"image\":{\"@id\":\"https:\\\/\\\/mountainguides.pro\\\/#\\\/schema\\\/logo\\\/image\\\/\"},\"sameAs\":[\"https:\\\/\\\/www.facebook.com\\\/Mountainguide-232956566756831\\\/\",\"https:\\\/\\\/x.com\\\/Wintercyclone\",\"http:\\\/\\\/instagram.com\\\/mountainguide\",\"http:\\\/\\\/www.youtube.com\\\/mountainguide\"]}]}<\/script>\n<!-- \/ Yoast SEO Premium plugin. -->","yoast_head_json":{"title":"Trekking to Kanchenjunga BC Short","robots":{"index":"index","follow":"follow","max-snippet":"max-snippet:-1","max-image-preview":"max-image-preview:large","max-video-preview":"max-video-preview:-1"},"canonical":"https:\/\/mountainguides.pro\/pt\/tours\/trekking\/trekking-to-kanchenjunga-base-camp-short\/","og_locale":"pt_PT","og_type":"article","og_title":"[:en]Trekking to Kanchenjunga Base Camp (Short)[:de]Trekking zum Basislager von Kanchendschangi (kurz)[:es]Trekking al campamento base de Kanchenjunga (corto)[:pt]Trekking no acampamento base Kanchenjunga (curto)[:zh]\u5f92\u6b65\u524d\u5f80\u5e72\u57ce\u7ae0\u5609\u5cf0\u5927\u672c\u8425\uff08\u77ed\u9014\uff09[:ko]\uac15\ucc9c\uc911\uac00 \ubca0\uc774\uc2a4 \ucea0\ud504 \ud2b8\ub808\ud0b9(\uc9e7\uc740)[:ja]\u30ab\u30f3\u30c1\u30a7\u30f3\u30b8\u30e5\u30f3\u30ac\u30d9\u30fc\u30b9\u30ad\u30e3\u30f3\u30d7\u30c8\u30ec\u30c3\u30ad\u30f3\u30b0\uff08\u30b7\u30e7\u30fc\u30c8\uff09[:hi]\u0915\u0902\u091a\u0928\u091c\u0902\u0917\u093e \u092c\u0947\u0938 \u0915\u0948\u0902\u092a \u091f\u094d\u0930\u0947\u0915\u093f\u0902\u0917 (\u0932\u0918\u0941)[:ar]\u0643\u0627\u0646\u063a\u0634\u064a\u0646\u062c\u0648\u0646\u063a\u0627 \u0642\u0627\u0639\u062f\u0629 \u0645\u062e\u064a\u0645 \u0627\u0644\u0631\u062d\u0644\u0627\u062a (\u0642\u0635\u064a\u0631\u0629)[:]","og_description":"Ver a terceira montanha mais alta do mundo \u2013 Kanchenjunga, provavelmente a mais pitoresca  Chegar, segundo a lenda, ao portal para o mundo dos imortais  \u00c9 nesta regi\u00e3o que, em 1925, uma expedi\u00e7\u00e3o brit\u00e2nica encontrou o Yeti, chamado pelos hindus de \u201cdem\u00f4nio de Kanchenjunga\u201d  O trekking ocorre em uma regi\u00e3o selvagem do Nepal, praticamente sem turistas, diferente das rotas mais populares  Para quem tem tempo limitado, h\u00e1 a possibilidade de reduzir o programa via helic\u00f3ptero em tr\u00eas dias, completando em duas semanas \u00fateis  *Atente que nossa empresa n\u00e3o realiza compra, venda de passagens a\u00e9reas nem emiss\u00e3o de vistos, portanto n\u00e3o se responsabiliza por casos de for\u00e7a maior relacionados a voos ou passagem de fronteiras. Informa\u00e7\u00f5es importantes:    O hor\u00e1rio de check-in e check-out \u00e9 regulamentado pelo hotel: check-in a partir das 15h, check-out at\u00e9 11-12h. A bagagem pode ser deixada na recep\u00e7\u00e3o do hotel para passeios pela cidade ou, se houver possibilidade t\u00e9cnica, pagar a mais pelo check-in antecipado\/check-out tardio.  No Nepal, h\u00e1 algumas dificuldades para trocar notas de d\u00f3lar pequenas, gastas ou antigas (emitidas at\u00e9 2009), portanto esteja atento. Em alguns lugares, h\u00e1 comiss\u00e3o extra; em outros, recusa na troca.","og_url":"https:\/\/mountainguides.pro\/pt\/tours\/trekking\/trekking-to-kanchenjunga-base-camp-short\/","og_site_name":"Mountain Guide","article_publisher":"https:\/\/www.facebook.com\/Mountainguide-232956566756831\/","article_modified_time":"2026-03-16T07:41:42+00:00","og_image":[{"width":1800,"height":1350,"url":"https:\/\/mountainguides.pro\/wp-content\/uploads\/2025\/01\/trekking-vokrug-kanchendzhangi.jpg","type":"image\/jpeg"}],"twitter_card":"summary_large_image","twitter_site":"@Wintercyclone","twitter_misc":{"Tempo estimado de leitura":"1 minuto"},"schema":{"@context":"https:\/\/schema.org","@graph":[{"@type":"WebPage","@id":"https:\/\/mountainguides.pro\/tours\/trekking\/trekking-to-kanchenjunga-base-camp-short\/","url":"https:\/\/mountainguides.pro\/tours\/trekking\/trekking-to-kanchenjunga-base-camp-short\/","name":"Trekking to Kanchenjunga BC Short","isPartOf":{"@id":"https:\/\/mountainguides.pro\/#website"},"primaryImageOfPage":{"@id":"https:\/\/mountainguides.pro\/tours\/trekking\/trekking-to-kanchenjunga-base-camp-short\/#primaryimage"},"image":{"@id":"https:\/\/mountainguides.pro\/tours\/trekking\/trekking-to-kanchenjunga-base-camp-short\/#primaryimage"},"thumbnailUrl":"https:\/\/mountainguides.pro\/wp-content\/uploads\/2025\/01\/trekking-vokrug-kanchendzhangi.jpg","datePublished":"2025-01-08T13:49:12+00:00","dateModified":"2026-03-16T07:41:42+00:00","breadcrumb":{"@id":"https:\/\/mountainguides.pro\/tours\/trekking\/trekking-to-kanchenjunga-base-camp-short\/#breadcrumb"},"inLanguage":"pt","potentialAction":[{"@type":"ReadAction","target":["https:\/\/mountainguides.pro\/tours\/trekking\/trekking-to-kanchenjunga-base-camp-short\/"]}]},{"@type":"ImageObject","inLanguage":"pt","@id":"https:\/\/mountainguides.pro\/tours\/trekking\/trekking-to-kanchenjunga-base-camp-short\/#primaryimage","url":"https:\/\/mountainguides.pro\/wp-content\/uploads\/2025\/01\/trekking-vokrug-kanchendzhangi.jpg","contentUrl":"https:\/\/mountainguides.pro\/wp-content\/uploads\/2025\/01\/trekking-vokrug-kanchendzhangi.jpg","width":1800,"height":1350},{"@type":"BreadcrumbList","@id":"https:\/\/mountainguides.pro\/tours\/trekking\/trekking-to-kanchenjunga-base-camp-short\/#breadcrumb","itemListElement":[{"@type":"ListItem","position":1,"name":"Home","item":"https:\/\/mountainguides.pro\/de\/"},{"@type":"ListItem","position":2,"name":"Trekking to Kanchenjunga Base Camp (Short)"}]},{"@type":"WebSite","@id":"https:\/\/mountainguides.pro\/#website","url":"https:\/\/mountainguides.pro\/","name":"Mountain Guide","description":"We aspire to be the first in everything!","publisher":{"@id":"https:\/\/mountainguides.pro\/#organization"},"potentialAction":[{"@type":"SearchAction","target":{"@type":"EntryPoint","urlTemplate":"https:\/\/mountainguides.pro\/?s={search_term_string}"},"query-input":{"@type":"PropertyValueSpecification","valueRequired":true,"valueName":"search_term_string"}}],"inLanguage":"pt"},{"@type":"Organization","@id":"https:\/\/mountainguides.pro\/#organization","name":"Mountain Guide","url":"https:\/\/mountainguides.pro\/","logo":{"@type":"ImageObject","inLanguage":"pt","@id":"https:\/\/mountainguides.pro\/#\/schema\/logo\/image\/","url":"https:\/\/mountainguides.pro\/wp-content\/uploads\/2018\/01\/mglogo.jpg","contentUrl":"https:\/\/mountainguides.pro\/wp-content\/uploads\/2018\/01\/mglogo.jpg","width":1200,"height":630,"caption":"Mountain Guide"},"image":{"@id":"https:\/\/mountainguides.pro\/#\/schema\/logo\/image\/"},"sameAs":["https:\/\/www.facebook.com\/Mountainguide-232956566756831\/","https:\/\/x.com\/Wintercyclone","http:\/\/instagram.com\/mountainguide","http:\/\/www.youtube.com\/mountainguide"]}]}},"_links":{"self":[{"href":"https:\/\/mountainguides.pro\/pt\/wp-json\/wp\/v2\/product\/21091","targetHints":{"allow":["GET"]}}],"collection":[{"href":"https:\/\/mountainguides.pro\/pt\/wp-json\/wp\/v2\/product"}],"about":[{"href":"https:\/\/mountainguides.pro\/pt\/wp-json\/wp\/v2\/types\/product"}],"replies":[{"embeddable":true,"href":"https:\/\/mountainguides.pro\/pt\/wp-json\/wp\/v2\/comments?post=21091"}],"version-history":[{"count":12,"href":"https:\/\/mountainguides.pro\/pt\/wp-json\/wp\/v2\/product\/21091\/revisions"}],"predecessor-version":[{"id":32672,"href":"https:\/\/mountainguides.pro\/pt\/wp-json\/wp\/v2\/product\/21091\/revisions\/32672"}],"wp:featuredmedia":[{"embeddable":true,"href":"https:\/\/mountainguides.pro\/pt\/wp-json\/wp\/v2\/media\/21445"}],"wp:attachment":[{"href":"https:\/\/mountainguides.pro\/pt\/wp-json\/wp\/v2\/media?parent=21091"}],"wp:term":[{"taxonomy":"product_cat","embeddable":true,"href":"https:\/\/mountainguides.pro\/pt\/wp-json\/wp\/v2\/product_cat?post=21091"},{"taxonomy":"product_tag","embeddable":true,"href":"https:\/\/mountainguides.pro\/pt\/wp-json\/wp\/v2\/product_tag?post=21091"}],"curies":[{"name":"wp","href":"https:\/\/api.w.org\/{rel}","templated":true}]}}