{"id":21093,"date":"2025-01-08T16:49:27","date_gmt":"2025-01-08T13:49:27","guid":{"rendered":"https:\/\/mountainguides.pro\/?post_type=product&#038;p=21093"},"modified":"2026-01-29T13:50:58","modified_gmt":"2026-01-29T10:50:58","slug":"trekking-to-kanchenjunga-base-camp","status":"publish","type":"product","link":"https:\/\/mountainguides.pro\/pt\/tours\/trekking\/trekking-to-kanchenjunga-base-camp\/","title":{"rendered":"Trekking no acampamento base Kanchenjunga"},"content":{"rendered":"","protected":false},"excerpt":{"rendered":"<ul>\n<li class=\"p1\">Ver a terceira montanha mais alta do mundo \u2013 Kanchenjunga, provavelmente a mais c\u00eanica<\/li>\n<li class=\"p1\">Chegar, segundo a lenda, ao portal para o mundo dos imortais<\/li>\n<li class=\"p1\">\u00c9 nesta regi\u00e3o que a expedi\u00e7\u00e3o brit\u00e2nica em 1925 encontrou o homem das neves, chamado pelos hindus de \u201cdem\u00f4nio de Kanchenjunga\u201d<\/li>\n<li class=\"p1\">O trekking ocorre em uma regi\u00e3o selvagem do Nepal, onde praticamente n\u00e3o h\u00e1 turistas, como em rotas mais populares<\/li>\n<li class=\"p1\">Para quem tem tempo limitado, h\u00e1 a op\u00e7\u00e3o de encurtar o programa de helic\u00f3ptero em tr\u00eas dias, completando em duas semanas de trabalho<\/li>\n<\/ul>\n<p class=\"p1\"><strong>*Observa\u00e7\u00e3o: nossa empresa n\u00e3o fornece servi\u00e7os de compra, venda de passagens a\u00e9reas ou obten\u00e7\u00e3o de vistos, portanto n\u00e3o se responsabiliza por imprevistos relacionados a voos ou passagem de fronteiras<\/strong>.<\/p>\n<p class=\"p1\"><strong>Informa\u00e7\u00f5es importantes:<\/strong><\/p>\n<ul>\n<li class=\"p1\">O hor\u00e1rio de check-in e check-out \u00e9 regulamentado pelo hotel: check-in a partir das 15h, check-out at\u00e9 11-12h. \u00c9 poss\u00edvel deixar a bagagem na recep\u00e7\u00e3o do hotel e passear pela cidade, ou, se houver possibilidade t\u00e9cnica, pagar por check-in antecipado \/ check-out tardio.<\/li>\n<li class=\"p1\">No Nepal, h\u00e1 dificuldades em trocar c\u00e9dulas pequenas, gastas ou antigas (emitidas antes de 2009), esteja ciente disso. Em alguns lugares h\u00e1 taxa extra, em outros pode haver recusa na troca.<\/li>\n<\/ul>\n","protected":false},"featured_media":21445,"comment_status":"closed","ping_status":"closed","template":"","meta":{"_acf_changed":false,"footnotes":""},"product_cat":[321,348],"product_tag":[],"class_list":{"0":"post-21093","1":"product","2":"type-product","3":"status-publish","4":"has-post-thumbnail","6":"product_cat-trekking","7":"product_cat-trekking-asia","9":"first","10":"instock","11":"shipping-taxable","12":"purchasable","13":"product-type-simple"},"acf":[],"yoast_head":"<!-- This site is optimized with the Yoast SEO Premium plugin v26.5 (Yoast SEO v27.3) - https:\/\/yoast.com\/product\/yoast-seo-premium-wordpress\/ -->\n<title>Trekking to Kanchenjunga BC<\/title>\n<meta name=\"robots\" content=\"index, follow, max-snippet:-1, max-image-preview:large, max-video-preview:-1\" \/>\n<link rel=\"canonical\" href=\"https:\/\/mountainguides.pro\/pt\/tours\/trekking\/trekking-to-kanchenjunga-base-camp\/\" \/>\n<meta property=\"og:locale\" content=\"pt_PT\" \/>\n<meta property=\"og:locale:alternate\" content=\"en_US\" \/>\n<meta property=\"og:locale:alternate\" content=\"ru_RU\" \/>\n<meta property=\"og:locale:alternate\" content=\"de\" \/>\n<meta property=\"og:locale:alternate\" content=\"es\" \/>\n<meta property=\"og:locale:alternate\" content=\"zh\" \/>\n<meta property=\"og:locale:alternate\" content=\"ko\" \/>\n<meta property=\"og:locale:alternate\" content=\"ja\" \/>\n<meta property=\"og:locale:alternate\" content=\"hi\" \/>\n<meta property=\"og:locale:alternate\" content=\"ar\" \/>\n<meta property=\"og:type\" content=\"article\" \/>\n<meta property=\"og:title\" content=\"Trekking no acampamento base Kanchenjunga\" \/>\n<meta property=\"og:description\" content=\"Ver a terceira montanha mais alta do mundo \u2013 Kanchenjunga, provavelmente a mais c\u00eanica  Chegar, segundo a lenda, ao portal para o mundo dos imortais  \u00c9 nesta regi\u00e3o que a expedi\u00e7\u00e3o brit\u00e2nica em 1925 encontrou o homem das neves, chamado pelos hindus de \u201cdem\u00f4nio de Kanchenjunga\u201d  O trekking ocorre em uma regi\u00e3o selvagem do Nepal, onde praticamente n\u00e3o h\u00e1 turistas, como em rotas mais populares  Para quem tem tempo limitado, h\u00e1 a op\u00e7\u00e3o de encurtar o programa de helic\u00f3ptero em tr\u00eas dias, completando em duas semanas de trabalho  *Observa\u00e7\u00e3o: nossa empresa n\u00e3o fornece servi\u00e7os de compra, venda de passagens a\u00e9reas ou obten\u00e7\u00e3o de vistos, portanto n\u00e3o se responsabiliza por imprevistos relacionados a voos ou passagem de fronteiras. Informa\u00e7\u00f5es importantes:    O hor\u00e1rio de check-in e check-out \u00e9 regulamentado pelo hotel: check-in a partir das 15h, check-out at\u00e9 11-12h. \u00c9 poss\u00edvel deixar a bagagem na recep\u00e7\u00e3o do hotel e passear pela cidade, ou, se houver possibilidade t\u00e9cnica, pagar por check-in antecipado \/ check-out tardio.  No Nepal, h\u00e1 dificuldades em trocar c\u00e9dulas pequenas, gastas ou antigas (emitidas antes de 2009), esteja ciente disso. Em alguns lugares h\u00e1 taxa extra, em outros pode haver recusa na troca.\" \/>\n<meta property=\"og:url\" content=\"https:\/\/mountainguides.pro\/pt\/tours\/trekking\/trekking-to-kanchenjunga-base-camp\/\" \/>\n<meta property=\"og:site_name\" content=\"Mountain Guide\" \/>\n<meta property=\"article:publisher\" content=\"https:\/\/www.facebook.com\/Mountainguide-232956566756831\/\" \/>\n<meta property=\"article:modified_time\" content=\"2026-01-29T10:50:58+00:00\" \/>\n<meta property=\"og:image\" content=\"https:\/\/mountainguides.pro\/wp-content\/uploads\/2025\/01\/trekking-vokrug-kanchendzhangi.jpg\" \/>\n\t<meta property=\"og:image:width\" content=\"1800\" \/>\n\t<meta property=\"og:image:height\" content=\"1350\" \/>\n\t<meta property=\"og:image:type\" content=\"image\/jpeg\" \/>\n<meta name=\"twitter:card\" content=\"summary_large_image\" \/>\n<meta name=\"twitter:site\" content=\"@Wintercyclone\" \/>\n<meta name=\"twitter:label1\" content=\"Tempo estimado de leitura\" \/>\n\t<meta name=\"twitter:data1\" content=\"1 minuto\" \/>\n<script type=\"application\/ld+json\" class=\"yoast-schema-graph\">{\"@context\":\"https:\\\/\\\/schema.org\",\"@graph\":[{\"@type\":\"WebPage\",\"@id\":\"https:\\\/\\\/mountainguides.pro\\\/ar\\\/tours\\\/trekking\\\/trekking-to-kanchenjunga-base-camp\\\/\",\"url\":\"https:\\\/\\\/mountainguides.pro\\\/ar\\\/tours\\\/trekking\\\/trekking-to-kanchenjunga-base-camp\\\/\",\"name\":\"Trekking to Kanchenjunga BC\",\"isPartOf\":{\"@id\":\"https:\\\/\\\/mountainguides.pro\\\/#website\"},\"primaryImageOfPage\":{\"@id\":\"https:\\\/\\\/mountainguides.pro\\\/ar\\\/tours\\\/trekking\\\/trekking-to-kanchenjunga-base-camp\\\/#primaryimage\"},\"image\":{\"@id\":\"https:\\\/\\\/mountainguides.pro\\\/ar\\\/tours\\\/trekking\\\/trekking-to-kanchenjunga-base-camp\\\/#primaryimage\"},\"thumbnailUrl\":\"https:\\\/\\\/mountainguides.pro\\\/wp-content\\\/uploads\\\/2025\\\/01\\\/trekking-vokrug-kanchendzhangi.jpg\",\"datePublished\":\"2025-01-08T13:49:27+00:00\",\"dateModified\":\"2026-01-29T10:50:58+00:00\",\"breadcrumb\":{\"@id\":\"https:\\\/\\\/mountainguides.pro\\\/ar\\\/tours\\\/trekking\\\/trekking-to-kanchenjunga-base-camp\\\/#breadcrumb\"},\"inLanguage\":\"pt\",\"potentialAction\":[{\"@type\":\"ReadAction\",\"target\":[\"https:\\\/\\\/mountainguides.pro\\\/ar\\\/tours\\\/trekking\\\/trekking-to-kanchenjunga-base-camp\\\/\"]}]},{\"@type\":\"ImageObject\",\"inLanguage\":\"pt\",\"@id\":\"https:\\\/\\\/mountainguides.pro\\\/ar\\\/tours\\\/trekking\\\/trekking-to-kanchenjunga-base-camp\\\/#primaryimage\",\"url\":\"https:\\\/\\\/mountainguides.pro\\\/wp-content\\\/uploads\\\/2025\\\/01\\\/trekking-vokrug-kanchendzhangi.jpg\",\"contentUrl\":\"https:\\\/\\\/mountainguides.pro\\\/wp-content\\\/uploads\\\/2025\\\/01\\\/trekking-vokrug-kanchendzhangi.jpg\",\"width\":1800,\"height\":1350},{\"@type\":\"BreadcrumbList\",\"@id\":\"https:\\\/\\\/mountainguides.pro\\\/ar\\\/tours\\\/trekking\\\/trekking-to-kanchenjunga-base-camp\\\/#breadcrumb\",\"itemListElement\":[{\"@type\":\"ListItem\",\"position\":1,\"name\":\"Home\",\"item\":\"https:\\\/\\\/mountainguides.pro\\\/de\\\/\"},{\"@type\":\"ListItem\",\"position\":2,\"name\":\"\u0643\u0627\u0646\u063a\u0634\u064a\u0646\u062c\u0648\u0646\u063a\u0627 \u0642\u0627\u0639\u062f\u0629 \u0645\u062e\u064a\u0645 \u0627\u0644\u0631\u062d\u0644\u0627\u062a\"}]},{\"@type\":\"WebSite\",\"@id\":\"https:\\\/\\\/mountainguides.pro\\\/#website\",\"url\":\"https:\\\/\\\/mountainguides.pro\\\/\",\"name\":\"Mountain Guide\",\"description\":\"We aspire to be the first in everything!\",\"publisher\":{\"@id\":\"https:\\\/\\\/mountainguides.pro\\\/#organization\"},\"potentialAction\":[{\"@type\":\"SearchAction\",\"target\":{\"@type\":\"EntryPoint\",\"urlTemplate\":\"https:\\\/\\\/mountainguides.pro\\\/?s={search_term_string}\"},\"query-input\":{\"@type\":\"PropertyValueSpecification\",\"valueRequired\":true,\"valueName\":\"search_term_string\"}}],\"inLanguage\":\"pt\"},{\"@type\":\"Organization\",\"@id\":\"https:\\\/\\\/mountainguides.pro\\\/#organization\",\"name\":\"Mountain Guide\",\"url\":\"https:\\\/\\\/mountainguides.pro\\\/\",\"logo\":{\"@type\":\"ImageObject\",\"inLanguage\":\"pt\",\"@id\":\"https:\\\/\\\/mountainguides.pro\\\/#\\\/schema\\\/logo\\\/image\\\/\",\"url\":\"https:\\\/\\\/mountainguides.pro\\\/wp-content\\\/uploads\\\/2018\\\/01\\\/mglogo.jpg\",\"contentUrl\":\"https:\\\/\\\/mountainguides.pro\\\/wp-content\\\/uploads\\\/2018\\\/01\\\/mglogo.jpg\",\"width\":1200,\"height\":630,\"caption\":\"Mountain Guide\"},\"image\":{\"@id\":\"https:\\\/\\\/mountainguides.pro\\\/#\\\/schema\\\/logo\\\/image\\\/\"},\"sameAs\":[\"https:\\\/\\\/www.facebook.com\\\/Mountainguide-232956566756831\\\/\",\"https:\\\/\\\/x.com\\\/Wintercyclone\",\"http:\\\/\\\/instagram.com\\\/mountainguide\",\"http:\\\/\\\/www.youtube.com\\\/mountainguide\"]}]}<\/script>\n<!-- \/ Yoast SEO Premium plugin. -->","yoast_head_json":{"title":"Trekking to Kanchenjunga BC","robots":{"index":"index","follow":"follow","max-snippet":"max-snippet:-1","max-image-preview":"max-image-preview:large","max-video-preview":"max-video-preview:-1"},"canonical":"https:\/\/mountainguides.pro\/pt\/tours\/trekking\/trekking-to-kanchenjunga-base-camp\/","og_locale":"pt_PT","og_type":"article","og_title":"[:en]Trekking to Kanchenjunga Base Camp[:de]Trekking zum Basislager von Kanchenjangi[:es]Trekking al campamento base de Kanchenjunga[:pt]Trekking no acampamento base Kanchenjunga[:zh]\u5f92\u6b65\u524d\u5f80\u5e72\u57ce\u7ae0\u5609\u5cf0\u5927\u672c\u8425[:ko]\uac15\uccb8\uc911\uac00 \ubca0\uc774\uc2a4 \ucea0\ud504 \ud2b8\ub808\ud0b9[:ja]\u30ab\u30f3\u30c1\u30a7\u30f3\u30b8\u30e5\u30f3\u30ac\u30d9\u30fc\u30b9\u30ad\u30e3\u30f3\u30d7\u30c8\u30ec\u30c3\u30ad\u30f3\u30b0[:hi]\u0915\u0902\u091a\u0928\u091c\u0902\u0917\u093e \u092c\u0947\u0938 \u0915\u0948\u0902\u092a \u091f\u094d\u0930\u0947\u0915\u093f\u0902\u0917[:ar]\u0643\u0627\u0646\u063a\u0634\u064a\u0646\u062c\u0648\u0646\u063a\u0627 \u0642\u0627\u0639\u062f\u0629 \u0645\u062e\u064a\u0645 \u0627\u0644\u0631\u062d\u0644\u0627\u062a[:]","og_description":"Ver a terceira montanha mais alta do mundo \u2013 Kanchenjunga, provavelmente a mais c\u00eanica  Chegar, segundo a lenda, ao portal para o mundo dos imortais  \u00c9 nesta regi\u00e3o que a expedi\u00e7\u00e3o brit\u00e2nica em 1925 encontrou o homem das neves, chamado pelos hindus de \u201cdem\u00f4nio de Kanchenjunga\u201d  O trekking ocorre em uma regi\u00e3o selvagem do Nepal, onde praticamente n\u00e3o h\u00e1 turistas, como em rotas mais populares  Para quem tem tempo limitado, h\u00e1 a op\u00e7\u00e3o de encurtar o programa de helic\u00f3ptero em tr\u00eas dias, completando em duas semanas de trabalho  *Observa\u00e7\u00e3o: nossa empresa n\u00e3o fornece servi\u00e7os de compra, venda de passagens a\u00e9reas ou obten\u00e7\u00e3o de vistos, portanto n\u00e3o se responsabiliza por imprevistos relacionados a voos ou passagem de fronteiras. Informa\u00e7\u00f5es importantes:    O hor\u00e1rio de check-in e check-out \u00e9 regulamentado pelo hotel: check-in a partir das 15h, check-out at\u00e9 11-12h. \u00c9 poss\u00edvel deixar a bagagem na recep\u00e7\u00e3o do hotel e passear pela cidade, ou, se houver possibilidade t\u00e9cnica, pagar por check-in antecipado \/ check-out tardio.  No Nepal, h\u00e1 dificuldades em trocar c\u00e9dulas pequenas, gastas ou antigas (emitidas antes de 2009), esteja ciente disso. Em alguns lugares h\u00e1 taxa extra, em outros pode haver recusa na troca.","og_url":"https:\/\/mountainguides.pro\/pt\/tours\/trekking\/trekking-to-kanchenjunga-base-camp\/","og_site_name":"Mountain Guide","article_publisher":"https:\/\/www.facebook.com\/Mountainguide-232956566756831\/","article_modified_time":"2026-01-29T10:50:58+00:00","og_image":[{"width":1800,"height":1350,"url":"https:\/\/mountainguides.pro\/wp-content\/uploads\/2025\/01\/trekking-vokrug-kanchendzhangi.jpg","type":"image\/jpeg"}],"twitter_card":"summary_large_image","twitter_site":"@Wintercyclone","twitter_misc":{"Tempo estimado de leitura":"1 minuto"},"schema":{"@context":"https:\/\/schema.org","@graph":[{"@type":"WebPage","@id":"https:\/\/mountainguides.pro\/ar\/tours\/trekking\/trekking-to-kanchenjunga-base-camp\/","url":"https:\/\/mountainguides.pro\/ar\/tours\/trekking\/trekking-to-kanchenjunga-base-camp\/","name":"Trekking to Kanchenjunga BC","isPartOf":{"@id":"https:\/\/mountainguides.pro\/#website"},"primaryImageOfPage":{"@id":"https:\/\/mountainguides.pro\/ar\/tours\/trekking\/trekking-to-kanchenjunga-base-camp\/#primaryimage"},"image":{"@id":"https:\/\/mountainguides.pro\/ar\/tours\/trekking\/trekking-to-kanchenjunga-base-camp\/#primaryimage"},"thumbnailUrl":"https:\/\/mountainguides.pro\/wp-content\/uploads\/2025\/01\/trekking-vokrug-kanchendzhangi.jpg","datePublished":"2025-01-08T13:49:27+00:00","dateModified":"2026-01-29T10:50:58+00:00","breadcrumb":{"@id":"https:\/\/mountainguides.pro\/ar\/tours\/trekking\/trekking-to-kanchenjunga-base-camp\/#breadcrumb"},"inLanguage":"pt","potentialAction":[{"@type":"ReadAction","target":["https:\/\/mountainguides.pro\/ar\/tours\/trekking\/trekking-to-kanchenjunga-base-camp\/"]}]},{"@type":"ImageObject","inLanguage":"pt","@id":"https:\/\/mountainguides.pro\/ar\/tours\/trekking\/trekking-to-kanchenjunga-base-camp\/#primaryimage","url":"https:\/\/mountainguides.pro\/wp-content\/uploads\/2025\/01\/trekking-vokrug-kanchendzhangi.jpg","contentUrl":"https:\/\/mountainguides.pro\/wp-content\/uploads\/2025\/01\/trekking-vokrug-kanchendzhangi.jpg","width":1800,"height":1350},{"@type":"BreadcrumbList","@id":"https:\/\/mountainguides.pro\/ar\/tours\/trekking\/trekking-to-kanchenjunga-base-camp\/#breadcrumb","itemListElement":[{"@type":"ListItem","position":1,"name":"Home","item":"https:\/\/mountainguides.pro\/de\/"},{"@type":"ListItem","position":2,"name":"\u0643\u0627\u0646\u063a\u0634\u064a\u0646\u062c\u0648\u0646\u063a\u0627 \u0642\u0627\u0639\u062f\u0629 \u0645\u062e\u064a\u0645 \u0627\u0644\u0631\u062d\u0644\u0627\u062a"}]},{"@type":"WebSite","@id":"https:\/\/mountainguides.pro\/#website","url":"https:\/\/mountainguides.pro\/","name":"Mountain Guide","description":"We aspire to be the first in everything!","publisher":{"@id":"https:\/\/mountainguides.pro\/#organization"},"potentialAction":[{"@type":"SearchAction","target":{"@type":"EntryPoint","urlTemplate":"https:\/\/mountainguides.pro\/?s={search_term_string}"},"query-input":{"@type":"PropertyValueSpecification","valueRequired":true,"valueName":"search_term_string"}}],"inLanguage":"pt"},{"@type":"Organization","@id":"https:\/\/mountainguides.pro\/#organization","name":"Mountain Guide","url":"https:\/\/mountainguides.pro\/","logo":{"@type":"ImageObject","inLanguage":"pt","@id":"https:\/\/mountainguides.pro\/#\/schema\/logo\/image\/","url":"https:\/\/mountainguides.pro\/wp-content\/uploads\/2018\/01\/mglogo.jpg","contentUrl":"https:\/\/mountainguides.pro\/wp-content\/uploads\/2018\/01\/mglogo.jpg","width":1200,"height":630,"caption":"Mountain Guide"},"image":{"@id":"https:\/\/mountainguides.pro\/#\/schema\/logo\/image\/"},"sameAs":["https:\/\/www.facebook.com\/Mountainguide-232956566756831\/","https:\/\/x.com\/Wintercyclone","http:\/\/instagram.com\/mountainguide","http:\/\/www.youtube.com\/mountainguide"]}]}},"_links":{"self":[{"href":"https:\/\/mountainguides.pro\/pt\/wp-json\/wp\/v2\/product\/21093","targetHints":{"allow":["GET"]}}],"collection":[{"href":"https:\/\/mountainguides.pro\/pt\/wp-json\/wp\/v2\/product"}],"about":[{"href":"https:\/\/mountainguides.pro\/pt\/wp-json\/wp\/v2\/types\/product"}],"replies":[{"embeddable":true,"href":"https:\/\/mountainguides.pro\/pt\/wp-json\/wp\/v2\/comments?post=21093"}],"version-history":[{"count":12,"href":"https:\/\/mountainguides.pro\/pt\/wp-json\/wp\/v2\/product\/21093\/revisions"}],"predecessor-version":[{"id":32670,"href":"https:\/\/mountainguides.pro\/pt\/wp-json\/wp\/v2\/product\/21093\/revisions\/32670"}],"wp:featuredmedia":[{"embeddable":true,"href":"https:\/\/mountainguides.pro\/pt\/wp-json\/wp\/v2\/media\/21445"}],"wp:attachment":[{"href":"https:\/\/mountainguides.pro\/pt\/wp-json\/wp\/v2\/media?parent=21093"}],"wp:term":[{"taxonomy":"product_cat","embeddable":true,"href":"https:\/\/mountainguides.pro\/pt\/wp-json\/wp\/v2\/product_cat?post=21093"},{"taxonomy":"product_tag","embeddable":true,"href":"https:\/\/mountainguides.pro\/pt\/wp-json\/wp\/v2\/product_tag?post=21093"}],"curies":[{"name":"wp","href":"https:\/\/api.w.org\/{rel}","templated":true}]}}