{"id":21094,"date":"2025-01-08T16:49:34","date_gmt":"2025-01-08T13:49:34","guid":{"rendered":"https:\/\/mountainguides.pro\/?post_type=product&#038;p=21094"},"modified":"2026-04-06T16:35:01","modified_gmt":"2026-04-06T13:35:01","slug":"trekking-the-manaslu-circuit","status":"publish","type":"product","link":"https:\/\/mountainguides.pro\/pt\/tours\/trekking\/trekking-the-manaslu-circuit\/","title":{"rendered":"Anel De Trekking Manaslu"},"content":{"rendered":"","protected":false},"excerpt":{"rendered":"<ul>\n<li class=\"p1\">Viagem \u00e0 regi\u00e3o mais alta do mundo \u2013 os Himalaias, que significa \u201cmorada das neves\u201d<\/li>\n<li class=\"p1\">As melhores vistas da bela Manaslu \u2013 a oitava montanha mais alta do mundo<\/li>\n<li class=\"p1\">Atravessaremos o passo de neve Larke, que em altitude \u00e9 quase equivalente ao Elbrus<\/li>\n<li class=\"p1\">Percorreremos trilhas antigas feitas por peregrinos at\u00e9 o mosteiro budista Pun Guen<\/li>\n<li class=\"p1\">Experimentaremos a culin\u00e1ria local: dal-bhat, bifes de carne de iaque, masala e queijo de iaque<\/li>\n<li class=\"p1\">Sentiremos todo o poder dos locais sagrados situados nesta regi\u00e3o<\/li>\n<\/ul>\n<p class=\"p1\"><strong>**Ao contr\u00e1rio de outras empresas, o voo interno est\u00e1 inclu\u00eddo.<\/strong><\/p>\n<p class=\"p1\"><strong>***Observa\u00e7\u00e3o: nossa empresa n\u00e3o presta servi\u00e7os de compra e venda de passagens a\u00e9reas ou de obten\u00e7\u00e3o de vistos, portanto n\u00e3o se responsabiliza por situa\u00e7\u00f5es de for\u00e7a maior relacionadas a voos e travessias de fronteiras.<\/strong><\/p>\n<p class=\"p1\"><strong>Informa\u00e7\u00f5es importantes:<\/strong><\/p>\n<ul>\n<li class=\"p1\">O hor\u00e1rio de check-in e check-out \u00e9 regulamentado pelo hotel: check-in a partir das 15h, check-out at\u00e9 11-12h. \u00c9 poss\u00edvel deixar a bagagem na recep\u00e7\u00e3o do hotel e passear pela cidade ou, caso haja disponibilidade t\u00e9cnica, pagar por early check-in\/late check-out.<\/li>\n<li class=\"p1\">No Nepal, existem dificuldades na troca de c\u00e9dulas pequenas, desgastadas ou antigas (emitidas at\u00e9 2009), tenha isso em mente. Em alguns locais h\u00e1 taxas adicionais, em outros, recusa na troca.<\/li>\n<\/ul>\n","protected":false},"featured_media":21444,"comment_status":"closed","ping_status":"closed","template":"","meta":{"_acf_changed":false,"footnotes":""},"product_cat":[321],"product_tag":[],"class_list":{"0":"post-21094","1":"product","2":"type-product","3":"status-publish","4":"has-post-thumbnail","6":"product_cat-trekking","8":"first","9":"instock","10":"shipping-taxable","11":"purchasable","12":"product-type-simple"},"acf":[],"yoast_head":"<!-- This site is optimized with the Yoast SEO Premium plugin v26.5 (Yoast SEO v27.5) - https:\/\/yoast.com\/product\/yoast-seo-premium-wordpress\/ -->\n<title>Trekking the Manaslu Circuit<\/title>\n<meta name=\"robots\" content=\"index, follow, max-snippet:-1, max-image-preview:large, max-video-preview:-1\" \/>\n<link rel=\"canonical\" href=\"https:\/\/mountainguides.pro\/pt\/tours\/trekking\/trekking-the-manaslu-circuit\/\" \/>\n<meta property=\"og:locale\" content=\"pt_PT\" \/>\n<meta property=\"og:locale:alternate\" content=\"en_US\" \/>\n<meta property=\"og:locale:alternate\" content=\"ru_RU\" \/>\n<meta property=\"og:locale:alternate\" content=\"de\" \/>\n<meta property=\"og:locale:alternate\" content=\"es\" \/>\n<meta property=\"og:locale:alternate\" content=\"zh\" \/>\n<meta property=\"og:locale:alternate\" content=\"ko\" \/>\n<meta property=\"og:locale:alternate\" content=\"ja\" \/>\n<meta property=\"og:locale:alternate\" content=\"hi\" \/>\n<meta property=\"og:locale:alternate\" content=\"ar\" \/>\n<meta property=\"og:type\" content=\"article\" \/>\n<meta property=\"og:title\" content=\"Anel De Trekking Manaslu\" \/>\n<meta property=\"og:description\" content=\"Viagem \u00e0 regi\u00e3o mais alta do mundo \u2013 os Himalaias, que significa \u201cmorada das neves\u201d  As melhores vistas da bela Manaslu \u2013 a oitava montanha mais alta do mundo  Atravessaremos o passo de neve Larke, que em altitude \u00e9 quase equivalente ao Elbrus  Percorreremos trilhas antigas feitas por peregrinos at\u00e9 o mosteiro budista Pun Guen  Experimentaremos a culin\u00e1ria local: dal-bhat, bifes de carne de iaque, masala e queijo de iaque  Sentiremos todo o poder dos locais sagrados situados nesta regi\u00e3o  **Ao contr\u00e1rio de outras empresas, o voo interno est\u00e1 inclu\u00eddo. ***Observa\u00e7\u00e3o: nossa empresa n\u00e3o presta servi\u00e7os de compra e venda de passagens a\u00e9reas ou de obten\u00e7\u00e3o de vistos, portanto n\u00e3o se responsabiliza por situa\u00e7\u00f5es de for\u00e7a maior relacionadas a voos e travessias de fronteiras. Informa\u00e7\u00f5es importantes:    O hor\u00e1rio de check-in e check-out \u00e9 regulamentado pelo hotel: check-in a partir das 15h, check-out at\u00e9 11-12h. \u00c9 poss\u00edvel deixar a bagagem na recep\u00e7\u00e3o do hotel e passear pela cidade ou, caso haja disponibilidade t\u00e9cnica, pagar por early check-in\/late check-out.  No Nepal, existem dificuldades na troca de c\u00e9dulas pequenas, desgastadas ou antigas (emitidas at\u00e9 2009), tenha isso em mente. Em alguns locais h\u00e1 taxas adicionais, em outros, recusa na troca.\" \/>\n<meta property=\"og:url\" content=\"https:\/\/mountainguides.pro\/pt\/tours\/trekking\/trekking-the-manaslu-circuit\/\" \/>\n<meta property=\"og:site_name\" content=\"Mountain Guide\" \/>\n<meta property=\"article:publisher\" content=\"https:\/\/www.facebook.com\/Mountainguide-232956566756831\/\" \/>\n<meta property=\"article:modified_time\" content=\"2026-04-06T13:35:01+00:00\" \/>\n<meta property=\"og:image\" content=\"https:\/\/mountainguides.pro\/wp-content\/uploads\/2025\/01\/trekking-kolczo-manaslu.jpeg\" \/>\n\t<meta property=\"og:image:width\" content=\"1800\" \/>\n\t<meta property=\"og:image:height\" content=\"1350\" \/>\n\t<meta property=\"og:image:type\" content=\"image\/jpeg\" \/>\n<meta name=\"twitter:card\" content=\"summary_large_image\" \/>\n<meta name=\"twitter:site\" content=\"@Wintercyclone\" \/>\n<meta name=\"twitter:label1\" content=\"Tempo estimado de leitura\" \/>\n\t<meta name=\"twitter:data1\" content=\"1 minuto\" \/>\n<script type=\"application\/ld+json\" class=\"yoast-schema-graph\">{\"@context\":\"https:\\\/\\\/schema.org\",\"@graph\":[{\"@type\":\"WebPage\",\"@id\":\"https:\\\/\\\/mountainguides.pro\\\/tours\\\/trekking\\\/trekking-the-manaslu-circuit\\\/\",\"url\":\"https:\\\/\\\/mountainguides.pro\\\/tours\\\/trekking\\\/trekking-the-manaslu-circuit\\\/\",\"name\":\"Trekking the Manaslu Circuit\",\"isPartOf\":{\"@id\":\"https:\\\/\\\/mountainguides.pro\\\/#website\"},\"primaryImageOfPage\":{\"@id\":\"https:\\\/\\\/mountainguides.pro\\\/tours\\\/trekking\\\/trekking-the-manaslu-circuit\\\/#primaryimage\"},\"image\":{\"@id\":\"https:\\\/\\\/mountainguides.pro\\\/tours\\\/trekking\\\/trekking-the-manaslu-circuit\\\/#primaryimage\"},\"thumbnailUrl\":\"https:\\\/\\\/mountainguides.pro\\\/wp-content\\\/uploads\\\/2025\\\/01\\\/trekking-kolczo-manaslu.jpeg\",\"datePublished\":\"2025-01-08T13:49:34+00:00\",\"dateModified\":\"2026-04-06T13:35:01+00:00\",\"breadcrumb\":{\"@id\":\"https:\\\/\\\/mountainguides.pro\\\/tours\\\/trekking\\\/trekking-the-manaslu-circuit\\\/#breadcrumb\"},\"inLanguage\":\"pt\",\"potentialAction\":[{\"@type\":\"ReadAction\",\"target\":[\"https:\\\/\\\/mountainguides.pro\\\/tours\\\/trekking\\\/trekking-the-manaslu-circuit\\\/\"]}]},{\"@type\":\"ImageObject\",\"inLanguage\":\"pt\",\"@id\":\"https:\\\/\\\/mountainguides.pro\\\/tours\\\/trekking\\\/trekking-the-manaslu-circuit\\\/#primaryimage\",\"url\":\"https:\\\/\\\/mountainguides.pro\\\/wp-content\\\/uploads\\\/2025\\\/01\\\/trekking-kolczo-manaslu.jpeg\",\"contentUrl\":\"https:\\\/\\\/mountainguides.pro\\\/wp-content\\\/uploads\\\/2025\\\/01\\\/trekking-kolczo-manaslu.jpeg\",\"width\":1800,\"height\":1350},{\"@type\":\"BreadcrumbList\",\"@id\":\"https:\\\/\\\/mountainguides.pro\\\/tours\\\/trekking\\\/trekking-the-manaslu-circuit\\\/#breadcrumb\",\"itemListElement\":[{\"@type\":\"ListItem\",\"position\":1,\"name\":\"Home\",\"item\":\"https:\\\/\\\/mountainguides.pro\\\/de\\\/\"},{\"@type\":\"ListItem\",\"position\":2,\"name\":\"Trekking the Manaslu Circuit\"}]},{\"@type\":\"WebSite\",\"@id\":\"https:\\\/\\\/mountainguides.pro\\\/#website\",\"url\":\"https:\\\/\\\/mountainguides.pro\\\/\",\"name\":\"Mountain Guide\",\"description\":\"We aspire to be the first in everything!\",\"publisher\":{\"@id\":\"https:\\\/\\\/mountainguides.pro\\\/#organization\"},\"potentialAction\":[{\"@type\":\"SearchAction\",\"target\":{\"@type\":\"EntryPoint\",\"urlTemplate\":\"https:\\\/\\\/mountainguides.pro\\\/?s={search_term_string}\"},\"query-input\":{\"@type\":\"PropertyValueSpecification\",\"valueRequired\":true,\"valueName\":\"search_term_string\"}}],\"inLanguage\":\"pt\"},{\"@type\":\"Organization\",\"@id\":\"https:\\\/\\\/mountainguides.pro\\\/#organization\",\"name\":\"Mountain Guide\",\"url\":\"https:\\\/\\\/mountainguides.pro\\\/\",\"logo\":{\"@type\":\"ImageObject\",\"inLanguage\":\"pt\",\"@id\":\"https:\\\/\\\/mountainguides.pro\\\/#\\\/schema\\\/logo\\\/image\\\/\",\"url\":\"https:\\\/\\\/mountainguides.pro\\\/wp-content\\\/uploads\\\/2018\\\/01\\\/mglogo.jpg\",\"contentUrl\":\"https:\\\/\\\/mountainguides.pro\\\/wp-content\\\/uploads\\\/2018\\\/01\\\/mglogo.jpg\",\"width\":1200,\"height\":630,\"caption\":\"Mountain Guide\"},\"image\":{\"@id\":\"https:\\\/\\\/mountainguides.pro\\\/#\\\/schema\\\/logo\\\/image\\\/\"},\"sameAs\":[\"https:\\\/\\\/www.facebook.com\\\/Mountainguide-232956566756831\\\/\",\"https:\\\/\\\/x.com\\\/Wintercyclone\",\"http:\\\/\\\/instagram.com\\\/mountainguide\",\"http:\\\/\\\/www.youtube.com\\\/mountainguide\"]}]}<\/script>\n<!-- \/ Yoast SEO Premium plugin. -->","yoast_head_json":{"title":"Trekking the Manaslu Circuit","robots":{"index":"index","follow":"follow","max-snippet":"max-snippet:-1","max-image-preview":"max-image-preview:large","max-video-preview":"max-video-preview:-1"},"canonical":"https:\/\/mountainguides.pro\/pt\/tours\/trekking\/trekking-the-manaslu-circuit\/","og_locale":"pt_PT","og_type":"article","og_title":"[:en]Trekking the Manaslu Circuit[:de]Trekking Manaslu Circuit[:es]Anillo De Trekking Manaslu[:pt]Anel De Trekking Manaslu[:zh]\u5f92\u6b65\u9a6c\u7eb3\u65af\u9c81\u73af[:ko]\ub9c8\ub098\uc2ac\ub8e8 \ub9c1 \ud2b8\ub808\ud0b9[:ja]\u30de\u30ca\u30b9\u30eb\u30ea\u30f3\u30b0\u30c8\u30ec\u30c3\u30ad\u30f3\u30b0[:hi]\u092e\u093e\u0928\u093e\u0938\u094d\u0932\u0941 \u0938\u0930\u094d\u0915\u093f\u091f \u091f\u094d\u0930\u0947\u0915\u093f\u0902\u0917[:ar]\u0631\u062d\u0644\u0629 \u0645\u0627\u0646\u0627\u0633\u0644\u0648 \u0627\u0644\u062f\u0627\u0626\u0631\u064a[:]","og_description":"Viagem \u00e0 regi\u00e3o mais alta do mundo \u2013 os Himalaias, que significa \u201cmorada das neves\u201d  As melhores vistas da bela Manaslu \u2013 a oitava montanha mais alta do mundo  Atravessaremos o passo de neve Larke, que em altitude \u00e9 quase equivalente ao Elbrus  Percorreremos trilhas antigas feitas por peregrinos at\u00e9 o mosteiro budista Pun Guen  Experimentaremos a culin\u00e1ria local: dal-bhat, bifes de carne de iaque, masala e queijo de iaque  Sentiremos todo o poder dos locais sagrados situados nesta regi\u00e3o  **Ao contr\u00e1rio de outras empresas, o voo interno est\u00e1 inclu\u00eddo. ***Observa\u00e7\u00e3o: nossa empresa n\u00e3o presta servi\u00e7os de compra e venda de passagens a\u00e9reas ou de obten\u00e7\u00e3o de vistos, portanto n\u00e3o se responsabiliza por situa\u00e7\u00f5es de for\u00e7a maior relacionadas a voos e travessias de fronteiras. Informa\u00e7\u00f5es importantes:    O hor\u00e1rio de check-in e check-out \u00e9 regulamentado pelo hotel: check-in a partir das 15h, check-out at\u00e9 11-12h. \u00c9 poss\u00edvel deixar a bagagem na recep\u00e7\u00e3o do hotel e passear pela cidade ou, caso haja disponibilidade t\u00e9cnica, pagar por early check-in\/late check-out.  No Nepal, existem dificuldades na troca de c\u00e9dulas pequenas, desgastadas ou antigas (emitidas at\u00e9 2009), tenha isso em mente. Em alguns locais h\u00e1 taxas adicionais, em outros, recusa na troca.","og_url":"https:\/\/mountainguides.pro\/pt\/tours\/trekking\/trekking-the-manaslu-circuit\/","og_site_name":"Mountain Guide","article_publisher":"https:\/\/www.facebook.com\/Mountainguide-232956566756831\/","article_modified_time":"2026-04-06T13:35:01+00:00","og_image":[{"width":1800,"height":1350,"url":"https:\/\/mountainguides.pro\/wp-content\/uploads\/2025\/01\/trekking-kolczo-manaslu.jpeg","type":"image\/jpeg"}],"twitter_card":"summary_large_image","twitter_site":"@Wintercyclone","twitter_misc":{"Tempo estimado de leitura":"1 minuto"},"schema":{"@context":"https:\/\/schema.org","@graph":[{"@type":"WebPage","@id":"https:\/\/mountainguides.pro\/tours\/trekking\/trekking-the-manaslu-circuit\/","url":"https:\/\/mountainguides.pro\/tours\/trekking\/trekking-the-manaslu-circuit\/","name":"Trekking the Manaslu Circuit","isPartOf":{"@id":"https:\/\/mountainguides.pro\/#website"},"primaryImageOfPage":{"@id":"https:\/\/mountainguides.pro\/tours\/trekking\/trekking-the-manaslu-circuit\/#primaryimage"},"image":{"@id":"https:\/\/mountainguides.pro\/tours\/trekking\/trekking-the-manaslu-circuit\/#primaryimage"},"thumbnailUrl":"https:\/\/mountainguides.pro\/wp-content\/uploads\/2025\/01\/trekking-kolczo-manaslu.jpeg","datePublished":"2025-01-08T13:49:34+00:00","dateModified":"2026-04-06T13:35:01+00:00","breadcrumb":{"@id":"https:\/\/mountainguides.pro\/tours\/trekking\/trekking-the-manaslu-circuit\/#breadcrumb"},"inLanguage":"pt","potentialAction":[{"@type":"ReadAction","target":["https:\/\/mountainguides.pro\/tours\/trekking\/trekking-the-manaslu-circuit\/"]}]},{"@type":"ImageObject","inLanguage":"pt","@id":"https:\/\/mountainguides.pro\/tours\/trekking\/trekking-the-manaslu-circuit\/#primaryimage","url":"https:\/\/mountainguides.pro\/wp-content\/uploads\/2025\/01\/trekking-kolczo-manaslu.jpeg","contentUrl":"https:\/\/mountainguides.pro\/wp-content\/uploads\/2025\/01\/trekking-kolczo-manaslu.jpeg","width":1800,"height":1350},{"@type":"BreadcrumbList","@id":"https:\/\/mountainguides.pro\/tours\/trekking\/trekking-the-manaslu-circuit\/#breadcrumb","itemListElement":[{"@type":"ListItem","position":1,"name":"Home","item":"https:\/\/mountainguides.pro\/de\/"},{"@type":"ListItem","position":2,"name":"Trekking the Manaslu Circuit"}]},{"@type":"WebSite","@id":"https:\/\/mountainguides.pro\/#website","url":"https:\/\/mountainguides.pro\/","name":"Mountain Guide","description":"We aspire to be the first in everything!","publisher":{"@id":"https:\/\/mountainguides.pro\/#organization"},"potentialAction":[{"@type":"SearchAction","target":{"@type":"EntryPoint","urlTemplate":"https:\/\/mountainguides.pro\/?s={search_term_string}"},"query-input":{"@type":"PropertyValueSpecification","valueRequired":true,"valueName":"search_term_string"}}],"inLanguage":"pt"},{"@type":"Organization","@id":"https:\/\/mountainguides.pro\/#organization","name":"Mountain Guide","url":"https:\/\/mountainguides.pro\/","logo":{"@type":"ImageObject","inLanguage":"pt","@id":"https:\/\/mountainguides.pro\/#\/schema\/logo\/image\/","url":"https:\/\/mountainguides.pro\/wp-content\/uploads\/2018\/01\/mglogo.jpg","contentUrl":"https:\/\/mountainguides.pro\/wp-content\/uploads\/2018\/01\/mglogo.jpg","width":1200,"height":630,"caption":"Mountain Guide"},"image":{"@id":"https:\/\/mountainguides.pro\/#\/schema\/logo\/image\/"},"sameAs":["https:\/\/www.facebook.com\/Mountainguide-232956566756831\/","https:\/\/x.com\/Wintercyclone","http:\/\/instagram.com\/mountainguide","http:\/\/www.youtube.com\/mountainguide"]}]}},"_links":{"self":[{"href":"https:\/\/mountainguides.pro\/pt\/wp-json\/wp\/v2\/product\/21094","targetHints":{"allow":["GET"]}}],"collection":[{"href":"https:\/\/mountainguides.pro\/pt\/wp-json\/wp\/v2\/product"}],"about":[{"href":"https:\/\/mountainguides.pro\/pt\/wp-json\/wp\/v2\/types\/product"}],"replies":[{"embeddable":true,"href":"https:\/\/mountainguides.pro\/pt\/wp-json\/wp\/v2\/comments?post=21094"}],"version-history":[{"count":14,"href":"https:\/\/mountainguides.pro\/pt\/wp-json\/wp\/v2\/product\/21094\/revisions"}],"predecessor-version":[{"id":33361,"href":"https:\/\/mountainguides.pro\/pt\/wp-json\/wp\/v2\/product\/21094\/revisions\/33361"}],"wp:featuredmedia":[{"embeddable":true,"href":"https:\/\/mountainguides.pro\/pt\/wp-json\/wp\/v2\/media\/21444"}],"wp:attachment":[{"href":"https:\/\/mountainguides.pro\/pt\/wp-json\/wp\/v2\/media?parent=21094"}],"wp:term":[{"taxonomy":"product_cat","embeddable":true,"href":"https:\/\/mountainguides.pro\/pt\/wp-json\/wp\/v2\/product_cat?post=21094"},{"taxonomy":"product_tag","embeddable":true,"href":"https:\/\/mountainguides.pro\/pt\/wp-json\/wp\/v2\/product_tag?post=21094"}],"curies":[{"name":"wp","href":"https:\/\/api.w.org\/{rel}","templated":true}]}}