{"id":21100,"date":"2025-01-08T16:50:02","date_gmt":"2025-01-08T13:50:02","guid":{"rendered":"https:\/\/mountainguides.pro\/?post_type=product&#038;p=21100"},"modified":"2026-01-29T11:29:35","modified_gmt":"2026-01-29T08:29:35","slug":"tour-to-kathmandu-inside-out-in-one-day","status":"publish","type":"product","link":"https:\/\/mountainguides.pro\/pt\/tours\/adventure\/tour-to-kathmandu-inside-out-in-one-day\/","title":{"rendered":"Tour em Katmandu: de dentro para fora em um dia"},"content":{"rendered":"","protected":false},"excerpt":{"rendered":"<ul>\n<li class=\"p1\">Pra\u00e7a Durbar, que foi o centro do poder real do Nepal e testemunhou muitos eventos importantes na hist\u00f3ria do pa\u00eds<\/li>\n<li class=\"p1\">Se tivermos sorte, veremos o verdadeiro s\u00edmbolo do Nepal \u2013 a deusa viva Kumari<\/li>\n<li class=\"p1\">Pashupatinath, templo sagrado para todos os hindus, onde ocorre diariamente a crema\u00e7\u00e3o dos mortos<\/li>\n<li class=\"p1\">Veremos sadhus \u2014 eremitas e ascetas que dedicam suas vidas \u00e0 pr\u00e1tica espiritual<\/li>\n<li class=\"p1\">Swayambhunath, tamb\u00e9m conhecido como \u201cTemplo dos Macacos\u201d, \u00e9 um dos lugares budistas mais antigos e sagrados do Nepal<\/li>\n<\/ul>\n<p class=\"p1\"><strong>*Observe que nossa empresa n\u00e3o atua na compra, venda de passagens a\u00e9reas ou na obten\u00e7\u00e3o de vistos, portanto n\u00e3o se responsabiliza por casos de for\u00e7a maior relacionados a voos ou passagem de fronteiras.<\/strong><\/p>\n<p class=\"p1\"><strong>Informa\u00e7\u00f5es importantes:<\/strong><\/p>\n<ul>\n<li class=\"p1\">No Nepal, h\u00e1 algumas dificuldades com a troca de c\u00e9dulas pequenas, desgastadas ou antigas (emitidas antes de 2009). Em alguns lugares h\u00e1 taxa adicional, em outros a troca pode ser recusada.<\/li>\n<li class=\"p1\">O custo final da excurs\u00e3o depende do n\u00famero de participantes<\/li>\n<li class=\"p1\">Este projeto \u00e9 de car\u00e1ter n\u00e3o comercial, voltado para imagem e experi\u00eancia de nossos clientes<\/li>\n<\/ul>\n","protected":false},"featured_media":0,"comment_status":"closed","ping_status":"closed","template":"","meta":{"_acf_changed":false,"footnotes":""},"product_cat":[337],"product_tag":[],"class_list":{"0":"post-21100","1":"product","2":"type-product","3":"status-publish","5":"product_cat-adventure","7":"first","8":"instock","9":"shipping-taxable","10":"purchasable","11":"product-type-simple"},"acf":[],"yoast_head":"<!-- This site is optimized with the Yoast SEO Premium plugin v26.5 (Yoast SEO v27.6) - https:\/\/yoast.com\/product\/yoast-seo-premium-wordpress\/ -->\n<title>Adventure Kathmandu<\/title>\n<meta name=\"robots\" content=\"index, follow, max-snippet:-1, max-image-preview:large, max-video-preview:-1\" \/>\n<link rel=\"canonical\" href=\"https:\/\/mountainguides.pro\/pt\/tours\/adventure\/tour-to-kathmandu-inside-out-in-one-day\/\" \/>\n<meta property=\"og:locale\" content=\"pt_PT\" \/>\n<meta property=\"og:locale:alternate\" content=\"en_US\" \/>\n<meta property=\"og:locale:alternate\" content=\"ru_RU\" \/>\n<meta property=\"og:locale:alternate\" content=\"de\" \/>\n<meta property=\"og:locale:alternate\" content=\"es\" \/>\n<meta property=\"og:locale:alternate\" content=\"zh\" \/>\n<meta property=\"og:locale:alternate\" content=\"ko\" \/>\n<meta property=\"og:locale:alternate\" content=\"ja\" \/>\n<meta property=\"og:locale:alternate\" content=\"hi\" \/>\n<meta property=\"og:locale:alternate\" content=\"ar\" \/>\n<meta property=\"og:type\" content=\"article\" \/>\n<meta property=\"og:title\" content=\"Tour em Katmandu: de dentro para fora em um dia\" \/>\n<meta property=\"og:description\" content=\"Pra\u00e7a Durbar, que foi o centro do poder real do Nepal e testemunhou muitos eventos importantes na hist\u00f3ria do pa\u00eds  Se tivermos sorte, veremos o verdadeiro s\u00edmbolo do Nepal \u2013 a deusa viva Kumari  Pashupatinath, templo sagrado para todos os hindus, onde ocorre diariamente a crema\u00e7\u00e3o dos mortos  Veremos sadhus \u2014 eremitas e ascetas que dedicam suas vidas \u00e0 pr\u00e1tica espiritual  Swayambhunath, tamb\u00e9m conhecido como \u201cTemplo dos Macacos\u201d, \u00e9 um dos lugares budistas mais antigos e sagrados do Nepal  *Observe que nossa empresa n\u00e3o atua na compra, venda de passagens a\u00e9reas ou na obten\u00e7\u00e3o de vistos, portanto n\u00e3o se responsabiliza por casos de for\u00e7a maior relacionados a voos ou passagem de fronteiras. Informa\u00e7\u00f5es importantes:    No Nepal, h\u00e1 algumas dificuldades com a troca de c\u00e9dulas pequenas, desgastadas ou antigas (emitidas antes de 2009). Em alguns lugares h\u00e1 taxa adicional, em outros a troca pode ser recusada.  O custo final da excurs\u00e3o depende do n\u00famero de participantes  Este projeto \u00e9 de car\u00e1ter n\u00e3o comercial, voltado para imagem e experi\u00eancia de nossos clientes\" \/>\n<meta property=\"og:url\" content=\"https:\/\/mountainguides.pro\/pt\/tours\/adventure\/tour-to-kathmandu-inside-out-in-one-day\/\" \/>\n<meta property=\"og:site_name\" content=\"Mountain Guide\" \/>\n<meta property=\"article:publisher\" content=\"https:\/\/www.facebook.com\/Mountainguide-232956566756831\/\" \/>\n<meta property=\"article:modified_time\" content=\"2026-01-29T08:29:35+00:00\" \/>\n<meta property=\"og:image\" content=\"https:\/\/mountainguides.pro\/wp-content\/uploads\/2018\/01\/mglogo.jpg\" \/>\n\t<meta property=\"og:image:width\" content=\"1200\" \/>\n\t<meta property=\"og:image:height\" content=\"630\" \/>\n\t<meta property=\"og:image:type\" content=\"image\/jpeg\" \/>\n<meta name=\"twitter:card\" content=\"summary_large_image\" \/>\n<meta name=\"twitter:site\" content=\"@Wintercyclone\" \/>\n<script type=\"application\/ld+json\" class=\"yoast-schema-graph\">{\"@context\":\"https:\\\/\\\/schema.org\",\"@graph\":[{\"@type\":\"WebPage\",\"@id\":\"https:\\\/\\\/mountainguides.pro\\\/ar\\\/tours\\\/adventure\\\/tour-to-kathmandu-inside-out-in-one-day\\\/\",\"url\":\"https:\\\/\\\/mountainguides.pro\\\/ar\\\/tours\\\/adventure\\\/tour-to-kathmandu-inside-out-in-one-day\\\/\",\"name\":\"Adventure Kathmandu\",\"isPartOf\":{\"@id\":\"https:\\\/\\\/mountainguides.pro\\\/#website\"},\"datePublished\":\"2025-01-08T13:50:02+00:00\",\"dateModified\":\"2026-01-29T08:29:35+00:00\",\"breadcrumb\":{\"@id\":\"https:\\\/\\\/mountainguides.pro\\\/ar\\\/tours\\\/adventure\\\/tour-to-kathmandu-inside-out-in-one-day\\\/#breadcrumb\"},\"inLanguage\":\"pt\",\"potentialAction\":[{\"@type\":\"ReadAction\",\"target\":[\"https:\\\/\\\/mountainguides.pro\\\/ar\\\/tours\\\/adventure\\\/tour-to-kathmandu-inside-out-in-one-day\\\/\"]}]},{\"@type\":\"BreadcrumbList\",\"@id\":\"https:\\\/\\\/mountainguides.pro\\\/ar\\\/tours\\\/adventure\\\/tour-to-kathmandu-inside-out-in-one-day\\\/#breadcrumb\",\"itemListElement\":[{\"@type\":\"ListItem\",\"position\":1,\"name\":\"Home\",\"item\":\"https:\\\/\\\/mountainguides.pro\\\/de\\\/\"},{\"@type\":\"ListItem\",\"position\":2,\"name\":\"\u062c\u0648\u0644\u0629 \u0643\u0627\u062a\u0645\u0627\u0646\u062f\u0648: \u0627\u0644\u062f\u0627\u062e\u0644 \u0627\u0644\u0649 \u0627\u0644\u062e\u0627\u0631\u062c \u0641\u064a \u064a\u0648\u0645 \u0648\u0627\u062d\u062f\"}]},{\"@type\":\"WebSite\",\"@id\":\"https:\\\/\\\/mountainguides.pro\\\/#website\",\"url\":\"https:\\\/\\\/mountainguides.pro\\\/\",\"name\":\"Mountain Guide\",\"description\":\"We aspire to be the first in everything!\",\"publisher\":{\"@id\":\"https:\\\/\\\/mountainguides.pro\\\/#organization\"},\"potentialAction\":[{\"@type\":\"SearchAction\",\"target\":{\"@type\":\"EntryPoint\",\"urlTemplate\":\"https:\\\/\\\/mountainguides.pro\\\/?s={search_term_string}\"},\"query-input\":{\"@type\":\"PropertyValueSpecification\",\"valueRequired\":true,\"valueName\":\"search_term_string\"}}],\"inLanguage\":\"pt\"},{\"@type\":\"Organization\",\"@id\":\"https:\\\/\\\/mountainguides.pro\\\/#organization\",\"name\":\"Mountain Guide\",\"url\":\"https:\\\/\\\/mountainguides.pro\\\/\",\"logo\":{\"@type\":\"ImageObject\",\"inLanguage\":\"pt\",\"@id\":\"https:\\\/\\\/mountainguides.pro\\\/#\\\/schema\\\/logo\\\/image\\\/\",\"url\":\"https:\\\/\\\/mountainguides.pro\\\/wp-content\\\/uploads\\\/2018\\\/01\\\/mglogo.jpg\",\"contentUrl\":\"https:\\\/\\\/mountainguides.pro\\\/wp-content\\\/uploads\\\/2018\\\/01\\\/mglogo.jpg\",\"width\":1200,\"height\":630,\"caption\":\"Mountain Guide\"},\"image\":{\"@id\":\"https:\\\/\\\/mountainguides.pro\\\/#\\\/schema\\\/logo\\\/image\\\/\"},\"sameAs\":[\"https:\\\/\\\/www.facebook.com\\\/Mountainguide-232956566756831\\\/\",\"https:\\\/\\\/x.com\\\/Wintercyclone\",\"http:\\\/\\\/instagram.com\\\/mountainguide\",\"http:\\\/\\\/www.youtube.com\\\/mountainguide\"]}]}<\/script>\n<!-- \/ Yoast SEO Premium plugin. -->","yoast_head_json":{"title":"Adventure Kathmandu","robots":{"index":"index","follow":"follow","max-snippet":"max-snippet:-1","max-image-preview":"max-image-preview:large","max-video-preview":"max-video-preview:-1"},"canonical":"https:\/\/mountainguides.pro\/pt\/tours\/adventure\/tour-to-kathmandu-inside-out-in-one-day\/","og_locale":"pt_PT","og_type":"article","og_title":"[:en]Tour to Kathmandu: Inside Out in One Day[:de]Tour nach Kathmandu: Von innen nach au\u00dfen f\u00fcr einen Tag[:es]Tour de Katmand\u00fa: al Rev\u00e9s en un d\u00eda[:pt]Tour em Katmandu: de dentro para fora em um dia[:zh]\u52a0\u5fb7\u6ee1\u90fd\u4e4b\u65c5\uff1a\u4e00\u65e5\u6e38[:ko]\uce74\ud2b8\ub9cc\ub450 \ud22c\uc5b4:\ud558\ub8e8\uc5d0 \uc778\uc0ac\uc774\ub4dc \uc544\uc6c3[:ja]\u30ab\u30c8\u30de\u30f3\u30ba\u30c4\u30a2\u30fc\uff1a\u4e00\u65e5\u306e\u4e2d\u3067\u30a4\u30f3\u30b5\u30a4\u30c9\u30a2\u30a6\u30c8[:hi]\u0915\u093e\u0920\u092e\u093e\u0902\u0921\u0942 \u092f\u093e\u0924\u094d\u0930\u093e: \u090f\u0915 \u0926\u093f\u0928 \u092e\u0947\u0902 \u0905\u0902\u0926\u0930 \u092c\u093e\u0939\u0930[:ar]\u062c\u0648\u0644\u0629 \u0643\u0627\u062a\u0645\u0627\u0646\u062f\u0648: \u0627\u0644\u062f\u0627\u062e\u0644 \u0627\u0644\u0649 \u0627\u0644\u062e\u0627\u0631\u062c \u0641\u064a \u064a\u0648\u0645 \u0648\u0627\u062d\u062f[:]","og_description":"Pra\u00e7a Durbar, que foi o centro do poder real do Nepal e testemunhou muitos eventos importantes na hist\u00f3ria do pa\u00eds  Se tivermos sorte, veremos o verdadeiro s\u00edmbolo do Nepal \u2013 a deusa viva Kumari  Pashupatinath, templo sagrado para todos os hindus, onde ocorre diariamente a crema\u00e7\u00e3o dos mortos  Veremos sadhus \u2014 eremitas e ascetas que dedicam suas vidas \u00e0 pr\u00e1tica espiritual  Swayambhunath, tamb\u00e9m conhecido como \u201cTemplo dos Macacos\u201d, \u00e9 um dos lugares budistas mais antigos e sagrados do Nepal  *Observe que nossa empresa n\u00e3o atua na compra, venda de passagens a\u00e9reas ou na obten\u00e7\u00e3o de vistos, portanto n\u00e3o se responsabiliza por casos de for\u00e7a maior relacionados a voos ou passagem de fronteiras. Informa\u00e7\u00f5es importantes:    No Nepal, h\u00e1 algumas dificuldades com a troca de c\u00e9dulas pequenas, desgastadas ou antigas (emitidas antes de 2009). Em alguns lugares h\u00e1 taxa adicional, em outros a troca pode ser recusada.  O custo final da excurs\u00e3o depende do n\u00famero de participantes  Este projeto \u00e9 de car\u00e1ter n\u00e3o comercial, voltado para imagem e experi\u00eancia de nossos clientes","og_url":"https:\/\/mountainguides.pro\/pt\/tours\/adventure\/tour-to-kathmandu-inside-out-in-one-day\/","og_site_name":"Mountain Guide","article_publisher":"https:\/\/www.facebook.com\/Mountainguide-232956566756831\/","article_modified_time":"2026-01-29T08:29:35+00:00","og_image":[{"width":1200,"height":630,"url":"https:\/\/mountainguides.pro\/wp-content\/uploads\/2018\/01\/mglogo.jpg","type":"image\/jpeg"}],"twitter_card":"summary_large_image","twitter_site":"@Wintercyclone","schema":{"@context":"https:\/\/schema.org","@graph":[{"@type":"WebPage","@id":"https:\/\/mountainguides.pro\/ar\/tours\/adventure\/tour-to-kathmandu-inside-out-in-one-day\/","url":"https:\/\/mountainguides.pro\/ar\/tours\/adventure\/tour-to-kathmandu-inside-out-in-one-day\/","name":"Adventure Kathmandu","isPartOf":{"@id":"https:\/\/mountainguides.pro\/#website"},"datePublished":"2025-01-08T13:50:02+00:00","dateModified":"2026-01-29T08:29:35+00:00","breadcrumb":{"@id":"https:\/\/mountainguides.pro\/ar\/tours\/adventure\/tour-to-kathmandu-inside-out-in-one-day\/#breadcrumb"},"inLanguage":"pt","potentialAction":[{"@type":"ReadAction","target":["https:\/\/mountainguides.pro\/ar\/tours\/adventure\/tour-to-kathmandu-inside-out-in-one-day\/"]}]},{"@type":"BreadcrumbList","@id":"https:\/\/mountainguides.pro\/ar\/tours\/adventure\/tour-to-kathmandu-inside-out-in-one-day\/#breadcrumb","itemListElement":[{"@type":"ListItem","position":1,"name":"Home","item":"https:\/\/mountainguides.pro\/de\/"},{"@type":"ListItem","position":2,"name":"\u062c\u0648\u0644\u0629 \u0643\u0627\u062a\u0645\u0627\u0646\u062f\u0648: \u0627\u0644\u062f\u0627\u062e\u0644 \u0627\u0644\u0649 \u0627\u0644\u062e\u0627\u0631\u062c \u0641\u064a \u064a\u0648\u0645 \u0648\u0627\u062d\u062f"}]},{"@type":"WebSite","@id":"https:\/\/mountainguides.pro\/#website","url":"https:\/\/mountainguides.pro\/","name":"Mountain Guide","description":"We aspire to be the first in everything!","publisher":{"@id":"https:\/\/mountainguides.pro\/#organization"},"potentialAction":[{"@type":"SearchAction","target":{"@type":"EntryPoint","urlTemplate":"https:\/\/mountainguides.pro\/?s={search_term_string}"},"query-input":{"@type":"PropertyValueSpecification","valueRequired":true,"valueName":"search_term_string"}}],"inLanguage":"pt"},{"@type":"Organization","@id":"https:\/\/mountainguides.pro\/#organization","name":"Mountain Guide","url":"https:\/\/mountainguides.pro\/","logo":{"@type":"ImageObject","inLanguage":"pt","@id":"https:\/\/mountainguides.pro\/#\/schema\/logo\/image\/","url":"https:\/\/mountainguides.pro\/wp-content\/uploads\/2018\/01\/mglogo.jpg","contentUrl":"https:\/\/mountainguides.pro\/wp-content\/uploads\/2018\/01\/mglogo.jpg","width":1200,"height":630,"caption":"Mountain Guide"},"image":{"@id":"https:\/\/mountainguides.pro\/#\/schema\/logo\/image\/"},"sameAs":["https:\/\/www.facebook.com\/Mountainguide-232956566756831\/","https:\/\/x.com\/Wintercyclone","http:\/\/instagram.com\/mountainguide","http:\/\/www.youtube.com\/mountainguide"]}]}},"_links":{"self":[{"href":"https:\/\/mountainguides.pro\/pt\/wp-json\/wp\/v2\/product\/21100","targetHints":{"allow":["GET"]}}],"collection":[{"href":"https:\/\/mountainguides.pro\/pt\/wp-json\/wp\/v2\/product"}],"about":[{"href":"https:\/\/mountainguides.pro\/pt\/wp-json\/wp\/v2\/types\/product"}],"replies":[{"embeddable":true,"href":"https:\/\/mountainguides.pro\/pt\/wp-json\/wp\/v2\/comments?post=21100"}],"version-history":[{"count":11,"href":"https:\/\/mountainguides.pro\/pt\/wp-json\/wp\/v2\/product\/21100\/revisions"}],"predecessor-version":[{"id":32663,"href":"https:\/\/mountainguides.pro\/pt\/wp-json\/wp\/v2\/product\/21100\/revisions\/32663"}],"wp:attachment":[{"href":"https:\/\/mountainguides.pro\/pt\/wp-json\/wp\/v2\/media?parent=21100"}],"wp:term":[{"taxonomy":"product_cat","embeddable":true,"href":"https:\/\/mountainguides.pro\/pt\/wp-json\/wp\/v2\/product_cat?post=21100"},{"taxonomy":"product_tag","embeddable":true,"href":"https:\/\/mountainguides.pro\/pt\/wp-json\/wp\/v2\/product_tag?post=21100"}],"curies":[{"name":"wp","href":"https:\/\/api.w.org\/{rel}","templated":true}]}}