{"id":21102,"date":"2025-01-08T16:50:09","date_gmt":"2025-01-08T13:50:09","guid":{"rendered":"https:\/\/mountainguides.pro\/?post_type=product&#038;p=21102"},"modified":"2026-01-29T11:15:22","modified_gmt":"2026-01-29T08:15:22","slug":"tour-to-eritrea-dahlak-archipelago-and-rashaida-nomads","status":"publish","type":"product","link":"https:\/\/mountainguides.pro\/pt\/tours\/adventure\/tour-to-eritrea-dahlak-archipelago-and-rashaida-nomads\/","title":{"rendered":"Excurs\u00e3o \u00e0 Eritreia: O arquip\u00e9lago de Dahlak e os n\u00f4mades de Rashaid"},"content":{"rendered":"","protected":false},"excerpt":{"rendered":"<ul>\n<li class=\"p1\">Caminhada pelas estreitas ruas de Asmara com sua arquitetura art d\u00e9co e visita ao cemit\u00e9rio de equipamentos militares<\/li>\n<li class=\"p1\">Conhecimento com os n\u00f4mades Rashaida, seus trajes tradicionais coloridos e costumes \u00fanicos<\/li>\n<li class=\"p1\">Mergulho na atmosfera do antigo porto de Massawa, onde tradi\u00e7\u00f5es orientais harmonizam-se com a arquitetura colonial<\/li>\n<li class=\"p1\">Viagem mar\u00edtima ao arquip\u00e9lago de Dahlak com noite sob as estrelas na ilha Dessie<\/li>\n<li class=\"p1\">Visita a um dos mais famosos mosteiros da Eritreia, situado a 2450 metros de altitude, com vistas deslumbrantes e hist\u00f3ria antiga<\/li>\n<\/ul>\n<p class=\"p1\"><strong>Observa\u00e7\u00e3o: nossa empresa n\u00e3o atua na compra ou venda de passagens a\u00e9reas e na emiss\u00e3o de vistos, portanto n\u00e3o se responsabiliza por imprevistos relacionados a voos e controle de fronteiras.<\/strong><\/p>\n<p class=\"p1\"><strong>Informa\u00e7\u00f5es importantes:<\/strong><\/p>\n<ul>\n<li class=\"p1\">O hor\u00e1rio de check-in e check-out \u00e9 determinado pelo hotel: check-in a partir das 15h, check-out at\u00e9 11\u201312h. \u00c9 poss\u00edvel deixar a bagagem na recep\u00e7\u00e3o do hotel e passear pela cidade, ou, se houver disponibilidade t\u00e9cnica, pagar um adicional para check-in antecipado\/check-out tardio.<\/li>\n<li class=\"p1\">Na Eritreia, existem algumas dificuldades para trocar c\u00e9dulas pequenas, gastas ou antigas (emitidas antes de 2009); esteja ciente disso. Em alguns lugares, h\u00e1 taxas adicionais, e em outros, pode haver recusa na troca.<\/li>\n<\/ul>\n","protected":false},"featured_media":21454,"comment_status":"closed","ping_status":"closed","template":"","meta":{"_acf_changed":false,"footnotes":""},"product_cat":[337],"product_tag":[],"class_list":{"0":"post-21102","1":"product","2":"type-product","3":"status-publish","4":"has-post-thumbnail","6":"product_cat-adventure","8":"first","9":"instock","10":"shipping-taxable","11":"purchasable","12":"product-type-simple"},"acf":[],"yoast_head":"<!-- This site is optimized with the Yoast SEO Premium plugin v26.5 (Yoast SEO v27.3) - https:\/\/yoast.com\/product\/yoast-seo-premium-wordpress\/ -->\n<title>Adventure Eritrea<\/title>\n<meta name=\"robots\" content=\"index, follow, max-snippet:-1, max-image-preview:large, max-video-preview:-1\" \/>\n<link rel=\"canonical\" href=\"https:\/\/mountainguides.pro\/pt\/tours\/adventure\/tour-to-eritrea-dahlak-archipelago-and-rashaida-nomads\/\" \/>\n<meta property=\"og:locale\" content=\"pt_PT\" \/>\n<meta property=\"og:locale:alternate\" content=\"en_US\" \/>\n<meta property=\"og:locale:alternate\" content=\"ru_RU\" \/>\n<meta property=\"og:locale:alternate\" content=\"de\" \/>\n<meta property=\"og:locale:alternate\" content=\"es\" \/>\n<meta property=\"og:locale:alternate\" content=\"zh\" \/>\n<meta property=\"og:locale:alternate\" content=\"ko\" \/>\n<meta property=\"og:locale:alternate\" content=\"ja\" \/>\n<meta property=\"og:locale:alternate\" content=\"hi\" \/>\n<meta property=\"og:locale:alternate\" content=\"ar\" \/>\n<meta property=\"og:type\" content=\"article\" \/>\n<meta property=\"og:title\" content=\"Excurs\u00e3o \u00e0 Eritreia: O arquip\u00e9lago de Dahlak e os n\u00f4mades de Rashaid\" \/>\n<meta property=\"og:description\" content=\"Caminhada pelas estreitas ruas de Asmara com sua arquitetura art d\u00e9co e visita ao cemit\u00e9rio de equipamentos militares  Conhecimento com os n\u00f4mades Rashaida, seus trajes tradicionais coloridos e costumes \u00fanicos  Mergulho na atmosfera do antigo porto de Massawa, onde tradi\u00e7\u00f5es orientais harmonizam-se com a arquitetura colonial  Viagem mar\u00edtima ao arquip\u00e9lago de Dahlak com noite sob as estrelas na ilha Dessie  Visita a um dos mais famosos mosteiros da Eritreia, situado a 2450 metros de altitude, com vistas deslumbrantes e hist\u00f3ria antiga  Observa\u00e7\u00e3o: nossa empresa n\u00e3o atua na compra ou venda de passagens a\u00e9reas e na emiss\u00e3o de vistos, portanto n\u00e3o se responsabiliza por imprevistos relacionados a voos e controle de fronteiras. Informa\u00e7\u00f5es importantes:    O hor\u00e1rio de check-in e check-out \u00e9 determinado pelo hotel: check-in a partir das 15h, check-out at\u00e9 11\u201312h. \u00c9 poss\u00edvel deixar a bagagem na recep\u00e7\u00e3o do hotel e passear pela cidade, ou, se houver disponibilidade t\u00e9cnica, pagar um adicional para check-in antecipado\/check-out tardio.  Na Eritreia, existem algumas dificuldades para trocar c\u00e9dulas pequenas, gastas ou antigas (emitidas antes de 2009); esteja ciente disso. Em alguns lugares, h\u00e1 taxas adicionais, e em outros, pode haver recusa na troca.\" \/>\n<meta property=\"og:url\" content=\"https:\/\/mountainguides.pro\/pt\/tours\/adventure\/tour-to-eritrea-dahlak-archipelago-and-rashaida-nomads\/\" \/>\n<meta property=\"og:site_name\" content=\"Mountain Guide\" \/>\n<meta property=\"article:publisher\" content=\"https:\/\/www.facebook.com\/Mountainguide-232956566756831\/\" \/>\n<meta property=\"article:modified_time\" content=\"2026-01-29T08:15:22+00:00\" \/>\n<meta property=\"og:image\" content=\"https:\/\/mountainguides.pro\/wp-content\/uploads\/2025\/01\/tur-v-eritreyu.jpeg\" \/>\n\t<meta property=\"og:image:width\" content=\"1800\" \/>\n\t<meta property=\"og:image:height\" content=\"1350\" \/>\n\t<meta property=\"og:image:type\" content=\"image\/jpeg\" \/>\n<meta name=\"twitter:card\" content=\"summary_large_image\" \/>\n<meta name=\"twitter:site\" content=\"@Wintercyclone\" \/>\n<meta name=\"twitter:label1\" content=\"Tempo estimado de leitura\" \/>\n\t<meta name=\"twitter:data1\" content=\"1 minuto\" \/>\n<script type=\"application\/ld+json\" class=\"yoast-schema-graph\">{\"@context\":\"https:\\\/\\\/schema.org\",\"@graph\":[{\"@type\":\"WebPage\",\"@id\":\"https:\\\/\\\/mountainguides.pro\\\/ar\\\/tours\\\/adventure\\\/tour-to-eritrea-dahlak-archipelago-and-rashaida-nomads\\\/\",\"url\":\"https:\\\/\\\/mountainguides.pro\\\/ar\\\/tours\\\/adventure\\\/tour-to-eritrea-dahlak-archipelago-and-rashaida-nomads\\\/\",\"name\":\"Adventure Eritrea\",\"isPartOf\":{\"@id\":\"https:\\\/\\\/mountainguides.pro\\\/#website\"},\"primaryImageOfPage\":{\"@id\":\"https:\\\/\\\/mountainguides.pro\\\/ar\\\/tours\\\/adventure\\\/tour-to-eritrea-dahlak-archipelago-and-rashaida-nomads\\\/#primaryimage\"},\"image\":{\"@id\":\"https:\\\/\\\/mountainguides.pro\\\/ar\\\/tours\\\/adventure\\\/tour-to-eritrea-dahlak-archipelago-and-rashaida-nomads\\\/#primaryimage\"},\"thumbnailUrl\":\"https:\\\/\\\/mountainguides.pro\\\/wp-content\\\/uploads\\\/2025\\\/01\\\/tur-v-eritreyu.jpeg\",\"datePublished\":\"2025-01-08T13:50:09+00:00\",\"dateModified\":\"2026-01-29T08:15:22+00:00\",\"breadcrumb\":{\"@id\":\"https:\\\/\\\/mountainguides.pro\\\/ar\\\/tours\\\/adventure\\\/tour-to-eritrea-dahlak-archipelago-and-rashaida-nomads\\\/#breadcrumb\"},\"inLanguage\":\"pt\",\"potentialAction\":[{\"@type\":\"ReadAction\",\"target\":[\"https:\\\/\\\/mountainguides.pro\\\/ar\\\/tours\\\/adventure\\\/tour-to-eritrea-dahlak-archipelago-and-rashaida-nomads\\\/\"]}]},{\"@type\":\"ImageObject\",\"inLanguage\":\"pt\",\"@id\":\"https:\\\/\\\/mountainguides.pro\\\/ar\\\/tours\\\/adventure\\\/tour-to-eritrea-dahlak-archipelago-and-rashaida-nomads\\\/#primaryimage\",\"url\":\"https:\\\/\\\/mountainguides.pro\\\/wp-content\\\/uploads\\\/2025\\\/01\\\/tur-v-eritreyu.jpeg\",\"contentUrl\":\"https:\\\/\\\/mountainguides.pro\\\/wp-content\\\/uploads\\\/2025\\\/01\\\/tur-v-eritreyu.jpeg\",\"width\":1800,\"height\":1350},{\"@type\":\"BreadcrumbList\",\"@id\":\"https:\\\/\\\/mountainguides.pro\\\/ar\\\/tours\\\/adventure\\\/tour-to-eritrea-dahlak-archipelago-and-rashaida-nomads\\\/#breadcrumb\",\"itemListElement\":[{\"@type\":\"ListItem\",\"position\":1,\"name\":\"Home\",\"item\":\"https:\\\/\\\/mountainguides.pro\\\/de\\\/\"},{\"@type\":\"ListItem\",\"position\":2,\"name\":\"\u062c\u0648\u0644\u0629 \u0625\u0631\u064a\u062a\u0631\u064a\u0627: \u0623\u0631\u062e\u0628\u064a\u0644 \u062f\u0647\u0644\u0643 \u0648\u0631\u0634\u064a\u062f\u0629 \u0627\u0644\u0628\u062f\u0648\"}]},{\"@type\":\"WebSite\",\"@id\":\"https:\\\/\\\/mountainguides.pro\\\/#website\",\"url\":\"https:\\\/\\\/mountainguides.pro\\\/\",\"name\":\"Mountain Guide\",\"description\":\"We aspire to be the first in everything!\",\"publisher\":{\"@id\":\"https:\\\/\\\/mountainguides.pro\\\/#organization\"},\"potentialAction\":[{\"@type\":\"SearchAction\",\"target\":{\"@type\":\"EntryPoint\",\"urlTemplate\":\"https:\\\/\\\/mountainguides.pro\\\/?s={search_term_string}\"},\"query-input\":{\"@type\":\"PropertyValueSpecification\",\"valueRequired\":true,\"valueName\":\"search_term_string\"}}],\"inLanguage\":\"pt\"},{\"@type\":\"Organization\",\"@id\":\"https:\\\/\\\/mountainguides.pro\\\/#organization\",\"name\":\"Mountain Guide\",\"url\":\"https:\\\/\\\/mountainguides.pro\\\/\",\"logo\":{\"@type\":\"ImageObject\",\"inLanguage\":\"pt\",\"@id\":\"https:\\\/\\\/mountainguides.pro\\\/#\\\/schema\\\/logo\\\/image\\\/\",\"url\":\"https:\\\/\\\/mountainguides.pro\\\/wp-content\\\/uploads\\\/2018\\\/01\\\/mglogo.jpg\",\"contentUrl\":\"https:\\\/\\\/mountainguides.pro\\\/wp-content\\\/uploads\\\/2018\\\/01\\\/mglogo.jpg\",\"width\":1200,\"height\":630,\"caption\":\"Mountain Guide\"},\"image\":{\"@id\":\"https:\\\/\\\/mountainguides.pro\\\/#\\\/schema\\\/logo\\\/image\\\/\"},\"sameAs\":[\"https:\\\/\\\/www.facebook.com\\\/Mountainguide-232956566756831\\\/\",\"https:\\\/\\\/x.com\\\/Wintercyclone\",\"http:\\\/\\\/instagram.com\\\/mountainguide\",\"http:\\\/\\\/www.youtube.com\\\/mountainguide\"]}]}<\/script>\n<!-- \/ Yoast SEO Premium plugin. -->","yoast_head_json":{"title":"Adventure Eritrea","robots":{"index":"index","follow":"follow","max-snippet":"max-snippet:-1","max-image-preview":"max-image-preview:large","max-video-preview":"max-video-preview:-1"},"canonical":"https:\/\/mountainguides.pro\/pt\/tours\/adventure\/tour-to-eritrea-dahlak-archipelago-and-rashaida-nomads\/","og_locale":"pt_PT","og_type":"article","og_title":"[:en]Tour to Eritrea: Dahlak Archipelago and Rashaida Nomads[:de]Tour nach Eritrea: Der Archipel Dahlak und die Nomaden von Rashaid[:es]Tour a Eritrea: el archipi\u00e9lago de Dahlak y los n\u00f3madas de Rashaid[:pt]Excurs\u00e3o \u00e0 Eritreia: O arquip\u00e9lago de Dahlak e os n\u00f4mades de Rashaid[:zh]\u5384\u7acb\u7279\u91cc\u4e9a\u4e4b\u65c5\uff1a\u8fbe\u8d6b\u62c9\u514b\u7fa4\u5c9b\u548c\u62c9\u6c99\u4f0a\u8fbe\u6e38\u7267\u6c11\u65cf[:ko]\uc5d0\ub9ac\ud2b8\ub808\uc544 \ud22c\uc5b4:\ub2ec\ub77d \uad70\ub3c4\uc640 \ub77c\uc0e4\uc774\ub2e4 \uc720\ubaa9\ubbfc[:ja]\u30a8\u30ea\u30c8\u30ea\u30a2\u30c4\u30a2\u30fc\uff1a\u30c0\u30e9\u30af\u8af8\u5cf6\u3068\u30e9\u30b7\u30e3\u30a4\u30c0\u904a\u7267\u6c11[:hi]\u0907\u0930\u093f\u091f\u094d\u0930\u093f\u092f\u093e \u091f\u0942\u0930: \u0926\u0939\u0932\u093e\u0915 \u0926\u094d\u0935\u0940\u092a\u0938\u092e\u0942\u0939 \u0914\u0930 \u0930\u0936\u0940\u0926\u093e \u0916\u093e\u0928\u093e\u092c\u0926\u094b\u0936[:ar]\u062c\u0648\u0644\u0629 \u0625\u0631\u064a\u062a\u0631\u064a\u0627: \u0623\u0631\u062e\u0628\u064a\u0644 \u062f\u0647\u0644\u0643 \u0648\u0631\u0634\u064a\u062f\u0629 \u0627\u0644\u0628\u062f\u0648[:]","og_description":"Caminhada pelas estreitas ruas de Asmara com sua arquitetura art d\u00e9co e visita ao cemit\u00e9rio de equipamentos militares  Conhecimento com os n\u00f4mades Rashaida, seus trajes tradicionais coloridos e costumes \u00fanicos  Mergulho na atmosfera do antigo porto de Massawa, onde tradi\u00e7\u00f5es orientais harmonizam-se com a arquitetura colonial  Viagem mar\u00edtima ao arquip\u00e9lago de Dahlak com noite sob as estrelas na ilha Dessie  Visita a um dos mais famosos mosteiros da Eritreia, situado a 2450 metros de altitude, com vistas deslumbrantes e hist\u00f3ria antiga  Observa\u00e7\u00e3o: nossa empresa n\u00e3o atua na compra ou venda de passagens a\u00e9reas e na emiss\u00e3o de vistos, portanto n\u00e3o se responsabiliza por imprevistos relacionados a voos e controle de fronteiras. Informa\u00e7\u00f5es importantes:    O hor\u00e1rio de check-in e check-out \u00e9 determinado pelo hotel: check-in a partir das 15h, check-out at\u00e9 11\u201312h. \u00c9 poss\u00edvel deixar a bagagem na recep\u00e7\u00e3o do hotel e passear pela cidade, ou, se houver disponibilidade t\u00e9cnica, pagar um adicional para check-in antecipado\/check-out tardio.  Na Eritreia, existem algumas dificuldades para trocar c\u00e9dulas pequenas, gastas ou antigas (emitidas antes de 2009); esteja ciente disso. Em alguns lugares, h\u00e1 taxas adicionais, e em outros, pode haver recusa na troca.","og_url":"https:\/\/mountainguides.pro\/pt\/tours\/adventure\/tour-to-eritrea-dahlak-archipelago-and-rashaida-nomads\/","og_site_name":"Mountain Guide","article_publisher":"https:\/\/www.facebook.com\/Mountainguide-232956566756831\/","article_modified_time":"2026-01-29T08:15:22+00:00","og_image":[{"width":1800,"height":1350,"url":"https:\/\/mountainguides.pro\/wp-content\/uploads\/2025\/01\/tur-v-eritreyu.jpeg","type":"image\/jpeg"}],"twitter_card":"summary_large_image","twitter_site":"@Wintercyclone","twitter_misc":{"Tempo estimado de leitura":"1 minuto"},"schema":{"@context":"https:\/\/schema.org","@graph":[{"@type":"WebPage","@id":"https:\/\/mountainguides.pro\/ar\/tours\/adventure\/tour-to-eritrea-dahlak-archipelago-and-rashaida-nomads\/","url":"https:\/\/mountainguides.pro\/ar\/tours\/adventure\/tour-to-eritrea-dahlak-archipelago-and-rashaida-nomads\/","name":"Adventure Eritrea","isPartOf":{"@id":"https:\/\/mountainguides.pro\/#website"},"primaryImageOfPage":{"@id":"https:\/\/mountainguides.pro\/ar\/tours\/adventure\/tour-to-eritrea-dahlak-archipelago-and-rashaida-nomads\/#primaryimage"},"image":{"@id":"https:\/\/mountainguides.pro\/ar\/tours\/adventure\/tour-to-eritrea-dahlak-archipelago-and-rashaida-nomads\/#primaryimage"},"thumbnailUrl":"https:\/\/mountainguides.pro\/wp-content\/uploads\/2025\/01\/tur-v-eritreyu.jpeg","datePublished":"2025-01-08T13:50:09+00:00","dateModified":"2026-01-29T08:15:22+00:00","breadcrumb":{"@id":"https:\/\/mountainguides.pro\/ar\/tours\/adventure\/tour-to-eritrea-dahlak-archipelago-and-rashaida-nomads\/#breadcrumb"},"inLanguage":"pt","potentialAction":[{"@type":"ReadAction","target":["https:\/\/mountainguides.pro\/ar\/tours\/adventure\/tour-to-eritrea-dahlak-archipelago-and-rashaida-nomads\/"]}]},{"@type":"ImageObject","inLanguage":"pt","@id":"https:\/\/mountainguides.pro\/ar\/tours\/adventure\/tour-to-eritrea-dahlak-archipelago-and-rashaida-nomads\/#primaryimage","url":"https:\/\/mountainguides.pro\/wp-content\/uploads\/2025\/01\/tur-v-eritreyu.jpeg","contentUrl":"https:\/\/mountainguides.pro\/wp-content\/uploads\/2025\/01\/tur-v-eritreyu.jpeg","width":1800,"height":1350},{"@type":"BreadcrumbList","@id":"https:\/\/mountainguides.pro\/ar\/tours\/adventure\/tour-to-eritrea-dahlak-archipelago-and-rashaida-nomads\/#breadcrumb","itemListElement":[{"@type":"ListItem","position":1,"name":"Home","item":"https:\/\/mountainguides.pro\/de\/"},{"@type":"ListItem","position":2,"name":"\u062c\u0648\u0644\u0629 \u0625\u0631\u064a\u062a\u0631\u064a\u0627: \u0623\u0631\u062e\u0628\u064a\u0644 \u062f\u0647\u0644\u0643 \u0648\u0631\u0634\u064a\u062f\u0629 \u0627\u0644\u0628\u062f\u0648"}]},{"@type":"WebSite","@id":"https:\/\/mountainguides.pro\/#website","url":"https:\/\/mountainguides.pro\/","name":"Mountain Guide","description":"We aspire to be the first in everything!","publisher":{"@id":"https:\/\/mountainguides.pro\/#organization"},"potentialAction":[{"@type":"SearchAction","target":{"@type":"EntryPoint","urlTemplate":"https:\/\/mountainguides.pro\/?s={search_term_string}"},"query-input":{"@type":"PropertyValueSpecification","valueRequired":true,"valueName":"search_term_string"}}],"inLanguage":"pt"},{"@type":"Organization","@id":"https:\/\/mountainguides.pro\/#organization","name":"Mountain Guide","url":"https:\/\/mountainguides.pro\/","logo":{"@type":"ImageObject","inLanguage":"pt","@id":"https:\/\/mountainguides.pro\/#\/schema\/logo\/image\/","url":"https:\/\/mountainguides.pro\/wp-content\/uploads\/2018\/01\/mglogo.jpg","contentUrl":"https:\/\/mountainguides.pro\/wp-content\/uploads\/2018\/01\/mglogo.jpg","width":1200,"height":630,"caption":"Mountain Guide"},"image":{"@id":"https:\/\/mountainguides.pro\/#\/schema\/logo\/image\/"},"sameAs":["https:\/\/www.facebook.com\/Mountainguide-232956566756831\/","https:\/\/x.com\/Wintercyclone","http:\/\/instagram.com\/mountainguide","http:\/\/www.youtube.com\/mountainguide"]}]}},"_links":{"self":[{"href":"https:\/\/mountainguides.pro\/pt\/wp-json\/wp\/v2\/product\/21102","targetHints":{"allow":["GET"]}}],"collection":[{"href":"https:\/\/mountainguides.pro\/pt\/wp-json\/wp\/v2\/product"}],"about":[{"href":"https:\/\/mountainguides.pro\/pt\/wp-json\/wp\/v2\/types\/product"}],"replies":[{"embeddable":true,"href":"https:\/\/mountainguides.pro\/pt\/wp-json\/wp\/v2\/comments?post=21102"}],"version-history":[{"count":13,"href":"https:\/\/mountainguides.pro\/pt\/wp-json\/wp\/v2\/product\/21102\/revisions"}],"predecessor-version":[{"id":32661,"href":"https:\/\/mountainguides.pro\/pt\/wp-json\/wp\/v2\/product\/21102\/revisions\/32661"}],"wp:featuredmedia":[{"embeddable":true,"href":"https:\/\/mountainguides.pro\/pt\/wp-json\/wp\/v2\/media\/21454"}],"wp:attachment":[{"href":"https:\/\/mountainguides.pro\/pt\/wp-json\/wp\/v2\/media?parent=21102"}],"wp:term":[{"taxonomy":"product_cat","embeddable":true,"href":"https:\/\/mountainguides.pro\/pt\/wp-json\/wp\/v2\/product_cat?post=21102"},{"taxonomy":"product_tag","embeddable":true,"href":"https:\/\/mountainguides.pro\/pt\/wp-json\/wp\/v2\/product_tag?post=21102"}],"curies":[{"name":"wp","href":"https:\/\/api.w.org\/{rel}","templated":true}]}}