{"id":21103,"date":"2025-01-08T16:50:15","date_gmt":"2025-01-08T13:50:15","guid":{"rendered":"https:\/\/mountainguides.pro\/?post_type=product&#038;p=21103"},"modified":"2026-01-29T11:07:03","modified_gmt":"2026-01-29T08:07:03","slug":"tour-to-botswana-okavango-delta-and-chobe-national-park","status":"publish","type":"product","link":"https:\/\/mountainguides.pro\/pt\/tours\/adventure\/tour-to-botswana-okavango-delta-and-chobe-national-park\/","title":{"rendered":"Excurs\u00e3o ao Botswana: Delta do Okavango e Parque Chobe"},"content":{"rendered":"","protected":false},"excerpt":{"rendered":"<p class=\"p1\">\u2022 Visitaremos os parques nacionais mais famosos e \u201cricos\u201d em animais da Botswana<\/p>\n<p class=\"p1\">\u2022 Desfrutaremos de momentos ao redor da fogueira com os bushmen \u2014 o povo mais antigo da Terra<\/p>\n<p class=\"p1\">\u2022 Veremos a famosa Catarata Vit\u00f3ria<\/p>\n<p class=\"p1\">\u2022 A expedi\u00e7\u00e3o ser\u00e1 no formato \u201cself-drive\u201d ao volante de jipes 4&#215;4<\/p>\n<p class=\"p1\">\u2022 Abra\u00e7aremos girafas e elefantes em uma reserva privada em Omaruru<\/p>\n<p class=\"p1\">\u2022 Iniciaremos e encerraremos a viagem na capital da Nam\u00edbia \u2014 Windhoek, que significa \u201ccanto ventoso\u201d<\/p>\n<p class=\"p1\">\u2022 Lodges atmosf\u00e9ricos e p\u00f4r do sol infinito e deslumbrante, t\u00edpico da \u00c1frica<\/p>\n<p class=\"p3\"><strong>Observa\u00e7\u00e3o: nossa empresa n\u00e3o atua na compra ou venda de passagens a\u00e9reas nem no processamento de vistos, portanto n\u00e3o se responsabiliza por imprevistos relacionados a voos e passagem de fronteiras.<\/strong><i><\/i><\/p>\n<p class=\"p4\"><b>Informa\u00e7\u00f5es importantes:<\/b><b><\/b><\/p>\n<ul>\n<li class=\"p3\">O hor\u00e1rio de check-in e check-out \u00e9 determinado pelo hotel: check-in a partir das 15h, check-out at\u00e9 11-12h. Voc\u00ea pode deixar sua bagagem na recep\u00e7\u00e3o e passear pela cidade ou, se houver possibilidade t\u00e9cnica, pagar para um check-in antecipado\/check-out tardio.<\/li>\n<li class=\"p3\">Em Botswana, h\u00e1 algumas dificuldades com a troca de c\u00e9dulas de d\u00f3lar pequenas, gastas ou antigas (emitidas antes de 2009). Tenha isso em mente, pois em alguns lugares pode haver cobran\u00e7a de taxa extra ou recusa na troca.<\/li>\n<\/ul>\n","protected":false},"featured_media":21461,"comment_status":"closed","ping_status":"closed","template":"","meta":{"_acf_changed":false,"footnotes":""},"product_cat":[337],"product_tag":[],"class_list":{"0":"post-21103","1":"product","2":"type-product","3":"status-publish","4":"has-post-thumbnail","6":"product_cat-adventure","8":"first","9":"instock","10":"shipping-taxable","11":"purchasable","12":"product-type-simple"},"acf":[],"yoast_head":"<!-- This site is optimized with the Yoast SEO Premium plugin v26.5 (Yoast SEO v27.3) - https:\/\/yoast.com\/product\/yoast-seo-premium-wordpress\/ -->\n<title>Adventure Botswana<\/title>\n<meta name=\"robots\" content=\"index, follow, max-snippet:-1, max-image-preview:large, max-video-preview:-1\" \/>\n<link rel=\"canonical\" href=\"https:\/\/mountainguides.pro\/pt\/tours\/adventure\/tour-to-botswana-okavango-delta-and-chobe-national-park\/\" \/>\n<meta property=\"og:locale\" content=\"pt_PT\" \/>\n<meta property=\"og:locale:alternate\" content=\"en_US\" \/>\n<meta property=\"og:locale:alternate\" content=\"ru_RU\" \/>\n<meta property=\"og:locale:alternate\" content=\"de\" \/>\n<meta property=\"og:locale:alternate\" content=\"es\" \/>\n<meta property=\"og:locale:alternate\" content=\"zh\" \/>\n<meta property=\"og:locale:alternate\" content=\"ko\" \/>\n<meta property=\"og:locale:alternate\" content=\"ja\" \/>\n<meta property=\"og:locale:alternate\" content=\"hi\" \/>\n<meta property=\"og:locale:alternate\" content=\"ar\" \/>\n<meta property=\"og:type\" content=\"article\" \/>\n<meta property=\"og:title\" content=\"Excurs\u00e3o ao Botswana: Delta do Okavango e Parque Chobe\" \/>\n<meta property=\"og:description\" content=\"\u2022 Visitaremos os parques nacionais mais famosos e \u201cricos\u201d em animais da Botswana \u2022 Desfrutaremos de momentos ao redor da fogueira com os bushmen \u2014 o povo mais antigo da Terra \u2022 Veremos a famosa Catarata Vit\u00f3ria \u2022 A expedi\u00e7\u00e3o ser\u00e1 no formato \u201cself-drive\u201d ao volante de jipes 4x4 \u2022 Abra\u00e7aremos girafas e elefantes em uma reserva privada em Omaruru \u2022 Iniciaremos e encerraremos a viagem na capital da Nam\u00edbia \u2014 Windhoek, que significa \u201ccanto ventoso\u201d \u2022 Lodges atmosf\u00e9ricos e p\u00f4r do sol infinito e deslumbrante, t\u00edpico da \u00c1frica Observa\u00e7\u00e3o: nossa empresa n\u00e3o atua na compra ou venda de passagens a\u00e9reas nem no processamento de vistos, portanto n\u00e3o se responsabiliza por imprevistos relacionados a voos e passagem de fronteiras. Informa\u00e7\u00f5es importantes:    O hor\u00e1rio de check-in e check-out \u00e9 determinado pelo hotel: check-in a partir das 15h, check-out at\u00e9 11-12h. Voc\u00ea pode deixar sua bagagem na recep\u00e7\u00e3o e passear pela cidade ou, se houver possibilidade t\u00e9cnica, pagar para um check-in antecipado\/check-out tardio.  Em Botswana, h\u00e1 algumas dificuldades com a troca de c\u00e9dulas de d\u00f3lar pequenas, gastas ou antigas (emitidas antes de 2009). Tenha isso em mente, pois em alguns lugares pode haver cobran\u00e7a de taxa extra ou recusa na troca.\" \/>\n<meta property=\"og:url\" content=\"https:\/\/mountainguides.pro\/pt\/tours\/adventure\/tour-to-botswana-okavango-delta-and-chobe-national-park\/\" \/>\n<meta property=\"og:site_name\" content=\"Mountain Guide\" \/>\n<meta property=\"article:publisher\" content=\"https:\/\/www.facebook.com\/Mountainguide-232956566756831\/\" \/>\n<meta property=\"article:modified_time\" content=\"2026-01-29T08:07:03+00:00\" \/>\n<meta property=\"og:image\" content=\"https:\/\/mountainguides.pro\/wp-content\/uploads\/2025\/01\/tur-v-botsvanu-8.jpeg\" \/>\n\t<meta property=\"og:image:width\" content=\"1800\" \/>\n\t<meta property=\"og:image:height\" content=\"1350\" \/>\n\t<meta property=\"og:image:type\" content=\"image\/jpeg\" \/>\n<meta name=\"twitter:card\" content=\"summary_large_image\" \/>\n<meta name=\"twitter:site\" content=\"@Wintercyclone\" \/>\n<meta name=\"twitter:label1\" content=\"Tempo estimado de leitura\" \/>\n\t<meta name=\"twitter:data1\" content=\"1 minuto\" \/>\n<script type=\"application\/ld+json\" class=\"yoast-schema-graph\">{\"@context\":\"https:\\\/\\\/schema.org\",\"@graph\":[{\"@type\":\"WebPage\",\"@id\":\"https:\\\/\\\/mountainguides.pro\\\/ar\\\/tours\\\/adventure\\\/tour-to-botswana-okavango-delta-and-chobe-national-park\\\/\",\"url\":\"https:\\\/\\\/mountainguides.pro\\\/ar\\\/tours\\\/adventure\\\/tour-to-botswana-okavango-delta-and-chobe-national-park\\\/\",\"name\":\"Adventure Botswana\",\"isPartOf\":{\"@id\":\"https:\\\/\\\/mountainguides.pro\\\/#website\"},\"primaryImageOfPage\":{\"@id\":\"https:\\\/\\\/mountainguides.pro\\\/ar\\\/tours\\\/adventure\\\/tour-to-botswana-okavango-delta-and-chobe-national-park\\\/#primaryimage\"},\"image\":{\"@id\":\"https:\\\/\\\/mountainguides.pro\\\/ar\\\/tours\\\/adventure\\\/tour-to-botswana-okavango-delta-and-chobe-national-park\\\/#primaryimage\"},\"thumbnailUrl\":\"https:\\\/\\\/mountainguides.pro\\\/wp-content\\\/uploads\\\/2025\\\/01\\\/tur-v-botsvanu-8.jpeg\",\"datePublished\":\"2025-01-08T13:50:15+00:00\",\"dateModified\":\"2026-01-29T08:07:03+00:00\",\"breadcrumb\":{\"@id\":\"https:\\\/\\\/mountainguides.pro\\\/ar\\\/tours\\\/adventure\\\/tour-to-botswana-okavango-delta-and-chobe-national-park\\\/#breadcrumb\"},\"inLanguage\":\"pt\",\"potentialAction\":[{\"@type\":\"ReadAction\",\"target\":[\"https:\\\/\\\/mountainguides.pro\\\/ar\\\/tours\\\/adventure\\\/tour-to-botswana-okavango-delta-and-chobe-national-park\\\/\"]}]},{\"@type\":\"ImageObject\",\"inLanguage\":\"pt\",\"@id\":\"https:\\\/\\\/mountainguides.pro\\\/ar\\\/tours\\\/adventure\\\/tour-to-botswana-okavango-delta-and-chobe-national-park\\\/#primaryimage\",\"url\":\"https:\\\/\\\/mountainguides.pro\\\/wp-content\\\/uploads\\\/2025\\\/01\\\/tur-v-botsvanu-8.jpeg\",\"contentUrl\":\"https:\\\/\\\/mountainguides.pro\\\/wp-content\\\/uploads\\\/2025\\\/01\\\/tur-v-botsvanu-8.jpeg\",\"width\":1800,\"height\":1350},{\"@type\":\"BreadcrumbList\",\"@id\":\"https:\\\/\\\/mountainguides.pro\\\/ar\\\/tours\\\/adventure\\\/tour-to-botswana-okavango-delta-and-chobe-national-park\\\/#breadcrumb\",\"itemListElement\":[{\"@type\":\"ListItem\",\"position\":1,\"name\":\"Home\",\"item\":\"https:\\\/\\\/mountainguides.pro\\\/de\\\/\"},{\"@type\":\"ListItem\",\"position\":2,\"name\":\"\u062c\u0648\u0644\u0629 \u0628\u0648\u062a\u0633\u0648\u0627\u0646\u0627: \u062f\u0644\u062a\u0627 \u0623\u0648\u0643\u0627\u0641\u0627\u0646\u063a\u0648 \u0648\u062a\u0634\u0648\u0628\u064a \u0628\u0627\u0631\u0643\"}]},{\"@type\":\"WebSite\",\"@id\":\"https:\\\/\\\/mountainguides.pro\\\/#website\",\"url\":\"https:\\\/\\\/mountainguides.pro\\\/\",\"name\":\"Mountain Guide\",\"description\":\"We aspire to be the first in everything!\",\"publisher\":{\"@id\":\"https:\\\/\\\/mountainguides.pro\\\/#organization\"},\"potentialAction\":[{\"@type\":\"SearchAction\",\"target\":{\"@type\":\"EntryPoint\",\"urlTemplate\":\"https:\\\/\\\/mountainguides.pro\\\/?s={search_term_string}\"},\"query-input\":{\"@type\":\"PropertyValueSpecification\",\"valueRequired\":true,\"valueName\":\"search_term_string\"}}],\"inLanguage\":\"pt\"},{\"@type\":\"Organization\",\"@id\":\"https:\\\/\\\/mountainguides.pro\\\/#organization\",\"name\":\"Mountain Guide\",\"url\":\"https:\\\/\\\/mountainguides.pro\\\/\",\"logo\":{\"@type\":\"ImageObject\",\"inLanguage\":\"pt\",\"@id\":\"https:\\\/\\\/mountainguides.pro\\\/#\\\/schema\\\/logo\\\/image\\\/\",\"url\":\"https:\\\/\\\/mountainguides.pro\\\/wp-content\\\/uploads\\\/2018\\\/01\\\/mglogo.jpg\",\"contentUrl\":\"https:\\\/\\\/mountainguides.pro\\\/wp-content\\\/uploads\\\/2018\\\/01\\\/mglogo.jpg\",\"width\":1200,\"height\":630,\"caption\":\"Mountain Guide\"},\"image\":{\"@id\":\"https:\\\/\\\/mountainguides.pro\\\/#\\\/schema\\\/logo\\\/image\\\/\"},\"sameAs\":[\"https:\\\/\\\/www.facebook.com\\\/Mountainguide-232956566756831\\\/\",\"https:\\\/\\\/x.com\\\/Wintercyclone\",\"http:\\\/\\\/instagram.com\\\/mountainguide\",\"http:\\\/\\\/www.youtube.com\\\/mountainguide\"]}]}<\/script>\n<!-- \/ Yoast SEO Premium plugin. -->","yoast_head_json":{"title":"Adventure Botswana","robots":{"index":"index","follow":"follow","max-snippet":"max-snippet:-1","max-image-preview":"max-image-preview:large","max-video-preview":"max-video-preview:-1"},"canonical":"https:\/\/mountainguides.pro\/pt\/tours\/adventure\/tour-to-botswana-okavango-delta-and-chobe-national-park\/","og_locale":"pt_PT","og_type":"article","og_title":"[:en]Tour to Botswana: Okavango Delta and Chobe National Park[:de]Tour nach Botswana: Das Okavango-Delta und der Chobe-Park[:es]Tour a Botswana: Delta del Okavango y parque Chobe[:pt]Excurs\u00e3o ao Botswana: Delta do Okavango e Parque Chobe[:zh]\u535a\u8328\u74e6\u7eb3\u4e4b\u65c5\uff1a\u5965\u5361\u4e07\u6208\u4e09\u89d2\u6d32\u548c\u4e54\u8d1d\u516c\u56ed[:ko]\ubcf4\uce20\uc640\ub098 \ud22c\uc5b4:\uc624\uce74\ubc29\uace0 \ub378\ud0c0\uc640 \ucd08\ubca0 \uacf5\uc6d0[:ja]\u30dc\u30c4\u30ef\u30ca\u30c4\u30a2\u30fc\uff1a\u30aa\u30ab\u30d0\u30f3\u30b4\u30c7\u30eb\u30bf\u3068\u30c1\u30e7\u30d9\u516c\u5712[:hi]\u092c\u094b\u0924\u094d\u0938\u0935\u093e\u0928\u093e \u091f\u0942\u0930: \u0913\u0915\u093e\u0935\u093e\u0902\u0917\u094b \u0921\u0947\u0932\u094d\u091f\u093e \u0914\u0930 \u091a\u094b\u092c \u092a\u093e\u0930\u094d\u0915[:ar]\u062c\u0648\u0644\u0629 \u0628\u0648\u062a\u0633\u0648\u0627\u0646\u0627: \u062f\u0644\u062a\u0627 \u0623\u0648\u0643\u0627\u0641\u0627\u0646\u063a\u0648 \u0648\u062a\u0634\u0648\u0628\u064a \u0628\u0627\u0631\u0643[:]","og_description":"\u2022 Visitaremos os parques nacionais mais famosos e \u201cricos\u201d em animais da Botswana \u2022 Desfrutaremos de momentos ao redor da fogueira com os bushmen \u2014 o povo mais antigo da Terra \u2022 Veremos a famosa Catarata Vit\u00f3ria \u2022 A expedi\u00e7\u00e3o ser\u00e1 no formato \u201cself-drive\u201d ao volante de jipes 4x4 \u2022 Abra\u00e7aremos girafas e elefantes em uma reserva privada em Omaruru \u2022 Iniciaremos e encerraremos a viagem na capital da Nam\u00edbia \u2014 Windhoek, que significa \u201ccanto ventoso\u201d \u2022 Lodges atmosf\u00e9ricos e p\u00f4r do sol infinito e deslumbrante, t\u00edpico da \u00c1frica Observa\u00e7\u00e3o: nossa empresa n\u00e3o atua na compra ou venda de passagens a\u00e9reas nem no processamento de vistos, portanto n\u00e3o se responsabiliza por imprevistos relacionados a voos e passagem de fronteiras. Informa\u00e7\u00f5es importantes:    O hor\u00e1rio de check-in e check-out \u00e9 determinado pelo hotel: check-in a partir das 15h, check-out at\u00e9 11-12h. Voc\u00ea pode deixar sua bagagem na recep\u00e7\u00e3o e passear pela cidade ou, se houver possibilidade t\u00e9cnica, pagar para um check-in antecipado\/check-out tardio.  Em Botswana, h\u00e1 algumas dificuldades com a troca de c\u00e9dulas de d\u00f3lar pequenas, gastas ou antigas (emitidas antes de 2009). Tenha isso em mente, pois em alguns lugares pode haver cobran\u00e7a de taxa extra ou recusa na troca.","og_url":"https:\/\/mountainguides.pro\/pt\/tours\/adventure\/tour-to-botswana-okavango-delta-and-chobe-national-park\/","og_site_name":"Mountain Guide","article_publisher":"https:\/\/www.facebook.com\/Mountainguide-232956566756831\/","article_modified_time":"2026-01-29T08:07:03+00:00","og_image":[{"width":1800,"height":1350,"url":"https:\/\/mountainguides.pro\/wp-content\/uploads\/2025\/01\/tur-v-botsvanu-8.jpeg","type":"image\/jpeg"}],"twitter_card":"summary_large_image","twitter_site":"@Wintercyclone","twitter_misc":{"Tempo estimado de leitura":"1 minuto"},"schema":{"@context":"https:\/\/schema.org","@graph":[{"@type":"WebPage","@id":"https:\/\/mountainguides.pro\/ar\/tours\/adventure\/tour-to-botswana-okavango-delta-and-chobe-national-park\/","url":"https:\/\/mountainguides.pro\/ar\/tours\/adventure\/tour-to-botswana-okavango-delta-and-chobe-national-park\/","name":"Adventure Botswana","isPartOf":{"@id":"https:\/\/mountainguides.pro\/#website"},"primaryImageOfPage":{"@id":"https:\/\/mountainguides.pro\/ar\/tours\/adventure\/tour-to-botswana-okavango-delta-and-chobe-national-park\/#primaryimage"},"image":{"@id":"https:\/\/mountainguides.pro\/ar\/tours\/adventure\/tour-to-botswana-okavango-delta-and-chobe-national-park\/#primaryimage"},"thumbnailUrl":"https:\/\/mountainguides.pro\/wp-content\/uploads\/2025\/01\/tur-v-botsvanu-8.jpeg","datePublished":"2025-01-08T13:50:15+00:00","dateModified":"2026-01-29T08:07:03+00:00","breadcrumb":{"@id":"https:\/\/mountainguides.pro\/ar\/tours\/adventure\/tour-to-botswana-okavango-delta-and-chobe-national-park\/#breadcrumb"},"inLanguage":"pt","potentialAction":[{"@type":"ReadAction","target":["https:\/\/mountainguides.pro\/ar\/tours\/adventure\/tour-to-botswana-okavango-delta-and-chobe-national-park\/"]}]},{"@type":"ImageObject","inLanguage":"pt","@id":"https:\/\/mountainguides.pro\/ar\/tours\/adventure\/tour-to-botswana-okavango-delta-and-chobe-national-park\/#primaryimage","url":"https:\/\/mountainguides.pro\/wp-content\/uploads\/2025\/01\/tur-v-botsvanu-8.jpeg","contentUrl":"https:\/\/mountainguides.pro\/wp-content\/uploads\/2025\/01\/tur-v-botsvanu-8.jpeg","width":1800,"height":1350},{"@type":"BreadcrumbList","@id":"https:\/\/mountainguides.pro\/ar\/tours\/adventure\/tour-to-botswana-okavango-delta-and-chobe-national-park\/#breadcrumb","itemListElement":[{"@type":"ListItem","position":1,"name":"Home","item":"https:\/\/mountainguides.pro\/de\/"},{"@type":"ListItem","position":2,"name":"\u062c\u0648\u0644\u0629 \u0628\u0648\u062a\u0633\u0648\u0627\u0646\u0627: \u062f\u0644\u062a\u0627 \u0623\u0648\u0643\u0627\u0641\u0627\u0646\u063a\u0648 \u0648\u062a\u0634\u0648\u0628\u064a \u0628\u0627\u0631\u0643"}]},{"@type":"WebSite","@id":"https:\/\/mountainguides.pro\/#website","url":"https:\/\/mountainguides.pro\/","name":"Mountain Guide","description":"We aspire to be the first in everything!","publisher":{"@id":"https:\/\/mountainguides.pro\/#organization"},"potentialAction":[{"@type":"SearchAction","target":{"@type":"EntryPoint","urlTemplate":"https:\/\/mountainguides.pro\/?s={search_term_string}"},"query-input":{"@type":"PropertyValueSpecification","valueRequired":true,"valueName":"search_term_string"}}],"inLanguage":"pt"},{"@type":"Organization","@id":"https:\/\/mountainguides.pro\/#organization","name":"Mountain Guide","url":"https:\/\/mountainguides.pro\/","logo":{"@type":"ImageObject","inLanguage":"pt","@id":"https:\/\/mountainguides.pro\/#\/schema\/logo\/image\/","url":"https:\/\/mountainguides.pro\/wp-content\/uploads\/2018\/01\/mglogo.jpg","contentUrl":"https:\/\/mountainguides.pro\/wp-content\/uploads\/2018\/01\/mglogo.jpg","width":1200,"height":630,"caption":"Mountain Guide"},"image":{"@id":"https:\/\/mountainguides.pro\/#\/schema\/logo\/image\/"},"sameAs":["https:\/\/www.facebook.com\/Mountainguide-232956566756831\/","https:\/\/x.com\/Wintercyclone","http:\/\/instagram.com\/mountainguide","http:\/\/www.youtube.com\/mountainguide"]}]}},"_links":{"self":[{"href":"https:\/\/mountainguides.pro\/pt\/wp-json\/wp\/v2\/product\/21103","targetHints":{"allow":["GET"]}}],"collection":[{"href":"https:\/\/mountainguides.pro\/pt\/wp-json\/wp\/v2\/product"}],"about":[{"href":"https:\/\/mountainguides.pro\/pt\/wp-json\/wp\/v2\/types\/product"}],"replies":[{"embeddable":true,"href":"https:\/\/mountainguides.pro\/pt\/wp-json\/wp\/v2\/comments?post=21103"}],"version-history":[{"count":12,"href":"https:\/\/mountainguides.pro\/pt\/wp-json\/wp\/v2\/product\/21103\/revisions"}],"predecessor-version":[{"id":32660,"href":"https:\/\/mountainguides.pro\/pt\/wp-json\/wp\/v2\/product\/21103\/revisions\/32660"}],"wp:featuredmedia":[{"embeddable":true,"href":"https:\/\/mountainguides.pro\/pt\/wp-json\/wp\/v2\/media\/21461"}],"wp:attachment":[{"href":"https:\/\/mountainguides.pro\/pt\/wp-json\/wp\/v2\/media?parent=21103"}],"wp:term":[{"taxonomy":"product_cat","embeddable":true,"href":"https:\/\/mountainguides.pro\/pt\/wp-json\/wp\/v2\/product_cat?post=21103"},{"taxonomy":"product_tag","embeddable":true,"href":"https:\/\/mountainguides.pro\/pt\/wp-json\/wp\/v2\/product_tag?post=21103"}],"curies":[{"name":"wp","href":"https:\/\/api.w.org\/{rel}","templated":true}]}}