{"id":21104,"date":"2025-01-08T16:50:17","date_gmt":"2025-01-08T13:50:17","guid":{"rendered":"https:\/\/mountainguides.pro\/?post_type=product&#038;p=21104"},"modified":"2026-01-29T10:59:23","modified_gmt":"2026-01-29T07:59:23","slug":"tinder-tour-climbing-mount-elbrus","status":"publish","type":"product","link":"https:\/\/mountainguides.pro\/pt\/tours\/climb-elbrus\/tinder-tour-climbing-mount-elbrus\/","title":{"rendered":"Tinder Tour, escalando o Elbrus"},"content":{"rendered":"","protected":false},"excerpt":{"rendered":"<p class=\"p1\">N\u00e3o garantimos o amor, mas criamos condi\u00e7\u00f5es para encontros!<\/p>\n<p class=\"p1\">O Tinder-tour no Elbrus \u00e9 uma oportunidade para conhecer novas pessoas em um ambiente de montanhas e aventuras. No entanto, n\u00e3o podemos garantir que voc\u00ea encontrar\u00e1 sua alma g\u00eamea. Tudo depende de voc\u00ea, da sua abertura e disposi\u00e7\u00e3o \u2014 todos est\u00e3o em condi\u00e7\u00f5es iguais. Os participantes participam das atividades em grupo, mas sua participa\u00e7\u00e3o em encontros rom\u00e2nticos n\u00e3o \u00e9 obrigat\u00f3ria. O principal \u00e9 o respeito e o conforto de cada pessoa. As montanhas exigem trabalho em equipe, e o objetivo principal do tour \u00e9 criar um grupo coeso, onde todos se sintam parte da equipe. N\u00e3o interferimos nos relacionamentos pessoais dos participantes e respeitamos suas escolhas \u2014 tudo ser\u00e1 o mais leve poss\u00edvel: ningu\u00e9m \u00e9 obrigado a se interessar por encontros.<\/p>\n<p class=\"p1\">No entanto, a ascens\u00e3o ao Elbrus \u00e9 um desafio, e garantimos condi\u00e7\u00f5es seguras para que voc\u00ea o enfrente sem drama desnecess\u00e1rio. Em primeiro lugar, nos orgulhamos de nossos guias experientes, e n\u00e3o estamos apenas dizendo isso \u2014 estamos prontos para apresent\u00e1-los a voc\u00ea! Ao contr\u00e1rio de muitas outras empresas, confiamos em nosso profissionalismo e teremos prazer em apresentar nossos especialistas, que tornar\u00e3o sua subida segura e memor\u00e1vel. Al\u00e9m disso, conosco, voc\u00ea tem tentativas ilimitadas de ascens\u00e3o! Diferente de outras empresas, onde normalmente h\u00e1 apenas uma tentativa, aqui voc\u00ea pode usar todos os dias de reserva do programa sem custos adicionais. Isso significa mais chances de sucesso e menos estresse!<\/p>\n<p class=\"p1\">Seu conforto \u00e9 nossa prioridade. Oferecemos excelente alimenta\u00e7\u00e3o no hotel em Terskol e no abrigo, incluindo pratos frescos de carne, frutas e vegetais. Nosso hotel possui quartos aconchegantes e uma ampla sala de jantar, agrad\u00e1vel para passar o tempo ap\u00f3s um dia cheio. No abrigo, voc\u00ea encontrar\u00e1 uma atmosfera confort\u00e1vel com cozinha espa\u00e7osa e camas individuais em vag\u00f5es residenciais. Roupa de cama, banheiros limpos, cozinha-sala de jantar separada e aconchegante, servi\u00e7os do nosso incr\u00edvel chef \u2014 tudo isso ajuda voc\u00ea a se concentrar na subida, e n\u00e3o nos inconvenientes. Al\u00e9m disso, nosso pr\u00f3prio aluguel de equipamentos \u2014 o maior e mais moderno da regi\u00e3o de Pri-Elbrus \u2014 fornecer\u00e1 tudo necess\u00e1rio para uma experi\u00eancia segura e de qualidade.<\/p>\n<p class=\"p1\">No Tinder-tour no Elbrus, voc\u00ea n\u00e3o encontrar\u00e1 apenas paisagens montanhosas impressionantes, mas tamb\u00e9m comunica\u00e7\u00e3o calorosa, apoio da equipe e emo\u00e7\u00f5es intensas. Talvez voc\u00ea n\u00e3o encontre o amor da sua vida, mas certamente voltar\u00e1 para casa com novas experi\u00eancias, novos amigos e inspira\u00e7\u00e3o para futuras viagens!<\/p>\n<p class=\"p1\">Ascens\u00e3o ao Elbrus: conhe\u00e7a mais sobre outros nossos tours no Elbrus!<\/p>\n","protected":false},"featured_media":17795,"comment_status":"closed","ping_status":"closed","template":"","meta":{"_acf_changed":false,"footnotes":""},"product_cat":[330],"product_tag":[],"class_list":{"0":"post-21104","1":"product","2":"type-product","3":"status-publish","4":"has-post-thumbnail","6":"product_cat-climb-elbrus","8":"first","9":"instock","10":"shipping-taxable","11":"purchasable","12":"product-type-simple"},"acf":[],"yoast_head":"<!-- This site is optimized with the Yoast SEO Premium plugin v26.5 (Yoast SEO v27.5) - https:\/\/yoast.com\/product\/yoast-seo-premium-wordpress\/ -->\n<title>Climbing Tinder Tour Elbrus<\/title>\n<meta name=\"robots\" content=\"index, follow, max-snippet:-1, max-image-preview:large, max-video-preview:-1\" \/>\n<link rel=\"canonical\" href=\"https:\/\/mountainguides.pro\/pt\/tours\/climb-elbrus\/tinder-tour-climbing-mount-elbrus\/\" \/>\n<meta property=\"og:locale\" content=\"pt_PT\" \/>\n<meta property=\"og:locale:alternate\" content=\"en_US\" \/>\n<meta property=\"og:locale:alternate\" content=\"ru_RU\" \/>\n<meta property=\"og:locale:alternate\" content=\"de\" \/>\n<meta property=\"og:locale:alternate\" content=\"es\" \/>\n<meta property=\"og:locale:alternate\" content=\"zh\" \/>\n<meta property=\"og:locale:alternate\" content=\"ko\" \/>\n<meta property=\"og:locale:alternate\" content=\"ja\" \/>\n<meta property=\"og:locale:alternate\" content=\"hi\" \/>\n<meta property=\"og:locale:alternate\" content=\"ar\" \/>\n<meta property=\"og:type\" content=\"article\" \/>\n<meta property=\"og:title\" content=\"Tinder Tour, escalando o Elbrus\" \/>\n<meta property=\"og:description\" content=\"N\u00e3o garantimos o amor, mas criamos condi\u00e7\u00f5es para encontros! O Tinder-tour no Elbrus \u00e9 uma oportunidade para conhecer novas pessoas em um ambiente de montanhas e aventuras. No entanto, n\u00e3o podemos garantir que voc\u00ea encontrar\u00e1 sua alma g\u00eamea. Tudo depende de voc\u00ea, da sua abertura e disposi\u00e7\u00e3o \u2014 todos est\u00e3o em condi\u00e7\u00f5es iguais. Os participantes participam das atividades em grupo, mas sua participa\u00e7\u00e3o em encontros rom\u00e2nticos n\u00e3o \u00e9 obrigat\u00f3ria. O principal \u00e9 o respeito e o conforto de cada pessoa. As montanhas exigem trabalho em equipe, e o objetivo principal do tour \u00e9 criar um grupo coeso, onde todos se sintam parte da equipe. N\u00e3o interferimos nos relacionamentos pessoais dos participantes e respeitamos suas escolhas \u2014 tudo ser\u00e1 o mais leve poss\u00edvel: ningu\u00e9m \u00e9 obrigado a se interessar por encontros. No entanto, a ascens\u00e3o ao Elbrus \u00e9 um desafio, e garantimos condi\u00e7\u00f5es seguras para que voc\u00ea o enfrente sem drama desnecess\u00e1rio. Em primeiro lugar, nos orgulhamos de nossos guias experientes, e n\u00e3o estamos apenas dizendo isso \u2014 estamos prontos para apresent\u00e1-los a voc\u00ea! Ao contr\u00e1rio de muitas outras empresas, confiamos em nosso profissionalismo e teremos prazer em apresentar nossos especialistas, que tornar\u00e3o sua subida segura e memor\u00e1vel. Al\u00e9m disso, conosco, voc\u00ea tem tentativas ilimitadas de ascens\u00e3o! Diferente de outras empresas, onde normalmente h\u00e1 apenas uma tentativa, aqui voc\u00ea pode usar todos os dias de reserva do programa sem custos adicionais. Isso significa mais chances de sucesso e menos estresse! Seu conforto \u00e9 nossa prioridade. Oferecemos excelente alimenta\u00e7\u00e3o no hotel em Terskol e no abrigo, incluindo pratos frescos de carne, frutas e vegetais. Nosso hotel possui quartos aconchegantes e uma ampla sala de jantar, agrad\u00e1vel para passar o tempo ap\u00f3s um dia cheio. No abrigo, voc\u00ea encontrar\u00e1 uma atmosfera confort\u00e1vel com cozinha espa\u00e7osa e camas individuais em vag\u00f5es residenciais. Roupa de cama, banheiros limpos, cozinha-sala de jantar separada e aconchegante, servi\u00e7os do nosso incr\u00edvel chef \u2014 tudo isso ajuda voc\u00ea a se concentrar na subida, e n\u00e3o nos inconvenientes. Al\u00e9m disso, nosso pr\u00f3prio aluguel de equipamentos \u2014 o maior e mais moderno da regi\u00e3o de Pri-Elbrus \u2014 fornecer\u00e1 tudo necess\u00e1rio para uma experi\u00eancia segura e de qualidade. No Tinder-tour no Elbrus, voc\u00ea n\u00e3o encontrar\u00e1 apenas paisagens montanhosas impressionantes, mas tamb\u00e9m comunica\u00e7\u00e3o calorosa, apoio da equipe e emo\u00e7\u00f5es intensas. Talvez voc\u00ea n\u00e3o encontre o amor da sua vida, mas certamente voltar\u00e1 para casa com novas experi\u00eancias, novos amigos e inspira\u00e7\u00e3o para futuras viagens! Ascens\u00e3o ao Elbrus: conhe\u00e7a mais sobre outros nossos tours no Elbrus!\" \/>\n<meta property=\"og:url\" content=\"https:\/\/mountainguides.pro\/pt\/tours\/climb-elbrus\/tinder-tour-climbing-mount-elbrus\/\" \/>\n<meta property=\"og:site_name\" content=\"Mountain Guide\" \/>\n<meta property=\"article:publisher\" content=\"https:\/\/www.facebook.com\/Mountainguide-232956566756831\/\" \/>\n<meta property=\"article:modified_time\" content=\"2026-01-29T07:59:23+00:00\" \/>\n<meta property=\"og:image\" content=\"https:\/\/mountainguides.pro\/wp-content\/uploads\/2022\/01\/climb-elbrus-fast-with-o2-mountainguide.ru-06.jpg\" \/>\n\t<meta property=\"og:image:width\" content=\"1600\" \/>\n\t<meta property=\"og:image:height\" content=\"1200\" \/>\n\t<meta property=\"og:image:type\" content=\"image\/jpeg\" \/>\n<meta name=\"twitter:card\" content=\"summary_large_image\" \/>\n<meta name=\"twitter:site\" content=\"@Wintercyclone\" \/>\n<meta name=\"twitter:label1\" content=\"Tempo estimado de leitura\" \/>\n\t<meta name=\"twitter:data1\" content=\"1 minuto\" \/>\n<script type=\"application\/ld+json\" class=\"yoast-schema-graph\">{\"@context\":\"https:\\\/\\\/schema.org\",\"@graph\":[{\"@type\":\"WebPage\",\"@id\":\"https:\\\/\\\/mountainguides.pro\\\/ar\\\/tours\\\/climb-elbrus\\\/tinder-tour-climbing-mount-elbrus\\\/\",\"url\":\"https:\\\/\\\/mountainguides.pro\\\/ar\\\/tours\\\/climb-elbrus\\\/tinder-tour-climbing-mount-elbrus\\\/\",\"name\":\"Climbing Tinder Tour Elbrus\",\"isPartOf\":{\"@id\":\"https:\\\/\\\/mountainguides.pro\\\/#website\"},\"primaryImageOfPage\":{\"@id\":\"https:\\\/\\\/mountainguides.pro\\\/ar\\\/tours\\\/climb-elbrus\\\/tinder-tour-climbing-mount-elbrus\\\/#primaryimage\"},\"image\":{\"@id\":\"https:\\\/\\\/mountainguides.pro\\\/ar\\\/tours\\\/climb-elbrus\\\/tinder-tour-climbing-mount-elbrus\\\/#primaryimage\"},\"thumbnailUrl\":\"https:\\\/\\\/mountainguides.pro\\\/wp-content\\\/uploads\\\/2022\\\/01\\\/climb-elbrus-fast-with-o2-mountainguide.ru-06.jpg\",\"datePublished\":\"2025-01-08T13:50:17+00:00\",\"dateModified\":\"2026-01-29T07:59:23+00:00\",\"breadcrumb\":{\"@id\":\"https:\\\/\\\/mountainguides.pro\\\/ar\\\/tours\\\/climb-elbrus\\\/tinder-tour-climbing-mount-elbrus\\\/#breadcrumb\"},\"inLanguage\":\"pt\",\"potentialAction\":[{\"@type\":\"ReadAction\",\"target\":[\"https:\\\/\\\/mountainguides.pro\\\/ar\\\/tours\\\/climb-elbrus\\\/tinder-tour-climbing-mount-elbrus\\\/\"]}]},{\"@type\":\"ImageObject\",\"inLanguage\":\"pt\",\"@id\":\"https:\\\/\\\/mountainguides.pro\\\/ar\\\/tours\\\/climb-elbrus\\\/tinder-tour-climbing-mount-elbrus\\\/#primaryimage\",\"url\":\"https:\\\/\\\/mountainguides.pro\\\/wp-content\\\/uploads\\\/2022\\\/01\\\/climb-elbrus-fast-with-o2-mountainguide.ru-06.jpg\",\"contentUrl\":\"https:\\\/\\\/mountainguides.pro\\\/wp-content\\\/uploads\\\/2022\\\/01\\\/climb-elbrus-fast-with-o2-mountainguide.ru-06.jpg\",\"width\":1600,\"height\":1200},{\"@type\":\"BreadcrumbList\",\"@id\":\"https:\\\/\\\/mountainguides.pro\\\/ar\\\/tours\\\/climb-elbrus\\\/tinder-tour-climbing-mount-elbrus\\\/#breadcrumb\",\"itemListElement\":[{\"@type\":\"ListItem\",\"position\":1,\"name\":\"Home\",\"item\":\"https:\\\/\\\/mountainguides.pro\\\/de\\\/\"},{\"@type\":\"ListItem\",\"position\":2,\"name\":\"\u0627\u0644\u0628\u0631\u0648\u0633 \u062a\u0633\u0644\u0642 \u0635\u0648\u0641\u0627\u0646 \u062c\u0648\u0644\u0629\"}]},{\"@type\":\"WebSite\",\"@id\":\"https:\\\/\\\/mountainguides.pro\\\/#website\",\"url\":\"https:\\\/\\\/mountainguides.pro\\\/\",\"name\":\"Mountain Guide\",\"description\":\"We aspire to be the first in everything!\",\"publisher\":{\"@id\":\"https:\\\/\\\/mountainguides.pro\\\/#organization\"},\"potentialAction\":[{\"@type\":\"SearchAction\",\"target\":{\"@type\":\"EntryPoint\",\"urlTemplate\":\"https:\\\/\\\/mountainguides.pro\\\/?s={search_term_string}\"},\"query-input\":{\"@type\":\"PropertyValueSpecification\",\"valueRequired\":true,\"valueName\":\"search_term_string\"}}],\"inLanguage\":\"pt\"},{\"@type\":\"Organization\",\"@id\":\"https:\\\/\\\/mountainguides.pro\\\/#organization\",\"name\":\"Mountain Guide\",\"url\":\"https:\\\/\\\/mountainguides.pro\\\/\",\"logo\":{\"@type\":\"ImageObject\",\"inLanguage\":\"pt\",\"@id\":\"https:\\\/\\\/mountainguides.pro\\\/#\\\/schema\\\/logo\\\/image\\\/\",\"url\":\"https:\\\/\\\/mountainguides.pro\\\/wp-content\\\/uploads\\\/2018\\\/01\\\/mglogo.jpg\",\"contentUrl\":\"https:\\\/\\\/mountainguides.pro\\\/wp-content\\\/uploads\\\/2018\\\/01\\\/mglogo.jpg\",\"width\":1200,\"height\":630,\"caption\":\"Mountain Guide\"},\"image\":{\"@id\":\"https:\\\/\\\/mountainguides.pro\\\/#\\\/schema\\\/logo\\\/image\\\/\"},\"sameAs\":[\"https:\\\/\\\/www.facebook.com\\\/Mountainguide-232956566756831\\\/\",\"https:\\\/\\\/x.com\\\/Wintercyclone\",\"http:\\\/\\\/instagram.com\\\/mountainguide\",\"http:\\\/\\\/www.youtube.com\\\/mountainguide\"]}]}<\/script>\n<!-- \/ Yoast SEO Premium plugin. -->","yoast_head_json":{"title":"Climbing Tinder Tour Elbrus","robots":{"index":"index","follow":"follow","max-snippet":"max-snippet:-1","max-image-preview":"max-image-preview:large","max-video-preview":"max-video-preview:-1"},"canonical":"https:\/\/mountainguides.pro\/pt\/tours\/climb-elbrus\/tinder-tour-climbing-mount-elbrus\/","og_locale":"pt_PT","og_type":"article","og_title":"[:en]Tinder Tour: Climbing Mount Elbrus[:de]Tinder-Tour, Klettern auf den Elbrus[:es]Tinder Tour, escalada en Elbrus[:pt]Tinder Tour, escalando o Elbrus[:zh]Tinder \u4e4b\u65c5\uff0c\u6500\u767b\u5384\u5c14\u5e03\u9c81\u58eb\u5cf0[:ko]\uc5d8\ube0c\ub8e8\uc2a4 \ud074\ub77c\uc774\ubc0d \ud2f4\ub354 \ud22c\uc5b4[:ja]Elbrus\u767bTinder\u30c4\u30a2\u30fc[:hi]\u090f\u0932\u094d\u092c\u094d\u0930\u0938 \u0915\u094d\u0932\u093e\u0907\u092e\u094d\u092c\u093f\u0902\u0917 \u091f\u093f\u0902\u0921\u0930 \u091f\u0942\u0930[:ar]\u0627\u0644\u0628\u0631\u0648\u0633 \u062a\u0633\u0644\u0642 \u0635\u0648\u0641\u0627\u0646 \u062c\u0648\u0644\u0629[:]","og_description":"N\u00e3o garantimos o amor, mas criamos condi\u00e7\u00f5es para encontros! O Tinder-tour no Elbrus \u00e9 uma oportunidade para conhecer novas pessoas em um ambiente de montanhas e aventuras. No entanto, n\u00e3o podemos garantir que voc\u00ea encontrar\u00e1 sua alma g\u00eamea. Tudo depende de voc\u00ea, da sua abertura e disposi\u00e7\u00e3o \u2014 todos est\u00e3o em condi\u00e7\u00f5es iguais. Os participantes participam das atividades em grupo, mas sua participa\u00e7\u00e3o em encontros rom\u00e2nticos n\u00e3o \u00e9 obrigat\u00f3ria. O principal \u00e9 o respeito e o conforto de cada pessoa. As montanhas exigem trabalho em equipe, e o objetivo principal do tour \u00e9 criar um grupo coeso, onde todos se sintam parte da equipe. N\u00e3o interferimos nos relacionamentos pessoais dos participantes e respeitamos suas escolhas \u2014 tudo ser\u00e1 o mais leve poss\u00edvel: ningu\u00e9m \u00e9 obrigado a se interessar por encontros. No entanto, a ascens\u00e3o ao Elbrus \u00e9 um desafio, e garantimos condi\u00e7\u00f5es seguras para que voc\u00ea o enfrente sem drama desnecess\u00e1rio. Em primeiro lugar, nos orgulhamos de nossos guias experientes, e n\u00e3o estamos apenas dizendo isso \u2014 estamos prontos para apresent\u00e1-los a voc\u00ea! Ao contr\u00e1rio de muitas outras empresas, confiamos em nosso profissionalismo e teremos prazer em apresentar nossos especialistas, que tornar\u00e3o sua subida segura e memor\u00e1vel. Al\u00e9m disso, conosco, voc\u00ea tem tentativas ilimitadas de ascens\u00e3o! Diferente de outras empresas, onde normalmente h\u00e1 apenas uma tentativa, aqui voc\u00ea pode usar todos os dias de reserva do programa sem custos adicionais. Isso significa mais chances de sucesso e menos estresse! Seu conforto \u00e9 nossa prioridade. Oferecemos excelente alimenta\u00e7\u00e3o no hotel em Terskol e no abrigo, incluindo pratos frescos de carne, frutas e vegetais. Nosso hotel possui quartos aconchegantes e uma ampla sala de jantar, agrad\u00e1vel para passar o tempo ap\u00f3s um dia cheio. No abrigo, voc\u00ea encontrar\u00e1 uma atmosfera confort\u00e1vel com cozinha espa\u00e7osa e camas individuais em vag\u00f5es residenciais. Roupa de cama, banheiros limpos, cozinha-sala de jantar separada e aconchegante, servi\u00e7os do nosso incr\u00edvel chef \u2014 tudo isso ajuda voc\u00ea a se concentrar na subida, e n\u00e3o nos inconvenientes. Al\u00e9m disso, nosso pr\u00f3prio aluguel de equipamentos \u2014 o maior e mais moderno da regi\u00e3o de Pri-Elbrus \u2014 fornecer\u00e1 tudo necess\u00e1rio para uma experi\u00eancia segura e de qualidade. No Tinder-tour no Elbrus, voc\u00ea n\u00e3o encontrar\u00e1 apenas paisagens montanhosas impressionantes, mas tamb\u00e9m comunica\u00e7\u00e3o calorosa, apoio da equipe e emo\u00e7\u00f5es intensas. Talvez voc\u00ea n\u00e3o encontre o amor da sua vida, mas certamente voltar\u00e1 para casa com novas experi\u00eancias, novos amigos e inspira\u00e7\u00e3o para futuras viagens! Ascens\u00e3o ao Elbrus: conhe\u00e7a mais sobre outros nossos tours no Elbrus!","og_url":"https:\/\/mountainguides.pro\/pt\/tours\/climb-elbrus\/tinder-tour-climbing-mount-elbrus\/","og_site_name":"Mountain Guide","article_publisher":"https:\/\/www.facebook.com\/Mountainguide-232956566756831\/","article_modified_time":"2026-01-29T07:59:23+00:00","og_image":[{"width":1600,"height":1200,"url":"https:\/\/mountainguides.pro\/wp-content\/uploads\/2022\/01\/climb-elbrus-fast-with-o2-mountainguide.ru-06.jpg","type":"image\/jpeg"}],"twitter_card":"summary_large_image","twitter_site":"@Wintercyclone","twitter_misc":{"Tempo estimado de leitura":"1 minuto"},"schema":{"@context":"https:\/\/schema.org","@graph":[{"@type":"WebPage","@id":"https:\/\/mountainguides.pro\/ar\/tours\/climb-elbrus\/tinder-tour-climbing-mount-elbrus\/","url":"https:\/\/mountainguides.pro\/ar\/tours\/climb-elbrus\/tinder-tour-climbing-mount-elbrus\/","name":"Climbing Tinder Tour Elbrus","isPartOf":{"@id":"https:\/\/mountainguides.pro\/#website"},"primaryImageOfPage":{"@id":"https:\/\/mountainguides.pro\/ar\/tours\/climb-elbrus\/tinder-tour-climbing-mount-elbrus\/#primaryimage"},"image":{"@id":"https:\/\/mountainguides.pro\/ar\/tours\/climb-elbrus\/tinder-tour-climbing-mount-elbrus\/#primaryimage"},"thumbnailUrl":"https:\/\/mountainguides.pro\/wp-content\/uploads\/2022\/01\/climb-elbrus-fast-with-o2-mountainguide.ru-06.jpg","datePublished":"2025-01-08T13:50:17+00:00","dateModified":"2026-01-29T07:59:23+00:00","breadcrumb":{"@id":"https:\/\/mountainguides.pro\/ar\/tours\/climb-elbrus\/tinder-tour-climbing-mount-elbrus\/#breadcrumb"},"inLanguage":"pt","potentialAction":[{"@type":"ReadAction","target":["https:\/\/mountainguides.pro\/ar\/tours\/climb-elbrus\/tinder-tour-climbing-mount-elbrus\/"]}]},{"@type":"ImageObject","inLanguage":"pt","@id":"https:\/\/mountainguides.pro\/ar\/tours\/climb-elbrus\/tinder-tour-climbing-mount-elbrus\/#primaryimage","url":"https:\/\/mountainguides.pro\/wp-content\/uploads\/2022\/01\/climb-elbrus-fast-with-o2-mountainguide.ru-06.jpg","contentUrl":"https:\/\/mountainguides.pro\/wp-content\/uploads\/2022\/01\/climb-elbrus-fast-with-o2-mountainguide.ru-06.jpg","width":1600,"height":1200},{"@type":"BreadcrumbList","@id":"https:\/\/mountainguides.pro\/ar\/tours\/climb-elbrus\/tinder-tour-climbing-mount-elbrus\/#breadcrumb","itemListElement":[{"@type":"ListItem","position":1,"name":"Home","item":"https:\/\/mountainguides.pro\/de\/"},{"@type":"ListItem","position":2,"name":"\u0627\u0644\u0628\u0631\u0648\u0633 \u062a\u0633\u0644\u0642 \u0635\u0648\u0641\u0627\u0646 \u062c\u0648\u0644\u0629"}]},{"@type":"WebSite","@id":"https:\/\/mountainguides.pro\/#website","url":"https:\/\/mountainguides.pro\/","name":"Mountain Guide","description":"We aspire to be the first in everything!","publisher":{"@id":"https:\/\/mountainguides.pro\/#organization"},"potentialAction":[{"@type":"SearchAction","target":{"@type":"EntryPoint","urlTemplate":"https:\/\/mountainguides.pro\/?s={search_term_string}"},"query-input":{"@type":"PropertyValueSpecification","valueRequired":true,"valueName":"search_term_string"}}],"inLanguage":"pt"},{"@type":"Organization","@id":"https:\/\/mountainguides.pro\/#organization","name":"Mountain Guide","url":"https:\/\/mountainguides.pro\/","logo":{"@type":"ImageObject","inLanguage":"pt","@id":"https:\/\/mountainguides.pro\/#\/schema\/logo\/image\/","url":"https:\/\/mountainguides.pro\/wp-content\/uploads\/2018\/01\/mglogo.jpg","contentUrl":"https:\/\/mountainguides.pro\/wp-content\/uploads\/2018\/01\/mglogo.jpg","width":1200,"height":630,"caption":"Mountain Guide"},"image":{"@id":"https:\/\/mountainguides.pro\/#\/schema\/logo\/image\/"},"sameAs":["https:\/\/www.facebook.com\/Mountainguide-232956566756831\/","https:\/\/x.com\/Wintercyclone","http:\/\/instagram.com\/mountainguide","http:\/\/www.youtube.com\/mountainguide"]}]}},"_links":{"self":[{"href":"https:\/\/mountainguides.pro\/pt\/wp-json\/wp\/v2\/product\/21104","targetHints":{"allow":["GET"]}}],"collection":[{"href":"https:\/\/mountainguides.pro\/pt\/wp-json\/wp\/v2\/product"}],"about":[{"href":"https:\/\/mountainguides.pro\/pt\/wp-json\/wp\/v2\/types\/product"}],"replies":[{"embeddable":true,"href":"https:\/\/mountainguides.pro\/pt\/wp-json\/wp\/v2\/comments?post=21104"}],"version-history":[{"count":13,"href":"https:\/\/mountainguides.pro\/pt\/wp-json\/wp\/v2\/product\/21104\/revisions"}],"predecessor-version":[{"id":32659,"href":"https:\/\/mountainguides.pro\/pt\/wp-json\/wp\/v2\/product\/21104\/revisions\/32659"}],"wp:featuredmedia":[{"embeddable":true,"href":"https:\/\/mountainguides.pro\/pt\/wp-json\/wp\/v2\/media\/17795"}],"wp:attachment":[{"href":"https:\/\/mountainguides.pro\/pt\/wp-json\/wp\/v2\/media?parent=21104"}],"wp:term":[{"taxonomy":"product_cat","embeddable":true,"href":"https:\/\/mountainguides.pro\/pt\/wp-json\/wp\/v2\/product_cat?post=21104"},{"taxonomy":"product_tag","embeddable":true,"href":"https:\/\/mountainguides.pro\/pt\/wp-json\/wp\/v2\/product_tag?post=21104"}],"curies":[{"name":"wp","href":"https:\/\/api.w.org\/{rel}","templated":true}]}}