{"id":21212,"date":"2025-01-10T11:00:46","date_gmt":"2025-01-10T08:00:46","guid":{"rendered":"https:\/\/mountainguides.pro\/?post_type=product&#038;p=21212"},"modified":"2026-03-16T10:43:18","modified_gmt":"2026-03-16T07:43:18","slug":"trekking-to-makalu-base-camp","status":"publish","type":"product","link":"https:\/\/mountainguides.pro\/pt\/tours\/trekking\/trekking-to-makalu-base-camp\/","title":{"rendered":"Trekking no acampamento base Makalu"},"content":{"rendered":"","protected":false},"excerpt":{"rendered":"<ul>\n<li class=\"p1\">Trekking sem multid\u00f5es de turistas \u2013 aqui ningu\u00e9m vai atrapalhar voc\u00ea a aproveitar as paisagens<\/li>\n<li class=\"p1\">Vistas impressionantes de tr\u00eas montanhas com mais de 8.000 metros: Makalu, Everest e Kangchenjunga<\/li>\n<li class=\"p1\">Vale Barun, para muitos \u2013 um verdadeiro lugar de for\u00e7a, que d\u00e1 energia a todos que j\u00e1 estiveram aqui<\/li>\n<li class=\"p1\">Colorido nepales: pontes suspensas, rios turbulentos, terra\u00e7os de arroz e vilarejos remotos, como se flutuassem sobre os penhascos<\/li>\n<li class=\"p1\">Oportunidade de experimentar a culin\u00e1ria local: queijo yak, bifes e dal-bat<\/li>\n<\/ul>\n<p class=\"p1\">**Ao contr\u00e1rio de outras empresas, o voo interno est\u00e1 inclu\u00eddo<\/p>\n<p class=\"p1\"><strong>Informa\u00e7\u00f5es importantes:<\/strong><\/p>\n<ul>\n<li class=\"p1\">O hor\u00e1rio de check-in e check-out \u00e9 definido pelo hotel: check-in a partir das 15h, check-out at\u00e9 11-12h. A bagagem pode ser deixada na recep\u00e7\u00e3o do hotel para passear pela cidade ou, se houver disponibilidade t\u00e9cnica, pagar um adicional para check-in antecipado\/check-out tardio.<\/li>\n<li class=\"p1\">No Nepal, h\u00e1 algumas dificuldades na troca de c\u00e9dulas pequenas, desgastadas ou antigas (emitidas at\u00e9 2009). Em alguns lugares h\u00e1 comiss\u00e3o extra, em outros a troca pode ser recusada.<\/li>\n<\/ul>\n<p class=\"p1\"><strong>Chamamos a aten\u00e7\u00e3o para o fato de que nossa empresa n\u00e3o oferece servi\u00e7os de compra ou venda de passagens a\u00e9reas e emiss\u00e3o de vistos, portanto, n\u00e3o se responsabiliza por imprevistos relacionados a voos e travessias de fronteiras.<\/strong><\/p>\n","protected":false},"featured_media":21447,"comment_status":"closed","ping_status":"closed","template":"","meta":{"_acf_changed":false,"footnotes":""},"product_cat":[321],"product_tag":[],"class_list":{"0":"post-21212","1":"product","2":"type-product","3":"status-publish","4":"has-post-thumbnail","6":"product_cat-trekking","8":"first","9":"instock","10":"shipping-taxable","11":"purchasable","12":"product-type-simple"},"acf":[],"yoast_head":"<!-- This site is optimized with the Yoast SEO Premium plugin v26.5 (Yoast SEO v27.3) - https:\/\/yoast.com\/product\/yoast-seo-premium-wordpress\/ -->\n<title>Trekking no acampamento base Makalu<\/title>\n<meta name=\"robots\" content=\"index, follow, max-snippet:-1, max-image-preview:large, max-video-preview:-1\" \/>\n<link rel=\"canonical\" href=\"https:\/\/mountainguides.pro\/pt\/tours\/trekking\/trekking-to-makalu-base-camp\/\" \/>\n<meta property=\"og:locale\" content=\"pt_PT\" \/>\n<meta property=\"og:locale:alternate\" content=\"en_US\" \/>\n<meta property=\"og:locale:alternate\" content=\"ru_RU\" \/>\n<meta property=\"og:locale:alternate\" content=\"de\" \/>\n<meta property=\"og:locale:alternate\" content=\"es\" \/>\n<meta property=\"og:locale:alternate\" content=\"zh\" \/>\n<meta property=\"og:locale:alternate\" content=\"ko\" \/>\n<meta property=\"og:locale:alternate\" content=\"ja\" \/>\n<meta property=\"og:locale:alternate\" content=\"hi\" \/>\n<meta property=\"og:locale:alternate\" content=\"ar\" \/>\n<meta property=\"og:type\" content=\"article\" \/>\n<meta property=\"og:title\" content=\"Trekking no acampamento base Makalu\" \/>\n<meta property=\"og:description\" content=\"Trekking sem multid\u00f5es de turistas \u2013 aqui ningu\u00e9m vai atrapalhar voc\u00ea a aproveitar as paisagens  Vistas impressionantes de tr\u00eas montanhas com mais de 8.000 metros: Makalu, Everest e Kangchenjunga  Vale Barun, para muitos \u2013 um verdadeiro lugar de for\u00e7a, que d\u00e1 energia a todos que j\u00e1 estiveram aqui  Colorido nepales: pontes suspensas, rios turbulentos, terra\u00e7os de arroz e vilarejos remotos, como se flutuassem sobre os penhascos  Oportunidade de experimentar a culin\u00e1ria local: queijo yak, bifes e dal-bat  **Ao contr\u00e1rio de outras empresas, o voo interno est\u00e1 inclu\u00eddo Informa\u00e7\u00f5es importantes:    O hor\u00e1rio de check-in e check-out \u00e9 definido pelo hotel: check-in a partir das 15h, check-out at\u00e9 11-12h. A bagagem pode ser deixada na recep\u00e7\u00e3o do hotel para passear pela cidade ou, se houver disponibilidade t\u00e9cnica, pagar um adicional para check-in antecipado\/check-out tardio.  No Nepal, h\u00e1 algumas dificuldades na troca de c\u00e9dulas pequenas, desgastadas ou antigas (emitidas at\u00e9 2009). Em alguns lugares h\u00e1 comiss\u00e3o extra, em outros a troca pode ser recusada.  Chamamos a aten\u00e7\u00e3o para o fato de que nossa empresa n\u00e3o oferece servi\u00e7os de compra ou venda de passagens a\u00e9reas e emiss\u00e3o de vistos, portanto, n\u00e3o se responsabiliza por imprevistos relacionados a voos e travessias de fronteiras.\" \/>\n<meta property=\"og:url\" content=\"https:\/\/mountainguides.pro\/pt\/tours\/trekking\/trekking-to-makalu-base-camp\/\" \/>\n<meta property=\"og:site_name\" content=\"Mountain Guide\" \/>\n<meta property=\"article:publisher\" content=\"https:\/\/www.facebook.com\/Mountainguide-232956566756831\/\" \/>\n<meta property=\"article:modified_time\" content=\"2026-03-16T07:43:18+00:00\" \/>\n<meta property=\"og:image\" content=\"https:\/\/mountainguides.pro\/wp-content\/uploads\/2025\/01\/trekking-k-bazovomu-lageryu-makalu-2.jpeg\" \/>\n\t<meta property=\"og:image:width\" content=\"1800\" \/>\n\t<meta property=\"og:image:height\" content=\"1350\" \/>\n\t<meta property=\"og:image:type\" content=\"image\/jpeg\" \/>\n<meta name=\"twitter:card\" content=\"summary_large_image\" \/>\n<meta name=\"twitter:site\" content=\"@Wintercyclone\" \/>\n<meta name=\"twitter:label1\" content=\"Tempo estimado de leitura\" \/>\n\t<meta name=\"twitter:data1\" content=\"1 minuto\" \/>\n<script type=\"application\/ld+json\" class=\"yoast-schema-graph\">{\"@context\":\"https:\\\/\\\/schema.org\",\"@graph\":[{\"@type\":\"WebPage\",\"@id\":\"https:\\\/\\\/mountainguides.pro\\\/tours\\\/trekking\\\/trekking-to-makalu-base-camp\\\/\",\"url\":\"https:\\\/\\\/mountainguides.pro\\\/tours\\\/trekking\\\/trekking-to-makalu-base-camp\\\/\",\"name\":\"Trekking no acampamento base Makalu\",\"isPartOf\":{\"@id\":\"https:\\\/\\\/mountainguides.pro\\\/#website\"},\"primaryImageOfPage\":{\"@id\":\"https:\\\/\\\/mountainguides.pro\\\/tours\\\/trekking\\\/trekking-to-makalu-base-camp\\\/#primaryimage\"},\"image\":{\"@id\":\"https:\\\/\\\/mountainguides.pro\\\/tours\\\/trekking\\\/trekking-to-makalu-base-camp\\\/#primaryimage\"},\"thumbnailUrl\":\"https:\\\/\\\/mountainguides.pro\\\/wp-content\\\/uploads\\\/2025\\\/01\\\/trekking-k-bazovomu-lageryu-makalu-2.jpeg\",\"datePublished\":\"2025-01-10T08:00:46+00:00\",\"dateModified\":\"2026-03-16T07:43:18+00:00\",\"breadcrumb\":{\"@id\":\"https:\\\/\\\/mountainguides.pro\\\/tours\\\/trekking\\\/trekking-to-makalu-base-camp\\\/#breadcrumb\"},\"inLanguage\":\"pt\",\"potentialAction\":[{\"@type\":\"ReadAction\",\"target\":[\"https:\\\/\\\/mountainguides.pro\\\/tours\\\/trekking\\\/trekking-to-makalu-base-camp\\\/\"]}]},{\"@type\":\"ImageObject\",\"inLanguage\":\"pt\",\"@id\":\"https:\\\/\\\/mountainguides.pro\\\/tours\\\/trekking\\\/trekking-to-makalu-base-camp\\\/#primaryimage\",\"url\":\"https:\\\/\\\/mountainguides.pro\\\/wp-content\\\/uploads\\\/2025\\\/01\\\/trekking-k-bazovomu-lageryu-makalu-2.jpeg\",\"contentUrl\":\"https:\\\/\\\/mountainguides.pro\\\/wp-content\\\/uploads\\\/2025\\\/01\\\/trekking-k-bazovomu-lageryu-makalu-2.jpeg\",\"width\":1800,\"height\":1350},{\"@type\":\"BreadcrumbList\",\"@id\":\"https:\\\/\\\/mountainguides.pro\\\/tours\\\/trekking\\\/trekking-to-makalu-base-camp\\\/#breadcrumb\",\"itemListElement\":[{\"@type\":\"ListItem\",\"position\":1,\"name\":\"Home\",\"item\":\"https:\\\/\\\/mountainguides.pro\\\/de\\\/\"},{\"@type\":\"ListItem\",\"position\":2,\"name\":\"Trekking to Makalu Base Camp\"}]},{\"@type\":\"WebSite\",\"@id\":\"https:\\\/\\\/mountainguides.pro\\\/#website\",\"url\":\"https:\\\/\\\/mountainguides.pro\\\/\",\"name\":\"Mountain Guide\",\"description\":\"We aspire to be the first in everything!\",\"publisher\":{\"@id\":\"https:\\\/\\\/mountainguides.pro\\\/#organization\"},\"potentialAction\":[{\"@type\":\"SearchAction\",\"target\":{\"@type\":\"EntryPoint\",\"urlTemplate\":\"https:\\\/\\\/mountainguides.pro\\\/?s={search_term_string}\"},\"query-input\":{\"@type\":\"PropertyValueSpecification\",\"valueRequired\":true,\"valueName\":\"search_term_string\"}}],\"inLanguage\":\"pt\"},{\"@type\":\"Organization\",\"@id\":\"https:\\\/\\\/mountainguides.pro\\\/#organization\",\"name\":\"Mountain Guide\",\"url\":\"https:\\\/\\\/mountainguides.pro\\\/\",\"logo\":{\"@type\":\"ImageObject\",\"inLanguage\":\"pt\",\"@id\":\"https:\\\/\\\/mountainguides.pro\\\/#\\\/schema\\\/logo\\\/image\\\/\",\"url\":\"https:\\\/\\\/mountainguides.pro\\\/wp-content\\\/uploads\\\/2018\\\/01\\\/mglogo.jpg\",\"contentUrl\":\"https:\\\/\\\/mountainguides.pro\\\/wp-content\\\/uploads\\\/2018\\\/01\\\/mglogo.jpg\",\"width\":1200,\"height\":630,\"caption\":\"Mountain Guide\"},\"image\":{\"@id\":\"https:\\\/\\\/mountainguides.pro\\\/#\\\/schema\\\/logo\\\/image\\\/\"},\"sameAs\":[\"https:\\\/\\\/www.facebook.com\\\/Mountainguide-232956566756831\\\/\",\"https:\\\/\\\/x.com\\\/Wintercyclone\",\"http:\\\/\\\/instagram.com\\\/mountainguide\",\"http:\\\/\\\/www.youtube.com\\\/mountainguide\"]}]}<\/script>\n<!-- \/ Yoast SEO Premium plugin. -->","yoast_head_json":{"title":"Trekking no acampamento base Makalu","robots":{"index":"index","follow":"follow","max-snippet":"max-snippet:-1","max-image-preview":"max-image-preview:large","max-video-preview":"max-video-preview:-1"},"canonical":"https:\/\/mountainguides.pro\/pt\/tours\/trekking\/trekking-to-makalu-base-camp\/","og_locale":"pt_PT","og_type":"article","og_title":"[:en]Trekking to Makalu Base Camp[:de]Trekking zum Makalu Basislager[:es]Trekking al campamento base de Makalu[:pt]Trekking no acampamento base Makalu[:zh]\u5f92\u6b65\u524d\u5f80\u9a6c\u5361\u9c81\u5927\u672c\u8425[:ko]\ud55c\uad6d\uc5b4[:ja]\u30de\u30ab\u30eb\u30d9\u30fc\u30b9\u30ad\u30e3\u30f3\u30d7\u3078\u306e\u30c8\u30ec\u30c3\u30ad\u30f3\u30b0[:hi]\u092e\u0915\u093e\u0932\u0942 \u092c\u0947\u0938 \u0915\u0948\u0902\u092a \u0915\u0947 \u0932\u093f\u090f \u091f\u094d\u0930\u0947\u0915\u093f\u0902\u0917[:ar]\u0627\u0644\u0631\u062d\u0644\u0627\u062a \u0625\u0644\u0649 \u0645\u0639\u0633\u0643\u0631 \u0642\u0627\u0639\u062f\u0629 \u0645\u0627\u0643\u0627\u0644\u0648[:]","og_description":"Trekking sem multid\u00f5es de turistas \u2013 aqui ningu\u00e9m vai atrapalhar voc\u00ea a aproveitar as paisagens  Vistas impressionantes de tr\u00eas montanhas com mais de 8.000 metros: Makalu, Everest e Kangchenjunga  Vale Barun, para muitos \u2013 um verdadeiro lugar de for\u00e7a, que d\u00e1 energia a todos que j\u00e1 estiveram aqui  Colorido nepales: pontes suspensas, rios turbulentos, terra\u00e7os de arroz e vilarejos remotos, como se flutuassem sobre os penhascos  Oportunidade de experimentar a culin\u00e1ria local: queijo yak, bifes e dal-bat  **Ao contr\u00e1rio de outras empresas, o voo interno est\u00e1 inclu\u00eddo Informa\u00e7\u00f5es importantes:    O hor\u00e1rio de check-in e check-out \u00e9 definido pelo hotel: check-in a partir das 15h, check-out at\u00e9 11-12h. A bagagem pode ser deixada na recep\u00e7\u00e3o do hotel para passear pela cidade ou, se houver disponibilidade t\u00e9cnica, pagar um adicional para check-in antecipado\/check-out tardio.  No Nepal, h\u00e1 algumas dificuldades na troca de c\u00e9dulas pequenas, desgastadas ou antigas (emitidas at\u00e9 2009). Em alguns lugares h\u00e1 comiss\u00e3o extra, em outros a troca pode ser recusada.  Chamamos a aten\u00e7\u00e3o para o fato de que nossa empresa n\u00e3o oferece servi\u00e7os de compra ou venda de passagens a\u00e9reas e emiss\u00e3o de vistos, portanto, n\u00e3o se responsabiliza por imprevistos relacionados a voos e travessias de fronteiras.","og_url":"https:\/\/mountainguides.pro\/pt\/tours\/trekking\/trekking-to-makalu-base-camp\/","og_site_name":"Mountain Guide","article_publisher":"https:\/\/www.facebook.com\/Mountainguide-232956566756831\/","article_modified_time":"2026-03-16T07:43:18+00:00","og_image":[{"width":1800,"height":1350,"url":"https:\/\/mountainguides.pro\/wp-content\/uploads\/2025\/01\/trekking-k-bazovomu-lageryu-makalu-2.jpeg","type":"image\/jpeg"}],"twitter_card":"summary_large_image","twitter_site":"@Wintercyclone","twitter_misc":{"Tempo estimado de leitura":"1 minuto"},"schema":{"@context":"https:\/\/schema.org","@graph":[{"@type":"WebPage","@id":"https:\/\/mountainguides.pro\/tours\/trekking\/trekking-to-makalu-base-camp\/","url":"https:\/\/mountainguides.pro\/tours\/trekking\/trekking-to-makalu-base-camp\/","name":"Trekking no acampamento base Makalu","isPartOf":{"@id":"https:\/\/mountainguides.pro\/#website"},"primaryImageOfPage":{"@id":"https:\/\/mountainguides.pro\/tours\/trekking\/trekking-to-makalu-base-camp\/#primaryimage"},"image":{"@id":"https:\/\/mountainguides.pro\/tours\/trekking\/trekking-to-makalu-base-camp\/#primaryimage"},"thumbnailUrl":"https:\/\/mountainguides.pro\/wp-content\/uploads\/2025\/01\/trekking-k-bazovomu-lageryu-makalu-2.jpeg","datePublished":"2025-01-10T08:00:46+00:00","dateModified":"2026-03-16T07:43:18+00:00","breadcrumb":{"@id":"https:\/\/mountainguides.pro\/tours\/trekking\/trekking-to-makalu-base-camp\/#breadcrumb"},"inLanguage":"pt","potentialAction":[{"@type":"ReadAction","target":["https:\/\/mountainguides.pro\/tours\/trekking\/trekking-to-makalu-base-camp\/"]}]},{"@type":"ImageObject","inLanguage":"pt","@id":"https:\/\/mountainguides.pro\/tours\/trekking\/trekking-to-makalu-base-camp\/#primaryimage","url":"https:\/\/mountainguides.pro\/wp-content\/uploads\/2025\/01\/trekking-k-bazovomu-lageryu-makalu-2.jpeg","contentUrl":"https:\/\/mountainguides.pro\/wp-content\/uploads\/2025\/01\/trekking-k-bazovomu-lageryu-makalu-2.jpeg","width":1800,"height":1350},{"@type":"BreadcrumbList","@id":"https:\/\/mountainguides.pro\/tours\/trekking\/trekking-to-makalu-base-camp\/#breadcrumb","itemListElement":[{"@type":"ListItem","position":1,"name":"Home","item":"https:\/\/mountainguides.pro\/de\/"},{"@type":"ListItem","position":2,"name":"Trekking to Makalu Base Camp"}]},{"@type":"WebSite","@id":"https:\/\/mountainguides.pro\/#website","url":"https:\/\/mountainguides.pro\/","name":"Mountain Guide","description":"We aspire to be the first in everything!","publisher":{"@id":"https:\/\/mountainguides.pro\/#organization"},"potentialAction":[{"@type":"SearchAction","target":{"@type":"EntryPoint","urlTemplate":"https:\/\/mountainguides.pro\/?s={search_term_string}"},"query-input":{"@type":"PropertyValueSpecification","valueRequired":true,"valueName":"search_term_string"}}],"inLanguage":"pt"},{"@type":"Organization","@id":"https:\/\/mountainguides.pro\/#organization","name":"Mountain Guide","url":"https:\/\/mountainguides.pro\/","logo":{"@type":"ImageObject","inLanguage":"pt","@id":"https:\/\/mountainguides.pro\/#\/schema\/logo\/image\/","url":"https:\/\/mountainguides.pro\/wp-content\/uploads\/2018\/01\/mglogo.jpg","contentUrl":"https:\/\/mountainguides.pro\/wp-content\/uploads\/2018\/01\/mglogo.jpg","width":1200,"height":630,"caption":"Mountain Guide"},"image":{"@id":"https:\/\/mountainguides.pro\/#\/schema\/logo\/image\/"},"sameAs":["https:\/\/www.facebook.com\/Mountainguide-232956566756831\/","https:\/\/x.com\/Wintercyclone","http:\/\/instagram.com\/mountainguide","http:\/\/www.youtube.com\/mountainguide"]}]}},"_links":{"self":[{"href":"https:\/\/mountainguides.pro\/pt\/wp-json\/wp\/v2\/product\/21212","targetHints":{"allow":["GET"]}}],"collection":[{"href":"https:\/\/mountainguides.pro\/pt\/wp-json\/wp\/v2\/product"}],"about":[{"href":"https:\/\/mountainguides.pro\/pt\/wp-json\/wp\/v2\/types\/product"}],"replies":[{"embeddable":true,"href":"https:\/\/mountainguides.pro\/pt\/wp-json\/wp\/v2\/comments?post=21212"}],"version-history":[{"count":19,"href":"https:\/\/mountainguides.pro\/pt\/wp-json\/wp\/v2\/product\/21212\/revisions"}],"predecessor-version":[{"id":32643,"href":"https:\/\/mountainguides.pro\/pt\/wp-json\/wp\/v2\/product\/21212\/revisions\/32643"}],"wp:featuredmedia":[{"embeddable":true,"href":"https:\/\/mountainguides.pro\/pt\/wp-json\/wp\/v2\/media\/21447"}],"wp:attachment":[{"href":"https:\/\/mountainguides.pro\/pt\/wp-json\/wp\/v2\/media?parent=21212"}],"wp:term":[{"taxonomy":"product_cat","embeddable":true,"href":"https:\/\/mountainguides.pro\/pt\/wp-json\/wp\/v2\/product_cat?post=21212"},{"taxonomy":"product_tag","embeddable":true,"href":"https:\/\/mountainguides.pro\/pt\/wp-json\/wp\/v2\/product_tag?post=21212"}],"curies":[{"name":"wp","href":"https:\/\/api.w.org\/{rel}","templated":true}]}}