{"id":19397,"date":"2023-07-28T22:19:50","date_gmt":"2023-07-28T19:19:50","guid":{"rendered":"https:\/\/mountainguides.pro\/?post_type=product&#038;p=19397"},"modified":"2026-02-03T16:14:30","modified_gmt":"2026-02-03T13:14:30","slug":"patagonia-the-edge-of-the-world","status":"publish","type":"product","link":"https:\/\/mountainguides.pro\/ru\/tours\/trekking\/patagonia-the-edge-of-the-world\/","title":{"rendered":"Patagonia: the edge of the world"},"content":{"rendered":"","protected":false},"excerpt":{"rendered":"<ul>\n<li class=\"p1\">The most famous national park in Latin America \u2014 Torres del Paine<\/li>\n<li class=\"p1\">The W Trek \u2014 the most famous trek in Patagonia and in all of South America<\/li>\n<li class=\"p1\">The O Trek \u2014 a complete circuit of the Torres del Paine region in Patagonia; no one else in Russia offers the O Trek<\/li>\n<li class=\"p1\">A cruise and walk on Martillo Island, home to the largest colonies of Magellanic and Gentoo penguins<\/li>\n<li class=\"p1\">The true end of the world \u2014 the city of Ushuaia on one of the islands of the Tierra del Fuego archipelago<\/li>\n<li class=\"p1\">Perito Moreno Glacier, which contains the third-largest reserve of fresh water on Earth<\/li>\n<\/ul>\n<p class=\"p1\"><strong>*Please note that our company does not provide services for purchasing or selling air tickets or arranging visas, and therefore is not responsible for force majeure situations related to flights or border crossings. We will be happy to help you select suitable flights!<\/strong><\/p>\n","protected":false},"featured_media":21449,"comment_status":"closed","ping_status":"closed","template":"","meta":{"_acf_changed":false,"footnotes":""},"product_cat":[321],"product_tag":[],"class_list":{"0":"post-19397","1":"product","2":"type-product","3":"status-publish","4":"has-post-thumbnail","6":"product_cat-trekking","8":"first","9":"instock","10":"shipping-taxable","11":"purchasable","12":"product-type-simple"},"acf":[],"yoast_head":"<!-- This site is optimized with the Yoast SEO Premium plugin v26.5 (Yoast SEO v27.3) - https:\/\/yoast.com\/product\/yoast-seo-premium-wordpress\/ -->\n<title>Trekking Patagonia<\/title>\n<meta name=\"robots\" content=\"index, follow, max-snippet:-1, max-image-preview:large, max-video-preview:-1\" \/>\n<link rel=\"canonical\" href=\"https:\/\/mountainguides.pro\/ru\/tours\/trekking\/patagonia-the-edge-of-the-world\/\" \/>\n<meta property=\"og:locale\" content=\"ru_RU\" \/>\n<meta property=\"og:locale:alternate\" content=\"en_US\" \/>\n<meta property=\"og:locale:alternate\" content=\"de\" \/>\n<meta property=\"og:locale:alternate\" content=\"es\" \/>\n<meta property=\"og:locale:alternate\" content=\"pt\" \/>\n<meta property=\"og:locale:alternate\" content=\"zh\" \/>\n<meta property=\"og:locale:alternate\" content=\"ko\" \/>\n<meta property=\"og:locale:alternate\" content=\"ja\" \/>\n<meta property=\"og:locale:alternate\" content=\"hi\" \/>\n<meta property=\"og:locale:alternate\" content=\"ar\" \/>\n<meta property=\"og:type\" content=\"article\" \/>\n<meta property=\"og:title\" content=\"Patagonia: the edge of the world\" \/>\n<meta property=\"og:description\" content=\"The most famous national park in Latin America \u2014 Torres del Paine  The W Trek \u2014 the most famous trek in Patagonia and in all of South America  The O Trek \u2014 a complete circuit of the Torres del Paine region in Patagonia; no one else in Russia offers the O Trek  A cruise and walk on Martillo Island, home to the largest colonies of Magellanic and Gentoo penguins  The true end of the world \u2014 the city of Ushuaia on one of the islands of the Tierra del Fuego archipelago  Perito Moreno Glacier, which contains the third-largest reserve of fresh water on Earth  *Please note that our company does not provide services for purchasing or selling air tickets or arranging visas, and therefore is not responsible for force majeure situations related to flights or border crossings. We will be happy to help you select suitable flights!\" \/>\n<meta property=\"og:url\" content=\"https:\/\/mountainguides.pro\/ru\/tours\/trekking\/patagonia-the-edge-of-the-world\/\" \/>\n<meta property=\"og:site_name\" content=\"Mountain Guide\" \/>\n<meta property=\"article:publisher\" content=\"https:\/\/www.facebook.com\/Mountainguide-232956566756831\/\" \/>\n<meta property=\"article:modified_time\" content=\"2026-02-03T13:14:30+00:00\" \/>\n<meta property=\"og:image\" content=\"https:\/\/mountainguides.pro\/wp-content\/uploads\/2023\/07\/patagoniya-tur-31.jpg\" \/>\n\t<meta property=\"og:image:width\" content=\"1600\" \/>\n\t<meta property=\"og:image:height\" content=\"1200\" \/>\n\t<meta property=\"og:image:type\" content=\"image\/jpeg\" \/>\n<meta name=\"twitter:card\" content=\"summary_large_image\" \/>\n<meta name=\"twitter:site\" content=\"@Wintercyclone\" \/>\n<meta name=\"twitter:label1\" content=\"\u041f\u0440\u0438\u043c\u0435\u0440\u043d\u043e\u0435 \u0432\u0440\u0435\u043c\u044f \u0434\u043b\u044f \u0447\u0442\u0435\u043d\u0438\u044f\" \/>\n\t<meta name=\"twitter:data1\" content=\"1 \u043c\u0438\u043d\u0443\u0442\u0430\" \/>\n<script type=\"application\/ld+json\" class=\"yoast-schema-graph\">{\"@context\":\"https:\\\/\\\/schema.org\",\"@graph\":[{\"@type\":\"WebPage\",\"@id\":\"https:\\\/\\\/mountainguides.pro\\\/ar\\\/tours\\\/trekking\\\/patagonia-the-edge-of-the-world\\\/\",\"url\":\"https:\\\/\\\/mountainguides.pro\\\/ar\\\/tours\\\/trekking\\\/patagonia-the-edge-of-the-world\\\/\",\"name\":\"Trekking Patagonia\",\"isPartOf\":{\"@id\":\"https:\\\/\\\/mountainguides.pro\\\/#website\"},\"primaryImageOfPage\":{\"@id\":\"https:\\\/\\\/mountainguides.pro\\\/ar\\\/tours\\\/trekking\\\/patagonia-the-edge-of-the-world\\\/#primaryimage\"},\"image\":{\"@id\":\"https:\\\/\\\/mountainguides.pro\\\/ar\\\/tours\\\/trekking\\\/patagonia-the-edge-of-the-world\\\/#primaryimage\"},\"thumbnailUrl\":\"https:\\\/\\\/mountainguides.pro\\\/wp-content\\\/uploads\\\/2023\\\/07\\\/patagoniya-tur-31.jpg\",\"datePublished\":\"2023-07-28T19:19:50+00:00\",\"dateModified\":\"2026-02-03T13:14:30+00:00\",\"breadcrumb\":{\"@id\":\"https:\\\/\\\/mountainguides.pro\\\/ar\\\/tours\\\/trekking\\\/patagonia-the-edge-of-the-world\\\/#breadcrumb\"},\"inLanguage\":\"ru-RU\",\"potentialAction\":[{\"@type\":\"ReadAction\",\"target\":[\"https:\\\/\\\/mountainguides.pro\\\/ar\\\/tours\\\/trekking\\\/patagonia-the-edge-of-the-world\\\/\"]}]},{\"@type\":\"ImageObject\",\"inLanguage\":\"ru-RU\",\"@id\":\"https:\\\/\\\/mountainguides.pro\\\/ar\\\/tours\\\/trekking\\\/patagonia-the-edge-of-the-world\\\/#primaryimage\",\"url\":\"https:\\\/\\\/mountainguides.pro\\\/wp-content\\\/uploads\\\/2023\\\/07\\\/patagoniya-tur-31.jpg\",\"contentUrl\":\"https:\\\/\\\/mountainguides.pro\\\/wp-content\\\/uploads\\\/2023\\\/07\\\/patagoniya-tur-31.jpg\",\"width\":1600,\"height\":1200},{\"@type\":\"BreadcrumbList\",\"@id\":\"https:\\\/\\\/mountainguides.pro\\\/ar\\\/tours\\\/trekking\\\/patagonia-the-edge-of-the-world\\\/#breadcrumb\",\"itemListElement\":[{\"@type\":\"ListItem\",\"position\":1,\"name\":\"Home\",\"item\":\"https:\\\/\\\/mountainguides.pro\\\/de\\\/\"},{\"@type\":\"ListItem\",\"position\":2,\"name\":\"\u062c\u0648\u0644\u0629 \u0628\u0627\u062a\u0627\u063a\u0648\u0646\u064a\u0627: \u0639\u0644\u0649 \u062d\u0627\u0641\u0629 \u0627\u0644\u0623\u0631\u0636\"}]},{\"@type\":\"WebSite\",\"@id\":\"https:\\\/\\\/mountainguides.pro\\\/#website\",\"url\":\"https:\\\/\\\/mountainguides.pro\\\/\",\"name\":\"Mountain Guide\",\"description\":\"We aspire to be the first in everything!\",\"publisher\":{\"@id\":\"https:\\\/\\\/mountainguides.pro\\\/#organization\"},\"potentialAction\":[{\"@type\":\"SearchAction\",\"target\":{\"@type\":\"EntryPoint\",\"urlTemplate\":\"https:\\\/\\\/mountainguides.pro\\\/?s={search_term_string}\"},\"query-input\":{\"@type\":\"PropertyValueSpecification\",\"valueRequired\":true,\"valueName\":\"search_term_string\"}}],\"inLanguage\":\"ru-RU\"},{\"@type\":\"Organization\",\"@id\":\"https:\\\/\\\/mountainguides.pro\\\/#organization\",\"name\":\"Mountain Guide\",\"url\":\"https:\\\/\\\/mountainguides.pro\\\/\",\"logo\":{\"@type\":\"ImageObject\",\"inLanguage\":\"ru-RU\",\"@id\":\"https:\\\/\\\/mountainguides.pro\\\/#\\\/schema\\\/logo\\\/image\\\/\",\"url\":\"https:\\\/\\\/mountainguides.pro\\\/wp-content\\\/uploads\\\/2018\\\/01\\\/mglogo.jpg\",\"contentUrl\":\"https:\\\/\\\/mountainguides.pro\\\/wp-content\\\/uploads\\\/2018\\\/01\\\/mglogo.jpg\",\"width\":1200,\"height\":630,\"caption\":\"Mountain Guide\"},\"image\":{\"@id\":\"https:\\\/\\\/mountainguides.pro\\\/#\\\/schema\\\/logo\\\/image\\\/\"},\"sameAs\":[\"https:\\\/\\\/www.facebook.com\\\/Mountainguide-232956566756831\\\/\",\"https:\\\/\\\/x.com\\\/Wintercyclone\",\"http:\\\/\\\/instagram.com\\\/mountainguide\",\"http:\\\/\\\/www.youtube.com\\\/mountainguide\"]}]}<\/script>\n<!-- \/ Yoast SEO Premium plugin. -->","yoast_head_json":{"title":"Trekking Patagonia","robots":{"index":"index","follow":"follow","max-snippet":"max-snippet:-1","max-image-preview":"max-image-preview:large","max-video-preview":"max-video-preview:-1"},"canonical":"https:\/\/mountainguides.pro\/ru\/tours\/trekking\/patagonia-the-edge-of-the-world\/","og_locale":"ru_RU","og_type":"article","og_title":"[:en]Patagonia: the edge of the world[:de]Tour nach Patagonien: Am Rande der Erde[:es]Tour a la Patagonia: al fin de la Tierra[:pt]Excurs\u00e3o \u00e0 Patag\u00f4nia: no fim do mundo[:zh]\u5df4\u5854\u54e5\u5c3c\u4e9a\u4e4b\u65c5\uff1a\u5730\u7403\u7684\u5c3d\u5934[:ko]\ud30c\ud0c0\uace0\ub2c8\uc544 \ud22c\uc5b4:\uc9c0\uad6c \uac00\uc7a5\uc790\ub9ac[:ja]\u30d1\u30bf\u30b4\u30cb\u30a2\u30c4\u30a2\u30fc\uff1a\u5730\u7403\u306e\u7aef\u3067[:hi]\u092a\u0947\u091f\u093e\u0917\u094b\u0928\u093f\u092f\u093e \u091f\u0942\u0930: \u092a\u0943\u0925\u094d\u0935\u0940 \u0915\u0947 \u0915\u093f\u0928\u093e\u0930\u0947 \u092a\u0930[:ar]\u062c\u0648\u0644\u0629 \u0628\u0627\u062a\u0627\u063a\u0648\u0646\u064a\u0627: \u0639\u0644\u0649 \u062d\u0627\u0641\u0629 \u0627\u0644\u0623\u0631\u0636[:]","og_description":"The most famous national park in Latin America \u2014 Torres del Paine  The W Trek \u2014 the most famous trek in Patagonia and in all of South America  The O Trek \u2014 a complete circuit of the Torres del Paine region in Patagonia; no one else in Russia offers the O Trek  A cruise and walk on Martillo Island, home to the largest colonies of Magellanic and Gentoo penguins  The true end of the world \u2014 the city of Ushuaia on one of the islands of the Tierra del Fuego archipelago  Perito Moreno Glacier, which contains the third-largest reserve of fresh water on Earth  *Please note that our company does not provide services for purchasing or selling air tickets or arranging visas, and therefore is not responsible for force majeure situations related to flights or border crossings. We will be happy to help you select suitable flights!","og_url":"https:\/\/mountainguides.pro\/ru\/tours\/trekking\/patagonia-the-edge-of-the-world\/","og_site_name":"Mountain Guide","article_publisher":"https:\/\/www.facebook.com\/Mountainguide-232956566756831\/","article_modified_time":"2026-02-03T13:14:30+00:00","og_image":[{"width":1600,"height":1200,"url":"https:\/\/mountainguides.pro\/wp-content\/uploads\/2023\/07\/patagoniya-tur-31.jpg","type":"image\/jpeg"}],"twitter_card":"summary_large_image","twitter_site":"@Wintercyclone","twitter_misc":{"\u041f\u0440\u0438\u043c\u0435\u0440\u043d\u043e\u0435 \u0432\u0440\u0435\u043c\u044f \u0434\u043b\u044f \u0447\u0442\u0435\u043d\u0438\u044f":"1 \u043c\u0438\u043d\u0443\u0442\u0430"},"schema":{"@context":"https:\/\/schema.org","@graph":[{"@type":"WebPage","@id":"https:\/\/mountainguides.pro\/ar\/tours\/trekking\/patagonia-the-edge-of-the-world\/","url":"https:\/\/mountainguides.pro\/ar\/tours\/trekking\/patagonia-the-edge-of-the-world\/","name":"Trekking Patagonia","isPartOf":{"@id":"https:\/\/mountainguides.pro\/#website"},"primaryImageOfPage":{"@id":"https:\/\/mountainguides.pro\/ar\/tours\/trekking\/patagonia-the-edge-of-the-world\/#primaryimage"},"image":{"@id":"https:\/\/mountainguides.pro\/ar\/tours\/trekking\/patagonia-the-edge-of-the-world\/#primaryimage"},"thumbnailUrl":"https:\/\/mountainguides.pro\/wp-content\/uploads\/2023\/07\/patagoniya-tur-31.jpg","datePublished":"2023-07-28T19:19:50+00:00","dateModified":"2026-02-03T13:14:30+00:00","breadcrumb":{"@id":"https:\/\/mountainguides.pro\/ar\/tours\/trekking\/patagonia-the-edge-of-the-world\/#breadcrumb"},"inLanguage":"ru-RU","potentialAction":[{"@type":"ReadAction","target":["https:\/\/mountainguides.pro\/ar\/tours\/trekking\/patagonia-the-edge-of-the-world\/"]}]},{"@type":"ImageObject","inLanguage":"ru-RU","@id":"https:\/\/mountainguides.pro\/ar\/tours\/trekking\/patagonia-the-edge-of-the-world\/#primaryimage","url":"https:\/\/mountainguides.pro\/wp-content\/uploads\/2023\/07\/patagoniya-tur-31.jpg","contentUrl":"https:\/\/mountainguides.pro\/wp-content\/uploads\/2023\/07\/patagoniya-tur-31.jpg","width":1600,"height":1200},{"@type":"BreadcrumbList","@id":"https:\/\/mountainguides.pro\/ar\/tours\/trekking\/patagonia-the-edge-of-the-world\/#breadcrumb","itemListElement":[{"@type":"ListItem","position":1,"name":"Home","item":"https:\/\/mountainguides.pro\/de\/"},{"@type":"ListItem","position":2,"name":"\u062c\u0648\u0644\u0629 \u0628\u0627\u062a\u0627\u063a\u0648\u0646\u064a\u0627: \u0639\u0644\u0649 \u062d\u0627\u0641\u0629 \u0627\u0644\u0623\u0631\u0636"}]},{"@type":"WebSite","@id":"https:\/\/mountainguides.pro\/#website","url":"https:\/\/mountainguides.pro\/","name":"Mountain Guide","description":"We aspire to be the first in everything!","publisher":{"@id":"https:\/\/mountainguides.pro\/#organization"},"potentialAction":[{"@type":"SearchAction","target":{"@type":"EntryPoint","urlTemplate":"https:\/\/mountainguides.pro\/?s={search_term_string}"},"query-input":{"@type":"PropertyValueSpecification","valueRequired":true,"valueName":"search_term_string"}}],"inLanguage":"ru-RU"},{"@type":"Organization","@id":"https:\/\/mountainguides.pro\/#organization","name":"Mountain Guide","url":"https:\/\/mountainguides.pro\/","logo":{"@type":"ImageObject","inLanguage":"ru-RU","@id":"https:\/\/mountainguides.pro\/#\/schema\/logo\/image\/","url":"https:\/\/mountainguides.pro\/wp-content\/uploads\/2018\/01\/mglogo.jpg","contentUrl":"https:\/\/mountainguides.pro\/wp-content\/uploads\/2018\/01\/mglogo.jpg","width":1200,"height":630,"caption":"Mountain Guide"},"image":{"@id":"https:\/\/mountainguides.pro\/#\/schema\/logo\/image\/"},"sameAs":["https:\/\/www.facebook.com\/Mountainguide-232956566756831\/","https:\/\/x.com\/Wintercyclone","http:\/\/instagram.com\/mountainguide","http:\/\/www.youtube.com\/mountainguide"]}]}},"_links":{"self":[{"href":"https:\/\/mountainguides.pro\/ru\/wp-json\/wp\/v2\/product\/19397","targetHints":{"allow":["GET"]}}],"collection":[{"href":"https:\/\/mountainguides.pro\/ru\/wp-json\/wp\/v2\/product"}],"about":[{"href":"https:\/\/mountainguides.pro\/ru\/wp-json\/wp\/v2\/types\/product"}],"replies":[{"embeddable":true,"href":"https:\/\/mountainguides.pro\/ru\/wp-json\/wp\/v2\/comments?post=19397"}],"version-history":[{"count":12,"href":"https:\/\/mountainguides.pro\/ru\/wp-json\/wp\/v2\/product\/19397\/revisions"}],"predecessor-version":[{"id":32709,"href":"https:\/\/mountainguides.pro\/ru\/wp-json\/wp\/v2\/product\/19397\/revisions\/32709"}],"wp:featuredmedia":[{"embeddable":true,"href":"https:\/\/mountainguides.pro\/ru\/wp-json\/wp\/v2\/media\/21449"}],"wp:attachment":[{"href":"https:\/\/mountainguides.pro\/ru\/wp-json\/wp\/v2\/media?parent=19397"}],"wp:term":[{"taxonomy":"product_cat","embeddable":true,"href":"https:\/\/mountainguides.pro\/ru\/wp-json\/wp\/v2\/product_cat?post=19397"},{"taxonomy":"product_tag","embeddable":true,"href":"https:\/\/mountainguides.pro\/ru\/wp-json\/wp\/v2\/product_tag?post=19397"}],"curies":[{"name":"wp","href":"https:\/\/api.w.org\/{rel}","templated":true}]}}