{"id":19547,"date":"2025-01-08T00:43:59","date_gmt":"2025-01-07T21:43:59","guid":{"rendered":"https:\/\/mountainguides.pro\/?post_type=product&#038;p=19547"},"modified":"2026-01-29T14:30:49","modified_gmt":"2026-01-29T11:30:49","slug":"namibia","status":"publish","type":"product","link":"https:\/\/mountainguides.pro\/ru\/tours\/adventure\/namibia\/","title":{"rendered":"Namibia"},"content":{"rendered":"","protected":false},"excerpt":{"rendered":"<ul>\n<li class=\"p1\">Climb the famous <span class=\"s1\">Dune 45<\/span> and enjoy breathtaking panoramas of the red sands, especially in the morning light, when the dunes shimmer in shades of orange and red<\/li>\n<li class=\"p1\"><span class=\"s1\">Kolmanskop Ghost Town:<\/span> Explore this mysterious abandoned diamond-mining town, slowly being swallowed by the desert, and feel the atmosphere of the past inside its deserted buildings<\/li>\n<li class=\"p1\"><span class=\"s1\">Etosha National Park:<\/span> Immerse yourself in the world of wildlife on safari in one of Namibia\u2019s most famous reserves, where you can see elephants, giraffes, lions, and many other animals in their natural habitat<\/li>\n<li class=\"p1\"><span class=\"s1\">Keetmanshoop and the \u201cGiant\u2019s Playground\u201d:<\/span> Discover extraordinary geological formations and massive basalt boulders, where nature has created wonders resembling majestic sculptures<\/li>\n<li class=\"p1\"><span class=\"s1\">Himba culture:<\/span> Get acquainted with the lifestyle of this unique tribe whose traditions have been preserved in their original form, and learn about their culture and customs in traditional villages<\/li>\n<\/ul>\n<p class=\"p1\"><strong>*Please note that our company does not provide services related to the purchase or sale of airline tickets or visa arrangements and therefore is not responsible for force majeure situations related to flights or border crossings.<\/strong><i><\/i><\/p>\n<p class=\"p3\"><b>Important information:<\/b><b><\/b><\/p>\n<ul>\n<li class=\"p1\">Hotel check-in and check-out times are regulated by hotel policy: check-in from 3:00 PM, check-out until 11:00\u201312:00. Luggage can be left at the hotel reception and you may go for a walk around the city, or, if technically possible, pay extra for early check-in or late check-out.<\/li>\n<li class=\"p1\">In Namibia, there may be difficulties exchanging small, worn, or old US dollar banknotes (issued before 2009). In some places this may result in additional commission, and in others \u2014 refusal to exchange.<\/li>\n<\/ul>\n","protected":false},"featured_media":21460,"comment_status":"closed","ping_status":"closed","template":"","meta":{"_acf_changed":false,"footnotes":""},"product_cat":[337],"product_tag":[],"class_list":{"0":"post-19547","1":"product","2":"type-product","3":"status-publish","4":"has-post-thumbnail","6":"product_cat-adventure","8":"first","9":"instock","10":"shipping-taxable","11":"purchasable","12":"product-type-simple"},"acf":[],"yoast_head":"<!-- This site is optimized with the Yoast SEO Premium plugin v26.5 (Yoast SEO v27.3) - https:\/\/yoast.com\/product\/yoast-seo-premium-wordpress\/ -->\n<title>Adventure Namibia<\/title>\n<meta name=\"robots\" content=\"index, follow, max-snippet:-1, max-image-preview:large, max-video-preview:-1\" \/>\n<link rel=\"canonical\" href=\"https:\/\/mountainguides.pro\/ru\/tours\/adventure\/namibia\/\" \/>\n<meta property=\"og:locale\" content=\"ru_RU\" \/>\n<meta property=\"og:locale:alternate\" content=\"en_US\" \/>\n<meta property=\"og:locale:alternate\" content=\"de\" \/>\n<meta property=\"og:locale:alternate\" content=\"es\" \/>\n<meta property=\"og:locale:alternate\" content=\"pt\" \/>\n<meta property=\"og:locale:alternate\" content=\"zh\" \/>\n<meta property=\"og:locale:alternate\" content=\"ko\" \/>\n<meta property=\"og:locale:alternate\" content=\"ja\" \/>\n<meta property=\"og:locale:alternate\" content=\"hi\" \/>\n<meta property=\"og:locale:alternate\" content=\"ar\" \/>\n<meta property=\"og:type\" content=\"article\" \/>\n<meta property=\"og:title\" content=\"Namibia\" \/>\n<meta property=\"og:description\" content=\"Climb the famous Dune 45 and enjoy breathtaking panoramas of the red sands, especially in the morning light, when the dunes shimmer in shades of orange and red  Kolmanskop Ghost Town: Explore this mysterious abandoned diamond-mining town, slowly being swallowed by the desert, and feel the atmosphere of the past inside its deserted buildings  Etosha National Park: Immerse yourself in the world of wildlife on safari in one of Namibia\u2019s most famous reserves, where you can see elephants, giraffes, lions, and many other animals in their natural habitat  Keetmanshoop and the \u201cGiant\u2019s Playground\u201d: Discover extraordinary geological formations and massive basalt boulders, where nature has created wonders resembling majestic sculptures  Himba culture: Get acquainted with the lifestyle of this unique tribe whose traditions have been preserved in their original form, and learn about their culture and customs in traditional villages  *Please note that our company does not provide services related to the purchase or sale of airline tickets or visa arrangements and therefore is not responsible for force majeure situations related to flights or border crossings. Important information:    Hotel check-in and check-out times are regulated by hotel policy: check-in from 3:00 PM, check-out until 11:00\u201312:00. Luggage can be left at the hotel reception and you may go for a walk around the city, or, if technically possible, pay extra for early check-in or late check-out.  In Namibia, there may be difficulties exchanging small, worn, or old US dollar banknotes (issued before 2009). In some places this may result in additional commission, and in others \u2014 refusal to exchange.\" \/>\n<meta property=\"og:url\" content=\"https:\/\/mountainguides.pro\/ru\/tours\/adventure\/namibia\/\" \/>\n<meta property=\"og:site_name\" content=\"Mountain Guide\" \/>\n<meta property=\"article:publisher\" content=\"https:\/\/www.facebook.com\/Mountainguide-232956566756831\/\" \/>\n<meta property=\"article:modified_time\" content=\"2026-01-29T11:30:49+00:00\" \/>\n<meta property=\"og:image\" content=\"https:\/\/mountainguides.pro\/wp-content\/uploads\/2025\/01\/tur-v-namibiyu-2.jpeg\" \/>\n\t<meta property=\"og:image:width\" content=\"1800\" \/>\n\t<meta property=\"og:image:height\" content=\"1350\" \/>\n\t<meta property=\"og:image:type\" content=\"image\/jpeg\" \/>\n<meta name=\"twitter:card\" content=\"summary_large_image\" \/>\n<meta name=\"twitter:site\" content=\"@Wintercyclone\" \/>\n<meta name=\"twitter:label1\" content=\"\u041f\u0440\u0438\u043c\u0435\u0440\u043d\u043e\u0435 \u0432\u0440\u0435\u043c\u044f \u0434\u043b\u044f \u0447\u0442\u0435\u043d\u0438\u044f\" \/>\n\t<meta name=\"twitter:data1\" content=\"1 \u043c\u0438\u043d\u0443\u0442\u0430\" \/>\n<script type=\"application\/ld+json\" class=\"yoast-schema-graph\">{\"@context\":\"https:\\\/\\\/schema.org\",\"@graph\":[{\"@type\":\"WebPage\",\"@id\":\"https:\\\/\\\/mountainguides.pro\\\/ar\\\/tours\\\/adventure\\\/namibia\\\/\",\"url\":\"https:\\\/\\\/mountainguides.pro\\\/ar\\\/tours\\\/adventure\\\/namibia\\\/\",\"name\":\"Adventure Namibia\",\"isPartOf\":{\"@id\":\"https:\\\/\\\/mountainguides.pro\\\/#website\"},\"primaryImageOfPage\":{\"@id\":\"https:\\\/\\\/mountainguides.pro\\\/ar\\\/tours\\\/adventure\\\/namibia\\\/#primaryimage\"},\"image\":{\"@id\":\"https:\\\/\\\/mountainguides.pro\\\/ar\\\/tours\\\/adventure\\\/namibia\\\/#primaryimage\"},\"thumbnailUrl\":\"https:\\\/\\\/mountainguides.pro\\\/wp-content\\\/uploads\\\/2025\\\/01\\\/tur-v-namibiyu-2.jpeg\",\"datePublished\":\"2025-01-07T21:43:59+00:00\",\"dateModified\":\"2026-01-29T11:30:49+00:00\",\"breadcrumb\":{\"@id\":\"https:\\\/\\\/mountainguides.pro\\\/ar\\\/tours\\\/adventure\\\/namibia\\\/#breadcrumb\"},\"inLanguage\":\"ru-RU\",\"potentialAction\":[{\"@type\":\"ReadAction\",\"target\":[\"https:\\\/\\\/mountainguides.pro\\\/ar\\\/tours\\\/adventure\\\/namibia\\\/\"]}]},{\"@type\":\"ImageObject\",\"inLanguage\":\"ru-RU\",\"@id\":\"https:\\\/\\\/mountainguides.pro\\\/ar\\\/tours\\\/adventure\\\/namibia\\\/#primaryimage\",\"url\":\"https:\\\/\\\/mountainguides.pro\\\/wp-content\\\/uploads\\\/2025\\\/01\\\/tur-v-namibiyu-2.jpeg\",\"contentUrl\":\"https:\\\/\\\/mountainguides.pro\\\/wp-content\\\/uploads\\\/2025\\\/01\\\/tur-v-namibiyu-2.jpeg\",\"width\":1800,\"height\":1350},{\"@type\":\"BreadcrumbList\",\"@id\":\"https:\\\/\\\/mountainguides.pro\\\/ar\\\/tours\\\/adventure\\\/namibia\\\/#breadcrumb\",\"itemListElement\":[{\"@type\":\"ListItem\",\"position\":1,\"name\":\"Home\",\"item\":\"https:\\\/\\\/mountainguides.pro\\\/de\\\/\"},{\"@type\":\"ListItem\",\"position\":2,\"name\":\"\u062c\u0648\u0644\u0629 \u0646\u0627\u0645\u064a\u0628\u064a\u0627: \u062d\u062f\u064a\u0642\u0629 \u0625\u064a\u062a\u0648\u0634\u0627 \u0648\u0642\u0628\u0627\u0626\u0644 \u0647\u064a\u0645\u0628\u0627\"}]},{\"@type\":\"WebSite\",\"@id\":\"https:\\\/\\\/mountainguides.pro\\\/#website\",\"url\":\"https:\\\/\\\/mountainguides.pro\\\/\",\"name\":\"Mountain Guide\",\"description\":\"We aspire to be the first in everything!\",\"publisher\":{\"@id\":\"https:\\\/\\\/mountainguides.pro\\\/#organization\"},\"potentialAction\":[{\"@type\":\"SearchAction\",\"target\":{\"@type\":\"EntryPoint\",\"urlTemplate\":\"https:\\\/\\\/mountainguides.pro\\\/?s={search_term_string}\"},\"query-input\":{\"@type\":\"PropertyValueSpecification\",\"valueRequired\":true,\"valueName\":\"search_term_string\"}}],\"inLanguage\":\"ru-RU\"},{\"@type\":\"Organization\",\"@id\":\"https:\\\/\\\/mountainguides.pro\\\/#organization\",\"name\":\"Mountain Guide\",\"url\":\"https:\\\/\\\/mountainguides.pro\\\/\",\"logo\":{\"@type\":\"ImageObject\",\"inLanguage\":\"ru-RU\",\"@id\":\"https:\\\/\\\/mountainguides.pro\\\/#\\\/schema\\\/logo\\\/image\\\/\",\"url\":\"https:\\\/\\\/mountainguides.pro\\\/wp-content\\\/uploads\\\/2018\\\/01\\\/mglogo.jpg\",\"contentUrl\":\"https:\\\/\\\/mountainguides.pro\\\/wp-content\\\/uploads\\\/2018\\\/01\\\/mglogo.jpg\",\"width\":1200,\"height\":630,\"caption\":\"Mountain Guide\"},\"image\":{\"@id\":\"https:\\\/\\\/mountainguides.pro\\\/#\\\/schema\\\/logo\\\/image\\\/\"},\"sameAs\":[\"https:\\\/\\\/www.facebook.com\\\/Mountainguide-232956566756831\\\/\",\"https:\\\/\\\/x.com\\\/Wintercyclone\",\"http:\\\/\\\/instagram.com\\\/mountainguide\",\"http:\\\/\\\/www.youtube.com\\\/mountainguide\"]}]}<\/script>\n<!-- \/ Yoast SEO Premium plugin. -->","yoast_head_json":{"title":"Adventure Namibia","robots":{"index":"index","follow":"follow","max-snippet":"max-snippet:-1","max-image-preview":"max-image-preview:large","max-video-preview":"max-video-preview:-1"},"canonical":"https:\/\/mountainguides.pro\/ru\/tours\/adventure\/namibia\/","og_locale":"ru_RU","og_type":"article","og_title":"[:en]Namibia[:de]Tour nach Namibia: Der Etosha Park und die Himba-St\u00e4mme[:es]Tour a Namibia: parque Etosha y tribus Himba[:pt]Excurs\u00e3o \u00e0 Nam\u00edbia: Etosha Park e as tribos Himba[:zh]\u7eb3\u7c73\u6bd4\u4e9a\u4e4b\u65c5\uff1a\u57c3\u6258\u6c99\u516c\u56ed\u548c\u8f9b\u5df4\u90e8\u843d[:ko]\ub098\ubbf8\ube44\uc544 \ud22c\uc5b4:\uc5d0\ud1a0 \uc0e4 \uacf5\uc6d0\uacfc \ud798\ubc14 \ubd80\uc871[:ja]\u30ca\u30df\u30d3\u30a2\u30c4\u30a2\u30fc\uff1a\u30a8\u30c8\u30fc\u30b7\u30e3\u30d1\u30fc\u30af\u3068\u30d2\u30f3\u30d0\u65cf[:hi]\u0928\u093e\u092e\u0940\u092c\u093f\u092f\u093e \u091f\u0942\u0930: \u0907\u091f\u094b\u0936\u093e \u092a\u093e\u0930\u094d\u0915 \u0914\u0930 \u0939\u093f\u092e\u094d\u092c\u093e \u091c\u0928\u091c\u093e\u0924\u093f[:ar]\u062c\u0648\u0644\u0629 \u0646\u0627\u0645\u064a\u0628\u064a\u0627: \u062d\u062f\u064a\u0642\u0629 \u0625\u064a\u062a\u0648\u0634\u0627 \u0648\u0642\u0628\u0627\u0626\u0644 \u0647\u064a\u0645\u0628\u0627[:]","og_description":"Climb the famous Dune 45 and enjoy breathtaking panoramas of the red sands, especially in the morning light, when the dunes shimmer in shades of orange and red  Kolmanskop Ghost Town: Explore this mysterious abandoned diamond-mining town, slowly being swallowed by the desert, and feel the atmosphere of the past inside its deserted buildings  Etosha National Park: Immerse yourself in the world of wildlife on safari in one of Namibia\u2019s most famous reserves, where you can see elephants, giraffes, lions, and many other animals in their natural habitat  Keetmanshoop and the \u201cGiant\u2019s Playground\u201d: Discover extraordinary geological formations and massive basalt boulders, where nature has created wonders resembling majestic sculptures  Himba culture: Get acquainted with the lifestyle of this unique tribe whose traditions have been preserved in their original form, and learn about their culture and customs in traditional villages  *Please note that our company does not provide services related to the purchase or sale of airline tickets or visa arrangements and therefore is not responsible for force majeure situations related to flights or border crossings. Important information:    Hotel check-in and check-out times are regulated by hotel policy: check-in from 3:00 PM, check-out until 11:00\u201312:00. Luggage can be left at the hotel reception and you may go for a walk around the city, or, if technically possible, pay extra for early check-in or late check-out.  In Namibia, there may be difficulties exchanging small, worn, or old US dollar banknotes (issued before 2009). In some places this may result in additional commission, and in others \u2014 refusal to exchange.","og_url":"https:\/\/mountainguides.pro\/ru\/tours\/adventure\/namibia\/","og_site_name":"Mountain Guide","article_publisher":"https:\/\/www.facebook.com\/Mountainguide-232956566756831\/","article_modified_time":"2026-01-29T11:30:49+00:00","og_image":[{"width":1800,"height":1350,"url":"https:\/\/mountainguides.pro\/wp-content\/uploads\/2025\/01\/tur-v-namibiyu-2.jpeg","type":"image\/jpeg"}],"twitter_card":"summary_large_image","twitter_site":"@Wintercyclone","twitter_misc":{"\u041f\u0440\u0438\u043c\u0435\u0440\u043d\u043e\u0435 \u0432\u0440\u0435\u043c\u044f \u0434\u043b\u044f \u0447\u0442\u0435\u043d\u0438\u044f":"1 \u043c\u0438\u043d\u0443\u0442\u0430"},"schema":{"@context":"https:\/\/schema.org","@graph":[{"@type":"WebPage","@id":"https:\/\/mountainguides.pro\/ar\/tours\/adventure\/namibia\/","url":"https:\/\/mountainguides.pro\/ar\/tours\/adventure\/namibia\/","name":"Adventure Namibia","isPartOf":{"@id":"https:\/\/mountainguides.pro\/#website"},"primaryImageOfPage":{"@id":"https:\/\/mountainguides.pro\/ar\/tours\/adventure\/namibia\/#primaryimage"},"image":{"@id":"https:\/\/mountainguides.pro\/ar\/tours\/adventure\/namibia\/#primaryimage"},"thumbnailUrl":"https:\/\/mountainguides.pro\/wp-content\/uploads\/2025\/01\/tur-v-namibiyu-2.jpeg","datePublished":"2025-01-07T21:43:59+00:00","dateModified":"2026-01-29T11:30:49+00:00","breadcrumb":{"@id":"https:\/\/mountainguides.pro\/ar\/tours\/adventure\/namibia\/#breadcrumb"},"inLanguage":"ru-RU","potentialAction":[{"@type":"ReadAction","target":["https:\/\/mountainguides.pro\/ar\/tours\/adventure\/namibia\/"]}]},{"@type":"ImageObject","inLanguage":"ru-RU","@id":"https:\/\/mountainguides.pro\/ar\/tours\/adventure\/namibia\/#primaryimage","url":"https:\/\/mountainguides.pro\/wp-content\/uploads\/2025\/01\/tur-v-namibiyu-2.jpeg","contentUrl":"https:\/\/mountainguides.pro\/wp-content\/uploads\/2025\/01\/tur-v-namibiyu-2.jpeg","width":1800,"height":1350},{"@type":"BreadcrumbList","@id":"https:\/\/mountainguides.pro\/ar\/tours\/adventure\/namibia\/#breadcrumb","itemListElement":[{"@type":"ListItem","position":1,"name":"Home","item":"https:\/\/mountainguides.pro\/de\/"},{"@type":"ListItem","position":2,"name":"\u062c\u0648\u0644\u0629 \u0646\u0627\u0645\u064a\u0628\u064a\u0627: \u062d\u062f\u064a\u0642\u0629 \u0625\u064a\u062a\u0648\u0634\u0627 \u0648\u0642\u0628\u0627\u0626\u0644 \u0647\u064a\u0645\u0628\u0627"}]},{"@type":"WebSite","@id":"https:\/\/mountainguides.pro\/#website","url":"https:\/\/mountainguides.pro\/","name":"Mountain Guide","description":"We aspire to be the first in everything!","publisher":{"@id":"https:\/\/mountainguides.pro\/#organization"},"potentialAction":[{"@type":"SearchAction","target":{"@type":"EntryPoint","urlTemplate":"https:\/\/mountainguides.pro\/?s={search_term_string}"},"query-input":{"@type":"PropertyValueSpecification","valueRequired":true,"valueName":"search_term_string"}}],"inLanguage":"ru-RU"},{"@type":"Organization","@id":"https:\/\/mountainguides.pro\/#organization","name":"Mountain Guide","url":"https:\/\/mountainguides.pro\/","logo":{"@type":"ImageObject","inLanguage":"ru-RU","@id":"https:\/\/mountainguides.pro\/#\/schema\/logo\/image\/","url":"https:\/\/mountainguides.pro\/wp-content\/uploads\/2018\/01\/mglogo.jpg","contentUrl":"https:\/\/mountainguides.pro\/wp-content\/uploads\/2018\/01\/mglogo.jpg","width":1200,"height":630,"caption":"Mountain Guide"},"image":{"@id":"https:\/\/mountainguides.pro\/#\/schema\/logo\/image\/"},"sameAs":["https:\/\/www.facebook.com\/Mountainguide-232956566756831\/","https:\/\/x.com\/Wintercyclone","http:\/\/instagram.com\/mountainguide","http:\/\/www.youtube.com\/mountainguide"]}]}},"_links":{"self":[{"href":"https:\/\/mountainguides.pro\/ru\/wp-json\/wp\/v2\/product\/19547","targetHints":{"allow":["GET"]}}],"collection":[{"href":"https:\/\/mountainguides.pro\/ru\/wp-json\/wp\/v2\/product"}],"about":[{"href":"https:\/\/mountainguides.pro\/ru\/wp-json\/wp\/v2\/types\/product"}],"replies":[{"embeddable":true,"href":"https:\/\/mountainguides.pro\/ru\/wp-json\/wp\/v2\/comments?post=19547"}],"version-history":[{"count":12,"href":"https:\/\/mountainguides.pro\/ru\/wp-json\/wp\/v2\/product\/19547\/revisions"}],"predecessor-version":[{"id":32675,"href":"https:\/\/mountainguides.pro\/ru\/wp-json\/wp\/v2\/product\/19547\/revisions\/32675"}],"wp:featuredmedia":[{"embeddable":true,"href":"https:\/\/mountainguides.pro\/ru\/wp-json\/wp\/v2\/media\/21460"}],"wp:attachment":[{"href":"https:\/\/mountainguides.pro\/ru\/wp-json\/wp\/v2\/media?parent=19547"}],"wp:term":[{"taxonomy":"product_cat","embeddable":true,"href":"https:\/\/mountainguides.pro\/ru\/wp-json\/wp\/v2\/product_cat?post=19547"},{"taxonomy":"product_tag","embeddable":true,"href":"https:\/\/mountainguides.pro\/ru\/wp-json\/wp\/v2\/product_tag?post=19547"}],"curies":[{"name":"wp","href":"https:\/\/api.w.org\/{rel}","templated":true}]}}