{"id":19559,"date":"2024-12-28T14:52:23","date_gmt":"2024-12-28T11:52:23","guid":{"rendered":"https:\/\/mountainguides.pro\/?post_type=product&#038;p=19559"},"modified":"2026-01-29T14:47:26","modified_gmt":"2026-01-29T11:47:26","slug":"ethiopia","status":"publish","type":"product","link":"https:\/\/mountainguides.pro\/ru\/tours\/adventure\/ethiopia\/","title":{"rendered":"Ethiopia"},"content":{"rendered":"","protected":false},"excerpt":{"rendered":"<ul>\n<li class=\"p1\">Ancient tribes of Ethiopia: Dorze, Konso, Hamer, Karo, Dassanech, Arbore, Ari, Mursi<\/li>\n<li class=\"p1\">Centuries-old traditions and unique rituals<\/li>\n<li class=\"p1\">Comfortable travel pacing \u2014 we spend as much time with local communities as desired<\/li>\n<li class=\"p1\">The ghost town of Dallol and an overnight stay in a campsite in the lifeless Afar Depression<\/li>\n<li class=\"p1\">Salt flats and swimming in the saline Lake Karum<\/li>\n<li class=\"p1\">Alien landscapes of the Danakil Depression, a picnic in a cave beneath a volcano, and deadly acidic pools<\/li>\n<li class=\"p1\">Ascent to the summit of the unique active Erta Ale volcano, which has two lava lakes with boiling lava and fiery fountains<\/li>\n<li class=\"p1\">Saline Lake Afdera and witnessing the extraction of Ethiopia\u2019s \u201cwhite gold\u201d<\/li>\n<\/ul>\n<p class=\"p1\"><strong>*Please note that our company does not provide services for purchasing or selling air tickets or arranging visas and therefore is not responsible for force majeure related to flights or border crossings.<\/strong><i><\/i><\/p>\n<p class=\"p3\"><b>Important information:<\/b><b><\/b><\/p>\n<ul>\n<li class=\"p1\">Hotel check-in and check-out times are regulated by the hotel: check-in from 15:00, check-out by 11:00\u201312:00. Luggage can be left at the hotel reception to explore the city, or, subject to availability, an additional fee may be paid for early check-in or late check-out.<\/li>\n<li class=\"p1\">In Ethiopia, there are difficulties with exchanging small, worn, or old US dollar banknotes (issued before 2009). Please keep this in mind: in some places an extra commission is charged, while in others exchange may be refused.<\/li>\n<\/ul>\n","protected":false},"featured_media":21457,"comment_status":"closed","ping_status":"closed","template":"","meta":{"_acf_changed":false,"footnotes":""},"product_cat":[337],"product_tag":[],"class_list":{"0":"post-19559","1":"product","2":"type-product","3":"status-publish","4":"has-post-thumbnail","6":"product_cat-adventure","8":"first","9":"instock","10":"shipping-taxable","11":"purchasable","12":"product-type-simple"},"acf":[],"yoast_head":"<!-- This site is optimized with the Yoast SEO Premium plugin v26.5 (Yoast SEO v27.3) - https:\/\/yoast.com\/product\/yoast-seo-premium-wordpress\/ -->\n<title>Adventure Ethiopia<\/title>\n<meta name=\"robots\" content=\"index, follow, max-snippet:-1, max-image-preview:large, max-video-preview:-1\" \/>\n<link rel=\"canonical\" href=\"https:\/\/mountainguides.pro\/ru\/tours\/adventure\/ethiopia\/\" \/>\n<meta property=\"og:locale\" content=\"ru_RU\" \/>\n<meta property=\"og:locale:alternate\" content=\"en_US\" \/>\n<meta property=\"og:locale:alternate\" content=\"de\" \/>\n<meta property=\"og:locale:alternate\" content=\"es\" \/>\n<meta property=\"og:locale:alternate\" content=\"pt\" \/>\n<meta property=\"og:locale:alternate\" content=\"zh\" \/>\n<meta property=\"og:locale:alternate\" content=\"ko\" \/>\n<meta property=\"og:locale:alternate\" content=\"ja\" \/>\n<meta property=\"og:locale:alternate\" content=\"hi\" \/>\n<meta property=\"og:locale:alternate\" content=\"ar\" \/>\n<meta property=\"og:type\" content=\"article\" \/>\n<meta property=\"og:title\" content=\"Ethiopia\" \/>\n<meta property=\"og:description\" content=\"Ancient tribes of Ethiopia: Dorze, Konso, Hamer, Karo, Dassanech, Arbore, Ari, Mursi  Centuries-old traditions and unique rituals  Comfortable travel pacing \u2014 we spend as much time with local communities as desired  The ghost town of Dallol and an overnight stay in a campsite in the lifeless Afar Depression  Salt flats and swimming in the saline Lake Karum  Alien landscapes of the Danakil Depression, a picnic in a cave beneath a volcano, and deadly acidic pools  Ascent to the summit of the unique active Erta Ale volcano, which has two lava lakes with boiling lava and fiery fountains  Saline Lake Afdera and witnessing the extraction of Ethiopia\u2019s \u201cwhite gold\u201d  *Please note that our company does not provide services for purchasing or selling air tickets or arranging visas and therefore is not responsible for force majeure related to flights or border crossings. Important information:    Hotel check-in and check-out times are regulated by the hotel: check-in from 15:00, check-out by 11:00\u201312:00. Luggage can be left at the hotel reception to explore the city, or, subject to availability, an additional fee may be paid for early check-in or late check-out.  In Ethiopia, there are difficulties with exchanging small, worn, or old US dollar banknotes (issued before 2009). Please keep this in mind: in some places an extra commission is charged, while in others exchange may be refused.\" \/>\n<meta property=\"og:url\" content=\"https:\/\/mountainguides.pro\/ru\/tours\/adventure\/ethiopia\/\" \/>\n<meta property=\"og:site_name\" content=\"Mountain Guide\" \/>\n<meta property=\"article:publisher\" content=\"https:\/\/www.facebook.com\/Mountainguide-232956566756831\/\" \/>\n<meta property=\"article:modified_time\" content=\"2026-01-29T11:47:26+00:00\" \/>\n<meta property=\"og:image\" content=\"https:\/\/mountainguides.pro\/wp-content\/uploads\/2024\/12\/tur-efiopiya-dolina-omo.jpeg\" \/>\n\t<meta property=\"og:image:width\" content=\"1800\" \/>\n\t<meta property=\"og:image:height\" content=\"1350\" \/>\n\t<meta property=\"og:image:type\" content=\"image\/jpeg\" \/>\n<meta name=\"twitter:card\" content=\"summary_large_image\" \/>\n<meta name=\"twitter:site\" content=\"@Wintercyclone\" \/>\n<meta name=\"twitter:label1\" content=\"\u041f\u0440\u0438\u043c\u0435\u0440\u043d\u043e\u0435 \u0432\u0440\u0435\u043c\u044f \u0434\u043b\u044f \u0447\u0442\u0435\u043d\u0438\u044f\" \/>\n\t<meta name=\"twitter:data1\" content=\"1 \u043c\u0438\u043d\u0443\u0442\u0430\" \/>\n<script type=\"application\/ld+json\" class=\"yoast-schema-graph\">{\"@context\":\"https:\\\/\\\/schema.org\",\"@graph\":[{\"@type\":\"WebPage\",\"@id\":\"https:\\\/\\\/mountainguides.pro\\\/ar\\\/tours\\\/adventure\\\/ethiopia\\\/\",\"url\":\"https:\\\/\\\/mountainguides.pro\\\/ar\\\/tours\\\/adventure\\\/ethiopia\\\/\",\"name\":\"Adventure Ethiopia\",\"isPartOf\":{\"@id\":\"https:\\\/\\\/mountainguides.pro\\\/#website\"},\"primaryImageOfPage\":{\"@id\":\"https:\\\/\\\/mountainguides.pro\\\/ar\\\/tours\\\/adventure\\\/ethiopia\\\/#primaryimage\"},\"image\":{\"@id\":\"https:\\\/\\\/mountainguides.pro\\\/ar\\\/tours\\\/adventure\\\/ethiopia\\\/#primaryimage\"},\"thumbnailUrl\":\"https:\\\/\\\/mountainguides.pro\\\/wp-content\\\/uploads\\\/2024\\\/12\\\/tur-efiopiya-dolina-omo.jpeg\",\"datePublished\":\"2024-12-28T11:52:23+00:00\",\"dateModified\":\"2026-01-29T11:47:26+00:00\",\"breadcrumb\":{\"@id\":\"https:\\\/\\\/mountainguides.pro\\\/ar\\\/tours\\\/adventure\\\/ethiopia\\\/#breadcrumb\"},\"inLanguage\":\"ru-RU\",\"potentialAction\":[{\"@type\":\"ReadAction\",\"target\":[\"https:\\\/\\\/mountainguides.pro\\\/ar\\\/tours\\\/adventure\\\/ethiopia\\\/\"]}]},{\"@type\":\"ImageObject\",\"inLanguage\":\"ru-RU\",\"@id\":\"https:\\\/\\\/mountainguides.pro\\\/ar\\\/tours\\\/adventure\\\/ethiopia\\\/#primaryimage\",\"url\":\"https:\\\/\\\/mountainguides.pro\\\/wp-content\\\/uploads\\\/2024\\\/12\\\/tur-efiopiya-dolina-omo.jpeg\",\"contentUrl\":\"https:\\\/\\\/mountainguides.pro\\\/wp-content\\\/uploads\\\/2024\\\/12\\\/tur-efiopiya-dolina-omo.jpeg\",\"width\":1800,\"height\":1350},{\"@type\":\"BreadcrumbList\",\"@id\":\"https:\\\/\\\/mountainguides.pro\\\/ar\\\/tours\\\/adventure\\\/ethiopia\\\/#breadcrumb\",\"itemListElement\":[{\"@type\":\"ListItem\",\"position\":1,\"name\":\"Home\",\"item\":\"https:\\\/\\\/mountainguides.pro\\\/de\\\/\"},{\"@type\":\"ListItem\",\"position\":2,\"name\":\"\u062c\u0648\u0644\u0629 \u0625\u062b\u064a\u0648\u0628\u064a\u0627: \u0627\u0644\u0645\u0646\u0627\u0638\u0631 \u0627\u0644\u0637\u0628\u064a\u0639\u064a\u0629 \u0627\u0644\u0643\u0648\u0646\u064a\u0629 \u0648\u0642\u0628\u0627\u0626\u0644 \u0648\u0627\u062f\u064a \u0623\u0648\u0645\u0648\"}]},{\"@type\":\"WebSite\",\"@id\":\"https:\\\/\\\/mountainguides.pro\\\/#website\",\"url\":\"https:\\\/\\\/mountainguides.pro\\\/\",\"name\":\"Mountain Guide\",\"description\":\"We aspire to be the first in everything!\",\"publisher\":{\"@id\":\"https:\\\/\\\/mountainguides.pro\\\/#organization\"},\"potentialAction\":[{\"@type\":\"SearchAction\",\"target\":{\"@type\":\"EntryPoint\",\"urlTemplate\":\"https:\\\/\\\/mountainguides.pro\\\/?s={search_term_string}\"},\"query-input\":{\"@type\":\"PropertyValueSpecification\",\"valueRequired\":true,\"valueName\":\"search_term_string\"}}],\"inLanguage\":\"ru-RU\"},{\"@type\":\"Organization\",\"@id\":\"https:\\\/\\\/mountainguides.pro\\\/#organization\",\"name\":\"Mountain Guide\",\"url\":\"https:\\\/\\\/mountainguides.pro\\\/\",\"logo\":{\"@type\":\"ImageObject\",\"inLanguage\":\"ru-RU\",\"@id\":\"https:\\\/\\\/mountainguides.pro\\\/#\\\/schema\\\/logo\\\/image\\\/\",\"url\":\"https:\\\/\\\/mountainguides.pro\\\/wp-content\\\/uploads\\\/2018\\\/01\\\/mglogo.jpg\",\"contentUrl\":\"https:\\\/\\\/mountainguides.pro\\\/wp-content\\\/uploads\\\/2018\\\/01\\\/mglogo.jpg\",\"width\":1200,\"height\":630,\"caption\":\"Mountain Guide\"},\"image\":{\"@id\":\"https:\\\/\\\/mountainguides.pro\\\/#\\\/schema\\\/logo\\\/image\\\/\"},\"sameAs\":[\"https:\\\/\\\/www.facebook.com\\\/Mountainguide-232956566756831\\\/\",\"https:\\\/\\\/x.com\\\/Wintercyclone\",\"http:\\\/\\\/instagram.com\\\/mountainguide\",\"http:\\\/\\\/www.youtube.com\\\/mountainguide\"]}]}<\/script>\n<!-- \/ Yoast SEO Premium plugin. -->","yoast_head_json":{"title":"Adventure Ethiopia","robots":{"index":"index","follow":"follow","max-snippet":"max-snippet:-1","max-image-preview":"max-image-preview:large","max-video-preview":"max-video-preview:-1"},"canonical":"https:\/\/mountainguides.pro\/ru\/tours\/adventure\/ethiopia\/","og_locale":"ru_RU","og_type":"article","og_title":"[:en]Ethiopia[:de]Tour nach \u00c4thiopien: kosmische Landschaften und die St\u00e4mme des Omo-Tals[:es]Tour a Etiop\u00eda: paisajes espaciales y tribus del valle de Omo[:pt]Excurs\u00e3o \u00e0 Eti\u00f3pia: paisagens espaciais e tribos do Vale do Omo[:zh]\u57c3\u585e\u4fc4\u6bd4\u4e9a\u4e4b\u65c5\uff1a\u5b87\u5b99\u666f\u89c2\u548c\u5965\u83ab\u5c71\u8c37\u90e8\u843d[:ko]\uc5d0\ud2f0\uc624\ud53c\uc544 \ud22c\uc5b4:\uc6b0\uc8fc \ud48d\uacbd\uacfc \uc624\ubaa8 \uacc4\uace1 \ubd80\uc871[:ja]\u30a8\u30c1\u30aa\u30d4\u30a2\u30c4\u30a2\u30fc\uff1a\u5b87\u5b99\u306e\u98a8\u666f\u3068\u30aa\u30e2\u6e13\u8c37\u306e\u90e8\u65cf[:hi]\u0907\u0925\u093f\u092f\u094b\u092a\u093f\u092f\u093e \u091f\u0942\u0930: \u0915\u0949\u0938\u094d\u092e\u093f\u0915 \u0932\u0948\u0902\u0921\u0938\u094d\u0915\u0947\u092a \u0914\u0930 \u0913\u092e\u094b \u0935\u0948\u0932\u0940 \u091f\u094d\u0930\u093e\u0907\u092c\u094d\u0938[:ar]\u062c\u0648\u0644\u0629 \u0625\u062b\u064a\u0648\u0628\u064a\u0627: \u0627\u0644\u0645\u0646\u0627\u0638\u0631 \u0627\u0644\u0637\u0628\u064a\u0639\u064a\u0629 \u0627\u0644\u0643\u0648\u0646\u064a\u0629 \u0648\u0642\u0628\u0627\u0626\u0644 \u0648\u0627\u062f\u064a \u0623\u0648\u0645\u0648[:]","og_description":"Ancient tribes of Ethiopia: Dorze, Konso, Hamer, Karo, Dassanech, Arbore, Ari, Mursi  Centuries-old traditions and unique rituals  Comfortable travel pacing \u2014 we spend as much time with local communities as desired  The ghost town of Dallol and an overnight stay in a campsite in the lifeless Afar Depression  Salt flats and swimming in the saline Lake Karum  Alien landscapes of the Danakil Depression, a picnic in a cave beneath a volcano, and deadly acidic pools  Ascent to the summit of the unique active Erta Ale volcano, which has two lava lakes with boiling lava and fiery fountains  Saline Lake Afdera and witnessing the extraction of Ethiopia\u2019s \u201cwhite gold\u201d  *Please note that our company does not provide services for purchasing or selling air tickets or arranging visas and therefore is not responsible for force majeure related to flights or border crossings. Important information:    Hotel check-in and check-out times are regulated by the hotel: check-in from 15:00, check-out by 11:00\u201312:00. Luggage can be left at the hotel reception to explore the city, or, subject to availability, an additional fee may be paid for early check-in or late check-out.  In Ethiopia, there are difficulties with exchanging small, worn, or old US dollar banknotes (issued before 2009). Please keep this in mind: in some places an extra commission is charged, while in others exchange may be refused.","og_url":"https:\/\/mountainguides.pro\/ru\/tours\/adventure\/ethiopia\/","og_site_name":"Mountain Guide","article_publisher":"https:\/\/www.facebook.com\/Mountainguide-232956566756831\/","article_modified_time":"2026-01-29T11:47:26+00:00","og_image":[{"width":1800,"height":1350,"url":"https:\/\/mountainguides.pro\/wp-content\/uploads\/2024\/12\/tur-efiopiya-dolina-omo.jpeg","type":"image\/jpeg"}],"twitter_card":"summary_large_image","twitter_site":"@Wintercyclone","twitter_misc":{"\u041f\u0440\u0438\u043c\u0435\u0440\u043d\u043e\u0435 \u0432\u0440\u0435\u043c\u044f \u0434\u043b\u044f \u0447\u0442\u0435\u043d\u0438\u044f":"1 \u043c\u0438\u043d\u0443\u0442\u0430"},"schema":{"@context":"https:\/\/schema.org","@graph":[{"@type":"WebPage","@id":"https:\/\/mountainguides.pro\/ar\/tours\/adventure\/ethiopia\/","url":"https:\/\/mountainguides.pro\/ar\/tours\/adventure\/ethiopia\/","name":"Adventure Ethiopia","isPartOf":{"@id":"https:\/\/mountainguides.pro\/#website"},"primaryImageOfPage":{"@id":"https:\/\/mountainguides.pro\/ar\/tours\/adventure\/ethiopia\/#primaryimage"},"image":{"@id":"https:\/\/mountainguides.pro\/ar\/tours\/adventure\/ethiopia\/#primaryimage"},"thumbnailUrl":"https:\/\/mountainguides.pro\/wp-content\/uploads\/2024\/12\/tur-efiopiya-dolina-omo.jpeg","datePublished":"2024-12-28T11:52:23+00:00","dateModified":"2026-01-29T11:47:26+00:00","breadcrumb":{"@id":"https:\/\/mountainguides.pro\/ar\/tours\/adventure\/ethiopia\/#breadcrumb"},"inLanguage":"ru-RU","potentialAction":[{"@type":"ReadAction","target":["https:\/\/mountainguides.pro\/ar\/tours\/adventure\/ethiopia\/"]}]},{"@type":"ImageObject","inLanguage":"ru-RU","@id":"https:\/\/mountainguides.pro\/ar\/tours\/adventure\/ethiopia\/#primaryimage","url":"https:\/\/mountainguides.pro\/wp-content\/uploads\/2024\/12\/tur-efiopiya-dolina-omo.jpeg","contentUrl":"https:\/\/mountainguides.pro\/wp-content\/uploads\/2024\/12\/tur-efiopiya-dolina-omo.jpeg","width":1800,"height":1350},{"@type":"BreadcrumbList","@id":"https:\/\/mountainguides.pro\/ar\/tours\/adventure\/ethiopia\/#breadcrumb","itemListElement":[{"@type":"ListItem","position":1,"name":"Home","item":"https:\/\/mountainguides.pro\/de\/"},{"@type":"ListItem","position":2,"name":"\u062c\u0648\u0644\u0629 \u0625\u062b\u064a\u0648\u0628\u064a\u0627: \u0627\u0644\u0645\u0646\u0627\u0638\u0631 \u0627\u0644\u0637\u0628\u064a\u0639\u064a\u0629 \u0627\u0644\u0643\u0648\u0646\u064a\u0629 \u0648\u0642\u0628\u0627\u0626\u0644 \u0648\u0627\u062f\u064a \u0623\u0648\u0645\u0648"}]},{"@type":"WebSite","@id":"https:\/\/mountainguides.pro\/#website","url":"https:\/\/mountainguides.pro\/","name":"Mountain Guide","description":"We aspire to be the first in everything!","publisher":{"@id":"https:\/\/mountainguides.pro\/#organization"},"potentialAction":[{"@type":"SearchAction","target":{"@type":"EntryPoint","urlTemplate":"https:\/\/mountainguides.pro\/?s={search_term_string}"},"query-input":{"@type":"PropertyValueSpecification","valueRequired":true,"valueName":"search_term_string"}}],"inLanguage":"ru-RU"},{"@type":"Organization","@id":"https:\/\/mountainguides.pro\/#organization","name":"Mountain Guide","url":"https:\/\/mountainguides.pro\/","logo":{"@type":"ImageObject","inLanguage":"ru-RU","@id":"https:\/\/mountainguides.pro\/#\/schema\/logo\/image\/","url":"https:\/\/mountainguides.pro\/wp-content\/uploads\/2018\/01\/mglogo.jpg","contentUrl":"https:\/\/mountainguides.pro\/wp-content\/uploads\/2018\/01\/mglogo.jpg","width":1200,"height":630,"caption":"Mountain Guide"},"image":{"@id":"https:\/\/mountainguides.pro\/#\/schema\/logo\/image\/"},"sameAs":["https:\/\/www.facebook.com\/Mountainguide-232956566756831\/","https:\/\/x.com\/Wintercyclone","http:\/\/instagram.com\/mountainguide","http:\/\/www.youtube.com\/mountainguide"]}]}},"_links":{"self":[{"href":"https:\/\/mountainguides.pro\/ru\/wp-json\/wp\/v2\/product\/19559","targetHints":{"allow":["GET"]}}],"collection":[{"href":"https:\/\/mountainguides.pro\/ru\/wp-json\/wp\/v2\/product"}],"about":[{"href":"https:\/\/mountainguides.pro\/ru\/wp-json\/wp\/v2\/types\/product"}],"replies":[{"embeddable":true,"href":"https:\/\/mountainguides.pro\/ru\/wp-json\/wp\/v2\/comments?post=19559"}],"version-history":[{"count":12,"href":"https:\/\/mountainguides.pro\/ru\/wp-json\/wp\/v2\/product\/19559\/revisions"}],"predecessor-version":[{"id":32678,"href":"https:\/\/mountainguides.pro\/ru\/wp-json\/wp\/v2\/product\/19559\/revisions\/32678"}],"wp:featuredmedia":[{"embeddable":true,"href":"https:\/\/mountainguides.pro\/ru\/wp-json\/wp\/v2\/media\/21457"}],"wp:attachment":[{"href":"https:\/\/mountainguides.pro\/ru\/wp-json\/wp\/v2\/media?parent=19559"}],"wp:term":[{"taxonomy":"product_cat","embeddable":true,"href":"https:\/\/mountainguides.pro\/ru\/wp-json\/wp\/v2\/product_cat?post=19559"},{"taxonomy":"product_tag","embeddable":true,"href":"https:\/\/mountainguides.pro\/ru\/wp-json\/wp\/v2\/product_tag?post=19559"}],"curies":[{"name":"wp","href":"https:\/\/api.w.org\/{rel}","templated":true}]}}