{"id":19672,"date":"2023-10-17T12:00:40","date_gmt":"2023-10-17T09:00:40","guid":{"rendered":"https:\/\/mountainguides.pro\/?post_type=product&#038;p=19672"},"modified":"2026-04-06T17:21:31","modified_gmt":"2026-04-06T14:21:31","slug":"bhutan-the-tour-of-dragon-trails-druk-path-trek","status":"publish","type":"product","link":"https:\/\/mountainguides.pro\/ru\/tours\/trekking\/bhutan-the-tour-of-dragon-trails-druk-path-trek\/","title":{"rendered":"Bhutan. The Tour of Dragon Trails (Druk-Path Trek)"},"content":{"rendered":"","protected":false},"excerpt":{"rendered":"<ul>\n<li>Trekking in one of the most closed countries in the world, where the well-being of the country is measured by the happiness of the inhabitants<\/li>\n<li>Fantastic Tigress Nest Monastery, as if hovering near a cliff<\/li>\n<li>We will see the highest unconquered mountain of the planet Kankar-Punsu<\/li>\n<li>Ancient Buddhist temples and famous dzongs shrouded in legends<\/li>\n<li>The purest mountain lakes with splashing trout<\/li>\n<li>Takins in the natural environment in the Motithang Nature Reserve<\/li>\n<li>The world&#8217;s highest mountain giant Buddha statue<\/li>\n<li>Moderate difficulty of the route along the most accessible slopes of the Himalayan range<\/li>\n<\/ul>\n","protected":false},"featured_media":19675,"comment_status":"closed","ping_status":"closed","template":"","meta":{"_acf_changed":false,"footnotes":""},"product_cat":[337,321],"product_tag":[],"class_list":{"0":"post-19672","1":"product","2":"type-product","3":"status-publish","4":"has-post-thumbnail","6":"product_cat-adventure","7":"product_cat-trekking","9":"first","10":"instock","11":"shipping-taxable","12":"purchasable","13":"product-type-simple"},"acf":[],"yoast_head":"<!-- This site is optimized with the Yoast SEO Premium plugin v26.5 (Yoast SEO v27.3) - https:\/\/yoast.com\/product\/yoast-seo-premium-wordpress\/ -->\n<title>Trekking Bhutan<\/title>\n<meta name=\"robots\" content=\"index, follow, max-snippet:-1, max-image-preview:large, max-video-preview:-1\" \/>\n<link rel=\"canonical\" href=\"https:\/\/mountainguides.pro\/ru\/tours\/trekking\/bhutan-the-tour-of-dragon-trails-druk-path-trek\/\" \/>\n<meta property=\"og:locale\" content=\"ru_RU\" \/>\n<meta property=\"og:locale:alternate\" content=\"en_US\" \/>\n<meta property=\"og:locale:alternate\" content=\"de\" \/>\n<meta property=\"og:locale:alternate\" content=\"es\" \/>\n<meta property=\"og:locale:alternate\" content=\"pt\" \/>\n<meta property=\"og:locale:alternate\" content=\"zh\" \/>\n<meta property=\"og:locale:alternate\" content=\"ko\" \/>\n<meta property=\"og:locale:alternate\" content=\"ja\" \/>\n<meta property=\"og:locale:alternate\" content=\"hi\" \/>\n<meta property=\"og:locale:alternate\" content=\"ar\" \/>\n<meta property=\"og:type\" content=\"article\" \/>\n<meta property=\"og:title\" content=\"Bhutan. The Tour of Dragon Trails (Druk-Path Trek)\" \/>\n<meta property=\"og:description\" content=\"Trekking in one of the most closed countries in the world, where the well-being of the country is measured by the happiness of the inhabitants  Fantastic Tigress Nest Monastery, as if hovering near a cliff  We will see the highest unconquered mountain of the planet Kankar-Punsu  Ancient Buddhist temples and famous dzongs shrouded in legends  The purest mountain lakes with splashing trout  Takins in the natural environment in the Motithang Nature Reserve  The world&#039;s highest mountain giant Buddha statue  Moderate difficulty of the route along the most accessible slopes of the Himalayan range\" \/>\n<meta property=\"og:url\" content=\"https:\/\/mountainguides.pro\/ru\/tours\/trekking\/bhutan-the-tour-of-dragon-trails-druk-path-trek\/\" \/>\n<meta property=\"og:site_name\" content=\"Mountain Guide\" \/>\n<meta property=\"article:publisher\" content=\"https:\/\/www.facebook.com\/Mountainguide-232956566756831\/\" \/>\n<meta property=\"article:modified_time\" content=\"2026-04-06T14:21:31+00:00\" \/>\n<meta property=\"og:image\" content=\"https:\/\/mountainguides.pro\/wp-content\/uploads\/2023\/10\/Bhutan-11.jpg\" \/>\n\t<meta property=\"og:image:width\" content=\"2023\" \/>\n\t<meta property=\"og:image:height\" content=\"1200\" \/>\n\t<meta property=\"og:image:type\" content=\"image\/jpeg\" \/>\n<meta name=\"twitter:card\" content=\"summary_large_image\" \/>\n<meta name=\"twitter:site\" content=\"@Wintercyclone\" \/>\n<meta name=\"twitter:label1\" content=\"\u041f\u0440\u0438\u043c\u0435\u0440\u043d\u043e\u0435 \u0432\u0440\u0435\u043c\u044f \u0434\u043b\u044f \u0447\u0442\u0435\u043d\u0438\u044f\" \/>\n\t<meta name=\"twitter:data1\" content=\"1 \u043c\u0438\u043d\u0443\u0442\u0430\" \/>\n<script type=\"application\/ld+json\" class=\"yoast-schema-graph\">{\"@context\":\"https:\\\/\\\/schema.org\",\"@graph\":[{\"@type\":\"WebPage\",\"@id\":\"https:\\\/\\\/mountainguides.pro\\\/tours\\\/trekking\\\/bhutan-the-tour-of-dragon-trails-druk-path-trek\\\/\",\"url\":\"https:\\\/\\\/mountainguides.pro\\\/tours\\\/trekking\\\/bhutan-the-tour-of-dragon-trails-druk-path-trek\\\/\",\"name\":\"Trekking Bhutan\",\"isPartOf\":{\"@id\":\"https:\\\/\\\/mountainguides.pro\\\/#website\"},\"primaryImageOfPage\":{\"@id\":\"https:\\\/\\\/mountainguides.pro\\\/tours\\\/trekking\\\/bhutan-the-tour-of-dragon-trails-druk-path-trek\\\/#primaryimage\"},\"image\":{\"@id\":\"https:\\\/\\\/mountainguides.pro\\\/tours\\\/trekking\\\/bhutan-the-tour-of-dragon-trails-druk-path-trek\\\/#primaryimage\"},\"thumbnailUrl\":\"https:\\\/\\\/mountainguides.pro\\\/wp-content\\\/uploads\\\/2023\\\/10\\\/Bhutan-11.jpg\",\"datePublished\":\"2023-10-17T09:00:40+00:00\",\"dateModified\":\"2026-04-06T14:21:31+00:00\",\"breadcrumb\":{\"@id\":\"https:\\\/\\\/mountainguides.pro\\\/tours\\\/trekking\\\/bhutan-the-tour-of-dragon-trails-druk-path-trek\\\/#breadcrumb\"},\"inLanguage\":\"ru-RU\",\"potentialAction\":[{\"@type\":\"ReadAction\",\"target\":[\"https:\\\/\\\/mountainguides.pro\\\/tours\\\/trekking\\\/bhutan-the-tour-of-dragon-trails-druk-path-trek\\\/\"]}]},{\"@type\":\"ImageObject\",\"inLanguage\":\"ru-RU\",\"@id\":\"https:\\\/\\\/mountainguides.pro\\\/tours\\\/trekking\\\/bhutan-the-tour-of-dragon-trails-druk-path-trek\\\/#primaryimage\",\"url\":\"https:\\\/\\\/mountainguides.pro\\\/wp-content\\\/uploads\\\/2023\\\/10\\\/Bhutan-11.jpg\",\"contentUrl\":\"https:\\\/\\\/mountainguides.pro\\\/wp-content\\\/uploads\\\/2023\\\/10\\\/Bhutan-11.jpg\",\"width\":2023,\"height\":1200},{\"@type\":\"BreadcrumbList\",\"@id\":\"https:\\\/\\\/mountainguides.pro\\\/tours\\\/trekking\\\/bhutan-the-tour-of-dragon-trails-druk-path-trek\\\/#breadcrumb\",\"itemListElement\":[{\"@type\":\"ListItem\",\"position\":1,\"name\":\"Home\",\"item\":\"https:\\\/\\\/mountainguides.pro\\\/de\\\/\"},{\"@type\":\"ListItem\",\"position\":2,\"name\":\"Bhutan. The Tour of Dragon Trails (Druk-Path Trek)\"}]},{\"@type\":\"WebSite\",\"@id\":\"https:\\\/\\\/mountainguides.pro\\\/#website\",\"url\":\"https:\\\/\\\/mountainguides.pro\\\/\",\"name\":\"Mountain Guide\",\"description\":\"We aspire to be the first in everything!\",\"publisher\":{\"@id\":\"https:\\\/\\\/mountainguides.pro\\\/#organization\"},\"potentialAction\":[{\"@type\":\"SearchAction\",\"target\":{\"@type\":\"EntryPoint\",\"urlTemplate\":\"https:\\\/\\\/mountainguides.pro\\\/?s={search_term_string}\"},\"query-input\":{\"@type\":\"PropertyValueSpecification\",\"valueRequired\":true,\"valueName\":\"search_term_string\"}}],\"inLanguage\":\"ru-RU\"},{\"@type\":\"Organization\",\"@id\":\"https:\\\/\\\/mountainguides.pro\\\/#organization\",\"name\":\"Mountain Guide\",\"url\":\"https:\\\/\\\/mountainguides.pro\\\/\",\"logo\":{\"@type\":\"ImageObject\",\"inLanguage\":\"ru-RU\",\"@id\":\"https:\\\/\\\/mountainguides.pro\\\/#\\\/schema\\\/logo\\\/image\\\/\",\"url\":\"https:\\\/\\\/mountainguides.pro\\\/wp-content\\\/uploads\\\/2018\\\/01\\\/mglogo.jpg\",\"contentUrl\":\"https:\\\/\\\/mountainguides.pro\\\/wp-content\\\/uploads\\\/2018\\\/01\\\/mglogo.jpg\",\"width\":1200,\"height\":630,\"caption\":\"Mountain Guide\"},\"image\":{\"@id\":\"https:\\\/\\\/mountainguides.pro\\\/#\\\/schema\\\/logo\\\/image\\\/\"},\"sameAs\":[\"https:\\\/\\\/www.facebook.com\\\/Mountainguide-232956566756831\\\/\",\"https:\\\/\\\/x.com\\\/Wintercyclone\",\"http:\\\/\\\/instagram.com\\\/mountainguide\",\"http:\\\/\\\/www.youtube.com\\\/mountainguide\"]}]}<\/script>\n<!-- \/ Yoast SEO Premium plugin. -->","yoast_head_json":{"title":"Trekking Bhutan","robots":{"index":"index","follow":"follow","max-snippet":"max-snippet:-1","max-image-preview":"max-image-preview:large","max-video-preview":"max-video-preview:-1"},"canonical":"https:\/\/mountainguides.pro\/ru\/tours\/trekking\/bhutan-the-tour-of-dragon-trails-druk-path-trek\/","og_locale":"ru_RU","og_type":"article","og_title":"[:en]Bhutan. The Tour of Dragon Trails (Druk-Path Trek)[:de]Tour nach Bhutan: Der Drachenweg[:es]Tour de But\u00e1n: el sendero del Drag\u00f3n[:pt]Excurs\u00e3o ao But\u00e3o: trilha do Drag\u00e3o[:zh]\u4e0d\u4e39\u4e4b\u65c5\uff1a\u9f99\u7684\u8e2a\u8ff9[:ko]\ubd80\ud0c4 \ud22c\uc5b4:\ub4dc\ub798\uace4 \ud2b8\ub808\uc77c[:ja]\u30d6\u30fc\u30bf\u30f3\u30c4\u30a2\u30fc\uff1a\u30c9\u30e9\u30b4\u30f3\u30c8\u30ec\u30a4\u30eb[:hi]\u092d\u0942\u091f\u093e\u0928 \u092f\u093e\u0924\u094d\u0930\u093e: \u0921\u094d\u0930\u0948\u0917\u0928 \u091f\u094d\u0930\u0947\u0932[:ar]\u062c\u0648\u0644\u0629 \u0628\u0648\u062a\u0627\u0646: \u0645\u0633\u0627\u0631 \u0627\u0644\u062a\u0646\u064a\u0646[:]","og_description":"Trekking in one of the most closed countries in the world, where the well-being of the country is measured by the happiness of the inhabitants  Fantastic Tigress Nest Monastery, as if hovering near a cliff  We will see the highest unconquered mountain of the planet Kankar-Punsu  Ancient Buddhist temples and famous dzongs shrouded in legends  The purest mountain lakes with splashing trout  Takins in the natural environment in the Motithang Nature Reserve  The world's highest mountain giant Buddha statue  Moderate difficulty of the route along the most accessible slopes of the Himalayan range","og_url":"https:\/\/mountainguides.pro\/ru\/tours\/trekking\/bhutan-the-tour-of-dragon-trails-druk-path-trek\/","og_site_name":"Mountain Guide","article_publisher":"https:\/\/www.facebook.com\/Mountainguide-232956566756831\/","article_modified_time":"2026-04-06T14:21:31+00:00","og_image":[{"width":2023,"height":1200,"url":"https:\/\/mountainguides.pro\/wp-content\/uploads\/2023\/10\/Bhutan-11.jpg","type":"image\/jpeg"}],"twitter_card":"summary_large_image","twitter_site":"@Wintercyclone","twitter_misc":{"\u041f\u0440\u0438\u043c\u0435\u0440\u043d\u043e\u0435 \u0432\u0440\u0435\u043c\u044f \u0434\u043b\u044f \u0447\u0442\u0435\u043d\u0438\u044f":"1 \u043c\u0438\u043d\u0443\u0442\u0430"},"schema":{"@context":"https:\/\/schema.org","@graph":[{"@type":"WebPage","@id":"https:\/\/mountainguides.pro\/tours\/trekking\/bhutan-the-tour-of-dragon-trails-druk-path-trek\/","url":"https:\/\/mountainguides.pro\/tours\/trekking\/bhutan-the-tour-of-dragon-trails-druk-path-trek\/","name":"Trekking Bhutan","isPartOf":{"@id":"https:\/\/mountainguides.pro\/#website"},"primaryImageOfPage":{"@id":"https:\/\/mountainguides.pro\/tours\/trekking\/bhutan-the-tour-of-dragon-trails-druk-path-trek\/#primaryimage"},"image":{"@id":"https:\/\/mountainguides.pro\/tours\/trekking\/bhutan-the-tour-of-dragon-trails-druk-path-trek\/#primaryimage"},"thumbnailUrl":"https:\/\/mountainguides.pro\/wp-content\/uploads\/2023\/10\/Bhutan-11.jpg","datePublished":"2023-10-17T09:00:40+00:00","dateModified":"2026-04-06T14:21:31+00:00","breadcrumb":{"@id":"https:\/\/mountainguides.pro\/tours\/trekking\/bhutan-the-tour-of-dragon-trails-druk-path-trek\/#breadcrumb"},"inLanguage":"ru-RU","potentialAction":[{"@type":"ReadAction","target":["https:\/\/mountainguides.pro\/tours\/trekking\/bhutan-the-tour-of-dragon-trails-druk-path-trek\/"]}]},{"@type":"ImageObject","inLanguage":"ru-RU","@id":"https:\/\/mountainguides.pro\/tours\/trekking\/bhutan-the-tour-of-dragon-trails-druk-path-trek\/#primaryimage","url":"https:\/\/mountainguides.pro\/wp-content\/uploads\/2023\/10\/Bhutan-11.jpg","contentUrl":"https:\/\/mountainguides.pro\/wp-content\/uploads\/2023\/10\/Bhutan-11.jpg","width":2023,"height":1200},{"@type":"BreadcrumbList","@id":"https:\/\/mountainguides.pro\/tours\/trekking\/bhutan-the-tour-of-dragon-trails-druk-path-trek\/#breadcrumb","itemListElement":[{"@type":"ListItem","position":1,"name":"Home","item":"https:\/\/mountainguides.pro\/de\/"},{"@type":"ListItem","position":2,"name":"Bhutan. The Tour of Dragon Trails (Druk-Path Trek)"}]},{"@type":"WebSite","@id":"https:\/\/mountainguides.pro\/#website","url":"https:\/\/mountainguides.pro\/","name":"Mountain Guide","description":"We aspire to be the first in everything!","publisher":{"@id":"https:\/\/mountainguides.pro\/#organization"},"potentialAction":[{"@type":"SearchAction","target":{"@type":"EntryPoint","urlTemplate":"https:\/\/mountainguides.pro\/?s={search_term_string}"},"query-input":{"@type":"PropertyValueSpecification","valueRequired":true,"valueName":"search_term_string"}}],"inLanguage":"ru-RU"},{"@type":"Organization","@id":"https:\/\/mountainguides.pro\/#organization","name":"Mountain Guide","url":"https:\/\/mountainguides.pro\/","logo":{"@type":"ImageObject","inLanguage":"ru-RU","@id":"https:\/\/mountainguides.pro\/#\/schema\/logo\/image\/","url":"https:\/\/mountainguides.pro\/wp-content\/uploads\/2018\/01\/mglogo.jpg","contentUrl":"https:\/\/mountainguides.pro\/wp-content\/uploads\/2018\/01\/mglogo.jpg","width":1200,"height":630,"caption":"Mountain Guide"},"image":{"@id":"https:\/\/mountainguides.pro\/#\/schema\/logo\/image\/"},"sameAs":["https:\/\/www.facebook.com\/Mountainguide-232956566756831\/","https:\/\/x.com\/Wintercyclone","http:\/\/instagram.com\/mountainguide","http:\/\/www.youtube.com\/mountainguide"]}]}},"_links":{"self":[{"href":"https:\/\/mountainguides.pro\/ru\/wp-json\/wp\/v2\/product\/19672","targetHints":{"allow":["GET"]}}],"collection":[{"href":"https:\/\/mountainguides.pro\/ru\/wp-json\/wp\/v2\/product"}],"about":[{"href":"https:\/\/mountainguides.pro\/ru\/wp-json\/wp\/v2\/types\/product"}],"replies":[{"embeddable":true,"href":"https:\/\/mountainguides.pro\/ru\/wp-json\/wp\/v2\/comments?post=19672"}],"version-history":[{"count":21,"href":"https:\/\/mountainguides.pro\/ru\/wp-json\/wp\/v2\/product\/19672\/revisions"}],"predecessor-version":[{"id":33369,"href":"https:\/\/mountainguides.pro\/ru\/wp-json\/wp\/v2\/product\/19672\/revisions\/33369"}],"wp:featuredmedia":[{"embeddable":true,"href":"https:\/\/mountainguides.pro\/ru\/wp-json\/wp\/v2\/media\/19675"}],"wp:attachment":[{"href":"https:\/\/mountainguides.pro\/ru\/wp-json\/wp\/v2\/media?parent=19672"}],"wp:term":[{"taxonomy":"product_cat","embeddable":true,"href":"https:\/\/mountainguides.pro\/ru\/wp-json\/wp\/v2\/product_cat?post=19672"},{"taxonomy":"product_tag","embeddable":true,"href":"https:\/\/mountainguides.pro\/ru\/wp-json\/wp\/v2\/product_tag?post=19672"}],"curies":[{"name":"wp","href":"https:\/\/api.w.org\/{rel}","templated":true}]}}