{"id":19738,"date":"2023-11-01T13:54:07","date_gmt":"2023-11-01T10:54:07","guid":{"rendered":"https:\/\/mountainguides.pro\/?post_type=product&#038;p=19738"},"modified":"2026-04-06T17:35:35","modified_gmt":"2026-04-06T14:35:35","slug":"safari-uganda","status":"publish","type":"product","link":"https:\/\/mountainguides.pro\/ru\/tours\/safari\/safari-uganda\/","title":{"rendered":"Safari Uganda"},"content":{"rendered":"","protected":false},"excerpt":{"rendered":"<ul>\n<li><strong>White rhinos trekking in Ziva Reserve<\/strong><\/li>\n<li><strong>Unparalleled views of the 40 metre waterfall in Murchison Falls National Park<\/strong><\/li>\n<li><strong>The largest active lava lake in the world at the top of Virunga Volcano<\/strong><\/li>\n<li><strong>Big African Five in Queen Elizabeth Park<\/strong><\/li>\n<li><strong>Mountain gorillas in the jungles of Bwindi Forest<\/strong><\/li>\n<li><strong>Overnight on Sses floating islands and fishing on Lake Victoria<\/strong><\/li>\n<li><strong>Rafting on the raging waters of the White Nile<\/strong><\/li>\n<li><strong>Kasubi Royal Tombs<\/strong><\/li>\n<\/ul>\n","protected":false},"featured_media":19740,"comment_status":"closed","ping_status":"closed","template":"","meta":{"_acf_changed":false,"footnotes":""},"product_cat":[339,318,343],"product_tag":[],"class_list":{"0":"post-19738","1":"product","2":"type-product","3":"status-publish","4":"has-post-thumbnail","6":"product_cat-adventure-africa","7":"product_cat-safari","8":"product_cat-safari-africa","10":"first","11":"instock","12":"shipping-taxable","13":"purchasable","14":"product-type-simple"},"acf":[],"yoast_head":"<!-- This site is optimized with the Yoast SEO Premium plugin v26.5 (Yoast SEO v27.3) - https:\/\/yoast.com\/product\/yoast-seo-premium-wordpress\/ -->\n<title>Safari Uganda<\/title>\n<meta name=\"robots\" content=\"index, follow, max-snippet:-1, max-image-preview:large, max-video-preview:-1\" \/>\n<link rel=\"canonical\" href=\"https:\/\/mountainguides.pro\/ru\/tours\/safari\/safari-uganda\/\" \/>\n<meta property=\"og:locale\" content=\"ru_RU\" \/>\n<meta property=\"og:locale:alternate\" content=\"en_US\" \/>\n<meta property=\"og:locale:alternate\" content=\"de\" \/>\n<meta property=\"og:locale:alternate\" content=\"es\" \/>\n<meta property=\"og:locale:alternate\" content=\"pt\" \/>\n<meta property=\"og:locale:alternate\" content=\"zh\" \/>\n<meta property=\"og:locale:alternate\" content=\"ko\" \/>\n<meta property=\"og:locale:alternate\" content=\"ja\" \/>\n<meta property=\"og:locale:alternate\" content=\"hi\" \/>\n<meta property=\"og:locale:alternate\" content=\"ar\" \/>\n<meta property=\"og:type\" content=\"article\" \/>\n<meta property=\"og:title\" content=\"Safari Uganda\" \/>\n<meta property=\"og:description\" content=\"White rhinos trekking in Ziva Reserve  Unparalleled views of the 40 metre waterfall in Murchison Falls National Park  The largest active lava lake in the world at the top of Virunga Volcano  Big African Five in Queen Elizabeth Park  Mountain gorillas in the jungles of Bwindi Forest  Overnight on Sses floating islands and fishing on Lake Victoria  Rafting on the raging waters of the White Nile  Kasubi Royal Tombs\" \/>\n<meta property=\"og:url\" content=\"https:\/\/mountainguides.pro\/ru\/tours\/safari\/safari-uganda\/\" \/>\n<meta property=\"og:site_name\" content=\"Mountain Guide\" \/>\n<meta property=\"article:publisher\" content=\"https:\/\/www.facebook.com\/Mountainguide-232956566756831\/\" \/>\n<meta property=\"article:modified_time\" content=\"2026-04-06T14:35:35+00:00\" \/>\n<meta property=\"og:image\" content=\"https:\/\/mountainguides.pro\/wp-content\/uploads\/2023\/11\/Safari-Uganda.jpg\" \/>\n\t<meta property=\"og:image:width\" content=\"2560\" \/>\n\t<meta property=\"og:image:height\" content=\"1920\" \/>\n\t<meta property=\"og:image:type\" content=\"image\/jpeg\" \/>\n<meta name=\"twitter:card\" content=\"summary_large_image\" \/>\n<meta name=\"twitter:site\" content=\"@Wintercyclone\" \/>\n<meta name=\"twitter:label1\" content=\"\u041f\u0440\u0438\u043c\u0435\u0440\u043d\u043e\u0435 \u0432\u0440\u0435\u043c\u044f \u0434\u043b\u044f \u0447\u0442\u0435\u043d\u0438\u044f\" \/>\n\t<meta name=\"twitter:data1\" content=\"1 \u043c\u0438\u043d\u0443\u0442\u0430\" \/>\n<script type=\"application\/ld+json\" class=\"yoast-schema-graph\">{\"@context\":\"https:\\\/\\\/schema.org\",\"@graph\":[{\"@type\":\"WebPage\",\"@id\":\"https:\\\/\\\/mountainguides.pro\\\/tours\\\/safari\\\/safari-uganda\\\/\",\"url\":\"https:\\\/\\\/mountainguides.pro\\\/tours\\\/safari\\\/safari-uganda\\\/\",\"name\":\"Safari Uganda\",\"isPartOf\":{\"@id\":\"https:\\\/\\\/mountainguides.pro\\\/#website\"},\"primaryImageOfPage\":{\"@id\":\"https:\\\/\\\/mountainguides.pro\\\/tours\\\/safari\\\/safari-uganda\\\/#primaryimage\"},\"image\":{\"@id\":\"https:\\\/\\\/mountainguides.pro\\\/tours\\\/safari\\\/safari-uganda\\\/#primaryimage\"},\"thumbnailUrl\":\"https:\\\/\\\/mountainguides.pro\\\/wp-content\\\/uploads\\\/2023\\\/11\\\/Safari-Uganda.jpg\",\"datePublished\":\"2023-11-01T10:54:07+00:00\",\"dateModified\":\"2026-04-06T14:35:35+00:00\",\"breadcrumb\":{\"@id\":\"https:\\\/\\\/mountainguides.pro\\\/tours\\\/safari\\\/safari-uganda\\\/#breadcrumb\"},\"inLanguage\":\"ru-RU\",\"potentialAction\":[{\"@type\":\"ReadAction\",\"target\":[\"https:\\\/\\\/mountainguides.pro\\\/tours\\\/safari\\\/safari-uganda\\\/\"]}]},{\"@type\":\"ImageObject\",\"inLanguage\":\"ru-RU\",\"@id\":\"https:\\\/\\\/mountainguides.pro\\\/tours\\\/safari\\\/safari-uganda\\\/#primaryimage\",\"url\":\"https:\\\/\\\/mountainguides.pro\\\/wp-content\\\/uploads\\\/2023\\\/11\\\/Safari-Uganda.jpg\",\"contentUrl\":\"https:\\\/\\\/mountainguides.pro\\\/wp-content\\\/uploads\\\/2023\\\/11\\\/Safari-Uganda.jpg\",\"width\":2560,\"height\":1920},{\"@type\":\"BreadcrumbList\",\"@id\":\"https:\\\/\\\/mountainguides.pro\\\/tours\\\/safari\\\/safari-uganda\\\/#breadcrumb\",\"itemListElement\":[{\"@type\":\"ListItem\",\"position\":1,\"name\":\"Home\",\"item\":\"https:\\\/\\\/mountainguides.pro\\\/de\\\/\"},{\"@type\":\"ListItem\",\"position\":2,\"name\":\"Safari Uganda\"}]},{\"@type\":\"WebSite\",\"@id\":\"https:\\\/\\\/mountainguides.pro\\\/#website\",\"url\":\"https:\\\/\\\/mountainguides.pro\\\/\",\"name\":\"Mountain Guide\",\"description\":\"We aspire to be the first in everything!\",\"publisher\":{\"@id\":\"https:\\\/\\\/mountainguides.pro\\\/#organization\"},\"potentialAction\":[{\"@type\":\"SearchAction\",\"target\":{\"@type\":\"EntryPoint\",\"urlTemplate\":\"https:\\\/\\\/mountainguides.pro\\\/?s={search_term_string}\"},\"query-input\":{\"@type\":\"PropertyValueSpecification\",\"valueRequired\":true,\"valueName\":\"search_term_string\"}}],\"inLanguage\":\"ru-RU\"},{\"@type\":\"Organization\",\"@id\":\"https:\\\/\\\/mountainguides.pro\\\/#organization\",\"name\":\"Mountain Guide\",\"url\":\"https:\\\/\\\/mountainguides.pro\\\/\",\"logo\":{\"@type\":\"ImageObject\",\"inLanguage\":\"ru-RU\",\"@id\":\"https:\\\/\\\/mountainguides.pro\\\/#\\\/schema\\\/logo\\\/image\\\/\",\"url\":\"https:\\\/\\\/mountainguides.pro\\\/wp-content\\\/uploads\\\/2018\\\/01\\\/mglogo.jpg\",\"contentUrl\":\"https:\\\/\\\/mountainguides.pro\\\/wp-content\\\/uploads\\\/2018\\\/01\\\/mglogo.jpg\",\"width\":1200,\"height\":630,\"caption\":\"Mountain Guide\"},\"image\":{\"@id\":\"https:\\\/\\\/mountainguides.pro\\\/#\\\/schema\\\/logo\\\/image\\\/\"},\"sameAs\":[\"https:\\\/\\\/www.facebook.com\\\/Mountainguide-232956566756831\\\/\",\"https:\\\/\\\/x.com\\\/Wintercyclone\",\"http:\\\/\\\/instagram.com\\\/mountainguide\",\"http:\\\/\\\/www.youtube.com\\\/mountainguide\"]}]}<\/script>\n<!-- \/ Yoast SEO Premium plugin. -->","yoast_head_json":{"title":"Safari Uganda","robots":{"index":"index","follow":"follow","max-snippet":"max-snippet:-1","max-image-preview":"max-image-preview:large","max-video-preview":"max-video-preview:-1"},"canonical":"https:\/\/mountainguides.pro\/ru\/tours\/safari\/safari-uganda\/","og_locale":"ru_RU","og_type":"article","og_title":"[:en]Safari Uganda[:de]Tour nach Uganda: Wei\u00dfe Nash\u00f6rner und Berggorillas[:es]Tour a Uganda: rinocerontes blancos y gorilas de monta\u00f1a[:pt]Excurs\u00e3o A Uganda: rinocerontes brancos e gorilas da montanha[:zh]\u4e4c\u5e72\u8fbe\u4e4b\u65c5\uff1a\u767d\u7280\u725b\u548c\u5c71\u5730\u5927\u7329\u7329[:ko]\uc6b0\uac04\ub2e4 \ud22c\uc5b4:\ud770 \ucf54\ubfd4\uc18c\uc640 \uc0b0 \uace0\ub9b4\ub77c[:ja]\u30a6\u30ac\u30f3\u30c0\u30c4\u30a2\u30fc\uff1a\u30db\u30ef\u30a4\u30c8\u30b5\u30a4\u3068\u30de\u30a6\u30f3\u30c6\u30f3\u30b4\u30ea\u30e9[:hi]\u092f\u0941\u0917\u093e\u0902\u0921\u093e \u091f\u0942\u0930: \u0938\u092b\u0947\u0926 \u0917\u0948\u0902\u0921\u0947 \u0914\u0930 \u092a\u0930\u094d\u0935\u0924 \u0917\u094b\u0930\u093f\u0932\u094d\u0932\u093e[:ar]\u062c\u0648\u0644\u0629 \u0623\u0648\u063a\u0646\u062f\u0627: \u0648\u062d\u064a\u062f \u0627\u0644\u0642\u0631\u0646 \u0627\u0644\u0623\u0628\u064a\u0636 \u0648\u0627\u0644\u063a\u0648\u0631\u064a\u0644\u0627 \u0627\u0644\u062c\u0628\u0644\u064a\u0629[:]","og_description":"White rhinos trekking in Ziva Reserve  Unparalleled views of the 40 metre waterfall in Murchison Falls National Park  The largest active lava lake in the world at the top of Virunga Volcano  Big African Five in Queen Elizabeth Park  Mountain gorillas in the jungles of Bwindi Forest  Overnight on Sses floating islands and fishing on Lake Victoria  Rafting on the raging waters of the White Nile  Kasubi Royal Tombs","og_url":"https:\/\/mountainguides.pro\/ru\/tours\/safari\/safari-uganda\/","og_site_name":"Mountain Guide","article_publisher":"https:\/\/www.facebook.com\/Mountainguide-232956566756831\/","article_modified_time":"2026-04-06T14:35:35+00:00","og_image":[{"width":2560,"height":1920,"url":"https:\/\/mountainguides.pro\/wp-content\/uploads\/2023\/11\/Safari-Uganda.jpg","type":"image\/jpeg"}],"twitter_card":"summary_large_image","twitter_site":"@Wintercyclone","twitter_misc":{"\u041f\u0440\u0438\u043c\u0435\u0440\u043d\u043e\u0435 \u0432\u0440\u0435\u043c\u044f \u0434\u043b\u044f \u0447\u0442\u0435\u043d\u0438\u044f":"1 \u043c\u0438\u043d\u0443\u0442\u0430"},"schema":{"@context":"https:\/\/schema.org","@graph":[{"@type":"WebPage","@id":"https:\/\/mountainguides.pro\/tours\/safari\/safari-uganda\/","url":"https:\/\/mountainguides.pro\/tours\/safari\/safari-uganda\/","name":"Safari Uganda","isPartOf":{"@id":"https:\/\/mountainguides.pro\/#website"},"primaryImageOfPage":{"@id":"https:\/\/mountainguides.pro\/tours\/safari\/safari-uganda\/#primaryimage"},"image":{"@id":"https:\/\/mountainguides.pro\/tours\/safari\/safari-uganda\/#primaryimage"},"thumbnailUrl":"https:\/\/mountainguides.pro\/wp-content\/uploads\/2023\/11\/Safari-Uganda.jpg","datePublished":"2023-11-01T10:54:07+00:00","dateModified":"2026-04-06T14:35:35+00:00","breadcrumb":{"@id":"https:\/\/mountainguides.pro\/tours\/safari\/safari-uganda\/#breadcrumb"},"inLanguage":"ru-RU","potentialAction":[{"@type":"ReadAction","target":["https:\/\/mountainguides.pro\/tours\/safari\/safari-uganda\/"]}]},{"@type":"ImageObject","inLanguage":"ru-RU","@id":"https:\/\/mountainguides.pro\/tours\/safari\/safari-uganda\/#primaryimage","url":"https:\/\/mountainguides.pro\/wp-content\/uploads\/2023\/11\/Safari-Uganda.jpg","contentUrl":"https:\/\/mountainguides.pro\/wp-content\/uploads\/2023\/11\/Safari-Uganda.jpg","width":2560,"height":1920},{"@type":"BreadcrumbList","@id":"https:\/\/mountainguides.pro\/tours\/safari\/safari-uganda\/#breadcrumb","itemListElement":[{"@type":"ListItem","position":1,"name":"Home","item":"https:\/\/mountainguides.pro\/de\/"},{"@type":"ListItem","position":2,"name":"Safari Uganda"}]},{"@type":"WebSite","@id":"https:\/\/mountainguides.pro\/#website","url":"https:\/\/mountainguides.pro\/","name":"Mountain Guide","description":"We aspire to be the first in everything!","publisher":{"@id":"https:\/\/mountainguides.pro\/#organization"},"potentialAction":[{"@type":"SearchAction","target":{"@type":"EntryPoint","urlTemplate":"https:\/\/mountainguides.pro\/?s={search_term_string}"},"query-input":{"@type":"PropertyValueSpecification","valueRequired":true,"valueName":"search_term_string"}}],"inLanguage":"ru-RU"},{"@type":"Organization","@id":"https:\/\/mountainguides.pro\/#organization","name":"Mountain Guide","url":"https:\/\/mountainguides.pro\/","logo":{"@type":"ImageObject","inLanguage":"ru-RU","@id":"https:\/\/mountainguides.pro\/#\/schema\/logo\/image\/","url":"https:\/\/mountainguides.pro\/wp-content\/uploads\/2018\/01\/mglogo.jpg","contentUrl":"https:\/\/mountainguides.pro\/wp-content\/uploads\/2018\/01\/mglogo.jpg","width":1200,"height":630,"caption":"Mountain Guide"},"image":{"@id":"https:\/\/mountainguides.pro\/#\/schema\/logo\/image\/"},"sameAs":["https:\/\/www.facebook.com\/Mountainguide-232956566756831\/","https:\/\/x.com\/Wintercyclone","http:\/\/instagram.com\/mountainguide","http:\/\/www.youtube.com\/mountainguide"]}]}},"_links":{"self":[{"href":"https:\/\/mountainguides.pro\/ru\/wp-json\/wp\/v2\/product\/19738","targetHints":{"allow":["GET"]}}],"collection":[{"href":"https:\/\/mountainguides.pro\/ru\/wp-json\/wp\/v2\/product"}],"about":[{"href":"https:\/\/mountainguides.pro\/ru\/wp-json\/wp\/v2\/types\/product"}],"replies":[{"embeddable":true,"href":"https:\/\/mountainguides.pro\/ru\/wp-json\/wp\/v2\/comments?post=19738"}],"version-history":[{"count":16,"href":"https:\/\/mountainguides.pro\/ru\/wp-json\/wp\/v2\/product\/19738\/revisions"}],"predecessor-version":[{"id":33382,"href":"https:\/\/mountainguides.pro\/ru\/wp-json\/wp\/v2\/product\/19738\/revisions\/33382"}],"wp:featuredmedia":[{"embeddable":true,"href":"https:\/\/mountainguides.pro\/ru\/wp-json\/wp\/v2\/media\/19740"}],"wp:attachment":[{"href":"https:\/\/mountainguides.pro\/ru\/wp-json\/wp\/v2\/media?parent=19738"}],"wp:term":[{"taxonomy":"product_cat","embeddable":true,"href":"https:\/\/mountainguides.pro\/ru\/wp-json\/wp\/v2\/product_cat?post=19738"},{"taxonomy":"product_tag","embeddable":true,"href":"https:\/\/mountainguides.pro\/ru\/wp-json\/wp\/v2\/product_tag?post=19738"}],"curies":[{"name":"wp","href":"https:\/\/api.w.org\/{rel}","templated":true}]}}