{"id":19792,"date":"2023-11-02T12:39:55","date_gmt":"2023-11-02T09:39:55","guid":{"rendered":"https:\/\/mountainguides.pro\/?post_type=product&#038;p=19792"},"modified":"2026-04-06T17:41:49","modified_gmt":"2026-04-06T14:41:49","slug":"brazil-pantanal-iguassu-rio","status":"publish","type":"product","link":"https:\/\/mountainguides.pro\/ru\/tours\/adventure\/brazil-pantanal-iguassu-rio\/","title":{"rendered":"Brazil: Pantanal, Iguassu, Rio"},"content":{"rendered":"","protected":false},"excerpt":{"rendered":"<ul>\n<li><strong>We will see one of the 7 wonders of the world, the Iguazu Falls, which are taller and wider than the famous Niagara Falls<\/strong><\/li>\n<li><strong>We will descend on a free hanging rope into a cave almost 100 metres high, which is recognised as one of the most beautiful caves in South America. <\/strong><\/li>\n<li><strong>Dive among unique species of fish that have lived in total isolation for over 2 million years.<\/strong><\/li>\n<li><strong>Fly over the panorama of the Pantanal, one of the most unique natural areas on the planet.<\/strong><\/li>\n<li><strong>See the Pantanal jaguars, giant anteaters, ocelots, monkeys, anacondas and the largest rodent on earth, the capybaras.<\/strong><\/li>\n<li><strong>We&#8217;ll catch and roast piranhas for dinner.<\/strong><\/li>\n<li><strong>We&#8217;ll learn how to throw a lasso like in old American westerns.<\/strong><\/li>\n<li><strong>We&#8217;ll share our sandwich with caimans on a picnic.<\/strong><\/li>\n<li><strong>We&#8217;ll learn to ride horses and go on a real jungle adventure.<\/strong><\/li>\n<li><strong>Kayak down the Riu Negro, a tributary of the Amazon, South America&#8217;s mysterious black river.<\/strong><\/li>\n<li><strong>See herds of the world&#8217;s best steak beef, and maybe even a jaguar hunting them.<\/strong><\/li>\n<\/ul>\n","protected":false},"featured_media":21462,"comment_status":"closed","ping_status":"closed","template":"","meta":{"_acf_changed":false,"footnotes":""},"product_cat":[337],"product_tag":[],"class_list":{"0":"post-19792","1":"product","2":"type-product","3":"status-publish","4":"has-post-thumbnail","6":"product_cat-adventure","8":"first","9":"instock","10":"shipping-taxable","11":"purchasable","12":"product-type-simple"},"acf":[],"yoast_head":"<!-- This site is optimized with the Yoast SEO Premium plugin v26.5 (Yoast SEO v27.3) - https:\/\/yoast.com\/product\/yoast-seo-premium-wordpress\/ -->\n<title>Adventure Brazil Pantanal<\/title>\n<meta name=\"robots\" content=\"index, follow, max-snippet:-1, max-image-preview:large, max-video-preview:-1\" \/>\n<link rel=\"canonical\" href=\"https:\/\/mountainguides.pro\/ru\/tours\/adventure\/brazil-pantanal-iguassu-rio\/\" \/>\n<meta property=\"og:locale\" content=\"ru_RU\" \/>\n<meta property=\"og:locale:alternate\" content=\"en_US\" \/>\n<meta property=\"og:locale:alternate\" content=\"de\" \/>\n<meta property=\"og:locale:alternate\" content=\"es\" \/>\n<meta property=\"og:locale:alternate\" content=\"pt\" \/>\n<meta property=\"og:locale:alternate\" content=\"zh\" \/>\n<meta property=\"og:locale:alternate\" content=\"ko\" \/>\n<meta property=\"og:locale:alternate\" content=\"ja\" \/>\n<meta property=\"og:locale:alternate\" content=\"hi\" \/>\n<meta property=\"og:locale:alternate\" content=\"ar\" \/>\n<meta property=\"og:type\" content=\"article\" \/>\n<meta property=\"og:title\" content=\"Brazil: Pantanal, Iguassu, Rio\" \/>\n<meta property=\"og:description\" content=\"We will see one of the 7 wonders of the world, the Iguazu Falls, which are taller and wider than the famous Niagara Falls  We will descend on a free hanging rope into a cave almost 100 metres high, which is recognised as one of the most beautiful caves in South America.   Dive among unique species of fish that have lived in total isolation for over 2 million years.  Fly over the panorama of the Pantanal, one of the most unique natural areas on the planet.  See the Pantanal jaguars, giant anteaters, ocelots, monkeys, anacondas and the largest rodent on earth, the capybaras.  We&#039;ll catch and roast piranhas for dinner.  We&#039;ll learn how to throw a lasso like in old American westerns.  We&#039;ll share our sandwich with caimans on a picnic.  We&#039;ll learn to ride horses and go on a real jungle adventure.  Kayak down the Riu Negro, a tributary of the Amazon, South America&#039;s mysterious black river.  See herds of the world&#039;s best steak beef, and maybe even a jaguar hunting them.\" \/>\n<meta property=\"og:url\" content=\"https:\/\/mountainguides.pro\/ru\/tours\/adventure\/brazil-pantanal-iguassu-rio\/\" \/>\n<meta property=\"og:site_name\" content=\"Mountain Guide\" \/>\n<meta property=\"article:publisher\" content=\"https:\/\/www.facebook.com\/Mountainguide-232956566756831\/\" \/>\n<meta property=\"article:modified_time\" content=\"2026-04-06T14:41:49+00:00\" \/>\n<meta property=\"og:image\" content=\"https:\/\/mountainguides.pro\/wp-content\/uploads\/2023\/11\/pantanal-braziliya-iguasu-i-rio.jpg\" \/>\n\t<meta property=\"og:image:width\" content=\"1600\" \/>\n\t<meta property=\"og:image:height\" content=\"1200\" \/>\n\t<meta property=\"og:image:type\" content=\"image\/jpeg\" \/>\n<meta name=\"twitter:card\" content=\"summary_large_image\" \/>\n<meta name=\"twitter:site\" content=\"@Wintercyclone\" \/>\n<meta name=\"twitter:label1\" content=\"\u041f\u0440\u0438\u043c\u0435\u0440\u043d\u043e\u0435 \u0432\u0440\u0435\u043c\u044f \u0434\u043b\u044f \u0447\u0442\u0435\u043d\u0438\u044f\" \/>\n\t<meta name=\"twitter:data1\" content=\"1 \u043c\u0438\u043d\u0443\u0442\u0430\" \/>\n<script type=\"application\/ld+json\" class=\"yoast-schema-graph\">{\"@context\":\"https:\\\/\\\/schema.org\",\"@graph\":[{\"@type\":\"WebPage\",\"@id\":\"https:\\\/\\\/mountainguides.pro\\\/tours\\\/adventure\\\/brazil-pantanal-iguassu-rio\\\/\",\"url\":\"https:\\\/\\\/mountainguides.pro\\\/tours\\\/adventure\\\/brazil-pantanal-iguassu-rio\\\/\",\"name\":\"Adventure Brazil Pantanal\",\"isPartOf\":{\"@id\":\"https:\\\/\\\/mountainguides.pro\\\/#website\"},\"primaryImageOfPage\":{\"@id\":\"https:\\\/\\\/mountainguides.pro\\\/tours\\\/adventure\\\/brazil-pantanal-iguassu-rio\\\/#primaryimage\"},\"image\":{\"@id\":\"https:\\\/\\\/mountainguides.pro\\\/tours\\\/adventure\\\/brazil-pantanal-iguassu-rio\\\/#primaryimage\"},\"thumbnailUrl\":\"https:\\\/\\\/mountainguides.pro\\\/wp-content\\\/uploads\\\/2023\\\/11\\\/pantanal-braziliya-iguasu-i-rio.jpg\",\"datePublished\":\"2023-11-02T09:39:55+00:00\",\"dateModified\":\"2026-04-06T14:41:49+00:00\",\"breadcrumb\":{\"@id\":\"https:\\\/\\\/mountainguides.pro\\\/tours\\\/adventure\\\/brazil-pantanal-iguassu-rio\\\/#breadcrumb\"},\"inLanguage\":\"ru-RU\",\"potentialAction\":[{\"@type\":\"ReadAction\",\"target\":[\"https:\\\/\\\/mountainguides.pro\\\/tours\\\/adventure\\\/brazil-pantanal-iguassu-rio\\\/\"]}]},{\"@type\":\"ImageObject\",\"inLanguage\":\"ru-RU\",\"@id\":\"https:\\\/\\\/mountainguides.pro\\\/tours\\\/adventure\\\/brazil-pantanal-iguassu-rio\\\/#primaryimage\",\"url\":\"https:\\\/\\\/mountainguides.pro\\\/wp-content\\\/uploads\\\/2023\\\/11\\\/pantanal-braziliya-iguasu-i-rio.jpg\",\"contentUrl\":\"https:\\\/\\\/mountainguides.pro\\\/wp-content\\\/uploads\\\/2023\\\/11\\\/pantanal-braziliya-iguasu-i-rio.jpg\",\"width\":1600,\"height\":1200},{\"@type\":\"BreadcrumbList\",\"@id\":\"https:\\\/\\\/mountainguides.pro\\\/tours\\\/adventure\\\/brazil-pantanal-iguassu-rio\\\/#breadcrumb\",\"itemListElement\":[{\"@type\":\"ListItem\",\"position\":1,\"name\":\"Home\",\"item\":\"https:\\\/\\\/mountainguides.pro\\\/de\\\/\"},{\"@type\":\"ListItem\",\"position\":2,\"name\":\"Brazil: Pantanal, Iguassu, Rio\"}]},{\"@type\":\"WebSite\",\"@id\":\"https:\\\/\\\/mountainguides.pro\\\/#website\",\"url\":\"https:\\\/\\\/mountainguides.pro\\\/\",\"name\":\"Mountain Guide\",\"description\":\"We aspire to be the first in everything!\",\"publisher\":{\"@id\":\"https:\\\/\\\/mountainguides.pro\\\/#organization\"},\"potentialAction\":[{\"@type\":\"SearchAction\",\"target\":{\"@type\":\"EntryPoint\",\"urlTemplate\":\"https:\\\/\\\/mountainguides.pro\\\/?s={search_term_string}\"},\"query-input\":{\"@type\":\"PropertyValueSpecification\",\"valueRequired\":true,\"valueName\":\"search_term_string\"}}],\"inLanguage\":\"ru-RU\"},{\"@type\":\"Organization\",\"@id\":\"https:\\\/\\\/mountainguides.pro\\\/#organization\",\"name\":\"Mountain Guide\",\"url\":\"https:\\\/\\\/mountainguides.pro\\\/\",\"logo\":{\"@type\":\"ImageObject\",\"inLanguage\":\"ru-RU\",\"@id\":\"https:\\\/\\\/mountainguides.pro\\\/#\\\/schema\\\/logo\\\/image\\\/\",\"url\":\"https:\\\/\\\/mountainguides.pro\\\/wp-content\\\/uploads\\\/2018\\\/01\\\/mglogo.jpg\",\"contentUrl\":\"https:\\\/\\\/mountainguides.pro\\\/wp-content\\\/uploads\\\/2018\\\/01\\\/mglogo.jpg\",\"width\":1200,\"height\":630,\"caption\":\"Mountain Guide\"},\"image\":{\"@id\":\"https:\\\/\\\/mountainguides.pro\\\/#\\\/schema\\\/logo\\\/image\\\/\"},\"sameAs\":[\"https:\\\/\\\/www.facebook.com\\\/Mountainguide-232956566756831\\\/\",\"https:\\\/\\\/x.com\\\/Wintercyclone\",\"http:\\\/\\\/instagram.com\\\/mountainguide\",\"http:\\\/\\\/www.youtube.com\\\/mountainguide\"]}]}<\/script>\n<!-- \/ Yoast SEO Premium plugin. -->","yoast_head_json":{"title":"Adventure Brazil Pantanal","robots":{"index":"index","follow":"follow","max-snippet":"max-snippet:-1","max-image-preview":"max-image-preview:large","max-video-preview":"max-video-preview:-1"},"canonical":"https:\/\/mountainguides.pro\/ru\/tours\/adventure\/brazil-pantanal-iguassu-rio\/","og_locale":"ru_RU","og_type":"article","og_title":"[:en]Brazil: Pantanal, Iguassu, Rio[:de]Tour nach Brasilien: Pantanal, Igua\u00e7u, Rio[:es]Tour a Brasil: Pantanal, Iguaz\u00fa, r\u00edo[:pt]Tour no Brasil: Pantanal, Igua\u00e7u, Rio[:zh]\u5df4\u897f\u4e4b\u65c5\uff1a\u6f58\u5854\u7eb3\u5c14\u6e7f\u5730\u3001\u4f0a\u74dc\u82cf\u3001\u91cc\u7ea6[:ko]\ube0c\ub77c\uc9c8 \ud22c\uc5b4:\ud310\ud0c0\ub0a0,\uc774\uacfc\uc218,\ub9ac\uc624[:ja]\u30d6\u30e9\u30b8\u30eb\u30c4\u30a2\u30fc\uff1a\u30d1\u30f3\u30bf\u30ca\u30fc\u30eb\u3001\u30a4\u30b0\u30a2\u30b9\u3001\u30ea\u30aa[:hi]\u092c\u094d\u0930\u093e\u091c\u0940\u0932 \u091f\u0942\u0930: \u092a\u0948\u0902\u091f\u093e\u0928\u0932, \u0907\u0917\u093e\u091c\u093c\u0941, \u0930\u093f\u092f\u094b[:ar]\u062c\u0648\u0644\u0629 \u0627\u0644\u0628\u0631\u0627\u0632\u064a\u0644: \u0628\u0627\u0646\u062a\u0627\u0646\u0627\u0644 \u060c \u0625\u062c\u0648\u0627\u0632\u0648 \u060c \u0631\u064a\u0648[:]","og_description":"We will see one of the 7 wonders of the world, the Iguazu Falls, which are taller and wider than the famous Niagara Falls  We will descend on a free hanging rope into a cave almost 100 metres high, which is recognised as one of the most beautiful caves in South America.   Dive among unique species of fish that have lived in total isolation for over 2 million years.  Fly over the panorama of the Pantanal, one of the most unique natural areas on the planet.  See the Pantanal jaguars, giant anteaters, ocelots, monkeys, anacondas and the largest rodent on earth, the capybaras.  We'll catch and roast piranhas for dinner.  We'll learn how to throw a lasso like in old American westerns.  We'll share our sandwich with caimans on a picnic.  We'll learn to ride horses and go on a real jungle adventure.  Kayak down the Riu Negro, a tributary of the Amazon, South America's mysterious black river.  See herds of the world's best steak beef, and maybe even a jaguar hunting them.","og_url":"https:\/\/mountainguides.pro\/ru\/tours\/adventure\/brazil-pantanal-iguassu-rio\/","og_site_name":"Mountain Guide","article_publisher":"https:\/\/www.facebook.com\/Mountainguide-232956566756831\/","article_modified_time":"2026-04-06T14:41:49+00:00","og_image":[{"width":1600,"height":1200,"url":"https:\/\/mountainguides.pro\/wp-content\/uploads\/2023\/11\/pantanal-braziliya-iguasu-i-rio.jpg","type":"image\/jpeg"}],"twitter_card":"summary_large_image","twitter_site":"@Wintercyclone","twitter_misc":{"\u041f\u0440\u0438\u043c\u0435\u0440\u043d\u043e\u0435 \u0432\u0440\u0435\u043c\u044f \u0434\u043b\u044f \u0447\u0442\u0435\u043d\u0438\u044f":"1 \u043c\u0438\u043d\u0443\u0442\u0430"},"schema":{"@context":"https:\/\/schema.org","@graph":[{"@type":"WebPage","@id":"https:\/\/mountainguides.pro\/tours\/adventure\/brazil-pantanal-iguassu-rio\/","url":"https:\/\/mountainguides.pro\/tours\/adventure\/brazil-pantanal-iguassu-rio\/","name":"Adventure Brazil Pantanal","isPartOf":{"@id":"https:\/\/mountainguides.pro\/#website"},"primaryImageOfPage":{"@id":"https:\/\/mountainguides.pro\/tours\/adventure\/brazil-pantanal-iguassu-rio\/#primaryimage"},"image":{"@id":"https:\/\/mountainguides.pro\/tours\/adventure\/brazil-pantanal-iguassu-rio\/#primaryimage"},"thumbnailUrl":"https:\/\/mountainguides.pro\/wp-content\/uploads\/2023\/11\/pantanal-braziliya-iguasu-i-rio.jpg","datePublished":"2023-11-02T09:39:55+00:00","dateModified":"2026-04-06T14:41:49+00:00","breadcrumb":{"@id":"https:\/\/mountainguides.pro\/tours\/adventure\/brazil-pantanal-iguassu-rio\/#breadcrumb"},"inLanguage":"ru-RU","potentialAction":[{"@type":"ReadAction","target":["https:\/\/mountainguides.pro\/tours\/adventure\/brazil-pantanal-iguassu-rio\/"]}]},{"@type":"ImageObject","inLanguage":"ru-RU","@id":"https:\/\/mountainguides.pro\/tours\/adventure\/brazil-pantanal-iguassu-rio\/#primaryimage","url":"https:\/\/mountainguides.pro\/wp-content\/uploads\/2023\/11\/pantanal-braziliya-iguasu-i-rio.jpg","contentUrl":"https:\/\/mountainguides.pro\/wp-content\/uploads\/2023\/11\/pantanal-braziliya-iguasu-i-rio.jpg","width":1600,"height":1200},{"@type":"BreadcrumbList","@id":"https:\/\/mountainguides.pro\/tours\/adventure\/brazil-pantanal-iguassu-rio\/#breadcrumb","itemListElement":[{"@type":"ListItem","position":1,"name":"Home","item":"https:\/\/mountainguides.pro\/de\/"},{"@type":"ListItem","position":2,"name":"Brazil: Pantanal, Iguassu, Rio"}]},{"@type":"WebSite","@id":"https:\/\/mountainguides.pro\/#website","url":"https:\/\/mountainguides.pro\/","name":"Mountain Guide","description":"We aspire to be the first in everything!","publisher":{"@id":"https:\/\/mountainguides.pro\/#organization"},"potentialAction":[{"@type":"SearchAction","target":{"@type":"EntryPoint","urlTemplate":"https:\/\/mountainguides.pro\/?s={search_term_string}"},"query-input":{"@type":"PropertyValueSpecification","valueRequired":true,"valueName":"search_term_string"}}],"inLanguage":"ru-RU"},{"@type":"Organization","@id":"https:\/\/mountainguides.pro\/#organization","name":"Mountain Guide","url":"https:\/\/mountainguides.pro\/","logo":{"@type":"ImageObject","inLanguage":"ru-RU","@id":"https:\/\/mountainguides.pro\/#\/schema\/logo\/image\/","url":"https:\/\/mountainguides.pro\/wp-content\/uploads\/2018\/01\/mglogo.jpg","contentUrl":"https:\/\/mountainguides.pro\/wp-content\/uploads\/2018\/01\/mglogo.jpg","width":1200,"height":630,"caption":"Mountain Guide"},"image":{"@id":"https:\/\/mountainguides.pro\/#\/schema\/logo\/image\/"},"sameAs":["https:\/\/www.facebook.com\/Mountainguide-232956566756831\/","https:\/\/x.com\/Wintercyclone","http:\/\/instagram.com\/mountainguide","http:\/\/www.youtube.com\/mountainguide"]}]}},"_links":{"self":[{"href":"https:\/\/mountainguides.pro\/ru\/wp-json\/wp\/v2\/product\/19792","targetHints":{"allow":["GET"]}}],"collection":[{"href":"https:\/\/mountainguides.pro\/ru\/wp-json\/wp\/v2\/product"}],"about":[{"href":"https:\/\/mountainguides.pro\/ru\/wp-json\/wp\/v2\/types\/product"}],"replies":[{"embeddable":true,"href":"https:\/\/mountainguides.pro\/ru\/wp-json\/wp\/v2\/comments?post=19792"}],"version-history":[{"count":13,"href":"https:\/\/mountainguides.pro\/ru\/wp-json\/wp\/v2\/product\/19792\/revisions"}],"predecessor-version":[{"id":33385,"href":"https:\/\/mountainguides.pro\/ru\/wp-json\/wp\/v2\/product\/19792\/revisions\/33385"}],"wp:featuredmedia":[{"embeddable":true,"href":"https:\/\/mountainguides.pro\/ru\/wp-json\/wp\/v2\/media\/21462"}],"wp:attachment":[{"href":"https:\/\/mountainguides.pro\/ru\/wp-json\/wp\/v2\/media?parent=19792"}],"wp:term":[{"taxonomy":"product_cat","embeddable":true,"href":"https:\/\/mountainguides.pro\/ru\/wp-json\/wp\/v2\/product_cat?post=19792"},{"taxonomy":"product_tag","embeddable":true,"href":"https:\/\/mountainguides.pro\/ru\/wp-json\/wp\/v2\/product_tag?post=19792"}],"curies":[{"name":"wp","href":"https:\/\/api.w.org\/{rel}","templated":true}]}}