{"id":21096,"date":"2025-01-08T16:49:55","date_gmt":"2025-01-08T13:49:55","guid":{"rendered":"https:\/\/mountainguides.pro\/?post_type=product&#038;p=21096"},"modified":"2026-01-29T13:19:09","modified_gmt":"2026-01-29T10:19:09","slug":"tour-to-rwanda-mountain-gorillas-and-mount-bisoke","status":"publish","type":"product","link":"https:\/\/mountainguides.pro\/ru\/tours\/adventure\/tour-to-rwanda-mountain-gorillas-and-mount-bisoke\/","title":{"rendered":"Tour to Rwanda: Mountain Gorillas and Mount Bisoke"},"content":{"rendered":"","protected":false},"excerpt":{"rendered":"<ul>\n<li class=\"p1\">A journey to a safe yet still colorful Africa<\/li>\n<li class=\"p1\">We will climb Mount Bisoke, whose surroundings are famous for being home to a rare species of gorillas, with fewer than one hundred individuals left in the world<\/li>\n<li class=\"p1\">We will try to see four species of primates: gorillas, colobus monkeys, chimpanzees, and monkeys<\/li>\n<li class=\"p1\">Visit an authentic village to learn how ordinary Rwandans live and get acquainted with their culture and traditions<\/li>\n<li class=\"p1\">A walk through the country\u2019s capital with modern buildings, markets, and restaurants reflecting the culture of Rwanda<\/li>\n<li class=\"p1\">Nyungwe National Park, known for its tropical forests and rich diversity of flora and fauna<\/li>\n<\/ul>\n<p class=\"p1\"><strong>*Please note that our company does not provide services for purchasing or selling airline tickets or arranging visas and therefore is not responsible for force majeure situations related to flights and border crossings.<\/strong><\/p>\n<p class=\"p1\"><strong>Important information:<\/strong><\/p>\n<ul>\n<li class=\"p1\">Check-in and check-out times are regulated by the hotel: check-in from 3:00 PM, check-out until 11:00\u201312:00. Luggage can be left at the hotel reception, and you can go for a walk around the city, or, if technically possible, pay extra for early check-in \/ late check-out.<\/li>\n<\/ul>\n","protected":false},"featured_media":21455,"comment_status":"closed","ping_status":"closed","template":"","meta":{"_acf_changed":false,"footnotes":""},"product_cat":[337],"product_tag":[],"class_list":{"0":"post-21096","1":"product","2":"type-product","3":"status-publish","4":"has-post-thumbnail","6":"product_cat-adventure","8":"first","9":"instock","10":"shipping-taxable","11":"purchasable","12":"product-type-simple"},"acf":[],"yoast_head":"<!-- This site is optimized with the Yoast SEO Premium plugin v26.5 (Yoast SEO v27.3) - https:\/\/yoast.com\/product\/yoast-seo-premium-wordpress\/ -->\n<title>Adventure Rwanda<\/title>\n<meta name=\"robots\" content=\"index, follow, max-snippet:-1, max-image-preview:large, max-video-preview:-1\" \/>\n<link rel=\"canonical\" href=\"https:\/\/mountainguides.pro\/ru\/tours\/adventure\/tour-to-rwanda-mountain-gorillas-and-mount-bisoke\/\" \/>\n<meta property=\"og:locale\" content=\"ru_RU\" \/>\n<meta property=\"og:locale:alternate\" content=\"en_US\" \/>\n<meta property=\"og:locale:alternate\" content=\"de\" \/>\n<meta property=\"og:locale:alternate\" content=\"es\" \/>\n<meta property=\"og:locale:alternate\" content=\"pt\" \/>\n<meta property=\"og:locale:alternate\" content=\"zh\" \/>\n<meta property=\"og:locale:alternate\" content=\"ko\" \/>\n<meta property=\"og:locale:alternate\" content=\"ja\" \/>\n<meta property=\"og:locale:alternate\" content=\"hi\" \/>\n<meta property=\"og:locale:alternate\" content=\"ar\" \/>\n<meta property=\"og:type\" content=\"article\" \/>\n<meta property=\"og:title\" content=\"Tour to Rwanda: Mountain Gorillas and Mount Bisoke\" \/>\n<meta property=\"og:description\" content=\"A journey to a safe yet still colorful Africa  We will climb Mount Bisoke, whose surroundings are famous for being home to a rare species of gorillas, with fewer than one hundred individuals left in the world  We will try to see four species of primates: gorillas, colobus monkeys, chimpanzees, and monkeys  Visit an authentic village to learn how ordinary Rwandans live and get acquainted with their culture and traditions  A walk through the country\u2019s capital with modern buildings, markets, and restaurants reflecting the culture of Rwanda  Nyungwe National Park, known for its tropical forests and rich diversity of flora and fauna  *Please note that our company does not provide services for purchasing or selling airline tickets or arranging visas and therefore is not responsible for force majeure situations related to flights and border crossings. Important information:    Check-in and check-out times are regulated by the hotel: check-in from 3:00 PM, check-out until 11:00\u201312:00. Luggage can be left at the hotel reception, and you can go for a walk around the city, or, if technically possible, pay extra for early check-in \/ late check-out.\" \/>\n<meta property=\"og:url\" content=\"https:\/\/mountainguides.pro\/ru\/tours\/adventure\/tour-to-rwanda-mountain-gorillas-and-mount-bisoke\/\" \/>\n<meta property=\"og:site_name\" content=\"Mountain Guide\" \/>\n<meta property=\"article:publisher\" content=\"https:\/\/www.facebook.com\/Mountainguide-232956566756831\/\" \/>\n<meta property=\"article:modified_time\" content=\"2026-01-29T10:19:09+00:00\" \/>\n<meta property=\"og:image\" content=\"https:\/\/mountainguides.pro\/wp-content\/uploads\/2025\/01\/tur-ruanda.jpeg\" \/>\n\t<meta property=\"og:image:width\" content=\"1800\" \/>\n\t<meta property=\"og:image:height\" content=\"1350\" \/>\n\t<meta property=\"og:image:type\" content=\"image\/jpeg\" \/>\n<meta name=\"twitter:card\" content=\"summary_large_image\" \/>\n<meta name=\"twitter:site\" content=\"@Wintercyclone\" \/>\n<meta name=\"twitter:label1\" content=\"\u041f\u0440\u0438\u043c\u0435\u0440\u043d\u043e\u0435 \u0432\u0440\u0435\u043c\u044f \u0434\u043b\u044f \u0447\u0442\u0435\u043d\u0438\u044f\" \/>\n\t<meta name=\"twitter:data1\" content=\"1 \u043c\u0438\u043d\u0443\u0442\u0430\" \/>\n<script type=\"application\/ld+json\" class=\"yoast-schema-graph\">{\"@context\":\"https:\\\/\\\/schema.org\",\"@graph\":[{\"@type\":\"WebPage\",\"@id\":\"https:\\\/\\\/mountainguides.pro\\\/ar\\\/tours\\\/adventure\\\/tour-to-rwanda-mountain-gorillas-and-mount-bisoke\\\/\",\"url\":\"https:\\\/\\\/mountainguides.pro\\\/ar\\\/tours\\\/adventure\\\/tour-to-rwanda-mountain-gorillas-and-mount-bisoke\\\/\",\"name\":\"Adventure Rwanda\",\"isPartOf\":{\"@id\":\"https:\\\/\\\/mountainguides.pro\\\/#website\"},\"primaryImageOfPage\":{\"@id\":\"https:\\\/\\\/mountainguides.pro\\\/ar\\\/tours\\\/adventure\\\/tour-to-rwanda-mountain-gorillas-and-mount-bisoke\\\/#primaryimage\"},\"image\":{\"@id\":\"https:\\\/\\\/mountainguides.pro\\\/ar\\\/tours\\\/adventure\\\/tour-to-rwanda-mountain-gorillas-and-mount-bisoke\\\/#primaryimage\"},\"thumbnailUrl\":\"https:\\\/\\\/mountainguides.pro\\\/wp-content\\\/uploads\\\/2025\\\/01\\\/tur-ruanda.jpeg\",\"datePublished\":\"2025-01-08T13:49:55+00:00\",\"dateModified\":\"2026-01-29T10:19:09+00:00\",\"breadcrumb\":{\"@id\":\"https:\\\/\\\/mountainguides.pro\\\/ar\\\/tours\\\/adventure\\\/tour-to-rwanda-mountain-gorillas-and-mount-bisoke\\\/#breadcrumb\"},\"inLanguage\":\"ru-RU\",\"potentialAction\":[{\"@type\":\"ReadAction\",\"target\":[\"https:\\\/\\\/mountainguides.pro\\\/ar\\\/tours\\\/adventure\\\/tour-to-rwanda-mountain-gorillas-and-mount-bisoke\\\/\"]}]},{\"@type\":\"ImageObject\",\"inLanguage\":\"ru-RU\",\"@id\":\"https:\\\/\\\/mountainguides.pro\\\/ar\\\/tours\\\/adventure\\\/tour-to-rwanda-mountain-gorillas-and-mount-bisoke\\\/#primaryimage\",\"url\":\"https:\\\/\\\/mountainguides.pro\\\/wp-content\\\/uploads\\\/2025\\\/01\\\/tur-ruanda.jpeg\",\"contentUrl\":\"https:\\\/\\\/mountainguides.pro\\\/wp-content\\\/uploads\\\/2025\\\/01\\\/tur-ruanda.jpeg\",\"width\":1800,\"height\":1350},{\"@type\":\"BreadcrumbList\",\"@id\":\"https:\\\/\\\/mountainguides.pro\\\/ar\\\/tours\\\/adventure\\\/tour-to-rwanda-mountain-gorillas-and-mount-bisoke\\\/#breadcrumb\",\"itemListElement\":[{\"@type\":\"ListItem\",\"position\":1,\"name\":\"Home\",\"item\":\"https:\\\/\\\/mountainguides.pro\\\/de\\\/\"},{\"@type\":\"ListItem\",\"position\":2,\"name\":\"\u062c\u0648\u0644\u0629 \u0631\u0648\u0627\u0646\u062f\u0627: \u0627\u0644\u063a\u0648\u0631\u064a\u0644\u0627 \u0627\u0644\u062c\u0628\u0644\u064a\u0629 \u0648\u0628\u0631\u0643\u0627\u0646 \u0628\u064a\u0633\u0648\u0643\"}]},{\"@type\":\"WebSite\",\"@id\":\"https:\\\/\\\/mountainguides.pro\\\/#website\",\"url\":\"https:\\\/\\\/mountainguides.pro\\\/\",\"name\":\"Mountain Guide\",\"description\":\"We aspire to be the first in everything!\",\"publisher\":{\"@id\":\"https:\\\/\\\/mountainguides.pro\\\/#organization\"},\"potentialAction\":[{\"@type\":\"SearchAction\",\"target\":{\"@type\":\"EntryPoint\",\"urlTemplate\":\"https:\\\/\\\/mountainguides.pro\\\/?s={search_term_string}\"},\"query-input\":{\"@type\":\"PropertyValueSpecification\",\"valueRequired\":true,\"valueName\":\"search_term_string\"}}],\"inLanguage\":\"ru-RU\"},{\"@type\":\"Organization\",\"@id\":\"https:\\\/\\\/mountainguides.pro\\\/#organization\",\"name\":\"Mountain Guide\",\"url\":\"https:\\\/\\\/mountainguides.pro\\\/\",\"logo\":{\"@type\":\"ImageObject\",\"inLanguage\":\"ru-RU\",\"@id\":\"https:\\\/\\\/mountainguides.pro\\\/#\\\/schema\\\/logo\\\/image\\\/\",\"url\":\"https:\\\/\\\/mountainguides.pro\\\/wp-content\\\/uploads\\\/2018\\\/01\\\/mglogo.jpg\",\"contentUrl\":\"https:\\\/\\\/mountainguides.pro\\\/wp-content\\\/uploads\\\/2018\\\/01\\\/mglogo.jpg\",\"width\":1200,\"height\":630,\"caption\":\"Mountain Guide\"},\"image\":{\"@id\":\"https:\\\/\\\/mountainguides.pro\\\/#\\\/schema\\\/logo\\\/image\\\/\"},\"sameAs\":[\"https:\\\/\\\/www.facebook.com\\\/Mountainguide-232956566756831\\\/\",\"https:\\\/\\\/x.com\\\/Wintercyclone\",\"http:\\\/\\\/instagram.com\\\/mountainguide\",\"http:\\\/\\\/www.youtube.com\\\/mountainguide\"]}]}<\/script>\n<!-- \/ Yoast SEO Premium plugin. -->","yoast_head_json":{"title":"Adventure Rwanda","robots":{"index":"index","follow":"follow","max-snippet":"max-snippet:-1","max-image-preview":"max-image-preview:large","max-video-preview":"max-video-preview:-1"},"canonical":"https:\/\/mountainguides.pro\/ru\/tours\/adventure\/tour-to-rwanda-mountain-gorillas-and-mount-bisoke\/","og_locale":"ru_RU","og_type":"article","og_title":"[:en]Tour to Rwanda: Mountain Gorillas and Mount Bisoke[:de]Tour nach Ruanda: Berggorillas und der Vulkan Bisoque[:es]Tour a Ruanda: gorilas de monta\u00f1a y volc\u00e1n Bisoke[:pt]Excurs\u00e3o A Ruanda: gorilas da montanha e Vulc\u00e3o Bisoke[:zh]\u5362\u65fa\u8fbe\u4e4b\u65c5\uff1a\u5c71\u5730\u5927\u7329\u7329\u548c\u6bd4\u7d22\u514b\u706b\u5c71[:ko]\ub974\uc644\ub2e4 \ud22c\uc5b4:\uc0b0 \uace0\ub9b4\ub77c\uc640 \ube44\uc18c \ucf00 \ud654\uc0b0[:ja]\u30eb\u30ef\u30f3\u30c0\u30c4\u30a2\u30fc\uff1a\u30de\u30a6\u30f3\u30c6\u30f3\u30b4\u30ea\u30e9\u3068\u30d3\u30bd\u30fc\u30af\u706b\u5c71[:hi]\u0930\u0935\u093e\u0902\u0921\u093e \u091f\u0942\u0930: \u092e\u093e\u0909\u0902\u091f\u0947\u0928 \u0917\u094b\u0930\u093f\u0932\u094d\u0932\u093e \u0914\u0930 \u092c\u093f\u0938\u094b\u0915 \u091c\u094d\u0935\u093e\u0932\u093e\u092e\u0941\u0916\u0940[:ar]\u062c\u0648\u0644\u0629 \u0631\u0648\u0627\u0646\u062f\u0627: \u0627\u0644\u063a\u0648\u0631\u064a\u0644\u0627 \u0627\u0644\u062c\u0628\u0644\u064a\u0629 \u0648\u0628\u0631\u0643\u0627\u0646 \u0628\u064a\u0633\u0648\u0643[:]","og_description":"A journey to a safe yet still colorful Africa  We will climb Mount Bisoke, whose surroundings are famous for being home to a rare species of gorillas, with fewer than one hundred individuals left in the world  We will try to see four species of primates: gorillas, colobus monkeys, chimpanzees, and monkeys  Visit an authentic village to learn how ordinary Rwandans live and get acquainted with their culture and traditions  A walk through the country\u2019s capital with modern buildings, markets, and restaurants reflecting the culture of Rwanda  Nyungwe National Park, known for its tropical forests and rich diversity of flora and fauna  *Please note that our company does not provide services for purchasing or selling airline tickets or arranging visas and therefore is not responsible for force majeure situations related to flights and border crossings. Important information:    Check-in and check-out times are regulated by the hotel: check-in from 3:00 PM, check-out until 11:00\u201312:00. Luggage can be left at the hotel reception, and you can go for a walk around the city, or, if technically possible, pay extra for early check-in \/ late check-out.","og_url":"https:\/\/mountainguides.pro\/ru\/tours\/adventure\/tour-to-rwanda-mountain-gorillas-and-mount-bisoke\/","og_site_name":"Mountain Guide","article_publisher":"https:\/\/www.facebook.com\/Mountainguide-232956566756831\/","article_modified_time":"2026-01-29T10:19:09+00:00","og_image":[{"width":1800,"height":1350,"url":"https:\/\/mountainguides.pro\/wp-content\/uploads\/2025\/01\/tur-ruanda.jpeg","type":"image\/jpeg"}],"twitter_card":"summary_large_image","twitter_site":"@Wintercyclone","twitter_misc":{"\u041f\u0440\u0438\u043c\u0435\u0440\u043d\u043e\u0435 \u0432\u0440\u0435\u043c\u044f \u0434\u043b\u044f \u0447\u0442\u0435\u043d\u0438\u044f":"1 \u043c\u0438\u043d\u0443\u0442\u0430"},"schema":{"@context":"https:\/\/schema.org","@graph":[{"@type":"WebPage","@id":"https:\/\/mountainguides.pro\/ar\/tours\/adventure\/tour-to-rwanda-mountain-gorillas-and-mount-bisoke\/","url":"https:\/\/mountainguides.pro\/ar\/tours\/adventure\/tour-to-rwanda-mountain-gorillas-and-mount-bisoke\/","name":"Adventure Rwanda","isPartOf":{"@id":"https:\/\/mountainguides.pro\/#website"},"primaryImageOfPage":{"@id":"https:\/\/mountainguides.pro\/ar\/tours\/adventure\/tour-to-rwanda-mountain-gorillas-and-mount-bisoke\/#primaryimage"},"image":{"@id":"https:\/\/mountainguides.pro\/ar\/tours\/adventure\/tour-to-rwanda-mountain-gorillas-and-mount-bisoke\/#primaryimage"},"thumbnailUrl":"https:\/\/mountainguides.pro\/wp-content\/uploads\/2025\/01\/tur-ruanda.jpeg","datePublished":"2025-01-08T13:49:55+00:00","dateModified":"2026-01-29T10:19:09+00:00","breadcrumb":{"@id":"https:\/\/mountainguides.pro\/ar\/tours\/adventure\/tour-to-rwanda-mountain-gorillas-and-mount-bisoke\/#breadcrumb"},"inLanguage":"ru-RU","potentialAction":[{"@type":"ReadAction","target":["https:\/\/mountainguides.pro\/ar\/tours\/adventure\/tour-to-rwanda-mountain-gorillas-and-mount-bisoke\/"]}]},{"@type":"ImageObject","inLanguage":"ru-RU","@id":"https:\/\/mountainguides.pro\/ar\/tours\/adventure\/tour-to-rwanda-mountain-gorillas-and-mount-bisoke\/#primaryimage","url":"https:\/\/mountainguides.pro\/wp-content\/uploads\/2025\/01\/tur-ruanda.jpeg","contentUrl":"https:\/\/mountainguides.pro\/wp-content\/uploads\/2025\/01\/tur-ruanda.jpeg","width":1800,"height":1350},{"@type":"BreadcrumbList","@id":"https:\/\/mountainguides.pro\/ar\/tours\/adventure\/tour-to-rwanda-mountain-gorillas-and-mount-bisoke\/#breadcrumb","itemListElement":[{"@type":"ListItem","position":1,"name":"Home","item":"https:\/\/mountainguides.pro\/de\/"},{"@type":"ListItem","position":2,"name":"\u062c\u0648\u0644\u0629 \u0631\u0648\u0627\u0646\u062f\u0627: \u0627\u0644\u063a\u0648\u0631\u064a\u0644\u0627 \u0627\u0644\u062c\u0628\u0644\u064a\u0629 \u0648\u0628\u0631\u0643\u0627\u0646 \u0628\u064a\u0633\u0648\u0643"}]},{"@type":"WebSite","@id":"https:\/\/mountainguides.pro\/#website","url":"https:\/\/mountainguides.pro\/","name":"Mountain Guide","description":"We aspire to be the first in everything!","publisher":{"@id":"https:\/\/mountainguides.pro\/#organization"},"potentialAction":[{"@type":"SearchAction","target":{"@type":"EntryPoint","urlTemplate":"https:\/\/mountainguides.pro\/?s={search_term_string}"},"query-input":{"@type":"PropertyValueSpecification","valueRequired":true,"valueName":"search_term_string"}}],"inLanguage":"ru-RU"},{"@type":"Organization","@id":"https:\/\/mountainguides.pro\/#organization","name":"Mountain Guide","url":"https:\/\/mountainguides.pro\/","logo":{"@type":"ImageObject","inLanguage":"ru-RU","@id":"https:\/\/mountainguides.pro\/#\/schema\/logo\/image\/","url":"https:\/\/mountainguides.pro\/wp-content\/uploads\/2018\/01\/mglogo.jpg","contentUrl":"https:\/\/mountainguides.pro\/wp-content\/uploads\/2018\/01\/mglogo.jpg","width":1200,"height":630,"caption":"Mountain Guide"},"image":{"@id":"https:\/\/mountainguides.pro\/#\/schema\/logo\/image\/"},"sameAs":["https:\/\/www.facebook.com\/Mountainguide-232956566756831\/","https:\/\/x.com\/Wintercyclone","http:\/\/instagram.com\/mountainguide","http:\/\/www.youtube.com\/mountainguide"]}]}},"_links":{"self":[{"href":"https:\/\/mountainguides.pro\/ru\/wp-json\/wp\/v2\/product\/21096","targetHints":{"allow":["GET"]}}],"collection":[{"href":"https:\/\/mountainguides.pro\/ru\/wp-json\/wp\/v2\/product"}],"about":[{"href":"https:\/\/mountainguides.pro\/ru\/wp-json\/wp\/v2\/types\/product"}],"replies":[{"embeddable":true,"href":"https:\/\/mountainguides.pro\/ru\/wp-json\/wp\/v2\/comments?post=21096"}],"version-history":[{"count":12,"href":"https:\/\/mountainguides.pro\/ru\/wp-json\/wp\/v2\/product\/21096\/revisions"}],"predecessor-version":[{"id":32665,"href":"https:\/\/mountainguides.pro\/ru\/wp-json\/wp\/v2\/product\/21096\/revisions\/32665"}],"wp:featuredmedia":[{"embeddable":true,"href":"https:\/\/mountainguides.pro\/ru\/wp-json\/wp\/v2\/media\/21455"}],"wp:attachment":[{"href":"https:\/\/mountainguides.pro\/ru\/wp-json\/wp\/v2\/media?parent=21096"}],"wp:term":[{"taxonomy":"product_cat","embeddable":true,"href":"https:\/\/mountainguides.pro\/ru\/wp-json\/wp\/v2\/product_cat?post=21096"},{"taxonomy":"product_tag","embeddable":true,"href":"https:\/\/mountainguides.pro\/ru\/wp-json\/wp\/v2\/product_tag?post=21096"}],"curies":[{"name":"wp","href":"https:\/\/api.w.org\/{rel}","templated":true}]}}