{"id":19397,"date":"2023-07-28T22:19:50","date_gmt":"2023-07-28T19:19:50","guid":{"rendered":"https:\/\/mountainguides.pro\/?post_type=product&#038;p=19397"},"modified":"2026-02-03T16:14:30","modified_gmt":"2026-02-03T13:14:30","slug":"patagonia-the-edge-of-the-world","status":"publish","type":"product","link":"https:\/\/mountainguides.pro\/zh\/tours\/trekking\/patagonia-the-edge-of-the-world\/","title":{"rendered":"\u5df4\u5854\u54e5\u5c3c\u4e9a\u4e4b\u65c5\uff1a\u5730\u7403\u7684\u5c3d\u5934"},"content":{"rendered":"","protected":false},"excerpt":{"rendered":"<ul>\n<li class=\"p1\">\u62c9\u4e01\u7f8e\u6d32\u6700\u8457\u540d\u7684\u56fd\u5bb6\u516c\u56ed\u2014\u2014\u6258\u96f7\u65af\u00b7\u5fb7\u5c14\u00b7\u6f58\u6069<\/li>\n<li class=\"p1\">W\u7ebf\u8def\u5f92\u6b65\u2014\u2014\u5df4\u5854\u54e5\u5c3c\u4e9a\u4e43\u81f3\u6574\u4e2a\u5357\u7f8e\u6d32\u6700\u8457\u540d\u7684\u5f92\u6b65\u8def\u7ebf<\/li>\n<li class=\"p1\">O\u7ebf\u8def\u5f92\u6b65\u2014\u2014\u6258\u96f7\u65af\u00b7\u5fb7\u5c14\u00b7\u6f58\u6069\u5730\u533a\u7684\u5b8c\u6574\u5f92\u6b65\u8def\u7ebf\uff0c\u5728\u4fc4\u7f57\u65af\u6ca1\u6709\u5176\u4ed6\u516c\u53f8\u63d0\u4f9bO\u7ebf\u8def\uff01<\/li>\n<li class=\"p1\">\u4e58\u8239\u6e38\u89c8\u9a6c\u8482\u7565\u5c9b\u2014\u2014\u8fd9\u91cc\u751f\u6d3b\u7740\u6700\u5927\u7684\u9ea6\u54f2\u4f26\u548c\u5df4\u5e03\u4e9a\u4f01\u9e45\u7fa4\u843d<\/li>\n<li class=\"p1\">\u771f\u6b63\u7684\u201c\u4e16\u754c\u5c3d\u5934\u201d\u2014\u2014\u4f4d\u4e8e\u706b\u5730\u7fa4\u5c9b\u7684\u4e4c\u65af\u6000\u4e9a<\/li>\n<li class=\"p1\">\u4f69\u91cc\u6258\u00b7\u83ab\u96f7\u8bfa\u51b0\u5ddd\u2014\u2014\u5730\u7403\u7b2c\u4e09\u5927\u6de1\u6c34\u50a8\u5907\u5730<\/li>\n<li class=\"p1\">4\u4eba\u56e2\u961f\uff1a3569 \u7f8e\u5143<\/li>\n<li class=\"p1\">5\u4eba\u56e2\u961f\uff1a3314 \u7f8e\u5143<\/li>\n<li class=\"p1\">6\u4eba\u56e2\u961f\uff1a3144 \u7f8e\u5143<\/li>\n<li class=\"p1\">7\u4eba\u56e2\u961f\uff1a3023 \u7f8e\u5143<\/li>\n<li class=\"p1\">8\u4eba\u56e2\u961f\uff1a2932 \u7f8e\u5143<\/li>\n<\/ul>\n<p class=\"p1\"><strong>\u8bf7\u6ce8\u610f\uff1a\u672c\u516c\u53f8\u4e0d\u63d0\u4f9b\u673a\u7968\u8d2d\u4e70\u4e0e\u7b7e\u8bc1\u529e\u7406\u670d\u52a1\uff0c\u56e0\u6b64\u5bf9\u4e8e\u822a\u73ed\u5ef6\u8bef\u6216\u8fb9\u5883\u95ee\u9898\u5bfc\u81f4\u7684\u4e0d\u53ef\u6297\u529b\u60c5\u51b5\u4e0d\u627f\u62c5\u8d23\u4efb\u3002\u6211\u4eec\u5c06\u5f88\u4e50\u610f\u5e2e\u52a9\u60a8\u5efa\u8bae\u5408\u9002\u7684\u822a\u73ed\uff01<\/strong><\/p>\n","protected":false},"featured_media":21449,"comment_status":"closed","ping_status":"closed","template":"","meta":{"_acf_changed":false,"footnotes":""},"product_cat":[321],"product_tag":[],"class_list":{"0":"post-19397","1":"product","2":"type-product","3":"status-publish","4":"has-post-thumbnail","6":"product_cat-trekking","8":"first","9":"instock","10":"shipping-taxable","11":"purchasable","12":"product-type-simple"},"acf":[],"yoast_head":"<!-- This site is optimized with the Yoast SEO Premium plugin v26.5 (Yoast SEO v27.4) - https:\/\/yoast.com\/product\/yoast-seo-premium-wordpress\/ -->\n<title>Trekking Patagonia<\/title>\n<meta name=\"robots\" content=\"index, follow, max-snippet:-1, max-image-preview:large, max-video-preview:-1\" \/>\n<link rel=\"canonical\" href=\"https:\/\/mountainguides.pro\/zh\/tours\/trekking\/patagonia-the-edge-of-the-world\/\" \/>\n<meta property=\"og:locale\" content=\"zh_CN\" \/>\n<meta property=\"og:locale:alternate\" content=\"en_US\" \/>\n<meta property=\"og:locale:alternate\" content=\"ru_RU\" \/>\n<meta property=\"og:locale:alternate\" content=\"de\" \/>\n<meta property=\"og:locale:alternate\" content=\"es\" \/>\n<meta property=\"og:locale:alternate\" content=\"pt\" \/>\n<meta property=\"og:locale:alternate\" content=\"ko\" \/>\n<meta property=\"og:locale:alternate\" content=\"ja\" \/>\n<meta property=\"og:locale:alternate\" content=\"hi\" \/>\n<meta property=\"og:locale:alternate\" content=\"ar\" \/>\n<meta property=\"og:type\" content=\"article\" \/>\n<meta property=\"og:title\" content=\"\u5df4\u5854\u54e5\u5c3c\u4e9a\u4e4b\u65c5\uff1a\u5730\u7403\u7684\u5c3d\u5934\" \/>\n<meta property=\"og:description\" content=\"\u62c9\u4e01\u7f8e\u6d32\u6700\u8457\u540d\u7684\u56fd\u5bb6\u516c\u56ed\u2014\u2014\u6258\u96f7\u65af\u00b7\u5fb7\u5c14\u00b7\u6f58\u6069  W\u7ebf\u8def\u5f92\u6b65\u2014\u2014\u5df4\u5854\u54e5\u5c3c\u4e9a\u4e43\u81f3\u6574\u4e2a\u5357\u7f8e\u6d32\u6700\u8457\u540d\u7684\u5f92\u6b65\u8def\u7ebf  O\u7ebf\u8def\u5f92\u6b65\u2014\u2014\u6258\u96f7\u65af\u00b7\u5fb7\u5c14\u00b7\u6f58\u6069\u5730\u533a\u7684\u5b8c\u6574\u5f92\u6b65\u8def\u7ebf\uff0c\u5728\u4fc4\u7f57\u65af\u6ca1\u6709\u5176\u4ed6\u516c\u53f8\u63d0\u4f9bO\u7ebf\u8def\uff01  \u4e58\u8239\u6e38\u89c8\u9a6c\u8482\u7565\u5c9b\u2014\u2014\u8fd9\u91cc\u751f\u6d3b\u7740\u6700\u5927\u7684\u9ea6\u54f2\u4f26\u548c\u5df4\u5e03\u4e9a\u4f01\u9e45\u7fa4\u843d  \u771f\u6b63\u7684\u201c\u4e16\u754c\u5c3d\u5934\u201d\u2014\u2014\u4f4d\u4e8e\u706b\u5730\u7fa4\u5c9b\u7684\u4e4c\u65af\u6000\u4e9a  \u4f69\u91cc\u6258\u00b7\u83ab\u96f7\u8bfa\u51b0\u5ddd\u2014\u2014\u5730\u7403\u7b2c\u4e09\u5927\u6de1\u6c34\u50a8\u5907\u5730  4\u4eba\u56e2\u961f\uff1a3569 \u7f8e\u5143  5\u4eba\u56e2\u961f\uff1a3314 \u7f8e\u5143  6\u4eba\u56e2\u961f\uff1a3144 \u7f8e\u5143  7\u4eba\u56e2\u961f\uff1a3023 \u7f8e\u5143  8\u4eba\u56e2\u961f\uff1a2932 \u7f8e\u5143  \u8bf7\u6ce8\u610f\uff1a\u672c\u516c\u53f8\u4e0d\u63d0\u4f9b\u673a\u7968\u8d2d\u4e70\u4e0e\u7b7e\u8bc1\u529e\u7406\u670d\u52a1\uff0c\u56e0\u6b64\u5bf9\u4e8e\u822a\u73ed\u5ef6\u8bef\u6216\u8fb9\u5883\u95ee\u9898\u5bfc\u81f4\u7684\u4e0d\u53ef\u6297\u529b\u60c5\u51b5\u4e0d\u627f\u62c5\u8d23\u4efb\u3002\u6211\u4eec\u5c06\u5f88\u4e50\u610f\u5e2e\u52a9\u60a8\u5efa\u8bae\u5408\u9002\u7684\u822a\u73ed\uff01\" \/>\n<meta property=\"og:url\" content=\"https:\/\/mountainguides.pro\/zh\/tours\/trekking\/patagonia-the-edge-of-the-world\/\" \/>\n<meta property=\"og:site_name\" content=\"Mountain Guide\" \/>\n<meta property=\"article:publisher\" content=\"https:\/\/www.facebook.com\/Mountainguide-232956566756831\/\" \/>\n<meta property=\"article:modified_time\" content=\"2026-02-03T13:14:30+00:00\" \/>\n<meta property=\"og:image\" content=\"https:\/\/mountainguides.pro\/wp-content\/uploads\/2023\/07\/patagoniya-tur-31.jpg\" \/>\n\t<meta property=\"og:image:width\" content=\"1600\" \/>\n\t<meta property=\"og:image:height\" content=\"1200\" \/>\n\t<meta property=\"og:image:type\" content=\"image\/jpeg\" \/>\n<meta name=\"twitter:card\" content=\"summary_large_image\" \/>\n<meta name=\"twitter:site\" content=\"@Wintercyclone\" \/>\n<meta name=\"twitter:label1\" content=\"\u9884\u8ba1\u9605\u8bfb\u65f6\u95f4\" \/>\n\t<meta name=\"twitter:data1\" content=\"1 \u5206\" \/>\n<script type=\"application\/ld+json\" class=\"yoast-schema-graph\">{\"@context\":\"https:\\\/\\\/schema.org\",\"@graph\":[{\"@type\":\"WebPage\",\"@id\":\"https:\\\/\\\/mountainguides.pro\\\/ar\\\/tours\\\/trekking\\\/patagonia-the-edge-of-the-world\\\/\",\"url\":\"https:\\\/\\\/mountainguides.pro\\\/ar\\\/tours\\\/trekking\\\/patagonia-the-edge-of-the-world\\\/\",\"name\":\"Trekking Patagonia\",\"isPartOf\":{\"@id\":\"https:\\\/\\\/mountainguides.pro\\\/#website\"},\"primaryImageOfPage\":{\"@id\":\"https:\\\/\\\/mountainguides.pro\\\/ar\\\/tours\\\/trekking\\\/patagonia-the-edge-of-the-world\\\/#primaryimage\"},\"image\":{\"@id\":\"https:\\\/\\\/mountainguides.pro\\\/ar\\\/tours\\\/trekking\\\/patagonia-the-edge-of-the-world\\\/#primaryimage\"},\"thumbnailUrl\":\"https:\\\/\\\/mountainguides.pro\\\/wp-content\\\/uploads\\\/2023\\\/07\\\/patagoniya-tur-31.jpg\",\"datePublished\":\"2023-07-28T19:19:50+00:00\",\"dateModified\":\"2026-02-03T13:14:30+00:00\",\"breadcrumb\":{\"@id\":\"https:\\\/\\\/mountainguides.pro\\\/ar\\\/tours\\\/trekking\\\/patagonia-the-edge-of-the-world\\\/#breadcrumb\"},\"inLanguage\":\"zh\",\"potentialAction\":[{\"@type\":\"ReadAction\",\"target\":[\"https:\\\/\\\/mountainguides.pro\\\/ar\\\/tours\\\/trekking\\\/patagonia-the-edge-of-the-world\\\/\"]}]},{\"@type\":\"ImageObject\",\"inLanguage\":\"zh\",\"@id\":\"https:\\\/\\\/mountainguides.pro\\\/ar\\\/tours\\\/trekking\\\/patagonia-the-edge-of-the-world\\\/#primaryimage\",\"url\":\"https:\\\/\\\/mountainguides.pro\\\/wp-content\\\/uploads\\\/2023\\\/07\\\/patagoniya-tur-31.jpg\",\"contentUrl\":\"https:\\\/\\\/mountainguides.pro\\\/wp-content\\\/uploads\\\/2023\\\/07\\\/patagoniya-tur-31.jpg\",\"width\":1600,\"height\":1200},{\"@type\":\"BreadcrumbList\",\"@id\":\"https:\\\/\\\/mountainguides.pro\\\/ar\\\/tours\\\/trekking\\\/patagonia-the-edge-of-the-world\\\/#breadcrumb\",\"itemListElement\":[{\"@type\":\"ListItem\",\"position\":1,\"name\":\"Home\",\"item\":\"https:\\\/\\\/mountainguides.pro\\\/de\\\/\"},{\"@type\":\"ListItem\",\"position\":2,\"name\":\"\u062c\u0648\u0644\u0629 \u0628\u0627\u062a\u0627\u063a\u0648\u0646\u064a\u0627: \u0639\u0644\u0649 \u062d\u0627\u0641\u0629 \u0627\u0644\u0623\u0631\u0636\"}]},{\"@type\":\"WebSite\",\"@id\":\"https:\\\/\\\/mountainguides.pro\\\/#website\",\"url\":\"https:\\\/\\\/mountainguides.pro\\\/\",\"name\":\"Mountain Guide\",\"description\":\"We aspire to be the first in everything!\",\"publisher\":{\"@id\":\"https:\\\/\\\/mountainguides.pro\\\/#organization\"},\"potentialAction\":[{\"@type\":\"SearchAction\",\"target\":{\"@type\":\"EntryPoint\",\"urlTemplate\":\"https:\\\/\\\/mountainguides.pro\\\/?s={search_term_string}\"},\"query-input\":{\"@type\":\"PropertyValueSpecification\",\"valueRequired\":true,\"valueName\":\"search_term_string\"}}],\"inLanguage\":\"zh\"},{\"@type\":\"Organization\",\"@id\":\"https:\\\/\\\/mountainguides.pro\\\/#organization\",\"name\":\"Mountain Guide\",\"url\":\"https:\\\/\\\/mountainguides.pro\\\/\",\"logo\":{\"@type\":\"ImageObject\",\"inLanguage\":\"zh\",\"@id\":\"https:\\\/\\\/mountainguides.pro\\\/#\\\/schema\\\/logo\\\/image\\\/\",\"url\":\"https:\\\/\\\/mountainguides.pro\\\/wp-content\\\/uploads\\\/2018\\\/01\\\/mglogo.jpg\",\"contentUrl\":\"https:\\\/\\\/mountainguides.pro\\\/wp-content\\\/uploads\\\/2018\\\/01\\\/mglogo.jpg\",\"width\":1200,\"height\":630,\"caption\":\"Mountain Guide\"},\"image\":{\"@id\":\"https:\\\/\\\/mountainguides.pro\\\/#\\\/schema\\\/logo\\\/image\\\/\"},\"sameAs\":[\"https:\\\/\\\/www.facebook.com\\\/Mountainguide-232956566756831\\\/\",\"https:\\\/\\\/x.com\\\/Wintercyclone\",\"http:\\\/\\\/instagram.com\\\/mountainguide\",\"http:\\\/\\\/www.youtube.com\\\/mountainguide\"]}]}<\/script>\n<!-- \/ Yoast SEO Premium plugin. -->","yoast_head_json":{"title":"Trekking Patagonia","robots":{"index":"index","follow":"follow","max-snippet":"max-snippet:-1","max-image-preview":"max-image-preview:large","max-video-preview":"max-video-preview:-1"},"canonical":"https:\/\/mountainguides.pro\/zh\/tours\/trekking\/patagonia-the-edge-of-the-world\/","og_locale":"zh_CN","og_type":"article","og_title":"[:en]Patagonia: the edge of the world[:de]Tour nach Patagonien: Am Rande der Erde[:es]Tour a la Patagonia: al fin de la Tierra[:pt]Excurs\u00e3o \u00e0 Patag\u00f4nia: no fim do mundo[:zh]\u5df4\u5854\u54e5\u5c3c\u4e9a\u4e4b\u65c5\uff1a\u5730\u7403\u7684\u5c3d\u5934[:ko]\ud30c\ud0c0\uace0\ub2c8\uc544 \ud22c\uc5b4:\uc9c0\uad6c \uac00\uc7a5\uc790\ub9ac[:ja]\u30d1\u30bf\u30b4\u30cb\u30a2\u30c4\u30a2\u30fc\uff1a\u5730\u7403\u306e\u7aef\u3067[:hi]\u092a\u0947\u091f\u093e\u0917\u094b\u0928\u093f\u092f\u093e \u091f\u0942\u0930: \u092a\u0943\u0925\u094d\u0935\u0940 \u0915\u0947 \u0915\u093f\u0928\u093e\u0930\u0947 \u092a\u0930[:ar]\u062c\u0648\u0644\u0629 \u0628\u0627\u062a\u0627\u063a\u0648\u0646\u064a\u0627: \u0639\u0644\u0649 \u062d\u0627\u0641\u0629 \u0627\u0644\u0623\u0631\u0636[:]","og_description":"\u62c9\u4e01\u7f8e\u6d32\u6700\u8457\u540d\u7684\u56fd\u5bb6\u516c\u56ed\u2014\u2014\u6258\u96f7\u65af\u00b7\u5fb7\u5c14\u00b7\u6f58\u6069  W\u7ebf\u8def\u5f92\u6b65\u2014\u2014\u5df4\u5854\u54e5\u5c3c\u4e9a\u4e43\u81f3\u6574\u4e2a\u5357\u7f8e\u6d32\u6700\u8457\u540d\u7684\u5f92\u6b65\u8def\u7ebf  O\u7ebf\u8def\u5f92\u6b65\u2014\u2014\u6258\u96f7\u65af\u00b7\u5fb7\u5c14\u00b7\u6f58\u6069\u5730\u533a\u7684\u5b8c\u6574\u5f92\u6b65\u8def\u7ebf\uff0c\u5728\u4fc4\u7f57\u65af\u6ca1\u6709\u5176\u4ed6\u516c\u53f8\u63d0\u4f9bO\u7ebf\u8def\uff01  \u4e58\u8239\u6e38\u89c8\u9a6c\u8482\u7565\u5c9b\u2014\u2014\u8fd9\u91cc\u751f\u6d3b\u7740\u6700\u5927\u7684\u9ea6\u54f2\u4f26\u548c\u5df4\u5e03\u4e9a\u4f01\u9e45\u7fa4\u843d  \u771f\u6b63\u7684\u201c\u4e16\u754c\u5c3d\u5934\u201d\u2014\u2014\u4f4d\u4e8e\u706b\u5730\u7fa4\u5c9b\u7684\u4e4c\u65af\u6000\u4e9a  \u4f69\u91cc\u6258\u00b7\u83ab\u96f7\u8bfa\u51b0\u5ddd\u2014\u2014\u5730\u7403\u7b2c\u4e09\u5927\u6de1\u6c34\u50a8\u5907\u5730  4\u4eba\u56e2\u961f\uff1a3569 \u7f8e\u5143  5\u4eba\u56e2\u961f\uff1a3314 \u7f8e\u5143  6\u4eba\u56e2\u961f\uff1a3144 \u7f8e\u5143  7\u4eba\u56e2\u961f\uff1a3023 \u7f8e\u5143  8\u4eba\u56e2\u961f\uff1a2932 \u7f8e\u5143  \u8bf7\u6ce8\u610f\uff1a\u672c\u516c\u53f8\u4e0d\u63d0\u4f9b\u673a\u7968\u8d2d\u4e70\u4e0e\u7b7e\u8bc1\u529e\u7406\u670d\u52a1\uff0c\u56e0\u6b64\u5bf9\u4e8e\u822a\u73ed\u5ef6\u8bef\u6216\u8fb9\u5883\u95ee\u9898\u5bfc\u81f4\u7684\u4e0d\u53ef\u6297\u529b\u60c5\u51b5\u4e0d\u627f\u62c5\u8d23\u4efb\u3002\u6211\u4eec\u5c06\u5f88\u4e50\u610f\u5e2e\u52a9\u60a8\u5efa\u8bae\u5408\u9002\u7684\u822a\u73ed\uff01","og_url":"https:\/\/mountainguides.pro\/zh\/tours\/trekking\/patagonia-the-edge-of-the-world\/","og_site_name":"Mountain Guide","article_publisher":"https:\/\/www.facebook.com\/Mountainguide-232956566756831\/","article_modified_time":"2026-02-03T13:14:30+00:00","og_image":[{"width":1600,"height":1200,"url":"https:\/\/mountainguides.pro\/wp-content\/uploads\/2023\/07\/patagoniya-tur-31.jpg","type":"image\/jpeg"}],"twitter_card":"summary_large_image","twitter_site":"@Wintercyclone","twitter_misc":{"\u9884\u8ba1\u9605\u8bfb\u65f6\u95f4":"1 \u5206"},"schema":{"@context":"https:\/\/schema.org","@graph":[{"@type":"WebPage","@id":"https:\/\/mountainguides.pro\/ar\/tours\/trekking\/patagonia-the-edge-of-the-world\/","url":"https:\/\/mountainguides.pro\/ar\/tours\/trekking\/patagonia-the-edge-of-the-world\/","name":"Trekking Patagonia","isPartOf":{"@id":"https:\/\/mountainguides.pro\/#website"},"primaryImageOfPage":{"@id":"https:\/\/mountainguides.pro\/ar\/tours\/trekking\/patagonia-the-edge-of-the-world\/#primaryimage"},"image":{"@id":"https:\/\/mountainguides.pro\/ar\/tours\/trekking\/patagonia-the-edge-of-the-world\/#primaryimage"},"thumbnailUrl":"https:\/\/mountainguides.pro\/wp-content\/uploads\/2023\/07\/patagoniya-tur-31.jpg","datePublished":"2023-07-28T19:19:50+00:00","dateModified":"2026-02-03T13:14:30+00:00","breadcrumb":{"@id":"https:\/\/mountainguides.pro\/ar\/tours\/trekking\/patagonia-the-edge-of-the-world\/#breadcrumb"},"inLanguage":"zh","potentialAction":[{"@type":"ReadAction","target":["https:\/\/mountainguides.pro\/ar\/tours\/trekking\/patagonia-the-edge-of-the-world\/"]}]},{"@type":"ImageObject","inLanguage":"zh","@id":"https:\/\/mountainguides.pro\/ar\/tours\/trekking\/patagonia-the-edge-of-the-world\/#primaryimage","url":"https:\/\/mountainguides.pro\/wp-content\/uploads\/2023\/07\/patagoniya-tur-31.jpg","contentUrl":"https:\/\/mountainguides.pro\/wp-content\/uploads\/2023\/07\/patagoniya-tur-31.jpg","width":1600,"height":1200},{"@type":"BreadcrumbList","@id":"https:\/\/mountainguides.pro\/ar\/tours\/trekking\/patagonia-the-edge-of-the-world\/#breadcrumb","itemListElement":[{"@type":"ListItem","position":1,"name":"Home","item":"https:\/\/mountainguides.pro\/de\/"},{"@type":"ListItem","position":2,"name":"\u062c\u0648\u0644\u0629 \u0628\u0627\u062a\u0627\u063a\u0648\u0646\u064a\u0627: \u0639\u0644\u0649 \u062d\u0627\u0641\u0629 \u0627\u0644\u0623\u0631\u0636"}]},{"@type":"WebSite","@id":"https:\/\/mountainguides.pro\/#website","url":"https:\/\/mountainguides.pro\/","name":"Mountain Guide","description":"We aspire to be the first in everything!","publisher":{"@id":"https:\/\/mountainguides.pro\/#organization"},"potentialAction":[{"@type":"SearchAction","target":{"@type":"EntryPoint","urlTemplate":"https:\/\/mountainguides.pro\/?s={search_term_string}"},"query-input":{"@type":"PropertyValueSpecification","valueRequired":true,"valueName":"search_term_string"}}],"inLanguage":"zh"},{"@type":"Organization","@id":"https:\/\/mountainguides.pro\/#organization","name":"Mountain Guide","url":"https:\/\/mountainguides.pro\/","logo":{"@type":"ImageObject","inLanguage":"zh","@id":"https:\/\/mountainguides.pro\/#\/schema\/logo\/image\/","url":"https:\/\/mountainguides.pro\/wp-content\/uploads\/2018\/01\/mglogo.jpg","contentUrl":"https:\/\/mountainguides.pro\/wp-content\/uploads\/2018\/01\/mglogo.jpg","width":1200,"height":630,"caption":"Mountain Guide"},"image":{"@id":"https:\/\/mountainguides.pro\/#\/schema\/logo\/image\/"},"sameAs":["https:\/\/www.facebook.com\/Mountainguide-232956566756831\/","https:\/\/x.com\/Wintercyclone","http:\/\/instagram.com\/mountainguide","http:\/\/www.youtube.com\/mountainguide"]}]}},"_links":{"self":[{"href":"https:\/\/mountainguides.pro\/zh\/wp-json\/wp\/v2\/product\/19397","targetHints":{"allow":["GET"]}}],"collection":[{"href":"https:\/\/mountainguides.pro\/zh\/wp-json\/wp\/v2\/product"}],"about":[{"href":"https:\/\/mountainguides.pro\/zh\/wp-json\/wp\/v2\/types\/product"}],"replies":[{"embeddable":true,"href":"https:\/\/mountainguides.pro\/zh\/wp-json\/wp\/v2\/comments?post=19397"}],"version-history":[{"count":12,"href":"https:\/\/mountainguides.pro\/zh\/wp-json\/wp\/v2\/product\/19397\/revisions"}],"predecessor-version":[{"id":32709,"href":"https:\/\/mountainguides.pro\/zh\/wp-json\/wp\/v2\/product\/19397\/revisions\/32709"}],"wp:featuredmedia":[{"embeddable":true,"href":"https:\/\/mountainguides.pro\/zh\/wp-json\/wp\/v2\/media\/21449"}],"wp:attachment":[{"href":"https:\/\/mountainguides.pro\/zh\/wp-json\/wp\/v2\/media?parent=19397"}],"wp:term":[{"taxonomy":"product_cat","embeddable":true,"href":"https:\/\/mountainguides.pro\/zh\/wp-json\/wp\/v2\/product_cat?post=19397"},{"taxonomy":"product_tag","embeddable":true,"href":"https:\/\/mountainguides.pro\/zh\/wp-json\/wp\/v2\/product_tag?post=19397"}],"curies":[{"name":"wp","href":"https:\/\/api.w.org\/{rel}","templated":true}]}}