{"id":19547,"date":"2025-01-08T00:43:59","date_gmt":"2025-01-07T21:43:59","guid":{"rendered":"https:\/\/mountainguides.pro\/?post_type=product&#038;p=19547"},"modified":"2026-01-29T14:30:49","modified_gmt":"2026-01-29T11:30:49","slug":"namibia","status":"publish","type":"product","link":"https:\/\/mountainguides.pro\/zh\/tours\/adventure\/namibia\/","title":{"rendered":"\u7eb3\u7c73\u6bd4\u4e9a\u4e4b\u65c5\uff1a\u57c3\u6258\u6c99\u516c\u56ed\u548c\u8f9b\u5df4\u90e8\u843d"},"content":{"rendered":"","protected":false},"excerpt":{"rendered":"<ul>\n<li class=\"p1\">\u767b\u4e0a\u8457\u540d\u7684\u201c45\u53f7\u6c99\u4e18\u201d\uff0c\u5728\u6e05\u6668\u7684\u9633\u5149\u4e0b\u6b23\u8d4f\u58ee\u4e3d\u7684\u7ea2\u8272\u6c99\u6f20\u5168\u666f\uff0c\u90a3\u65f6\u6c99\u4e18\u5728\u6a59\u8272\u548c\u7ea2\u8272\u7684\u5149\u5f71\u4e2d\u95ea\u8000<\/li>\n<li class=\"p1\">\u88ab\u9057\u5f03\u7684\u79d1\u5c14\u66fc\u65af\u79d1\u666e\u5c0f\u9547\uff1a\u63a2\u7d22\u8fd9\u4e2a\u795e\u79d8\u7684\u94bb\u77f3\u77ff\u5de5\u9b3c\u57ce\uff0c\u5b83\u6b63\u9010\u6e10\u88ab\u6c99\u6f20\u541e\u566c\uff0c\u5728\u5e9f\u5f03\u7684\u5efa\u7b51\u4e2d\u611f\u53d7\u8fc7\u53bb\u7684\u6c1b\u56f4<\/li>\n<li class=\"p1\">\u57c3\u6258\u6c99\u56fd\u5bb6\u516c\u56ed\uff1a\u5728\u7eb3\u7c73\u6bd4\u4e9a\u6700\u8457\u540d\u7684\u91ce\u751f\u52a8\u7269\u4fdd\u62a4\u533a\u4e4b\u4e00\u8fdb\u884c\u91ce\u5916\u72e9\u730e\u4e4b\u65c5\uff0c\u6c89\u6d78\u5728\u91ce\u6027\u81ea\u7136\u4e2d\uff0c\u6709\u673a\u4f1a\u770b\u5230\u5927\u8c61\u3001\u957f\u9888\u9e7f\u3001\u72ee\u5b50\u4ee5\u53ca\u4f17\u591a\u5176\u4ed6\u52a8\u7269\u5728\u5176\u81ea\u7136\u6816\u606f\u5730\u7684\u751f\u6d3b<\/li>\n<li class=\"p1\">\u57fa\u7279\u66fc\u65af\u80e1\u666e\u4e0e\u201c\u5de8\u4eba\u6e38\u4e50\u573a\u201d\uff1a\u63a2\u7d22\u72ec\u7279\u7684\u5730\u8d28\u5947\u89c2\u548c\u5de8\u5927\u7684\u7384\u6b66\u5ca9\u5de8\u77f3\uff0c\u5728\u90a3\u91cc\u5927\u81ea\u7136\u521b\u9020\u51fa\u5982\u96d5\u5851\u822c\u7684\u5947\u8ff9<\/li>\n<li class=\"p1\">\u8f9b\u5df4\u65cf\u6587\u5316\uff1a\u4e86\u89e3\u8fd9\u4e2a\u72ec\u7279\u90e8\u843d\u7684\u751f\u6d3b\u65b9\u5f0f\uff0c\u4ed6\u4eec\u7684\u4f20\u7edf\u5f97\u4ee5\u5b8c\u6574\u4fdd\u7559\uff0c\u5728\u4f20\u7edf\u6751\u843d\u4e2d\u6df1\u5165\u8ba4\u8bc6\u4ed6\u4eec\u7684\u6587\u5316\u548c\u4e60\u4fd7<\/li>\n<\/ul>\n<p class=\"p1\"><strong>*\u8bf7\u6ce8\u610f\uff0c\u6211\u4eec\u516c\u53f8\u4e0d\u4ece\u4e8b\u673a\u7968\u7684\u8d2d\u4e70\u3001\u9500\u552e\u4ee5\u53ca\u7b7e\u8bc1\u529e\u7406\u4e1a\u52a1\uff0c\u56e0\u6b64\u5bf9\u4e8e\u4e0e\u822a\u73ed\u6216\u8fc7\u5883\u76f8\u5173\u7684\u4e0d\u53ef\u6297\u529b\u60c5\u51b5\u4e0d\u627f\u62c5\u8d23\u4efb\u3002<\/strong><\/p>\n<p class=\"p3\"><b>\u91cd\u8981\u4fe1\u606f\uff1a<\/b><b><\/b><\/p>\n<ul>\n<li class=\"p1\">\u9152\u5e97\u7684\u5165\u4f4f\u548c\u9000\u623f\u65f6\u95f4\u6709\u89c4\u5b9a\uff1a\u5165\u4f4f\u65f6\u95f4\u4e3a15:00\u4e4b\u540e\uff0c\u9000\u623f\u65f6\u95f4\u4e3a11:00\u201312:00\u4e4b\u524d\u3002\u884c\u674e\u53ef\u4ee5\u5bc4\u5b58\u5728\u9152\u5e97\u524d\u53f0\u540e\u81ea\u884c\u5728\u57ce\u5e02\u4e2d\u6563\u6b65\uff0c\u6216\u8005\u5728\u6280\u672f\u6761\u4ef6\u5141\u8bb8\u7684\u60c5\u51b5\u4e0b\u652f\u4ed8\u989d\u5916\u8d39\u7528\u63d0\u524d\u5165\u4f4f\/\u5ef6\u8fdf\u9000\u623f\u3002<\/li>\n<li class=\"p1\">\u5728\u7eb3\u7c73\u6bd4\u4e9a\uff0c\u5151\u6362\u5c0f\u989d\u3001\u7834\u65e7\u53ca2009\u5e74\u4e4b\u524d\u53d1\u884c\u7684\u7f8e\u5143\u7eb8\u5e01\u53ef\u80fd\u4f1a\u9047\u5230\u4e00\u4e9b\u56f0\u96be\u3002\u53ef\u80fd\u4f1a\u4ea7\u751f\u989d\u5916\u624b\u7eed\u8d39\uff0c\u6216\u8005\u4f1a\u88ab\u62d2\u7edd\u5151\u6362\uff0c\u8bf7\u63d0\u524d\u6ce8\u610f\u3002<\/li>\n<\/ul>\n","protected":false},"featured_media":21460,"comment_status":"closed","ping_status":"closed","template":"","meta":{"_acf_changed":false,"footnotes":""},"product_cat":[337],"product_tag":[],"class_list":{"0":"post-19547","1":"product","2":"type-product","3":"status-publish","4":"has-post-thumbnail","6":"product_cat-adventure","8":"first","9":"instock","10":"shipping-taxable","11":"purchasable","12":"product-type-simple"},"acf":[],"yoast_head":"<!-- This site is optimized with the Yoast SEO Premium plugin v26.5 (Yoast SEO v27.4) - https:\/\/yoast.com\/product\/yoast-seo-premium-wordpress\/ -->\n<title>Adventure Namibia<\/title>\n<meta name=\"robots\" content=\"index, follow, max-snippet:-1, max-image-preview:large, max-video-preview:-1\" \/>\n<link rel=\"canonical\" href=\"https:\/\/mountainguides.pro\/zh\/tours\/adventure\/namibia\/\" \/>\n<meta property=\"og:locale\" content=\"zh_CN\" \/>\n<meta property=\"og:locale:alternate\" content=\"en_US\" \/>\n<meta property=\"og:locale:alternate\" content=\"ru_RU\" \/>\n<meta property=\"og:locale:alternate\" content=\"de\" \/>\n<meta property=\"og:locale:alternate\" content=\"es\" \/>\n<meta property=\"og:locale:alternate\" content=\"pt\" \/>\n<meta property=\"og:locale:alternate\" content=\"ko\" \/>\n<meta property=\"og:locale:alternate\" content=\"ja\" \/>\n<meta property=\"og:locale:alternate\" content=\"hi\" \/>\n<meta property=\"og:locale:alternate\" content=\"ar\" \/>\n<meta property=\"og:type\" content=\"article\" \/>\n<meta property=\"og:title\" content=\"\u7eb3\u7c73\u6bd4\u4e9a\u4e4b\u65c5\uff1a\u57c3\u6258\u6c99\u516c\u56ed\u548c\u8f9b\u5df4\u90e8\u843d\" \/>\n<meta property=\"og:description\" content=\"\u767b\u4e0a\u8457\u540d\u7684\u201c45\u53f7\u6c99\u4e18\u201d\uff0c\u5728\u6e05\u6668\u7684\u9633\u5149\u4e0b\u6b23\u8d4f\u58ee\u4e3d\u7684\u7ea2\u8272\u6c99\u6f20\u5168\u666f\uff0c\u90a3\u65f6\u6c99\u4e18\u5728\u6a59\u8272\u548c\u7ea2\u8272\u7684\u5149\u5f71\u4e2d\u95ea\u8000  \u88ab\u9057\u5f03\u7684\u79d1\u5c14\u66fc\u65af\u79d1\u666e\u5c0f\u9547\uff1a\u63a2\u7d22\u8fd9\u4e2a\u795e\u79d8\u7684\u94bb\u77f3\u77ff\u5de5\u9b3c\u57ce\uff0c\u5b83\u6b63\u9010\u6e10\u88ab\u6c99\u6f20\u541e\u566c\uff0c\u5728\u5e9f\u5f03\u7684\u5efa\u7b51\u4e2d\u611f\u53d7\u8fc7\u53bb\u7684\u6c1b\u56f4  \u57c3\u6258\u6c99\u56fd\u5bb6\u516c\u56ed\uff1a\u5728\u7eb3\u7c73\u6bd4\u4e9a\u6700\u8457\u540d\u7684\u91ce\u751f\u52a8\u7269\u4fdd\u62a4\u533a\u4e4b\u4e00\u8fdb\u884c\u91ce\u5916\u72e9\u730e\u4e4b\u65c5\uff0c\u6c89\u6d78\u5728\u91ce\u6027\u81ea\u7136\u4e2d\uff0c\u6709\u673a\u4f1a\u770b\u5230\u5927\u8c61\u3001\u957f\u9888\u9e7f\u3001\u72ee\u5b50\u4ee5\u53ca\u4f17\u591a\u5176\u4ed6\u52a8\u7269\u5728\u5176\u81ea\u7136\u6816\u606f\u5730\u7684\u751f\u6d3b  \u57fa\u7279\u66fc\u65af\u80e1\u666e\u4e0e\u201c\u5de8\u4eba\u6e38\u4e50\u573a\u201d\uff1a\u63a2\u7d22\u72ec\u7279\u7684\u5730\u8d28\u5947\u89c2\u548c\u5de8\u5927\u7684\u7384\u6b66\u5ca9\u5de8\u77f3\uff0c\u5728\u90a3\u91cc\u5927\u81ea\u7136\u521b\u9020\u51fa\u5982\u96d5\u5851\u822c\u7684\u5947\u8ff9  \u8f9b\u5df4\u65cf\u6587\u5316\uff1a\u4e86\u89e3\u8fd9\u4e2a\u72ec\u7279\u90e8\u843d\u7684\u751f\u6d3b\u65b9\u5f0f\uff0c\u4ed6\u4eec\u7684\u4f20\u7edf\u5f97\u4ee5\u5b8c\u6574\u4fdd\u7559\uff0c\u5728\u4f20\u7edf\u6751\u843d\u4e2d\u6df1\u5165\u8ba4\u8bc6\u4ed6\u4eec\u7684\u6587\u5316\u548c\u4e60\u4fd7  *\u8bf7\u6ce8\u610f\uff0c\u6211\u4eec\u516c\u53f8\u4e0d\u4ece\u4e8b\u673a\u7968\u7684\u8d2d\u4e70\u3001\u9500\u552e\u4ee5\u53ca\u7b7e\u8bc1\u529e\u7406\u4e1a\u52a1\uff0c\u56e0\u6b64\u5bf9\u4e8e\u4e0e\u822a\u73ed\u6216\u8fc7\u5883\u76f8\u5173\u7684\u4e0d\u53ef\u6297\u529b\u60c5\u51b5\u4e0d\u627f\u62c5\u8d23\u4efb\u3002 \u91cd\u8981\u4fe1\u606f\uff1a    \u9152\u5e97\u7684\u5165\u4f4f\u548c\u9000\u623f\u65f6\u95f4\u6709\u89c4\u5b9a\uff1a\u5165\u4f4f\u65f6\u95f4\u4e3a15:00\u4e4b\u540e\uff0c\u9000\u623f\u65f6\u95f4\u4e3a11:00\u201312:00\u4e4b\u524d\u3002\u884c\u674e\u53ef\u4ee5\u5bc4\u5b58\u5728\u9152\u5e97\u524d\u53f0\u540e\u81ea\u884c\u5728\u57ce\u5e02\u4e2d\u6563\u6b65\uff0c\u6216\u8005\u5728\u6280\u672f\u6761\u4ef6\u5141\u8bb8\u7684\u60c5\u51b5\u4e0b\u652f\u4ed8\u989d\u5916\u8d39\u7528\u63d0\u524d\u5165\u4f4f\/\u5ef6\u8fdf\u9000\u623f\u3002  \u5728\u7eb3\u7c73\u6bd4\u4e9a\uff0c\u5151\u6362\u5c0f\u989d\u3001\u7834\u65e7\u53ca2009\u5e74\u4e4b\u524d\u53d1\u884c\u7684\u7f8e\u5143\u7eb8\u5e01\u53ef\u80fd\u4f1a\u9047\u5230\u4e00\u4e9b\u56f0\u96be\u3002\u53ef\u80fd\u4f1a\u4ea7\u751f\u989d\u5916\u624b\u7eed\u8d39\uff0c\u6216\u8005\u4f1a\u88ab\u62d2\u7edd\u5151\u6362\uff0c\u8bf7\u63d0\u524d\u6ce8\u610f\u3002\" \/>\n<meta property=\"og:url\" content=\"https:\/\/mountainguides.pro\/zh\/tours\/adventure\/namibia\/\" \/>\n<meta property=\"og:site_name\" content=\"Mountain Guide\" \/>\n<meta property=\"article:publisher\" content=\"https:\/\/www.facebook.com\/Mountainguide-232956566756831\/\" \/>\n<meta property=\"article:modified_time\" content=\"2026-01-29T11:30:49+00:00\" \/>\n<meta property=\"og:image\" content=\"https:\/\/mountainguides.pro\/wp-content\/uploads\/2025\/01\/tur-v-namibiyu-2.jpeg\" \/>\n\t<meta property=\"og:image:width\" content=\"1800\" \/>\n\t<meta property=\"og:image:height\" content=\"1350\" \/>\n\t<meta property=\"og:image:type\" content=\"image\/jpeg\" \/>\n<meta name=\"twitter:card\" content=\"summary_large_image\" \/>\n<meta name=\"twitter:site\" content=\"@Wintercyclone\" \/>\n<meta name=\"twitter:label1\" content=\"\u9884\u8ba1\u9605\u8bfb\u65f6\u95f4\" \/>\n\t<meta name=\"twitter:data1\" content=\"1 \u5206\" \/>\n<script type=\"application\/ld+json\" class=\"yoast-schema-graph\">{\"@context\":\"https:\\\/\\\/schema.org\",\"@graph\":[{\"@type\":\"WebPage\",\"@id\":\"https:\\\/\\\/mountainguides.pro\\\/ar\\\/tours\\\/adventure\\\/namibia\\\/\",\"url\":\"https:\\\/\\\/mountainguides.pro\\\/ar\\\/tours\\\/adventure\\\/namibia\\\/\",\"name\":\"Adventure Namibia\",\"isPartOf\":{\"@id\":\"https:\\\/\\\/mountainguides.pro\\\/#website\"},\"primaryImageOfPage\":{\"@id\":\"https:\\\/\\\/mountainguides.pro\\\/ar\\\/tours\\\/adventure\\\/namibia\\\/#primaryimage\"},\"image\":{\"@id\":\"https:\\\/\\\/mountainguides.pro\\\/ar\\\/tours\\\/adventure\\\/namibia\\\/#primaryimage\"},\"thumbnailUrl\":\"https:\\\/\\\/mountainguides.pro\\\/wp-content\\\/uploads\\\/2025\\\/01\\\/tur-v-namibiyu-2.jpeg\",\"datePublished\":\"2025-01-07T21:43:59+00:00\",\"dateModified\":\"2026-01-29T11:30:49+00:00\",\"breadcrumb\":{\"@id\":\"https:\\\/\\\/mountainguides.pro\\\/ar\\\/tours\\\/adventure\\\/namibia\\\/#breadcrumb\"},\"inLanguage\":\"zh\",\"potentialAction\":[{\"@type\":\"ReadAction\",\"target\":[\"https:\\\/\\\/mountainguides.pro\\\/ar\\\/tours\\\/adventure\\\/namibia\\\/\"]}]},{\"@type\":\"ImageObject\",\"inLanguage\":\"zh\",\"@id\":\"https:\\\/\\\/mountainguides.pro\\\/ar\\\/tours\\\/adventure\\\/namibia\\\/#primaryimage\",\"url\":\"https:\\\/\\\/mountainguides.pro\\\/wp-content\\\/uploads\\\/2025\\\/01\\\/tur-v-namibiyu-2.jpeg\",\"contentUrl\":\"https:\\\/\\\/mountainguides.pro\\\/wp-content\\\/uploads\\\/2025\\\/01\\\/tur-v-namibiyu-2.jpeg\",\"width\":1800,\"height\":1350},{\"@type\":\"BreadcrumbList\",\"@id\":\"https:\\\/\\\/mountainguides.pro\\\/ar\\\/tours\\\/adventure\\\/namibia\\\/#breadcrumb\",\"itemListElement\":[{\"@type\":\"ListItem\",\"position\":1,\"name\":\"Home\",\"item\":\"https:\\\/\\\/mountainguides.pro\\\/de\\\/\"},{\"@type\":\"ListItem\",\"position\":2,\"name\":\"\u062c\u0648\u0644\u0629 \u0646\u0627\u0645\u064a\u0628\u064a\u0627: \u062d\u062f\u064a\u0642\u0629 \u0625\u064a\u062a\u0648\u0634\u0627 \u0648\u0642\u0628\u0627\u0626\u0644 \u0647\u064a\u0645\u0628\u0627\"}]},{\"@type\":\"WebSite\",\"@id\":\"https:\\\/\\\/mountainguides.pro\\\/#website\",\"url\":\"https:\\\/\\\/mountainguides.pro\\\/\",\"name\":\"Mountain Guide\",\"description\":\"We aspire to be the first in everything!\",\"publisher\":{\"@id\":\"https:\\\/\\\/mountainguides.pro\\\/#organization\"},\"potentialAction\":[{\"@type\":\"SearchAction\",\"target\":{\"@type\":\"EntryPoint\",\"urlTemplate\":\"https:\\\/\\\/mountainguides.pro\\\/?s={search_term_string}\"},\"query-input\":{\"@type\":\"PropertyValueSpecification\",\"valueRequired\":true,\"valueName\":\"search_term_string\"}}],\"inLanguage\":\"zh\"},{\"@type\":\"Organization\",\"@id\":\"https:\\\/\\\/mountainguides.pro\\\/#organization\",\"name\":\"Mountain Guide\",\"url\":\"https:\\\/\\\/mountainguides.pro\\\/\",\"logo\":{\"@type\":\"ImageObject\",\"inLanguage\":\"zh\",\"@id\":\"https:\\\/\\\/mountainguides.pro\\\/#\\\/schema\\\/logo\\\/image\\\/\",\"url\":\"https:\\\/\\\/mountainguides.pro\\\/wp-content\\\/uploads\\\/2018\\\/01\\\/mglogo.jpg\",\"contentUrl\":\"https:\\\/\\\/mountainguides.pro\\\/wp-content\\\/uploads\\\/2018\\\/01\\\/mglogo.jpg\",\"width\":1200,\"height\":630,\"caption\":\"Mountain Guide\"},\"image\":{\"@id\":\"https:\\\/\\\/mountainguides.pro\\\/#\\\/schema\\\/logo\\\/image\\\/\"},\"sameAs\":[\"https:\\\/\\\/www.facebook.com\\\/Mountainguide-232956566756831\\\/\",\"https:\\\/\\\/x.com\\\/Wintercyclone\",\"http:\\\/\\\/instagram.com\\\/mountainguide\",\"http:\\\/\\\/www.youtube.com\\\/mountainguide\"]}]}<\/script>\n<!-- \/ Yoast SEO Premium plugin. -->","yoast_head_json":{"title":"Adventure Namibia","robots":{"index":"index","follow":"follow","max-snippet":"max-snippet:-1","max-image-preview":"max-image-preview:large","max-video-preview":"max-video-preview:-1"},"canonical":"https:\/\/mountainguides.pro\/zh\/tours\/adventure\/namibia\/","og_locale":"zh_CN","og_type":"article","og_title":"[:en]Namibia[:de]Tour nach Namibia: Der Etosha Park und die Himba-St\u00e4mme[:es]Tour a Namibia: parque Etosha y tribus Himba[:pt]Excurs\u00e3o \u00e0 Nam\u00edbia: Etosha Park e as tribos Himba[:zh]\u7eb3\u7c73\u6bd4\u4e9a\u4e4b\u65c5\uff1a\u57c3\u6258\u6c99\u516c\u56ed\u548c\u8f9b\u5df4\u90e8\u843d[:ko]\ub098\ubbf8\ube44\uc544 \ud22c\uc5b4:\uc5d0\ud1a0 \uc0e4 \uacf5\uc6d0\uacfc \ud798\ubc14 \ubd80\uc871[:ja]\u30ca\u30df\u30d3\u30a2\u30c4\u30a2\u30fc\uff1a\u30a8\u30c8\u30fc\u30b7\u30e3\u30d1\u30fc\u30af\u3068\u30d2\u30f3\u30d0\u65cf[:hi]\u0928\u093e\u092e\u0940\u092c\u093f\u092f\u093e \u091f\u0942\u0930: \u0907\u091f\u094b\u0936\u093e \u092a\u093e\u0930\u094d\u0915 \u0914\u0930 \u0939\u093f\u092e\u094d\u092c\u093e \u091c\u0928\u091c\u093e\u0924\u093f[:ar]\u062c\u0648\u0644\u0629 \u0646\u0627\u0645\u064a\u0628\u064a\u0627: \u062d\u062f\u064a\u0642\u0629 \u0625\u064a\u062a\u0648\u0634\u0627 \u0648\u0642\u0628\u0627\u0626\u0644 \u0647\u064a\u0645\u0628\u0627[:]","og_description":"\u767b\u4e0a\u8457\u540d\u7684\u201c45\u53f7\u6c99\u4e18\u201d\uff0c\u5728\u6e05\u6668\u7684\u9633\u5149\u4e0b\u6b23\u8d4f\u58ee\u4e3d\u7684\u7ea2\u8272\u6c99\u6f20\u5168\u666f\uff0c\u90a3\u65f6\u6c99\u4e18\u5728\u6a59\u8272\u548c\u7ea2\u8272\u7684\u5149\u5f71\u4e2d\u95ea\u8000  \u88ab\u9057\u5f03\u7684\u79d1\u5c14\u66fc\u65af\u79d1\u666e\u5c0f\u9547\uff1a\u63a2\u7d22\u8fd9\u4e2a\u795e\u79d8\u7684\u94bb\u77f3\u77ff\u5de5\u9b3c\u57ce\uff0c\u5b83\u6b63\u9010\u6e10\u88ab\u6c99\u6f20\u541e\u566c\uff0c\u5728\u5e9f\u5f03\u7684\u5efa\u7b51\u4e2d\u611f\u53d7\u8fc7\u53bb\u7684\u6c1b\u56f4  \u57c3\u6258\u6c99\u56fd\u5bb6\u516c\u56ed\uff1a\u5728\u7eb3\u7c73\u6bd4\u4e9a\u6700\u8457\u540d\u7684\u91ce\u751f\u52a8\u7269\u4fdd\u62a4\u533a\u4e4b\u4e00\u8fdb\u884c\u91ce\u5916\u72e9\u730e\u4e4b\u65c5\uff0c\u6c89\u6d78\u5728\u91ce\u6027\u81ea\u7136\u4e2d\uff0c\u6709\u673a\u4f1a\u770b\u5230\u5927\u8c61\u3001\u957f\u9888\u9e7f\u3001\u72ee\u5b50\u4ee5\u53ca\u4f17\u591a\u5176\u4ed6\u52a8\u7269\u5728\u5176\u81ea\u7136\u6816\u606f\u5730\u7684\u751f\u6d3b  \u57fa\u7279\u66fc\u65af\u80e1\u666e\u4e0e\u201c\u5de8\u4eba\u6e38\u4e50\u573a\u201d\uff1a\u63a2\u7d22\u72ec\u7279\u7684\u5730\u8d28\u5947\u89c2\u548c\u5de8\u5927\u7684\u7384\u6b66\u5ca9\u5de8\u77f3\uff0c\u5728\u90a3\u91cc\u5927\u81ea\u7136\u521b\u9020\u51fa\u5982\u96d5\u5851\u822c\u7684\u5947\u8ff9  \u8f9b\u5df4\u65cf\u6587\u5316\uff1a\u4e86\u89e3\u8fd9\u4e2a\u72ec\u7279\u90e8\u843d\u7684\u751f\u6d3b\u65b9\u5f0f\uff0c\u4ed6\u4eec\u7684\u4f20\u7edf\u5f97\u4ee5\u5b8c\u6574\u4fdd\u7559\uff0c\u5728\u4f20\u7edf\u6751\u843d\u4e2d\u6df1\u5165\u8ba4\u8bc6\u4ed6\u4eec\u7684\u6587\u5316\u548c\u4e60\u4fd7  *\u8bf7\u6ce8\u610f\uff0c\u6211\u4eec\u516c\u53f8\u4e0d\u4ece\u4e8b\u673a\u7968\u7684\u8d2d\u4e70\u3001\u9500\u552e\u4ee5\u53ca\u7b7e\u8bc1\u529e\u7406\u4e1a\u52a1\uff0c\u56e0\u6b64\u5bf9\u4e8e\u4e0e\u822a\u73ed\u6216\u8fc7\u5883\u76f8\u5173\u7684\u4e0d\u53ef\u6297\u529b\u60c5\u51b5\u4e0d\u627f\u62c5\u8d23\u4efb\u3002 \u91cd\u8981\u4fe1\u606f\uff1a    \u9152\u5e97\u7684\u5165\u4f4f\u548c\u9000\u623f\u65f6\u95f4\u6709\u89c4\u5b9a\uff1a\u5165\u4f4f\u65f6\u95f4\u4e3a15:00\u4e4b\u540e\uff0c\u9000\u623f\u65f6\u95f4\u4e3a11:00\u201312:00\u4e4b\u524d\u3002\u884c\u674e\u53ef\u4ee5\u5bc4\u5b58\u5728\u9152\u5e97\u524d\u53f0\u540e\u81ea\u884c\u5728\u57ce\u5e02\u4e2d\u6563\u6b65\uff0c\u6216\u8005\u5728\u6280\u672f\u6761\u4ef6\u5141\u8bb8\u7684\u60c5\u51b5\u4e0b\u652f\u4ed8\u989d\u5916\u8d39\u7528\u63d0\u524d\u5165\u4f4f\/\u5ef6\u8fdf\u9000\u623f\u3002  \u5728\u7eb3\u7c73\u6bd4\u4e9a\uff0c\u5151\u6362\u5c0f\u989d\u3001\u7834\u65e7\u53ca2009\u5e74\u4e4b\u524d\u53d1\u884c\u7684\u7f8e\u5143\u7eb8\u5e01\u53ef\u80fd\u4f1a\u9047\u5230\u4e00\u4e9b\u56f0\u96be\u3002\u53ef\u80fd\u4f1a\u4ea7\u751f\u989d\u5916\u624b\u7eed\u8d39\uff0c\u6216\u8005\u4f1a\u88ab\u62d2\u7edd\u5151\u6362\uff0c\u8bf7\u63d0\u524d\u6ce8\u610f\u3002","og_url":"https:\/\/mountainguides.pro\/zh\/tours\/adventure\/namibia\/","og_site_name":"Mountain Guide","article_publisher":"https:\/\/www.facebook.com\/Mountainguide-232956566756831\/","article_modified_time":"2026-01-29T11:30:49+00:00","og_image":[{"width":1800,"height":1350,"url":"https:\/\/mountainguides.pro\/wp-content\/uploads\/2025\/01\/tur-v-namibiyu-2.jpeg","type":"image\/jpeg"}],"twitter_card":"summary_large_image","twitter_site":"@Wintercyclone","twitter_misc":{"\u9884\u8ba1\u9605\u8bfb\u65f6\u95f4":"1 \u5206"},"schema":{"@context":"https:\/\/schema.org","@graph":[{"@type":"WebPage","@id":"https:\/\/mountainguides.pro\/ar\/tours\/adventure\/namibia\/","url":"https:\/\/mountainguides.pro\/ar\/tours\/adventure\/namibia\/","name":"Adventure Namibia","isPartOf":{"@id":"https:\/\/mountainguides.pro\/#website"},"primaryImageOfPage":{"@id":"https:\/\/mountainguides.pro\/ar\/tours\/adventure\/namibia\/#primaryimage"},"image":{"@id":"https:\/\/mountainguides.pro\/ar\/tours\/adventure\/namibia\/#primaryimage"},"thumbnailUrl":"https:\/\/mountainguides.pro\/wp-content\/uploads\/2025\/01\/tur-v-namibiyu-2.jpeg","datePublished":"2025-01-07T21:43:59+00:00","dateModified":"2026-01-29T11:30:49+00:00","breadcrumb":{"@id":"https:\/\/mountainguides.pro\/ar\/tours\/adventure\/namibia\/#breadcrumb"},"inLanguage":"zh","potentialAction":[{"@type":"ReadAction","target":["https:\/\/mountainguides.pro\/ar\/tours\/adventure\/namibia\/"]}]},{"@type":"ImageObject","inLanguage":"zh","@id":"https:\/\/mountainguides.pro\/ar\/tours\/adventure\/namibia\/#primaryimage","url":"https:\/\/mountainguides.pro\/wp-content\/uploads\/2025\/01\/tur-v-namibiyu-2.jpeg","contentUrl":"https:\/\/mountainguides.pro\/wp-content\/uploads\/2025\/01\/tur-v-namibiyu-2.jpeg","width":1800,"height":1350},{"@type":"BreadcrumbList","@id":"https:\/\/mountainguides.pro\/ar\/tours\/adventure\/namibia\/#breadcrumb","itemListElement":[{"@type":"ListItem","position":1,"name":"Home","item":"https:\/\/mountainguides.pro\/de\/"},{"@type":"ListItem","position":2,"name":"\u062c\u0648\u0644\u0629 \u0646\u0627\u0645\u064a\u0628\u064a\u0627: \u062d\u062f\u064a\u0642\u0629 \u0625\u064a\u062a\u0648\u0634\u0627 \u0648\u0642\u0628\u0627\u0626\u0644 \u0647\u064a\u0645\u0628\u0627"}]},{"@type":"WebSite","@id":"https:\/\/mountainguides.pro\/#website","url":"https:\/\/mountainguides.pro\/","name":"Mountain Guide","description":"We aspire to be the first in everything!","publisher":{"@id":"https:\/\/mountainguides.pro\/#organization"},"potentialAction":[{"@type":"SearchAction","target":{"@type":"EntryPoint","urlTemplate":"https:\/\/mountainguides.pro\/?s={search_term_string}"},"query-input":{"@type":"PropertyValueSpecification","valueRequired":true,"valueName":"search_term_string"}}],"inLanguage":"zh"},{"@type":"Organization","@id":"https:\/\/mountainguides.pro\/#organization","name":"Mountain Guide","url":"https:\/\/mountainguides.pro\/","logo":{"@type":"ImageObject","inLanguage":"zh","@id":"https:\/\/mountainguides.pro\/#\/schema\/logo\/image\/","url":"https:\/\/mountainguides.pro\/wp-content\/uploads\/2018\/01\/mglogo.jpg","contentUrl":"https:\/\/mountainguides.pro\/wp-content\/uploads\/2018\/01\/mglogo.jpg","width":1200,"height":630,"caption":"Mountain Guide"},"image":{"@id":"https:\/\/mountainguides.pro\/#\/schema\/logo\/image\/"},"sameAs":["https:\/\/www.facebook.com\/Mountainguide-232956566756831\/","https:\/\/x.com\/Wintercyclone","http:\/\/instagram.com\/mountainguide","http:\/\/www.youtube.com\/mountainguide"]}]}},"_links":{"self":[{"href":"https:\/\/mountainguides.pro\/zh\/wp-json\/wp\/v2\/product\/19547","targetHints":{"allow":["GET"]}}],"collection":[{"href":"https:\/\/mountainguides.pro\/zh\/wp-json\/wp\/v2\/product"}],"about":[{"href":"https:\/\/mountainguides.pro\/zh\/wp-json\/wp\/v2\/types\/product"}],"replies":[{"embeddable":true,"href":"https:\/\/mountainguides.pro\/zh\/wp-json\/wp\/v2\/comments?post=19547"}],"version-history":[{"count":12,"href":"https:\/\/mountainguides.pro\/zh\/wp-json\/wp\/v2\/product\/19547\/revisions"}],"predecessor-version":[{"id":32675,"href":"https:\/\/mountainguides.pro\/zh\/wp-json\/wp\/v2\/product\/19547\/revisions\/32675"}],"wp:featuredmedia":[{"embeddable":true,"href":"https:\/\/mountainguides.pro\/zh\/wp-json\/wp\/v2\/media\/21460"}],"wp:attachment":[{"href":"https:\/\/mountainguides.pro\/zh\/wp-json\/wp\/v2\/media?parent=19547"}],"wp:term":[{"taxonomy":"product_cat","embeddable":true,"href":"https:\/\/mountainguides.pro\/zh\/wp-json\/wp\/v2\/product_cat?post=19547"},{"taxonomy":"product_tag","embeddable":true,"href":"https:\/\/mountainguides.pro\/zh\/wp-json\/wp\/v2\/product_tag?post=19547"}],"curies":[{"name":"wp","href":"https:\/\/api.w.org\/{rel}","templated":true}]}}