{"id":19559,"date":"2024-12-28T14:52:23","date_gmt":"2024-12-28T11:52:23","guid":{"rendered":"https:\/\/mountainguides.pro\/?post_type=product&#038;p=19559"},"modified":"2026-01-29T14:47:26","modified_gmt":"2026-01-29T11:47:26","slug":"ethiopia","status":"publish","type":"product","link":"https:\/\/mountainguides.pro\/zh\/tours\/adventure\/ethiopia\/","title":{"rendered":"\u57c3\u585e\u4fc4\u6bd4\u4e9a\u4e4b\u65c5\uff1a\u5b87\u5b99\u666f\u89c2\u548c\u5965\u83ab\u5c71\u8c37\u90e8\u843d"},"content":{"rendered":"","protected":false},"excerpt":{"rendered":"<ul>\n<li class=\"p1\">\u57c3\u585e\u4fc4\u6bd4\u4e9a\u6700\u53e4\u8001\u7684\u90e8\u843d\uff1a\u591a\u5c14\u6cfd\u3001\u5b54\u7d22\u3001\u54c8\u9ed8\u5c14\u3001\u5361\u7f57\u3001\u8fbe\u585e\u5185\u5947\u3001\u963f\u535a\u96f7\u3001\u963f\u91cc\u3001\u7a46\u5c14\u897f<\/li>\n<li class=\"p1\">\u767e\u5e74\u4f20\u7edf\u4e0e\u72ec\u7279\u4eea\u5f0f<\/li>\n<li class=\"p1\">\u8212\u9002\u7684\u65c5\u884c\u8282\u594f \u2014\u2014 \u4e0e\u5f53\u5730\u5c45\u6c11\u81ea\u7531\u4ea4\u6d41\u6240\u9700\u7684\u65f6\u95f4<\/li>\n<li class=\"p1\">\u9b3c\u57ce\u8fbe\u6d1b\u5c14\u4e0e\u5728\u8352\u829c\u7684\u963f\u6cd5\u5c14\u6d3c\u5730\u4e2d\u5fc3\u9732\u8425\u8fc7\u591c<\/li>\n<li class=\"p1\">\u76d0\u6ee9\u548c\u5728\u54b8\u6c34\u5361\u9c81\u59c6\u6e56\u4e2d\u6e38\u6cf3<\/li>\n<li class=\"p1\">\u8fbe\u7eb3\u57fa\u52d2\u51f9\u5730\u7684\u5916\u661f\u666f\u89c2\u3001\u706b\u5c71\u6d1e\u7a74\u91ce\u9910\u548c\u81f4\u547d\u7684\u9178\u6c60<\/li>\n<li class=\"p1\">\u6500\u767b\u72ec\u7279\u7684\u6d3b\u706b\u5c71\u57c3\u5c14\u5854\u963f\u96f7\u5cf0 \u2014\u2014 \u62e5\u6709\u4e24\u4e2a\u706b\u5c71\u7194\u5ca9\u6e56\u3001\u7ffb\u6eda\u7684\u7194\u5ca9\u4e0e\u706b\u7130\u55b7\u6cc9<\/li>\n<li class=\"p1\">\u54b8\u6c34\u963f\u592b\u5fb7\u62c9\u6e56\u53ca\u57c3\u585e\u4fc4\u6bd4\u4e9a\u201c\u767d\u8272\u9ec4\u91d1\u201d\u2014\u2014\u76d0\u7684\u5f00\u91c7<\/li>\n<\/ul>\n<p class=\"p1\"><strong>*\u8bf7\u6ce8\u610f\uff0c\u6211\u4eec\u516c\u53f8\u4e0d\u4ece\u4e8b\u673a\u7968\u7684\u8d2d\u4e70\u3001\u9500\u552e\u548c\u7b7e\u8bc1\u529e\u7406\u4e1a\u52a1\uff0c\u56e0\u6b64\u5bf9\u4e8e\u4e0e\u822a\u73ed\u6216\u8fc7\u5883\u76f8\u5173\u7684\u4efb\u4f55\u4e0d\u53ef\u6297\u529b\u60c5\u51b5\u4e0d\u627f\u62c5\u8d23\u4efb\u3002<\/strong><\/p>\n<p class=\"p1\"><strong>\u91cd\u8981\u4fe1\u606f\uff1a<\/strong><\/p>\n<ul>\n<li class=\"p1\">\u9152\u5e97\u7684\u5165\u4f4f\u548c\u9000\u623f\u65f6\u95f4\u7531\u9152\u5e97\u89c4\u5b9a\uff1a\u5165\u4f4f\u65f6\u95f4\u4e3a15:00\u4e4b\u540e\uff0c\u9000\u623f\u65f6\u95f4\u4e3a11:00\u201312:00\u4e4b\u524d\u3002\u60a8\u53ef\u4ee5\u5c06\u884c\u674e\u5bc4\u5b58\u5728\u9152\u5e97\u524d\u53f0\u5e76\u81ea\u884c\u6e38\u89c8\u57ce\u5e02\uff0c\u6216\u8005\u5728\u6280\u672f\u5141\u8bb8\u7684\u60c5\u51b5\u4e0b\u652f\u4ed8\u989d\u5916\u8d39\u7528\u4ee5\u63d0\u524d\u5165\u4f4f\/\u5ef6\u8fdf\u9000\u623f\u3002<\/li>\n<li class=\"p1\">\u5728\u57c3\u585e\u4fc4\u6bd4\u4e9a\uff0c\u5151\u6362\u5c0f\u989d\u3001\u7834\u635f\u53ca2009\u5e74\u4e4b\u524d\u53d1\u884c\u7684\u7f8e\u5143\u7eb8\u5e01\u53ef\u80fd\u4f1a\u9047\u5230\u56f0\u96be\uff0c\u8bf7\u63d0\u524d\u77e5\u6089\u3002\u6709\u4e9b\u5730\u65b9\u4f1a\u6536\u53d6\u989d\u5916\u624b\u7eed\u8d39\uff0c\u6709\u4e9b\u5219\u53ef\u80fd\u76f4\u63a5\u62d2\u7edd\u5151\u6362\u3002\uff09<\/li>\n<\/ul>\n","protected":false},"featured_media":21457,"comment_status":"closed","ping_status":"closed","template":"","meta":{"_acf_changed":false,"footnotes":""},"product_cat":[337],"product_tag":[],"class_list":{"0":"post-19559","1":"product","2":"type-product","3":"status-publish","4":"has-post-thumbnail","6":"product_cat-adventure","8":"first","9":"instock","10":"shipping-taxable","11":"purchasable","12":"product-type-simple"},"acf":[],"yoast_head":"<!-- This site is optimized with the Yoast SEO Premium plugin v26.5 (Yoast SEO v27.4) - https:\/\/yoast.com\/product\/yoast-seo-premium-wordpress\/ -->\n<title>Adventure Ethiopia<\/title>\n<meta name=\"robots\" content=\"index, follow, max-snippet:-1, max-image-preview:large, max-video-preview:-1\" \/>\n<link rel=\"canonical\" href=\"https:\/\/mountainguides.pro\/zh\/tours\/adventure\/ethiopia\/\" \/>\n<meta property=\"og:locale\" content=\"zh_CN\" \/>\n<meta property=\"og:locale:alternate\" content=\"en_US\" \/>\n<meta property=\"og:locale:alternate\" content=\"ru_RU\" \/>\n<meta property=\"og:locale:alternate\" content=\"de\" \/>\n<meta property=\"og:locale:alternate\" content=\"es\" \/>\n<meta property=\"og:locale:alternate\" content=\"pt\" \/>\n<meta property=\"og:locale:alternate\" content=\"ko\" \/>\n<meta property=\"og:locale:alternate\" content=\"ja\" \/>\n<meta property=\"og:locale:alternate\" content=\"hi\" \/>\n<meta property=\"og:locale:alternate\" content=\"ar\" \/>\n<meta property=\"og:type\" content=\"article\" \/>\n<meta property=\"og:title\" content=\"\u57c3\u585e\u4fc4\u6bd4\u4e9a\u4e4b\u65c5\uff1a\u5b87\u5b99\u666f\u89c2\u548c\u5965\u83ab\u5c71\u8c37\u90e8\u843d\" \/>\n<meta property=\"og:description\" content=\"\u57c3\u585e\u4fc4\u6bd4\u4e9a\u6700\u53e4\u8001\u7684\u90e8\u843d\uff1a\u591a\u5c14\u6cfd\u3001\u5b54\u7d22\u3001\u54c8\u9ed8\u5c14\u3001\u5361\u7f57\u3001\u8fbe\u585e\u5185\u5947\u3001\u963f\u535a\u96f7\u3001\u963f\u91cc\u3001\u7a46\u5c14\u897f  \u767e\u5e74\u4f20\u7edf\u4e0e\u72ec\u7279\u4eea\u5f0f  \u8212\u9002\u7684\u65c5\u884c\u8282\u594f \u2014\u2014 \u4e0e\u5f53\u5730\u5c45\u6c11\u81ea\u7531\u4ea4\u6d41\u6240\u9700\u7684\u65f6\u95f4  \u9b3c\u57ce\u8fbe\u6d1b\u5c14\u4e0e\u5728\u8352\u829c\u7684\u963f\u6cd5\u5c14\u6d3c\u5730\u4e2d\u5fc3\u9732\u8425\u8fc7\u591c  \u76d0\u6ee9\u548c\u5728\u54b8\u6c34\u5361\u9c81\u59c6\u6e56\u4e2d\u6e38\u6cf3  \u8fbe\u7eb3\u57fa\u52d2\u51f9\u5730\u7684\u5916\u661f\u666f\u89c2\u3001\u706b\u5c71\u6d1e\u7a74\u91ce\u9910\u548c\u81f4\u547d\u7684\u9178\u6c60  \u6500\u767b\u72ec\u7279\u7684\u6d3b\u706b\u5c71\u57c3\u5c14\u5854\u963f\u96f7\u5cf0 \u2014\u2014 \u62e5\u6709\u4e24\u4e2a\u706b\u5c71\u7194\u5ca9\u6e56\u3001\u7ffb\u6eda\u7684\u7194\u5ca9\u4e0e\u706b\u7130\u55b7\u6cc9  \u54b8\u6c34\u963f\u592b\u5fb7\u62c9\u6e56\u53ca\u57c3\u585e\u4fc4\u6bd4\u4e9a\u201c\u767d\u8272\u9ec4\u91d1\u201d\u2014\u2014\u76d0\u7684\u5f00\u91c7  *\u8bf7\u6ce8\u610f\uff0c\u6211\u4eec\u516c\u53f8\u4e0d\u4ece\u4e8b\u673a\u7968\u7684\u8d2d\u4e70\u3001\u9500\u552e\u548c\u7b7e\u8bc1\u529e\u7406\u4e1a\u52a1\uff0c\u56e0\u6b64\u5bf9\u4e8e\u4e0e\u822a\u73ed\u6216\u8fc7\u5883\u76f8\u5173\u7684\u4efb\u4f55\u4e0d\u53ef\u6297\u529b\u60c5\u51b5\u4e0d\u627f\u62c5\u8d23\u4efb\u3002 \u91cd\u8981\u4fe1\u606f\uff1a    \u9152\u5e97\u7684\u5165\u4f4f\u548c\u9000\u623f\u65f6\u95f4\u7531\u9152\u5e97\u89c4\u5b9a\uff1a\u5165\u4f4f\u65f6\u95f4\u4e3a15:00\u4e4b\u540e\uff0c\u9000\u623f\u65f6\u95f4\u4e3a11:00\u201312:00\u4e4b\u524d\u3002\u60a8\u53ef\u4ee5\u5c06\u884c\u674e\u5bc4\u5b58\u5728\u9152\u5e97\u524d\u53f0\u5e76\u81ea\u884c\u6e38\u89c8\u57ce\u5e02\uff0c\u6216\u8005\u5728\u6280\u672f\u5141\u8bb8\u7684\u60c5\u51b5\u4e0b\u652f\u4ed8\u989d\u5916\u8d39\u7528\u4ee5\u63d0\u524d\u5165\u4f4f\/\u5ef6\u8fdf\u9000\u623f\u3002  \u5728\u57c3\u585e\u4fc4\u6bd4\u4e9a\uff0c\u5151\u6362\u5c0f\u989d\u3001\u7834\u635f\u53ca2009\u5e74\u4e4b\u524d\u53d1\u884c\u7684\u7f8e\u5143\u7eb8\u5e01\u53ef\u80fd\u4f1a\u9047\u5230\u56f0\u96be\uff0c\u8bf7\u63d0\u524d\u77e5\u6089\u3002\u6709\u4e9b\u5730\u65b9\u4f1a\u6536\u53d6\u989d\u5916\u624b\u7eed\u8d39\uff0c\u6709\u4e9b\u5219\u53ef\u80fd\u76f4\u63a5\u62d2\u7edd\u5151\u6362\u3002\uff09\" \/>\n<meta property=\"og:url\" content=\"https:\/\/mountainguides.pro\/zh\/tours\/adventure\/ethiopia\/\" \/>\n<meta property=\"og:site_name\" content=\"Mountain Guide\" \/>\n<meta property=\"article:publisher\" content=\"https:\/\/www.facebook.com\/Mountainguide-232956566756831\/\" \/>\n<meta property=\"article:modified_time\" content=\"2026-01-29T11:47:26+00:00\" \/>\n<meta property=\"og:image\" content=\"https:\/\/mountainguides.pro\/wp-content\/uploads\/2024\/12\/tur-efiopiya-dolina-omo.jpeg\" \/>\n\t<meta property=\"og:image:width\" content=\"1800\" \/>\n\t<meta property=\"og:image:height\" content=\"1350\" \/>\n\t<meta property=\"og:image:type\" content=\"image\/jpeg\" \/>\n<meta name=\"twitter:card\" content=\"summary_large_image\" \/>\n<meta name=\"twitter:site\" content=\"@Wintercyclone\" \/>\n<meta name=\"twitter:label1\" content=\"\u9884\u8ba1\u9605\u8bfb\u65f6\u95f4\" \/>\n\t<meta name=\"twitter:data1\" content=\"1 \u5206\" \/>\n<script type=\"application\/ld+json\" class=\"yoast-schema-graph\">{\"@context\":\"https:\\\/\\\/schema.org\",\"@graph\":[{\"@type\":\"WebPage\",\"@id\":\"https:\\\/\\\/mountainguides.pro\\\/ar\\\/tours\\\/adventure\\\/ethiopia\\\/\",\"url\":\"https:\\\/\\\/mountainguides.pro\\\/ar\\\/tours\\\/adventure\\\/ethiopia\\\/\",\"name\":\"Adventure Ethiopia\",\"isPartOf\":{\"@id\":\"https:\\\/\\\/mountainguides.pro\\\/#website\"},\"primaryImageOfPage\":{\"@id\":\"https:\\\/\\\/mountainguides.pro\\\/ar\\\/tours\\\/adventure\\\/ethiopia\\\/#primaryimage\"},\"image\":{\"@id\":\"https:\\\/\\\/mountainguides.pro\\\/ar\\\/tours\\\/adventure\\\/ethiopia\\\/#primaryimage\"},\"thumbnailUrl\":\"https:\\\/\\\/mountainguides.pro\\\/wp-content\\\/uploads\\\/2024\\\/12\\\/tur-efiopiya-dolina-omo.jpeg\",\"datePublished\":\"2024-12-28T11:52:23+00:00\",\"dateModified\":\"2026-01-29T11:47:26+00:00\",\"breadcrumb\":{\"@id\":\"https:\\\/\\\/mountainguides.pro\\\/ar\\\/tours\\\/adventure\\\/ethiopia\\\/#breadcrumb\"},\"inLanguage\":\"zh\",\"potentialAction\":[{\"@type\":\"ReadAction\",\"target\":[\"https:\\\/\\\/mountainguides.pro\\\/ar\\\/tours\\\/adventure\\\/ethiopia\\\/\"]}]},{\"@type\":\"ImageObject\",\"inLanguage\":\"zh\",\"@id\":\"https:\\\/\\\/mountainguides.pro\\\/ar\\\/tours\\\/adventure\\\/ethiopia\\\/#primaryimage\",\"url\":\"https:\\\/\\\/mountainguides.pro\\\/wp-content\\\/uploads\\\/2024\\\/12\\\/tur-efiopiya-dolina-omo.jpeg\",\"contentUrl\":\"https:\\\/\\\/mountainguides.pro\\\/wp-content\\\/uploads\\\/2024\\\/12\\\/tur-efiopiya-dolina-omo.jpeg\",\"width\":1800,\"height\":1350},{\"@type\":\"BreadcrumbList\",\"@id\":\"https:\\\/\\\/mountainguides.pro\\\/ar\\\/tours\\\/adventure\\\/ethiopia\\\/#breadcrumb\",\"itemListElement\":[{\"@type\":\"ListItem\",\"position\":1,\"name\":\"Home\",\"item\":\"https:\\\/\\\/mountainguides.pro\\\/de\\\/\"},{\"@type\":\"ListItem\",\"position\":2,\"name\":\"\u062c\u0648\u0644\u0629 \u0625\u062b\u064a\u0648\u0628\u064a\u0627: \u0627\u0644\u0645\u0646\u0627\u0638\u0631 \u0627\u0644\u0637\u0628\u064a\u0639\u064a\u0629 \u0627\u0644\u0643\u0648\u0646\u064a\u0629 \u0648\u0642\u0628\u0627\u0626\u0644 \u0648\u0627\u062f\u064a \u0623\u0648\u0645\u0648\"}]},{\"@type\":\"WebSite\",\"@id\":\"https:\\\/\\\/mountainguides.pro\\\/#website\",\"url\":\"https:\\\/\\\/mountainguides.pro\\\/\",\"name\":\"Mountain Guide\",\"description\":\"We aspire to be the first in everything!\",\"publisher\":{\"@id\":\"https:\\\/\\\/mountainguides.pro\\\/#organization\"},\"potentialAction\":[{\"@type\":\"SearchAction\",\"target\":{\"@type\":\"EntryPoint\",\"urlTemplate\":\"https:\\\/\\\/mountainguides.pro\\\/?s={search_term_string}\"},\"query-input\":{\"@type\":\"PropertyValueSpecification\",\"valueRequired\":true,\"valueName\":\"search_term_string\"}}],\"inLanguage\":\"zh\"},{\"@type\":\"Organization\",\"@id\":\"https:\\\/\\\/mountainguides.pro\\\/#organization\",\"name\":\"Mountain Guide\",\"url\":\"https:\\\/\\\/mountainguides.pro\\\/\",\"logo\":{\"@type\":\"ImageObject\",\"inLanguage\":\"zh\",\"@id\":\"https:\\\/\\\/mountainguides.pro\\\/#\\\/schema\\\/logo\\\/image\\\/\",\"url\":\"https:\\\/\\\/mountainguides.pro\\\/wp-content\\\/uploads\\\/2018\\\/01\\\/mglogo.jpg\",\"contentUrl\":\"https:\\\/\\\/mountainguides.pro\\\/wp-content\\\/uploads\\\/2018\\\/01\\\/mglogo.jpg\",\"width\":1200,\"height\":630,\"caption\":\"Mountain Guide\"},\"image\":{\"@id\":\"https:\\\/\\\/mountainguides.pro\\\/#\\\/schema\\\/logo\\\/image\\\/\"},\"sameAs\":[\"https:\\\/\\\/www.facebook.com\\\/Mountainguide-232956566756831\\\/\",\"https:\\\/\\\/x.com\\\/Wintercyclone\",\"http:\\\/\\\/instagram.com\\\/mountainguide\",\"http:\\\/\\\/www.youtube.com\\\/mountainguide\"]}]}<\/script>\n<!-- \/ Yoast SEO Premium plugin. -->","yoast_head_json":{"title":"Adventure Ethiopia","robots":{"index":"index","follow":"follow","max-snippet":"max-snippet:-1","max-image-preview":"max-image-preview:large","max-video-preview":"max-video-preview:-1"},"canonical":"https:\/\/mountainguides.pro\/zh\/tours\/adventure\/ethiopia\/","og_locale":"zh_CN","og_type":"article","og_title":"[:en]Ethiopia[:de]Tour nach \u00c4thiopien: kosmische Landschaften und die St\u00e4mme des Omo-Tals[:es]Tour a Etiop\u00eda: paisajes espaciales y tribus del valle de Omo[:pt]Excurs\u00e3o \u00e0 Eti\u00f3pia: paisagens espaciais e tribos do Vale do Omo[:zh]\u57c3\u585e\u4fc4\u6bd4\u4e9a\u4e4b\u65c5\uff1a\u5b87\u5b99\u666f\u89c2\u548c\u5965\u83ab\u5c71\u8c37\u90e8\u843d[:ko]\uc5d0\ud2f0\uc624\ud53c\uc544 \ud22c\uc5b4:\uc6b0\uc8fc \ud48d\uacbd\uacfc \uc624\ubaa8 \uacc4\uace1 \ubd80\uc871[:ja]\u30a8\u30c1\u30aa\u30d4\u30a2\u30c4\u30a2\u30fc\uff1a\u5b87\u5b99\u306e\u98a8\u666f\u3068\u30aa\u30e2\u6e13\u8c37\u306e\u90e8\u65cf[:hi]\u0907\u0925\u093f\u092f\u094b\u092a\u093f\u092f\u093e \u091f\u0942\u0930: \u0915\u0949\u0938\u094d\u092e\u093f\u0915 \u0932\u0948\u0902\u0921\u0938\u094d\u0915\u0947\u092a \u0914\u0930 \u0913\u092e\u094b \u0935\u0948\u0932\u0940 \u091f\u094d\u0930\u093e\u0907\u092c\u094d\u0938[:ar]\u062c\u0648\u0644\u0629 \u0625\u062b\u064a\u0648\u0628\u064a\u0627: \u0627\u0644\u0645\u0646\u0627\u0638\u0631 \u0627\u0644\u0637\u0628\u064a\u0639\u064a\u0629 \u0627\u0644\u0643\u0648\u0646\u064a\u0629 \u0648\u0642\u0628\u0627\u0626\u0644 \u0648\u0627\u062f\u064a \u0623\u0648\u0645\u0648[:]","og_description":"\u57c3\u585e\u4fc4\u6bd4\u4e9a\u6700\u53e4\u8001\u7684\u90e8\u843d\uff1a\u591a\u5c14\u6cfd\u3001\u5b54\u7d22\u3001\u54c8\u9ed8\u5c14\u3001\u5361\u7f57\u3001\u8fbe\u585e\u5185\u5947\u3001\u963f\u535a\u96f7\u3001\u963f\u91cc\u3001\u7a46\u5c14\u897f  \u767e\u5e74\u4f20\u7edf\u4e0e\u72ec\u7279\u4eea\u5f0f  \u8212\u9002\u7684\u65c5\u884c\u8282\u594f \u2014\u2014 \u4e0e\u5f53\u5730\u5c45\u6c11\u81ea\u7531\u4ea4\u6d41\u6240\u9700\u7684\u65f6\u95f4  \u9b3c\u57ce\u8fbe\u6d1b\u5c14\u4e0e\u5728\u8352\u829c\u7684\u963f\u6cd5\u5c14\u6d3c\u5730\u4e2d\u5fc3\u9732\u8425\u8fc7\u591c  \u76d0\u6ee9\u548c\u5728\u54b8\u6c34\u5361\u9c81\u59c6\u6e56\u4e2d\u6e38\u6cf3  \u8fbe\u7eb3\u57fa\u52d2\u51f9\u5730\u7684\u5916\u661f\u666f\u89c2\u3001\u706b\u5c71\u6d1e\u7a74\u91ce\u9910\u548c\u81f4\u547d\u7684\u9178\u6c60  \u6500\u767b\u72ec\u7279\u7684\u6d3b\u706b\u5c71\u57c3\u5c14\u5854\u963f\u96f7\u5cf0 \u2014\u2014 \u62e5\u6709\u4e24\u4e2a\u706b\u5c71\u7194\u5ca9\u6e56\u3001\u7ffb\u6eda\u7684\u7194\u5ca9\u4e0e\u706b\u7130\u55b7\u6cc9  \u54b8\u6c34\u963f\u592b\u5fb7\u62c9\u6e56\u53ca\u57c3\u585e\u4fc4\u6bd4\u4e9a\u201c\u767d\u8272\u9ec4\u91d1\u201d\u2014\u2014\u76d0\u7684\u5f00\u91c7  *\u8bf7\u6ce8\u610f\uff0c\u6211\u4eec\u516c\u53f8\u4e0d\u4ece\u4e8b\u673a\u7968\u7684\u8d2d\u4e70\u3001\u9500\u552e\u548c\u7b7e\u8bc1\u529e\u7406\u4e1a\u52a1\uff0c\u56e0\u6b64\u5bf9\u4e8e\u4e0e\u822a\u73ed\u6216\u8fc7\u5883\u76f8\u5173\u7684\u4efb\u4f55\u4e0d\u53ef\u6297\u529b\u60c5\u51b5\u4e0d\u627f\u62c5\u8d23\u4efb\u3002 \u91cd\u8981\u4fe1\u606f\uff1a    \u9152\u5e97\u7684\u5165\u4f4f\u548c\u9000\u623f\u65f6\u95f4\u7531\u9152\u5e97\u89c4\u5b9a\uff1a\u5165\u4f4f\u65f6\u95f4\u4e3a15:00\u4e4b\u540e\uff0c\u9000\u623f\u65f6\u95f4\u4e3a11:00\u201312:00\u4e4b\u524d\u3002\u60a8\u53ef\u4ee5\u5c06\u884c\u674e\u5bc4\u5b58\u5728\u9152\u5e97\u524d\u53f0\u5e76\u81ea\u884c\u6e38\u89c8\u57ce\u5e02\uff0c\u6216\u8005\u5728\u6280\u672f\u5141\u8bb8\u7684\u60c5\u51b5\u4e0b\u652f\u4ed8\u989d\u5916\u8d39\u7528\u4ee5\u63d0\u524d\u5165\u4f4f\/\u5ef6\u8fdf\u9000\u623f\u3002  \u5728\u57c3\u585e\u4fc4\u6bd4\u4e9a\uff0c\u5151\u6362\u5c0f\u989d\u3001\u7834\u635f\u53ca2009\u5e74\u4e4b\u524d\u53d1\u884c\u7684\u7f8e\u5143\u7eb8\u5e01\u53ef\u80fd\u4f1a\u9047\u5230\u56f0\u96be\uff0c\u8bf7\u63d0\u524d\u77e5\u6089\u3002\u6709\u4e9b\u5730\u65b9\u4f1a\u6536\u53d6\u989d\u5916\u624b\u7eed\u8d39\uff0c\u6709\u4e9b\u5219\u53ef\u80fd\u76f4\u63a5\u62d2\u7edd\u5151\u6362\u3002\uff09","og_url":"https:\/\/mountainguides.pro\/zh\/tours\/adventure\/ethiopia\/","og_site_name":"Mountain Guide","article_publisher":"https:\/\/www.facebook.com\/Mountainguide-232956566756831\/","article_modified_time":"2026-01-29T11:47:26+00:00","og_image":[{"width":1800,"height":1350,"url":"https:\/\/mountainguides.pro\/wp-content\/uploads\/2024\/12\/tur-efiopiya-dolina-omo.jpeg","type":"image\/jpeg"}],"twitter_card":"summary_large_image","twitter_site":"@Wintercyclone","twitter_misc":{"\u9884\u8ba1\u9605\u8bfb\u65f6\u95f4":"1 \u5206"},"schema":{"@context":"https:\/\/schema.org","@graph":[{"@type":"WebPage","@id":"https:\/\/mountainguides.pro\/ar\/tours\/adventure\/ethiopia\/","url":"https:\/\/mountainguides.pro\/ar\/tours\/adventure\/ethiopia\/","name":"Adventure Ethiopia","isPartOf":{"@id":"https:\/\/mountainguides.pro\/#website"},"primaryImageOfPage":{"@id":"https:\/\/mountainguides.pro\/ar\/tours\/adventure\/ethiopia\/#primaryimage"},"image":{"@id":"https:\/\/mountainguides.pro\/ar\/tours\/adventure\/ethiopia\/#primaryimage"},"thumbnailUrl":"https:\/\/mountainguides.pro\/wp-content\/uploads\/2024\/12\/tur-efiopiya-dolina-omo.jpeg","datePublished":"2024-12-28T11:52:23+00:00","dateModified":"2026-01-29T11:47:26+00:00","breadcrumb":{"@id":"https:\/\/mountainguides.pro\/ar\/tours\/adventure\/ethiopia\/#breadcrumb"},"inLanguage":"zh","potentialAction":[{"@type":"ReadAction","target":["https:\/\/mountainguides.pro\/ar\/tours\/adventure\/ethiopia\/"]}]},{"@type":"ImageObject","inLanguage":"zh","@id":"https:\/\/mountainguides.pro\/ar\/tours\/adventure\/ethiopia\/#primaryimage","url":"https:\/\/mountainguides.pro\/wp-content\/uploads\/2024\/12\/tur-efiopiya-dolina-omo.jpeg","contentUrl":"https:\/\/mountainguides.pro\/wp-content\/uploads\/2024\/12\/tur-efiopiya-dolina-omo.jpeg","width":1800,"height":1350},{"@type":"BreadcrumbList","@id":"https:\/\/mountainguides.pro\/ar\/tours\/adventure\/ethiopia\/#breadcrumb","itemListElement":[{"@type":"ListItem","position":1,"name":"Home","item":"https:\/\/mountainguides.pro\/de\/"},{"@type":"ListItem","position":2,"name":"\u062c\u0648\u0644\u0629 \u0625\u062b\u064a\u0648\u0628\u064a\u0627: \u0627\u0644\u0645\u0646\u0627\u0638\u0631 \u0627\u0644\u0637\u0628\u064a\u0639\u064a\u0629 \u0627\u0644\u0643\u0648\u0646\u064a\u0629 \u0648\u0642\u0628\u0627\u0626\u0644 \u0648\u0627\u062f\u064a \u0623\u0648\u0645\u0648"}]},{"@type":"WebSite","@id":"https:\/\/mountainguides.pro\/#website","url":"https:\/\/mountainguides.pro\/","name":"Mountain Guide","description":"We aspire to be the first in everything!","publisher":{"@id":"https:\/\/mountainguides.pro\/#organization"},"potentialAction":[{"@type":"SearchAction","target":{"@type":"EntryPoint","urlTemplate":"https:\/\/mountainguides.pro\/?s={search_term_string}"},"query-input":{"@type":"PropertyValueSpecification","valueRequired":true,"valueName":"search_term_string"}}],"inLanguage":"zh"},{"@type":"Organization","@id":"https:\/\/mountainguides.pro\/#organization","name":"Mountain Guide","url":"https:\/\/mountainguides.pro\/","logo":{"@type":"ImageObject","inLanguage":"zh","@id":"https:\/\/mountainguides.pro\/#\/schema\/logo\/image\/","url":"https:\/\/mountainguides.pro\/wp-content\/uploads\/2018\/01\/mglogo.jpg","contentUrl":"https:\/\/mountainguides.pro\/wp-content\/uploads\/2018\/01\/mglogo.jpg","width":1200,"height":630,"caption":"Mountain Guide"},"image":{"@id":"https:\/\/mountainguides.pro\/#\/schema\/logo\/image\/"},"sameAs":["https:\/\/www.facebook.com\/Mountainguide-232956566756831\/","https:\/\/x.com\/Wintercyclone","http:\/\/instagram.com\/mountainguide","http:\/\/www.youtube.com\/mountainguide"]}]}},"_links":{"self":[{"href":"https:\/\/mountainguides.pro\/zh\/wp-json\/wp\/v2\/product\/19559","targetHints":{"allow":["GET"]}}],"collection":[{"href":"https:\/\/mountainguides.pro\/zh\/wp-json\/wp\/v2\/product"}],"about":[{"href":"https:\/\/mountainguides.pro\/zh\/wp-json\/wp\/v2\/types\/product"}],"replies":[{"embeddable":true,"href":"https:\/\/mountainguides.pro\/zh\/wp-json\/wp\/v2\/comments?post=19559"}],"version-history":[{"count":12,"href":"https:\/\/mountainguides.pro\/zh\/wp-json\/wp\/v2\/product\/19559\/revisions"}],"predecessor-version":[{"id":32678,"href":"https:\/\/mountainguides.pro\/zh\/wp-json\/wp\/v2\/product\/19559\/revisions\/32678"}],"wp:featuredmedia":[{"embeddable":true,"href":"https:\/\/mountainguides.pro\/zh\/wp-json\/wp\/v2\/media\/21457"}],"wp:attachment":[{"href":"https:\/\/mountainguides.pro\/zh\/wp-json\/wp\/v2\/media?parent=19559"}],"wp:term":[{"taxonomy":"product_cat","embeddable":true,"href":"https:\/\/mountainguides.pro\/zh\/wp-json\/wp\/v2\/product_cat?post=19559"},{"taxonomy":"product_tag","embeddable":true,"href":"https:\/\/mountainguides.pro\/zh\/wp-json\/wp\/v2\/product_tag?post=19559"}],"curies":[{"name":"wp","href":"https:\/\/api.w.org\/{rel}","templated":true}]}}