{"id":19672,"date":"2023-10-17T12:00:40","date_gmt":"2023-10-17T09:00:40","guid":{"rendered":"https:\/\/mountainguides.pro\/?post_type=product&#038;p=19672"},"modified":"2026-02-03T11:07:33","modified_gmt":"2026-02-03T08:07:33","slug":"bhutan-the-tour-of-dragon-trails-druk-path-trek","status":"publish","type":"product","link":"https:\/\/mountainguides.pro\/zh\/tours\/trekking\/bhutan-the-tour-of-dragon-trails-druk-path-trek\/","title":{"rendered":"\u4e0d\u4e39\u4e4b\u65c5\uff1a\u9f99\u7684\u8e2a\u8ff9"},"content":{"rendered":"","protected":false},"excerpt":{"rendered":"<ul>\n<li class=\"p1\">\u5728\u4e16\u754c\u4e0a\u6700\u5c01\u95ed\u7684\u56fd\u5bb6\u4e4b\u4e00\u8fdb\u884c\u5f92\u6b65\u65c5\u884c\uff0c\u5728\u8fd9\u91cc\u56fd\u5bb6\u7684\u7e41\u8363\u4ee5\u5c45\u6c11\u7684\u5e78\u798f\u6765\u8861\u91cf<\/li>\n<li class=\"p1\">\u4eff\u4f5b\u60ac\u6d6e\u5728\u60ac\u5d16\u4e0a\u7684\u795e\u5947\u864e\u7a74\u5bfa<\/li>\n<li class=\"p1\">\u9886\u7565\u4e16\u754c\u6700\u9ad8\u3001\u81f3\u4eca\u672a\u88ab\u5f81\u670d\u7684\u5c71\u5cf0\u2014\u2014\u5188\u5361\u5c14\u666e\u6069\u677e<\/li>\n<li class=\"p1\">\u88ab\u4f20\u5947\u5305\u56f4\u7684\u53e4\u8001\u4f5b\u6559\u5bfa\u5e99\u548c\u8457\u540d\u7684\u5b97\u5821<\/li>\n<li class=\"p1\">\u6e05\u6f88\u900f\u660e\u3001\u9c7c\u7fa4\u8df3\u8dc3\u7684\u9ad8\u5c71\u6e56\u6cca<\/li>\n<li class=\"p1\">\u5728\u83ab\u63d0\u5858\u81ea\u7136\u4fdd\u62a4\u533a\u89c2\u770b\u5728\u81ea\u7136\u73af\u5883\u4e2d\u751f\u6d3b\u7684\u7f9a\u725b<\/li>\n<li class=\"p1\">\u4e16\u754c\u4e0a\u6d77\u62d4\u6700\u9ad8\u7684\u5de8\u578b\u4f5b\u50cf<\/li>\n<li class=\"p1\">\u96be\u5ea6\u9002\u4e2d\u3001\u7ecf\u8fc7\u559c\u9a6c\u62c9\u96c5\u5c71\u8109\u6700\u6613\u8fdb\u5165\u7684\u5c71\u5761\u8def\u7ebf<\/li>\n<\/ul>\n<p class=\"p1\"><strong>*\u8bf7\u6ce8\u610f\uff0c\u6211\u4eec\u516c\u53f8\u4e0d\u4ece\u4e8b\u673a\u7968\u8d2d\u4e70\u3001\u9500\u552e\u548c\u7b7e\u8bc1\u529e\u7406\uff0c\u56e0\u6b64\u5bf9\u4e8e\u4e0e\u822a\u73ed\u53ca\u8fc7\u5883\u76f8\u5173\u7684\u4e0d\u53ef\u6297\u529b\u60c5\u51b5\u4e0d\u627f\u62c5\u8d23\u4efb\u3002 <\/strong><\/p>\n<p class=\"p1\"><strong>\u91cd\u8981\u4fe1\u606f\uff1a<\/strong><\/p>\n<ul>\n<li class=\"p1\">\u9152\u5e97\u7684\u5165\u4f4f\u548c\u9000\u623f\u65f6\u95f4\u7531\u9152\u5e97\u89c4\u5b9a\uff1a\u5165\u4f4f\u65f6\u95f4\u4ece15:00\u5f00\u59cb\uff0c\u9000\u623f\u81f311:00-12:00\u3002\u884c\u674e\u53ef\u4ee5\u5bc4\u5b58\u5728\u9152\u5e97\u524d\u53f0\u540e\u81ea\u884c\u6e38\u89c8\u57ce\u5e02\uff0c\u6216\u8005\u5728\u6280\u672f\u6761\u4ef6\u5141\u8bb8\u7684\u60c5\u51b5\u4e0b\uff0c\u989d\u5916\u4ed8\u8d39\u529e\u7406\u63d0\u524d\u5165\u4f4f\/\u5ef6\u8fdf\u9000\u623f<\/li>\n<li class=\"p1\">\u5728\u4e0d\u4e39\u5151\u6362\u5c0f\u989d\u3001\u7834\u65e7\u53ca2009\u5e74\u4e4b\u524d\u53d1\u884c\u7684\u7f8e\u5143\u7eb8\u5e01\u53ef\u80fd\u4f1a\u9047\u5230\u56f0\u96be\uff0c\u8bf7\u52a1\u5fc5\u6ce8\u610f\u3002\u6709\u4e9b\u5730\u65b9\u4f1a\u6536\u53d6\u989d\u5916\u624b\u7eed\u8d39\uff0c\u6709\u4e9b\u5730\u65b9\u751a\u81f3\u4f1a\u76f4\u63a5\u62d2\u6536<\/li>\n<li class=\"p1\">\u53ef\u4e3a\u5c0f\u56e2\u7ec4\u7ec7\u884c\u7a0b\u5e76\u7531\u5f53\u5730\u82f1\u6587\u5bfc\u6e38\u966a\u540c\uff0c\u5982\u9700\u4e86\u89e3\u8be6\u60c5\uff0c\u8bf7\u4e0e\u6211\u4eec\u8054\u7cfb<\/li>\n<\/ul>\n","protected":false},"featured_media":19675,"comment_status":"closed","ping_status":"closed","template":"","meta":{"_acf_changed":false,"footnotes":""},"product_cat":[337,321],"product_tag":[],"class_list":{"0":"post-19672","1":"product","2":"type-product","3":"status-publish","4":"has-post-thumbnail","6":"product_cat-adventure","7":"product_cat-trekking","9":"first","10":"instock","11":"shipping-taxable","12":"purchasable","13":"product-type-simple"},"acf":[],"yoast_head":"<!-- This site is optimized with the Yoast SEO Premium plugin v26.5 (Yoast SEO v27.3) - https:\/\/yoast.com\/product\/yoast-seo-premium-wordpress\/ -->\n<title>Trekking Bhutan<\/title>\n<meta name=\"robots\" content=\"index, follow, max-snippet:-1, max-image-preview:large, max-video-preview:-1\" \/>\n<link rel=\"canonical\" href=\"https:\/\/mountainguides.pro\/zh\/tours\/trekking\/bhutan-the-tour-of-dragon-trails-druk-path-trek\/\" \/>\n<meta property=\"og:locale\" content=\"zh_CN\" \/>\n<meta property=\"og:locale:alternate\" content=\"en_US\" \/>\n<meta property=\"og:locale:alternate\" content=\"ru_RU\" \/>\n<meta property=\"og:locale:alternate\" content=\"de\" \/>\n<meta property=\"og:locale:alternate\" content=\"es\" \/>\n<meta property=\"og:locale:alternate\" content=\"pt\" \/>\n<meta property=\"og:locale:alternate\" content=\"ko\" \/>\n<meta property=\"og:locale:alternate\" content=\"ja\" \/>\n<meta property=\"og:locale:alternate\" content=\"hi\" \/>\n<meta property=\"og:locale:alternate\" content=\"ar\" \/>\n<meta property=\"og:type\" content=\"article\" \/>\n<meta property=\"og:title\" content=\"\u4e0d\u4e39\u4e4b\u65c5\uff1a\u9f99\u7684\u8e2a\u8ff9\" \/>\n<meta property=\"og:description\" content=\"\u5728\u4e16\u754c\u4e0a\u6700\u5c01\u95ed\u7684\u56fd\u5bb6\u4e4b\u4e00\u8fdb\u884c\u5f92\u6b65\u65c5\u884c\uff0c\u5728\u8fd9\u91cc\u56fd\u5bb6\u7684\u7e41\u8363\u4ee5\u5c45\u6c11\u7684\u5e78\u798f\u6765\u8861\u91cf  \u4eff\u4f5b\u60ac\u6d6e\u5728\u60ac\u5d16\u4e0a\u7684\u795e\u5947\u864e\u7a74\u5bfa  \u9886\u7565\u4e16\u754c\u6700\u9ad8\u3001\u81f3\u4eca\u672a\u88ab\u5f81\u670d\u7684\u5c71\u5cf0\u2014\u2014\u5188\u5361\u5c14\u666e\u6069\u677e  \u88ab\u4f20\u5947\u5305\u56f4\u7684\u53e4\u8001\u4f5b\u6559\u5bfa\u5e99\u548c\u8457\u540d\u7684\u5b97\u5821  \u6e05\u6f88\u900f\u660e\u3001\u9c7c\u7fa4\u8df3\u8dc3\u7684\u9ad8\u5c71\u6e56\u6cca  \u5728\u83ab\u63d0\u5858\u81ea\u7136\u4fdd\u62a4\u533a\u89c2\u770b\u5728\u81ea\u7136\u73af\u5883\u4e2d\u751f\u6d3b\u7684\u7f9a\u725b  \u4e16\u754c\u4e0a\u6d77\u62d4\u6700\u9ad8\u7684\u5de8\u578b\u4f5b\u50cf  \u96be\u5ea6\u9002\u4e2d\u3001\u7ecf\u8fc7\u559c\u9a6c\u62c9\u96c5\u5c71\u8109\u6700\u6613\u8fdb\u5165\u7684\u5c71\u5761\u8def\u7ebf  *\u8bf7\u6ce8\u610f\uff0c\u6211\u4eec\u516c\u53f8\u4e0d\u4ece\u4e8b\u673a\u7968\u8d2d\u4e70\u3001\u9500\u552e\u548c\u7b7e\u8bc1\u529e\u7406\uff0c\u56e0\u6b64\u5bf9\u4e8e\u4e0e\u822a\u73ed\u53ca\u8fc7\u5883\u76f8\u5173\u7684\u4e0d\u53ef\u6297\u529b\u60c5\u51b5\u4e0d\u627f\u62c5\u8d23\u4efb\u3002  \u91cd\u8981\u4fe1\u606f\uff1a    \u9152\u5e97\u7684\u5165\u4f4f\u548c\u9000\u623f\u65f6\u95f4\u7531\u9152\u5e97\u89c4\u5b9a\uff1a\u5165\u4f4f\u65f6\u95f4\u4ece15:00\u5f00\u59cb\uff0c\u9000\u623f\u81f311:00-12:00\u3002\u884c\u674e\u53ef\u4ee5\u5bc4\u5b58\u5728\u9152\u5e97\u524d\u53f0\u540e\u81ea\u884c\u6e38\u89c8\u57ce\u5e02\uff0c\u6216\u8005\u5728\u6280\u672f\u6761\u4ef6\u5141\u8bb8\u7684\u60c5\u51b5\u4e0b\uff0c\u989d\u5916\u4ed8\u8d39\u529e\u7406\u63d0\u524d\u5165\u4f4f\/\u5ef6\u8fdf\u9000\u623f  \u5728\u4e0d\u4e39\u5151\u6362\u5c0f\u989d\u3001\u7834\u65e7\u53ca2009\u5e74\u4e4b\u524d\u53d1\u884c\u7684\u7f8e\u5143\u7eb8\u5e01\u53ef\u80fd\u4f1a\u9047\u5230\u56f0\u96be\uff0c\u8bf7\u52a1\u5fc5\u6ce8\u610f\u3002\u6709\u4e9b\u5730\u65b9\u4f1a\u6536\u53d6\u989d\u5916\u624b\u7eed\u8d39\uff0c\u6709\u4e9b\u5730\u65b9\u751a\u81f3\u4f1a\u76f4\u63a5\u62d2\u6536  \u53ef\u4e3a\u5c0f\u56e2\u7ec4\u7ec7\u884c\u7a0b\u5e76\u7531\u5f53\u5730\u82f1\u6587\u5bfc\u6e38\u966a\u540c\uff0c\u5982\u9700\u4e86\u89e3\u8be6\u60c5\uff0c\u8bf7\u4e0e\u6211\u4eec\u8054\u7cfb\" \/>\n<meta property=\"og:url\" content=\"https:\/\/mountainguides.pro\/zh\/tours\/trekking\/bhutan-the-tour-of-dragon-trails-druk-path-trek\/\" \/>\n<meta property=\"og:site_name\" content=\"Mountain Guide\" \/>\n<meta property=\"article:publisher\" content=\"https:\/\/www.facebook.com\/Mountainguide-232956566756831\/\" \/>\n<meta property=\"article:modified_time\" content=\"2026-02-03T08:07:33+00:00\" \/>\n<meta property=\"og:image\" content=\"https:\/\/mountainguides.pro\/wp-content\/uploads\/2023\/10\/Bhutan-11.jpg\" \/>\n\t<meta property=\"og:image:width\" content=\"2023\" \/>\n\t<meta property=\"og:image:height\" content=\"1200\" \/>\n\t<meta property=\"og:image:type\" content=\"image\/jpeg\" \/>\n<meta name=\"twitter:card\" content=\"summary_large_image\" \/>\n<meta name=\"twitter:site\" content=\"@Wintercyclone\" \/>\n<meta name=\"twitter:label1\" content=\"\u9884\u8ba1\u9605\u8bfb\u65f6\u95f4\" \/>\n\t<meta name=\"twitter:data1\" content=\"1 \u5206\" \/>\n<script type=\"application\/ld+json\" class=\"yoast-schema-graph\">{\"@context\":\"https:\\\/\\\/schema.org\",\"@graph\":[{\"@type\":\"WebPage\",\"@id\":\"https:\\\/\\\/mountainguides.pro\\\/ar\\\/tours\\\/trekking\\\/bhutan-the-tour-of-dragon-trails-druk-path-trek\\\/\",\"url\":\"https:\\\/\\\/mountainguides.pro\\\/ar\\\/tours\\\/trekking\\\/bhutan-the-tour-of-dragon-trails-druk-path-trek\\\/\",\"name\":\"Trekking Bhutan\",\"isPartOf\":{\"@id\":\"https:\\\/\\\/mountainguides.pro\\\/#website\"},\"primaryImageOfPage\":{\"@id\":\"https:\\\/\\\/mountainguides.pro\\\/ar\\\/tours\\\/trekking\\\/bhutan-the-tour-of-dragon-trails-druk-path-trek\\\/#primaryimage\"},\"image\":{\"@id\":\"https:\\\/\\\/mountainguides.pro\\\/ar\\\/tours\\\/trekking\\\/bhutan-the-tour-of-dragon-trails-druk-path-trek\\\/#primaryimage\"},\"thumbnailUrl\":\"https:\\\/\\\/mountainguides.pro\\\/wp-content\\\/uploads\\\/2023\\\/10\\\/Bhutan-11.jpg\",\"datePublished\":\"2023-10-17T09:00:40+00:00\",\"dateModified\":\"2026-02-03T08:07:33+00:00\",\"breadcrumb\":{\"@id\":\"https:\\\/\\\/mountainguides.pro\\\/ar\\\/tours\\\/trekking\\\/bhutan-the-tour-of-dragon-trails-druk-path-trek\\\/#breadcrumb\"},\"inLanguage\":\"zh\",\"potentialAction\":[{\"@type\":\"ReadAction\",\"target\":[\"https:\\\/\\\/mountainguides.pro\\\/ar\\\/tours\\\/trekking\\\/bhutan-the-tour-of-dragon-trails-druk-path-trek\\\/\"]}]},{\"@type\":\"ImageObject\",\"inLanguage\":\"zh\",\"@id\":\"https:\\\/\\\/mountainguides.pro\\\/ar\\\/tours\\\/trekking\\\/bhutan-the-tour-of-dragon-trails-druk-path-trek\\\/#primaryimage\",\"url\":\"https:\\\/\\\/mountainguides.pro\\\/wp-content\\\/uploads\\\/2023\\\/10\\\/Bhutan-11.jpg\",\"contentUrl\":\"https:\\\/\\\/mountainguides.pro\\\/wp-content\\\/uploads\\\/2023\\\/10\\\/Bhutan-11.jpg\",\"width\":2023,\"height\":1200},{\"@type\":\"BreadcrumbList\",\"@id\":\"https:\\\/\\\/mountainguides.pro\\\/ar\\\/tours\\\/trekking\\\/bhutan-the-tour-of-dragon-trails-druk-path-trek\\\/#breadcrumb\",\"itemListElement\":[{\"@type\":\"ListItem\",\"position\":1,\"name\":\"Home\",\"item\":\"https:\\\/\\\/mountainguides.pro\\\/de\\\/\"},{\"@type\":\"ListItem\",\"position\":2,\"name\":\"\u062c\u0648\u0644\u0629 \u0628\u0648\u062a\u0627\u0646: \u0645\u0633\u0627\u0631 \u0627\u0644\u062a\u0646\u064a\u0646\"}]},{\"@type\":\"WebSite\",\"@id\":\"https:\\\/\\\/mountainguides.pro\\\/#website\",\"url\":\"https:\\\/\\\/mountainguides.pro\\\/\",\"name\":\"Mountain Guide\",\"description\":\"We aspire to be the first in everything!\",\"publisher\":{\"@id\":\"https:\\\/\\\/mountainguides.pro\\\/#organization\"},\"potentialAction\":[{\"@type\":\"SearchAction\",\"target\":{\"@type\":\"EntryPoint\",\"urlTemplate\":\"https:\\\/\\\/mountainguides.pro\\\/?s={search_term_string}\"},\"query-input\":{\"@type\":\"PropertyValueSpecification\",\"valueRequired\":true,\"valueName\":\"search_term_string\"}}],\"inLanguage\":\"zh\"},{\"@type\":\"Organization\",\"@id\":\"https:\\\/\\\/mountainguides.pro\\\/#organization\",\"name\":\"Mountain Guide\",\"url\":\"https:\\\/\\\/mountainguides.pro\\\/\",\"logo\":{\"@type\":\"ImageObject\",\"inLanguage\":\"zh\",\"@id\":\"https:\\\/\\\/mountainguides.pro\\\/#\\\/schema\\\/logo\\\/image\\\/\",\"url\":\"https:\\\/\\\/mountainguides.pro\\\/wp-content\\\/uploads\\\/2018\\\/01\\\/mglogo.jpg\",\"contentUrl\":\"https:\\\/\\\/mountainguides.pro\\\/wp-content\\\/uploads\\\/2018\\\/01\\\/mglogo.jpg\",\"width\":1200,\"height\":630,\"caption\":\"Mountain Guide\"},\"image\":{\"@id\":\"https:\\\/\\\/mountainguides.pro\\\/#\\\/schema\\\/logo\\\/image\\\/\"},\"sameAs\":[\"https:\\\/\\\/www.facebook.com\\\/Mountainguide-232956566756831\\\/\",\"https:\\\/\\\/x.com\\\/Wintercyclone\",\"http:\\\/\\\/instagram.com\\\/mountainguide\",\"http:\\\/\\\/www.youtube.com\\\/mountainguide\"]}]}<\/script>\n<!-- \/ Yoast SEO Premium plugin. -->","yoast_head_json":{"title":"Trekking Bhutan","robots":{"index":"index","follow":"follow","max-snippet":"max-snippet:-1","max-image-preview":"max-image-preview:large","max-video-preview":"max-video-preview:-1"},"canonical":"https:\/\/mountainguides.pro\/zh\/tours\/trekking\/bhutan-the-tour-of-dragon-trails-druk-path-trek\/","og_locale":"zh_CN","og_type":"article","og_title":"[:en]Bhutan. The Tour of Dragon Trails (Druk-Path Trek)[:de]Tour nach Bhutan: Der Drachenweg[:es]Tour de But\u00e1n: el sendero del Drag\u00f3n[:pt]Excurs\u00e3o ao But\u00e3o: trilha do Drag\u00e3o[:zh]\u4e0d\u4e39\u4e4b\u65c5\uff1a\u9f99\u7684\u8e2a\u8ff9[:ko]\ubd80\ud0c4 \ud22c\uc5b4:\ub4dc\ub798\uace4 \ud2b8\ub808\uc77c[:ja]\u30d6\u30fc\u30bf\u30f3\u30c4\u30a2\u30fc\uff1a\u30c9\u30e9\u30b4\u30f3\u30c8\u30ec\u30a4\u30eb[:hi]\u092d\u0942\u091f\u093e\u0928 \u092f\u093e\u0924\u094d\u0930\u093e: \u0921\u094d\u0930\u0948\u0917\u0928 \u091f\u094d\u0930\u0947\u0932[:ar]\u062c\u0648\u0644\u0629 \u0628\u0648\u062a\u0627\u0646: \u0645\u0633\u0627\u0631 \u0627\u0644\u062a\u0646\u064a\u0646[:]","og_description":"\u5728\u4e16\u754c\u4e0a\u6700\u5c01\u95ed\u7684\u56fd\u5bb6\u4e4b\u4e00\u8fdb\u884c\u5f92\u6b65\u65c5\u884c\uff0c\u5728\u8fd9\u91cc\u56fd\u5bb6\u7684\u7e41\u8363\u4ee5\u5c45\u6c11\u7684\u5e78\u798f\u6765\u8861\u91cf  \u4eff\u4f5b\u60ac\u6d6e\u5728\u60ac\u5d16\u4e0a\u7684\u795e\u5947\u864e\u7a74\u5bfa  \u9886\u7565\u4e16\u754c\u6700\u9ad8\u3001\u81f3\u4eca\u672a\u88ab\u5f81\u670d\u7684\u5c71\u5cf0\u2014\u2014\u5188\u5361\u5c14\u666e\u6069\u677e  \u88ab\u4f20\u5947\u5305\u56f4\u7684\u53e4\u8001\u4f5b\u6559\u5bfa\u5e99\u548c\u8457\u540d\u7684\u5b97\u5821  \u6e05\u6f88\u900f\u660e\u3001\u9c7c\u7fa4\u8df3\u8dc3\u7684\u9ad8\u5c71\u6e56\u6cca  \u5728\u83ab\u63d0\u5858\u81ea\u7136\u4fdd\u62a4\u533a\u89c2\u770b\u5728\u81ea\u7136\u73af\u5883\u4e2d\u751f\u6d3b\u7684\u7f9a\u725b  \u4e16\u754c\u4e0a\u6d77\u62d4\u6700\u9ad8\u7684\u5de8\u578b\u4f5b\u50cf  \u96be\u5ea6\u9002\u4e2d\u3001\u7ecf\u8fc7\u559c\u9a6c\u62c9\u96c5\u5c71\u8109\u6700\u6613\u8fdb\u5165\u7684\u5c71\u5761\u8def\u7ebf  *\u8bf7\u6ce8\u610f\uff0c\u6211\u4eec\u516c\u53f8\u4e0d\u4ece\u4e8b\u673a\u7968\u8d2d\u4e70\u3001\u9500\u552e\u548c\u7b7e\u8bc1\u529e\u7406\uff0c\u56e0\u6b64\u5bf9\u4e8e\u4e0e\u822a\u73ed\u53ca\u8fc7\u5883\u76f8\u5173\u7684\u4e0d\u53ef\u6297\u529b\u60c5\u51b5\u4e0d\u627f\u62c5\u8d23\u4efb\u3002  \u91cd\u8981\u4fe1\u606f\uff1a    \u9152\u5e97\u7684\u5165\u4f4f\u548c\u9000\u623f\u65f6\u95f4\u7531\u9152\u5e97\u89c4\u5b9a\uff1a\u5165\u4f4f\u65f6\u95f4\u4ece15:00\u5f00\u59cb\uff0c\u9000\u623f\u81f311:00-12:00\u3002\u884c\u674e\u53ef\u4ee5\u5bc4\u5b58\u5728\u9152\u5e97\u524d\u53f0\u540e\u81ea\u884c\u6e38\u89c8\u57ce\u5e02\uff0c\u6216\u8005\u5728\u6280\u672f\u6761\u4ef6\u5141\u8bb8\u7684\u60c5\u51b5\u4e0b\uff0c\u989d\u5916\u4ed8\u8d39\u529e\u7406\u63d0\u524d\u5165\u4f4f\/\u5ef6\u8fdf\u9000\u623f  \u5728\u4e0d\u4e39\u5151\u6362\u5c0f\u989d\u3001\u7834\u65e7\u53ca2009\u5e74\u4e4b\u524d\u53d1\u884c\u7684\u7f8e\u5143\u7eb8\u5e01\u53ef\u80fd\u4f1a\u9047\u5230\u56f0\u96be\uff0c\u8bf7\u52a1\u5fc5\u6ce8\u610f\u3002\u6709\u4e9b\u5730\u65b9\u4f1a\u6536\u53d6\u989d\u5916\u624b\u7eed\u8d39\uff0c\u6709\u4e9b\u5730\u65b9\u751a\u81f3\u4f1a\u76f4\u63a5\u62d2\u6536  \u53ef\u4e3a\u5c0f\u56e2\u7ec4\u7ec7\u884c\u7a0b\u5e76\u7531\u5f53\u5730\u82f1\u6587\u5bfc\u6e38\u966a\u540c\uff0c\u5982\u9700\u4e86\u89e3\u8be6\u60c5\uff0c\u8bf7\u4e0e\u6211\u4eec\u8054\u7cfb","og_url":"https:\/\/mountainguides.pro\/zh\/tours\/trekking\/bhutan-the-tour-of-dragon-trails-druk-path-trek\/","og_site_name":"Mountain Guide","article_publisher":"https:\/\/www.facebook.com\/Mountainguide-232956566756831\/","article_modified_time":"2026-02-03T08:07:33+00:00","og_image":[{"width":2023,"height":1200,"url":"https:\/\/mountainguides.pro\/wp-content\/uploads\/2023\/10\/Bhutan-11.jpg","type":"image\/jpeg"}],"twitter_card":"summary_large_image","twitter_site":"@Wintercyclone","twitter_misc":{"\u9884\u8ba1\u9605\u8bfb\u65f6\u95f4":"1 \u5206"},"schema":{"@context":"https:\/\/schema.org","@graph":[{"@type":"WebPage","@id":"https:\/\/mountainguides.pro\/ar\/tours\/trekking\/bhutan-the-tour-of-dragon-trails-druk-path-trek\/","url":"https:\/\/mountainguides.pro\/ar\/tours\/trekking\/bhutan-the-tour-of-dragon-trails-druk-path-trek\/","name":"Trekking Bhutan","isPartOf":{"@id":"https:\/\/mountainguides.pro\/#website"},"primaryImageOfPage":{"@id":"https:\/\/mountainguides.pro\/ar\/tours\/trekking\/bhutan-the-tour-of-dragon-trails-druk-path-trek\/#primaryimage"},"image":{"@id":"https:\/\/mountainguides.pro\/ar\/tours\/trekking\/bhutan-the-tour-of-dragon-trails-druk-path-trek\/#primaryimage"},"thumbnailUrl":"https:\/\/mountainguides.pro\/wp-content\/uploads\/2023\/10\/Bhutan-11.jpg","datePublished":"2023-10-17T09:00:40+00:00","dateModified":"2026-02-03T08:07:33+00:00","breadcrumb":{"@id":"https:\/\/mountainguides.pro\/ar\/tours\/trekking\/bhutan-the-tour-of-dragon-trails-druk-path-trek\/#breadcrumb"},"inLanguage":"zh","potentialAction":[{"@type":"ReadAction","target":["https:\/\/mountainguides.pro\/ar\/tours\/trekking\/bhutan-the-tour-of-dragon-trails-druk-path-trek\/"]}]},{"@type":"ImageObject","inLanguage":"zh","@id":"https:\/\/mountainguides.pro\/ar\/tours\/trekking\/bhutan-the-tour-of-dragon-trails-druk-path-trek\/#primaryimage","url":"https:\/\/mountainguides.pro\/wp-content\/uploads\/2023\/10\/Bhutan-11.jpg","contentUrl":"https:\/\/mountainguides.pro\/wp-content\/uploads\/2023\/10\/Bhutan-11.jpg","width":2023,"height":1200},{"@type":"BreadcrumbList","@id":"https:\/\/mountainguides.pro\/ar\/tours\/trekking\/bhutan-the-tour-of-dragon-trails-druk-path-trek\/#breadcrumb","itemListElement":[{"@type":"ListItem","position":1,"name":"Home","item":"https:\/\/mountainguides.pro\/de\/"},{"@type":"ListItem","position":2,"name":"\u062c\u0648\u0644\u0629 \u0628\u0648\u062a\u0627\u0646: \u0645\u0633\u0627\u0631 \u0627\u0644\u062a\u0646\u064a\u0646"}]},{"@type":"WebSite","@id":"https:\/\/mountainguides.pro\/#website","url":"https:\/\/mountainguides.pro\/","name":"Mountain Guide","description":"We aspire to be the first in everything!","publisher":{"@id":"https:\/\/mountainguides.pro\/#organization"},"potentialAction":[{"@type":"SearchAction","target":{"@type":"EntryPoint","urlTemplate":"https:\/\/mountainguides.pro\/?s={search_term_string}"},"query-input":{"@type":"PropertyValueSpecification","valueRequired":true,"valueName":"search_term_string"}}],"inLanguage":"zh"},{"@type":"Organization","@id":"https:\/\/mountainguides.pro\/#organization","name":"Mountain Guide","url":"https:\/\/mountainguides.pro\/","logo":{"@type":"ImageObject","inLanguage":"zh","@id":"https:\/\/mountainguides.pro\/#\/schema\/logo\/image\/","url":"https:\/\/mountainguides.pro\/wp-content\/uploads\/2018\/01\/mglogo.jpg","contentUrl":"https:\/\/mountainguides.pro\/wp-content\/uploads\/2018\/01\/mglogo.jpg","width":1200,"height":630,"caption":"Mountain Guide"},"image":{"@id":"https:\/\/mountainguides.pro\/#\/schema\/logo\/image\/"},"sameAs":["https:\/\/www.facebook.com\/Mountainguide-232956566756831\/","https:\/\/x.com\/Wintercyclone","http:\/\/instagram.com\/mountainguide","http:\/\/www.youtube.com\/mountainguide"]}]}},"_links":{"self":[{"href":"https:\/\/mountainguides.pro\/zh\/wp-json\/wp\/v2\/product\/19672","targetHints":{"allow":["GET"]}}],"collection":[{"href":"https:\/\/mountainguides.pro\/zh\/wp-json\/wp\/v2\/product"}],"about":[{"href":"https:\/\/mountainguides.pro\/zh\/wp-json\/wp\/v2\/types\/product"}],"replies":[{"embeddable":true,"href":"https:\/\/mountainguides.pro\/zh\/wp-json\/wp\/v2\/comments?post=19672"}],"version-history":[{"count":20,"href":"https:\/\/mountainguides.pro\/zh\/wp-json\/wp\/v2\/product\/19672\/revisions"}],"predecessor-version":[{"id":32701,"href":"https:\/\/mountainguides.pro\/zh\/wp-json\/wp\/v2\/product\/19672\/revisions\/32701"}],"wp:featuredmedia":[{"embeddable":true,"href":"https:\/\/mountainguides.pro\/zh\/wp-json\/wp\/v2\/media\/19675"}],"wp:attachment":[{"href":"https:\/\/mountainguides.pro\/zh\/wp-json\/wp\/v2\/media?parent=19672"}],"wp:term":[{"taxonomy":"product_cat","embeddable":true,"href":"https:\/\/mountainguides.pro\/zh\/wp-json\/wp\/v2\/product_cat?post=19672"},{"taxonomy":"product_tag","embeddable":true,"href":"https:\/\/mountainguides.pro\/zh\/wp-json\/wp\/v2\/product_tag?post=19672"}],"curies":[{"name":"wp","href":"https:\/\/api.w.org\/{rel}","templated":true}]}}