{"id":19738,"date":"2023-11-01T13:54:07","date_gmt":"2023-11-01T10:54:07","guid":{"rendered":"https:\/\/mountainguides.pro\/?post_type=product&#038;p=19738"},"modified":"2026-04-06T17:35:35","modified_gmt":"2026-04-06T14:35:35","slug":"safari-uganda","status":"publish","type":"product","link":"https:\/\/mountainguides.pro\/zh\/tours\/safari\/safari-uganda\/","title":{"rendered":"\u4e4c\u5e72\u8fbe\u4e4b\u65c5\uff1a\u767d\u7280\u725b\u548c\u5c71\u5730\u5927\u7329\u7329"},"content":{"rendered":"","protected":false},"excerpt":{"rendered":"<ul>\n<li class=\"p1\">\u5728\u9f50\u74e6\u81ea\u7136\u4fdd\u62a4\u533a\u5f92\u6b65\u89c2\u8d4f\u767d\u7280\u725b<\/li>\n<li class=\"p1\">\u6b23\u8d4f\u9ed8\u5947\u68ee\u7011\u5e03\u56fd\u5bb6\u516c\u56ed\u58ee\u89c2\u768440\u7c73\u7011\u5e03\u666f\u89c2<\/li>\n<li class=\"p1\">\u767b\u9876\u7ef4\u9f99\u52a0\u706b\u5c71\uff0c\u89c2\u8d4f\u4e16\u754c\u6700\u5927\u7684\u6d3b\u8dc3\u7194\u5ca9\u6e56<\/li>\n<li class=\"p1\">\u5728\u4f0a\u4e3d\u838e\u767d\u5973\u738b\u56fd\u5bb6\u516c\u56ed\u9082\u9005\u975e\u6d32\u201c\u4e94\u5927\u517d\u201d<\/li>\n<li class=\"p1\">\u5728\u5e03\u6069\u8fea\u539f\u59cb\u4e1b\u6797\u4e2d\u63a2\u8bbf\u5c71\u5730\u5927\u7329\u7329<\/li>\n<li class=\"p1\">\u5728\u585e\u585e\u65af\u6d6e\u5c9b\u8fc7\u591c\u5e76\u5728\u7ef4\u591a\u5229\u4e9a\u6e56\u5782\u9493<\/li>\n<li class=\"p1\">\u6f02\u6d41\u7a7f\u8d8a\u6c79\u6d8c\u7684\u767d\u5c3c\u7f57\u6cb3<\/li>\n<li class=\"p1\">\u53c2\u89c2\u5361\u82cf\u6bd4\u738b\u9675<\/li>\n<\/ul>\n<p class=\"p1\"><strong>*\u8bf7\u6ce8\u610f\uff0c\u6211\u4eec\u516c\u53f8\u4e0d\u4ece\u4e8b\u673a\u7968\u8d2d\u4e70\u3001\u9500\u552e\u6216\u529e\u7406\u7b7e\u8bc1\u4e1a\u52a1\uff0c\u56e0\u6b64\u4e0d\u5bf9\u4e0e \u043f\u0435\u0440\u0435\u043b\u0451\u0442\u0430\u043c\u0438 \u548c\u8fc7\u5883\u76f8\u5173\u7684\u4e0d\u53ef\u6297\u529b\u60c5\u51b5\u627f\u62c5\u8d23\u4efb\u3002<\/strong><\/p>\n<p class=\"p1\"><strong>\u5728\u975e\u6d32\uff0c\u5151\u6362\u5c0f\u9762\u989d\u3001\u65e7\u7248\u6216\u78e8\u635f\u7684\u7f8e\u5143\u7eb8\u5e01\uff08\u5c24\u5176\u662f2009\u5e74\u4e4b\u524d\u53d1\u884c\u7684\uff09\u5b58\u5728\u4e00\u5b9a\u56f0\u96be\uff0c\u8bf7\u52a1\u5fc5\u63d0\u524d\u8003\u8651\u8fd9\u4e00\u70b9\uff1a\u5728\u67d0\u4e9b\u5730\u65b9\u53ef\u80fd\u4f1a\u6536\u53d6\u989d\u5916\u624b\u7eed\u8d39\uff0c\u800c\u5728\u53e6\u4e00\u4e9b\u5730\u65b9\u53ef\u80fd\u4f1a\u76f4\u63a5\u62d2\u6536<\/strong><\/p>\n","protected":false},"featured_media":19740,"comment_status":"closed","ping_status":"closed","template":"","meta":{"_acf_changed":false,"footnotes":""},"product_cat":[339,318,343],"product_tag":[],"class_list":{"0":"post-19738","1":"product","2":"type-product","3":"status-publish","4":"has-post-thumbnail","6":"product_cat-adventure-africa","7":"product_cat-safari","8":"product_cat-safari-africa","10":"first","11":"instock","12":"shipping-taxable","13":"purchasable","14":"product-type-simple"},"acf":[],"yoast_head":"<!-- This site is optimized with the Yoast SEO Premium plugin v26.5 (Yoast SEO v27.4) - https:\/\/yoast.com\/product\/yoast-seo-premium-wordpress\/ -->\n<title>Safari Uganda<\/title>\n<meta name=\"robots\" content=\"index, follow, max-snippet:-1, max-image-preview:large, max-video-preview:-1\" \/>\n<link rel=\"canonical\" href=\"https:\/\/mountainguides.pro\/zh\/tours\/safari\/safari-uganda\/\" \/>\n<meta property=\"og:locale\" content=\"zh_CN\" \/>\n<meta property=\"og:locale:alternate\" content=\"en_US\" \/>\n<meta property=\"og:locale:alternate\" content=\"ru_RU\" \/>\n<meta property=\"og:locale:alternate\" content=\"de\" \/>\n<meta property=\"og:locale:alternate\" content=\"es\" \/>\n<meta property=\"og:locale:alternate\" content=\"pt\" \/>\n<meta property=\"og:locale:alternate\" content=\"ko\" \/>\n<meta property=\"og:locale:alternate\" content=\"ja\" \/>\n<meta property=\"og:locale:alternate\" content=\"hi\" \/>\n<meta property=\"og:locale:alternate\" content=\"ar\" \/>\n<meta property=\"og:type\" content=\"article\" \/>\n<meta property=\"og:title\" content=\"\u4e4c\u5e72\u8fbe\u4e4b\u65c5\uff1a\u767d\u7280\u725b\u548c\u5c71\u5730\u5927\u7329\u7329\" \/>\n<meta property=\"og:description\" content=\"\u5728\u9f50\u74e6\u81ea\u7136\u4fdd\u62a4\u533a\u5f92\u6b65\u89c2\u8d4f\u767d\u7280\u725b  \u6b23\u8d4f\u9ed8\u5947\u68ee\u7011\u5e03\u56fd\u5bb6\u516c\u56ed\u58ee\u89c2\u768440\u7c73\u7011\u5e03\u666f\u89c2  \u767b\u9876\u7ef4\u9f99\u52a0\u706b\u5c71\uff0c\u89c2\u8d4f\u4e16\u754c\u6700\u5927\u7684\u6d3b\u8dc3\u7194\u5ca9\u6e56  \u5728\u4f0a\u4e3d\u838e\u767d\u5973\u738b\u56fd\u5bb6\u516c\u56ed\u9082\u9005\u975e\u6d32\u201c\u4e94\u5927\u517d\u201d  \u5728\u5e03\u6069\u8fea\u539f\u59cb\u4e1b\u6797\u4e2d\u63a2\u8bbf\u5c71\u5730\u5927\u7329\u7329  \u5728\u585e\u585e\u65af\u6d6e\u5c9b\u8fc7\u591c\u5e76\u5728\u7ef4\u591a\u5229\u4e9a\u6e56\u5782\u9493  \u6f02\u6d41\u7a7f\u8d8a\u6c79\u6d8c\u7684\u767d\u5c3c\u7f57\u6cb3  \u53c2\u89c2\u5361\u82cf\u6bd4\u738b\u9675  *\u8bf7\u6ce8\u610f\uff0c\u6211\u4eec\u516c\u53f8\u4e0d\u4ece\u4e8b\u673a\u7968\u8d2d\u4e70\u3001\u9500\u552e\u6216\u529e\u7406\u7b7e\u8bc1\u4e1a\u52a1\uff0c\u56e0\u6b64\u4e0d\u5bf9\u4e0e \u043f\u0435\u0440\u0435\u043b\u0451\u0442\u0430\u043c\u0438 \u548c\u8fc7\u5883\u76f8\u5173\u7684\u4e0d\u53ef\u6297\u529b\u60c5\u51b5\u627f\u62c5\u8d23\u4efb\u3002 \u5728\u975e\u6d32\uff0c\u5151\u6362\u5c0f\u9762\u989d\u3001\u65e7\u7248\u6216\u78e8\u635f\u7684\u7f8e\u5143\u7eb8\u5e01\uff08\u5c24\u5176\u662f2009\u5e74\u4e4b\u524d\u53d1\u884c\u7684\uff09\u5b58\u5728\u4e00\u5b9a\u56f0\u96be\uff0c\u8bf7\u52a1\u5fc5\u63d0\u524d\u8003\u8651\u8fd9\u4e00\u70b9\uff1a\u5728\u67d0\u4e9b\u5730\u65b9\u53ef\u80fd\u4f1a\u6536\u53d6\u989d\u5916\u624b\u7eed\u8d39\uff0c\u800c\u5728\u53e6\u4e00\u4e9b\u5730\u65b9\u53ef\u80fd\u4f1a\u76f4\u63a5\u62d2\u6536\" \/>\n<meta property=\"og:url\" content=\"https:\/\/mountainguides.pro\/zh\/tours\/safari\/safari-uganda\/\" \/>\n<meta property=\"og:site_name\" content=\"Mountain Guide\" \/>\n<meta property=\"article:publisher\" content=\"https:\/\/www.facebook.com\/Mountainguide-232956566756831\/\" \/>\n<meta property=\"article:modified_time\" content=\"2026-04-06T14:35:35+00:00\" \/>\n<meta property=\"og:image\" content=\"https:\/\/mountainguides.pro\/wp-content\/uploads\/2023\/11\/Safari-Uganda.jpg\" \/>\n\t<meta property=\"og:image:width\" content=\"2560\" \/>\n\t<meta property=\"og:image:height\" content=\"1920\" \/>\n\t<meta property=\"og:image:type\" content=\"image\/jpeg\" \/>\n<meta name=\"twitter:card\" content=\"summary_large_image\" \/>\n<meta name=\"twitter:site\" content=\"@Wintercyclone\" \/>\n<meta name=\"twitter:label1\" content=\"\u9884\u8ba1\u9605\u8bfb\u65f6\u95f4\" \/>\n\t<meta name=\"twitter:data1\" content=\"1 \u5206\" \/>\n<script type=\"application\/ld+json\" class=\"yoast-schema-graph\">{\"@context\":\"https:\\\/\\\/schema.org\",\"@graph\":[{\"@type\":\"WebPage\",\"@id\":\"https:\\\/\\\/mountainguides.pro\\\/tours\\\/safari\\\/safari-uganda\\\/\",\"url\":\"https:\\\/\\\/mountainguides.pro\\\/tours\\\/safari\\\/safari-uganda\\\/\",\"name\":\"Safari Uganda\",\"isPartOf\":{\"@id\":\"https:\\\/\\\/mountainguides.pro\\\/#website\"},\"primaryImageOfPage\":{\"@id\":\"https:\\\/\\\/mountainguides.pro\\\/tours\\\/safari\\\/safari-uganda\\\/#primaryimage\"},\"image\":{\"@id\":\"https:\\\/\\\/mountainguides.pro\\\/tours\\\/safari\\\/safari-uganda\\\/#primaryimage\"},\"thumbnailUrl\":\"https:\\\/\\\/mountainguides.pro\\\/wp-content\\\/uploads\\\/2023\\\/11\\\/Safari-Uganda.jpg\",\"datePublished\":\"2023-11-01T10:54:07+00:00\",\"dateModified\":\"2026-04-06T14:35:35+00:00\",\"breadcrumb\":{\"@id\":\"https:\\\/\\\/mountainguides.pro\\\/tours\\\/safari\\\/safari-uganda\\\/#breadcrumb\"},\"inLanguage\":\"zh\",\"potentialAction\":[{\"@type\":\"ReadAction\",\"target\":[\"https:\\\/\\\/mountainguides.pro\\\/tours\\\/safari\\\/safari-uganda\\\/\"]}]},{\"@type\":\"ImageObject\",\"inLanguage\":\"zh\",\"@id\":\"https:\\\/\\\/mountainguides.pro\\\/tours\\\/safari\\\/safari-uganda\\\/#primaryimage\",\"url\":\"https:\\\/\\\/mountainguides.pro\\\/wp-content\\\/uploads\\\/2023\\\/11\\\/Safari-Uganda.jpg\",\"contentUrl\":\"https:\\\/\\\/mountainguides.pro\\\/wp-content\\\/uploads\\\/2023\\\/11\\\/Safari-Uganda.jpg\",\"width\":2560,\"height\":1920},{\"@type\":\"BreadcrumbList\",\"@id\":\"https:\\\/\\\/mountainguides.pro\\\/tours\\\/safari\\\/safari-uganda\\\/#breadcrumb\",\"itemListElement\":[{\"@type\":\"ListItem\",\"position\":1,\"name\":\"Home\",\"item\":\"https:\\\/\\\/mountainguides.pro\\\/de\\\/\"},{\"@type\":\"ListItem\",\"position\":2,\"name\":\"Safari Uganda\"}]},{\"@type\":\"WebSite\",\"@id\":\"https:\\\/\\\/mountainguides.pro\\\/#website\",\"url\":\"https:\\\/\\\/mountainguides.pro\\\/\",\"name\":\"Mountain Guide\",\"description\":\"We aspire to be the first in everything!\",\"publisher\":{\"@id\":\"https:\\\/\\\/mountainguides.pro\\\/#organization\"},\"potentialAction\":[{\"@type\":\"SearchAction\",\"target\":{\"@type\":\"EntryPoint\",\"urlTemplate\":\"https:\\\/\\\/mountainguides.pro\\\/?s={search_term_string}\"},\"query-input\":{\"@type\":\"PropertyValueSpecification\",\"valueRequired\":true,\"valueName\":\"search_term_string\"}}],\"inLanguage\":\"zh\"},{\"@type\":\"Organization\",\"@id\":\"https:\\\/\\\/mountainguides.pro\\\/#organization\",\"name\":\"Mountain Guide\",\"url\":\"https:\\\/\\\/mountainguides.pro\\\/\",\"logo\":{\"@type\":\"ImageObject\",\"inLanguage\":\"zh\",\"@id\":\"https:\\\/\\\/mountainguides.pro\\\/#\\\/schema\\\/logo\\\/image\\\/\",\"url\":\"https:\\\/\\\/mountainguides.pro\\\/wp-content\\\/uploads\\\/2018\\\/01\\\/mglogo.jpg\",\"contentUrl\":\"https:\\\/\\\/mountainguides.pro\\\/wp-content\\\/uploads\\\/2018\\\/01\\\/mglogo.jpg\",\"width\":1200,\"height\":630,\"caption\":\"Mountain Guide\"},\"image\":{\"@id\":\"https:\\\/\\\/mountainguides.pro\\\/#\\\/schema\\\/logo\\\/image\\\/\"},\"sameAs\":[\"https:\\\/\\\/www.facebook.com\\\/Mountainguide-232956566756831\\\/\",\"https:\\\/\\\/x.com\\\/Wintercyclone\",\"http:\\\/\\\/instagram.com\\\/mountainguide\",\"http:\\\/\\\/www.youtube.com\\\/mountainguide\"]}]}<\/script>\n<!-- \/ Yoast SEO Premium plugin. -->","yoast_head_json":{"title":"Safari Uganda","robots":{"index":"index","follow":"follow","max-snippet":"max-snippet:-1","max-image-preview":"max-image-preview:large","max-video-preview":"max-video-preview:-1"},"canonical":"https:\/\/mountainguides.pro\/zh\/tours\/safari\/safari-uganda\/","og_locale":"zh_CN","og_type":"article","og_title":"[:en]Safari Uganda[:de]Tour nach Uganda: Wei\u00dfe Nash\u00f6rner und Berggorillas[:es]Tour a Uganda: rinocerontes blancos y gorilas de monta\u00f1a[:pt]Excurs\u00e3o A Uganda: rinocerontes brancos e gorilas da montanha[:zh]\u4e4c\u5e72\u8fbe\u4e4b\u65c5\uff1a\u767d\u7280\u725b\u548c\u5c71\u5730\u5927\u7329\u7329[:ko]\uc6b0\uac04\ub2e4 \ud22c\uc5b4:\ud770 \ucf54\ubfd4\uc18c\uc640 \uc0b0 \uace0\ub9b4\ub77c[:ja]\u30a6\u30ac\u30f3\u30c0\u30c4\u30a2\u30fc\uff1a\u30db\u30ef\u30a4\u30c8\u30b5\u30a4\u3068\u30de\u30a6\u30f3\u30c6\u30f3\u30b4\u30ea\u30e9[:hi]\u092f\u0941\u0917\u093e\u0902\u0921\u093e \u091f\u0942\u0930: \u0938\u092b\u0947\u0926 \u0917\u0948\u0902\u0921\u0947 \u0914\u0930 \u092a\u0930\u094d\u0935\u0924 \u0917\u094b\u0930\u093f\u0932\u094d\u0932\u093e[:ar]\u062c\u0648\u0644\u0629 \u0623\u0648\u063a\u0646\u062f\u0627: \u0648\u062d\u064a\u062f \u0627\u0644\u0642\u0631\u0646 \u0627\u0644\u0623\u0628\u064a\u0636 \u0648\u0627\u0644\u063a\u0648\u0631\u064a\u0644\u0627 \u0627\u0644\u062c\u0628\u0644\u064a\u0629[:]","og_description":"\u5728\u9f50\u74e6\u81ea\u7136\u4fdd\u62a4\u533a\u5f92\u6b65\u89c2\u8d4f\u767d\u7280\u725b  \u6b23\u8d4f\u9ed8\u5947\u68ee\u7011\u5e03\u56fd\u5bb6\u516c\u56ed\u58ee\u89c2\u768440\u7c73\u7011\u5e03\u666f\u89c2  \u767b\u9876\u7ef4\u9f99\u52a0\u706b\u5c71\uff0c\u89c2\u8d4f\u4e16\u754c\u6700\u5927\u7684\u6d3b\u8dc3\u7194\u5ca9\u6e56  \u5728\u4f0a\u4e3d\u838e\u767d\u5973\u738b\u56fd\u5bb6\u516c\u56ed\u9082\u9005\u975e\u6d32\u201c\u4e94\u5927\u517d\u201d  \u5728\u5e03\u6069\u8fea\u539f\u59cb\u4e1b\u6797\u4e2d\u63a2\u8bbf\u5c71\u5730\u5927\u7329\u7329  \u5728\u585e\u585e\u65af\u6d6e\u5c9b\u8fc7\u591c\u5e76\u5728\u7ef4\u591a\u5229\u4e9a\u6e56\u5782\u9493  \u6f02\u6d41\u7a7f\u8d8a\u6c79\u6d8c\u7684\u767d\u5c3c\u7f57\u6cb3  \u53c2\u89c2\u5361\u82cf\u6bd4\u738b\u9675  *\u8bf7\u6ce8\u610f\uff0c\u6211\u4eec\u516c\u53f8\u4e0d\u4ece\u4e8b\u673a\u7968\u8d2d\u4e70\u3001\u9500\u552e\u6216\u529e\u7406\u7b7e\u8bc1\u4e1a\u52a1\uff0c\u56e0\u6b64\u4e0d\u5bf9\u4e0e \u043f\u0435\u0440\u0435\u043b\u0451\u0442\u0430\u043c\u0438 \u548c\u8fc7\u5883\u76f8\u5173\u7684\u4e0d\u53ef\u6297\u529b\u60c5\u51b5\u627f\u62c5\u8d23\u4efb\u3002 \u5728\u975e\u6d32\uff0c\u5151\u6362\u5c0f\u9762\u989d\u3001\u65e7\u7248\u6216\u78e8\u635f\u7684\u7f8e\u5143\u7eb8\u5e01\uff08\u5c24\u5176\u662f2009\u5e74\u4e4b\u524d\u53d1\u884c\u7684\uff09\u5b58\u5728\u4e00\u5b9a\u56f0\u96be\uff0c\u8bf7\u52a1\u5fc5\u63d0\u524d\u8003\u8651\u8fd9\u4e00\u70b9\uff1a\u5728\u67d0\u4e9b\u5730\u65b9\u53ef\u80fd\u4f1a\u6536\u53d6\u989d\u5916\u624b\u7eed\u8d39\uff0c\u800c\u5728\u53e6\u4e00\u4e9b\u5730\u65b9\u53ef\u80fd\u4f1a\u76f4\u63a5\u62d2\u6536","og_url":"https:\/\/mountainguides.pro\/zh\/tours\/safari\/safari-uganda\/","og_site_name":"Mountain Guide","article_publisher":"https:\/\/www.facebook.com\/Mountainguide-232956566756831\/","article_modified_time":"2026-04-06T14:35:35+00:00","og_image":[{"width":2560,"height":1920,"url":"https:\/\/mountainguides.pro\/wp-content\/uploads\/2023\/11\/Safari-Uganda.jpg","type":"image\/jpeg"}],"twitter_card":"summary_large_image","twitter_site":"@Wintercyclone","twitter_misc":{"\u9884\u8ba1\u9605\u8bfb\u65f6\u95f4":"1 \u5206"},"schema":{"@context":"https:\/\/schema.org","@graph":[{"@type":"WebPage","@id":"https:\/\/mountainguides.pro\/tours\/safari\/safari-uganda\/","url":"https:\/\/mountainguides.pro\/tours\/safari\/safari-uganda\/","name":"Safari Uganda","isPartOf":{"@id":"https:\/\/mountainguides.pro\/#website"},"primaryImageOfPage":{"@id":"https:\/\/mountainguides.pro\/tours\/safari\/safari-uganda\/#primaryimage"},"image":{"@id":"https:\/\/mountainguides.pro\/tours\/safari\/safari-uganda\/#primaryimage"},"thumbnailUrl":"https:\/\/mountainguides.pro\/wp-content\/uploads\/2023\/11\/Safari-Uganda.jpg","datePublished":"2023-11-01T10:54:07+00:00","dateModified":"2026-04-06T14:35:35+00:00","breadcrumb":{"@id":"https:\/\/mountainguides.pro\/tours\/safari\/safari-uganda\/#breadcrumb"},"inLanguage":"zh","potentialAction":[{"@type":"ReadAction","target":["https:\/\/mountainguides.pro\/tours\/safari\/safari-uganda\/"]}]},{"@type":"ImageObject","inLanguage":"zh","@id":"https:\/\/mountainguides.pro\/tours\/safari\/safari-uganda\/#primaryimage","url":"https:\/\/mountainguides.pro\/wp-content\/uploads\/2023\/11\/Safari-Uganda.jpg","contentUrl":"https:\/\/mountainguides.pro\/wp-content\/uploads\/2023\/11\/Safari-Uganda.jpg","width":2560,"height":1920},{"@type":"BreadcrumbList","@id":"https:\/\/mountainguides.pro\/tours\/safari\/safari-uganda\/#breadcrumb","itemListElement":[{"@type":"ListItem","position":1,"name":"Home","item":"https:\/\/mountainguides.pro\/de\/"},{"@type":"ListItem","position":2,"name":"Safari Uganda"}]},{"@type":"WebSite","@id":"https:\/\/mountainguides.pro\/#website","url":"https:\/\/mountainguides.pro\/","name":"Mountain Guide","description":"We aspire to be the first in everything!","publisher":{"@id":"https:\/\/mountainguides.pro\/#organization"},"potentialAction":[{"@type":"SearchAction","target":{"@type":"EntryPoint","urlTemplate":"https:\/\/mountainguides.pro\/?s={search_term_string}"},"query-input":{"@type":"PropertyValueSpecification","valueRequired":true,"valueName":"search_term_string"}}],"inLanguage":"zh"},{"@type":"Organization","@id":"https:\/\/mountainguides.pro\/#organization","name":"Mountain Guide","url":"https:\/\/mountainguides.pro\/","logo":{"@type":"ImageObject","inLanguage":"zh","@id":"https:\/\/mountainguides.pro\/#\/schema\/logo\/image\/","url":"https:\/\/mountainguides.pro\/wp-content\/uploads\/2018\/01\/mglogo.jpg","contentUrl":"https:\/\/mountainguides.pro\/wp-content\/uploads\/2018\/01\/mglogo.jpg","width":1200,"height":630,"caption":"Mountain Guide"},"image":{"@id":"https:\/\/mountainguides.pro\/#\/schema\/logo\/image\/"},"sameAs":["https:\/\/www.facebook.com\/Mountainguide-232956566756831\/","https:\/\/x.com\/Wintercyclone","http:\/\/instagram.com\/mountainguide","http:\/\/www.youtube.com\/mountainguide"]}]}},"_links":{"self":[{"href":"https:\/\/mountainguides.pro\/zh\/wp-json\/wp\/v2\/product\/19738","targetHints":{"allow":["GET"]}}],"collection":[{"href":"https:\/\/mountainguides.pro\/zh\/wp-json\/wp\/v2\/product"}],"about":[{"href":"https:\/\/mountainguides.pro\/zh\/wp-json\/wp\/v2\/types\/product"}],"replies":[{"embeddable":true,"href":"https:\/\/mountainguides.pro\/zh\/wp-json\/wp\/v2\/comments?post=19738"}],"version-history":[{"count":16,"href":"https:\/\/mountainguides.pro\/zh\/wp-json\/wp\/v2\/product\/19738\/revisions"}],"predecessor-version":[{"id":33382,"href":"https:\/\/mountainguides.pro\/zh\/wp-json\/wp\/v2\/product\/19738\/revisions\/33382"}],"wp:featuredmedia":[{"embeddable":true,"href":"https:\/\/mountainguides.pro\/zh\/wp-json\/wp\/v2\/media\/19740"}],"wp:attachment":[{"href":"https:\/\/mountainguides.pro\/zh\/wp-json\/wp\/v2\/media?parent=19738"}],"wp:term":[{"taxonomy":"product_cat","embeddable":true,"href":"https:\/\/mountainguides.pro\/zh\/wp-json\/wp\/v2\/product_cat?post=19738"},{"taxonomy":"product_tag","embeddable":true,"href":"https:\/\/mountainguides.pro\/zh\/wp-json\/wp\/v2\/product_tag?post=19738"}],"curies":[{"name":"wp","href":"https:\/\/api.w.org\/{rel}","templated":true}]}}