{"id":19744,"date":"2023-11-01T14:37:57","date_gmt":"2023-11-01T11:37:57","guid":{"rendered":"https:\/\/mountainguides.pro\/?post_type=product&#038;p=19744"},"modified":"2026-04-06T17:33:35","modified_gmt":"2026-04-06T14:33:35","slug":"safari-tanzania","status":"publish","type":"product","link":"https:\/\/mountainguides.pro\/zh\/tours\/safari\/safari-tanzania\/","title":{"rendered":"\u5766\u6851\u5c3c\u4e9a\u4e4b\u65c5\uff1a\u585e\u4f26\u76d6\u8482\u3001\u6069\u6208\u7f57\u6069\u6208\u7f57\u548c\u5854\u5170\u5409\u96f7\u91ce\u751f\u52a8\u7269\u56ed"},"content":{"rendered":"","protected":false},"excerpt":{"rendered":"<ul>\n<li class=\"p1\">\u4e58\u5750\u4e13\u4e1a\u53f8\u673a\u9a7e\u9a76\u7684\u8d8a\u91ce\u72e9\u730e\u8f66\u5f00\u542f\u5192\u9669<\/li>\n<li class=\"p1\">\u63a2\u7d22\u5145\u6ee1\u91ce\u751f\u52a8\u7269\u7684\u585e\u4f26\u76d6\u8482\u56fd\u5bb6\u516c\u56ed<\/li>\n<li class=\"p1\">\u5165\u4f4f\u4f20\u7edf\u5962\u534e\u7684\u72e9\u730e\u8425\u5730<\/li>\n<li class=\"p1\">\u5728\u6069\u6208\u7f57\u6069\u6208\u7f57\u706b\u5c71\u53e3\u52aa\u529b\u6536\u96c6\u5b8c\u6574\u7684\u201c\u975e\u6d32\u4e94\u9738\u201d<\/li>\n<li class=\"p1\">\u611f\u53d7\u771f\u5b9e\u7684\u975e\u6d32\u98ce\u60c5<\/li>\n<li class=\"p1\">\u5728\u5854\u5170\u5409\u96f7\u56fd\u5bb6\u516c\u56ed\u89c2\u8d4f\u6210\u7fa4\u7684\u5927\u8c61<\/li>\n<\/ul>\n<p class=\"p1\"><strong>*\u8bf7\u6ce8\u610f\uff0c\u6211\u4eec\u516c\u53f8\u4e0d\u4ece\u4e8b\u673a\u7968\u8d2d\u4e70\u3001\u9500\u552e\u53ca\u7b7e\u8bc1\u529e\u7406\u4e1a\u52a1\uff0c\u56e0\u6b64\u5bf9\u4e8e\u56e0\u822a\u73ed\u53d8\u52a8\u6216\u8fc7\u5883\u95ee\u9898\u6240\u4ea7\u751f\u7684\u4efb\u4f55\u4e0d\u53ef\u6297\u529b\u60c5\u51b5\u4e0d\u627f\u62c5\u8d23\u4efb\u3002<\/strong><\/p>\n<p class=\"p1\"><strong>\u5728\u975e\u6d32\uff0c\u5151\u6362\u5c0f\u989d\u3001\u7834\u65e7\u4ee5\u53ca2009\u5e74\u4ee5\u524d\u53d1\u884c\u7684\u7f8e\u5143\u7eb8\u5e01\u53ef\u80fd\u4f1a\u9047\u5230\u56f0\u96be\uff0c\u8bf7\u52a1\u5fc5\u8003\u8651\u8fd9\u4e00\u70b9\u3002\u6709\u4e9b\u5730\u65b9\u4f1a\u6536\u53d6\u989d\u5916\u624b\u7eed\u8d39\uff0c\u6709\u4e9b\u5730\u65b9\u751a\u81f3\u4f1a\u62d2\u7edd\u5151\u6362\uff09<\/strong><\/p>\n","protected":false},"featured_media":19746,"comment_status":"closed","ping_status":"closed","template":"","meta":{"_acf_changed":false,"footnotes":""},"product_cat":[339,318,343],"product_tag":[],"class_list":{"0":"post-19744","1":"product","2":"type-product","3":"status-publish","4":"has-post-thumbnail","6":"product_cat-adventure-africa","7":"product_cat-safari","8":"product_cat-safari-africa","10":"first","11":"instock","12":"shipping-taxable","13":"purchasable","14":"product-type-simple"},"acf":[],"yoast_head":"<!-- This site is optimized with the Yoast SEO Premium plugin v26.5 (Yoast SEO v27.4) - https:\/\/yoast.com\/product\/yoast-seo-premium-wordpress\/ -->\n<title>Safari Tanzania<\/title>\n<meta name=\"robots\" content=\"index, follow, max-snippet:-1, max-image-preview:large, max-video-preview:-1\" \/>\n<link rel=\"canonical\" href=\"https:\/\/mountainguides.pro\/zh\/tours\/safari\/safari-tanzania\/\" \/>\n<meta property=\"og:locale\" content=\"zh_CN\" \/>\n<meta property=\"og:locale:alternate\" content=\"en_US\" \/>\n<meta property=\"og:locale:alternate\" content=\"ru_RU\" \/>\n<meta property=\"og:locale:alternate\" content=\"de\" \/>\n<meta property=\"og:locale:alternate\" content=\"es\" \/>\n<meta property=\"og:locale:alternate\" content=\"pt\" \/>\n<meta property=\"og:locale:alternate\" content=\"ko\" \/>\n<meta property=\"og:locale:alternate\" content=\"ja\" \/>\n<meta property=\"og:locale:alternate\" content=\"hi\" \/>\n<meta property=\"og:locale:alternate\" content=\"ar\" \/>\n<meta property=\"og:type\" content=\"article\" \/>\n<meta property=\"og:title\" content=\"\u5766\u6851\u5c3c\u4e9a\u4e4b\u65c5\uff1a\u585e\u4f26\u76d6\u8482\u3001\u6069\u6208\u7f57\u6069\u6208\u7f57\u548c\u5854\u5170\u5409\u96f7\u91ce\u751f\u52a8\u7269\u56ed\" \/>\n<meta property=\"og:description\" content=\"\u4e58\u5750\u4e13\u4e1a\u53f8\u673a\u9a7e\u9a76\u7684\u8d8a\u91ce\u72e9\u730e\u8f66\u5f00\u542f\u5192\u9669  \u63a2\u7d22\u5145\u6ee1\u91ce\u751f\u52a8\u7269\u7684\u585e\u4f26\u76d6\u8482\u56fd\u5bb6\u516c\u56ed  \u5165\u4f4f\u4f20\u7edf\u5962\u534e\u7684\u72e9\u730e\u8425\u5730  \u5728\u6069\u6208\u7f57\u6069\u6208\u7f57\u706b\u5c71\u53e3\u52aa\u529b\u6536\u96c6\u5b8c\u6574\u7684\u201c\u975e\u6d32\u4e94\u9738\u201d  \u611f\u53d7\u771f\u5b9e\u7684\u975e\u6d32\u98ce\u60c5  \u5728\u5854\u5170\u5409\u96f7\u56fd\u5bb6\u516c\u56ed\u89c2\u8d4f\u6210\u7fa4\u7684\u5927\u8c61  *\u8bf7\u6ce8\u610f\uff0c\u6211\u4eec\u516c\u53f8\u4e0d\u4ece\u4e8b\u673a\u7968\u8d2d\u4e70\u3001\u9500\u552e\u53ca\u7b7e\u8bc1\u529e\u7406\u4e1a\u52a1\uff0c\u56e0\u6b64\u5bf9\u4e8e\u56e0\u822a\u73ed\u53d8\u52a8\u6216\u8fc7\u5883\u95ee\u9898\u6240\u4ea7\u751f\u7684\u4efb\u4f55\u4e0d\u53ef\u6297\u529b\u60c5\u51b5\u4e0d\u627f\u62c5\u8d23\u4efb\u3002 \u5728\u975e\u6d32\uff0c\u5151\u6362\u5c0f\u989d\u3001\u7834\u65e7\u4ee5\u53ca2009\u5e74\u4ee5\u524d\u53d1\u884c\u7684\u7f8e\u5143\u7eb8\u5e01\u53ef\u80fd\u4f1a\u9047\u5230\u56f0\u96be\uff0c\u8bf7\u52a1\u5fc5\u8003\u8651\u8fd9\u4e00\u70b9\u3002\u6709\u4e9b\u5730\u65b9\u4f1a\u6536\u53d6\u989d\u5916\u624b\u7eed\u8d39\uff0c\u6709\u4e9b\u5730\u65b9\u751a\u81f3\u4f1a\u62d2\u7edd\u5151\u6362\uff09\" \/>\n<meta property=\"og:url\" content=\"https:\/\/mountainguides.pro\/zh\/tours\/safari\/safari-tanzania\/\" \/>\n<meta property=\"og:site_name\" content=\"Mountain Guide\" \/>\n<meta property=\"article:publisher\" content=\"https:\/\/www.facebook.com\/Mountainguide-232956566756831\/\" \/>\n<meta property=\"article:modified_time\" content=\"2026-04-06T14:33:35+00:00\" \/>\n<meta property=\"og:image\" content=\"https:\/\/mountainguides.pro\/wp-content\/uploads\/2023\/11\/Safari-Tanzaniya.jpg\" \/>\n\t<meta property=\"og:image:width\" content=\"1599\" \/>\n\t<meta property=\"og:image:height\" content=\"1197\" \/>\n\t<meta property=\"og:image:type\" content=\"image\/jpeg\" \/>\n<meta name=\"twitter:card\" content=\"summary_large_image\" \/>\n<meta name=\"twitter:site\" content=\"@Wintercyclone\" \/>\n<meta name=\"twitter:label1\" content=\"\u9884\u8ba1\u9605\u8bfb\u65f6\u95f4\" \/>\n\t<meta name=\"twitter:data1\" content=\"1 \u5206\" \/>\n<script type=\"application\/ld+json\" class=\"yoast-schema-graph\">{\"@context\":\"https:\\\/\\\/schema.org\",\"@graph\":[{\"@type\":\"WebPage\",\"@id\":\"https:\\\/\\\/mountainguides.pro\\\/tours\\\/safari\\\/safari-tanzania\\\/\",\"url\":\"https:\\\/\\\/mountainguides.pro\\\/tours\\\/safari\\\/safari-tanzania\\\/\",\"name\":\"Safari Tanzania\",\"isPartOf\":{\"@id\":\"https:\\\/\\\/mountainguides.pro\\\/#website\"},\"primaryImageOfPage\":{\"@id\":\"https:\\\/\\\/mountainguides.pro\\\/tours\\\/safari\\\/safari-tanzania\\\/#primaryimage\"},\"image\":{\"@id\":\"https:\\\/\\\/mountainguides.pro\\\/tours\\\/safari\\\/safari-tanzania\\\/#primaryimage\"},\"thumbnailUrl\":\"https:\\\/\\\/mountainguides.pro\\\/wp-content\\\/uploads\\\/2023\\\/11\\\/Safari-Tanzaniya.jpg\",\"datePublished\":\"2023-11-01T11:37:57+00:00\",\"dateModified\":\"2026-04-06T14:33:35+00:00\",\"breadcrumb\":{\"@id\":\"https:\\\/\\\/mountainguides.pro\\\/tours\\\/safari\\\/safari-tanzania\\\/#breadcrumb\"},\"inLanguage\":\"zh\",\"potentialAction\":[{\"@type\":\"ReadAction\",\"target\":[\"https:\\\/\\\/mountainguides.pro\\\/tours\\\/safari\\\/safari-tanzania\\\/\"]}]},{\"@type\":\"ImageObject\",\"inLanguage\":\"zh\",\"@id\":\"https:\\\/\\\/mountainguides.pro\\\/tours\\\/safari\\\/safari-tanzania\\\/#primaryimage\",\"url\":\"https:\\\/\\\/mountainguides.pro\\\/wp-content\\\/uploads\\\/2023\\\/11\\\/Safari-Tanzaniya.jpg\",\"contentUrl\":\"https:\\\/\\\/mountainguides.pro\\\/wp-content\\\/uploads\\\/2023\\\/11\\\/Safari-Tanzaniya.jpg\",\"width\":1599,\"height\":1197},{\"@type\":\"BreadcrumbList\",\"@id\":\"https:\\\/\\\/mountainguides.pro\\\/tours\\\/safari\\\/safari-tanzania\\\/#breadcrumb\",\"itemListElement\":[{\"@type\":\"ListItem\",\"position\":1,\"name\":\"Home\",\"item\":\"https:\\\/\\\/mountainguides.pro\\\/de\\\/\"},{\"@type\":\"ListItem\",\"position\":2,\"name\":\"Safari Tanzania\"}]},{\"@type\":\"WebSite\",\"@id\":\"https:\\\/\\\/mountainguides.pro\\\/#website\",\"url\":\"https:\\\/\\\/mountainguides.pro\\\/\",\"name\":\"Mountain Guide\",\"description\":\"We aspire to be the first in everything!\",\"publisher\":{\"@id\":\"https:\\\/\\\/mountainguides.pro\\\/#organization\"},\"potentialAction\":[{\"@type\":\"SearchAction\",\"target\":{\"@type\":\"EntryPoint\",\"urlTemplate\":\"https:\\\/\\\/mountainguides.pro\\\/?s={search_term_string}\"},\"query-input\":{\"@type\":\"PropertyValueSpecification\",\"valueRequired\":true,\"valueName\":\"search_term_string\"}}],\"inLanguage\":\"zh\"},{\"@type\":\"Organization\",\"@id\":\"https:\\\/\\\/mountainguides.pro\\\/#organization\",\"name\":\"Mountain Guide\",\"url\":\"https:\\\/\\\/mountainguides.pro\\\/\",\"logo\":{\"@type\":\"ImageObject\",\"inLanguage\":\"zh\",\"@id\":\"https:\\\/\\\/mountainguides.pro\\\/#\\\/schema\\\/logo\\\/image\\\/\",\"url\":\"https:\\\/\\\/mountainguides.pro\\\/wp-content\\\/uploads\\\/2018\\\/01\\\/mglogo.jpg\",\"contentUrl\":\"https:\\\/\\\/mountainguides.pro\\\/wp-content\\\/uploads\\\/2018\\\/01\\\/mglogo.jpg\",\"width\":1200,\"height\":630,\"caption\":\"Mountain Guide\"},\"image\":{\"@id\":\"https:\\\/\\\/mountainguides.pro\\\/#\\\/schema\\\/logo\\\/image\\\/\"},\"sameAs\":[\"https:\\\/\\\/www.facebook.com\\\/Mountainguide-232956566756831\\\/\",\"https:\\\/\\\/x.com\\\/Wintercyclone\",\"http:\\\/\\\/instagram.com\\\/mountainguide\",\"http:\\\/\\\/www.youtube.com\\\/mountainguide\"]}]}<\/script>\n<!-- \/ Yoast SEO Premium plugin. -->","yoast_head_json":{"title":"Safari Tanzania","robots":{"index":"index","follow":"follow","max-snippet":"max-snippet:-1","max-image-preview":"max-image-preview:large","max-video-preview":"max-video-preview:-1"},"canonical":"https:\/\/mountainguides.pro\/zh\/tours\/safari\/safari-tanzania\/","og_locale":"zh_CN","og_type":"article","og_title":"[:en]Safari Tanzania[:de]Tour nach Tansania: Safaris in der Serengeti, in Ngorongoro und in Tarangira[:es]Tour a Tanzania: Safari en el Serengeti, Ngorongoro y Tarangira[:pt]Excurs\u00e3o \u00e0 Tanz\u00e2nia: safaris em Serengeti, Ngorongoro e Tarangira[:zh]\u5766\u6851\u5c3c\u4e9a\u4e4b\u65c5\uff1a\u585e\u4f26\u76d6\u8482\u3001\u6069\u6208\u7f57\u6069\u6208\u7f57\u548c\u5854\u5170\u5409\u96f7\u91ce\u751f\u52a8\u7269\u56ed[:ko]\ud0c4\uc790\ub2c8\uc544 \ud22c\uc5b4:\uc138\ub81d\uac8c\ud2f0,\uc751\uace0\ub871\uace0\ub85c,\ud0c0\ub791\uae30\ub808 \uc0ac\ud30c\ub9ac[:ja]\u30bf\u30f3\u30b6\u30cb\u30a2\u30c4\u30a2\u30fc\uff1a\u30bb\u30ec\u30f3\u30b2\u30c6\u30a3\u3001\u30f3\u30b4\u30ed\u30f3\u30b4\u30ed\u3001\u30bf\u30e9\u30f3\u30ae\u30ec\u30b5\u30d5\u30a1\u30ea[:hi]\u0924\u0902\u091c\u093e\u0928\u093f\u092f\u093e \u091f\u0942\u0930: \u0938\u0947\u0930\u0947\u0928\u094d\u0917\u0947\u091f\u0940, \u0928\u093e\u0917\u094b\u0930\u094b\u0902\u0917\u094b\u0930\u094b \u0914\u0930 \u0924\u0930\u0902\u0917\u0940\u0930 \u0938\u092b\u093e\u0930\u0940[:ar]\u062c\u0648\u0644\u0629 \u062a\u0646\u0632\u0627\u0646\u064a\u0627: \u0631\u062d\u0644\u0627\u062a \u0627\u0644\u0633\u0641\u0627\u0631\u064a \u0633\u064a\u0631\u064a\u0646\u062c\u064a\u062a\u064a \u0648\u0646\u062c\u0648\u0631\u0648\u0646\u062c\u0648\u0631\u0648 \u0648\u062a\u0627\u0631\u0627\u0646\u062c\u064a\u0631\u064a[:]","og_description":"\u4e58\u5750\u4e13\u4e1a\u53f8\u673a\u9a7e\u9a76\u7684\u8d8a\u91ce\u72e9\u730e\u8f66\u5f00\u542f\u5192\u9669  \u63a2\u7d22\u5145\u6ee1\u91ce\u751f\u52a8\u7269\u7684\u585e\u4f26\u76d6\u8482\u56fd\u5bb6\u516c\u56ed  \u5165\u4f4f\u4f20\u7edf\u5962\u534e\u7684\u72e9\u730e\u8425\u5730  \u5728\u6069\u6208\u7f57\u6069\u6208\u7f57\u706b\u5c71\u53e3\u52aa\u529b\u6536\u96c6\u5b8c\u6574\u7684\u201c\u975e\u6d32\u4e94\u9738\u201d  \u611f\u53d7\u771f\u5b9e\u7684\u975e\u6d32\u98ce\u60c5  \u5728\u5854\u5170\u5409\u96f7\u56fd\u5bb6\u516c\u56ed\u89c2\u8d4f\u6210\u7fa4\u7684\u5927\u8c61  *\u8bf7\u6ce8\u610f\uff0c\u6211\u4eec\u516c\u53f8\u4e0d\u4ece\u4e8b\u673a\u7968\u8d2d\u4e70\u3001\u9500\u552e\u53ca\u7b7e\u8bc1\u529e\u7406\u4e1a\u52a1\uff0c\u56e0\u6b64\u5bf9\u4e8e\u56e0\u822a\u73ed\u53d8\u52a8\u6216\u8fc7\u5883\u95ee\u9898\u6240\u4ea7\u751f\u7684\u4efb\u4f55\u4e0d\u53ef\u6297\u529b\u60c5\u51b5\u4e0d\u627f\u62c5\u8d23\u4efb\u3002 \u5728\u975e\u6d32\uff0c\u5151\u6362\u5c0f\u989d\u3001\u7834\u65e7\u4ee5\u53ca2009\u5e74\u4ee5\u524d\u53d1\u884c\u7684\u7f8e\u5143\u7eb8\u5e01\u53ef\u80fd\u4f1a\u9047\u5230\u56f0\u96be\uff0c\u8bf7\u52a1\u5fc5\u8003\u8651\u8fd9\u4e00\u70b9\u3002\u6709\u4e9b\u5730\u65b9\u4f1a\u6536\u53d6\u989d\u5916\u624b\u7eed\u8d39\uff0c\u6709\u4e9b\u5730\u65b9\u751a\u81f3\u4f1a\u62d2\u7edd\u5151\u6362\uff09","og_url":"https:\/\/mountainguides.pro\/zh\/tours\/safari\/safari-tanzania\/","og_site_name":"Mountain Guide","article_publisher":"https:\/\/www.facebook.com\/Mountainguide-232956566756831\/","article_modified_time":"2026-04-06T14:33:35+00:00","og_image":[{"width":1599,"height":1197,"url":"https:\/\/mountainguides.pro\/wp-content\/uploads\/2023\/11\/Safari-Tanzaniya.jpg","type":"image\/jpeg"}],"twitter_card":"summary_large_image","twitter_site":"@Wintercyclone","twitter_misc":{"\u9884\u8ba1\u9605\u8bfb\u65f6\u95f4":"1 \u5206"},"schema":{"@context":"https:\/\/schema.org","@graph":[{"@type":"WebPage","@id":"https:\/\/mountainguides.pro\/tours\/safari\/safari-tanzania\/","url":"https:\/\/mountainguides.pro\/tours\/safari\/safari-tanzania\/","name":"Safari Tanzania","isPartOf":{"@id":"https:\/\/mountainguides.pro\/#website"},"primaryImageOfPage":{"@id":"https:\/\/mountainguides.pro\/tours\/safari\/safari-tanzania\/#primaryimage"},"image":{"@id":"https:\/\/mountainguides.pro\/tours\/safari\/safari-tanzania\/#primaryimage"},"thumbnailUrl":"https:\/\/mountainguides.pro\/wp-content\/uploads\/2023\/11\/Safari-Tanzaniya.jpg","datePublished":"2023-11-01T11:37:57+00:00","dateModified":"2026-04-06T14:33:35+00:00","breadcrumb":{"@id":"https:\/\/mountainguides.pro\/tours\/safari\/safari-tanzania\/#breadcrumb"},"inLanguage":"zh","potentialAction":[{"@type":"ReadAction","target":["https:\/\/mountainguides.pro\/tours\/safari\/safari-tanzania\/"]}]},{"@type":"ImageObject","inLanguage":"zh","@id":"https:\/\/mountainguides.pro\/tours\/safari\/safari-tanzania\/#primaryimage","url":"https:\/\/mountainguides.pro\/wp-content\/uploads\/2023\/11\/Safari-Tanzaniya.jpg","contentUrl":"https:\/\/mountainguides.pro\/wp-content\/uploads\/2023\/11\/Safari-Tanzaniya.jpg","width":1599,"height":1197},{"@type":"BreadcrumbList","@id":"https:\/\/mountainguides.pro\/tours\/safari\/safari-tanzania\/#breadcrumb","itemListElement":[{"@type":"ListItem","position":1,"name":"Home","item":"https:\/\/mountainguides.pro\/de\/"},{"@type":"ListItem","position":2,"name":"Safari Tanzania"}]},{"@type":"WebSite","@id":"https:\/\/mountainguides.pro\/#website","url":"https:\/\/mountainguides.pro\/","name":"Mountain Guide","description":"We aspire to be the first in everything!","publisher":{"@id":"https:\/\/mountainguides.pro\/#organization"},"potentialAction":[{"@type":"SearchAction","target":{"@type":"EntryPoint","urlTemplate":"https:\/\/mountainguides.pro\/?s={search_term_string}"},"query-input":{"@type":"PropertyValueSpecification","valueRequired":true,"valueName":"search_term_string"}}],"inLanguage":"zh"},{"@type":"Organization","@id":"https:\/\/mountainguides.pro\/#organization","name":"Mountain Guide","url":"https:\/\/mountainguides.pro\/","logo":{"@type":"ImageObject","inLanguage":"zh","@id":"https:\/\/mountainguides.pro\/#\/schema\/logo\/image\/","url":"https:\/\/mountainguides.pro\/wp-content\/uploads\/2018\/01\/mglogo.jpg","contentUrl":"https:\/\/mountainguides.pro\/wp-content\/uploads\/2018\/01\/mglogo.jpg","width":1200,"height":630,"caption":"Mountain Guide"},"image":{"@id":"https:\/\/mountainguides.pro\/#\/schema\/logo\/image\/"},"sameAs":["https:\/\/www.facebook.com\/Mountainguide-232956566756831\/","https:\/\/x.com\/Wintercyclone","http:\/\/instagram.com\/mountainguide","http:\/\/www.youtube.com\/mountainguide"]}]}},"_links":{"self":[{"href":"https:\/\/mountainguides.pro\/zh\/wp-json\/wp\/v2\/product\/19744","targetHints":{"allow":["GET"]}}],"collection":[{"href":"https:\/\/mountainguides.pro\/zh\/wp-json\/wp\/v2\/product"}],"about":[{"href":"https:\/\/mountainguides.pro\/zh\/wp-json\/wp\/v2\/types\/product"}],"replies":[{"embeddable":true,"href":"https:\/\/mountainguides.pro\/zh\/wp-json\/wp\/v2\/comments?post=19744"}],"version-history":[{"count":15,"href":"https:\/\/mountainguides.pro\/zh\/wp-json\/wp\/v2\/product\/19744\/revisions"}],"predecessor-version":[{"id":33381,"href":"https:\/\/mountainguides.pro\/zh\/wp-json\/wp\/v2\/product\/19744\/revisions\/33381"}],"wp:featuredmedia":[{"embeddable":true,"href":"https:\/\/mountainguides.pro\/zh\/wp-json\/wp\/v2\/media\/19746"}],"wp:attachment":[{"href":"https:\/\/mountainguides.pro\/zh\/wp-json\/wp\/v2\/media?parent=19744"}],"wp:term":[{"taxonomy":"product_cat","embeddable":true,"href":"https:\/\/mountainguides.pro\/zh\/wp-json\/wp\/v2\/product_cat?post=19744"},{"taxonomy":"product_tag","embeddable":true,"href":"https:\/\/mountainguides.pro\/zh\/wp-json\/wp\/v2\/product_tag?post=19744"}],"curies":[{"name":"wp","href":"https:\/\/api.w.org\/{rel}","templated":true}]}}