{"id":19774,"date":"2023-11-02T11:16:25","date_gmt":"2023-11-02T08:16:25","guid":{"rendered":"https:\/\/mountainguides.pro\/?post_type=product&#038;p=19774"},"modified":"2026-04-06T17:30:15","modified_gmt":"2026-04-06T14:30:15","slug":"tour-to-morocco-for-new-year","status":"publish","type":"product","link":"https:\/\/mountainguides.pro\/zh\/tours\/adventure\/tour-to-morocco-for-new-year\/","title":{"rendered":"\u6469\u6d1b\u54e5\u4e4b\u65c5\uff1a\u5317\u975e\u7684\u4e2d\u5fc3"},"content":{"rendered":"","protected":false},"excerpt":{"rendered":"<ul>\n<li class=\"p1\">\u5728\u963f\u52a0\u83f2\u6c99\u6f20\u7684\u8c6a\u534e\u5e10\u7bf7\u4e2d\uff0c\u5728\u67cf\u67cf\u5c14\u9f13\u58f0\u4e2d\u8fce\u63a5\u65b0\u5e74<\/li>\n<li class=\"p1\">\u52d2\u5409\u62c9\u6d77\u6ee9\u4e0a\u8d6d\u77f3\u8272\u5de8\u578b\u5ca9\u62f1\u4f38\u5411\u5927\u897f\u6d0b\uff0c\u662f\u975e\u6d32\u771f\u6b63\u7684\u660e\u73e0<\/li>\n<li class=\"p1\">\u5361\u8428\u5e03\u5170\u043a\u0430\u3001\u9a6c\u62c9\u5580\u4ec0\u3001\u7d22\u7ef4\u62c9\u3001\u62c9\u5df4\u7279\u3001\u4e39\u5409\u5c14\u3001\u975e\u65af\u548c\u820d\u592b\u6c99\u4e07\u2014\u2014\u884c\u7a0b\u5185\u5bb9\u6781\u5176\u4e30\u5bcc<\/li>\n<li class=\"p1\">\u884c\u7a0b\u4e2d\u5165\u4f4f\u57ce\u5e02\u91cc\u7684\u8c6a\u534e\u91cc\u4e9a\u5fb7\u4f20\u7edf\u5ead\u9662\u65c5\u9986\uff0c\u800c\u4e0d\u662f\u666e\u901a\u8fde\u9501\u9152\u5e97<\/li>\n<li class=\"p1\">\u5168\u7a0b\u7531\u4fc4\u8bed\u8bed\u5bfc\u6e38\u966a\u540c<\/li>\n<li class=\"p1\">\u7531\u5f53\u5730\u5411\u5bfc\u5e26\u9886\u6e38\u89c8\u6700\u6709\u8da3\u7684\u666f\u70b9<\/li>\n<\/ul>\n<p class=\"p1\"><strong>*\u8bf7\u6ce8\u610f\uff0c\u6211\u4eec\u516c\u53f8\u4e0d\u4ece\u4e8b\u673a\u7968\u8d2d\u4e70\u3001\u9500\u552e\u53ca\u7b7e\u8bc1\u529e\u7406\u4e1a\u52a1\uff0c\u56e0\u6b64\u4e0d\u5bf9\u4e0e \u043f\u0435\u0440\u0435\u043b\u0451\u0442\u0430\u043c\u0438 \u548c \u8fc7\u5883\u8fb9\u9632\u76f8\u5173\u7684 \u0444\u043e\u0440\u0441-\u043c\u0430\u0436\u043e\u0440\u60c5\u51b5\u627f\u62c5\u8d23\u4efb\u3002<\/strong><\/p>\n<p class=\"p1\"><strong>\u5728\u975e\u6d32\uff0c\u5151\u6362\u5c0f\u989d\u3001\u78e8\u635f\u4ee5\u53ca\u65e7\u7248\uff082009\u5e74\u4ee5\u524d\u53d1\u884c\uff09\u7684\u7f8e\u5143\u7eb8\u5e01\u4f1a\u9047\u5230\u4e00\u4e9b\u56f0\u96be\uff0c\u8bf7\u52a1\u5fc5\u8003\u8651\u8fd9\u4e00\u70b9\u3002\u5728\u67d0\u4e9b\u5730\u65b9\u53ef\u80fd\u4f1a\u6536\u53d6\u989d\u5916\u4f63\u91d1\uff0c\u800c\u5728\u5176\u4ed6\u5730\u65b9\u53ef\u80fd\u4f1a\u88ab\u62d2\u7edd\u5151\u6362\u3002<\/strong><\/p>\n","protected":false},"featured_media":19775,"comment_status":"closed","ping_status":"closed","template":"","meta":{"_acf_changed":false,"footnotes":""},"product_cat":[337],"product_tag":[],"class_list":{"0":"post-19774","1":"product","2":"type-product","3":"status-publish","4":"has-post-thumbnail","6":"product_cat-adventure","8":"first","9":"instock","10":"shipping-taxable","11":"purchasable","12":"product-type-simple"},"acf":[],"yoast_head":"<!-- This site is optimized with the Yoast SEO Premium plugin v26.5 (Yoast SEO v27.4) - https:\/\/yoast.com\/product\/yoast-seo-premium-wordpress\/ -->\n<title>Adventure Morocco for New Year<\/title>\n<meta name=\"robots\" content=\"index, follow, max-snippet:-1, max-image-preview:large, max-video-preview:-1\" \/>\n<link rel=\"canonical\" href=\"https:\/\/mountainguides.pro\/zh\/tours\/adventure\/tour-to-morocco-for-new-year\/\" \/>\n<meta property=\"og:locale\" content=\"zh_CN\" \/>\n<meta property=\"og:locale:alternate\" content=\"en_US\" \/>\n<meta property=\"og:locale:alternate\" content=\"ru_RU\" \/>\n<meta property=\"og:locale:alternate\" content=\"de\" \/>\n<meta property=\"og:locale:alternate\" content=\"es\" \/>\n<meta property=\"og:locale:alternate\" content=\"pt\" \/>\n<meta property=\"og:locale:alternate\" content=\"ko\" \/>\n<meta property=\"og:locale:alternate\" content=\"ja\" \/>\n<meta property=\"og:locale:alternate\" content=\"hi\" \/>\n<meta property=\"og:locale:alternate\" content=\"ar\" \/>\n<meta property=\"og:type\" content=\"article\" \/>\n<meta property=\"og:title\" content=\"\u6469\u6d1b\u54e5\u4e4b\u65c5\uff1a\u5317\u975e\u7684\u4e2d\u5fc3\" \/>\n<meta property=\"og:description\" content=\"\u5728\u963f\u52a0\u83f2\u6c99\u6f20\u7684\u8c6a\u534e\u5e10\u7bf7\u4e2d\uff0c\u5728\u67cf\u67cf\u5c14\u9f13\u58f0\u4e2d\u8fce\u63a5\u65b0\u5e74  \u52d2\u5409\u62c9\u6d77\u6ee9\u4e0a\u8d6d\u77f3\u8272\u5de8\u578b\u5ca9\u62f1\u4f38\u5411\u5927\u897f\u6d0b\uff0c\u662f\u975e\u6d32\u771f\u6b63\u7684\u660e\u73e0  \u5361\u8428\u5e03\u5170\u043a\u0430\u3001\u9a6c\u62c9\u5580\u4ec0\u3001\u7d22\u7ef4\u62c9\u3001\u62c9\u5df4\u7279\u3001\u4e39\u5409\u5c14\u3001\u975e\u65af\u548c\u820d\u592b\u6c99\u4e07\u2014\u2014\u884c\u7a0b\u5185\u5bb9\u6781\u5176\u4e30\u5bcc  \u884c\u7a0b\u4e2d\u5165\u4f4f\u57ce\u5e02\u91cc\u7684\u8c6a\u534e\u91cc\u4e9a\u5fb7\u4f20\u7edf\u5ead\u9662\u65c5\u9986\uff0c\u800c\u4e0d\u662f\u666e\u901a\u8fde\u9501\u9152\u5e97  \u5168\u7a0b\u7531\u4fc4\u8bed\u8bed\u5bfc\u6e38\u966a\u540c  \u7531\u5f53\u5730\u5411\u5bfc\u5e26\u9886\u6e38\u89c8\u6700\u6709\u8da3\u7684\u666f\u70b9  *\u8bf7\u6ce8\u610f\uff0c\u6211\u4eec\u516c\u53f8\u4e0d\u4ece\u4e8b\u673a\u7968\u8d2d\u4e70\u3001\u9500\u552e\u53ca\u7b7e\u8bc1\u529e\u7406\u4e1a\u52a1\uff0c\u56e0\u6b64\u4e0d\u5bf9\u4e0e \u043f\u0435\u0440\u0435\u043b\u0451\u0442\u0430\u043c\u0438 \u548c \u8fc7\u5883\u8fb9\u9632\u76f8\u5173\u7684 \u0444\u043e\u0440\u0441-\u043c\u0430\u0436\u043e\u0440\u60c5\u51b5\u627f\u62c5\u8d23\u4efb\u3002 \u5728\u975e\u6d32\uff0c\u5151\u6362\u5c0f\u989d\u3001\u78e8\u635f\u4ee5\u53ca\u65e7\u7248\uff082009\u5e74\u4ee5\u524d\u53d1\u884c\uff09\u7684\u7f8e\u5143\u7eb8\u5e01\u4f1a\u9047\u5230\u4e00\u4e9b\u56f0\u96be\uff0c\u8bf7\u52a1\u5fc5\u8003\u8651\u8fd9\u4e00\u70b9\u3002\u5728\u67d0\u4e9b\u5730\u65b9\u53ef\u80fd\u4f1a\u6536\u53d6\u989d\u5916\u4f63\u91d1\uff0c\u800c\u5728\u5176\u4ed6\u5730\u65b9\u53ef\u80fd\u4f1a\u88ab\u62d2\u7edd\u5151\u6362\u3002\" \/>\n<meta property=\"og:url\" content=\"https:\/\/mountainguides.pro\/zh\/tours\/adventure\/tour-to-morocco-for-new-year\/\" \/>\n<meta property=\"og:site_name\" content=\"Mountain Guide\" \/>\n<meta property=\"article:publisher\" content=\"https:\/\/www.facebook.com\/Mountainguide-232956566756831\/\" \/>\n<meta property=\"article:modified_time\" content=\"2026-04-06T14:30:15+00:00\" \/>\n<meta property=\"og:image\" content=\"https:\/\/mountainguides.pro\/wp-content\/uploads\/2023\/11\/Marocco-New-Year.jpeg\" \/>\n\t<meta property=\"og:image:width\" content=\"1600\" \/>\n\t<meta property=\"og:image:height\" content=\"1200\" \/>\n\t<meta property=\"og:image:type\" content=\"image\/jpeg\" \/>\n<meta name=\"twitter:card\" content=\"summary_large_image\" \/>\n<meta name=\"twitter:site\" content=\"@Wintercyclone\" \/>\n<meta name=\"twitter:label1\" content=\"\u9884\u8ba1\u9605\u8bfb\u65f6\u95f4\" \/>\n\t<meta name=\"twitter:data1\" content=\"1 \u5206\" \/>\n<script type=\"application\/ld+json\" class=\"yoast-schema-graph\">{\"@context\":\"https:\\\/\\\/schema.org\",\"@graph\":[{\"@type\":\"WebPage\",\"@id\":\"https:\\\/\\\/mountainguides.pro\\\/tours\\\/adventure\\\/tour-to-morocco-for-new-year\\\/\",\"url\":\"https:\\\/\\\/mountainguides.pro\\\/tours\\\/adventure\\\/tour-to-morocco-for-new-year\\\/\",\"name\":\"Adventure Morocco for New Year\",\"isPartOf\":{\"@id\":\"https:\\\/\\\/mountainguides.pro\\\/#website\"},\"primaryImageOfPage\":{\"@id\":\"https:\\\/\\\/mountainguides.pro\\\/tours\\\/adventure\\\/tour-to-morocco-for-new-year\\\/#primaryimage\"},\"image\":{\"@id\":\"https:\\\/\\\/mountainguides.pro\\\/tours\\\/adventure\\\/tour-to-morocco-for-new-year\\\/#primaryimage\"},\"thumbnailUrl\":\"https:\\\/\\\/mountainguides.pro\\\/wp-content\\\/uploads\\\/2023\\\/11\\\/Marocco-New-Year.jpeg\",\"datePublished\":\"2023-11-02T08:16:25+00:00\",\"dateModified\":\"2026-04-06T14:30:15+00:00\",\"breadcrumb\":{\"@id\":\"https:\\\/\\\/mountainguides.pro\\\/tours\\\/adventure\\\/tour-to-morocco-for-new-year\\\/#breadcrumb\"},\"inLanguage\":\"zh\",\"potentialAction\":[{\"@type\":\"ReadAction\",\"target\":[\"https:\\\/\\\/mountainguides.pro\\\/tours\\\/adventure\\\/tour-to-morocco-for-new-year\\\/\"]}]},{\"@type\":\"ImageObject\",\"inLanguage\":\"zh\",\"@id\":\"https:\\\/\\\/mountainguides.pro\\\/tours\\\/adventure\\\/tour-to-morocco-for-new-year\\\/#primaryimage\",\"url\":\"https:\\\/\\\/mountainguides.pro\\\/wp-content\\\/uploads\\\/2023\\\/11\\\/Marocco-New-Year.jpeg\",\"contentUrl\":\"https:\\\/\\\/mountainguides.pro\\\/wp-content\\\/uploads\\\/2023\\\/11\\\/Marocco-New-Year.jpeg\",\"width\":1600,\"height\":1200},{\"@type\":\"BreadcrumbList\",\"@id\":\"https:\\\/\\\/mountainguides.pro\\\/tours\\\/adventure\\\/tour-to-morocco-for-new-year\\\/#breadcrumb\",\"itemListElement\":[{\"@type\":\"ListItem\",\"position\":1,\"name\":\"Home\",\"item\":\"https:\\\/\\\/mountainguides.pro\\\/de\\\/\"},{\"@type\":\"ListItem\",\"position\":2,\"name\":\"Tour to Morocco for New Year\"}]},{\"@type\":\"WebSite\",\"@id\":\"https:\\\/\\\/mountainguides.pro\\\/#website\",\"url\":\"https:\\\/\\\/mountainguides.pro\\\/\",\"name\":\"Mountain Guide\",\"description\":\"We aspire to be the first in everything!\",\"publisher\":{\"@id\":\"https:\\\/\\\/mountainguides.pro\\\/#organization\"},\"potentialAction\":[{\"@type\":\"SearchAction\",\"target\":{\"@type\":\"EntryPoint\",\"urlTemplate\":\"https:\\\/\\\/mountainguides.pro\\\/?s={search_term_string}\"},\"query-input\":{\"@type\":\"PropertyValueSpecification\",\"valueRequired\":true,\"valueName\":\"search_term_string\"}}],\"inLanguage\":\"zh\"},{\"@type\":\"Organization\",\"@id\":\"https:\\\/\\\/mountainguides.pro\\\/#organization\",\"name\":\"Mountain Guide\",\"url\":\"https:\\\/\\\/mountainguides.pro\\\/\",\"logo\":{\"@type\":\"ImageObject\",\"inLanguage\":\"zh\",\"@id\":\"https:\\\/\\\/mountainguides.pro\\\/#\\\/schema\\\/logo\\\/image\\\/\",\"url\":\"https:\\\/\\\/mountainguides.pro\\\/wp-content\\\/uploads\\\/2018\\\/01\\\/mglogo.jpg\",\"contentUrl\":\"https:\\\/\\\/mountainguides.pro\\\/wp-content\\\/uploads\\\/2018\\\/01\\\/mglogo.jpg\",\"width\":1200,\"height\":630,\"caption\":\"Mountain Guide\"},\"image\":{\"@id\":\"https:\\\/\\\/mountainguides.pro\\\/#\\\/schema\\\/logo\\\/image\\\/\"},\"sameAs\":[\"https:\\\/\\\/www.facebook.com\\\/Mountainguide-232956566756831\\\/\",\"https:\\\/\\\/x.com\\\/Wintercyclone\",\"http:\\\/\\\/instagram.com\\\/mountainguide\",\"http:\\\/\\\/www.youtube.com\\\/mountainguide\"]}]}<\/script>\n<!-- \/ Yoast SEO Premium plugin. -->","yoast_head_json":{"title":"Adventure Morocco for New Year","robots":{"index":"index","follow":"follow","max-snippet":"max-snippet:-1","max-image-preview":"max-image-preview:large","max-video-preview":"max-video-preview:-1"},"canonical":"https:\/\/mountainguides.pro\/zh\/tours\/adventure\/tour-to-morocco-for-new-year\/","og_locale":"zh_CN","og_type":"article","og_title":"[:en]Tour to Morocco for New Year[:de]Marokko-Tour: Das Herz Nordafrikas[:es]Tour por Marruecos: el coraz\u00f3n del Norte de \u00c1frica[:pt]Marrocos: o cora\u00e7\u00e3o do Norte da \u00c1frica[:zh]\u6469\u6d1b\u54e5\u4e4b\u65c5\uff1a\u5317\u975e\u7684\u4e2d\u5fc3[:ko]\ubaa8\ub85c\ucf54 \ud22c\uc5b4:\ubd81\uc544\ud504\ub9ac\uce74\uc758 \uc2ec\uc7a5[:ja]\u30e2\u30ed\u30c3\u30b3\u30c4\u30a2\u30fc\uff1a\u5317\u30a2\u30d5\u30ea\u30ab\u306e\u4e2d\u5fc3[:hi]\u092e\u094b\u0930\u0915\u094d\u0915\u094b \u091f\u0942\u0930: \u0909\u0924\u094d\u0924\u0930\u0940 \u0905\u092b\u094d\u0930\u0940\u0915\u093e \u0915\u093e \u0926\u093f\u0932[:ar]\u062c\u0648\u0644\u0629 \u0627\u0644\u0645\u063a\u0631\u0628: \u0642\u0644\u0628 \u0634\u0645\u0627\u0644 \u0623\u0641\u0631\u064a\u0642\u064a\u0627[:]","og_description":"\u5728\u963f\u52a0\u83f2\u6c99\u6f20\u7684\u8c6a\u534e\u5e10\u7bf7\u4e2d\uff0c\u5728\u67cf\u67cf\u5c14\u9f13\u58f0\u4e2d\u8fce\u63a5\u65b0\u5e74  \u52d2\u5409\u62c9\u6d77\u6ee9\u4e0a\u8d6d\u77f3\u8272\u5de8\u578b\u5ca9\u62f1\u4f38\u5411\u5927\u897f\u6d0b\uff0c\u662f\u975e\u6d32\u771f\u6b63\u7684\u660e\u73e0  \u5361\u8428\u5e03\u5170\u043a\u0430\u3001\u9a6c\u62c9\u5580\u4ec0\u3001\u7d22\u7ef4\u62c9\u3001\u62c9\u5df4\u7279\u3001\u4e39\u5409\u5c14\u3001\u975e\u65af\u548c\u820d\u592b\u6c99\u4e07\u2014\u2014\u884c\u7a0b\u5185\u5bb9\u6781\u5176\u4e30\u5bcc  \u884c\u7a0b\u4e2d\u5165\u4f4f\u57ce\u5e02\u91cc\u7684\u8c6a\u534e\u91cc\u4e9a\u5fb7\u4f20\u7edf\u5ead\u9662\u65c5\u9986\uff0c\u800c\u4e0d\u662f\u666e\u901a\u8fde\u9501\u9152\u5e97  \u5168\u7a0b\u7531\u4fc4\u8bed\u8bed\u5bfc\u6e38\u966a\u540c  \u7531\u5f53\u5730\u5411\u5bfc\u5e26\u9886\u6e38\u89c8\u6700\u6709\u8da3\u7684\u666f\u70b9  *\u8bf7\u6ce8\u610f\uff0c\u6211\u4eec\u516c\u53f8\u4e0d\u4ece\u4e8b\u673a\u7968\u8d2d\u4e70\u3001\u9500\u552e\u53ca\u7b7e\u8bc1\u529e\u7406\u4e1a\u52a1\uff0c\u56e0\u6b64\u4e0d\u5bf9\u4e0e \u043f\u0435\u0440\u0435\u043b\u0451\u0442\u0430\u043c\u0438 \u548c \u8fc7\u5883\u8fb9\u9632\u76f8\u5173\u7684 \u0444\u043e\u0440\u0441-\u043c\u0430\u0436\u043e\u0440\u60c5\u51b5\u627f\u62c5\u8d23\u4efb\u3002 \u5728\u975e\u6d32\uff0c\u5151\u6362\u5c0f\u989d\u3001\u78e8\u635f\u4ee5\u53ca\u65e7\u7248\uff082009\u5e74\u4ee5\u524d\u53d1\u884c\uff09\u7684\u7f8e\u5143\u7eb8\u5e01\u4f1a\u9047\u5230\u4e00\u4e9b\u56f0\u96be\uff0c\u8bf7\u52a1\u5fc5\u8003\u8651\u8fd9\u4e00\u70b9\u3002\u5728\u67d0\u4e9b\u5730\u65b9\u53ef\u80fd\u4f1a\u6536\u53d6\u989d\u5916\u4f63\u91d1\uff0c\u800c\u5728\u5176\u4ed6\u5730\u65b9\u53ef\u80fd\u4f1a\u88ab\u62d2\u7edd\u5151\u6362\u3002","og_url":"https:\/\/mountainguides.pro\/zh\/tours\/adventure\/tour-to-morocco-for-new-year\/","og_site_name":"Mountain Guide","article_publisher":"https:\/\/www.facebook.com\/Mountainguide-232956566756831\/","article_modified_time":"2026-04-06T14:30:15+00:00","og_image":[{"width":1600,"height":1200,"url":"https:\/\/mountainguides.pro\/wp-content\/uploads\/2023\/11\/Marocco-New-Year.jpeg","type":"image\/jpeg"}],"twitter_card":"summary_large_image","twitter_site":"@Wintercyclone","twitter_misc":{"\u9884\u8ba1\u9605\u8bfb\u65f6\u95f4":"1 \u5206"},"schema":{"@context":"https:\/\/schema.org","@graph":[{"@type":"WebPage","@id":"https:\/\/mountainguides.pro\/tours\/adventure\/tour-to-morocco-for-new-year\/","url":"https:\/\/mountainguides.pro\/tours\/adventure\/tour-to-morocco-for-new-year\/","name":"Adventure Morocco for New Year","isPartOf":{"@id":"https:\/\/mountainguides.pro\/#website"},"primaryImageOfPage":{"@id":"https:\/\/mountainguides.pro\/tours\/adventure\/tour-to-morocco-for-new-year\/#primaryimage"},"image":{"@id":"https:\/\/mountainguides.pro\/tours\/adventure\/tour-to-morocco-for-new-year\/#primaryimage"},"thumbnailUrl":"https:\/\/mountainguides.pro\/wp-content\/uploads\/2023\/11\/Marocco-New-Year.jpeg","datePublished":"2023-11-02T08:16:25+00:00","dateModified":"2026-04-06T14:30:15+00:00","breadcrumb":{"@id":"https:\/\/mountainguides.pro\/tours\/adventure\/tour-to-morocco-for-new-year\/#breadcrumb"},"inLanguage":"zh","potentialAction":[{"@type":"ReadAction","target":["https:\/\/mountainguides.pro\/tours\/adventure\/tour-to-morocco-for-new-year\/"]}]},{"@type":"ImageObject","inLanguage":"zh","@id":"https:\/\/mountainguides.pro\/tours\/adventure\/tour-to-morocco-for-new-year\/#primaryimage","url":"https:\/\/mountainguides.pro\/wp-content\/uploads\/2023\/11\/Marocco-New-Year.jpeg","contentUrl":"https:\/\/mountainguides.pro\/wp-content\/uploads\/2023\/11\/Marocco-New-Year.jpeg","width":1600,"height":1200},{"@type":"BreadcrumbList","@id":"https:\/\/mountainguides.pro\/tours\/adventure\/tour-to-morocco-for-new-year\/#breadcrumb","itemListElement":[{"@type":"ListItem","position":1,"name":"Home","item":"https:\/\/mountainguides.pro\/de\/"},{"@type":"ListItem","position":2,"name":"Tour to Morocco for New Year"}]},{"@type":"WebSite","@id":"https:\/\/mountainguides.pro\/#website","url":"https:\/\/mountainguides.pro\/","name":"Mountain Guide","description":"We aspire to be the first in everything!","publisher":{"@id":"https:\/\/mountainguides.pro\/#organization"},"potentialAction":[{"@type":"SearchAction","target":{"@type":"EntryPoint","urlTemplate":"https:\/\/mountainguides.pro\/?s={search_term_string}"},"query-input":{"@type":"PropertyValueSpecification","valueRequired":true,"valueName":"search_term_string"}}],"inLanguage":"zh"},{"@type":"Organization","@id":"https:\/\/mountainguides.pro\/#organization","name":"Mountain Guide","url":"https:\/\/mountainguides.pro\/","logo":{"@type":"ImageObject","inLanguage":"zh","@id":"https:\/\/mountainguides.pro\/#\/schema\/logo\/image\/","url":"https:\/\/mountainguides.pro\/wp-content\/uploads\/2018\/01\/mglogo.jpg","contentUrl":"https:\/\/mountainguides.pro\/wp-content\/uploads\/2018\/01\/mglogo.jpg","width":1200,"height":630,"caption":"Mountain Guide"},"image":{"@id":"https:\/\/mountainguides.pro\/#\/schema\/logo\/image\/"},"sameAs":["https:\/\/www.facebook.com\/Mountainguide-232956566756831\/","https:\/\/x.com\/Wintercyclone","http:\/\/instagram.com\/mountainguide","http:\/\/www.youtube.com\/mountainguide"]}]}},"_links":{"self":[{"href":"https:\/\/mountainguides.pro\/zh\/wp-json\/wp\/v2\/product\/19774","targetHints":{"allow":["GET"]}}],"collection":[{"href":"https:\/\/mountainguides.pro\/zh\/wp-json\/wp\/v2\/product"}],"about":[{"href":"https:\/\/mountainguides.pro\/zh\/wp-json\/wp\/v2\/types\/product"}],"replies":[{"embeddable":true,"href":"https:\/\/mountainguides.pro\/zh\/wp-json\/wp\/v2\/comments?post=19774"}],"version-history":[{"count":12,"href":"https:\/\/mountainguides.pro\/zh\/wp-json\/wp\/v2\/product\/19774\/revisions"}],"predecessor-version":[{"id":33380,"href":"https:\/\/mountainguides.pro\/zh\/wp-json\/wp\/v2\/product\/19774\/revisions\/33380"}],"wp:featuredmedia":[{"embeddable":true,"href":"https:\/\/mountainguides.pro\/zh\/wp-json\/wp\/v2\/media\/19775"}],"wp:attachment":[{"href":"https:\/\/mountainguides.pro\/zh\/wp-json\/wp\/v2\/media?parent=19774"}],"wp:term":[{"taxonomy":"product_cat","embeddable":true,"href":"https:\/\/mountainguides.pro\/zh\/wp-json\/wp\/v2\/product_cat?post=19774"},{"taxonomy":"product_tag","embeddable":true,"href":"https:\/\/mountainguides.pro\/zh\/wp-json\/wp\/v2\/product_tag?post=19774"}],"curies":[{"name":"wp","href":"https:\/\/api.w.org\/{rel}","templated":true}]}}