{"id":19788,"date":"2023-11-02T12:23:49","date_gmt":"2023-11-02T09:23:49","guid":{"rendered":"https:\/\/mountainguides.pro\/?post_type=product&#038;p=19788"},"modified":"2026-04-06T17:14:45","modified_gmt":"2026-04-06T14:14:45","slug":"brazil-amazon","status":"publish","type":"product","link":"https:\/\/mountainguides.pro\/zh\/tours\/adventure\/brazil-amazon\/","title":{"rendered":"\u4e9a\u9a6c\u900a\u4e4b\u65c5\uff1a\u5df4\u897f\u3001\u59d4\u5185\u745e\u62c9\u3001\u5df4\u62ff\u9a6c"},"content":{"rendered":"","protected":false},"excerpt":{"rendered":"<ul>\n<li class=\"p1\">\u4e09\u56fd\u5408\u4e00\u7684\u65c5\u7a0b\uff1a\u5df4\u897f\u3001\u59d4\u5185\u745e\u62c9\u3001\u5df4\u62ff\u9a6c<\/li>\n<li class=\"p1\">\u5f92\u6b65\u6500\u767b\u7f57\u8d56\u9a6c\u5c71\uff0c\u6b23\u8d4f\u201c\u5931\u843d\u4e16\u754c\u201d\u7684\u9707\u64bc\u666f\u89c2<\/li>\n<li class=\"p1\">\u5728\u70ed\u5e26\u6d77\u6ee9\u4eab\u53d7\u9759\u8c27\u4e0e\u63a2\u7d22\u539f\u59cb\u81ea\u7136<\/li>\n<li class=\"p1\">\u63a2\u7d22\u52a0\u52d2\u6bd4\u7fa4\u5c9b\u535a\u5361\u65af-\u5fb7\u5c14\u6258\u7f57\uff0c\u5305\u62ec\u53c2\u89c2\u7ea2\u86d9\u5c9b<\/li>\n<li class=\"p1\">\u524d\u5f80\u4e16\u754c\u6700\u9ad8\u7684\u7011\u5e03\u2014\u2014\u5929\u4f7f\u7011\u5e03<\/li>\n<\/ul>\n<p class=\"p1\"><b>\u8bf7\u6ce8\u610f\uff1a\u672c\u516c\u53f8\u4e0d\u4ece\u4e8b\u673a\u7968\u7684\u8d2d\u4e70\u548c\u9500\u552e\uff0c\u4e5f\u4e0d\u529e\u7406\u7b7e\u8bc1\u8bb8\u53ef\u76f8\u5173\u670d\u52a1\uff0c\u56e0\u6b64\u5bf9\u4e8e\u4e0e\u822a\u73ed\u53ca\u8fc7\u5883\u76f8\u5173\u7684\u4e0d\u53ef\u6297\u529b\u60c5\u51b5\uff0c\u6211\u4eec\u4e0d\u627f\u62c5\u8d23\u4efb\u3002<\/b><b><\/b><\/p>\n<p class=\"p3\"><strong>\u91cd\u8981\u4fe1\u606f\uff1a<\/strong><\/p>\n<ul>\n<li class=\"p3\">\u5165\u4f4f\u548c\u9000\u623f\u65f6\u95f4\u7531\u9152\u5e97\u89c4\u5b9a\uff1a\u5165\u4f4f\u65f6\u95f4\u4e3a15:00\u4e4b\u540e\uff0c\u9000\u623f\u65f6\u95f4\u4e3a11:00\u201312:00\u4e4b\u524d\u3002\u884c\u674e\u53ef\u4ee5\u5bc4\u5b58\u5728\u9152\u5e97\u524d\u53f0\u540e\u81ea\u884c\u5728\u57ce\u5e02\u4e2d\u6563\u6b65\uff0c\u6216\u8005\u5728\u6280\u672f\u6761\u4ef6\u5141\u8bb8\u7684\u60c5\u51b5\u4e0b\uff0c\u652f\u4ed8\u989d\u5916\u8d39\u7528\u529e\u7406\u63d0\u524d\u5165\u4f4f\/\u5ef6\u8fdf\u9000\u623f\u3002<\/li>\n<li class=\"p3\">\u672c\u6b21\u65c5\u884c\u5177\u6709\u63a2\u9669\u5f0f\/\u8003\u5bdf\u5f0f\u6027\u8d28\uff1a\u5305\u62ec\u4e0e\u5f53\u5730\u90e8\u843d\u548c\u793e\u533a\u7684\u4e92\u52a8\uff0c\u5e76\u5728\u4e00\u5b9a\u7a0b\u5ea6\u4e0a\u53d7\u5929\u6c14\u72b6\u51b5\u5f71\u54cd\u3002\u6211\u4eec\u5c06\u5c3d\u6700\u5927\u52aa\u529b\u9075\u5b88\u5df2\u516c\u5e03\u7684\u65e5\u7a0b\u5b89\u6392\uff0c\u4f46\u5728\u9047\u5230\u975e\u6211\u4eec\u6240\u80fd\u63a7\u5236\u7684\u60c5\u51b5\u65f6\uff0c\u4fdd\u7559\u5bf9\u884c\u7a0b\u8fdb\u884c\u8c03\u6574\u7684\u6743\u5229\u3002<\/li>\n<\/ul>\n","protected":false},"featured_media":19789,"comment_status":"closed","ping_status":"closed","template":"","meta":{"_acf_changed":false,"footnotes":""},"product_cat":[337],"product_tag":[],"class_list":{"0":"post-19788","1":"product","2":"type-product","3":"status-publish","4":"has-post-thumbnail","6":"product_cat-adventure","8":"first","9":"instock","10":"shipping-taxable","11":"product-type-simple"},"acf":[],"yoast_head":"<!-- This site is optimized with the Yoast SEO Premium plugin v26.5 (Yoast SEO v27.4) - https:\/\/yoast.com\/product\/yoast-seo-premium-wordpress\/ -->\n<title>Adventure Brazil Amazon<\/title>\n<meta name=\"robots\" content=\"index, follow, max-snippet:-1, max-image-preview:large, max-video-preview:-1\" \/>\n<link rel=\"canonical\" href=\"https:\/\/mountainguides.pro\/zh\/tours\/adventure\/brazil-amazon\/\" \/>\n<meta property=\"og:locale\" content=\"zh_CN\" \/>\n<meta property=\"og:locale:alternate\" content=\"en_US\" \/>\n<meta property=\"og:locale:alternate\" content=\"ru_RU\" \/>\n<meta property=\"og:locale:alternate\" content=\"de\" \/>\n<meta property=\"og:locale:alternate\" content=\"es\" \/>\n<meta property=\"og:locale:alternate\" content=\"pt\" \/>\n<meta property=\"og:locale:alternate\" content=\"ko\" \/>\n<meta property=\"og:locale:alternate\" content=\"ja\" \/>\n<meta property=\"og:locale:alternate\" content=\"hi\" \/>\n<meta property=\"og:locale:alternate\" content=\"ar\" \/>\n<meta property=\"og:type\" content=\"article\" \/>\n<meta property=\"og:title\" content=\"\u4e9a\u9a6c\u900a\u4e4b\u65c5\uff1a\u5df4\u897f\u3001\u59d4\u5185\u745e\u62c9\u3001\u5df4\u62ff\u9a6c\" \/>\n<meta property=\"og:description\" content=\"\u4e09\u56fd\u5408\u4e00\u7684\u65c5\u7a0b\uff1a\u5df4\u897f\u3001\u59d4\u5185\u745e\u62c9\u3001\u5df4\u62ff\u9a6c  \u5f92\u6b65\u6500\u767b\u7f57\u8d56\u9a6c\u5c71\uff0c\u6b23\u8d4f\u201c\u5931\u843d\u4e16\u754c\u201d\u7684\u9707\u64bc\u666f\u89c2  \u5728\u70ed\u5e26\u6d77\u6ee9\u4eab\u53d7\u9759\u8c27\u4e0e\u63a2\u7d22\u539f\u59cb\u81ea\u7136  \u63a2\u7d22\u52a0\u52d2\u6bd4\u7fa4\u5c9b\u535a\u5361\u65af-\u5fb7\u5c14\u6258\u7f57\uff0c\u5305\u62ec\u53c2\u89c2\u7ea2\u86d9\u5c9b  \u524d\u5f80\u4e16\u754c\u6700\u9ad8\u7684\u7011\u5e03\u2014\u2014\u5929\u4f7f\u7011\u5e03  \u8bf7\u6ce8\u610f\uff1a\u672c\u516c\u53f8\u4e0d\u4ece\u4e8b\u673a\u7968\u7684\u8d2d\u4e70\u548c\u9500\u552e\uff0c\u4e5f\u4e0d\u529e\u7406\u7b7e\u8bc1\u8bb8\u53ef\u76f8\u5173\u670d\u52a1\uff0c\u56e0\u6b64\u5bf9\u4e8e\u4e0e\u822a\u73ed\u53ca\u8fc7\u5883\u76f8\u5173\u7684\u4e0d\u53ef\u6297\u529b\u60c5\u51b5\uff0c\u6211\u4eec\u4e0d\u627f\u62c5\u8d23\u4efb\u3002 \u91cd\u8981\u4fe1\u606f\uff1a    \u5165\u4f4f\u548c\u9000\u623f\u65f6\u95f4\u7531\u9152\u5e97\u89c4\u5b9a\uff1a\u5165\u4f4f\u65f6\u95f4\u4e3a15:00\u4e4b\u540e\uff0c\u9000\u623f\u65f6\u95f4\u4e3a11:00\u201312:00\u4e4b\u524d\u3002\u884c\u674e\u53ef\u4ee5\u5bc4\u5b58\u5728\u9152\u5e97\u524d\u53f0\u540e\u81ea\u884c\u5728\u57ce\u5e02\u4e2d\u6563\u6b65\uff0c\u6216\u8005\u5728\u6280\u672f\u6761\u4ef6\u5141\u8bb8\u7684\u60c5\u51b5\u4e0b\uff0c\u652f\u4ed8\u989d\u5916\u8d39\u7528\u529e\u7406\u63d0\u524d\u5165\u4f4f\/\u5ef6\u8fdf\u9000\u623f\u3002  \u672c\u6b21\u65c5\u884c\u5177\u6709\u63a2\u9669\u5f0f\/\u8003\u5bdf\u5f0f\u6027\u8d28\uff1a\u5305\u62ec\u4e0e\u5f53\u5730\u90e8\u843d\u548c\u793e\u533a\u7684\u4e92\u52a8\uff0c\u5e76\u5728\u4e00\u5b9a\u7a0b\u5ea6\u4e0a\u53d7\u5929\u6c14\u72b6\u51b5\u5f71\u54cd\u3002\u6211\u4eec\u5c06\u5c3d\u6700\u5927\u52aa\u529b\u9075\u5b88\u5df2\u516c\u5e03\u7684\u65e5\u7a0b\u5b89\u6392\uff0c\u4f46\u5728\u9047\u5230\u975e\u6211\u4eec\u6240\u80fd\u63a7\u5236\u7684\u60c5\u51b5\u65f6\uff0c\u4fdd\u7559\u5bf9\u884c\u7a0b\u8fdb\u884c\u8c03\u6574\u7684\u6743\u5229\u3002\" \/>\n<meta property=\"og:url\" content=\"https:\/\/mountainguides.pro\/zh\/tours\/adventure\/brazil-amazon\/\" \/>\n<meta property=\"og:site_name\" content=\"Mountain Guide\" \/>\n<meta property=\"article:publisher\" content=\"https:\/\/www.facebook.com\/Mountainguide-232956566756831\/\" \/>\n<meta property=\"article:modified_time\" content=\"2026-04-06T14:14:45+00:00\" \/>\n<meta property=\"og:image\" content=\"https:\/\/mountainguides.pro\/wp-content\/uploads\/2023\/11\/Brazil-Amazon.webp\" \/>\n\t<meta property=\"og:image:width\" content=\"1335\" \/>\n\t<meta property=\"og:image:height\" content=\"1780\" \/>\n\t<meta property=\"og:image:type\" content=\"image\/webp\" \/>\n<meta name=\"twitter:card\" content=\"summary_large_image\" \/>\n<meta name=\"twitter:site\" content=\"@Wintercyclone\" \/>\n<meta name=\"twitter:label1\" content=\"\u9884\u8ba1\u9605\u8bfb\u65f6\u95f4\" \/>\n\t<meta name=\"twitter:data1\" content=\"1 \u5206\" \/>\n<script type=\"application\/ld+json\" class=\"yoast-schema-graph\">{\"@context\":\"https:\\\/\\\/schema.org\",\"@graph\":[{\"@type\":\"WebPage\",\"@id\":\"https:\\\/\\\/mountainguides.pro\\\/tours\\\/adventure\\\/brazil-amazon\\\/\",\"url\":\"https:\\\/\\\/mountainguides.pro\\\/tours\\\/adventure\\\/brazil-amazon\\\/\",\"name\":\"Adventure Brazil Amazon\",\"isPartOf\":{\"@id\":\"https:\\\/\\\/mountainguides.pro\\\/#website\"},\"primaryImageOfPage\":{\"@id\":\"https:\\\/\\\/mountainguides.pro\\\/tours\\\/adventure\\\/brazil-amazon\\\/#primaryimage\"},\"image\":{\"@id\":\"https:\\\/\\\/mountainguides.pro\\\/tours\\\/adventure\\\/brazil-amazon\\\/#primaryimage\"},\"thumbnailUrl\":\"https:\\\/\\\/mountainguides.pro\\\/wp-content\\\/uploads\\\/2023\\\/11\\\/Brazil-Amazon.webp\",\"datePublished\":\"2023-11-02T09:23:49+00:00\",\"dateModified\":\"2026-04-06T14:14:45+00:00\",\"breadcrumb\":{\"@id\":\"https:\\\/\\\/mountainguides.pro\\\/tours\\\/adventure\\\/brazil-amazon\\\/#breadcrumb\"},\"inLanguage\":\"zh\",\"potentialAction\":[{\"@type\":\"ReadAction\",\"target\":[\"https:\\\/\\\/mountainguides.pro\\\/tours\\\/adventure\\\/brazil-amazon\\\/\"]}]},{\"@type\":\"ImageObject\",\"inLanguage\":\"zh\",\"@id\":\"https:\\\/\\\/mountainguides.pro\\\/tours\\\/adventure\\\/brazil-amazon\\\/#primaryimage\",\"url\":\"https:\\\/\\\/mountainguides.pro\\\/wp-content\\\/uploads\\\/2023\\\/11\\\/Brazil-Amazon.webp\",\"contentUrl\":\"https:\\\/\\\/mountainguides.pro\\\/wp-content\\\/uploads\\\/2023\\\/11\\\/Brazil-Amazon.webp\",\"width\":1335,\"height\":1780},{\"@type\":\"BreadcrumbList\",\"@id\":\"https:\\\/\\\/mountainguides.pro\\\/tours\\\/adventure\\\/brazil-amazon\\\/#breadcrumb\",\"itemListElement\":[{\"@type\":\"ListItem\",\"position\":1,\"name\":\"Home\",\"item\":\"https:\\\/\\\/mountainguides.pro\\\/de\\\/\"},{\"@type\":\"ListItem\",\"position\":2,\"name\":\"Brazil: Amazon\"}]},{\"@type\":\"WebSite\",\"@id\":\"https:\\\/\\\/mountainguides.pro\\\/#website\",\"url\":\"https:\\\/\\\/mountainguides.pro\\\/\",\"name\":\"Mountain Guide\",\"description\":\"We aspire to be the first in everything!\",\"publisher\":{\"@id\":\"https:\\\/\\\/mountainguides.pro\\\/#organization\"},\"potentialAction\":[{\"@type\":\"SearchAction\",\"target\":{\"@type\":\"EntryPoint\",\"urlTemplate\":\"https:\\\/\\\/mountainguides.pro\\\/?s={search_term_string}\"},\"query-input\":{\"@type\":\"PropertyValueSpecification\",\"valueRequired\":true,\"valueName\":\"search_term_string\"}}],\"inLanguage\":\"zh\"},{\"@type\":\"Organization\",\"@id\":\"https:\\\/\\\/mountainguides.pro\\\/#organization\",\"name\":\"Mountain Guide\",\"url\":\"https:\\\/\\\/mountainguides.pro\\\/\",\"logo\":{\"@type\":\"ImageObject\",\"inLanguage\":\"zh\",\"@id\":\"https:\\\/\\\/mountainguides.pro\\\/#\\\/schema\\\/logo\\\/image\\\/\",\"url\":\"https:\\\/\\\/mountainguides.pro\\\/wp-content\\\/uploads\\\/2018\\\/01\\\/mglogo.jpg\",\"contentUrl\":\"https:\\\/\\\/mountainguides.pro\\\/wp-content\\\/uploads\\\/2018\\\/01\\\/mglogo.jpg\",\"width\":1200,\"height\":630,\"caption\":\"Mountain Guide\"},\"image\":{\"@id\":\"https:\\\/\\\/mountainguides.pro\\\/#\\\/schema\\\/logo\\\/image\\\/\"},\"sameAs\":[\"https:\\\/\\\/www.facebook.com\\\/Mountainguide-232956566756831\\\/\",\"https:\\\/\\\/x.com\\\/Wintercyclone\",\"http:\\\/\\\/instagram.com\\\/mountainguide\",\"http:\\\/\\\/www.youtube.com\\\/mountainguide\"]}]}<\/script>\n<!-- \/ Yoast SEO Premium plugin. -->","yoast_head_json":{"title":"Adventure Brazil Amazon","robots":{"index":"index","follow":"follow","max-snippet":"max-snippet:-1","max-image-preview":"max-image-preview:large","max-video-preview":"max-video-preview:-1"},"canonical":"https:\/\/mountainguides.pro\/zh\/tours\/adventure\/brazil-amazon\/","og_locale":"zh_CN","og_type":"article","og_title":"[:en]Brazil: Amazon[:de]Tour zum Amazonas: Brasilien, Venezuela, Panama[:es]Viaje al Amazonas: Brasil, Venezuela, Panam\u00e1[:pt]Viagem \u00e0 Amaz\u00f4nia: Brasil, Venezuela, Panam\u00e1[:zh]\u4e9a\u9a6c\u900a\u4e4b\u65c5\uff1a\u5df4\u897f\u3001\u59d4\u5185\u745e\u62c9\u3001\u5df4\u62ff\u9a6c[:ko]\uc544\ub9c8\uc874 \ud22c\uc5b4:\ube0c\ub77c\uc9c8,\ubca0\ub124\uc218\uc5d8\ub77c,\ud30c\ub098\ub9c8[:ja]\u30a2\u30de\u30be\u30f3\u30c4\u30a2\u30fc\uff1a\u30d6\u30e9\u30b8\u30eb\u3001\u30d9\u30cd\u30ba\u30a8\u30e9\u3001\u30d1\u30ca\u30de[:hi]\u0905\u092e\u0947\u091c\u093c\u0945\u0928 \u091f\u0942\u0930: \u092c\u094d\u0930\u093e\u091c\u0940\u0932, \u0935\u0947\u0928\u0947\u091c\u0941\u090f\u0932\u093e, \u092a\u0928\u093e\u092e\u093e[:ar]\u062c\u0648\u0644\u0629 \u0627\u0644\u0623\u0645\u0627\u0632\u0648\u0646: \u0627\u0644\u0628\u0631\u0627\u0632\u064a\u0644 \u0648\u0641\u0646\u0632\u0648\u064a\u0644\u0627 \u0648\u0628\u0646\u0645\u0627[:]","og_description":"\u4e09\u56fd\u5408\u4e00\u7684\u65c5\u7a0b\uff1a\u5df4\u897f\u3001\u59d4\u5185\u745e\u62c9\u3001\u5df4\u62ff\u9a6c  \u5f92\u6b65\u6500\u767b\u7f57\u8d56\u9a6c\u5c71\uff0c\u6b23\u8d4f\u201c\u5931\u843d\u4e16\u754c\u201d\u7684\u9707\u64bc\u666f\u89c2  \u5728\u70ed\u5e26\u6d77\u6ee9\u4eab\u53d7\u9759\u8c27\u4e0e\u63a2\u7d22\u539f\u59cb\u81ea\u7136  \u63a2\u7d22\u52a0\u52d2\u6bd4\u7fa4\u5c9b\u535a\u5361\u65af-\u5fb7\u5c14\u6258\u7f57\uff0c\u5305\u62ec\u53c2\u89c2\u7ea2\u86d9\u5c9b  \u524d\u5f80\u4e16\u754c\u6700\u9ad8\u7684\u7011\u5e03\u2014\u2014\u5929\u4f7f\u7011\u5e03  \u8bf7\u6ce8\u610f\uff1a\u672c\u516c\u53f8\u4e0d\u4ece\u4e8b\u673a\u7968\u7684\u8d2d\u4e70\u548c\u9500\u552e\uff0c\u4e5f\u4e0d\u529e\u7406\u7b7e\u8bc1\u8bb8\u53ef\u76f8\u5173\u670d\u52a1\uff0c\u56e0\u6b64\u5bf9\u4e8e\u4e0e\u822a\u73ed\u53ca\u8fc7\u5883\u76f8\u5173\u7684\u4e0d\u53ef\u6297\u529b\u60c5\u51b5\uff0c\u6211\u4eec\u4e0d\u627f\u62c5\u8d23\u4efb\u3002 \u91cd\u8981\u4fe1\u606f\uff1a    \u5165\u4f4f\u548c\u9000\u623f\u65f6\u95f4\u7531\u9152\u5e97\u89c4\u5b9a\uff1a\u5165\u4f4f\u65f6\u95f4\u4e3a15:00\u4e4b\u540e\uff0c\u9000\u623f\u65f6\u95f4\u4e3a11:00\u201312:00\u4e4b\u524d\u3002\u884c\u674e\u53ef\u4ee5\u5bc4\u5b58\u5728\u9152\u5e97\u524d\u53f0\u540e\u81ea\u884c\u5728\u57ce\u5e02\u4e2d\u6563\u6b65\uff0c\u6216\u8005\u5728\u6280\u672f\u6761\u4ef6\u5141\u8bb8\u7684\u60c5\u51b5\u4e0b\uff0c\u652f\u4ed8\u989d\u5916\u8d39\u7528\u529e\u7406\u63d0\u524d\u5165\u4f4f\/\u5ef6\u8fdf\u9000\u623f\u3002  \u672c\u6b21\u65c5\u884c\u5177\u6709\u63a2\u9669\u5f0f\/\u8003\u5bdf\u5f0f\u6027\u8d28\uff1a\u5305\u62ec\u4e0e\u5f53\u5730\u90e8\u843d\u548c\u793e\u533a\u7684\u4e92\u52a8\uff0c\u5e76\u5728\u4e00\u5b9a\u7a0b\u5ea6\u4e0a\u53d7\u5929\u6c14\u72b6\u51b5\u5f71\u54cd\u3002\u6211\u4eec\u5c06\u5c3d\u6700\u5927\u52aa\u529b\u9075\u5b88\u5df2\u516c\u5e03\u7684\u65e5\u7a0b\u5b89\u6392\uff0c\u4f46\u5728\u9047\u5230\u975e\u6211\u4eec\u6240\u80fd\u63a7\u5236\u7684\u60c5\u51b5\u65f6\uff0c\u4fdd\u7559\u5bf9\u884c\u7a0b\u8fdb\u884c\u8c03\u6574\u7684\u6743\u5229\u3002","og_url":"https:\/\/mountainguides.pro\/zh\/tours\/adventure\/brazil-amazon\/","og_site_name":"Mountain Guide","article_publisher":"https:\/\/www.facebook.com\/Mountainguide-232956566756831\/","article_modified_time":"2026-04-06T14:14:45+00:00","og_image":[{"width":1335,"height":1780,"url":"https:\/\/mountainguides.pro\/wp-content\/uploads\/2023\/11\/Brazil-Amazon.webp","type":"image\/webp"}],"twitter_card":"summary_large_image","twitter_site":"@Wintercyclone","twitter_misc":{"\u9884\u8ba1\u9605\u8bfb\u65f6\u95f4":"1 \u5206"},"schema":{"@context":"https:\/\/schema.org","@graph":[{"@type":"WebPage","@id":"https:\/\/mountainguides.pro\/tours\/adventure\/brazil-amazon\/","url":"https:\/\/mountainguides.pro\/tours\/adventure\/brazil-amazon\/","name":"Adventure Brazil Amazon","isPartOf":{"@id":"https:\/\/mountainguides.pro\/#website"},"primaryImageOfPage":{"@id":"https:\/\/mountainguides.pro\/tours\/adventure\/brazil-amazon\/#primaryimage"},"image":{"@id":"https:\/\/mountainguides.pro\/tours\/adventure\/brazil-amazon\/#primaryimage"},"thumbnailUrl":"https:\/\/mountainguides.pro\/wp-content\/uploads\/2023\/11\/Brazil-Amazon.webp","datePublished":"2023-11-02T09:23:49+00:00","dateModified":"2026-04-06T14:14:45+00:00","breadcrumb":{"@id":"https:\/\/mountainguides.pro\/tours\/adventure\/brazil-amazon\/#breadcrumb"},"inLanguage":"zh","potentialAction":[{"@type":"ReadAction","target":["https:\/\/mountainguides.pro\/tours\/adventure\/brazil-amazon\/"]}]},{"@type":"ImageObject","inLanguage":"zh","@id":"https:\/\/mountainguides.pro\/tours\/adventure\/brazil-amazon\/#primaryimage","url":"https:\/\/mountainguides.pro\/wp-content\/uploads\/2023\/11\/Brazil-Amazon.webp","contentUrl":"https:\/\/mountainguides.pro\/wp-content\/uploads\/2023\/11\/Brazil-Amazon.webp","width":1335,"height":1780},{"@type":"BreadcrumbList","@id":"https:\/\/mountainguides.pro\/tours\/adventure\/brazil-amazon\/#breadcrumb","itemListElement":[{"@type":"ListItem","position":1,"name":"Home","item":"https:\/\/mountainguides.pro\/de\/"},{"@type":"ListItem","position":2,"name":"Brazil: Amazon"}]},{"@type":"WebSite","@id":"https:\/\/mountainguides.pro\/#website","url":"https:\/\/mountainguides.pro\/","name":"Mountain Guide","description":"We aspire to be the first in everything!","publisher":{"@id":"https:\/\/mountainguides.pro\/#organization"},"potentialAction":[{"@type":"SearchAction","target":{"@type":"EntryPoint","urlTemplate":"https:\/\/mountainguides.pro\/?s={search_term_string}"},"query-input":{"@type":"PropertyValueSpecification","valueRequired":true,"valueName":"search_term_string"}}],"inLanguage":"zh"},{"@type":"Organization","@id":"https:\/\/mountainguides.pro\/#organization","name":"Mountain Guide","url":"https:\/\/mountainguides.pro\/","logo":{"@type":"ImageObject","inLanguage":"zh","@id":"https:\/\/mountainguides.pro\/#\/schema\/logo\/image\/","url":"https:\/\/mountainguides.pro\/wp-content\/uploads\/2018\/01\/mglogo.jpg","contentUrl":"https:\/\/mountainguides.pro\/wp-content\/uploads\/2018\/01\/mglogo.jpg","width":1200,"height":630,"caption":"Mountain Guide"},"image":{"@id":"https:\/\/mountainguides.pro\/#\/schema\/logo\/image\/"},"sameAs":["https:\/\/www.facebook.com\/Mountainguide-232956566756831\/","https:\/\/x.com\/Wintercyclone","http:\/\/instagram.com\/mountainguide","http:\/\/www.youtube.com\/mountainguide"]}]}},"_links":{"self":[{"href":"https:\/\/mountainguides.pro\/zh\/wp-json\/wp\/v2\/product\/19788","targetHints":{"allow":["GET"]}}],"collection":[{"href":"https:\/\/mountainguides.pro\/zh\/wp-json\/wp\/v2\/product"}],"about":[{"href":"https:\/\/mountainguides.pro\/zh\/wp-json\/wp\/v2\/types\/product"}],"replies":[{"embeddable":true,"href":"https:\/\/mountainguides.pro\/zh\/wp-json\/wp\/v2\/comments?post=19788"}],"version-history":[{"count":15,"href":"https:\/\/mountainguides.pro\/zh\/wp-json\/wp\/v2\/product\/19788\/revisions"}],"predecessor-version":[{"id":33366,"href":"https:\/\/mountainguides.pro\/zh\/wp-json\/wp\/v2\/product\/19788\/revisions\/33366"}],"wp:featuredmedia":[{"embeddable":true,"href":"https:\/\/mountainguides.pro\/zh\/wp-json\/wp\/v2\/media\/19789"}],"wp:attachment":[{"href":"https:\/\/mountainguides.pro\/zh\/wp-json\/wp\/v2\/media?parent=19788"}],"wp:term":[{"taxonomy":"product_cat","embeddable":true,"href":"https:\/\/mountainguides.pro\/zh\/wp-json\/wp\/v2\/product_cat?post=19788"},{"taxonomy":"product_tag","embeddable":true,"href":"https:\/\/mountainguides.pro\/zh\/wp-json\/wp\/v2\/product_tag?post=19788"}],"curies":[{"name":"wp","href":"https:\/\/api.w.org\/{rel}","templated":true}]}}