{"id":19792,"date":"2023-11-02T12:39:55","date_gmt":"2023-11-02T09:39:55","guid":{"rendered":"https:\/\/mountainguides.pro\/?post_type=product&#038;p=19792"},"modified":"2026-04-06T17:41:49","modified_gmt":"2026-04-06T14:41:49","slug":"brazil-pantanal-iguassu-rio","status":"publish","type":"product","link":"https:\/\/mountainguides.pro\/zh\/tours\/adventure\/brazil-pantanal-iguassu-rio\/","title":{"rendered":"\u5df4\u897f\u4e4b\u65c5\uff1a\u6f58\u5854\u7eb3\u5c14\u6e7f\u5730\u3001\u4f0a\u74dc\u82cf\u3001\u91cc\u7ea6"},"content":{"rendered":"","protected":false},"excerpt":{"rendered":"<p class=\"p1\"><strong>\u8bf7\u6ce8\u610f\uff0c\u6211\u4eec\u516c\u53f8\u4e0d\u4ece\u4e8b\u673a\u7968\u8d2d\u4e70\u3001\u9500\u552e\u4ee5\u53ca\u7b7e\u8bc1\u529e\u7406\u4e1a\u52a1\uff0c\u56e0\u6b64\u5bf9\u4e8e\u4e0e\u822a\u73ed\u548c\u8fc7\u5883\u76f8\u5173\u7684\u4e0d\u53ef\u6297\u529b\u60c5\u51b5\u4e0d\u627f\u62c5\u8d23\u4efb\u3002<\/strong><i><\/i><\/p>\n<ul>\n<li class=\"p1\">\u6211\u4eec\u5c06\u770b\u5230\u4e16\u754c\u4e03\u5927\u5947\u8ff9\u4e4b\u4e00\u2014\u2014\u4f0a\u74dc\u82cf\u7011\u5e03\uff0c\u5b83\u6bd4\u8457\u540d\u7684\u5c3c\u4e9a\u52a0\u62c9\u7011\u5e03\u66f4\u9ad8\u3001\u66f4\u5bbd<\/li>\n<li class=\"p1\">\u6211\u4eec\u5c06\u6cbf\u7740\u81ea\u7531\u60ac\u6302\u7684\u7ef3\u7d22\u4e0b\u964d\u5230\u8fd1 100 \u7c73\u6df1\u7684\u6d1e\u7a74\u4e2d\uff0c\u8fd9\u91cc\u88ab\u8ba4\u4e3a\u662f\u5357\u7f8e\u6d32\u6700\u7f8e\u7684\u6d1e\u7a74\u4e4b\u4e00<\/li>\n<li class=\"p1\">\u6211\u4eec\u5c06\u5728\u5b8c\u5168\u9694\u79bb\u8d85\u8fc7 200 \u4e07\u5e74\u7684\u72ec\u7279\u9c7c\u7c7b\u4e2d\u8fdb\u884c\u6f5c\u6c34<\/li>\n<li class=\"p1\">\u6211\u4eec\u5c06\u98de\u8d8a\u6f58\u5854\u7eb3\u5c14\u7684\u5168\u666f\uff0c\u8fd9\u91cc\u662f\u5730\u7403\u4e0a\u6700\u72ec\u7279\u7684\u81ea\u7136\u533a\u57df\u4e4b\u4e00<\/li>\n<li class=\"p1\">\u6211\u4eec\u4f1a\u770b\u5230\u53ea\u5728\u8fd9\u91cc\u6816\u606f\u7684\u6f58\u5854\u7eb3\u5c14\u7f8e\u6d32\u864e\u3001\u5de8\u578b\u98df\u8681\u517d\u3001\u864e\u732b\u3001\u7334\u5b50\u3001\u68ee\u86ba\uff0c\u4ee5\u53ca\u4e16\u754c\u4e0a\u6700\u5927\u7684\u556e\u9f7f\u52a8\u7269\u2014\u2014\u6c34\u8c5a<\/li>\n<li class=\"p1\">\u6211\u4eec\u5c06\u6355\u6349\u5e76\u70e7\u70e4\u98df\u4eba\u9c7c\u4f5c\u4e3a\u5348\u9910<\/li>\n<li class=\"p1\">\u6211\u4eec\u5c06\u5b66\u4e60\u50cf\u8001\u5f0f\u7f8e\u56fd\u897f\u90e8\u7247\u4e2d\u90a3\u6837\u6295\u63b7\u5957\u7d22<\/li>\n<li class=\"p1\">\u6211\u4eec\u5c06\u5728\u91ce\u9910\u65f6\u4e0e\u51ef\u95e8\u9cc4\u5206\u4eab\u6211\u4eec\u7684\u4e09\u660e\u6cbb<\/li>\n<li class=\"p1\">\u6211\u4eec\u5c06\u5b66\u4e60\u9a91\u9a6c\u5e76\u51fa\u53d1\u8e0f\u5165\u771f\u6b63\u7684\u4e1b\u6797\u65c5\u884c<\/li>\n<li class=\"p1\">\u6211\u4eec\u5c06\u5212\u7740\u76ae\u5212\u8247\u6cbf\u7740\u91cc\u7ea6\u5185\u683c\u7f57\u6cb3\u524d\u884c\uff0c\u8fd9\u662f\u4e9a\u9a6c\u900a\u6cb3\u7684\u652f\u6d41\uff0c\u4e5f\u662f\u5357\u7f8e\u6d32\u795e\u79d8\u7684\u9ed1\u8272\u4e4b\u6cb3<\/li>\n<li class=\"p1\">\u6211\u4eec\u5c06\u770b\u5230\u6210\u5343\u4e0a\u4e07\u5934\u4e16\u754c\u4e0a\u6700\u4f18\u8d28\u725b\u6392\u7528\u725b\uff0c\u4e5f\u8bb8\u8fd8\u4f1a\u9047\u5230\u6b63\u5728\u730e\u98df\u5b83\u4eec\u7684\u7f8e\u6d32\u864e<\/li>\n<\/ul>\n","protected":false},"featured_media":21462,"comment_status":"closed","ping_status":"closed","template":"","meta":{"_acf_changed":false,"footnotes":""},"product_cat":[337],"product_tag":[],"class_list":{"0":"post-19792","1":"product","2":"type-product","3":"status-publish","4":"has-post-thumbnail","6":"product_cat-adventure","8":"first","9":"instock","10":"shipping-taxable","11":"purchasable","12":"product-type-simple"},"acf":[],"yoast_head":"<!-- This site is optimized with the Yoast SEO Premium plugin v26.5 (Yoast SEO v27.4) - https:\/\/yoast.com\/product\/yoast-seo-premium-wordpress\/ -->\n<title>Adventure Brazil Pantanal<\/title>\n<meta name=\"robots\" content=\"index, follow, max-snippet:-1, max-image-preview:large, max-video-preview:-1\" \/>\n<link rel=\"canonical\" href=\"https:\/\/mountainguides.pro\/zh\/tours\/adventure\/brazil-pantanal-iguassu-rio\/\" \/>\n<meta property=\"og:locale\" content=\"zh_CN\" \/>\n<meta property=\"og:locale:alternate\" content=\"en_US\" \/>\n<meta property=\"og:locale:alternate\" content=\"ru_RU\" \/>\n<meta property=\"og:locale:alternate\" content=\"de\" \/>\n<meta property=\"og:locale:alternate\" content=\"es\" \/>\n<meta property=\"og:locale:alternate\" content=\"pt\" \/>\n<meta property=\"og:locale:alternate\" content=\"ko\" \/>\n<meta property=\"og:locale:alternate\" content=\"ja\" \/>\n<meta property=\"og:locale:alternate\" content=\"hi\" \/>\n<meta property=\"og:locale:alternate\" content=\"ar\" \/>\n<meta property=\"og:type\" content=\"article\" \/>\n<meta property=\"og:title\" content=\"\u5df4\u897f\u4e4b\u65c5\uff1a\u6f58\u5854\u7eb3\u5c14\u6e7f\u5730\u3001\u4f0a\u74dc\u82cf\u3001\u91cc\u7ea6\" \/>\n<meta property=\"og:description\" content=\"\u8bf7\u6ce8\u610f\uff0c\u6211\u4eec\u516c\u53f8\u4e0d\u4ece\u4e8b\u673a\u7968\u8d2d\u4e70\u3001\u9500\u552e\u4ee5\u53ca\u7b7e\u8bc1\u529e\u7406\u4e1a\u52a1\uff0c\u56e0\u6b64\u5bf9\u4e8e\u4e0e\u822a\u73ed\u548c\u8fc7\u5883\u76f8\u5173\u7684\u4e0d\u53ef\u6297\u529b\u60c5\u51b5\u4e0d\u627f\u62c5\u8d23\u4efb\u3002    \u6211\u4eec\u5c06\u770b\u5230\u4e16\u754c\u4e03\u5927\u5947\u8ff9\u4e4b\u4e00\u2014\u2014\u4f0a\u74dc\u82cf\u7011\u5e03\uff0c\u5b83\u6bd4\u8457\u540d\u7684\u5c3c\u4e9a\u52a0\u62c9\u7011\u5e03\u66f4\u9ad8\u3001\u66f4\u5bbd  \u6211\u4eec\u5c06\u6cbf\u7740\u81ea\u7531\u60ac\u6302\u7684\u7ef3\u7d22\u4e0b\u964d\u5230\u8fd1 100 \u7c73\u6df1\u7684\u6d1e\u7a74\u4e2d\uff0c\u8fd9\u91cc\u88ab\u8ba4\u4e3a\u662f\u5357\u7f8e\u6d32\u6700\u7f8e\u7684\u6d1e\u7a74\u4e4b\u4e00  \u6211\u4eec\u5c06\u5728\u5b8c\u5168\u9694\u79bb\u8d85\u8fc7 200 \u4e07\u5e74\u7684\u72ec\u7279\u9c7c\u7c7b\u4e2d\u8fdb\u884c\u6f5c\u6c34  \u6211\u4eec\u5c06\u98de\u8d8a\u6f58\u5854\u7eb3\u5c14\u7684\u5168\u666f\uff0c\u8fd9\u91cc\u662f\u5730\u7403\u4e0a\u6700\u72ec\u7279\u7684\u81ea\u7136\u533a\u57df\u4e4b\u4e00  \u6211\u4eec\u4f1a\u770b\u5230\u53ea\u5728\u8fd9\u91cc\u6816\u606f\u7684\u6f58\u5854\u7eb3\u5c14\u7f8e\u6d32\u864e\u3001\u5de8\u578b\u98df\u8681\u517d\u3001\u864e\u732b\u3001\u7334\u5b50\u3001\u68ee\u86ba\uff0c\u4ee5\u53ca\u4e16\u754c\u4e0a\u6700\u5927\u7684\u556e\u9f7f\u52a8\u7269\u2014\u2014\u6c34\u8c5a  \u6211\u4eec\u5c06\u6355\u6349\u5e76\u70e7\u70e4\u98df\u4eba\u9c7c\u4f5c\u4e3a\u5348\u9910  \u6211\u4eec\u5c06\u5b66\u4e60\u50cf\u8001\u5f0f\u7f8e\u56fd\u897f\u90e8\u7247\u4e2d\u90a3\u6837\u6295\u63b7\u5957\u7d22  \u6211\u4eec\u5c06\u5728\u91ce\u9910\u65f6\u4e0e\u51ef\u95e8\u9cc4\u5206\u4eab\u6211\u4eec\u7684\u4e09\u660e\u6cbb  \u6211\u4eec\u5c06\u5b66\u4e60\u9a91\u9a6c\u5e76\u51fa\u53d1\u8e0f\u5165\u771f\u6b63\u7684\u4e1b\u6797\u65c5\u884c  \u6211\u4eec\u5c06\u5212\u7740\u76ae\u5212\u8247\u6cbf\u7740\u91cc\u7ea6\u5185\u683c\u7f57\u6cb3\u524d\u884c\uff0c\u8fd9\u662f\u4e9a\u9a6c\u900a\u6cb3\u7684\u652f\u6d41\uff0c\u4e5f\u662f\u5357\u7f8e\u6d32\u795e\u79d8\u7684\u9ed1\u8272\u4e4b\u6cb3  \u6211\u4eec\u5c06\u770b\u5230\u6210\u5343\u4e0a\u4e07\u5934\u4e16\u754c\u4e0a\u6700\u4f18\u8d28\u725b\u6392\u7528\u725b\uff0c\u4e5f\u8bb8\u8fd8\u4f1a\u9047\u5230\u6b63\u5728\u730e\u98df\u5b83\u4eec\u7684\u7f8e\u6d32\u864e\" \/>\n<meta property=\"og:url\" content=\"https:\/\/mountainguides.pro\/zh\/tours\/adventure\/brazil-pantanal-iguassu-rio\/\" \/>\n<meta property=\"og:site_name\" content=\"Mountain Guide\" \/>\n<meta property=\"article:publisher\" content=\"https:\/\/www.facebook.com\/Mountainguide-232956566756831\/\" \/>\n<meta property=\"article:modified_time\" content=\"2026-04-06T14:41:49+00:00\" \/>\n<meta property=\"og:image\" content=\"https:\/\/mountainguides.pro\/wp-content\/uploads\/2023\/11\/pantanal-braziliya-iguasu-i-rio.jpg\" \/>\n\t<meta property=\"og:image:width\" content=\"1600\" \/>\n\t<meta property=\"og:image:height\" content=\"1200\" \/>\n\t<meta property=\"og:image:type\" content=\"image\/jpeg\" \/>\n<meta name=\"twitter:card\" content=\"summary_large_image\" \/>\n<meta name=\"twitter:site\" content=\"@Wintercyclone\" \/>\n<meta name=\"twitter:label1\" content=\"\u9884\u8ba1\u9605\u8bfb\u65f6\u95f4\" \/>\n\t<meta name=\"twitter:data1\" content=\"1 \u5206\" \/>\n<script type=\"application\/ld+json\" class=\"yoast-schema-graph\">{\"@context\":\"https:\\\/\\\/schema.org\",\"@graph\":[{\"@type\":\"WebPage\",\"@id\":\"https:\\\/\\\/mountainguides.pro\\\/tours\\\/adventure\\\/brazil-pantanal-iguassu-rio\\\/\",\"url\":\"https:\\\/\\\/mountainguides.pro\\\/tours\\\/adventure\\\/brazil-pantanal-iguassu-rio\\\/\",\"name\":\"Adventure Brazil Pantanal\",\"isPartOf\":{\"@id\":\"https:\\\/\\\/mountainguides.pro\\\/#website\"},\"primaryImageOfPage\":{\"@id\":\"https:\\\/\\\/mountainguides.pro\\\/tours\\\/adventure\\\/brazil-pantanal-iguassu-rio\\\/#primaryimage\"},\"image\":{\"@id\":\"https:\\\/\\\/mountainguides.pro\\\/tours\\\/adventure\\\/brazil-pantanal-iguassu-rio\\\/#primaryimage\"},\"thumbnailUrl\":\"https:\\\/\\\/mountainguides.pro\\\/wp-content\\\/uploads\\\/2023\\\/11\\\/pantanal-braziliya-iguasu-i-rio.jpg\",\"datePublished\":\"2023-11-02T09:39:55+00:00\",\"dateModified\":\"2026-04-06T14:41:49+00:00\",\"breadcrumb\":{\"@id\":\"https:\\\/\\\/mountainguides.pro\\\/tours\\\/adventure\\\/brazil-pantanal-iguassu-rio\\\/#breadcrumb\"},\"inLanguage\":\"zh\",\"potentialAction\":[{\"@type\":\"ReadAction\",\"target\":[\"https:\\\/\\\/mountainguides.pro\\\/tours\\\/adventure\\\/brazil-pantanal-iguassu-rio\\\/\"]}]},{\"@type\":\"ImageObject\",\"inLanguage\":\"zh\",\"@id\":\"https:\\\/\\\/mountainguides.pro\\\/tours\\\/adventure\\\/brazil-pantanal-iguassu-rio\\\/#primaryimage\",\"url\":\"https:\\\/\\\/mountainguides.pro\\\/wp-content\\\/uploads\\\/2023\\\/11\\\/pantanal-braziliya-iguasu-i-rio.jpg\",\"contentUrl\":\"https:\\\/\\\/mountainguides.pro\\\/wp-content\\\/uploads\\\/2023\\\/11\\\/pantanal-braziliya-iguasu-i-rio.jpg\",\"width\":1600,\"height\":1200},{\"@type\":\"BreadcrumbList\",\"@id\":\"https:\\\/\\\/mountainguides.pro\\\/tours\\\/adventure\\\/brazil-pantanal-iguassu-rio\\\/#breadcrumb\",\"itemListElement\":[{\"@type\":\"ListItem\",\"position\":1,\"name\":\"Home\",\"item\":\"https:\\\/\\\/mountainguides.pro\\\/de\\\/\"},{\"@type\":\"ListItem\",\"position\":2,\"name\":\"Brazil: Pantanal, Iguassu, Rio\"}]},{\"@type\":\"WebSite\",\"@id\":\"https:\\\/\\\/mountainguides.pro\\\/#website\",\"url\":\"https:\\\/\\\/mountainguides.pro\\\/\",\"name\":\"Mountain Guide\",\"description\":\"We aspire to be the first in everything!\",\"publisher\":{\"@id\":\"https:\\\/\\\/mountainguides.pro\\\/#organization\"},\"potentialAction\":[{\"@type\":\"SearchAction\",\"target\":{\"@type\":\"EntryPoint\",\"urlTemplate\":\"https:\\\/\\\/mountainguides.pro\\\/?s={search_term_string}\"},\"query-input\":{\"@type\":\"PropertyValueSpecification\",\"valueRequired\":true,\"valueName\":\"search_term_string\"}}],\"inLanguage\":\"zh\"},{\"@type\":\"Organization\",\"@id\":\"https:\\\/\\\/mountainguides.pro\\\/#organization\",\"name\":\"Mountain Guide\",\"url\":\"https:\\\/\\\/mountainguides.pro\\\/\",\"logo\":{\"@type\":\"ImageObject\",\"inLanguage\":\"zh\",\"@id\":\"https:\\\/\\\/mountainguides.pro\\\/#\\\/schema\\\/logo\\\/image\\\/\",\"url\":\"https:\\\/\\\/mountainguides.pro\\\/wp-content\\\/uploads\\\/2018\\\/01\\\/mglogo.jpg\",\"contentUrl\":\"https:\\\/\\\/mountainguides.pro\\\/wp-content\\\/uploads\\\/2018\\\/01\\\/mglogo.jpg\",\"width\":1200,\"height\":630,\"caption\":\"Mountain Guide\"},\"image\":{\"@id\":\"https:\\\/\\\/mountainguides.pro\\\/#\\\/schema\\\/logo\\\/image\\\/\"},\"sameAs\":[\"https:\\\/\\\/www.facebook.com\\\/Mountainguide-232956566756831\\\/\",\"https:\\\/\\\/x.com\\\/Wintercyclone\",\"http:\\\/\\\/instagram.com\\\/mountainguide\",\"http:\\\/\\\/www.youtube.com\\\/mountainguide\"]}]}<\/script>\n<!-- \/ Yoast SEO Premium plugin. -->","yoast_head_json":{"title":"Adventure Brazil Pantanal","robots":{"index":"index","follow":"follow","max-snippet":"max-snippet:-1","max-image-preview":"max-image-preview:large","max-video-preview":"max-video-preview:-1"},"canonical":"https:\/\/mountainguides.pro\/zh\/tours\/adventure\/brazil-pantanal-iguassu-rio\/","og_locale":"zh_CN","og_type":"article","og_title":"[:en]Brazil: Pantanal, Iguassu, Rio[:de]Tour nach Brasilien: Pantanal, Igua\u00e7u, Rio[:es]Tour a Brasil: Pantanal, Iguaz\u00fa, r\u00edo[:pt]Tour no Brasil: Pantanal, Igua\u00e7u, Rio[:zh]\u5df4\u897f\u4e4b\u65c5\uff1a\u6f58\u5854\u7eb3\u5c14\u6e7f\u5730\u3001\u4f0a\u74dc\u82cf\u3001\u91cc\u7ea6[:ko]\ube0c\ub77c\uc9c8 \ud22c\uc5b4:\ud310\ud0c0\ub0a0,\uc774\uacfc\uc218,\ub9ac\uc624[:ja]\u30d6\u30e9\u30b8\u30eb\u30c4\u30a2\u30fc\uff1a\u30d1\u30f3\u30bf\u30ca\u30fc\u30eb\u3001\u30a4\u30b0\u30a2\u30b9\u3001\u30ea\u30aa[:hi]\u092c\u094d\u0930\u093e\u091c\u0940\u0932 \u091f\u0942\u0930: \u092a\u0948\u0902\u091f\u093e\u0928\u0932, \u0907\u0917\u093e\u091c\u093c\u0941, \u0930\u093f\u092f\u094b[:ar]\u062c\u0648\u0644\u0629 \u0627\u0644\u0628\u0631\u0627\u0632\u064a\u0644: \u0628\u0627\u0646\u062a\u0627\u0646\u0627\u0644 \u060c \u0625\u062c\u0648\u0627\u0632\u0648 \u060c \u0631\u064a\u0648[:]","og_description":"\u8bf7\u6ce8\u610f\uff0c\u6211\u4eec\u516c\u53f8\u4e0d\u4ece\u4e8b\u673a\u7968\u8d2d\u4e70\u3001\u9500\u552e\u4ee5\u53ca\u7b7e\u8bc1\u529e\u7406\u4e1a\u52a1\uff0c\u56e0\u6b64\u5bf9\u4e8e\u4e0e\u822a\u73ed\u548c\u8fc7\u5883\u76f8\u5173\u7684\u4e0d\u53ef\u6297\u529b\u60c5\u51b5\u4e0d\u627f\u62c5\u8d23\u4efb\u3002    \u6211\u4eec\u5c06\u770b\u5230\u4e16\u754c\u4e03\u5927\u5947\u8ff9\u4e4b\u4e00\u2014\u2014\u4f0a\u74dc\u82cf\u7011\u5e03\uff0c\u5b83\u6bd4\u8457\u540d\u7684\u5c3c\u4e9a\u52a0\u62c9\u7011\u5e03\u66f4\u9ad8\u3001\u66f4\u5bbd  \u6211\u4eec\u5c06\u6cbf\u7740\u81ea\u7531\u60ac\u6302\u7684\u7ef3\u7d22\u4e0b\u964d\u5230\u8fd1 100 \u7c73\u6df1\u7684\u6d1e\u7a74\u4e2d\uff0c\u8fd9\u91cc\u88ab\u8ba4\u4e3a\u662f\u5357\u7f8e\u6d32\u6700\u7f8e\u7684\u6d1e\u7a74\u4e4b\u4e00  \u6211\u4eec\u5c06\u5728\u5b8c\u5168\u9694\u79bb\u8d85\u8fc7 200 \u4e07\u5e74\u7684\u72ec\u7279\u9c7c\u7c7b\u4e2d\u8fdb\u884c\u6f5c\u6c34  \u6211\u4eec\u5c06\u98de\u8d8a\u6f58\u5854\u7eb3\u5c14\u7684\u5168\u666f\uff0c\u8fd9\u91cc\u662f\u5730\u7403\u4e0a\u6700\u72ec\u7279\u7684\u81ea\u7136\u533a\u57df\u4e4b\u4e00  \u6211\u4eec\u4f1a\u770b\u5230\u53ea\u5728\u8fd9\u91cc\u6816\u606f\u7684\u6f58\u5854\u7eb3\u5c14\u7f8e\u6d32\u864e\u3001\u5de8\u578b\u98df\u8681\u517d\u3001\u864e\u732b\u3001\u7334\u5b50\u3001\u68ee\u86ba\uff0c\u4ee5\u53ca\u4e16\u754c\u4e0a\u6700\u5927\u7684\u556e\u9f7f\u52a8\u7269\u2014\u2014\u6c34\u8c5a  \u6211\u4eec\u5c06\u6355\u6349\u5e76\u70e7\u70e4\u98df\u4eba\u9c7c\u4f5c\u4e3a\u5348\u9910  \u6211\u4eec\u5c06\u5b66\u4e60\u50cf\u8001\u5f0f\u7f8e\u56fd\u897f\u90e8\u7247\u4e2d\u90a3\u6837\u6295\u63b7\u5957\u7d22  \u6211\u4eec\u5c06\u5728\u91ce\u9910\u65f6\u4e0e\u51ef\u95e8\u9cc4\u5206\u4eab\u6211\u4eec\u7684\u4e09\u660e\u6cbb  \u6211\u4eec\u5c06\u5b66\u4e60\u9a91\u9a6c\u5e76\u51fa\u53d1\u8e0f\u5165\u771f\u6b63\u7684\u4e1b\u6797\u65c5\u884c  \u6211\u4eec\u5c06\u5212\u7740\u76ae\u5212\u8247\u6cbf\u7740\u91cc\u7ea6\u5185\u683c\u7f57\u6cb3\u524d\u884c\uff0c\u8fd9\u662f\u4e9a\u9a6c\u900a\u6cb3\u7684\u652f\u6d41\uff0c\u4e5f\u662f\u5357\u7f8e\u6d32\u795e\u79d8\u7684\u9ed1\u8272\u4e4b\u6cb3  \u6211\u4eec\u5c06\u770b\u5230\u6210\u5343\u4e0a\u4e07\u5934\u4e16\u754c\u4e0a\u6700\u4f18\u8d28\u725b\u6392\u7528\u725b\uff0c\u4e5f\u8bb8\u8fd8\u4f1a\u9047\u5230\u6b63\u5728\u730e\u98df\u5b83\u4eec\u7684\u7f8e\u6d32\u864e","og_url":"https:\/\/mountainguides.pro\/zh\/tours\/adventure\/brazil-pantanal-iguassu-rio\/","og_site_name":"Mountain Guide","article_publisher":"https:\/\/www.facebook.com\/Mountainguide-232956566756831\/","article_modified_time":"2026-04-06T14:41:49+00:00","og_image":[{"width":1600,"height":1200,"url":"https:\/\/mountainguides.pro\/wp-content\/uploads\/2023\/11\/pantanal-braziliya-iguasu-i-rio.jpg","type":"image\/jpeg"}],"twitter_card":"summary_large_image","twitter_site":"@Wintercyclone","twitter_misc":{"\u9884\u8ba1\u9605\u8bfb\u65f6\u95f4":"1 \u5206"},"schema":{"@context":"https:\/\/schema.org","@graph":[{"@type":"WebPage","@id":"https:\/\/mountainguides.pro\/tours\/adventure\/brazil-pantanal-iguassu-rio\/","url":"https:\/\/mountainguides.pro\/tours\/adventure\/brazil-pantanal-iguassu-rio\/","name":"Adventure Brazil Pantanal","isPartOf":{"@id":"https:\/\/mountainguides.pro\/#website"},"primaryImageOfPage":{"@id":"https:\/\/mountainguides.pro\/tours\/adventure\/brazil-pantanal-iguassu-rio\/#primaryimage"},"image":{"@id":"https:\/\/mountainguides.pro\/tours\/adventure\/brazil-pantanal-iguassu-rio\/#primaryimage"},"thumbnailUrl":"https:\/\/mountainguides.pro\/wp-content\/uploads\/2023\/11\/pantanal-braziliya-iguasu-i-rio.jpg","datePublished":"2023-11-02T09:39:55+00:00","dateModified":"2026-04-06T14:41:49+00:00","breadcrumb":{"@id":"https:\/\/mountainguides.pro\/tours\/adventure\/brazil-pantanal-iguassu-rio\/#breadcrumb"},"inLanguage":"zh","potentialAction":[{"@type":"ReadAction","target":["https:\/\/mountainguides.pro\/tours\/adventure\/brazil-pantanal-iguassu-rio\/"]}]},{"@type":"ImageObject","inLanguage":"zh","@id":"https:\/\/mountainguides.pro\/tours\/adventure\/brazil-pantanal-iguassu-rio\/#primaryimage","url":"https:\/\/mountainguides.pro\/wp-content\/uploads\/2023\/11\/pantanal-braziliya-iguasu-i-rio.jpg","contentUrl":"https:\/\/mountainguides.pro\/wp-content\/uploads\/2023\/11\/pantanal-braziliya-iguasu-i-rio.jpg","width":1600,"height":1200},{"@type":"BreadcrumbList","@id":"https:\/\/mountainguides.pro\/tours\/adventure\/brazil-pantanal-iguassu-rio\/#breadcrumb","itemListElement":[{"@type":"ListItem","position":1,"name":"Home","item":"https:\/\/mountainguides.pro\/de\/"},{"@type":"ListItem","position":2,"name":"Brazil: Pantanal, Iguassu, Rio"}]},{"@type":"WebSite","@id":"https:\/\/mountainguides.pro\/#website","url":"https:\/\/mountainguides.pro\/","name":"Mountain Guide","description":"We aspire to be the first in everything!","publisher":{"@id":"https:\/\/mountainguides.pro\/#organization"},"potentialAction":[{"@type":"SearchAction","target":{"@type":"EntryPoint","urlTemplate":"https:\/\/mountainguides.pro\/?s={search_term_string}"},"query-input":{"@type":"PropertyValueSpecification","valueRequired":true,"valueName":"search_term_string"}}],"inLanguage":"zh"},{"@type":"Organization","@id":"https:\/\/mountainguides.pro\/#organization","name":"Mountain Guide","url":"https:\/\/mountainguides.pro\/","logo":{"@type":"ImageObject","inLanguage":"zh","@id":"https:\/\/mountainguides.pro\/#\/schema\/logo\/image\/","url":"https:\/\/mountainguides.pro\/wp-content\/uploads\/2018\/01\/mglogo.jpg","contentUrl":"https:\/\/mountainguides.pro\/wp-content\/uploads\/2018\/01\/mglogo.jpg","width":1200,"height":630,"caption":"Mountain Guide"},"image":{"@id":"https:\/\/mountainguides.pro\/#\/schema\/logo\/image\/"},"sameAs":["https:\/\/www.facebook.com\/Mountainguide-232956566756831\/","https:\/\/x.com\/Wintercyclone","http:\/\/instagram.com\/mountainguide","http:\/\/www.youtube.com\/mountainguide"]}]}},"_links":{"self":[{"href":"https:\/\/mountainguides.pro\/zh\/wp-json\/wp\/v2\/product\/19792","targetHints":{"allow":["GET"]}}],"collection":[{"href":"https:\/\/mountainguides.pro\/zh\/wp-json\/wp\/v2\/product"}],"about":[{"href":"https:\/\/mountainguides.pro\/zh\/wp-json\/wp\/v2\/types\/product"}],"replies":[{"embeddable":true,"href":"https:\/\/mountainguides.pro\/zh\/wp-json\/wp\/v2\/comments?post=19792"}],"version-history":[{"count":13,"href":"https:\/\/mountainguides.pro\/zh\/wp-json\/wp\/v2\/product\/19792\/revisions"}],"predecessor-version":[{"id":33385,"href":"https:\/\/mountainguides.pro\/zh\/wp-json\/wp\/v2\/product\/19792\/revisions\/33385"}],"wp:featuredmedia":[{"embeddable":true,"href":"https:\/\/mountainguides.pro\/zh\/wp-json\/wp\/v2\/media\/21462"}],"wp:attachment":[{"href":"https:\/\/mountainguides.pro\/zh\/wp-json\/wp\/v2\/media?parent=19792"}],"wp:term":[{"taxonomy":"product_cat","embeddable":true,"href":"https:\/\/mountainguides.pro\/zh\/wp-json\/wp\/v2\/product_cat?post=19792"},{"taxonomy":"product_tag","embeddable":true,"href":"https:\/\/mountainguides.pro\/zh\/wp-json\/wp\/v2\/product_tag?post=19792"}],"curies":[{"name":"wp","href":"https:\/\/api.w.org\/{rel}","templated":true}]}}