{"id":21096,"date":"2025-01-08T16:49:55","date_gmt":"2025-01-08T13:49:55","guid":{"rendered":"https:\/\/mountainguides.pro\/?post_type=product&#038;p=21096"},"modified":"2026-01-29T13:19:09","modified_gmt":"2026-01-29T10:19:09","slug":"tour-to-rwanda-mountain-gorillas-and-mount-bisoke","status":"publish","type":"product","link":"https:\/\/mountainguides.pro\/zh\/tours\/adventure\/tour-to-rwanda-mountain-gorillas-and-mount-bisoke\/","title":{"rendered":"\u5362\u65fa\u8fbe\u4e4b\u65c5\uff1a\u5c71\u5730\u5927\u7329\u7329\u548c\u6bd4\u7d22\u514b\u706b\u5c71"},"content":{"rendered":"","protected":false},"excerpt":{"rendered":"<ul>\n<li class=\"p1\">\u524d\u5f80\u5b89\u5168\u800c\u4ecd\u7136\u5145\u6ee1\u72ec\u7279\u98ce\u60c5\u7684\u975e\u6d32\u4e4b\u65c5<\/li>\n<li class=\"p1\">\u6500\u767b\u6bd4\u7d22\u51ef\u706b\u5c71\uff0c\u5b83\u7684\u5468\u8fb9\u56e0\u6816\u606f\u7740\u6781\u5176\u73cd\u7a00\u7684\u5c71\u5730\u5927\u7329\u7329\u800c\u95fb\u540d\uff0c\u5168\u7403\u6570\u91cf\u4e0d\u8db3\u4e00\u767e\u53ea<\/li>\n<li class=\"p1\">\u52aa\u529b\u89c2\u5bdf\u56db\u79cd\u7075\u957f\u7c7b\u52a8\u7269\uff1a\u5927\u7329\u7329\u3001\u957f\u5c3e\u53f6\u7334\u3001\u9ed1\u7329\u7329\u548c\u91d1\u7334<\/li>\n<li class=\"p1\">\u53c2\u89c2\u539f\u751f\u6001\u6751\u5e84\uff0c\u4e86\u89e3\u666e\u901a\u5362\u65fa\u8fbe\u4eba\u5982\u4f55\u751f\u6d3b\uff0c\u611f\u53d7\u4ed6\u4eec\u7684\u6587\u5316\u4e0e\u4f20\u7edf<\/li>\n<li class=\"p1\">\u6f2b\u6b65\u9996\u90fd\u57fa\u52a0\u5229\uff0c\u6b23\u8d4f\u73b0\u4ee3\u5efa\u7b51\u3001\u5e02\u573a\u4e0e\u9910\u5385\uff0c\u611f\u53d7\u5362\u65fa\u8fbe\u57ce\u5e02\u6587\u5316<\/li>\n<li class=\"p1\">\u63a2\u7d22\u4ee5\u70ed\u5e26\u68ee\u6797\u548c\u4e30\u5bcc\u52a8\u690d\u7269\u7fa4\u95fb\u540d\u7684\u7ebd\u6069\u5a01\u56fd\u5bb6\u516c\u56ed<\/li>\n<\/ul>\n<p class=\"p1\"><b>\u6ce8\u610f\u4e8b\u9879\uff1a<\/b><b><\/b><\/p>\n<p class=\"p2\">\u672c\u516c\u53f8\u4e0d\u4ece\u4e8b\u673a\u7968\u8d2d\u4e70\u3001\u9500\u552e\u53ca\u7b7e\u8bc1\u529e\u7406\u4e1a\u52a1\uff0c\u56e0\u6b64\u5bf9\u4e8e\u56e0\u822a\u73ed\u53d8\u66f4\u3001\u53d6\u6d88\u6216\u8fc7\u5883\u76f8\u5173\u7684\u4e0d\u53ef\u6297\u529b\u60c5\u51b5\u6240\u9020\u6210\u7684\u4efb\u4f55\u540e\u679c\u4e0d\u627f\u62c5\u8d23\u4efb\u3002<\/p>\n<p class=\"p1\"><b>\u91cd\u8981\u4fe1\u606f\uff1a<\/b><b><\/b><\/p>\n<p class=\"p2\">\u9152\u5e97\u7684\u5165\u4f4f\u53ca\u9000\u623f\u65f6\u95f4\u7531\u9152\u5e97\u89c4\u5b9a\uff1a\u5165\u4f4f\u65f6\u95f4\u4e3a15:00\u4ee5\u540e\uff0c\u9000\u623f\u65f6\u95f4\u4e3a11:00\u201312:00\u4e4b\u524d\u3002<\/p>\n<p class=\"p2\">\u60a8\u53ef\u4ee5\u5c06\u884c\u674e\u5bc4\u5b58\u5728\u9152\u5e97\u524d\u53f0\u540e\u81ea\u884c\u6e38\u89c8\u57ce\u5e02\uff0c\u6216\u8005\u5728\u5177\u5907\u6280\u672f\u6761\u4ef6\u7684\u60c5\u51b5\u4e0b\u652f\u4ed8\u989d\u5916\u8d39\u7528\u529e\u7406\u63d0\u524d\u5165\u4f4f\/\u5ef6\u8fdf\u9000\u623f\u3002<\/p>\n","protected":false},"featured_media":21455,"comment_status":"closed","ping_status":"closed","template":"","meta":{"_acf_changed":false,"footnotes":""},"product_cat":[337],"product_tag":[],"class_list":{"0":"post-21096","1":"product","2":"type-product","3":"status-publish","4":"has-post-thumbnail","6":"product_cat-adventure","8":"first","9":"instock","10":"shipping-taxable","11":"purchasable","12":"product-type-simple"},"acf":[],"yoast_head":"<!-- This site is optimized with the Yoast SEO Premium plugin v26.5 (Yoast SEO v27.4) - https:\/\/yoast.com\/product\/yoast-seo-premium-wordpress\/ -->\n<title>Adventure Rwanda<\/title>\n<meta name=\"robots\" content=\"index, follow, max-snippet:-1, max-image-preview:large, max-video-preview:-1\" \/>\n<link rel=\"canonical\" href=\"https:\/\/mountainguides.pro\/zh\/tours\/adventure\/tour-to-rwanda-mountain-gorillas-and-mount-bisoke\/\" \/>\n<meta property=\"og:locale\" content=\"zh_CN\" \/>\n<meta property=\"og:locale:alternate\" content=\"en_US\" \/>\n<meta property=\"og:locale:alternate\" content=\"ru_RU\" \/>\n<meta property=\"og:locale:alternate\" content=\"de\" \/>\n<meta property=\"og:locale:alternate\" content=\"es\" \/>\n<meta property=\"og:locale:alternate\" content=\"pt\" \/>\n<meta property=\"og:locale:alternate\" content=\"ko\" \/>\n<meta property=\"og:locale:alternate\" content=\"ja\" \/>\n<meta property=\"og:locale:alternate\" content=\"hi\" \/>\n<meta property=\"og:locale:alternate\" content=\"ar\" \/>\n<meta property=\"og:type\" content=\"article\" \/>\n<meta property=\"og:title\" content=\"\u5362\u65fa\u8fbe\u4e4b\u65c5\uff1a\u5c71\u5730\u5927\u7329\u7329\u548c\u6bd4\u7d22\u514b\u706b\u5c71\" \/>\n<meta property=\"og:description\" content=\"\u524d\u5f80\u5b89\u5168\u800c\u4ecd\u7136\u5145\u6ee1\u72ec\u7279\u98ce\u60c5\u7684\u975e\u6d32\u4e4b\u65c5  \u6500\u767b\u6bd4\u7d22\u51ef\u706b\u5c71\uff0c\u5b83\u7684\u5468\u8fb9\u56e0\u6816\u606f\u7740\u6781\u5176\u73cd\u7a00\u7684\u5c71\u5730\u5927\u7329\u7329\u800c\u95fb\u540d\uff0c\u5168\u7403\u6570\u91cf\u4e0d\u8db3\u4e00\u767e\u53ea  \u52aa\u529b\u89c2\u5bdf\u56db\u79cd\u7075\u957f\u7c7b\u52a8\u7269\uff1a\u5927\u7329\u7329\u3001\u957f\u5c3e\u53f6\u7334\u3001\u9ed1\u7329\u7329\u548c\u91d1\u7334  \u53c2\u89c2\u539f\u751f\u6001\u6751\u5e84\uff0c\u4e86\u89e3\u666e\u901a\u5362\u65fa\u8fbe\u4eba\u5982\u4f55\u751f\u6d3b\uff0c\u611f\u53d7\u4ed6\u4eec\u7684\u6587\u5316\u4e0e\u4f20\u7edf  \u6f2b\u6b65\u9996\u90fd\u57fa\u52a0\u5229\uff0c\u6b23\u8d4f\u73b0\u4ee3\u5efa\u7b51\u3001\u5e02\u573a\u4e0e\u9910\u5385\uff0c\u611f\u53d7\u5362\u65fa\u8fbe\u57ce\u5e02\u6587\u5316  \u63a2\u7d22\u4ee5\u70ed\u5e26\u68ee\u6797\u548c\u4e30\u5bcc\u52a8\u690d\u7269\u7fa4\u95fb\u540d\u7684\u7ebd\u6069\u5a01\u56fd\u5bb6\u516c\u56ed  \u6ce8\u610f\u4e8b\u9879\uff1a \u672c\u516c\u53f8\u4e0d\u4ece\u4e8b\u673a\u7968\u8d2d\u4e70\u3001\u9500\u552e\u53ca\u7b7e\u8bc1\u529e\u7406\u4e1a\u52a1\uff0c\u56e0\u6b64\u5bf9\u4e8e\u56e0\u822a\u73ed\u53d8\u66f4\u3001\u53d6\u6d88\u6216\u8fc7\u5883\u76f8\u5173\u7684\u4e0d\u53ef\u6297\u529b\u60c5\u51b5\u6240\u9020\u6210\u7684\u4efb\u4f55\u540e\u679c\u4e0d\u627f\u62c5\u8d23\u4efb\u3002 \u91cd\u8981\u4fe1\u606f\uff1a \u9152\u5e97\u7684\u5165\u4f4f\u53ca\u9000\u623f\u65f6\u95f4\u7531\u9152\u5e97\u89c4\u5b9a\uff1a\u5165\u4f4f\u65f6\u95f4\u4e3a15:00\u4ee5\u540e\uff0c\u9000\u623f\u65f6\u95f4\u4e3a11:00\u201312:00\u4e4b\u524d\u3002 \u60a8\u53ef\u4ee5\u5c06\u884c\u674e\u5bc4\u5b58\u5728\u9152\u5e97\u524d\u53f0\u540e\u81ea\u884c\u6e38\u89c8\u57ce\u5e02\uff0c\u6216\u8005\u5728\u5177\u5907\u6280\u672f\u6761\u4ef6\u7684\u60c5\u51b5\u4e0b\u652f\u4ed8\u989d\u5916\u8d39\u7528\u529e\u7406\u63d0\u524d\u5165\u4f4f\/\u5ef6\u8fdf\u9000\u623f\u3002\" \/>\n<meta property=\"og:url\" content=\"https:\/\/mountainguides.pro\/zh\/tours\/adventure\/tour-to-rwanda-mountain-gorillas-and-mount-bisoke\/\" \/>\n<meta property=\"og:site_name\" content=\"Mountain Guide\" \/>\n<meta property=\"article:publisher\" content=\"https:\/\/www.facebook.com\/Mountainguide-232956566756831\/\" \/>\n<meta property=\"article:modified_time\" content=\"2026-01-29T10:19:09+00:00\" \/>\n<meta property=\"og:image\" content=\"https:\/\/mountainguides.pro\/wp-content\/uploads\/2025\/01\/tur-ruanda.jpeg\" \/>\n\t<meta property=\"og:image:width\" content=\"1800\" \/>\n\t<meta property=\"og:image:height\" content=\"1350\" \/>\n\t<meta property=\"og:image:type\" content=\"image\/jpeg\" \/>\n<meta name=\"twitter:card\" content=\"summary_large_image\" \/>\n<meta name=\"twitter:site\" content=\"@Wintercyclone\" \/>\n<meta name=\"twitter:label1\" content=\"\u9884\u8ba1\u9605\u8bfb\u65f6\u95f4\" \/>\n\t<meta name=\"twitter:data1\" content=\"1 \u5206\" \/>\n<script type=\"application\/ld+json\" class=\"yoast-schema-graph\">{\"@context\":\"https:\\\/\\\/schema.org\",\"@graph\":[{\"@type\":\"WebPage\",\"@id\":\"https:\\\/\\\/mountainguides.pro\\\/ar\\\/tours\\\/adventure\\\/tour-to-rwanda-mountain-gorillas-and-mount-bisoke\\\/\",\"url\":\"https:\\\/\\\/mountainguides.pro\\\/ar\\\/tours\\\/adventure\\\/tour-to-rwanda-mountain-gorillas-and-mount-bisoke\\\/\",\"name\":\"Adventure Rwanda\",\"isPartOf\":{\"@id\":\"https:\\\/\\\/mountainguides.pro\\\/#website\"},\"primaryImageOfPage\":{\"@id\":\"https:\\\/\\\/mountainguides.pro\\\/ar\\\/tours\\\/adventure\\\/tour-to-rwanda-mountain-gorillas-and-mount-bisoke\\\/#primaryimage\"},\"image\":{\"@id\":\"https:\\\/\\\/mountainguides.pro\\\/ar\\\/tours\\\/adventure\\\/tour-to-rwanda-mountain-gorillas-and-mount-bisoke\\\/#primaryimage\"},\"thumbnailUrl\":\"https:\\\/\\\/mountainguides.pro\\\/wp-content\\\/uploads\\\/2025\\\/01\\\/tur-ruanda.jpeg\",\"datePublished\":\"2025-01-08T13:49:55+00:00\",\"dateModified\":\"2026-01-29T10:19:09+00:00\",\"breadcrumb\":{\"@id\":\"https:\\\/\\\/mountainguides.pro\\\/ar\\\/tours\\\/adventure\\\/tour-to-rwanda-mountain-gorillas-and-mount-bisoke\\\/#breadcrumb\"},\"inLanguage\":\"zh\",\"potentialAction\":[{\"@type\":\"ReadAction\",\"target\":[\"https:\\\/\\\/mountainguides.pro\\\/ar\\\/tours\\\/adventure\\\/tour-to-rwanda-mountain-gorillas-and-mount-bisoke\\\/\"]}]},{\"@type\":\"ImageObject\",\"inLanguage\":\"zh\",\"@id\":\"https:\\\/\\\/mountainguides.pro\\\/ar\\\/tours\\\/adventure\\\/tour-to-rwanda-mountain-gorillas-and-mount-bisoke\\\/#primaryimage\",\"url\":\"https:\\\/\\\/mountainguides.pro\\\/wp-content\\\/uploads\\\/2025\\\/01\\\/tur-ruanda.jpeg\",\"contentUrl\":\"https:\\\/\\\/mountainguides.pro\\\/wp-content\\\/uploads\\\/2025\\\/01\\\/tur-ruanda.jpeg\",\"width\":1800,\"height\":1350},{\"@type\":\"BreadcrumbList\",\"@id\":\"https:\\\/\\\/mountainguides.pro\\\/ar\\\/tours\\\/adventure\\\/tour-to-rwanda-mountain-gorillas-and-mount-bisoke\\\/#breadcrumb\",\"itemListElement\":[{\"@type\":\"ListItem\",\"position\":1,\"name\":\"Home\",\"item\":\"https:\\\/\\\/mountainguides.pro\\\/de\\\/\"},{\"@type\":\"ListItem\",\"position\":2,\"name\":\"\u062c\u0648\u0644\u0629 \u0631\u0648\u0627\u0646\u062f\u0627: \u0627\u0644\u063a\u0648\u0631\u064a\u0644\u0627 \u0627\u0644\u062c\u0628\u0644\u064a\u0629 \u0648\u0628\u0631\u0643\u0627\u0646 \u0628\u064a\u0633\u0648\u0643\"}]},{\"@type\":\"WebSite\",\"@id\":\"https:\\\/\\\/mountainguides.pro\\\/#website\",\"url\":\"https:\\\/\\\/mountainguides.pro\\\/\",\"name\":\"Mountain Guide\",\"description\":\"We aspire to be the first in everything!\",\"publisher\":{\"@id\":\"https:\\\/\\\/mountainguides.pro\\\/#organization\"},\"potentialAction\":[{\"@type\":\"SearchAction\",\"target\":{\"@type\":\"EntryPoint\",\"urlTemplate\":\"https:\\\/\\\/mountainguides.pro\\\/?s={search_term_string}\"},\"query-input\":{\"@type\":\"PropertyValueSpecification\",\"valueRequired\":true,\"valueName\":\"search_term_string\"}}],\"inLanguage\":\"zh\"},{\"@type\":\"Organization\",\"@id\":\"https:\\\/\\\/mountainguides.pro\\\/#organization\",\"name\":\"Mountain Guide\",\"url\":\"https:\\\/\\\/mountainguides.pro\\\/\",\"logo\":{\"@type\":\"ImageObject\",\"inLanguage\":\"zh\",\"@id\":\"https:\\\/\\\/mountainguides.pro\\\/#\\\/schema\\\/logo\\\/image\\\/\",\"url\":\"https:\\\/\\\/mountainguides.pro\\\/wp-content\\\/uploads\\\/2018\\\/01\\\/mglogo.jpg\",\"contentUrl\":\"https:\\\/\\\/mountainguides.pro\\\/wp-content\\\/uploads\\\/2018\\\/01\\\/mglogo.jpg\",\"width\":1200,\"height\":630,\"caption\":\"Mountain Guide\"},\"image\":{\"@id\":\"https:\\\/\\\/mountainguides.pro\\\/#\\\/schema\\\/logo\\\/image\\\/\"},\"sameAs\":[\"https:\\\/\\\/www.facebook.com\\\/Mountainguide-232956566756831\\\/\",\"https:\\\/\\\/x.com\\\/Wintercyclone\",\"http:\\\/\\\/instagram.com\\\/mountainguide\",\"http:\\\/\\\/www.youtube.com\\\/mountainguide\"]}]}<\/script>\n<!-- \/ Yoast SEO Premium plugin. -->","yoast_head_json":{"title":"Adventure Rwanda","robots":{"index":"index","follow":"follow","max-snippet":"max-snippet:-1","max-image-preview":"max-image-preview:large","max-video-preview":"max-video-preview:-1"},"canonical":"https:\/\/mountainguides.pro\/zh\/tours\/adventure\/tour-to-rwanda-mountain-gorillas-and-mount-bisoke\/","og_locale":"zh_CN","og_type":"article","og_title":"[:en]Tour to Rwanda: Mountain Gorillas and Mount Bisoke[:de]Tour nach Ruanda: Berggorillas und der Vulkan Bisoque[:es]Tour a Ruanda: gorilas de monta\u00f1a y volc\u00e1n Bisoke[:pt]Excurs\u00e3o A Ruanda: gorilas da montanha e Vulc\u00e3o Bisoke[:zh]\u5362\u65fa\u8fbe\u4e4b\u65c5\uff1a\u5c71\u5730\u5927\u7329\u7329\u548c\u6bd4\u7d22\u514b\u706b\u5c71[:ko]\ub974\uc644\ub2e4 \ud22c\uc5b4:\uc0b0 \uace0\ub9b4\ub77c\uc640 \ube44\uc18c \ucf00 \ud654\uc0b0[:ja]\u30eb\u30ef\u30f3\u30c0\u30c4\u30a2\u30fc\uff1a\u30de\u30a6\u30f3\u30c6\u30f3\u30b4\u30ea\u30e9\u3068\u30d3\u30bd\u30fc\u30af\u706b\u5c71[:hi]\u0930\u0935\u093e\u0902\u0921\u093e \u091f\u0942\u0930: \u092e\u093e\u0909\u0902\u091f\u0947\u0928 \u0917\u094b\u0930\u093f\u0932\u094d\u0932\u093e \u0914\u0930 \u092c\u093f\u0938\u094b\u0915 \u091c\u094d\u0935\u093e\u0932\u093e\u092e\u0941\u0916\u0940[:ar]\u062c\u0648\u0644\u0629 \u0631\u0648\u0627\u0646\u062f\u0627: \u0627\u0644\u063a\u0648\u0631\u064a\u0644\u0627 \u0627\u0644\u062c\u0628\u0644\u064a\u0629 \u0648\u0628\u0631\u0643\u0627\u0646 \u0628\u064a\u0633\u0648\u0643[:]","og_description":"\u524d\u5f80\u5b89\u5168\u800c\u4ecd\u7136\u5145\u6ee1\u72ec\u7279\u98ce\u60c5\u7684\u975e\u6d32\u4e4b\u65c5  \u6500\u767b\u6bd4\u7d22\u51ef\u706b\u5c71\uff0c\u5b83\u7684\u5468\u8fb9\u56e0\u6816\u606f\u7740\u6781\u5176\u73cd\u7a00\u7684\u5c71\u5730\u5927\u7329\u7329\u800c\u95fb\u540d\uff0c\u5168\u7403\u6570\u91cf\u4e0d\u8db3\u4e00\u767e\u53ea  \u52aa\u529b\u89c2\u5bdf\u56db\u79cd\u7075\u957f\u7c7b\u52a8\u7269\uff1a\u5927\u7329\u7329\u3001\u957f\u5c3e\u53f6\u7334\u3001\u9ed1\u7329\u7329\u548c\u91d1\u7334  \u53c2\u89c2\u539f\u751f\u6001\u6751\u5e84\uff0c\u4e86\u89e3\u666e\u901a\u5362\u65fa\u8fbe\u4eba\u5982\u4f55\u751f\u6d3b\uff0c\u611f\u53d7\u4ed6\u4eec\u7684\u6587\u5316\u4e0e\u4f20\u7edf  \u6f2b\u6b65\u9996\u90fd\u57fa\u52a0\u5229\uff0c\u6b23\u8d4f\u73b0\u4ee3\u5efa\u7b51\u3001\u5e02\u573a\u4e0e\u9910\u5385\uff0c\u611f\u53d7\u5362\u65fa\u8fbe\u57ce\u5e02\u6587\u5316  \u63a2\u7d22\u4ee5\u70ed\u5e26\u68ee\u6797\u548c\u4e30\u5bcc\u52a8\u690d\u7269\u7fa4\u95fb\u540d\u7684\u7ebd\u6069\u5a01\u56fd\u5bb6\u516c\u56ed  \u6ce8\u610f\u4e8b\u9879\uff1a \u672c\u516c\u53f8\u4e0d\u4ece\u4e8b\u673a\u7968\u8d2d\u4e70\u3001\u9500\u552e\u53ca\u7b7e\u8bc1\u529e\u7406\u4e1a\u52a1\uff0c\u56e0\u6b64\u5bf9\u4e8e\u56e0\u822a\u73ed\u53d8\u66f4\u3001\u53d6\u6d88\u6216\u8fc7\u5883\u76f8\u5173\u7684\u4e0d\u53ef\u6297\u529b\u60c5\u51b5\u6240\u9020\u6210\u7684\u4efb\u4f55\u540e\u679c\u4e0d\u627f\u62c5\u8d23\u4efb\u3002 \u91cd\u8981\u4fe1\u606f\uff1a \u9152\u5e97\u7684\u5165\u4f4f\u53ca\u9000\u623f\u65f6\u95f4\u7531\u9152\u5e97\u89c4\u5b9a\uff1a\u5165\u4f4f\u65f6\u95f4\u4e3a15:00\u4ee5\u540e\uff0c\u9000\u623f\u65f6\u95f4\u4e3a11:00\u201312:00\u4e4b\u524d\u3002 \u60a8\u53ef\u4ee5\u5c06\u884c\u674e\u5bc4\u5b58\u5728\u9152\u5e97\u524d\u53f0\u540e\u81ea\u884c\u6e38\u89c8\u57ce\u5e02\uff0c\u6216\u8005\u5728\u5177\u5907\u6280\u672f\u6761\u4ef6\u7684\u60c5\u51b5\u4e0b\u652f\u4ed8\u989d\u5916\u8d39\u7528\u529e\u7406\u63d0\u524d\u5165\u4f4f\/\u5ef6\u8fdf\u9000\u623f\u3002","og_url":"https:\/\/mountainguides.pro\/zh\/tours\/adventure\/tour-to-rwanda-mountain-gorillas-and-mount-bisoke\/","og_site_name":"Mountain Guide","article_publisher":"https:\/\/www.facebook.com\/Mountainguide-232956566756831\/","article_modified_time":"2026-01-29T10:19:09+00:00","og_image":[{"width":1800,"height":1350,"url":"https:\/\/mountainguides.pro\/wp-content\/uploads\/2025\/01\/tur-ruanda.jpeg","type":"image\/jpeg"}],"twitter_card":"summary_large_image","twitter_site":"@Wintercyclone","twitter_misc":{"\u9884\u8ba1\u9605\u8bfb\u65f6\u95f4":"1 \u5206"},"schema":{"@context":"https:\/\/schema.org","@graph":[{"@type":"WebPage","@id":"https:\/\/mountainguides.pro\/ar\/tours\/adventure\/tour-to-rwanda-mountain-gorillas-and-mount-bisoke\/","url":"https:\/\/mountainguides.pro\/ar\/tours\/adventure\/tour-to-rwanda-mountain-gorillas-and-mount-bisoke\/","name":"Adventure Rwanda","isPartOf":{"@id":"https:\/\/mountainguides.pro\/#website"},"primaryImageOfPage":{"@id":"https:\/\/mountainguides.pro\/ar\/tours\/adventure\/tour-to-rwanda-mountain-gorillas-and-mount-bisoke\/#primaryimage"},"image":{"@id":"https:\/\/mountainguides.pro\/ar\/tours\/adventure\/tour-to-rwanda-mountain-gorillas-and-mount-bisoke\/#primaryimage"},"thumbnailUrl":"https:\/\/mountainguides.pro\/wp-content\/uploads\/2025\/01\/tur-ruanda.jpeg","datePublished":"2025-01-08T13:49:55+00:00","dateModified":"2026-01-29T10:19:09+00:00","breadcrumb":{"@id":"https:\/\/mountainguides.pro\/ar\/tours\/adventure\/tour-to-rwanda-mountain-gorillas-and-mount-bisoke\/#breadcrumb"},"inLanguage":"zh","potentialAction":[{"@type":"ReadAction","target":["https:\/\/mountainguides.pro\/ar\/tours\/adventure\/tour-to-rwanda-mountain-gorillas-and-mount-bisoke\/"]}]},{"@type":"ImageObject","inLanguage":"zh","@id":"https:\/\/mountainguides.pro\/ar\/tours\/adventure\/tour-to-rwanda-mountain-gorillas-and-mount-bisoke\/#primaryimage","url":"https:\/\/mountainguides.pro\/wp-content\/uploads\/2025\/01\/tur-ruanda.jpeg","contentUrl":"https:\/\/mountainguides.pro\/wp-content\/uploads\/2025\/01\/tur-ruanda.jpeg","width":1800,"height":1350},{"@type":"BreadcrumbList","@id":"https:\/\/mountainguides.pro\/ar\/tours\/adventure\/tour-to-rwanda-mountain-gorillas-and-mount-bisoke\/#breadcrumb","itemListElement":[{"@type":"ListItem","position":1,"name":"Home","item":"https:\/\/mountainguides.pro\/de\/"},{"@type":"ListItem","position":2,"name":"\u062c\u0648\u0644\u0629 \u0631\u0648\u0627\u0646\u062f\u0627: \u0627\u0644\u063a\u0648\u0631\u064a\u0644\u0627 \u0627\u0644\u062c\u0628\u0644\u064a\u0629 \u0648\u0628\u0631\u0643\u0627\u0646 \u0628\u064a\u0633\u0648\u0643"}]},{"@type":"WebSite","@id":"https:\/\/mountainguides.pro\/#website","url":"https:\/\/mountainguides.pro\/","name":"Mountain Guide","description":"We aspire to be the first in everything!","publisher":{"@id":"https:\/\/mountainguides.pro\/#organization"},"potentialAction":[{"@type":"SearchAction","target":{"@type":"EntryPoint","urlTemplate":"https:\/\/mountainguides.pro\/?s={search_term_string}"},"query-input":{"@type":"PropertyValueSpecification","valueRequired":true,"valueName":"search_term_string"}}],"inLanguage":"zh"},{"@type":"Organization","@id":"https:\/\/mountainguides.pro\/#organization","name":"Mountain Guide","url":"https:\/\/mountainguides.pro\/","logo":{"@type":"ImageObject","inLanguage":"zh","@id":"https:\/\/mountainguides.pro\/#\/schema\/logo\/image\/","url":"https:\/\/mountainguides.pro\/wp-content\/uploads\/2018\/01\/mglogo.jpg","contentUrl":"https:\/\/mountainguides.pro\/wp-content\/uploads\/2018\/01\/mglogo.jpg","width":1200,"height":630,"caption":"Mountain Guide"},"image":{"@id":"https:\/\/mountainguides.pro\/#\/schema\/logo\/image\/"},"sameAs":["https:\/\/www.facebook.com\/Mountainguide-232956566756831\/","https:\/\/x.com\/Wintercyclone","http:\/\/instagram.com\/mountainguide","http:\/\/www.youtube.com\/mountainguide"]}]}},"_links":{"self":[{"href":"https:\/\/mountainguides.pro\/zh\/wp-json\/wp\/v2\/product\/21096","targetHints":{"allow":["GET"]}}],"collection":[{"href":"https:\/\/mountainguides.pro\/zh\/wp-json\/wp\/v2\/product"}],"about":[{"href":"https:\/\/mountainguides.pro\/zh\/wp-json\/wp\/v2\/types\/product"}],"replies":[{"embeddable":true,"href":"https:\/\/mountainguides.pro\/zh\/wp-json\/wp\/v2\/comments?post=21096"}],"version-history":[{"count":12,"href":"https:\/\/mountainguides.pro\/zh\/wp-json\/wp\/v2\/product\/21096\/revisions"}],"predecessor-version":[{"id":32665,"href":"https:\/\/mountainguides.pro\/zh\/wp-json\/wp\/v2\/product\/21096\/revisions\/32665"}],"wp:featuredmedia":[{"embeddable":true,"href":"https:\/\/mountainguides.pro\/zh\/wp-json\/wp\/v2\/media\/21455"}],"wp:attachment":[{"href":"https:\/\/mountainguides.pro\/zh\/wp-json\/wp\/v2\/media?parent=21096"}],"wp:term":[{"taxonomy":"product_cat","embeddable":true,"href":"https:\/\/mountainguides.pro\/zh\/wp-json\/wp\/v2\/product_cat?post=21096"},{"taxonomy":"product_tag","embeddable":true,"href":"https:\/\/mountainguides.pro\/zh\/wp-json\/wp\/v2\/product_tag?post=21096"}],"curies":[{"name":"wp","href":"https:\/\/api.w.org\/{rel}","templated":true}]}}