{"id":21097,"date":"2025-01-08T16:49:42","date_gmt":"2025-01-08T13:49:42","guid":{"rendered":"https:\/\/mountainguides.pro\/?post_type=product&#038;p=21097"},"modified":"2026-01-29T13:31:24","modified_gmt":"2026-01-29T10:31:24","slug":"tour-to-zimbabwe-and-south-africa-victoria-falls-cape-town-and-cape-of-good-hope","status":"publish","type":"product","link":"https:\/\/mountainguides.pro\/zh\/tours\/adventure\/tour-to-zimbabwe-and-south-africa-victoria-falls-cape-town-and-cape-of-good-hope\/","title":{"rendered":"\u6d25\u5df4\u5e03\u97e6\u548c\u5357\u975e\u4e4b\u65c5\uff1a\u7ef4\u591a\u5229\u4e9a\u7011\u5e03\u3001\u5f00\u666e\u6566\u548c\u597d\u671b\u89d2"},"content":{"rendered":"","protected":false},"excerpt":{"rendered":"<ul>\n<li class=\"p1\">\u7ef4\u591a\u5229\u4e9a\u7011\u5e03\uff1a\u4e16\u754c\u4e03\u5927\u81ea\u7136\u5947\u89c2\u4e4b\u4e00<\/li>\n<li class=\"p1\">\u56fd\u5bb6\u516c\u56ed\u91ce\u751f\u52a8\u7269\u89c2\u8d4f\u4e4b\u65c5\uff1a\u5bfb\u627e\u975e\u6d32\u4e94\u5927\u517d<\/li>\n<li class=\"p1\">\u5f00\u666e\u6566\u548c\u684c\u5c71\uff1a\u4ee4\u4eba\u9707\u64bc\u7684\u5168\u666f\u4e0e\u6587\u5316\u666f\u70b9<\/li>\n<li class=\"p1\">\u5723\u5362\u897f\u4e9a\u6e56\u6e38\u8239\uff1a\u8fd1\u8ddd\u79bb\u63a5\u89e6\u6cb3\u9a6c\u5bb6\u65cf<\/li>\n<li class=\"p1\">\u5927\u767d\u9ca8\uff1a\u5728\u5176\u81ea\u7136\u6816\u606f\u5730\u4e2d\u8fd1\u8ddd\u79bb\u89c2\u8d4f<\/li>\n<\/ul>\n<p class=\"p1\"><strong>\u8bf7\u6ce8\u610f\uff0c\u6211\u4eec\u516c\u53f8\u4e0d\u4ece\u4e8b\u673a\u7968\u7684\u8d2d\u4e70\u3001\u9500\u552e\u548c\u7b7e\u8bc1\u529e\u7406\u4e1a\u52a1\uff0c\u56e0\u6b64\u5bf9\u4e8e\u56e0\u822a\u73ed\u6216\u8fc7\u5883\u76f8\u5173\u7684\u4e0d\u53ef\u6297\u529b\u60c5\u51b5\u800c\u9020\u6210\u7684\u4efb\u4f55\u540e\u679c\u4e0d\u627f\u62c5\u8d23\u4efb\u3002<\/strong><\/p>\n<p class=\"p1\"><b>\u91cd\u8981\u4fe1\u606f\uff1a<\/b><b><\/b><\/p>\n<ul>\n<li class=\"p3\">\u9152\u5e97\u7684\u5165\u4f4f\u548c\u9000\u623f\u65f6\u95f4\u7531\u9152\u5e97\u89c4\u5b9a\uff1a\u5165\u4f4f\u4ece15:00\u5f00\u59cb\uff0c\u9000\u623f\u65f6\u95f4\u4e3a11:00\u201312:00\u3002\u884c\u674e\u53ef\u4ee5\u5b58\u653e\u5728\u9152\u5e97\u524d\u53f0\u5bc4\u5b58\u5904\uff0c\u4e4b\u540e\u53ef\u4ee5\u5728\u57ce\u5e02\u4e2d\u81ea\u7531\u6d3b\u52a8\uff1b\u5982\u679c\u6709\u6280\u672f\u4e0a\u7684\u53ef\u80fd\u6027\uff0c\u53ef\u989d\u5916\u4ed8\u8d39\u63d0\u524d\u5165\u4f4f\u6216\u5ef6\u8fdf\u9000\u623f\u3002<\/li>\n<li class=\"p3\">\u5728\u6d25\u5df4\u5e03\u97e6\u548c\u5357\u975e\uff0c\u5151\u6362\u5c0f\u989d\u3001\u7834\u635f\u6216\u65e7\u7248\uff082009\u5e74\u4e4b\u524d\u53d1\u884c\uff09\u7684\u7f8e\u5143\u7eb8\u5e01\u5b58\u5728\u4e00\u5b9a\u56f0\u96be\uff0c\u8bf7\u52a1\u5fc5\u6ce8\u610f\u3002\u6709\u4e9b\u5730\u65b9\u53ef\u80fd\u4f1a\u6536\u53d6\u989d\u5916\u624b\u7eed\u8d39\uff0c\u6709\u4e9b\u5219\u53ef\u80fd\u76f4\u63a5\u62d2\u7edd\u5151\u6362\u3002\uff09<\/li>\n<\/ul>\n","protected":false},"featured_media":21459,"comment_status":"closed","ping_status":"closed","template":"","meta":{"_acf_changed":false,"footnotes":""},"product_cat":[337],"product_tag":[],"class_list":{"0":"post-21097","1":"product","2":"type-product","3":"status-publish","4":"has-post-thumbnail","6":"product_cat-adventure","8":"first","9":"instock","10":"shipping-taxable","11":"purchasable","12":"product-type-simple"},"acf":[],"yoast_head":"<!-- This site is optimized with the Yoast SEO Premium plugin v26.5 (Yoast SEO v27.4) - https:\/\/yoast.com\/product\/yoast-seo-premium-wordpress\/ -->\n<title>Adventure Zimbabwe and South Africa<\/title>\n<meta name=\"robots\" content=\"index, follow, max-snippet:-1, max-image-preview:large, max-video-preview:-1\" \/>\n<link rel=\"canonical\" href=\"https:\/\/mountainguides.pro\/zh\/tours\/adventure\/tour-to-zimbabwe-and-south-africa-victoria-falls-cape-town-and-cape-of-good-hope\/\" \/>\n<meta property=\"og:locale\" content=\"zh_CN\" \/>\n<meta property=\"og:locale:alternate\" content=\"en_US\" \/>\n<meta property=\"og:locale:alternate\" content=\"ru_RU\" \/>\n<meta property=\"og:locale:alternate\" content=\"de\" \/>\n<meta property=\"og:locale:alternate\" content=\"es\" \/>\n<meta property=\"og:locale:alternate\" content=\"pt\" \/>\n<meta property=\"og:locale:alternate\" content=\"ko\" \/>\n<meta property=\"og:locale:alternate\" content=\"ja\" \/>\n<meta property=\"og:locale:alternate\" content=\"hi\" \/>\n<meta property=\"og:locale:alternate\" content=\"ar\" \/>\n<meta property=\"og:type\" content=\"article\" \/>\n<meta property=\"og:title\" content=\"\u6d25\u5df4\u5e03\u97e6\u548c\u5357\u975e\u4e4b\u65c5\uff1a\u7ef4\u591a\u5229\u4e9a\u7011\u5e03\u3001\u5f00\u666e\u6566\u548c\u597d\u671b\u89d2\" \/>\n<meta property=\"og:description\" content=\"\u7ef4\u591a\u5229\u4e9a\u7011\u5e03\uff1a\u4e16\u754c\u4e03\u5927\u81ea\u7136\u5947\u89c2\u4e4b\u4e00  \u56fd\u5bb6\u516c\u56ed\u91ce\u751f\u52a8\u7269\u89c2\u8d4f\u4e4b\u65c5\uff1a\u5bfb\u627e\u975e\u6d32\u4e94\u5927\u517d  \u5f00\u666e\u6566\u548c\u684c\u5c71\uff1a\u4ee4\u4eba\u9707\u64bc\u7684\u5168\u666f\u4e0e\u6587\u5316\u666f\u70b9  \u5723\u5362\u897f\u4e9a\u6e56\u6e38\u8239\uff1a\u8fd1\u8ddd\u79bb\u63a5\u89e6\u6cb3\u9a6c\u5bb6\u65cf  \u5927\u767d\u9ca8\uff1a\u5728\u5176\u81ea\u7136\u6816\u606f\u5730\u4e2d\u8fd1\u8ddd\u79bb\u89c2\u8d4f  \u8bf7\u6ce8\u610f\uff0c\u6211\u4eec\u516c\u53f8\u4e0d\u4ece\u4e8b\u673a\u7968\u7684\u8d2d\u4e70\u3001\u9500\u552e\u548c\u7b7e\u8bc1\u529e\u7406\u4e1a\u52a1\uff0c\u56e0\u6b64\u5bf9\u4e8e\u56e0\u822a\u73ed\u6216\u8fc7\u5883\u76f8\u5173\u7684\u4e0d\u53ef\u6297\u529b\u60c5\u51b5\u800c\u9020\u6210\u7684\u4efb\u4f55\u540e\u679c\u4e0d\u627f\u62c5\u8d23\u4efb\u3002 \u91cd\u8981\u4fe1\u606f\uff1a    \u9152\u5e97\u7684\u5165\u4f4f\u548c\u9000\u623f\u65f6\u95f4\u7531\u9152\u5e97\u89c4\u5b9a\uff1a\u5165\u4f4f\u4ece15:00\u5f00\u59cb\uff0c\u9000\u623f\u65f6\u95f4\u4e3a11:00\u201312:00\u3002\u884c\u674e\u53ef\u4ee5\u5b58\u653e\u5728\u9152\u5e97\u524d\u53f0\u5bc4\u5b58\u5904\uff0c\u4e4b\u540e\u53ef\u4ee5\u5728\u57ce\u5e02\u4e2d\u81ea\u7531\u6d3b\u52a8\uff1b\u5982\u679c\u6709\u6280\u672f\u4e0a\u7684\u53ef\u80fd\u6027\uff0c\u53ef\u989d\u5916\u4ed8\u8d39\u63d0\u524d\u5165\u4f4f\u6216\u5ef6\u8fdf\u9000\u623f\u3002  \u5728\u6d25\u5df4\u5e03\u97e6\u548c\u5357\u975e\uff0c\u5151\u6362\u5c0f\u989d\u3001\u7834\u635f\u6216\u65e7\u7248\uff082009\u5e74\u4e4b\u524d\u53d1\u884c\uff09\u7684\u7f8e\u5143\u7eb8\u5e01\u5b58\u5728\u4e00\u5b9a\u56f0\u96be\uff0c\u8bf7\u52a1\u5fc5\u6ce8\u610f\u3002\u6709\u4e9b\u5730\u65b9\u53ef\u80fd\u4f1a\u6536\u53d6\u989d\u5916\u624b\u7eed\u8d39\uff0c\u6709\u4e9b\u5219\u53ef\u80fd\u76f4\u63a5\u62d2\u7edd\u5151\u6362\u3002\uff09\" \/>\n<meta property=\"og:url\" content=\"https:\/\/mountainguides.pro\/zh\/tours\/adventure\/tour-to-zimbabwe-and-south-africa-victoria-falls-cape-town-and-cape-of-good-hope\/\" \/>\n<meta property=\"og:site_name\" content=\"Mountain Guide\" \/>\n<meta property=\"article:publisher\" content=\"https:\/\/www.facebook.com\/Mountainguide-232956566756831\/\" \/>\n<meta property=\"article:modified_time\" content=\"2026-01-29T10:31:24+00:00\" \/>\n<meta property=\"og:image\" content=\"https:\/\/mountainguides.pro\/wp-content\/uploads\/2025\/01\/tur-yuar-zimbabve-2.jpeg\" \/>\n\t<meta property=\"og:image:width\" content=\"1800\" \/>\n\t<meta property=\"og:image:height\" content=\"1350\" \/>\n\t<meta property=\"og:image:type\" content=\"image\/jpeg\" \/>\n<meta name=\"twitter:card\" content=\"summary_large_image\" \/>\n<meta name=\"twitter:site\" content=\"@Wintercyclone\" \/>\n<meta name=\"twitter:label1\" content=\"\u9884\u8ba1\u9605\u8bfb\u65f6\u95f4\" \/>\n\t<meta name=\"twitter:data1\" content=\"1 \u5206\" \/>\n<script type=\"application\/ld+json\" class=\"yoast-schema-graph\">{\"@context\":\"https:\\\/\\\/schema.org\",\"@graph\":[{\"@type\":\"WebPage\",\"@id\":\"https:\\\/\\\/mountainguides.pro\\\/ar\\\/tours\\\/adventure\\\/tour-to-zimbabwe-and-south-africa-victoria-falls-cape-town-and-cape-of-good-hope\\\/\",\"url\":\"https:\\\/\\\/mountainguides.pro\\\/ar\\\/tours\\\/adventure\\\/tour-to-zimbabwe-and-south-africa-victoria-falls-cape-town-and-cape-of-good-hope\\\/\",\"name\":\"Adventure Zimbabwe and South Africa\",\"isPartOf\":{\"@id\":\"https:\\\/\\\/mountainguides.pro\\\/#website\"},\"primaryImageOfPage\":{\"@id\":\"https:\\\/\\\/mountainguides.pro\\\/ar\\\/tours\\\/adventure\\\/tour-to-zimbabwe-and-south-africa-victoria-falls-cape-town-and-cape-of-good-hope\\\/#primaryimage\"},\"image\":{\"@id\":\"https:\\\/\\\/mountainguides.pro\\\/ar\\\/tours\\\/adventure\\\/tour-to-zimbabwe-and-south-africa-victoria-falls-cape-town-and-cape-of-good-hope\\\/#primaryimage\"},\"thumbnailUrl\":\"https:\\\/\\\/mountainguides.pro\\\/wp-content\\\/uploads\\\/2025\\\/01\\\/tur-yuar-zimbabve-2.jpeg\",\"datePublished\":\"2025-01-08T13:49:42+00:00\",\"dateModified\":\"2026-01-29T10:31:24+00:00\",\"breadcrumb\":{\"@id\":\"https:\\\/\\\/mountainguides.pro\\\/ar\\\/tours\\\/adventure\\\/tour-to-zimbabwe-and-south-africa-victoria-falls-cape-town-and-cape-of-good-hope\\\/#breadcrumb\"},\"inLanguage\":\"zh\",\"potentialAction\":[{\"@type\":\"ReadAction\",\"target\":[\"https:\\\/\\\/mountainguides.pro\\\/ar\\\/tours\\\/adventure\\\/tour-to-zimbabwe-and-south-africa-victoria-falls-cape-town-and-cape-of-good-hope\\\/\"]}]},{\"@type\":\"ImageObject\",\"inLanguage\":\"zh\",\"@id\":\"https:\\\/\\\/mountainguides.pro\\\/ar\\\/tours\\\/adventure\\\/tour-to-zimbabwe-and-south-africa-victoria-falls-cape-town-and-cape-of-good-hope\\\/#primaryimage\",\"url\":\"https:\\\/\\\/mountainguides.pro\\\/wp-content\\\/uploads\\\/2025\\\/01\\\/tur-yuar-zimbabve-2.jpeg\",\"contentUrl\":\"https:\\\/\\\/mountainguides.pro\\\/wp-content\\\/uploads\\\/2025\\\/01\\\/tur-yuar-zimbabve-2.jpeg\",\"width\":1800,\"height\":1350},{\"@type\":\"BreadcrumbList\",\"@id\":\"https:\\\/\\\/mountainguides.pro\\\/ar\\\/tours\\\/adventure\\\/tour-to-zimbabwe-and-south-africa-victoria-falls-cape-town-and-cape-of-good-hope\\\/#breadcrumb\",\"itemListElement\":[{\"@type\":\"ListItem\",\"position\":1,\"name\":\"Home\",\"item\":\"https:\\\/\\\/mountainguides.pro\\\/de\\\/\"},{\"@type\":\"ListItem\",\"position\":2,\"name\":\"\u062c\u0648\u0644\u0629 \u0632\u064a\u0645\u0628\u0627\u0628\u0648\u064a \u0648\u062c\u0646\u0648\u0628 \u0625\u0641\u0631\u064a\u0642\u064a\u0627: \u0634\u0644\u0627\u0644\u0627\u062a \u0641\u064a\u0643\u062a\u0648\u0631\u064a\u0627 \u0648\u0643\u064a\u0628 \u062a\u0627\u0648\u0646 \u0648\u0631\u0623\u0633 \u0627\u0644\u0631\u062c\u0627\u0621 \u0627\u0644\u0635\u0627\u0644\u062d\"}]},{\"@type\":\"WebSite\",\"@id\":\"https:\\\/\\\/mountainguides.pro\\\/#website\",\"url\":\"https:\\\/\\\/mountainguides.pro\\\/\",\"name\":\"Mountain Guide\",\"description\":\"We aspire to be the first in everything!\",\"publisher\":{\"@id\":\"https:\\\/\\\/mountainguides.pro\\\/#organization\"},\"potentialAction\":[{\"@type\":\"SearchAction\",\"target\":{\"@type\":\"EntryPoint\",\"urlTemplate\":\"https:\\\/\\\/mountainguides.pro\\\/?s={search_term_string}\"},\"query-input\":{\"@type\":\"PropertyValueSpecification\",\"valueRequired\":true,\"valueName\":\"search_term_string\"}}],\"inLanguage\":\"zh\"},{\"@type\":\"Organization\",\"@id\":\"https:\\\/\\\/mountainguides.pro\\\/#organization\",\"name\":\"Mountain Guide\",\"url\":\"https:\\\/\\\/mountainguides.pro\\\/\",\"logo\":{\"@type\":\"ImageObject\",\"inLanguage\":\"zh\",\"@id\":\"https:\\\/\\\/mountainguides.pro\\\/#\\\/schema\\\/logo\\\/image\\\/\",\"url\":\"https:\\\/\\\/mountainguides.pro\\\/wp-content\\\/uploads\\\/2018\\\/01\\\/mglogo.jpg\",\"contentUrl\":\"https:\\\/\\\/mountainguides.pro\\\/wp-content\\\/uploads\\\/2018\\\/01\\\/mglogo.jpg\",\"width\":1200,\"height\":630,\"caption\":\"Mountain Guide\"},\"image\":{\"@id\":\"https:\\\/\\\/mountainguides.pro\\\/#\\\/schema\\\/logo\\\/image\\\/\"},\"sameAs\":[\"https:\\\/\\\/www.facebook.com\\\/Mountainguide-232956566756831\\\/\",\"https:\\\/\\\/x.com\\\/Wintercyclone\",\"http:\\\/\\\/instagram.com\\\/mountainguide\",\"http:\\\/\\\/www.youtube.com\\\/mountainguide\"]}]}<\/script>\n<!-- \/ Yoast SEO Premium plugin. -->","yoast_head_json":{"title":"Adventure Zimbabwe and South Africa","robots":{"index":"index","follow":"follow","max-snippet":"max-snippet:-1","max-image-preview":"max-image-preview:large","max-video-preview":"max-video-preview:-1"},"canonical":"https:\/\/mountainguides.pro\/zh\/tours\/adventure\/tour-to-zimbabwe-and-south-africa-victoria-falls-cape-town-and-cape-of-good-hope\/","og_locale":"zh_CN","og_type":"article","og_title":"[:en]Tour to Zimbabwe and South Africa: Victoria Falls, Cape Town, and Cape of Good Hope[:de]Tour nach Simbabwe und S\u00dcDAFRIKA: Victoria Falls, Kapstadt und Kap der Guten Hoffnung[:es]Tour por Zimbabue y Sud\u00e1frica: cataratas victoria, ciudad del cabo y cabo De buena Esperanza[:pt]Excurs\u00e3o ao Zimb\u00e1bue e \u00c1frica do Sul: Victoria Falls, Cidade Do Cabo e cabo da Boa Esperan\u00e7a[:zh]\u6d25\u5df4\u5e03\u97e6\u548c\u5357\u975e\u4e4b\u65c5\uff1a\u7ef4\u591a\u5229\u4e9a\u7011\u5e03\u3001\u5f00\u666e\u6566\u548c\u597d\u671b\u89d2[:ko]\uc9d0\ubc14\ube0c\uc6e8 \ubc0f \ub0a8\uc544\ud504\ub9ac\uce74 \ud22c\uc5b4:\ube45\ud1a0\ub9ac\uc544 \ud3ed\ud3ec,\ucf00\uc774\ud504 \ud0c0\uc6b4 \ubc0f \uc88b\uc740 \ud76c\ub9dd\ubd09[:ja]\u30b8\u30f3\u30d0\u30d6\u30a8\u3068\u5357\u30a2\u30d5\u30ea\u30ab\u30c4\u30a2\u30fc\uff1a\u30d3\u30af\u30c8\u30ea\u30a2\u30d5\u30a9\u30fc\u30eb\u30ba\u3001\u30b1\u30fc\u30d7\u30bf\u30a6\u30f3\u3001\u30b1\u30fc\u30d7\u30aa\u30d6\u30b0\u30c3\u30c9\u30db\u30fc\u30d7[:hi]\u091c\u093f\u092e\u094d\u092c\u093e\u092c\u094d\u0935\u0947 \u0914\u0930 \u0926\u0915\u094d\u0937\u093f\u0923 \u0905\u092b\u094d\u0930\u0940\u0915\u093e \u0926\u094c\u0930\u093e: \u0935\u093f\u0915\u094d\u091f\u094b\u0930\u093f\u092f\u093e \u092b\u0949\u0932\u094d\u0938, \u0915\u0947\u092a \u091f\u093e\u0909\u0928 \u0914\u0930 \u0915\u0947\u092a \u0911\u092b \u0917\u0941\u0921 \u0939\u094b\u092a[:ar]\u062c\u0648\u0644\u0629 \u0632\u064a\u0645\u0628\u0627\u0628\u0648\u064a \u0648\u062c\u0646\u0648\u0628 \u0625\u0641\u0631\u064a\u0642\u064a\u0627: \u0634\u0644\u0627\u0644\u0627\u062a \u0641\u064a\u0643\u062a\u0648\u0631\u064a\u0627 \u0648\u0643\u064a\u0628 \u062a\u0627\u0648\u0646 \u0648\u0631\u0623\u0633 \u0627\u0644\u0631\u062c\u0627\u0621 \u0627\u0644\u0635\u0627\u0644\u062d[:]","og_description":"\u7ef4\u591a\u5229\u4e9a\u7011\u5e03\uff1a\u4e16\u754c\u4e03\u5927\u81ea\u7136\u5947\u89c2\u4e4b\u4e00  \u56fd\u5bb6\u516c\u56ed\u91ce\u751f\u52a8\u7269\u89c2\u8d4f\u4e4b\u65c5\uff1a\u5bfb\u627e\u975e\u6d32\u4e94\u5927\u517d  \u5f00\u666e\u6566\u548c\u684c\u5c71\uff1a\u4ee4\u4eba\u9707\u64bc\u7684\u5168\u666f\u4e0e\u6587\u5316\u666f\u70b9  \u5723\u5362\u897f\u4e9a\u6e56\u6e38\u8239\uff1a\u8fd1\u8ddd\u79bb\u63a5\u89e6\u6cb3\u9a6c\u5bb6\u65cf  \u5927\u767d\u9ca8\uff1a\u5728\u5176\u81ea\u7136\u6816\u606f\u5730\u4e2d\u8fd1\u8ddd\u79bb\u89c2\u8d4f  \u8bf7\u6ce8\u610f\uff0c\u6211\u4eec\u516c\u53f8\u4e0d\u4ece\u4e8b\u673a\u7968\u7684\u8d2d\u4e70\u3001\u9500\u552e\u548c\u7b7e\u8bc1\u529e\u7406\u4e1a\u52a1\uff0c\u56e0\u6b64\u5bf9\u4e8e\u56e0\u822a\u73ed\u6216\u8fc7\u5883\u76f8\u5173\u7684\u4e0d\u53ef\u6297\u529b\u60c5\u51b5\u800c\u9020\u6210\u7684\u4efb\u4f55\u540e\u679c\u4e0d\u627f\u62c5\u8d23\u4efb\u3002 \u91cd\u8981\u4fe1\u606f\uff1a    \u9152\u5e97\u7684\u5165\u4f4f\u548c\u9000\u623f\u65f6\u95f4\u7531\u9152\u5e97\u89c4\u5b9a\uff1a\u5165\u4f4f\u4ece15:00\u5f00\u59cb\uff0c\u9000\u623f\u65f6\u95f4\u4e3a11:00\u201312:00\u3002\u884c\u674e\u53ef\u4ee5\u5b58\u653e\u5728\u9152\u5e97\u524d\u53f0\u5bc4\u5b58\u5904\uff0c\u4e4b\u540e\u53ef\u4ee5\u5728\u57ce\u5e02\u4e2d\u81ea\u7531\u6d3b\u52a8\uff1b\u5982\u679c\u6709\u6280\u672f\u4e0a\u7684\u53ef\u80fd\u6027\uff0c\u53ef\u989d\u5916\u4ed8\u8d39\u63d0\u524d\u5165\u4f4f\u6216\u5ef6\u8fdf\u9000\u623f\u3002  \u5728\u6d25\u5df4\u5e03\u97e6\u548c\u5357\u975e\uff0c\u5151\u6362\u5c0f\u989d\u3001\u7834\u635f\u6216\u65e7\u7248\uff082009\u5e74\u4e4b\u524d\u53d1\u884c\uff09\u7684\u7f8e\u5143\u7eb8\u5e01\u5b58\u5728\u4e00\u5b9a\u56f0\u96be\uff0c\u8bf7\u52a1\u5fc5\u6ce8\u610f\u3002\u6709\u4e9b\u5730\u65b9\u53ef\u80fd\u4f1a\u6536\u53d6\u989d\u5916\u624b\u7eed\u8d39\uff0c\u6709\u4e9b\u5219\u53ef\u80fd\u76f4\u63a5\u62d2\u7edd\u5151\u6362\u3002\uff09","og_url":"https:\/\/mountainguides.pro\/zh\/tours\/adventure\/tour-to-zimbabwe-and-south-africa-victoria-falls-cape-town-and-cape-of-good-hope\/","og_site_name":"Mountain Guide","article_publisher":"https:\/\/www.facebook.com\/Mountainguide-232956566756831\/","article_modified_time":"2026-01-29T10:31:24+00:00","og_image":[{"width":1800,"height":1350,"url":"https:\/\/mountainguides.pro\/wp-content\/uploads\/2025\/01\/tur-yuar-zimbabve-2.jpeg","type":"image\/jpeg"}],"twitter_card":"summary_large_image","twitter_site":"@Wintercyclone","twitter_misc":{"\u9884\u8ba1\u9605\u8bfb\u65f6\u95f4":"1 \u5206"},"schema":{"@context":"https:\/\/schema.org","@graph":[{"@type":"WebPage","@id":"https:\/\/mountainguides.pro\/ar\/tours\/adventure\/tour-to-zimbabwe-and-south-africa-victoria-falls-cape-town-and-cape-of-good-hope\/","url":"https:\/\/mountainguides.pro\/ar\/tours\/adventure\/tour-to-zimbabwe-and-south-africa-victoria-falls-cape-town-and-cape-of-good-hope\/","name":"Adventure Zimbabwe and South Africa","isPartOf":{"@id":"https:\/\/mountainguides.pro\/#website"},"primaryImageOfPage":{"@id":"https:\/\/mountainguides.pro\/ar\/tours\/adventure\/tour-to-zimbabwe-and-south-africa-victoria-falls-cape-town-and-cape-of-good-hope\/#primaryimage"},"image":{"@id":"https:\/\/mountainguides.pro\/ar\/tours\/adventure\/tour-to-zimbabwe-and-south-africa-victoria-falls-cape-town-and-cape-of-good-hope\/#primaryimage"},"thumbnailUrl":"https:\/\/mountainguides.pro\/wp-content\/uploads\/2025\/01\/tur-yuar-zimbabve-2.jpeg","datePublished":"2025-01-08T13:49:42+00:00","dateModified":"2026-01-29T10:31:24+00:00","breadcrumb":{"@id":"https:\/\/mountainguides.pro\/ar\/tours\/adventure\/tour-to-zimbabwe-and-south-africa-victoria-falls-cape-town-and-cape-of-good-hope\/#breadcrumb"},"inLanguage":"zh","potentialAction":[{"@type":"ReadAction","target":["https:\/\/mountainguides.pro\/ar\/tours\/adventure\/tour-to-zimbabwe-and-south-africa-victoria-falls-cape-town-and-cape-of-good-hope\/"]}]},{"@type":"ImageObject","inLanguage":"zh","@id":"https:\/\/mountainguides.pro\/ar\/tours\/adventure\/tour-to-zimbabwe-and-south-africa-victoria-falls-cape-town-and-cape-of-good-hope\/#primaryimage","url":"https:\/\/mountainguides.pro\/wp-content\/uploads\/2025\/01\/tur-yuar-zimbabve-2.jpeg","contentUrl":"https:\/\/mountainguides.pro\/wp-content\/uploads\/2025\/01\/tur-yuar-zimbabve-2.jpeg","width":1800,"height":1350},{"@type":"BreadcrumbList","@id":"https:\/\/mountainguides.pro\/ar\/tours\/adventure\/tour-to-zimbabwe-and-south-africa-victoria-falls-cape-town-and-cape-of-good-hope\/#breadcrumb","itemListElement":[{"@type":"ListItem","position":1,"name":"Home","item":"https:\/\/mountainguides.pro\/de\/"},{"@type":"ListItem","position":2,"name":"\u062c\u0648\u0644\u0629 \u0632\u064a\u0645\u0628\u0627\u0628\u0648\u064a \u0648\u062c\u0646\u0648\u0628 \u0625\u0641\u0631\u064a\u0642\u064a\u0627: \u0634\u0644\u0627\u0644\u0627\u062a \u0641\u064a\u0643\u062a\u0648\u0631\u064a\u0627 \u0648\u0643\u064a\u0628 \u062a\u0627\u0648\u0646 \u0648\u0631\u0623\u0633 \u0627\u0644\u0631\u062c\u0627\u0621 \u0627\u0644\u0635\u0627\u0644\u062d"}]},{"@type":"WebSite","@id":"https:\/\/mountainguides.pro\/#website","url":"https:\/\/mountainguides.pro\/","name":"Mountain Guide","description":"We aspire to be the first in everything!","publisher":{"@id":"https:\/\/mountainguides.pro\/#organization"},"potentialAction":[{"@type":"SearchAction","target":{"@type":"EntryPoint","urlTemplate":"https:\/\/mountainguides.pro\/?s={search_term_string}"},"query-input":{"@type":"PropertyValueSpecification","valueRequired":true,"valueName":"search_term_string"}}],"inLanguage":"zh"},{"@type":"Organization","@id":"https:\/\/mountainguides.pro\/#organization","name":"Mountain Guide","url":"https:\/\/mountainguides.pro\/","logo":{"@type":"ImageObject","inLanguage":"zh","@id":"https:\/\/mountainguides.pro\/#\/schema\/logo\/image\/","url":"https:\/\/mountainguides.pro\/wp-content\/uploads\/2018\/01\/mglogo.jpg","contentUrl":"https:\/\/mountainguides.pro\/wp-content\/uploads\/2018\/01\/mglogo.jpg","width":1200,"height":630,"caption":"Mountain Guide"},"image":{"@id":"https:\/\/mountainguides.pro\/#\/schema\/logo\/image\/"},"sameAs":["https:\/\/www.facebook.com\/Mountainguide-232956566756831\/","https:\/\/x.com\/Wintercyclone","http:\/\/instagram.com\/mountainguide","http:\/\/www.youtube.com\/mountainguide"]}]}},"_links":{"self":[{"href":"https:\/\/mountainguides.pro\/zh\/wp-json\/wp\/v2\/product\/21097","targetHints":{"allow":["GET"]}}],"collection":[{"href":"https:\/\/mountainguides.pro\/zh\/wp-json\/wp\/v2\/product"}],"about":[{"href":"https:\/\/mountainguides.pro\/zh\/wp-json\/wp\/v2\/types\/product"}],"replies":[{"embeddable":true,"href":"https:\/\/mountainguides.pro\/zh\/wp-json\/wp\/v2\/comments?post=21097"}],"version-history":[{"count":12,"href":"https:\/\/mountainguides.pro\/zh\/wp-json\/wp\/v2\/product\/21097\/revisions"}],"predecessor-version":[{"id":32667,"href":"https:\/\/mountainguides.pro\/zh\/wp-json\/wp\/v2\/product\/21097\/revisions\/32667"}],"wp:featuredmedia":[{"embeddable":true,"href":"https:\/\/mountainguides.pro\/zh\/wp-json\/wp\/v2\/media\/21459"}],"wp:attachment":[{"href":"https:\/\/mountainguides.pro\/zh\/wp-json\/wp\/v2\/media?parent=21097"}],"wp:term":[{"taxonomy":"product_cat","embeddable":true,"href":"https:\/\/mountainguides.pro\/zh\/wp-json\/wp\/v2\/product_cat?post=21097"},{"taxonomy":"product_tag","embeddable":true,"href":"https:\/\/mountainguides.pro\/zh\/wp-json\/wp\/v2\/product_tag?post=21097"}],"curies":[{"name":"wp","href":"https:\/\/api.w.org\/{rel}","templated":true}]}}