{"id":21100,"date":"2025-01-08T16:50:02","date_gmt":"2025-01-08T13:50:02","guid":{"rendered":"https:\/\/mountainguides.pro\/?post_type=product&#038;p=21100"},"modified":"2026-01-29T11:29:35","modified_gmt":"2026-01-29T08:29:35","slug":"tour-to-kathmandu-inside-out-in-one-day","status":"publish","type":"product","link":"https:\/\/mountainguides.pro\/zh\/tours\/adventure\/tour-to-kathmandu-inside-out-in-one-day\/","title":{"rendered":"\u52a0\u5fb7\u6ee1\u90fd\u4e4b\u65c5\uff1a\u4e00\u65e5\u6e38"},"content":{"rendered":"","protected":false},"excerpt":{"rendered":"<ul>\n<li class=\"p1\"><span class=\"s1\"><b>\u675c\u5df4\u5e7f\u573a<\/b><\/span>\u2014\u2014\u66fe\u662f\u5c3c\u6cca\u5c14\u738b\u6743\u7684\u4e2d\u5fc3\uff0c\u89c1\u8bc1\u4e86\u56fd\u5bb6\u5386\u53f2\u4e0a\u7684\u8bb8\u591a\u91cd\u8981\u4e8b\u4ef6<\/li>\n<li class=\"p2\"><b>\u5982\u679c\u5e78\u8fd0\u7684\u8bdd\uff0c\u6211\u4eec\u5c06\u770b\u5230\u5c3c\u6cca\u5c14\u7684\u771f\u6b63\u8c61\u5f81\u2014\u2014\u6d3b\u5973\u795e\u5e93\u739b\u4e3d<\/b><b><\/b><\/li>\n<li class=\"p1\"><span class=\"s1\"><b>\u5e15\u65af\u5e15\u63d0\u7eb3\u7279\u795e\u5e99<\/b><\/span>\u2014\u2014\u5bf9\u6240\u6709\u5370\u5ea6\u6559\u5f92\u6765\u8bf4\u6700\u795e\u5723\u7684\u5bfa\u5e99\u4e4b\u4e00\uff0c\u6bcf\u5929\u90fd\u4e3e\u884c\u901d\u8005\u706b\u5316\u4eea\u5f0f<\/li>\n<li class=\"p1\"><span class=\"s1\"><b>\u6211\u4eec\u5c06\u89c1\u5230\u8428\u5ea6<\/b><\/span>\u2014\u2014\u5c06\u4e00\u751f\u5949\u732e\u7ed9\u7075\u4fee\u5b9e\u8df5\u7684\u82e6\u884c\u50e7\u4e0e\u9690\u58eb<\/li>\n<li class=\"p1\"><span class=\"s1\"><b>\u65af\u74e6\u626c\u5e03\u7eb3\u7279<\/b><\/span>\uff08\u4e5f\u88ab\u79f0\u4e3a\u201c\u7334\u5e99\u201d\uff09\u2014\u2014\u5c3c\u6cca\u5c14\u6700\u53e4\u8001\u3001\u6700\u795e\u5723\u7684\u4f5b\u6559\u5723\u5730\u4e4b\u4e00<\/li>\n<\/ul>\n<p class=\"p1\"><strong>*\u8bf7\u6ce8\u610f\uff1a\u672c\u516c\u53f8\u4e0d\u4ece\u4e8b\u673a\u7968\u8d2d\u4e70\u3001\u9500\u552e\u53ca\u7b7e\u8bc1\u529e\u7406\u4e1a\u52a1\uff0c\u56e0\u6b64\u5bf9\u4e0e\u822a\u73ed\u3001\u8fc7\u5883\u76f8\u5173\u7684\u4efb\u4f55\u4e0d\u53ef\u6297\u529b\u60c5\u51b5\u4e0d\u627f\u62c5\u8d23\u4efb\u3002<\/strong><\/p>\n<p class=\"p3\"><b>\u91cd\u8981\u4fe1\u606f\uff1a<\/b><b><\/b><\/p>\n<ul>\n<li class=\"p1\">\u5728\u5c3c\u6cca\u5c14\uff0c\u5151\u6362\u5c0f\u989d\u3001\u7834\u65e7\u62162009\u5e74\u4e4b\u524d\u53d1\u884c\u7684\u7f8e\u5143\u7eb8\u5e01\u4f1a\u9047\u5230\u56f0\u96be\uff0c\u8bf7\u63d0\u524d\u6ce8\u610f\u3002\u6709\u65f6\u9700\u8981\u989d\u5916\u624b\u7eed\u8d39\uff0c\u6709\u65f6\u53ef\u80fd\u4f1a\u88ab\u62d2\u7edd\u5151\u6362\u3002<\/li>\n<li class=\"p1\">\u6700\u7ec8\u7684\u6e38\u89c8\u8d39\u7528\u53d6\u51b3\u4e8e\u53c2\u4e0e\u4eba\u6570\u3002<\/li>\n<li class=\"p1\">\u672c\u9879\u76ee\u4e3a\u5f62\u8c61\u9879\u76ee\uff0c\u800c\u975e\u5546\u4e1a\u9879\u76ee\uff0c\u65e8\u5728\u4e3a\u6211\u4eec\u7684\u5ba2\u6237\u63d0\u4f9b\u66f4\u9ad8\u5c42\u6b21\u7684\u670d\u52a1\u4f53\u9a8c\u3002<\/li>\n<\/ul>\n","protected":false},"featured_media":0,"comment_status":"closed","ping_status":"closed","template":"","meta":{"_acf_changed":false,"footnotes":""},"product_cat":[337],"product_tag":[],"class_list":{"0":"post-21100","1":"product","2":"type-product","3":"status-publish","5":"product_cat-adventure","7":"first","8":"instock","9":"shipping-taxable","10":"purchasable","11":"product-type-simple"},"acf":[],"yoast_head":"<!-- This site is optimized with the Yoast SEO Premium plugin v26.5 (Yoast SEO v27.6) - https:\/\/yoast.com\/product\/yoast-seo-premium-wordpress\/ -->\n<title>Adventure Kathmandu<\/title>\n<meta name=\"robots\" content=\"index, follow, max-snippet:-1, max-image-preview:large, max-video-preview:-1\" \/>\n<link rel=\"canonical\" href=\"https:\/\/mountainguides.pro\/zh\/tours\/adventure\/tour-to-kathmandu-inside-out-in-one-day\/\" \/>\n<meta property=\"og:locale\" content=\"zh_CN\" \/>\n<meta property=\"og:locale:alternate\" content=\"en_US\" \/>\n<meta property=\"og:locale:alternate\" content=\"ru_RU\" \/>\n<meta property=\"og:locale:alternate\" content=\"de\" \/>\n<meta property=\"og:locale:alternate\" content=\"es\" \/>\n<meta property=\"og:locale:alternate\" content=\"pt\" \/>\n<meta property=\"og:locale:alternate\" content=\"ko\" \/>\n<meta property=\"og:locale:alternate\" content=\"ja\" \/>\n<meta property=\"og:locale:alternate\" content=\"hi\" \/>\n<meta property=\"og:locale:alternate\" content=\"ar\" \/>\n<meta property=\"og:type\" content=\"article\" \/>\n<meta property=\"og:title\" content=\"\u52a0\u5fb7\u6ee1\u90fd\u4e4b\u65c5\uff1a\u4e00\u65e5\u6e38\" \/>\n<meta property=\"og:description\" content=\"\u675c\u5df4\u5e7f\u573a\u2014\u2014\u66fe\u662f\u5c3c\u6cca\u5c14\u738b\u6743\u7684\u4e2d\u5fc3\uff0c\u89c1\u8bc1\u4e86\u56fd\u5bb6\u5386\u53f2\u4e0a\u7684\u8bb8\u591a\u91cd\u8981\u4e8b\u4ef6  \u5982\u679c\u5e78\u8fd0\u7684\u8bdd\uff0c\u6211\u4eec\u5c06\u770b\u5230\u5c3c\u6cca\u5c14\u7684\u771f\u6b63\u8c61\u5f81\u2014\u2014\u6d3b\u5973\u795e\u5e93\u739b\u4e3d  \u5e15\u65af\u5e15\u63d0\u7eb3\u7279\u795e\u5e99\u2014\u2014\u5bf9\u6240\u6709\u5370\u5ea6\u6559\u5f92\u6765\u8bf4\u6700\u795e\u5723\u7684\u5bfa\u5e99\u4e4b\u4e00\uff0c\u6bcf\u5929\u90fd\u4e3e\u884c\u901d\u8005\u706b\u5316\u4eea\u5f0f  \u6211\u4eec\u5c06\u89c1\u5230\u8428\u5ea6\u2014\u2014\u5c06\u4e00\u751f\u5949\u732e\u7ed9\u7075\u4fee\u5b9e\u8df5\u7684\u82e6\u884c\u50e7\u4e0e\u9690\u58eb  \u65af\u74e6\u626c\u5e03\u7eb3\u7279\uff08\u4e5f\u88ab\u79f0\u4e3a\u201c\u7334\u5e99\u201d\uff09\u2014\u2014\u5c3c\u6cca\u5c14\u6700\u53e4\u8001\u3001\u6700\u795e\u5723\u7684\u4f5b\u6559\u5723\u5730\u4e4b\u4e00  *\u8bf7\u6ce8\u610f\uff1a\u672c\u516c\u53f8\u4e0d\u4ece\u4e8b\u673a\u7968\u8d2d\u4e70\u3001\u9500\u552e\u53ca\u7b7e\u8bc1\u529e\u7406\u4e1a\u52a1\uff0c\u56e0\u6b64\u5bf9\u4e0e\u822a\u73ed\u3001\u8fc7\u5883\u76f8\u5173\u7684\u4efb\u4f55\u4e0d\u53ef\u6297\u529b\u60c5\u51b5\u4e0d\u627f\u62c5\u8d23\u4efb\u3002 \u91cd\u8981\u4fe1\u606f\uff1a    \u5728\u5c3c\u6cca\u5c14\uff0c\u5151\u6362\u5c0f\u989d\u3001\u7834\u65e7\u62162009\u5e74\u4e4b\u524d\u53d1\u884c\u7684\u7f8e\u5143\u7eb8\u5e01\u4f1a\u9047\u5230\u56f0\u96be\uff0c\u8bf7\u63d0\u524d\u6ce8\u610f\u3002\u6709\u65f6\u9700\u8981\u989d\u5916\u624b\u7eed\u8d39\uff0c\u6709\u65f6\u53ef\u80fd\u4f1a\u88ab\u62d2\u7edd\u5151\u6362\u3002  \u6700\u7ec8\u7684\u6e38\u89c8\u8d39\u7528\u53d6\u51b3\u4e8e\u53c2\u4e0e\u4eba\u6570\u3002  \u672c\u9879\u76ee\u4e3a\u5f62\u8c61\u9879\u76ee\uff0c\u800c\u975e\u5546\u4e1a\u9879\u76ee\uff0c\u65e8\u5728\u4e3a\u6211\u4eec\u7684\u5ba2\u6237\u63d0\u4f9b\u66f4\u9ad8\u5c42\u6b21\u7684\u670d\u52a1\u4f53\u9a8c\u3002\" \/>\n<meta property=\"og:url\" content=\"https:\/\/mountainguides.pro\/zh\/tours\/adventure\/tour-to-kathmandu-inside-out-in-one-day\/\" \/>\n<meta property=\"og:site_name\" content=\"Mountain Guide\" \/>\n<meta property=\"article:publisher\" content=\"https:\/\/www.facebook.com\/Mountainguide-232956566756831\/\" \/>\n<meta property=\"article:modified_time\" content=\"2026-01-29T08:29:35+00:00\" \/>\n<meta property=\"og:image\" content=\"https:\/\/mountainguides.pro\/wp-content\/uploads\/2018\/01\/mglogo.jpg\" \/>\n\t<meta property=\"og:image:width\" content=\"1200\" \/>\n\t<meta property=\"og:image:height\" content=\"630\" \/>\n\t<meta property=\"og:image:type\" content=\"image\/jpeg\" \/>\n<meta name=\"twitter:card\" content=\"summary_large_image\" \/>\n<meta name=\"twitter:site\" content=\"@Wintercyclone\" \/>\n<script type=\"application\/ld+json\" class=\"yoast-schema-graph\">{\"@context\":\"https:\\\/\\\/schema.org\",\"@graph\":[{\"@type\":\"WebPage\",\"@id\":\"https:\\\/\\\/mountainguides.pro\\\/ar\\\/tours\\\/adventure\\\/tour-to-kathmandu-inside-out-in-one-day\\\/\",\"url\":\"https:\\\/\\\/mountainguides.pro\\\/ar\\\/tours\\\/adventure\\\/tour-to-kathmandu-inside-out-in-one-day\\\/\",\"name\":\"Adventure Kathmandu\",\"isPartOf\":{\"@id\":\"https:\\\/\\\/mountainguides.pro\\\/#website\"},\"datePublished\":\"2025-01-08T13:50:02+00:00\",\"dateModified\":\"2026-01-29T08:29:35+00:00\",\"breadcrumb\":{\"@id\":\"https:\\\/\\\/mountainguides.pro\\\/ar\\\/tours\\\/adventure\\\/tour-to-kathmandu-inside-out-in-one-day\\\/#breadcrumb\"},\"inLanguage\":\"zh\",\"potentialAction\":[{\"@type\":\"ReadAction\",\"target\":[\"https:\\\/\\\/mountainguides.pro\\\/ar\\\/tours\\\/adventure\\\/tour-to-kathmandu-inside-out-in-one-day\\\/\"]}]},{\"@type\":\"BreadcrumbList\",\"@id\":\"https:\\\/\\\/mountainguides.pro\\\/ar\\\/tours\\\/adventure\\\/tour-to-kathmandu-inside-out-in-one-day\\\/#breadcrumb\",\"itemListElement\":[{\"@type\":\"ListItem\",\"position\":1,\"name\":\"Home\",\"item\":\"https:\\\/\\\/mountainguides.pro\\\/de\\\/\"},{\"@type\":\"ListItem\",\"position\":2,\"name\":\"\u062c\u0648\u0644\u0629 \u0643\u0627\u062a\u0645\u0627\u0646\u062f\u0648: \u0627\u0644\u062f\u0627\u062e\u0644 \u0627\u0644\u0649 \u0627\u0644\u062e\u0627\u0631\u062c \u0641\u064a \u064a\u0648\u0645 \u0648\u0627\u062d\u062f\"}]},{\"@type\":\"WebSite\",\"@id\":\"https:\\\/\\\/mountainguides.pro\\\/#website\",\"url\":\"https:\\\/\\\/mountainguides.pro\\\/\",\"name\":\"Mountain Guide\",\"description\":\"We aspire to be the first in everything!\",\"publisher\":{\"@id\":\"https:\\\/\\\/mountainguides.pro\\\/#organization\"},\"potentialAction\":[{\"@type\":\"SearchAction\",\"target\":{\"@type\":\"EntryPoint\",\"urlTemplate\":\"https:\\\/\\\/mountainguides.pro\\\/?s={search_term_string}\"},\"query-input\":{\"@type\":\"PropertyValueSpecification\",\"valueRequired\":true,\"valueName\":\"search_term_string\"}}],\"inLanguage\":\"zh\"},{\"@type\":\"Organization\",\"@id\":\"https:\\\/\\\/mountainguides.pro\\\/#organization\",\"name\":\"Mountain Guide\",\"url\":\"https:\\\/\\\/mountainguides.pro\\\/\",\"logo\":{\"@type\":\"ImageObject\",\"inLanguage\":\"zh\",\"@id\":\"https:\\\/\\\/mountainguides.pro\\\/#\\\/schema\\\/logo\\\/image\\\/\",\"url\":\"https:\\\/\\\/mountainguides.pro\\\/wp-content\\\/uploads\\\/2018\\\/01\\\/mglogo.jpg\",\"contentUrl\":\"https:\\\/\\\/mountainguides.pro\\\/wp-content\\\/uploads\\\/2018\\\/01\\\/mglogo.jpg\",\"width\":1200,\"height\":630,\"caption\":\"Mountain Guide\"},\"image\":{\"@id\":\"https:\\\/\\\/mountainguides.pro\\\/#\\\/schema\\\/logo\\\/image\\\/\"},\"sameAs\":[\"https:\\\/\\\/www.facebook.com\\\/Mountainguide-232956566756831\\\/\",\"https:\\\/\\\/x.com\\\/Wintercyclone\",\"http:\\\/\\\/instagram.com\\\/mountainguide\",\"http:\\\/\\\/www.youtube.com\\\/mountainguide\"]}]}<\/script>\n<!-- \/ Yoast SEO Premium plugin. -->","yoast_head_json":{"title":"Adventure Kathmandu","robots":{"index":"index","follow":"follow","max-snippet":"max-snippet:-1","max-image-preview":"max-image-preview:large","max-video-preview":"max-video-preview:-1"},"canonical":"https:\/\/mountainguides.pro\/zh\/tours\/adventure\/tour-to-kathmandu-inside-out-in-one-day\/","og_locale":"zh_CN","og_type":"article","og_title":"[:en]Tour to Kathmandu: Inside Out in One Day[:de]Tour nach Kathmandu: Von innen nach au\u00dfen f\u00fcr einen Tag[:es]Tour de Katmand\u00fa: al Rev\u00e9s en un d\u00eda[:pt]Tour em Katmandu: de dentro para fora em um dia[:zh]\u52a0\u5fb7\u6ee1\u90fd\u4e4b\u65c5\uff1a\u4e00\u65e5\u6e38[:ko]\uce74\ud2b8\ub9cc\ub450 \ud22c\uc5b4:\ud558\ub8e8\uc5d0 \uc778\uc0ac\uc774\ub4dc \uc544\uc6c3[:ja]\u30ab\u30c8\u30de\u30f3\u30ba\u30c4\u30a2\u30fc\uff1a\u4e00\u65e5\u306e\u4e2d\u3067\u30a4\u30f3\u30b5\u30a4\u30c9\u30a2\u30a6\u30c8[:hi]\u0915\u093e\u0920\u092e\u093e\u0902\u0921\u0942 \u092f\u093e\u0924\u094d\u0930\u093e: \u090f\u0915 \u0926\u093f\u0928 \u092e\u0947\u0902 \u0905\u0902\u0926\u0930 \u092c\u093e\u0939\u0930[:ar]\u062c\u0648\u0644\u0629 \u0643\u0627\u062a\u0645\u0627\u0646\u062f\u0648: \u0627\u0644\u062f\u0627\u062e\u0644 \u0627\u0644\u0649 \u0627\u0644\u062e\u0627\u0631\u062c \u0641\u064a \u064a\u0648\u0645 \u0648\u0627\u062d\u062f[:]","og_description":"\u675c\u5df4\u5e7f\u573a\u2014\u2014\u66fe\u662f\u5c3c\u6cca\u5c14\u738b\u6743\u7684\u4e2d\u5fc3\uff0c\u89c1\u8bc1\u4e86\u56fd\u5bb6\u5386\u53f2\u4e0a\u7684\u8bb8\u591a\u91cd\u8981\u4e8b\u4ef6  \u5982\u679c\u5e78\u8fd0\u7684\u8bdd\uff0c\u6211\u4eec\u5c06\u770b\u5230\u5c3c\u6cca\u5c14\u7684\u771f\u6b63\u8c61\u5f81\u2014\u2014\u6d3b\u5973\u795e\u5e93\u739b\u4e3d  \u5e15\u65af\u5e15\u63d0\u7eb3\u7279\u795e\u5e99\u2014\u2014\u5bf9\u6240\u6709\u5370\u5ea6\u6559\u5f92\u6765\u8bf4\u6700\u795e\u5723\u7684\u5bfa\u5e99\u4e4b\u4e00\uff0c\u6bcf\u5929\u90fd\u4e3e\u884c\u901d\u8005\u706b\u5316\u4eea\u5f0f  \u6211\u4eec\u5c06\u89c1\u5230\u8428\u5ea6\u2014\u2014\u5c06\u4e00\u751f\u5949\u732e\u7ed9\u7075\u4fee\u5b9e\u8df5\u7684\u82e6\u884c\u50e7\u4e0e\u9690\u58eb  \u65af\u74e6\u626c\u5e03\u7eb3\u7279\uff08\u4e5f\u88ab\u79f0\u4e3a\u201c\u7334\u5e99\u201d\uff09\u2014\u2014\u5c3c\u6cca\u5c14\u6700\u53e4\u8001\u3001\u6700\u795e\u5723\u7684\u4f5b\u6559\u5723\u5730\u4e4b\u4e00  *\u8bf7\u6ce8\u610f\uff1a\u672c\u516c\u53f8\u4e0d\u4ece\u4e8b\u673a\u7968\u8d2d\u4e70\u3001\u9500\u552e\u53ca\u7b7e\u8bc1\u529e\u7406\u4e1a\u52a1\uff0c\u56e0\u6b64\u5bf9\u4e0e\u822a\u73ed\u3001\u8fc7\u5883\u76f8\u5173\u7684\u4efb\u4f55\u4e0d\u53ef\u6297\u529b\u60c5\u51b5\u4e0d\u627f\u62c5\u8d23\u4efb\u3002 \u91cd\u8981\u4fe1\u606f\uff1a    \u5728\u5c3c\u6cca\u5c14\uff0c\u5151\u6362\u5c0f\u989d\u3001\u7834\u65e7\u62162009\u5e74\u4e4b\u524d\u53d1\u884c\u7684\u7f8e\u5143\u7eb8\u5e01\u4f1a\u9047\u5230\u56f0\u96be\uff0c\u8bf7\u63d0\u524d\u6ce8\u610f\u3002\u6709\u65f6\u9700\u8981\u989d\u5916\u624b\u7eed\u8d39\uff0c\u6709\u65f6\u53ef\u80fd\u4f1a\u88ab\u62d2\u7edd\u5151\u6362\u3002  \u6700\u7ec8\u7684\u6e38\u89c8\u8d39\u7528\u53d6\u51b3\u4e8e\u53c2\u4e0e\u4eba\u6570\u3002  \u672c\u9879\u76ee\u4e3a\u5f62\u8c61\u9879\u76ee\uff0c\u800c\u975e\u5546\u4e1a\u9879\u76ee\uff0c\u65e8\u5728\u4e3a\u6211\u4eec\u7684\u5ba2\u6237\u63d0\u4f9b\u66f4\u9ad8\u5c42\u6b21\u7684\u670d\u52a1\u4f53\u9a8c\u3002","og_url":"https:\/\/mountainguides.pro\/zh\/tours\/adventure\/tour-to-kathmandu-inside-out-in-one-day\/","og_site_name":"Mountain Guide","article_publisher":"https:\/\/www.facebook.com\/Mountainguide-232956566756831\/","article_modified_time":"2026-01-29T08:29:35+00:00","og_image":[{"width":1200,"height":630,"url":"https:\/\/mountainguides.pro\/wp-content\/uploads\/2018\/01\/mglogo.jpg","type":"image\/jpeg"}],"twitter_card":"summary_large_image","twitter_site":"@Wintercyclone","schema":{"@context":"https:\/\/schema.org","@graph":[{"@type":"WebPage","@id":"https:\/\/mountainguides.pro\/ar\/tours\/adventure\/tour-to-kathmandu-inside-out-in-one-day\/","url":"https:\/\/mountainguides.pro\/ar\/tours\/adventure\/tour-to-kathmandu-inside-out-in-one-day\/","name":"Adventure Kathmandu","isPartOf":{"@id":"https:\/\/mountainguides.pro\/#website"},"datePublished":"2025-01-08T13:50:02+00:00","dateModified":"2026-01-29T08:29:35+00:00","breadcrumb":{"@id":"https:\/\/mountainguides.pro\/ar\/tours\/adventure\/tour-to-kathmandu-inside-out-in-one-day\/#breadcrumb"},"inLanguage":"zh","potentialAction":[{"@type":"ReadAction","target":["https:\/\/mountainguides.pro\/ar\/tours\/adventure\/tour-to-kathmandu-inside-out-in-one-day\/"]}]},{"@type":"BreadcrumbList","@id":"https:\/\/mountainguides.pro\/ar\/tours\/adventure\/tour-to-kathmandu-inside-out-in-one-day\/#breadcrumb","itemListElement":[{"@type":"ListItem","position":1,"name":"Home","item":"https:\/\/mountainguides.pro\/de\/"},{"@type":"ListItem","position":2,"name":"\u062c\u0648\u0644\u0629 \u0643\u0627\u062a\u0645\u0627\u0646\u062f\u0648: \u0627\u0644\u062f\u0627\u062e\u0644 \u0627\u0644\u0649 \u0627\u0644\u062e\u0627\u0631\u062c \u0641\u064a \u064a\u0648\u0645 \u0648\u0627\u062d\u062f"}]},{"@type":"WebSite","@id":"https:\/\/mountainguides.pro\/#website","url":"https:\/\/mountainguides.pro\/","name":"Mountain Guide","description":"We aspire to be the first in everything!","publisher":{"@id":"https:\/\/mountainguides.pro\/#organization"},"potentialAction":[{"@type":"SearchAction","target":{"@type":"EntryPoint","urlTemplate":"https:\/\/mountainguides.pro\/?s={search_term_string}"},"query-input":{"@type":"PropertyValueSpecification","valueRequired":true,"valueName":"search_term_string"}}],"inLanguage":"zh"},{"@type":"Organization","@id":"https:\/\/mountainguides.pro\/#organization","name":"Mountain Guide","url":"https:\/\/mountainguides.pro\/","logo":{"@type":"ImageObject","inLanguage":"zh","@id":"https:\/\/mountainguides.pro\/#\/schema\/logo\/image\/","url":"https:\/\/mountainguides.pro\/wp-content\/uploads\/2018\/01\/mglogo.jpg","contentUrl":"https:\/\/mountainguides.pro\/wp-content\/uploads\/2018\/01\/mglogo.jpg","width":1200,"height":630,"caption":"Mountain Guide"},"image":{"@id":"https:\/\/mountainguides.pro\/#\/schema\/logo\/image\/"},"sameAs":["https:\/\/www.facebook.com\/Mountainguide-232956566756831\/","https:\/\/x.com\/Wintercyclone","http:\/\/instagram.com\/mountainguide","http:\/\/www.youtube.com\/mountainguide"]}]}},"_links":{"self":[{"href":"https:\/\/mountainguides.pro\/zh\/wp-json\/wp\/v2\/product\/21100","targetHints":{"allow":["GET"]}}],"collection":[{"href":"https:\/\/mountainguides.pro\/zh\/wp-json\/wp\/v2\/product"}],"about":[{"href":"https:\/\/mountainguides.pro\/zh\/wp-json\/wp\/v2\/types\/product"}],"replies":[{"embeddable":true,"href":"https:\/\/mountainguides.pro\/zh\/wp-json\/wp\/v2\/comments?post=21100"}],"version-history":[{"count":11,"href":"https:\/\/mountainguides.pro\/zh\/wp-json\/wp\/v2\/product\/21100\/revisions"}],"predecessor-version":[{"id":32663,"href":"https:\/\/mountainguides.pro\/zh\/wp-json\/wp\/v2\/product\/21100\/revisions\/32663"}],"wp:attachment":[{"href":"https:\/\/mountainguides.pro\/zh\/wp-json\/wp\/v2\/media?parent=21100"}],"wp:term":[{"taxonomy":"product_cat","embeddable":true,"href":"https:\/\/mountainguides.pro\/zh\/wp-json\/wp\/v2\/product_cat?post=21100"},{"taxonomy":"product_tag","embeddable":true,"href":"https:\/\/mountainguides.pro\/zh\/wp-json\/wp\/v2\/product_tag?post=21100"}],"curies":[{"name":"wp","href":"https:\/\/api.w.org\/{rel}","templated":true}]}}