{"id":21102,"date":"2025-01-08T16:50:09","date_gmt":"2025-01-08T13:50:09","guid":{"rendered":"https:\/\/mountainguides.pro\/?post_type=product&#038;p=21102"},"modified":"2026-01-29T11:15:22","modified_gmt":"2026-01-29T08:15:22","slug":"tour-to-eritrea-dahlak-archipelago-and-rashaida-nomads","status":"publish","type":"product","link":"https:\/\/mountainguides.pro\/zh\/tours\/adventure\/tour-to-eritrea-dahlak-archipelago-and-rashaida-nomads\/","title":{"rendered":"\u5384\u7acb\u7279\u91cc\u4e9a\u4e4b\u65c5\uff1a\u8fbe\u8d6b\u62c9\u514b\u7fa4\u5c9b\u548c\u62c9\u6c99\u4f0a\u8fbe\u6e38\u7267\u6c11\u65cf"},"content":{"rendered":"","protected":false},"excerpt":{"rendered":"<ul>\n<li class=\"p1\">\u6e38\u89c8\u963f\u65af\u9a6c\u62c9\u72ed\u7a84\u8857\u5df7\uff0c\u6b23\u8d4f\u88c5\u9970\u827a\u672f\u98ce\u683c\u5efa\u7b51\uff0c\u5e76\u53c2\u89c2\u519b\u4e8b\u88c5\u5907\u5893\u5730<\/li>\n<li class=\"p1\">\u4e86\u89e3\u62c9\u6c99\u4f0a\u8fbe\u6e38\u7267\u6c11\u65cf\uff0c\u4ed6\u4eec\u8272\u5f69\u9c9c\u8273\u7684\u4f20\u7edf\u670d\u9970\u548c\u72ec\u7279\u7684\u4e60\u4fd7<\/li>\n<li class=\"p1\">\u6c89\u6d78\u5728\u53e4\u8001\u6e2f\u53e3\u9a6c\u8428\u74e6\u7684\u6c1b\u56f4\u4e2d\uff0c\u611f\u53d7\u4e1c\u65b9\u4f20\u7edf\u4e0e\u6b96\u6c11\u5efa\u7b51\u7684\u5b8c\u7f8e\u878d\u5408<\/li>\n<li class=\"p1\">\u4e58\u8239\u524d\u5f80\u8fbe\u8d6b\u62c9\u514b\u7fa4\u5c9b\uff0c\u5728\u5fb7\u897f\u8036\u5c9b\u4f53\u9a8c\u661f\u7a7a\u4e0b\u7684\u9732\u8425\u4e4b\u591c<\/li>\n<li class=\"p1\">\u53c2\u89c2\u5384\u7acb\u7279\u91cc\u4e9a\u6700\u8457\u540d\u7684\u4fee\u9053\u9662\u4e4b\u4e00\uff0c\u5750\u843d\u5728\u6d77\u62d42450\u7c73\u9ad8\u5904\uff0c\u62e5\u6709\u4ee4\u4eba\u53f9\u4e3a\u89c2\u6b62\u7684\u666f\u8272\u548c\u60a0\u4e45\u5386\u53f2<\/li>\n<\/ul>\n<p class=\"p1\"><strong>\u8bf7\u6ce8\u610f\uff1a\u672c\u516c\u53f8\u4e0d\u63d0\u4f9b\u673a\u7968\u8d2d\u4e70\u3001\u9500\u552e\u53ca\u7b7e\u8bc1\u529e\u7406\u670d\u52a1\uff0c\u56e0\u6b64\u5bf9\u4e8e\u56e0\u822a\u73ed\u6216\u8fc7\u5883\u95ee\u9898\u6240\u4ea7\u751f\u7684\u4efb\u4f55\u4e0d\u53ef\u6297\u529b\u60c5\u51b5\u4e0d\u627f\u62c5\u8d23\u4efb\u3002<\/strong><i><\/i><\/p>\n<p class=\"p1\"><strong>\u91cd\u8981\u4fe1\u606f\uff1a<\/strong><\/p>\n<ul>\n<li class=\"p1\">\u9152\u5e97\u7684\u5165\u4f4f\u548c\u9000\u623f\u65f6\u95f4\u7531\u9152\u5e97\u89c4\u5b9a\uff1a\u5165\u4f4f\u65f6\u95f4\u4e3a15:00\u4e4b\u540e\uff0c\u9000\u623f\u65f6\u95f4\u4e3a11:00\u201312:00\u4e4b\u524d\u3002\u884c\u674e\u53ef\u5bc4\u5b58\u5728\u9152\u5e97\u524d\u53f0\u540e\u518d\u81ea\u7531\u6e38\u89c8\u57ce\u5e02\uff0c\u6216\u5728\u6280\u672f\u6761\u4ef6\u5141\u8bb8\u7684\u60c5\u51b5\u4e0b\u652f\u4ed8\u8d39\u7528\u63d0\u524d\u5165\u4f4f\/\u5ef6\u8fdf\u9000\u623f\u3002<\/li>\n<li class=\"p1\">\u5728\u5384\u7acb\u7279\u91cc\u4e9a\uff0c\u5151\u6362\u5c0f\u989d\u3001\u7834\u635f\u6216\u65e7\u7248\uff082009\u5e74\u4ee5\u524d\u53d1\u884c\uff09\u7f8e\u5143\u7eb8\u5e01\u53ef\u80fd\u4f1a\u9047\u5230\u56f0\u96be\uff0c\u8bf7\u52a1\u5fc5\u6ce8\u610f\u3002\u67d0\u4e9b\u5730\u65b9\u4f1a\u6536\u53d6\u989d\u5916\u624b\u7eed\u8d39\uff0c\u6709\u4e9b\u751a\u81f3\u4f1a\u76f4\u63a5\u62d2\u6536\u3002<\/li>\n<\/ul>\n","protected":false},"featured_media":21454,"comment_status":"closed","ping_status":"closed","template":"","meta":{"_acf_changed":false,"footnotes":""},"product_cat":[337],"product_tag":[],"class_list":{"0":"post-21102","1":"product","2":"type-product","3":"status-publish","4":"has-post-thumbnail","6":"product_cat-adventure","8":"first","9":"instock","10":"shipping-taxable","11":"purchasable","12":"product-type-simple"},"acf":[],"yoast_head":"<!-- This site is optimized with the Yoast SEO Premium plugin v26.5 (Yoast SEO v27.4) - https:\/\/yoast.com\/product\/yoast-seo-premium-wordpress\/ -->\n<title>Adventure Eritrea<\/title>\n<meta name=\"robots\" content=\"index, follow, max-snippet:-1, max-image-preview:large, max-video-preview:-1\" \/>\n<link rel=\"canonical\" href=\"https:\/\/mountainguides.pro\/zh\/tours\/adventure\/tour-to-eritrea-dahlak-archipelago-and-rashaida-nomads\/\" \/>\n<meta property=\"og:locale\" content=\"zh_CN\" \/>\n<meta property=\"og:locale:alternate\" content=\"en_US\" \/>\n<meta property=\"og:locale:alternate\" content=\"ru_RU\" \/>\n<meta property=\"og:locale:alternate\" content=\"de\" \/>\n<meta property=\"og:locale:alternate\" content=\"es\" \/>\n<meta property=\"og:locale:alternate\" content=\"pt\" \/>\n<meta property=\"og:locale:alternate\" content=\"ko\" \/>\n<meta property=\"og:locale:alternate\" content=\"ja\" \/>\n<meta property=\"og:locale:alternate\" content=\"hi\" \/>\n<meta property=\"og:locale:alternate\" content=\"ar\" \/>\n<meta property=\"og:type\" content=\"article\" \/>\n<meta property=\"og:title\" content=\"\u5384\u7acb\u7279\u91cc\u4e9a\u4e4b\u65c5\uff1a\u8fbe\u8d6b\u62c9\u514b\u7fa4\u5c9b\u548c\u62c9\u6c99\u4f0a\u8fbe\u6e38\u7267\u6c11\u65cf\" \/>\n<meta property=\"og:description\" content=\"\u6e38\u89c8\u963f\u65af\u9a6c\u62c9\u72ed\u7a84\u8857\u5df7\uff0c\u6b23\u8d4f\u88c5\u9970\u827a\u672f\u98ce\u683c\u5efa\u7b51\uff0c\u5e76\u53c2\u89c2\u519b\u4e8b\u88c5\u5907\u5893\u5730  \u4e86\u89e3\u62c9\u6c99\u4f0a\u8fbe\u6e38\u7267\u6c11\u65cf\uff0c\u4ed6\u4eec\u8272\u5f69\u9c9c\u8273\u7684\u4f20\u7edf\u670d\u9970\u548c\u72ec\u7279\u7684\u4e60\u4fd7  \u6c89\u6d78\u5728\u53e4\u8001\u6e2f\u53e3\u9a6c\u8428\u74e6\u7684\u6c1b\u56f4\u4e2d\uff0c\u611f\u53d7\u4e1c\u65b9\u4f20\u7edf\u4e0e\u6b96\u6c11\u5efa\u7b51\u7684\u5b8c\u7f8e\u878d\u5408  \u4e58\u8239\u524d\u5f80\u8fbe\u8d6b\u62c9\u514b\u7fa4\u5c9b\uff0c\u5728\u5fb7\u897f\u8036\u5c9b\u4f53\u9a8c\u661f\u7a7a\u4e0b\u7684\u9732\u8425\u4e4b\u591c  \u53c2\u89c2\u5384\u7acb\u7279\u91cc\u4e9a\u6700\u8457\u540d\u7684\u4fee\u9053\u9662\u4e4b\u4e00\uff0c\u5750\u843d\u5728\u6d77\u62d42450\u7c73\u9ad8\u5904\uff0c\u62e5\u6709\u4ee4\u4eba\u53f9\u4e3a\u89c2\u6b62\u7684\u666f\u8272\u548c\u60a0\u4e45\u5386\u53f2  \u8bf7\u6ce8\u610f\uff1a\u672c\u516c\u53f8\u4e0d\u63d0\u4f9b\u673a\u7968\u8d2d\u4e70\u3001\u9500\u552e\u53ca\u7b7e\u8bc1\u529e\u7406\u670d\u52a1\uff0c\u56e0\u6b64\u5bf9\u4e8e\u56e0\u822a\u73ed\u6216\u8fc7\u5883\u95ee\u9898\u6240\u4ea7\u751f\u7684\u4efb\u4f55\u4e0d\u53ef\u6297\u529b\u60c5\u51b5\u4e0d\u627f\u62c5\u8d23\u4efb\u3002 \u91cd\u8981\u4fe1\u606f\uff1a    \u9152\u5e97\u7684\u5165\u4f4f\u548c\u9000\u623f\u65f6\u95f4\u7531\u9152\u5e97\u89c4\u5b9a\uff1a\u5165\u4f4f\u65f6\u95f4\u4e3a15:00\u4e4b\u540e\uff0c\u9000\u623f\u65f6\u95f4\u4e3a11:00\u201312:00\u4e4b\u524d\u3002\u884c\u674e\u53ef\u5bc4\u5b58\u5728\u9152\u5e97\u524d\u53f0\u540e\u518d\u81ea\u7531\u6e38\u89c8\u57ce\u5e02\uff0c\u6216\u5728\u6280\u672f\u6761\u4ef6\u5141\u8bb8\u7684\u60c5\u51b5\u4e0b\u652f\u4ed8\u8d39\u7528\u63d0\u524d\u5165\u4f4f\/\u5ef6\u8fdf\u9000\u623f\u3002  \u5728\u5384\u7acb\u7279\u91cc\u4e9a\uff0c\u5151\u6362\u5c0f\u989d\u3001\u7834\u635f\u6216\u65e7\u7248\uff082009\u5e74\u4ee5\u524d\u53d1\u884c\uff09\u7f8e\u5143\u7eb8\u5e01\u53ef\u80fd\u4f1a\u9047\u5230\u56f0\u96be\uff0c\u8bf7\u52a1\u5fc5\u6ce8\u610f\u3002\u67d0\u4e9b\u5730\u65b9\u4f1a\u6536\u53d6\u989d\u5916\u624b\u7eed\u8d39\uff0c\u6709\u4e9b\u751a\u81f3\u4f1a\u76f4\u63a5\u62d2\u6536\u3002\" \/>\n<meta property=\"og:url\" content=\"https:\/\/mountainguides.pro\/zh\/tours\/adventure\/tour-to-eritrea-dahlak-archipelago-and-rashaida-nomads\/\" \/>\n<meta property=\"og:site_name\" content=\"Mountain Guide\" \/>\n<meta property=\"article:publisher\" content=\"https:\/\/www.facebook.com\/Mountainguide-232956566756831\/\" \/>\n<meta property=\"article:modified_time\" content=\"2026-01-29T08:15:22+00:00\" \/>\n<meta property=\"og:image\" content=\"https:\/\/mountainguides.pro\/wp-content\/uploads\/2025\/01\/tur-v-eritreyu.jpeg\" \/>\n\t<meta property=\"og:image:width\" content=\"1800\" \/>\n\t<meta property=\"og:image:height\" content=\"1350\" \/>\n\t<meta property=\"og:image:type\" content=\"image\/jpeg\" \/>\n<meta name=\"twitter:card\" content=\"summary_large_image\" \/>\n<meta name=\"twitter:site\" content=\"@Wintercyclone\" \/>\n<meta name=\"twitter:label1\" content=\"\u9884\u8ba1\u9605\u8bfb\u65f6\u95f4\" \/>\n\t<meta name=\"twitter:data1\" content=\"1 \u5206\" \/>\n<script type=\"application\/ld+json\" class=\"yoast-schema-graph\">{\"@context\":\"https:\\\/\\\/schema.org\",\"@graph\":[{\"@type\":\"WebPage\",\"@id\":\"https:\\\/\\\/mountainguides.pro\\\/ar\\\/tours\\\/adventure\\\/tour-to-eritrea-dahlak-archipelago-and-rashaida-nomads\\\/\",\"url\":\"https:\\\/\\\/mountainguides.pro\\\/ar\\\/tours\\\/adventure\\\/tour-to-eritrea-dahlak-archipelago-and-rashaida-nomads\\\/\",\"name\":\"Adventure Eritrea\",\"isPartOf\":{\"@id\":\"https:\\\/\\\/mountainguides.pro\\\/#website\"},\"primaryImageOfPage\":{\"@id\":\"https:\\\/\\\/mountainguides.pro\\\/ar\\\/tours\\\/adventure\\\/tour-to-eritrea-dahlak-archipelago-and-rashaida-nomads\\\/#primaryimage\"},\"image\":{\"@id\":\"https:\\\/\\\/mountainguides.pro\\\/ar\\\/tours\\\/adventure\\\/tour-to-eritrea-dahlak-archipelago-and-rashaida-nomads\\\/#primaryimage\"},\"thumbnailUrl\":\"https:\\\/\\\/mountainguides.pro\\\/wp-content\\\/uploads\\\/2025\\\/01\\\/tur-v-eritreyu.jpeg\",\"datePublished\":\"2025-01-08T13:50:09+00:00\",\"dateModified\":\"2026-01-29T08:15:22+00:00\",\"breadcrumb\":{\"@id\":\"https:\\\/\\\/mountainguides.pro\\\/ar\\\/tours\\\/adventure\\\/tour-to-eritrea-dahlak-archipelago-and-rashaida-nomads\\\/#breadcrumb\"},\"inLanguage\":\"zh\",\"potentialAction\":[{\"@type\":\"ReadAction\",\"target\":[\"https:\\\/\\\/mountainguides.pro\\\/ar\\\/tours\\\/adventure\\\/tour-to-eritrea-dahlak-archipelago-and-rashaida-nomads\\\/\"]}]},{\"@type\":\"ImageObject\",\"inLanguage\":\"zh\",\"@id\":\"https:\\\/\\\/mountainguides.pro\\\/ar\\\/tours\\\/adventure\\\/tour-to-eritrea-dahlak-archipelago-and-rashaida-nomads\\\/#primaryimage\",\"url\":\"https:\\\/\\\/mountainguides.pro\\\/wp-content\\\/uploads\\\/2025\\\/01\\\/tur-v-eritreyu.jpeg\",\"contentUrl\":\"https:\\\/\\\/mountainguides.pro\\\/wp-content\\\/uploads\\\/2025\\\/01\\\/tur-v-eritreyu.jpeg\",\"width\":1800,\"height\":1350},{\"@type\":\"BreadcrumbList\",\"@id\":\"https:\\\/\\\/mountainguides.pro\\\/ar\\\/tours\\\/adventure\\\/tour-to-eritrea-dahlak-archipelago-and-rashaida-nomads\\\/#breadcrumb\",\"itemListElement\":[{\"@type\":\"ListItem\",\"position\":1,\"name\":\"Home\",\"item\":\"https:\\\/\\\/mountainguides.pro\\\/de\\\/\"},{\"@type\":\"ListItem\",\"position\":2,\"name\":\"\u062c\u0648\u0644\u0629 \u0625\u0631\u064a\u062a\u0631\u064a\u0627: \u0623\u0631\u062e\u0628\u064a\u0644 \u062f\u0647\u0644\u0643 \u0648\u0631\u0634\u064a\u062f\u0629 \u0627\u0644\u0628\u062f\u0648\"}]},{\"@type\":\"WebSite\",\"@id\":\"https:\\\/\\\/mountainguides.pro\\\/#website\",\"url\":\"https:\\\/\\\/mountainguides.pro\\\/\",\"name\":\"Mountain Guide\",\"description\":\"We aspire to be the first in everything!\",\"publisher\":{\"@id\":\"https:\\\/\\\/mountainguides.pro\\\/#organization\"},\"potentialAction\":[{\"@type\":\"SearchAction\",\"target\":{\"@type\":\"EntryPoint\",\"urlTemplate\":\"https:\\\/\\\/mountainguides.pro\\\/?s={search_term_string}\"},\"query-input\":{\"@type\":\"PropertyValueSpecification\",\"valueRequired\":true,\"valueName\":\"search_term_string\"}}],\"inLanguage\":\"zh\"},{\"@type\":\"Organization\",\"@id\":\"https:\\\/\\\/mountainguides.pro\\\/#organization\",\"name\":\"Mountain Guide\",\"url\":\"https:\\\/\\\/mountainguides.pro\\\/\",\"logo\":{\"@type\":\"ImageObject\",\"inLanguage\":\"zh\",\"@id\":\"https:\\\/\\\/mountainguides.pro\\\/#\\\/schema\\\/logo\\\/image\\\/\",\"url\":\"https:\\\/\\\/mountainguides.pro\\\/wp-content\\\/uploads\\\/2018\\\/01\\\/mglogo.jpg\",\"contentUrl\":\"https:\\\/\\\/mountainguides.pro\\\/wp-content\\\/uploads\\\/2018\\\/01\\\/mglogo.jpg\",\"width\":1200,\"height\":630,\"caption\":\"Mountain Guide\"},\"image\":{\"@id\":\"https:\\\/\\\/mountainguides.pro\\\/#\\\/schema\\\/logo\\\/image\\\/\"},\"sameAs\":[\"https:\\\/\\\/www.facebook.com\\\/Mountainguide-232956566756831\\\/\",\"https:\\\/\\\/x.com\\\/Wintercyclone\",\"http:\\\/\\\/instagram.com\\\/mountainguide\",\"http:\\\/\\\/www.youtube.com\\\/mountainguide\"]}]}<\/script>\n<!-- \/ Yoast SEO Premium plugin. -->","yoast_head_json":{"title":"Adventure Eritrea","robots":{"index":"index","follow":"follow","max-snippet":"max-snippet:-1","max-image-preview":"max-image-preview:large","max-video-preview":"max-video-preview:-1"},"canonical":"https:\/\/mountainguides.pro\/zh\/tours\/adventure\/tour-to-eritrea-dahlak-archipelago-and-rashaida-nomads\/","og_locale":"zh_CN","og_type":"article","og_title":"[:en]Tour to Eritrea: Dahlak Archipelago and Rashaida Nomads[:de]Tour nach Eritrea: Der Archipel Dahlak und die Nomaden von Rashaid[:es]Tour a Eritrea: el archipi\u00e9lago de Dahlak y los n\u00f3madas de Rashaid[:pt]Excurs\u00e3o \u00e0 Eritreia: O arquip\u00e9lago de Dahlak e os n\u00f4mades de Rashaid[:zh]\u5384\u7acb\u7279\u91cc\u4e9a\u4e4b\u65c5\uff1a\u8fbe\u8d6b\u62c9\u514b\u7fa4\u5c9b\u548c\u62c9\u6c99\u4f0a\u8fbe\u6e38\u7267\u6c11\u65cf[:ko]\uc5d0\ub9ac\ud2b8\ub808\uc544 \ud22c\uc5b4:\ub2ec\ub77d \uad70\ub3c4\uc640 \ub77c\uc0e4\uc774\ub2e4 \uc720\ubaa9\ubbfc[:ja]\u30a8\u30ea\u30c8\u30ea\u30a2\u30c4\u30a2\u30fc\uff1a\u30c0\u30e9\u30af\u8af8\u5cf6\u3068\u30e9\u30b7\u30e3\u30a4\u30c0\u904a\u7267\u6c11[:hi]\u0907\u0930\u093f\u091f\u094d\u0930\u093f\u092f\u093e \u091f\u0942\u0930: \u0926\u0939\u0932\u093e\u0915 \u0926\u094d\u0935\u0940\u092a\u0938\u092e\u0942\u0939 \u0914\u0930 \u0930\u0936\u0940\u0926\u093e \u0916\u093e\u0928\u093e\u092c\u0926\u094b\u0936[:ar]\u062c\u0648\u0644\u0629 \u0625\u0631\u064a\u062a\u0631\u064a\u0627: \u0623\u0631\u062e\u0628\u064a\u0644 \u062f\u0647\u0644\u0643 \u0648\u0631\u0634\u064a\u062f\u0629 \u0627\u0644\u0628\u062f\u0648[:]","og_description":"\u6e38\u89c8\u963f\u65af\u9a6c\u62c9\u72ed\u7a84\u8857\u5df7\uff0c\u6b23\u8d4f\u88c5\u9970\u827a\u672f\u98ce\u683c\u5efa\u7b51\uff0c\u5e76\u53c2\u89c2\u519b\u4e8b\u88c5\u5907\u5893\u5730  \u4e86\u89e3\u62c9\u6c99\u4f0a\u8fbe\u6e38\u7267\u6c11\u65cf\uff0c\u4ed6\u4eec\u8272\u5f69\u9c9c\u8273\u7684\u4f20\u7edf\u670d\u9970\u548c\u72ec\u7279\u7684\u4e60\u4fd7  \u6c89\u6d78\u5728\u53e4\u8001\u6e2f\u53e3\u9a6c\u8428\u74e6\u7684\u6c1b\u56f4\u4e2d\uff0c\u611f\u53d7\u4e1c\u65b9\u4f20\u7edf\u4e0e\u6b96\u6c11\u5efa\u7b51\u7684\u5b8c\u7f8e\u878d\u5408  \u4e58\u8239\u524d\u5f80\u8fbe\u8d6b\u62c9\u514b\u7fa4\u5c9b\uff0c\u5728\u5fb7\u897f\u8036\u5c9b\u4f53\u9a8c\u661f\u7a7a\u4e0b\u7684\u9732\u8425\u4e4b\u591c  \u53c2\u89c2\u5384\u7acb\u7279\u91cc\u4e9a\u6700\u8457\u540d\u7684\u4fee\u9053\u9662\u4e4b\u4e00\uff0c\u5750\u843d\u5728\u6d77\u62d42450\u7c73\u9ad8\u5904\uff0c\u62e5\u6709\u4ee4\u4eba\u53f9\u4e3a\u89c2\u6b62\u7684\u666f\u8272\u548c\u60a0\u4e45\u5386\u53f2  \u8bf7\u6ce8\u610f\uff1a\u672c\u516c\u53f8\u4e0d\u63d0\u4f9b\u673a\u7968\u8d2d\u4e70\u3001\u9500\u552e\u53ca\u7b7e\u8bc1\u529e\u7406\u670d\u52a1\uff0c\u56e0\u6b64\u5bf9\u4e8e\u56e0\u822a\u73ed\u6216\u8fc7\u5883\u95ee\u9898\u6240\u4ea7\u751f\u7684\u4efb\u4f55\u4e0d\u53ef\u6297\u529b\u60c5\u51b5\u4e0d\u627f\u62c5\u8d23\u4efb\u3002 \u91cd\u8981\u4fe1\u606f\uff1a    \u9152\u5e97\u7684\u5165\u4f4f\u548c\u9000\u623f\u65f6\u95f4\u7531\u9152\u5e97\u89c4\u5b9a\uff1a\u5165\u4f4f\u65f6\u95f4\u4e3a15:00\u4e4b\u540e\uff0c\u9000\u623f\u65f6\u95f4\u4e3a11:00\u201312:00\u4e4b\u524d\u3002\u884c\u674e\u53ef\u5bc4\u5b58\u5728\u9152\u5e97\u524d\u53f0\u540e\u518d\u81ea\u7531\u6e38\u89c8\u57ce\u5e02\uff0c\u6216\u5728\u6280\u672f\u6761\u4ef6\u5141\u8bb8\u7684\u60c5\u51b5\u4e0b\u652f\u4ed8\u8d39\u7528\u63d0\u524d\u5165\u4f4f\/\u5ef6\u8fdf\u9000\u623f\u3002  \u5728\u5384\u7acb\u7279\u91cc\u4e9a\uff0c\u5151\u6362\u5c0f\u989d\u3001\u7834\u635f\u6216\u65e7\u7248\uff082009\u5e74\u4ee5\u524d\u53d1\u884c\uff09\u7f8e\u5143\u7eb8\u5e01\u53ef\u80fd\u4f1a\u9047\u5230\u56f0\u96be\uff0c\u8bf7\u52a1\u5fc5\u6ce8\u610f\u3002\u67d0\u4e9b\u5730\u65b9\u4f1a\u6536\u53d6\u989d\u5916\u624b\u7eed\u8d39\uff0c\u6709\u4e9b\u751a\u81f3\u4f1a\u76f4\u63a5\u62d2\u6536\u3002","og_url":"https:\/\/mountainguides.pro\/zh\/tours\/adventure\/tour-to-eritrea-dahlak-archipelago-and-rashaida-nomads\/","og_site_name":"Mountain Guide","article_publisher":"https:\/\/www.facebook.com\/Mountainguide-232956566756831\/","article_modified_time":"2026-01-29T08:15:22+00:00","og_image":[{"width":1800,"height":1350,"url":"https:\/\/mountainguides.pro\/wp-content\/uploads\/2025\/01\/tur-v-eritreyu.jpeg","type":"image\/jpeg"}],"twitter_card":"summary_large_image","twitter_site":"@Wintercyclone","twitter_misc":{"\u9884\u8ba1\u9605\u8bfb\u65f6\u95f4":"1 \u5206"},"schema":{"@context":"https:\/\/schema.org","@graph":[{"@type":"WebPage","@id":"https:\/\/mountainguides.pro\/ar\/tours\/adventure\/tour-to-eritrea-dahlak-archipelago-and-rashaida-nomads\/","url":"https:\/\/mountainguides.pro\/ar\/tours\/adventure\/tour-to-eritrea-dahlak-archipelago-and-rashaida-nomads\/","name":"Adventure Eritrea","isPartOf":{"@id":"https:\/\/mountainguides.pro\/#website"},"primaryImageOfPage":{"@id":"https:\/\/mountainguides.pro\/ar\/tours\/adventure\/tour-to-eritrea-dahlak-archipelago-and-rashaida-nomads\/#primaryimage"},"image":{"@id":"https:\/\/mountainguides.pro\/ar\/tours\/adventure\/tour-to-eritrea-dahlak-archipelago-and-rashaida-nomads\/#primaryimage"},"thumbnailUrl":"https:\/\/mountainguides.pro\/wp-content\/uploads\/2025\/01\/tur-v-eritreyu.jpeg","datePublished":"2025-01-08T13:50:09+00:00","dateModified":"2026-01-29T08:15:22+00:00","breadcrumb":{"@id":"https:\/\/mountainguides.pro\/ar\/tours\/adventure\/tour-to-eritrea-dahlak-archipelago-and-rashaida-nomads\/#breadcrumb"},"inLanguage":"zh","potentialAction":[{"@type":"ReadAction","target":["https:\/\/mountainguides.pro\/ar\/tours\/adventure\/tour-to-eritrea-dahlak-archipelago-and-rashaida-nomads\/"]}]},{"@type":"ImageObject","inLanguage":"zh","@id":"https:\/\/mountainguides.pro\/ar\/tours\/adventure\/tour-to-eritrea-dahlak-archipelago-and-rashaida-nomads\/#primaryimage","url":"https:\/\/mountainguides.pro\/wp-content\/uploads\/2025\/01\/tur-v-eritreyu.jpeg","contentUrl":"https:\/\/mountainguides.pro\/wp-content\/uploads\/2025\/01\/tur-v-eritreyu.jpeg","width":1800,"height":1350},{"@type":"BreadcrumbList","@id":"https:\/\/mountainguides.pro\/ar\/tours\/adventure\/tour-to-eritrea-dahlak-archipelago-and-rashaida-nomads\/#breadcrumb","itemListElement":[{"@type":"ListItem","position":1,"name":"Home","item":"https:\/\/mountainguides.pro\/de\/"},{"@type":"ListItem","position":2,"name":"\u062c\u0648\u0644\u0629 \u0625\u0631\u064a\u062a\u0631\u064a\u0627: \u0623\u0631\u062e\u0628\u064a\u0644 \u062f\u0647\u0644\u0643 \u0648\u0631\u0634\u064a\u062f\u0629 \u0627\u0644\u0628\u062f\u0648"}]},{"@type":"WebSite","@id":"https:\/\/mountainguides.pro\/#website","url":"https:\/\/mountainguides.pro\/","name":"Mountain Guide","description":"We aspire to be the first in everything!","publisher":{"@id":"https:\/\/mountainguides.pro\/#organization"},"potentialAction":[{"@type":"SearchAction","target":{"@type":"EntryPoint","urlTemplate":"https:\/\/mountainguides.pro\/?s={search_term_string}"},"query-input":{"@type":"PropertyValueSpecification","valueRequired":true,"valueName":"search_term_string"}}],"inLanguage":"zh"},{"@type":"Organization","@id":"https:\/\/mountainguides.pro\/#organization","name":"Mountain Guide","url":"https:\/\/mountainguides.pro\/","logo":{"@type":"ImageObject","inLanguage":"zh","@id":"https:\/\/mountainguides.pro\/#\/schema\/logo\/image\/","url":"https:\/\/mountainguides.pro\/wp-content\/uploads\/2018\/01\/mglogo.jpg","contentUrl":"https:\/\/mountainguides.pro\/wp-content\/uploads\/2018\/01\/mglogo.jpg","width":1200,"height":630,"caption":"Mountain Guide"},"image":{"@id":"https:\/\/mountainguides.pro\/#\/schema\/logo\/image\/"},"sameAs":["https:\/\/www.facebook.com\/Mountainguide-232956566756831\/","https:\/\/x.com\/Wintercyclone","http:\/\/instagram.com\/mountainguide","http:\/\/www.youtube.com\/mountainguide"]}]}},"_links":{"self":[{"href":"https:\/\/mountainguides.pro\/zh\/wp-json\/wp\/v2\/product\/21102","targetHints":{"allow":["GET"]}}],"collection":[{"href":"https:\/\/mountainguides.pro\/zh\/wp-json\/wp\/v2\/product"}],"about":[{"href":"https:\/\/mountainguides.pro\/zh\/wp-json\/wp\/v2\/types\/product"}],"replies":[{"embeddable":true,"href":"https:\/\/mountainguides.pro\/zh\/wp-json\/wp\/v2\/comments?post=21102"}],"version-history":[{"count":13,"href":"https:\/\/mountainguides.pro\/zh\/wp-json\/wp\/v2\/product\/21102\/revisions"}],"predecessor-version":[{"id":32661,"href":"https:\/\/mountainguides.pro\/zh\/wp-json\/wp\/v2\/product\/21102\/revisions\/32661"}],"wp:featuredmedia":[{"embeddable":true,"href":"https:\/\/mountainguides.pro\/zh\/wp-json\/wp\/v2\/media\/21454"}],"wp:attachment":[{"href":"https:\/\/mountainguides.pro\/zh\/wp-json\/wp\/v2\/media?parent=21102"}],"wp:term":[{"taxonomy":"product_cat","embeddable":true,"href":"https:\/\/mountainguides.pro\/zh\/wp-json\/wp\/v2\/product_cat?post=21102"},{"taxonomy":"product_tag","embeddable":true,"href":"https:\/\/mountainguides.pro\/zh\/wp-json\/wp\/v2\/product_tag?post=21102"}],"curies":[{"name":"wp","href":"https:\/\/api.w.org\/{rel}","templated":true}]}}