{"id":21109,"date":"2025-01-08T16:50:30","date_gmt":"2025-01-08T13:50:30","guid":{"rendered":"https:\/\/mountainguides.pro\/?post_type=product&#038;p=21109"},"modified":"2026-01-29T10:24:46","modified_gmt":"2026-01-29T07:24:46","slug":"amazon-tour-panama-ecuador-peru-colombia-brazil","status":"publish","type":"product","link":"https:\/\/mountainguides.pro\/zh\/tours\/adventure\/amazon-tour-panama-ecuador-peru-colombia-brazil\/","title":{"rendered":"\u4e9a\u9a6c\u900a\u4e4b\u65c5\uff1a\u5df4\u62ff\u9a6c\u3001\u5384\u74dc\u591a\u5c14\u3001\u79d8\u9c81\u3001\u54e5\u4f26\u6bd4\u4e9a\u3001\u5df4\u897f"},"content":{"rendered":"","protected":false},"excerpt":{"rendered":"<ul>\n<li class=\"p1\">\u4e00\u6b21\u65c5\u7a0b\u6e38\u89c8\u4e2d\u7f8e\u6d32\u548c\u5357\u7f8e\u6d32\u4e94\u4e2a\u56fd\u5bb6\uff1a\u5df4\u62ff\u9a6c\u3001\u5384\u74dc\u591a\u5c14\u3001\u79d8\u9c81\u3001\u54e5\u4f26\u6bd4\u4e9a\u3001\u5df4\u897f<\/li>\n<li class=\"p1\">\u52a0\u52d2\u6bd4\u5929\u5802\uff1a\u5723\u5e03\u62c9\u65af\u7fa4\u5c9b\uff0c\u5728\u661f\u7a7a\u4e0b\u7684\u6d77\u5c9b\u4e4b\u591c<\/li>\n<li class=\"p1\">\u5384\u74dc\u591a\u5c14\u5e15\u5e15\u62c9\u514b\u5854\u6e29\u6cc9\u4e0e\u8c6a\u534e\u6c34\u7597\u4e2d\u5fc3<\/li>\n<li class=\"p1\">\u4e9a\u9a6c\u900a\u4e4b\u65c5\uff1a\u51ef\u95e8\u9cc4\u3001\u53e4\u8001\u90e8\u843d\u3001\u98df\u4eba\u9c7c\u5782\u9493\u3001\u91d1\u521a\u9e66\u9e49\u3001\u8428\u6ee1\u4eea\u5f0f\u4e0e\u5f53\u5730\u7f8e\u98df<\/li>\n<li class=\"p1\">\u5386\u53f2\u610f\u4e49\u91cd\u5927\u7684\u57ce\u5e02\uff1a\u79d8\u9c81\u7684\u4f0a\u57fa\u6258\u65af\u3001\u54e5\u4f26\u6bd4\u4e9a\u7684\u83b1\u8482\u897f\u4e9a\u548c\u5df4\u897f\u7684\u9a6c\u7459\u65af<\/li>\n<\/ul>\n<p class=\"p1\"><strong>*\u8bf7\u6ce8\u610f\uff0c\u6211\u4eec\u516c\u53f8\u4e0d\u63d0\u4f9b\u673a\u7968\u8d2d\u4e70\u3001\u9500\u552e\u4ee5\u53ca\u7b7e\u8bc1\u529e\u7406\u670d\u52a1\uff0c\u56e0\u6b64\u5bf9\u4e8e\u56e0\u822a\u73ed\u5ef6\u8bef\u3001\u53d6\u6d88\u6216\u8fc7\u5883\u95ee\u9898\u7b49\u4e0d\u53ef\u6297\u529b\u56e0\u7d20\u6240\u5bfc\u81f4\u7684\u4efb\u4f55\u540e\u679c\u4e0d\u627f\u62c5\u8d23\u4efb\u3002<\/strong><\/p>\n<p class=\"p1\"><strong>\u91cd\u8981\u4fe1\u606f\uff1a<\/strong><\/p>\n<ul>\n<li class=\"p1\">\u9152\u5e97\u7684\u5165\u4f4f\u548c\u9000\u623f\u65f6\u95f4\u7531\u9152\u5e97\u89c4\u5b9a\uff1a\u5165\u4f4f\u65f6\u95f4\u4ece15:00\u5f00\u59cb\uff0c\u9000\u623f\u65f6\u95f4\u4e3a11:00\u201312:00\u3002\u60a8\u53ef\u4ee5\u5c06\u884c\u674e\u5bc4\u5b58\u5728\u9152\u5e97\u524d\u53f0\u540e\u81ea\u7531\u6e38\u89c8\u57ce\u5e02\uff0c\u6216\u8005\u5728\u6280\u672f\u6761\u4ef6\u5141\u8bb8\u7684\u60c5\u51b5\u4e0b\uff0c\u652f\u4ed8\u989d\u5916\u8d39\u7528\u4ee5\u63d0\u524d\u5165\u4f4f\u6216\u5ef6\u8fdf\u9000\u623f\u3002<\/li>\n<li class=\"p1\">\u65c5\u884c\u5177\u6709\u63a2\u9669\u6027\u8d28\uff1a\u5305\u62ec\u4e0e\u5f53\u5730\u90e8\u843d\u548c\u793e\u533a\u7684\u4e92\u52a8\uff0c\u5e76\u5728\u4e00\u5b9a\u7a0b\u5ea6\u4e0a\u53d6\u51b3\u4e8e\u5929\u6c14\u72b6\u51b5\u3002\u6211\u4eec\u5c06\u5c3d\u6700\u5927\u52aa\u529b\u9075\u5b88\u65e2\u5b9a\u884c\u7a0b\uff0c\u4f46\u5728\u53d7\u4e0d\u53ef\u63a7\u56e0\u7d20\u5f71\u54cd\u7684\u60c5\u51b5\u4e0b\uff0c\u6211\u4eec\u4fdd\u7559\u5bf9\u884c\u7a0b\u8fdb\u884c\u8c03\u6574\u7684\u6743\u5229\u3002<\/li>\n<\/ul>\n","protected":false},"featured_media":0,"comment_status":"closed","ping_status":"closed","template":"","meta":{"_acf_changed":false,"footnotes":""},"product_cat":[337],"product_tag":[],"class_list":{"0":"post-21109","1":"product","2":"type-product","3":"status-publish","5":"product_cat-adventure","7":"first","8":"instock","9":"shipping-taxable","10":"product-type-simple"},"acf":[],"yoast_head":"<!-- This site is optimized with the Yoast SEO Premium plugin v26.5 (Yoast SEO v27.4) - https:\/\/yoast.com\/product\/yoast-seo-premium-wordpress\/ -->\n<title>Adventure Amazon Panama Ecuador Peru<\/title>\n<meta name=\"robots\" content=\"index, follow, max-snippet:-1, max-image-preview:large, max-video-preview:-1\" \/>\n<link rel=\"canonical\" href=\"https:\/\/mountainguides.pro\/zh\/tours\/adventure\/amazon-tour-panama-ecuador-peru-colombia-brazil\/\" \/>\n<meta property=\"og:locale\" content=\"zh_CN\" \/>\n<meta property=\"og:locale:alternate\" content=\"en_US\" \/>\n<meta property=\"og:locale:alternate\" content=\"ru_RU\" \/>\n<meta property=\"og:locale:alternate\" content=\"de\" \/>\n<meta property=\"og:locale:alternate\" content=\"es\" \/>\n<meta property=\"og:locale:alternate\" content=\"pt\" \/>\n<meta property=\"og:locale:alternate\" content=\"ko\" \/>\n<meta property=\"og:locale:alternate\" content=\"ja\" \/>\n<meta property=\"og:locale:alternate\" content=\"hi\" \/>\n<meta property=\"og:locale:alternate\" content=\"ar\" \/>\n<meta property=\"og:type\" content=\"article\" \/>\n<meta property=\"og:title\" content=\"\u4e9a\u9a6c\u900a\u4e4b\u65c5\uff1a\u5df4\u62ff\u9a6c\u3001\u5384\u74dc\u591a\u5c14\u3001\u79d8\u9c81\u3001\u54e5\u4f26\u6bd4\u4e9a\u3001\u5df4\u897f\" \/>\n<meta property=\"og:description\" content=\"\u4e00\u6b21\u65c5\u7a0b\u6e38\u89c8\u4e2d\u7f8e\u6d32\u548c\u5357\u7f8e\u6d32\u4e94\u4e2a\u56fd\u5bb6\uff1a\u5df4\u62ff\u9a6c\u3001\u5384\u74dc\u591a\u5c14\u3001\u79d8\u9c81\u3001\u54e5\u4f26\u6bd4\u4e9a\u3001\u5df4\u897f  \u52a0\u52d2\u6bd4\u5929\u5802\uff1a\u5723\u5e03\u62c9\u65af\u7fa4\u5c9b\uff0c\u5728\u661f\u7a7a\u4e0b\u7684\u6d77\u5c9b\u4e4b\u591c  \u5384\u74dc\u591a\u5c14\u5e15\u5e15\u62c9\u514b\u5854\u6e29\u6cc9\u4e0e\u8c6a\u534e\u6c34\u7597\u4e2d\u5fc3  \u4e9a\u9a6c\u900a\u4e4b\u65c5\uff1a\u51ef\u95e8\u9cc4\u3001\u53e4\u8001\u90e8\u843d\u3001\u98df\u4eba\u9c7c\u5782\u9493\u3001\u91d1\u521a\u9e66\u9e49\u3001\u8428\u6ee1\u4eea\u5f0f\u4e0e\u5f53\u5730\u7f8e\u98df  \u5386\u53f2\u610f\u4e49\u91cd\u5927\u7684\u57ce\u5e02\uff1a\u79d8\u9c81\u7684\u4f0a\u57fa\u6258\u65af\u3001\u54e5\u4f26\u6bd4\u4e9a\u7684\u83b1\u8482\u897f\u4e9a\u548c\u5df4\u897f\u7684\u9a6c\u7459\u65af  *\u8bf7\u6ce8\u610f\uff0c\u6211\u4eec\u516c\u53f8\u4e0d\u63d0\u4f9b\u673a\u7968\u8d2d\u4e70\u3001\u9500\u552e\u4ee5\u53ca\u7b7e\u8bc1\u529e\u7406\u670d\u52a1\uff0c\u56e0\u6b64\u5bf9\u4e8e\u56e0\u822a\u73ed\u5ef6\u8bef\u3001\u53d6\u6d88\u6216\u8fc7\u5883\u95ee\u9898\u7b49\u4e0d\u53ef\u6297\u529b\u56e0\u7d20\u6240\u5bfc\u81f4\u7684\u4efb\u4f55\u540e\u679c\u4e0d\u627f\u62c5\u8d23\u4efb\u3002 \u91cd\u8981\u4fe1\u606f\uff1a    \u9152\u5e97\u7684\u5165\u4f4f\u548c\u9000\u623f\u65f6\u95f4\u7531\u9152\u5e97\u89c4\u5b9a\uff1a\u5165\u4f4f\u65f6\u95f4\u4ece15:00\u5f00\u59cb\uff0c\u9000\u623f\u65f6\u95f4\u4e3a11:00\u201312:00\u3002\u60a8\u53ef\u4ee5\u5c06\u884c\u674e\u5bc4\u5b58\u5728\u9152\u5e97\u524d\u53f0\u540e\u81ea\u7531\u6e38\u89c8\u57ce\u5e02\uff0c\u6216\u8005\u5728\u6280\u672f\u6761\u4ef6\u5141\u8bb8\u7684\u60c5\u51b5\u4e0b\uff0c\u652f\u4ed8\u989d\u5916\u8d39\u7528\u4ee5\u63d0\u524d\u5165\u4f4f\u6216\u5ef6\u8fdf\u9000\u623f\u3002  \u65c5\u884c\u5177\u6709\u63a2\u9669\u6027\u8d28\uff1a\u5305\u62ec\u4e0e\u5f53\u5730\u90e8\u843d\u548c\u793e\u533a\u7684\u4e92\u52a8\uff0c\u5e76\u5728\u4e00\u5b9a\u7a0b\u5ea6\u4e0a\u53d6\u51b3\u4e8e\u5929\u6c14\u72b6\u51b5\u3002\u6211\u4eec\u5c06\u5c3d\u6700\u5927\u52aa\u529b\u9075\u5b88\u65e2\u5b9a\u884c\u7a0b\uff0c\u4f46\u5728\u53d7\u4e0d\u53ef\u63a7\u56e0\u7d20\u5f71\u54cd\u7684\u60c5\u51b5\u4e0b\uff0c\u6211\u4eec\u4fdd\u7559\u5bf9\u884c\u7a0b\u8fdb\u884c\u8c03\u6574\u7684\u6743\u5229\u3002\" \/>\n<meta property=\"og:url\" content=\"https:\/\/mountainguides.pro\/zh\/tours\/adventure\/amazon-tour-panama-ecuador-peru-colombia-brazil\/\" \/>\n<meta property=\"og:site_name\" content=\"Mountain Guide\" \/>\n<meta property=\"article:publisher\" content=\"https:\/\/www.facebook.com\/Mountainguide-232956566756831\/\" \/>\n<meta property=\"article:modified_time\" content=\"2026-01-29T07:24:46+00:00\" \/>\n<meta property=\"og:image\" content=\"https:\/\/mountainguides.pro\/wp-content\/uploads\/2018\/01\/mglogo.jpg\" \/>\n\t<meta property=\"og:image:width\" content=\"1200\" \/>\n\t<meta property=\"og:image:height\" content=\"630\" \/>\n\t<meta property=\"og:image:type\" content=\"image\/jpeg\" \/>\n<meta name=\"twitter:card\" content=\"summary_large_image\" \/>\n<meta name=\"twitter:site\" content=\"@Wintercyclone\" \/>\n<script type=\"application\/ld+json\" class=\"yoast-schema-graph\">{\"@context\":\"https:\\\/\\\/schema.org\",\"@graph\":[{\"@type\":\"WebPage\",\"@id\":\"https:\\\/\\\/mountainguides.pro\\\/ar\\\/tours\\\/adventure\\\/amazon-tour-panama-ecuador-peru-colombia-brazil\\\/\",\"url\":\"https:\\\/\\\/mountainguides.pro\\\/ar\\\/tours\\\/adventure\\\/amazon-tour-panama-ecuador-peru-colombia-brazil\\\/\",\"name\":\"Adventure Amazon Panama Ecuador Peru\",\"isPartOf\":{\"@id\":\"https:\\\/\\\/mountainguides.pro\\\/#website\"},\"datePublished\":\"2025-01-08T13:50:30+00:00\",\"dateModified\":\"2026-01-29T07:24:46+00:00\",\"breadcrumb\":{\"@id\":\"https:\\\/\\\/mountainguides.pro\\\/ar\\\/tours\\\/adventure\\\/amazon-tour-panama-ecuador-peru-colombia-brazil\\\/#breadcrumb\"},\"inLanguage\":\"zh\",\"potentialAction\":[{\"@type\":\"ReadAction\",\"target\":[\"https:\\\/\\\/mountainguides.pro\\\/ar\\\/tours\\\/adventure\\\/amazon-tour-panama-ecuador-peru-colombia-brazil\\\/\"]}]},{\"@type\":\"BreadcrumbList\",\"@id\":\"https:\\\/\\\/mountainguides.pro\\\/ar\\\/tours\\\/adventure\\\/amazon-tour-panama-ecuador-peru-colombia-brazil\\\/#breadcrumb\",\"itemListElement\":[{\"@type\":\"ListItem\",\"position\":1,\"name\":\"Home\",\"item\":\"https:\\\/\\\/mountainguides.pro\\\/de\\\/\"},{\"@type\":\"ListItem\",\"position\":2,\"name\":\"\u062c\u0648\u0644\u0629 \u0627\u0644\u0623\u0645\u0627\u0632\u0648\u0646: \u0628\u0646\u0645\u0627 \u060c \u0627\u0644\u0625\u0643\u0648\u0627\u062f\u0648\u0631 \u060c \u0628\u064a\u0631\u0648 \u060c \u0643\u0648\u0644\u0648\u0645\u0628\u064a\u0627 \u060c \u0627\u0644\u0628\u0631\u0627\u0632\u064a\u0644\"}]},{\"@type\":\"WebSite\",\"@id\":\"https:\\\/\\\/mountainguides.pro\\\/#website\",\"url\":\"https:\\\/\\\/mountainguides.pro\\\/\",\"name\":\"Mountain Guide\",\"description\":\"We aspire to be the first in everything!\",\"publisher\":{\"@id\":\"https:\\\/\\\/mountainguides.pro\\\/#organization\"},\"potentialAction\":[{\"@type\":\"SearchAction\",\"target\":{\"@type\":\"EntryPoint\",\"urlTemplate\":\"https:\\\/\\\/mountainguides.pro\\\/?s={search_term_string}\"},\"query-input\":{\"@type\":\"PropertyValueSpecification\",\"valueRequired\":true,\"valueName\":\"search_term_string\"}}],\"inLanguage\":\"zh\"},{\"@type\":\"Organization\",\"@id\":\"https:\\\/\\\/mountainguides.pro\\\/#organization\",\"name\":\"Mountain Guide\",\"url\":\"https:\\\/\\\/mountainguides.pro\\\/\",\"logo\":{\"@type\":\"ImageObject\",\"inLanguage\":\"zh\",\"@id\":\"https:\\\/\\\/mountainguides.pro\\\/#\\\/schema\\\/logo\\\/image\\\/\",\"url\":\"https:\\\/\\\/mountainguides.pro\\\/wp-content\\\/uploads\\\/2018\\\/01\\\/mglogo.jpg\",\"contentUrl\":\"https:\\\/\\\/mountainguides.pro\\\/wp-content\\\/uploads\\\/2018\\\/01\\\/mglogo.jpg\",\"width\":1200,\"height\":630,\"caption\":\"Mountain Guide\"},\"image\":{\"@id\":\"https:\\\/\\\/mountainguides.pro\\\/#\\\/schema\\\/logo\\\/image\\\/\"},\"sameAs\":[\"https:\\\/\\\/www.facebook.com\\\/Mountainguide-232956566756831\\\/\",\"https:\\\/\\\/x.com\\\/Wintercyclone\",\"http:\\\/\\\/instagram.com\\\/mountainguide\",\"http:\\\/\\\/www.youtube.com\\\/mountainguide\"]}]}<\/script>\n<!-- \/ Yoast SEO Premium plugin. -->","yoast_head_json":{"title":"Adventure Amazon Panama Ecuador Peru","robots":{"index":"index","follow":"follow","max-snippet":"max-snippet:-1","max-image-preview":"max-image-preview:large","max-video-preview":"max-video-preview:-1"},"canonical":"https:\/\/mountainguides.pro\/zh\/tours\/adventure\/amazon-tour-panama-ecuador-peru-colombia-brazil\/","og_locale":"zh_CN","og_type":"article","og_title":"[:en]Amazon Tour: Panama, Ecuador, Peru, Colombia, Brazil[:de]Tour zum Amazonas: Panama, Ecuador, Peru, Kolumbien, Brasilien[:es]Viaje al Amazonas: Panam\u00e1, Ecuador, Per\u00fa, Colombia, Brasil[:pt]Tour pela Amaz\u00f4nia: Panam\u00e1, Equador, Peru, col\u00f4mbia, brasil[:zh]\u4e9a\u9a6c\u900a\u4e4b\u65c5\uff1a\u5df4\u62ff\u9a6c\u3001\u5384\u74dc\u591a\u5c14\u3001\u79d8\u9c81\u3001\u54e5\u4f26\u6bd4\u4e9a\u3001\u5df4\u897f[:ko]\uc544\ub9c8\uc874 \ud22c\uc5b4:\ud30c\ub098\ub9c8,\uc5d0\ucf70\ub3c4\ub974,\ud398\ub8e8,\ucf5c\ub86c\ube44\uc544,\ube0c\ub77c\uc9c8[:ja]\u30a2\u30de\u30be\u30f3\u30c4\u30a2\u30fc\uff1a\u30d1\u30ca\u30de\u3001\u30a8\u30af\u30a2\u30c9\u30eb\u3001\u30da\u30eb\u30fc\u3001\u30b3\u30ed\u30f3\u30d3\u30a2\u3001\u30d6\u30e9\u30b8\u30eb[:hi]\u0905\u092e\u0947\u091c\u093c\u0945\u0928 \u091f\u0942\u0930: \u092a\u0928\u093e\u092e\u093e, \u0907\u0915\u094d\u0935\u093e\u0921\u094b\u0930, \u092a\u0947\u0930\u0942, \u0915\u094b\u0932\u0902\u092c\u093f\u092f\u093e, \u092c\u094d\u0930\u093e\u091c\u0940\u0932[:ar]\u062c\u0648\u0644\u0629 \u0627\u0644\u0623\u0645\u0627\u0632\u0648\u0646: \u0628\u0646\u0645\u0627 \u060c \u0627\u0644\u0625\u0643\u0648\u0627\u062f\u0648\u0631 \u060c \u0628\u064a\u0631\u0648 \u060c \u0643\u0648\u0644\u0648\u0645\u0628\u064a\u0627 \u060c \u0627\u0644\u0628\u0631\u0627\u0632\u064a\u0644[:]","og_description":"\u4e00\u6b21\u65c5\u7a0b\u6e38\u89c8\u4e2d\u7f8e\u6d32\u548c\u5357\u7f8e\u6d32\u4e94\u4e2a\u56fd\u5bb6\uff1a\u5df4\u62ff\u9a6c\u3001\u5384\u74dc\u591a\u5c14\u3001\u79d8\u9c81\u3001\u54e5\u4f26\u6bd4\u4e9a\u3001\u5df4\u897f  \u52a0\u52d2\u6bd4\u5929\u5802\uff1a\u5723\u5e03\u62c9\u65af\u7fa4\u5c9b\uff0c\u5728\u661f\u7a7a\u4e0b\u7684\u6d77\u5c9b\u4e4b\u591c  \u5384\u74dc\u591a\u5c14\u5e15\u5e15\u62c9\u514b\u5854\u6e29\u6cc9\u4e0e\u8c6a\u534e\u6c34\u7597\u4e2d\u5fc3  \u4e9a\u9a6c\u900a\u4e4b\u65c5\uff1a\u51ef\u95e8\u9cc4\u3001\u53e4\u8001\u90e8\u843d\u3001\u98df\u4eba\u9c7c\u5782\u9493\u3001\u91d1\u521a\u9e66\u9e49\u3001\u8428\u6ee1\u4eea\u5f0f\u4e0e\u5f53\u5730\u7f8e\u98df  \u5386\u53f2\u610f\u4e49\u91cd\u5927\u7684\u57ce\u5e02\uff1a\u79d8\u9c81\u7684\u4f0a\u57fa\u6258\u65af\u3001\u54e5\u4f26\u6bd4\u4e9a\u7684\u83b1\u8482\u897f\u4e9a\u548c\u5df4\u897f\u7684\u9a6c\u7459\u65af  *\u8bf7\u6ce8\u610f\uff0c\u6211\u4eec\u516c\u53f8\u4e0d\u63d0\u4f9b\u673a\u7968\u8d2d\u4e70\u3001\u9500\u552e\u4ee5\u53ca\u7b7e\u8bc1\u529e\u7406\u670d\u52a1\uff0c\u56e0\u6b64\u5bf9\u4e8e\u56e0\u822a\u73ed\u5ef6\u8bef\u3001\u53d6\u6d88\u6216\u8fc7\u5883\u95ee\u9898\u7b49\u4e0d\u53ef\u6297\u529b\u56e0\u7d20\u6240\u5bfc\u81f4\u7684\u4efb\u4f55\u540e\u679c\u4e0d\u627f\u62c5\u8d23\u4efb\u3002 \u91cd\u8981\u4fe1\u606f\uff1a    \u9152\u5e97\u7684\u5165\u4f4f\u548c\u9000\u623f\u65f6\u95f4\u7531\u9152\u5e97\u89c4\u5b9a\uff1a\u5165\u4f4f\u65f6\u95f4\u4ece15:00\u5f00\u59cb\uff0c\u9000\u623f\u65f6\u95f4\u4e3a11:00\u201312:00\u3002\u60a8\u53ef\u4ee5\u5c06\u884c\u674e\u5bc4\u5b58\u5728\u9152\u5e97\u524d\u53f0\u540e\u81ea\u7531\u6e38\u89c8\u57ce\u5e02\uff0c\u6216\u8005\u5728\u6280\u672f\u6761\u4ef6\u5141\u8bb8\u7684\u60c5\u51b5\u4e0b\uff0c\u652f\u4ed8\u989d\u5916\u8d39\u7528\u4ee5\u63d0\u524d\u5165\u4f4f\u6216\u5ef6\u8fdf\u9000\u623f\u3002  \u65c5\u884c\u5177\u6709\u63a2\u9669\u6027\u8d28\uff1a\u5305\u62ec\u4e0e\u5f53\u5730\u90e8\u843d\u548c\u793e\u533a\u7684\u4e92\u52a8\uff0c\u5e76\u5728\u4e00\u5b9a\u7a0b\u5ea6\u4e0a\u53d6\u51b3\u4e8e\u5929\u6c14\u72b6\u51b5\u3002\u6211\u4eec\u5c06\u5c3d\u6700\u5927\u52aa\u529b\u9075\u5b88\u65e2\u5b9a\u884c\u7a0b\uff0c\u4f46\u5728\u53d7\u4e0d\u53ef\u63a7\u56e0\u7d20\u5f71\u54cd\u7684\u60c5\u51b5\u4e0b\uff0c\u6211\u4eec\u4fdd\u7559\u5bf9\u884c\u7a0b\u8fdb\u884c\u8c03\u6574\u7684\u6743\u5229\u3002","og_url":"https:\/\/mountainguides.pro\/zh\/tours\/adventure\/amazon-tour-panama-ecuador-peru-colombia-brazil\/","og_site_name":"Mountain Guide","article_publisher":"https:\/\/www.facebook.com\/Mountainguide-232956566756831\/","article_modified_time":"2026-01-29T07:24:46+00:00","og_image":[{"width":1200,"height":630,"url":"https:\/\/mountainguides.pro\/wp-content\/uploads\/2018\/01\/mglogo.jpg","type":"image\/jpeg"}],"twitter_card":"summary_large_image","twitter_site":"@Wintercyclone","schema":{"@context":"https:\/\/schema.org","@graph":[{"@type":"WebPage","@id":"https:\/\/mountainguides.pro\/ar\/tours\/adventure\/amazon-tour-panama-ecuador-peru-colombia-brazil\/","url":"https:\/\/mountainguides.pro\/ar\/tours\/adventure\/amazon-tour-panama-ecuador-peru-colombia-brazil\/","name":"Adventure Amazon Panama Ecuador Peru","isPartOf":{"@id":"https:\/\/mountainguides.pro\/#website"},"datePublished":"2025-01-08T13:50:30+00:00","dateModified":"2026-01-29T07:24:46+00:00","breadcrumb":{"@id":"https:\/\/mountainguides.pro\/ar\/tours\/adventure\/amazon-tour-panama-ecuador-peru-colombia-brazil\/#breadcrumb"},"inLanguage":"zh","potentialAction":[{"@type":"ReadAction","target":["https:\/\/mountainguides.pro\/ar\/tours\/adventure\/amazon-tour-panama-ecuador-peru-colombia-brazil\/"]}]},{"@type":"BreadcrumbList","@id":"https:\/\/mountainguides.pro\/ar\/tours\/adventure\/amazon-tour-panama-ecuador-peru-colombia-brazil\/#breadcrumb","itemListElement":[{"@type":"ListItem","position":1,"name":"Home","item":"https:\/\/mountainguides.pro\/de\/"},{"@type":"ListItem","position":2,"name":"\u062c\u0648\u0644\u0629 \u0627\u0644\u0623\u0645\u0627\u0632\u0648\u0646: \u0628\u0646\u0645\u0627 \u060c \u0627\u0644\u0625\u0643\u0648\u0627\u062f\u0648\u0631 \u060c \u0628\u064a\u0631\u0648 \u060c \u0643\u0648\u0644\u0648\u0645\u0628\u064a\u0627 \u060c \u0627\u0644\u0628\u0631\u0627\u0632\u064a\u0644"}]},{"@type":"WebSite","@id":"https:\/\/mountainguides.pro\/#website","url":"https:\/\/mountainguides.pro\/","name":"Mountain Guide","description":"We aspire to be the first in everything!","publisher":{"@id":"https:\/\/mountainguides.pro\/#organization"},"potentialAction":[{"@type":"SearchAction","target":{"@type":"EntryPoint","urlTemplate":"https:\/\/mountainguides.pro\/?s={search_term_string}"},"query-input":{"@type":"PropertyValueSpecification","valueRequired":true,"valueName":"search_term_string"}}],"inLanguage":"zh"},{"@type":"Organization","@id":"https:\/\/mountainguides.pro\/#organization","name":"Mountain Guide","url":"https:\/\/mountainguides.pro\/","logo":{"@type":"ImageObject","inLanguage":"zh","@id":"https:\/\/mountainguides.pro\/#\/schema\/logo\/image\/","url":"https:\/\/mountainguides.pro\/wp-content\/uploads\/2018\/01\/mglogo.jpg","contentUrl":"https:\/\/mountainguides.pro\/wp-content\/uploads\/2018\/01\/mglogo.jpg","width":1200,"height":630,"caption":"Mountain Guide"},"image":{"@id":"https:\/\/mountainguides.pro\/#\/schema\/logo\/image\/"},"sameAs":["https:\/\/www.facebook.com\/Mountainguide-232956566756831\/","https:\/\/x.com\/Wintercyclone","http:\/\/instagram.com\/mountainguide","http:\/\/www.youtube.com\/mountainguide"]}]}},"_links":{"self":[{"href":"https:\/\/mountainguides.pro\/zh\/wp-json\/wp\/v2\/product\/21109","targetHints":{"allow":["GET"]}}],"collection":[{"href":"https:\/\/mountainguides.pro\/zh\/wp-json\/wp\/v2\/product"}],"about":[{"href":"https:\/\/mountainguides.pro\/zh\/wp-json\/wp\/v2\/types\/product"}],"replies":[{"embeddable":true,"href":"https:\/\/mountainguides.pro\/zh\/wp-json\/wp\/v2\/comments?post=21109"}],"version-history":[{"count":11,"href":"https:\/\/mountainguides.pro\/zh\/wp-json\/wp\/v2\/product\/21109\/revisions"}],"predecessor-version":[{"id":32655,"href":"https:\/\/mountainguides.pro\/zh\/wp-json\/wp\/v2\/product\/21109\/revisions\/32655"}],"wp:attachment":[{"href":"https:\/\/mountainguides.pro\/zh\/wp-json\/wp\/v2\/media?parent=21109"}],"wp:term":[{"taxonomy":"product_cat","embeddable":true,"href":"https:\/\/mountainguides.pro\/zh\/wp-json\/wp\/v2\/product_cat?post=21109"},{"taxonomy":"product_tag","embeddable":true,"href":"https:\/\/mountainguides.pro\/zh\/wp-json\/wp\/v2\/product_tag?post=21109"}],"curies":[{"name":"wp","href":"https:\/\/api.w.org\/{rel}","templated":true}]}}